{"id":10748,"date":"2025-07-15T13:07:29","date_gmt":"2025-07-15T13:07:29","guid":{"rendered":"https:\/\/nutrition4ushop.com\/?page_id=10748"},"modified":"2025-07-31T15:51:57","modified_gmt":"2025-07-31T15:51:57","slug":"cookies-policy","status":"publish","type":"page","link":"https:\/\/nutrition4ushop.com\/pt\/cookies-policy\/","title":{"rendered":"Pol\u00edtica de Cookies"},"content":{"rendered":"<div data-elementor-type=\"wp-page\" data-elementor-id=\"10748\" class=\"elementor elementor-10748\" data-elementor-post-type=\"page\">\n\t\t\t\t<div class=\"elementor-element elementor-element-00e7f4c e-flex e-con-boxed e-con e-parent\" data-id=\"00e7f4c\" data-element_type=\"container\" data-e-type=\"container\">\n\t\t\t\t\t<div class=\"e-con-inner\">\n\t\t\t\t<div class=\"elementor-element elementor-element-f9507a0 elementor-widget elementor-widget-text-editor\" data-id=\"f9507a0\" data-element_type=\"widget\" data-e-type=\"widget\" data-widget_type=\"text-editor.default\">\n\t\t\t\t<div class=\"elementor-widget-container\">\n\t\t\t\t\t\t\t\t\t<p data-start=\"20\" data-end=\"255\">A Nutrition4u utiliza cookies para melhorar a tua experi\u00eancia de navega\u00e7\u00e3o, compreender o teu comportamento enquanto utilizador e oferecer conte\u00fados personalizados. Esta pol\u00edtica explica o que s\u00e3o cookies, que tipos usamos, para que servem e como podes geri-los.<\/p><p data-start=\"257\" data-end=\"278\"><strong data-start=\"257\" data-end=\"278\">O que s\u00e3o cookies?<\/strong><\/p><p data-start=\"280\" data-end=\"495\">Cookies s\u00e3o pequenos ficheiros de texto armazenados no teu dispositivo quando visitas um website. Estes ficheiros permitem que o site se lembre das tuas a\u00e7\u00f5es e prefer\u00eancias (como idioma, sess\u00e3o, carrinho de compras, etc.) durante um determinado per\u00edodo.<\/p><p data-start=\"497\" data-end=\"532\"><strong data-start=\"497\" data-end=\"532\">Que cookies utilizamos e para qu\u00ea?<\/strong><\/p><p data-start=\"534\" data-end=\"596\">No website da Nutrition4u utilizamos diferentes tipos de cookies:<\/p><ul data-start=\"598\" data-end=\"1355\"><li data-start=\"598\" data-end=\"785\"><p data-start=\"600\" data-end=\"785\"><strong data-start=\"600\" data-end=\"630\">Cookies estritamente necess\u00e1rios<\/strong>: essenciais para o funcionamento do site. Permitem, por exemplo, que acedas a \u00e1reas seguras, utilizes o carrinho de compras e completes a finaliza\u00e7\u00e3o da encomenda.<\/p><\/li><li data-start=\"787\" data-end=\"991\"><p data-start=\"789\" data-end=\"991\"><strong data-start=\"789\" data-end=\"812\">Cookies de desempenho<\/strong>: recolhem informa\u00e7\u00f5es sobre a forma como os visitantes utilizam o site, como as p\u00e1ginas mais visitadas e mensagens de erro. Estes dados s\u00e3o an\u00f3nimos e usados apenas para melhorar o funcionamento do site.<\/p><\/li><li data-start=\"993\" data-end=\"1153\"><p data-start=\"995\" data-end=\"1153\"><strong data-start=\"995\" data-end=\"1020\">Cookies de funcionalidade<\/strong>: permitem que o site memorize escolhas que fizeste (como o teu nome de utilizador, idioma ou regi\u00e3o), proporcionando uma experi\u00eancia mais personalizada.<\/p><\/li><li data-start=\"1155\" data-end=\"1355\"><p data-start=\"1157\" data-end=\"1355\"><strong data-start=\"1157\" data-end=\"1178\">Cookies de marketing<\/strong>: utilizados para personalizar an\u00fancios e medir a efic\u00e1cia das campanhas publicit\u00e1rias. Estes cookies podem ser definidos por terceiros, como o Google ou redes sociais, com o nosso consentimento.<\/p><\/li><\/ul><p data-start=\"1357\" data-end=\"1380\"><strong data-start=\"1357\" data-end=\"1380\">Cookies de terceiros<\/strong><\/p><p data-start=\"1382\" data-end=\"1449\">Poder\u00e1s encontrar cookies definidos por servi\u00e7os externos que utilizamos, como:<\/p><ul data-start=\"1451\" data-end=\"1546\"><li data-start=\"1451\" data-end=\"1504\"><p data-start=\"1453\" data-end=\"1504\">Google Analytics, para an\u00e1lise estat\u00edstica do tr\u00e1fego;<\/p><\/li><li data-start=\"1505\" data-end=\"1546\"><p data-start=\"1507\" data-end=\"1546\">Outras plataformas que venham a ser integradas.<\/p><\/li><\/ul><p data-start=\"1548\" data-end=\"1661\">Estes terceiros podem recolher dados fora do nosso controlo. Recomendamos a leitura das respetivas pol\u00edticas de privacidade.<\/p><p data-start=\"1663\" data-end=\"1693\"><strong data-start=\"1663\" data-end=\"1693\">Consentimento e controlo de cookies<\/strong><\/p><p data-start=\"1695\" data-end=\"1931\">Ao visitares o nosso website pela primeira vez, \u00e9-te apresentado um aviso de cookies onde podes aceitar ou recusar determinados tipos de cookies. Podes, a qualquer momento, alterar ou retirar o teu consentimento atrav\u00e9s das defini\u00e7\u00f5es de cookies dispon\u00edveis no nosso site.<\/p><p data-start=\"1933\" data-end=\"2095\">Adicionalmente, podes configurar o teu navegador para bloquear ou eliminar cookies. No entanto, ao desativares cookies essenciais, algumas funcionalidades do website poder\u00e3o deixar de funcionar corretamente.<\/p><p data-start=\"2097\" data-end=\"2117\"><strong data-start=\"2097\" data-end=\"2117\">Mais informa\u00e7\u00f5es<\/strong><\/p><p data-start=\"2119\" data-end=\"2253\" data-is-last-node=\"\" data-is-only-node=\"\">Se tiveres d\u00favidas sobre esta pol\u00edtica ou sobre o uso de cookies neste site, podes contactar-nos atrav\u00e9s do email nutrition4ushop@gmail.com. <a class=\"cursor-pointer\" rel=\"noopener\" data-start=\"2227\" data-end=\"2252\">nutrition4ushop@gmail.com<\/a>.<\/p>\t\t\t\t\t\t\t\t<\/div>\n\t\t\t\t<\/div>\n\t\t\t\t\t<\/div>\n\t\t\t\t<\/div>\n\t\t\t\t<\/div>","protected":false},"excerpt":{"rendered":"<p>Nutrition4u uses cookies to improve your browsing experience, understand your behavior as a user, and offer personalized content. This policy [&hellip;]<\/p>\n","protected":false},"author":1,"featured_media":0,"parent":0,"menu_order":0,"comment_status":"closed","ping_status":"closed","template":"","meta":{"site-sidebar-layout":"no-sidebar","site-content-layout":"","ast-site-content-layout":"full-width-container","site-content-style":"default","site-sidebar-style":"default","ast-global-header-display":"","ast-banner-title-visibility":"","ast-main-header-display":"","ast-hfb-above-header-display":"","ast-hfb-below-header-display":"","ast-hfb-mobile-header-display":"","site-post-title":"disabled","ast-breadcrumbs-content":"","ast-featured-img":"disabled","footer-sml-layout":"","theme-transparent-header-meta":"","adv-header-id-meta":"","stick-header-meta":"","header-above-stick-meta":"","header-main-stick-meta":"","header-below-stick-meta":"","astra-migrate-meta-layouts":"default","ast-page-background-enabled":"default","ast-page-background-meta":{"desktop":{"background-color":"var(--ast-global-color-4)","background-image":"","background-repeat":"repeat","background-position":"center center","background-size":"auto","background-attachment":"scroll","background-type":"","background-media":"","overlay-type":"","overlay-color":"","overlay-opacity":"","overlay-gradient":""},"tablet":{"background-color":"","background-image":"","background-repeat":"repeat","background-position":"center center","background-size":"auto","background-attachment":"scroll","background-type":"","background-media":"","overlay-type":"","overlay-color":"","overlay-opacity":"","overlay-gradient":""},"mobile":{"background-color":"","background-image":"","background-repeat":"repeat","background-position":"center center","background-size":"auto","background-attachment":"scroll","background-type":"","background-media":"","overlay-type":"","overlay-color":"","overlay-opacity":"","overlay-gradient":""}},"ast-content-background-meta":{"desktop":{"background-color":"var(--ast-global-color-5)","background-image":"","background-repeat":"repeat","background-position":"center center","background-size":"auto","background-attachment":"scroll","background-type":"","background-media":"","overlay-type":"","overlay-color":"","overlay-opacity":"","overlay-gradient":""},"tablet":{"background-color":"var(--ast-global-color-5)","background-image":"","background-repeat":"repeat","background-position":"center center","background-size":"auto","background-attachment":"scroll","background-type":"","background-media":"","overlay-type":"","overlay-color":"","overlay-opacity":"","overlay-gradient":""},"mobile":{"background-color":"var(--ast-global-color-5)","background-image":"","background-repeat":"repeat","background-position":"center center","background-size":"auto","background-attachment":"scroll","background-type":"","background-media":"","overlay-type":"","overlay-color":"","overlay-opacity":"","overlay-gradient":""}},"footnotes":""},"class_list":["post-10748","page","type-page","status-publish","hentry"],"yoast_head":"<!-- This site is optimized with the Yoast SEO Premium plugin v27.0 (Yoast SEO v27.0) - https:\/\/yoast.com\/product\/yoast-seo-premium-wordpress\/ -->\n<title>Website Cookies Policy<\/title>\n<meta name=\"description\" content=\"Learn about the types of cookies Nutrition4u uses to enhance your browsing experience, personalize content, and analyze site traffic. This policy explains how to manage your data privacy settings.\" \/>\n<meta name=\"robots\" content=\"index, follow, max-snippet:-1, max-image-preview:large, max-video-preview:-1\" \/>\n<link rel=\"canonical\" href=\"https:\/\/nutrition4ushop.com\/pt\/cookies-policy\/\" \/>\n<meta property=\"og:locale\" content=\"pt_PT\" \/>\n<meta property=\"og:type\" content=\"article\" \/>\n<meta property=\"og:title\" content=\"Cookies Policy\" \/>\n<meta property=\"og:description\" content=\"Learn about the types of cookies Nutrition4u uses to enhance your browsing experience, personalize content, and analyze site traffic. This policy explains how to manage your data privacy settings.\" \/>\n<meta property=\"og:url\" content=\"https:\/\/nutrition4ushop.com\/pt\/cookies-policy\/\" \/>\n<meta property=\"og:site_name\" content=\"Nutrition4u\" \/>\n<meta property=\"article:publisher\" content=\"https:\/\/www.facebook.com\/p\/Nutrition4u-100063511002565\" \/>\n<meta property=\"article:modified_time\" content=\"2025-07-31T15:51:57+00:00\" \/>\n<meta property=\"og:image\" content=\"https:\/\/nutrition4ushop.com\/wp-content\/uploads\/2024\/02\/WhatsApp-Image-2024-02-02-at-5.49.55-PM-1.jpeg\" \/>\n\t<meta property=\"og:image:width\" content=\"1416\" \/>\n\t<meta property=\"og:image:height\" content=\"1476\" \/>\n\t<meta property=\"og:image:type\" content=\"image\/jpeg\" \/>\n<meta name=\"twitter:card\" content=\"summary_large_image\" \/>\n<meta name=\"twitter:label1\" content=\"Tempo estimado de leitura\" \/>\n\t<meta name=\"twitter:data1\" content=\"2 minutos\" \/>\n<script type=\"application\/ld+json\" class=\"yoast-schema-graph\">{\"@context\":\"https:\/\/schema.org\",\"@graph\":[{\"@type\":\"WebPage\",\"@id\":\"https:\/\/nutrition4ushop.com\/cookies-policy\/\",\"url\":\"https:\/\/nutrition4ushop.com\/cookies-policy\/\",\"name\":\"Website Cookies Policy\",\"isPartOf\":{\"@id\":\"https:\/\/nutrition4ushop.com\/#website\"},\"datePublished\":\"2025-07-15T13:07:29+00:00\",\"dateModified\":\"2025-07-31T15:51:57+00:00\",\"description\":\"Learn about the types of cookies Nutrition4u uses to enhance your browsing experience, personalize content, and analyze site traffic. This policy explains how to manage your data privacy settings.\",\"breadcrumb\":{\"@id\":\"https:\/\/nutrition4ushop.com\/cookies-policy\/#breadcrumb\"},\"inLanguage\":\"pt-PT\",\"potentialAction\":[{\"@type\":\"ReadAction\",\"target\":[\"https:\/\/nutrition4ushop.com\/cookies-policy\/\"]}]},{\"@type\":\"BreadcrumbList\",\"@id\":\"https:\/\/nutrition4ushop.com\/cookies-policy\/#breadcrumb\",\"itemListElement\":[{\"@type\":\"ListItem\",\"position\":1,\"name\":\"Home\",\"item\":\"https:\/\/nutrition4ushop.com\/\"},{\"@type\":\"ListItem\",\"position\":2,\"name\":\"Cookies Policy\"}]},{\"@type\":\"WebSite\",\"@id\":\"https:\/\/nutrition4ushop.com\/#website\",\"url\":\"https:\/\/nutrition4ushop.com\/\",\"name\":\"Nutrition4u\",\"description\":\"\",\"publisher\":{\"@id\":\"https:\/\/nutrition4ushop.com\/#organization\"},\"potentialAction\":[{\"@type\":\"SearchAction\",\"target\":{\"@type\":\"EntryPoint\",\"urlTemplate\":\"https:\/\/nutrition4ushop.com\/?s={search_term_string}\"},\"query-input\":{\"@type\":\"PropertyValueSpecification\",\"valueRequired\":true,\"valueName\":\"search_term_string\"}}],\"inLanguage\":\"pt-PT\"},{\"@type\":[\"Organization\",\"Place\",\"SportingGoodsStore\"],\"@id\":\"https:\/\/nutrition4ushop.com\/#organization\",\"name\":\"Nutrition4u\",\"alternateName\":\"Nutrition4u\",\"url\":\"https:\/\/nutrition4ushop.com\/\",\"logo\":{\"@id\":\"https:\/\/nutrition4ushop.com\/cookies-policy\/#local-main-organization-logo\"},\"image\":{\"@id\":\"https:\/\/nutrition4ushop.com\/cookies-policy\/#local-main-organization-logo\"},\"sameAs\":[\"https:\/\/www.facebook.com\/p\/Nutrition4u-100063511002565\",\"https:\/\/www.instagram.com\/nutrition4u_by_rubengarradas\/\"],\"description\":\"Suplementos de qualidade. Suplementos e vitaminas Procell , Marvelous e muito mais. NUTRITION4U suplementos para todo o tipo de pessoas e atletas.\",\"publishingPrinciples\":\"https:\/\/nutrition4ushop.com\/about-us\/\",\"ownershipFundingInfo\":\"https:\/\/nutrition4ushop.com\/train-with-ruben-garradas\/\",\"actionableFeedbackPolicy\":\"https:\/\/nutrition4ushop.com\/cookies-policy\/\",\"ethicsPolicy\":\"https:\/\/nutrition4ushop.com\/terms-and-conditions\/\",\"address\":{\"@id\":\"https:\/\/nutrition4ushop.com\/cookies-policy\/#local-main-place-address\"},\"telephone\":[],\"openingHoursSpecification\":[]},{\"@type\":\"PostalAddress\",\"@id\":\"https:\/\/nutrition4ushop.com\/cookies-policy\/#local-main-place-address\",\"streetAddress\":\"R. 1\u00ba de Maio n\u00b035 Loja 221\",\"addressLocality\":\"Amora\",\"postalCode\":\"2845-162\",\"addressRegion\":\"Set\u00fabal\",\"addressCountry\":\"PT\"},{\"@type\":\"ImageObject\",\"inLanguage\":\"pt-PT\",\"@id\":\"https:\/\/nutrition4ushop.com\/cookies-policy\/#local-main-organization-logo\",\"url\":\"https:\/\/nutrition4ushop.com\/wp-content\/uploads\/2024\/02\/WhatsApp-Image-2024-02-02-at-5.49.55-PM-1.jpeg\",\"contentUrl\":\"https:\/\/nutrition4ushop.com\/wp-content\/uploads\/2024\/02\/WhatsApp-Image-2024-02-02-at-5.49.55-PM-1.jpeg\",\"width\":1416,\"height\":1476,\"caption\":\"Nutrition4u\"}]}<\/script>\n<meta name=\"geo.placename\" content=\"Amora\" \/>\n<meta name=\"geo.region\" content=\"Portugal\" \/>\n<!-- \/ Yoast SEO Premium plugin. -->","yoast_head_json":{"title":"Pol\u00edtica de cookies do s\u00edtio Web","description":"Conhe\u00e7a os tipos de cookies que a Nutrition4u utiliza para melhorar a sua experi\u00eancia de navega\u00e7\u00e3o, personalizar conte\u00fados e analisar o tr\u00e1fego do site. Esta pol\u00edtica explica como gerir as suas defini\u00e7\u00f5es de privacidade de dados.","robots":{"index":"index","follow":"follow","max-snippet":"max-snippet:-1","max-image-preview":"max-image-preview:large","max-video-preview":"max-video-preview:-1"},"canonical":"https:\/\/nutrition4ushop.com\/pt\/cookies-policy\/","og_locale":"pt_PT","og_type":"article","og_title":"Cookies Policy","og_description":"Learn about the types of cookies Nutrition4u uses to enhance your browsing experience, personalize content, and analyze site traffic. This policy explains how to manage your data privacy settings.","og_url":"https:\/\/nutrition4ushop.com\/pt\/cookies-policy\/","og_site_name":"Nutrition4u","article_publisher":"https:\/\/www.facebook.com\/p\/Nutrition4u-100063511002565","article_modified_time":"2025-07-31T15:51:57+00:00","og_image":[{"width":1416,"height":1476,"url":"https:\/\/nutrition4ushop.com\/wp-content\/uploads\/2024\/02\/WhatsApp-Image-2024-02-02-at-5.49.55-PM-1.jpeg","type":"image\/jpeg"}],"twitter_card":"summary_large_image","twitter_misc":{"Tempo estimado de leitura":"2 minutos"},"schema":{"@context":"https:\/\/schema.org","@graph":[{"@type":"WebPage","@id":"https:\/\/nutrition4ushop.com\/cookies-policy\/","url":"https:\/\/nutrition4ushop.com\/cookies-policy\/","name":"Pol\u00edtica de cookies do s\u00edtio Web","isPartOf":{"@id":"https:\/\/nutrition4ushop.com\/#website"},"datePublished":"2025-07-15T13:07:29+00:00","dateModified":"2025-07-31T15:51:57+00:00","description":"Conhe\u00e7a os tipos de cookies que a Nutrition4u utiliza para melhorar a sua experi\u00eancia de navega\u00e7\u00e3o, personalizar conte\u00fados e analisar o tr\u00e1fego do site. Esta pol\u00edtica explica como gerir as suas defini\u00e7\u00f5es de privacidade de dados.","breadcrumb":{"@id":"https:\/\/nutrition4ushop.com\/cookies-policy\/#breadcrumb"},"inLanguage":"pt-PT","potentialAction":[{"@type":"ReadAction","target":["https:\/\/nutrition4ushop.com\/cookies-policy\/"]}]},{"@type":"BreadcrumbList","@id":"https:\/\/nutrition4ushop.com\/cookies-policy\/#breadcrumb","itemListElement":[{"@type":"ListItem","position":1,"name":"Home","item":"https:\/\/nutrition4ushop.com\/"},{"@type":"ListItem","position":2,"name":"Cookies Policy"}]},{"@type":"WebSite","@id":"https:\/\/nutrition4ushop.com\/#website","url":"https:\/\/nutrition4ushop.com\/","name":"Nutri\u00e7\u00e3o4u","description":"","publisher":{"@id":"https:\/\/nutrition4ushop.com\/#organization"},"potentialAction":[{"@type":"SearchAction","target":{"@type":"EntryPoint","urlTemplate":"https:\/\/nutrition4ushop.com\/?s={search_term_string}"},"query-input":{"@type":"PropertyValueSpecification","valueRequired":true,"valueName":"search_term_string"}}],"inLanguage":"pt-PT"},{"@type":["Organization","Place","SportingGoodsStore"],"@id":"https:\/\/nutrition4ushop.com\/#organization","name":"Nutri\u00e7\u00e3o4u","alternateName":"Nutrition4u","url":"https:\/\/nutrition4ushop.com\/","logo":{"@id":"https:\/\/nutrition4ushop.com\/cookies-policy\/#local-main-organization-logo"},"image":{"@id":"https:\/\/nutrition4ushop.com\/cookies-policy\/#local-main-organization-logo"},"sameAs":["https:\/\/www.facebook.com\/p\/Nutrition4u-100063511002565","https:\/\/www.instagram.com\/nutrition4u_by_rubengarradas\/"],"description":"Suplementos de qualidade. Suplementos e vitaminas Procell , Marvelous e muito mais. NUTRITION4U suplementos para todo o tipo de pessoas e atletas.","publishingPrinciples":"https:\/\/nutrition4ushop.com\/about-us\/","ownershipFundingInfo":"https:\/\/nutrition4ushop.com\/train-with-ruben-garradas\/","actionableFeedbackPolicy":"https:\/\/nutrition4ushop.com\/cookies-policy\/","ethicsPolicy":"https:\/\/nutrition4ushop.com\/terms-and-conditions\/","address":{"@id":"https:\/\/nutrition4ushop.com\/cookies-policy\/#local-main-place-address"},"telephone":[],"openingHoursSpecification":[]},{"@type":"PostalAddress","@id":"https:\/\/nutrition4ushop.com\/cookies-policy\/#local-main-place-address","streetAddress":"R. 1\u00ba de Maio n\u00b035 Loja 221","addressLocality":"Amora","postalCode":"2845-162","addressRegion":"Set\u00fabal","addressCountry":"PT"},{"@type":"ImageObject","inLanguage":"pt-PT","@id":"https:\/\/nutrition4ushop.com\/cookies-policy\/#local-main-organization-logo","url":"https:\/\/nutrition4ushop.com\/wp-content\/uploads\/2024\/02\/WhatsApp-Image-2024-02-02-at-5.49.55-PM-1.jpeg","contentUrl":"https:\/\/nutrition4ushop.com\/wp-content\/uploads\/2024\/02\/WhatsApp-Image-2024-02-02-at-5.49.55-PM-1.jpeg","width":1416,"height":1476,"caption":"Nutrition4u"}]},"geo.placename":"Amora","geo.region":"Portugal"},"publishpress_future_action":{"enabled":false,"date":"2026-04-30 11:14:19","action":"change-status","newStatus":"draft","terms":[],"taxonomy":"","extraData":[]},"publishpress_future_workflow_manual_trigger":{"enabledWorkflows":[]},"_links":{"self":[{"href":"https:\/\/nutrition4ushop.com\/pt\/wp-json\/wp\/v2\/pages\/10748","targetHints":{"allow":["GET"]}}],"collection":[{"href":"https:\/\/nutrition4ushop.com\/pt\/wp-json\/wp\/v2\/pages"}],"about":[{"href":"https:\/\/nutrition4ushop.com\/pt\/wp-json\/wp\/v2\/types\/page"}],"author":[{"embeddable":true,"href":"https:\/\/nutrition4ushop.com\/pt\/wp-json\/wp\/v2\/users\/1"}],"replies":[{"embeddable":true,"href":"https:\/\/nutrition4ushop.com\/pt\/wp-json\/wp\/v2\/comments?post=10748"}],"version-history":[{"count":16,"href":"https:\/\/nutrition4ushop.com\/pt\/wp-json\/wp\/v2\/pages\/10748\/revisions"}],"predecessor-version":[{"id":10804,"href":"https:\/\/nutrition4ushop.com\/pt\/wp-json\/wp\/v2\/pages\/10748\/revisions\/10804"}],"wp:attachment":[{"href":"https:\/\/nutrition4ushop.com\/pt\/wp-json\/wp\/v2\/media?parent=10748"}],"curies":[{"name":"wp","href":"https:\/\/api.w.org\/{rel}","templated":true}]}}