{"id":2158,"date":"2020-12-25T03:21:54","date_gmt":"2020-12-25T03:21:54","guid":{"rendered":"https:\/\/demo2wpopal.b-cdn.net\/supplero\/?page_id=2158"},"modified":"2025-08-04T15:52:42","modified_gmt":"2025-08-04T15:52:42","slug":"faq","status":"publish","type":"page","link":"https:\/\/nutrition4ushop.com\/pt\/faq\/","title":{"rendered":"FAQ"},"content":{"rendered":"<div data-elementor-type=\"wp-page\" data-elementor-id=\"2158\" class=\"elementor elementor-2158\" data-elementor-post-type=\"page\">\n\t\t\t\t<div class=\"elementor-element elementor-element-668b83a6 e-flex e-con-boxed e-con e-parent\" data-id=\"668b83a6\" data-element_type=\"container\" data-e-type=\"container\" data-settings=\"{&quot;background_background&quot;:&quot;classic&quot;}\">\n\t\t\t\t\t<div class=\"e-con-inner\">\n\t\t\t\t<div class=\"elementor-element elementor-element-23e87b4f elementor-widget elementor-widget-elementskit-heading\" data-id=\"23e87b4f\" data-element_type=\"widget\" data-e-type=\"widget\" data-widget_type=\"elementskit-heading.default\">\n\t\t\t\t<div class=\"elementor-widget-container\">\n\t\t\t\t\t<div class=\"ekit-wid-con\" ><div class=\"ekit-heading elementskit-section-title-wraper center   ekit_heading_tablet-   ekit_heading_mobile-\"><h2 class=\"ekit-heading--title elementskit-section-title\">Perguntas Frequentes<\/h2><\/div><\/div>\t\t\t\t<\/div>\n\t\t\t\t<\/div>\n\t\t<div class=\"elementor-element elementor-element-4ef0d737 e-con-full e-flex e-con e-child\" data-id=\"4ef0d737\" data-element_type=\"container\" data-e-type=\"container\">\n\t\t\t\t<div class=\"elementor-element elementor-element-36708e06 elementor-widget elementor-widget-elementskit-faq\" data-id=\"36708e06\" data-element_type=\"widget\" data-e-type=\"widget\" data-widget_type=\"elementskit-faq.default\">\n\t\t\t\t<div class=\"elementor-widget-container\">\n\t\t\t\t\t<div class=\"ekit-wid-con\" >\n                <div class=\"elementskit-single-faq elementor-repeater-item-ed9d5fd\">\n            <div class=\"elementskit-faq-header\">\n                <h2 class=\"elementskit-faq-title\">Como \u00e9 que pago a encomenda? <\/h2>\n            <\/div>\n            <div class=\"elementskit-faq-body\">\n                Podes pagar a tua encomenda de forma segura no checkout, utilizando um dos m\u00e9todos de pagamento dispon\u00edveis. Assim que o pagamento for confirmado, ir\u00e1s receber uma confirma\u00e7\u00e3o da encomenda por email ou WhatsApp.            <\/div>\n        <\/div>\n                <div class=\"elementskit-single-faq elementor-repeater-item-d9d454c\">\n            <div class=\"elementskit-faq-header\">\n                <h2 class=\"elementskit-faq-title\">Como posso alterar a morada de entrega ou de fatura\u00e7\u00e3o?<\/h2>\n            <\/div>\n            <div class=\"elementskit-faq-body\">\n                Se precisares de alterar a tua morada de entrega ou de fatura\u00e7\u00e3o, por favor, contacta-nos o mais rapidamente poss\u00edvel ap\u00f3s efetuares a tua encomenda. Se a encomenda ainda n\u00e3o tiver sido processada, atualizaremos a informa\u00e7\u00e3o para ti.            <\/div>\n        <\/div>\n                <div class=\"elementskit-single-faq elementor-repeater-item-8e9c997\">\n            <div class=\"elementskit-faq-header\">\n                <h2 class=\"elementskit-faq-title\">Posso cancelar a encomenda?<\/h2>\n            <\/div>\n            <div class=\"elementskit-faq-body\">\n                Sim, podes cancelar a tua encomenda se ainda n\u00e3o tiver sido processada ou enviada. Basta contactares-nos o mais rapidamente poss\u00edvel. Depois de a encomenda estar a caminho, os cancelamentos j\u00e1 n\u00e3o s\u00e3o poss\u00edveis.            <\/div>\n        <\/div>\n                <div class=\"elementskit-single-faq elementor-repeater-item-aba3001\">\n            <div class=\"elementskit-faq-header\">\n                <h2 class=\"elementskit-faq-title\">Que formas de pagamento s\u00e3o aceites?<\/h2>\n            <\/div>\n            <div class=\"elementskit-faq-body\">\n                Aceitamos pagamentos via cart\u00e3o de cr\u00e9dito\/d\u00e9bito, MB Way e transfer\u00eancia banc\u00e1ria (se dispon\u00edvel). Todas as op\u00e7\u00f5es de pagamento s\u00e3o apresentadas no checkout.            <\/div>\n        <\/div>\n                \n    <\/div>\t\t\t\t<\/div>\n\t\t\t\t<\/div>\n\t\t\t\t<div class=\"elementor-element elementor-element-17569c72 elementor-widget elementor-widget-elementskit-faq\" data-id=\"17569c72\" data-element_type=\"widget\" data-e-type=\"widget\" data-widget_type=\"elementskit-faq.default\">\n\t\t\t\t<div class=\"elementor-widget-container\">\n\t\t\t\t\t<div class=\"ekit-wid-con\" >\n                <div class=\"elementskit-single-faq elementor-repeater-item-1e74f12\">\n            <div class=\"elementskit-faq-header\">\n                <h2 class=\"elementskit-faq-title\">Posso usar um cup\u00e3o?<\/h2>\n            <\/div>\n            <div class=\"elementskit-faq-body\">\n                Sim! Se tiveres um c\u00f3digo de cup\u00e3o v\u00e1lido, podes introduzi-lo no checkout antes de finalizares a tua compra. O desconto ser\u00e1 aplicado automaticamente ao total da tua encomenda.            <\/div>\n        <\/div>\n                <div class=\"elementskit-single-faq elementor-repeater-item-4cb0ca2\">\n            <div class=\"elementskit-faq-header\">\n                <h2 class=\"elementskit-faq-title\">Que passos segue uma encomenda normal?<\/h2>\n            <\/div>\n            <div class=\"elementskit-faq-body\">\n                Uma encomenda t\u00edpica passa pelas seguintes etapas: Encomenda efectuada, Confirma\u00e7\u00e3o, Processamento, Envio e Entrega.            <\/div>\n        <\/div>\n                <div class=\"elementskit-single-faq elementor-repeater-item-2509cee\">\n            <div class=\"elementskit-faq-header\">\n                <h2 class=\"elementskit-faq-title\">O meu artigo chegou danificado, o que \u00e9 que eu fa\u00e7o?<\/h2>\n            <\/div>\n            <div class=\"elementskit-faq-body\">\n                Lamentamos que isso tenha acontecido! Por favor, contacta-nos no prazo de 48 horas ap\u00f3s a entrega e inclui uma fotografia do artigo danificado. Resolveremos a quest\u00e3o rapidamente com uma substitui\u00e7\u00e3o, reembolso ou outra solu\u00e7\u00e3o.            <\/div>\n        <\/div>\n                <div class=\"elementskit-single-faq elementor-repeater-item-7a54df1\">\n            <div class=\"elementskit-faq-header\">\n                <h2 class=\"elementskit-faq-title\">Ser\u00e3o todos os meus artigos enviados juntos?<\/h2>\n            <\/div>\n            <div class=\"elementskit-faq-body\">\n                Sim, todos os artigos da tua encomenda ser\u00e3o enviados juntos num \u00fanico pacote sempre que poss\u00edvel. Garantimos que tudo \u00e9 preparado e enviado ao mesmo tempo para que recebas a tua encomenda completa numa \u00fanica entrega.            <\/div>\n        <\/div>\n                \n    <\/div>\t\t\t\t<\/div>\n\t\t\t\t<\/div>\n\t\t\t\t<\/div>\n\t\t\t\t\t<\/div>\n\t\t\t\t<\/div>\n\t\t\t\t<\/div>","protected":false},"excerpt":{"rendered":"<p>Frequently Asked Questions How do I pay for my order? You can pay for your order securely at checkout using [&hellip;]<\/p>\n","protected":false},"author":1,"featured_media":0,"parent":0,"menu_order":0,"comment_status":"closed","ping_status":"closed","template":"elementor_header_footer","meta":{"site-sidebar-layout":"default","site-content-layout":"","ast-site-content-layout":"default","site-content-style":"default","site-sidebar-style":"default","ast-global-header-display":"","ast-banner-title-visibility":"","ast-main-header-display":"","ast-hfb-above-header-display":"","ast-hfb-below-header-display":"","ast-hfb-mobile-header-display":"","site-post-title":"","ast-breadcrumbs-content":"","ast-featured-img":"","footer-sml-layout":"","theme-transparent-header-meta":"","adv-header-id-meta":"","stick-header-meta":"","header-above-stick-meta":"","header-main-stick-meta":"","header-below-stick-meta":"","astra-migrate-meta-layouts":"default","ast-page-background-enabled":"default","ast-page-background-meta":{"desktop":{"background-color":"var(--ast-global-color-4)","background-image":"","background-repeat":"repeat","background-position":"center center","background-size":"auto","background-attachment":"scroll","background-type":"","background-media":"","overlay-type":"","overlay-color":"","overlay-opacity":"","overlay-gradient":""},"tablet":{"background-color":"","background-image":"","background-repeat":"repeat","background-position":"center center","background-size":"auto","background-attachment":"scroll","background-type":"","background-media":"","overlay-type":"","overlay-color":"","overlay-opacity":"","overlay-gradient":""},"mobile":{"background-color":"","background-image":"","background-repeat":"repeat","background-position":"center center","background-size":"auto","background-attachment":"scroll","background-type":"","background-media":"","overlay-type":"","overlay-color":"","overlay-opacity":"","overlay-gradient":""}},"ast-content-background-meta":{"desktop":{"background-color":"var(--ast-global-color-5)","background-image":"","background-repeat":"repeat","background-position":"center center","background-size":"auto","background-attachment":"scroll","background-type":"","background-media":"","overlay-type":"","overlay-color":"","overlay-opacity":"","overlay-gradient":""},"tablet":{"background-color":"var(--ast-global-color-5)","background-image":"","background-repeat":"repeat","background-position":"center center","background-size":"auto","background-attachment":"scroll","background-type":"","background-media":"","overlay-type":"","overlay-color":"","overlay-opacity":"","overlay-gradient":""},"mobile":{"background-color":"var(--ast-global-color-5)","background-image":"","background-repeat":"repeat","background-position":"center center","background-size":"auto","background-attachment":"scroll","background-type":"","background-media":"","overlay-type":"","overlay-color":"","overlay-opacity":"","overlay-gradient":""}},"footnotes":""},"class_list":["post-2158","page","type-page","status-publish","hentry"],"yoast_head":"<!-- This site is optimized with the Yoast SEO Premium plugin v27.0 (Yoast SEO v27.0) - https:\/\/yoast.com\/product\/yoast-seo-premium-wordpress\/ -->\n<title>FAQ: Answers on Orders, Shipping &amp; Payments<\/title>\n<meta name=\"description\" content=\"Have questions about your Nutrition4u order? Find answers to frequently asked questions about payments, shipping, order cancellations, and our supplement policies. Get help here.\" \/>\n<meta name=\"robots\" content=\"index, follow, max-snippet:-1, max-image-preview:large, max-video-preview:-1\" \/>\n<link rel=\"canonical\" href=\"https:\/\/nutrition4ushop.com\/pt\/faq\/\" \/>\n<meta property=\"og:locale\" content=\"pt_PT\" \/>\n<meta property=\"og:type\" content=\"article\" \/>\n<meta property=\"og:title\" content=\"FAQ\" \/>\n<meta property=\"og:description\" content=\"Have questions about your Nutrition4u order? Find answers to frequently asked questions about payments, shipping, order cancellations, and our supplement policies. Get help here.\" \/>\n<meta property=\"og:url\" content=\"https:\/\/nutrition4ushop.com\/pt\/faq\/\" \/>\n<meta property=\"og:site_name\" content=\"Nutrition4u\" \/>\n<meta property=\"article:publisher\" content=\"https:\/\/www.facebook.com\/p\/Nutrition4u-100063511002565\" \/>\n<meta property=\"article:modified_time\" content=\"2025-08-04T15:52:42+00:00\" \/>\n<meta property=\"og:image\" content=\"https:\/\/nutrition4ushop.com\/wp-content\/uploads\/2024\/02\/WhatsApp-Image-2024-02-02-at-5.49.55-PM-1.jpeg\" \/>\n\t<meta property=\"og:image:width\" content=\"1416\" \/>\n\t<meta property=\"og:image:height\" content=\"1476\" \/>\n\t<meta property=\"og:image:type\" content=\"image\/jpeg\" \/>\n<meta name=\"twitter:card\" content=\"summary_large_image\" \/>\n<meta name=\"twitter:label1\" content=\"Tempo estimado de leitura\" \/>\n\t<meta name=\"twitter:data1\" content=\"2 minutos\" \/>\n<script type=\"application\/ld+json\" class=\"yoast-schema-graph\">{\"@context\":\"https:\/\/schema.org\",\"@graph\":[{\"@type\":\"WebPage\",\"@id\":\"https:\/\/nutrition4ushop.com\/faq\/\",\"url\":\"https:\/\/nutrition4ushop.com\/faq\/\",\"name\":\"FAQ: Answers on Orders, Shipping & Payments\",\"isPartOf\":{\"@id\":\"https:\/\/nutrition4ushop.com\/#website\"},\"datePublished\":\"2020-12-25T03:21:54+00:00\",\"dateModified\":\"2025-08-04T15:52:42+00:00\",\"description\":\"Have questions about your Nutrition4u order? Find answers to frequently asked questions about payments, shipping, order cancellations, and our supplement policies. Get help here.\",\"breadcrumb\":{\"@id\":\"https:\/\/nutrition4ushop.com\/faq\/#breadcrumb\"},\"inLanguage\":\"pt-PT\",\"potentialAction\":[{\"@type\":\"ReadAction\",\"target\":[\"https:\/\/nutrition4ushop.com\/faq\/\"]}]},{\"@type\":\"BreadcrumbList\",\"@id\":\"https:\/\/nutrition4ushop.com\/faq\/#breadcrumb\",\"itemListElement\":[{\"@type\":\"ListItem\",\"position\":1,\"name\":\"Home\",\"item\":\"https:\/\/nutrition4ushop.com\/\"},{\"@type\":\"ListItem\",\"position\":2,\"name\":\"FAQ\"}]},{\"@type\":\"WebSite\",\"@id\":\"https:\/\/nutrition4ushop.com\/#website\",\"url\":\"https:\/\/nutrition4ushop.com\/\",\"name\":\"Nutrition4u\",\"description\":\"\",\"publisher\":{\"@id\":\"https:\/\/nutrition4ushop.com\/#organization\"},\"potentialAction\":[{\"@type\":\"SearchAction\",\"target\":{\"@type\":\"EntryPoint\",\"urlTemplate\":\"https:\/\/nutrition4ushop.com\/?s={search_term_string}\"},\"query-input\":{\"@type\":\"PropertyValueSpecification\",\"valueRequired\":true,\"valueName\":\"search_term_string\"}}],\"inLanguage\":\"pt-PT\"},{\"@type\":[\"Organization\",\"Place\",\"SportingGoodsStore\"],\"@id\":\"https:\/\/nutrition4ushop.com\/#organization\",\"name\":\"Nutrition4u\",\"alternateName\":\"Nutrition4u\",\"url\":\"https:\/\/nutrition4ushop.com\/\",\"logo\":{\"@id\":\"https:\/\/nutrition4ushop.com\/faq\/#local-main-organization-logo\"},\"image\":{\"@id\":\"https:\/\/nutrition4ushop.com\/faq\/#local-main-organization-logo\"},\"sameAs\":[\"https:\/\/www.facebook.com\/p\/Nutrition4u-100063511002565\",\"https:\/\/www.instagram.com\/nutrition4u_by_rubengarradas\/\"],\"description\":\"Suplementos de qualidade. Suplementos e vitaminas Procell , Marvelous e muito mais. NUTRITION4U suplementos para todo o tipo de pessoas e atletas.\",\"publishingPrinciples\":\"https:\/\/nutrition4ushop.com\/about-us\/\",\"ownershipFundingInfo\":\"https:\/\/nutrition4ushop.com\/train-with-ruben-garradas\/\",\"actionableFeedbackPolicy\":\"https:\/\/nutrition4ushop.com\/cookies-policy\/\",\"ethicsPolicy\":\"https:\/\/nutrition4ushop.com\/terms-and-conditions\/\",\"address\":{\"@id\":\"https:\/\/nutrition4ushop.com\/faq\/#local-main-place-address\"},\"telephone\":[],\"openingHoursSpecification\":[]},{\"@type\":\"PostalAddress\",\"@id\":\"https:\/\/nutrition4ushop.com\/faq\/#local-main-place-address\",\"streetAddress\":\"R. 1\u00ba de Maio n\u00b035 Loja 221\",\"addressLocality\":\"Amora\",\"postalCode\":\"2845-162\",\"addressRegion\":\"Set\u00fabal\",\"addressCountry\":\"PT\"},{\"@type\":\"ImageObject\",\"inLanguage\":\"pt-PT\",\"@id\":\"https:\/\/nutrition4ushop.com\/faq\/#local-main-organization-logo\",\"url\":\"https:\/\/nutrition4ushop.com\/wp-content\/uploads\/2024\/02\/WhatsApp-Image-2024-02-02-at-5.49.55-PM-1.jpeg\",\"contentUrl\":\"https:\/\/nutrition4ushop.com\/wp-content\/uploads\/2024\/02\/WhatsApp-Image-2024-02-02-at-5.49.55-PM-1.jpeg\",\"width\":1416,\"height\":1476,\"caption\":\"Nutrition4u\"}]}<\/script>\n<meta name=\"geo.placename\" content=\"Amora\" \/>\n<meta name=\"geo.region\" content=\"Portugal\" \/>\n<!-- \/ Yoast SEO Premium plugin. -->","yoast_head_json":{"title":"FAQ: Respostas sobre encomendas, expedi\u00e7\u00e3o e pagamentos","description":"Tem d\u00favidas sobre a sua encomenda Nutrition4u? Encontre respostas a perguntas frequentes sobre pagamentos, envio, cancelamentos de encomendas e as nossas pol\u00edticas de suplementos. Obtenha ajuda aqui.","robots":{"index":"index","follow":"follow","max-snippet":"max-snippet:-1","max-image-preview":"max-image-preview:large","max-video-preview":"max-video-preview:-1"},"canonical":"https:\/\/nutrition4ushop.com\/pt\/faq\/","og_locale":"pt_PT","og_type":"article","og_title":"FAQ","og_description":"Have questions about your Nutrition4u order? Find answers to frequently asked questions about payments, shipping, order cancellations, and our supplement policies. Get help here.","og_url":"https:\/\/nutrition4ushop.com\/pt\/faq\/","og_site_name":"Nutrition4u","article_publisher":"https:\/\/www.facebook.com\/p\/Nutrition4u-100063511002565","article_modified_time":"2025-08-04T15:52:42+00:00","og_image":[{"width":1416,"height":1476,"url":"https:\/\/nutrition4ushop.com\/wp-content\/uploads\/2024\/02\/WhatsApp-Image-2024-02-02-at-5.49.55-PM-1.jpeg","type":"image\/jpeg"}],"twitter_card":"summary_large_image","twitter_misc":{"Tempo estimado de leitura":"2 minutos"},"schema":{"@context":"https:\/\/schema.org","@graph":[{"@type":"WebPage","@id":"https:\/\/nutrition4ushop.com\/faq\/","url":"https:\/\/nutrition4ushop.com\/faq\/","name":"FAQ: Respostas sobre encomendas, expedi\u00e7\u00e3o e pagamentos","isPartOf":{"@id":"https:\/\/nutrition4ushop.com\/#website"},"datePublished":"2020-12-25T03:21:54+00:00","dateModified":"2025-08-04T15:52:42+00:00","description":"Tem d\u00favidas sobre a sua encomenda Nutrition4u? Encontre respostas a perguntas frequentes sobre pagamentos, envio, cancelamentos de encomendas e as nossas pol\u00edticas de suplementos. Obtenha ajuda aqui.","breadcrumb":{"@id":"https:\/\/nutrition4ushop.com\/faq\/#breadcrumb"},"inLanguage":"pt-PT","potentialAction":[{"@type":"ReadAction","target":["https:\/\/nutrition4ushop.com\/faq\/"]}]},{"@type":"BreadcrumbList","@id":"https:\/\/nutrition4ushop.com\/faq\/#breadcrumb","itemListElement":[{"@type":"ListItem","position":1,"name":"Home","item":"https:\/\/nutrition4ushop.com\/"},{"@type":"ListItem","position":2,"name":"FAQ"}]},{"@type":"WebSite","@id":"https:\/\/nutrition4ushop.com\/#website","url":"https:\/\/nutrition4ushop.com\/","name":"Nutri\u00e7\u00e3o4u","description":"","publisher":{"@id":"https:\/\/nutrition4ushop.com\/#organization"},"potentialAction":[{"@type":"SearchAction","target":{"@type":"EntryPoint","urlTemplate":"https:\/\/nutrition4ushop.com\/?s={search_term_string}"},"query-input":{"@type":"PropertyValueSpecification","valueRequired":true,"valueName":"search_term_string"}}],"inLanguage":"pt-PT"},{"@type":["Organization","Place","SportingGoodsStore"],"@id":"https:\/\/nutrition4ushop.com\/#organization","name":"Nutri\u00e7\u00e3o4u","alternateName":"Nutrition4u","url":"https:\/\/nutrition4ushop.com\/","logo":{"@id":"https:\/\/nutrition4ushop.com\/faq\/#local-main-organization-logo"},"image":{"@id":"https:\/\/nutrition4ushop.com\/faq\/#local-main-organization-logo"},"sameAs":["https:\/\/www.facebook.com\/p\/Nutrition4u-100063511002565","https:\/\/www.instagram.com\/nutrition4u_by_rubengarradas\/"],"description":"Suplementos de qualidade. Suplementos e vitaminas Procell , Marvelous e muito mais. NUTRITION4U suplementos para todo o tipo de pessoas e atletas.","publishingPrinciples":"https:\/\/nutrition4ushop.com\/about-us\/","ownershipFundingInfo":"https:\/\/nutrition4ushop.com\/train-with-ruben-garradas\/","actionableFeedbackPolicy":"https:\/\/nutrition4ushop.com\/cookies-policy\/","ethicsPolicy":"https:\/\/nutrition4ushop.com\/terms-and-conditions\/","address":{"@id":"https:\/\/nutrition4ushop.com\/faq\/#local-main-place-address"},"telephone":[],"openingHoursSpecification":[]},{"@type":"PostalAddress","@id":"https:\/\/nutrition4ushop.com\/faq\/#local-main-place-address","streetAddress":"R. 1\u00ba de Maio n\u00b035 Loja 221","addressLocality":"Amora","postalCode":"2845-162","addressRegion":"Set\u00fabal","addressCountry":"PT"},{"@type":"ImageObject","inLanguage":"pt-PT","@id":"https:\/\/nutrition4ushop.com\/faq\/#local-main-organization-logo","url":"https:\/\/nutrition4ushop.com\/wp-content\/uploads\/2024\/02\/WhatsApp-Image-2024-02-02-at-5.49.55-PM-1.jpeg","contentUrl":"https:\/\/nutrition4ushop.com\/wp-content\/uploads\/2024\/02\/WhatsApp-Image-2024-02-02-at-5.49.55-PM-1.jpeg","width":1416,"height":1476,"caption":"Nutrition4u"}]},"geo.placename":"Amora","geo.region":"Portugal"},"publishpress_future_action":{"enabled":false,"date":"2026-04-30 11:18:26","action":"change-status","newStatus":"draft","terms":[],"taxonomy":"","extraData":[]},"publishpress_future_workflow_manual_trigger":{"enabledWorkflows":[]},"_links":{"self":[{"href":"https:\/\/nutrition4ushop.com\/pt\/wp-json\/wp\/v2\/pages\/2158","targetHints":{"allow":["GET"]}}],"collection":[{"href":"https:\/\/nutrition4ushop.com\/pt\/wp-json\/wp\/v2\/pages"}],"about":[{"href":"https:\/\/nutrition4ushop.com\/pt\/wp-json\/wp\/v2\/types\/page"}],"author":[{"embeddable":true,"href":"https:\/\/nutrition4ushop.com\/pt\/wp-json\/wp\/v2\/users\/1"}],"replies":[{"embeddable":true,"href":"https:\/\/nutrition4ushop.com\/pt\/wp-json\/wp\/v2\/comments?post=2158"}],"version-history":[{"count":10,"href":"https:\/\/nutrition4ushop.com\/pt\/wp-json\/wp\/v2\/pages\/2158\/revisions"}],"predecessor-version":[{"id":10194,"href":"https:\/\/nutrition4ushop.com\/pt\/wp-json\/wp\/v2\/pages\/2158\/revisions\/10194"}],"wp:attachment":[{"href":"https:\/\/nutrition4ushop.com\/pt\/wp-json\/wp\/v2\/media?parent=2158"}],"curies":[{"name":"wp","href":"https:\/\/api.w.org\/{rel}","templated":true}]}}