{"id":8094,"date":"2024-02-04T09:40:18","date_gmt":"2024-02-04T09:40:18","guid":{"rendered":"https:\/\/nutrition4ushop.com\/?page_id=8094"},"modified":"2025-08-04T15:55:31","modified_gmt":"2025-08-04T15:55:31","slug":"payment-policy","status":"publish","type":"page","link":"https:\/\/nutrition4ushop.com\/pt\/payment-policy\/","title":{"rendered":"Pol\u00edtica de pagamento"},"content":{"rendered":"<div data-elementor-type=\"wp-page\" data-elementor-id=\"8094\" class=\"elementor elementor-8094\" data-elementor-post-type=\"page\">\n\t\t\t\t<div class=\"elementor-element elementor-element-5a9ec44 e-flex e-con-boxed e-con e-parent\" data-id=\"5a9ec44\" data-element_type=\"container\" data-e-type=\"container\">\n\t\t\t\t\t<div class=\"e-con-inner\">\n\t\t\t\t<div class=\"elementor-element elementor-element-50063e3 elementor-widget elementor-widget-text-editor\" data-id=\"50063e3\" data-element_type=\"widget\" data-e-type=\"widget\" data-widget_type=\"text-editor.default\">\n\t\t\t\t<div class=\"elementor-widget-container\">\n\t\t\t\t\t\t\t\t\t<p><strong><span>POL\u00cdTICA DE PAGAMENTO<\/span><\/strong><\/p><p><strong><span>Tal\u00e3o do banco:<\/span><\/strong><span>\u00a0As compras feitas via boleto banc\u00e1rio s\u00e3o \u00e0 vista e o banco emissor do boleto ser\u00e1 o Bradesco. Portanto, o pagamento ser\u00e1 feito em uma \u00fanica parcela, no valor total da sua compra, e dever\u00e1 ocorrer at\u00e9 a data de vencimento constante na fatura. Caso o pagamento n\u00e3o seja efetuado, o pedido ser\u00e1 cancelado e o cliente receber\u00e1 um e-mail avisando.<\/span><\/p><p><span>Para agilizar o processo, lembre-se de imprimir o boleto banc\u00e1rio assim que concluir a compra. Mas se preferir, pode aceder ao mesmo mais tarde, no e-mail de confirma\u00e7\u00e3o. Ou, clique aqui para visualizar seus pedidos.<\/span><\/p><p><span>Note-se que o prazo de entrega s\u00f3 ter\u00e1 in\u00edcio ap\u00f3s esta an\u00e1lise e posterior confirma\u00e7\u00e3o do pagamento. Ser\u00e1 sempre notificado, por correio eletr\u00f3nico, de qualquer altera\u00e7\u00e3o ao fluxo de processamento da sua compra.<\/span><\/p><p><span>Refor\u00e7amos o nosso compromisso com a seguran\u00e7a dos cart\u00f5es de cr\u00e9dito na Internet, garantindo aos nossos clientes uma seguran\u00e7a total no nosso s\u00edtio Web.<\/span><\/p><p><strong><span>Cart\u00e3o de cr\u00e9dito:<\/span><\/strong><span>\u00a0Aceitamos pagamento nos cart\u00f5es de cr\u00e9dito Amex, Visa, Mastercard, Hipercard, Elo e Diners, e voc\u00ea pode parcelar em at\u00e9 6 vezes sem juros, respeitando a parcela m\u00ednima de R$50,00.<\/span><\/p><p><span>A an\u00e1lise do pagamento por cart\u00e3o de cr\u00e9dito efectuada pela loja online demora 1 a 3 dias \u00fateis, mesmo que o pagamento seja autorizado pelo administrador. Receber\u00e1 um e-mail de confirma\u00e7\u00e3o assim que o seu pagamento for aprovado.<\/span><\/p><p><strong><span>Transfer\u00eancia banc\u00e1ria (PayMee):<\/span><\/strong><span>\u00a0A op\u00e7\u00e3o de transfer\u00eancia banc\u00e1ria atende os principais bancos. Conclua a compra com a op\u00e7\u00e3o selecionada para ser direcionado para a p\u00e1gina de transfer\u00eancia. O pagamento \u00e9 liberado na hora e seus dados banc\u00e1rios n\u00e3o s\u00e3o armazenados.<\/span><\/p><p><strong><span>Pix:<\/span><\/strong><span>\u00a0O Pix \u00e9 um novo meio de pagamento instant\u00e2neo criado pelo Banco Central, que ser\u00e1 uma nova op\u00e7\u00e3o ao lado do TED, DOC e cart\u00f5es para pessoas e empresas transferirem dinheiro, fazerem ou receberem pagamentos. Com o Pix, pessoas e empresas poder\u00e3o realizar essas transa\u00e7\u00f5es em menos de 10 segundos, utilizando apenas aplicativos de celular.<\/span><\/p><p><strong><span>Ame:<\/span><\/strong><span>\u00a0Como pagar com o Ame Digital? O Ame Digital possui basicamente duas formas de pagamento: o saldo da conta Ame e o cart\u00e3o de cr\u00e9dito cadastrado no aplicativo. Ao fazer uma compra, o usu\u00e1rio pode escolher entre as duas op\u00e7\u00f5es ou at\u00e9 mesmo combin\u00e1-las.<\/span><\/p><p><strong><span>PayPal:\u00a0<\/span><\/strong><span>Para utilizar o PayPal, basta criar uma conta gratuita no sistema. O utilizador introduzir\u00e1 os dados do seu cart\u00e3o de cr\u00e9dito de marcas como Mastercard ou Visa. \u00c9 poss\u00edvel registar uma conta banc\u00e1ria para fazer compras exclusivamente em sites brasileiros. Apenas o usu\u00e1rio tem acesso \u00e0s suas pr\u00f3prias informa\u00e7\u00f5es, como n\u00fameros de cart\u00e3o de cr\u00e9dito e conta banc\u00e1ria, que n\u00e3o s\u00e3o compartilhados.<\/span><\/p><p><strong><span>PicPay:<\/span><\/strong><span>\u00a0O PicPay funciona como uma carteira eletr\u00f3nica que permite transferir valores para contactos e efetuar pagamentos em estabelecimentos credenciados (\u00e0 vista ou em presta\u00e7\u00f5es).<\/span><\/p><p><strong><span>Mercado Pago:<\/span><\/strong><span>\u00a0O Mercado Pago funciona como uma plataforma de pagamentos, portanto, \u00e9 poss\u00edvel realizar opera\u00e7\u00f5es de diferentes formas. Voc\u00ea pode escolher a que melhor se adapta ao seu perfil e o dinheiro deve ser aprovado na sua conta.<\/span><\/p><p><strong><span>Pagaleve:<\/span><\/strong><span>\u00a0O Pagaleve funciona como uma forma de pagamento via Pix, com a facilidade de pagar suas compras em 4 parcelas sem juros, utilizando o Pix parcelado. A primeira parcela vence no ato da compra e as seguintes vencem a cada 15, 30 e 45 dias.<\/span><\/p>\t\t\t\t\t\t\t\t<\/div>\n\t\t\t\t<\/div>\n\t\t\t\t\t<\/div>\n\t\t\t\t<\/div>\n\t\t\t\t<\/div>","protected":false},"excerpt":{"rendered":"<p>PAYMENT POLICY Bank slip:\u00a0Purchases made via bank slip are cash and the bank issuing the slip will be Bradesco. Therefore, [&hellip;]<\/p>\n","protected":false},"author":1,"featured_media":0,"parent":0,"menu_order":0,"comment_status":"closed","ping_status":"closed","template":"","meta":{"site-sidebar-layout":"default","site-content-layout":"","ast-site-content-layout":"default","site-content-style":"default","site-sidebar-style":"default","ast-global-header-display":"","ast-banner-title-visibility":"","ast-main-header-display":"","ast-hfb-above-header-display":"","ast-hfb-below-header-display":"","ast-hfb-mobile-header-display":"","site-post-title":"","ast-breadcrumbs-content":"","ast-featured-img":"","footer-sml-layout":"","theme-transparent-header-meta":"","adv-header-id-meta":"","stick-header-meta":"","header-above-stick-meta":"","header-main-stick-meta":"","header-below-stick-meta":"","astra-migrate-meta-layouts":"default","ast-page-background-enabled":"default","ast-page-background-meta":{"desktop":{"background-color":"var(--ast-global-color-4)","background-image":"","background-repeat":"repeat","background-position":"center center","background-size":"auto","background-attachment":"scroll","background-type":"","background-media":"","overlay-type":"","overlay-color":"","overlay-opacity":"","overlay-gradient":""},"tablet":{"background-color":"","background-image":"","background-repeat":"repeat","background-position":"center center","background-size":"auto","background-attachment":"scroll","background-type":"","background-media":"","overlay-type":"","overlay-color":"","overlay-opacity":"","overlay-gradient":""},"mobile":{"background-color":"","background-image":"","background-repeat":"repeat","background-position":"center center","background-size":"auto","background-attachment":"scroll","background-type":"","background-media":"","overlay-type":"","overlay-color":"","overlay-opacity":"","overlay-gradient":""}},"ast-content-background-meta":{"desktop":{"background-color":"var(--ast-global-color-5)","background-image":"","background-repeat":"repeat","background-position":"center center","background-size":"auto","background-attachment":"scroll","background-type":"","background-media":"","overlay-type":"","overlay-color":"","overlay-opacity":"","overlay-gradient":""},"tablet":{"background-color":"var(--ast-global-color-5)","background-image":"","background-repeat":"repeat","background-position":"center center","background-size":"auto","background-attachment":"scroll","background-type":"","background-media":"","overlay-type":"","overlay-color":"","overlay-opacity":"","overlay-gradient":""},"mobile":{"background-color":"var(--ast-global-color-5)","background-image":"","background-repeat":"repeat","background-position":"center center","background-size":"auto","background-attachment":"scroll","background-type":"","background-media":"","overlay-type":"","overlay-color":"","overlay-opacity":"","overlay-gradient":""}},"footnotes":""},"class_list":["post-8094","page","type-page","status-publish","hentry"],"yoast_head":"<!-- This site is optimized with the Yoast SEO Premium plugin v27.0 (Yoast SEO v27.0) - https:\/\/yoast.com\/product\/yoast-seo-premium-wordpress\/ -->\n<title>Payment Policy &amp; Accepted Methods<\/title>\n<meta name=\"description\" content=\"Learn about the secure and flexible payment options at Nutrition4u. We accept all major credit cards, PayPal, bank transfers, Pix, and more. Read our full payment policy for details.\" \/>\n<meta name=\"robots\" content=\"index, follow, max-snippet:-1, max-image-preview:large, max-video-preview:-1\" \/>\n<link rel=\"canonical\" href=\"https:\/\/nutrition4ushop.com\/pt\/payment-policy\/\" \/>\n<meta property=\"og:locale\" content=\"pt_PT\" \/>\n<meta property=\"og:type\" content=\"article\" \/>\n<meta property=\"og:title\" content=\"Payment Policy\" \/>\n<meta property=\"og:description\" content=\"Learn about the secure and flexible payment options at Nutrition4u. We accept all major credit cards, PayPal, bank transfers, Pix, and more. Read our full payment policy for details.\" \/>\n<meta property=\"og:url\" content=\"https:\/\/nutrition4ushop.com\/pt\/payment-policy\/\" \/>\n<meta property=\"og:site_name\" content=\"Nutrition4u\" \/>\n<meta property=\"article:publisher\" content=\"https:\/\/www.facebook.com\/p\/Nutrition4u-100063511002565\" \/>\n<meta property=\"article:modified_time\" content=\"2025-08-04T15:55:31+00:00\" \/>\n<meta property=\"og:image\" content=\"https:\/\/nutrition4ushop.com\/wp-content\/uploads\/2024\/02\/WhatsApp-Image-2024-02-02-at-5.49.55-PM-1.jpeg\" \/>\n\t<meta property=\"og:image:width\" content=\"1416\" \/>\n\t<meta property=\"og:image:height\" content=\"1476\" \/>\n\t<meta property=\"og:image:type\" content=\"image\/jpeg\" \/>\n<meta name=\"twitter:card\" content=\"summary_large_image\" \/>\n<meta name=\"twitter:label1\" content=\"Tempo estimado de leitura\" \/>\n\t<meta name=\"twitter:data1\" content=\"3 minutos\" \/>\n<script type=\"application\/ld+json\" class=\"yoast-schema-graph\">{\"@context\":\"https:\/\/schema.org\",\"@graph\":[{\"@type\":\"WebPage\",\"@id\":\"https:\/\/nutrition4ushop.com\/payment-policy\/\",\"url\":\"https:\/\/nutrition4ushop.com\/payment-policy\/\",\"name\":\"Payment Policy & Accepted Methods\",\"isPartOf\":{\"@id\":\"https:\/\/nutrition4ushop.com\/#website\"},\"datePublished\":\"2024-02-04T09:40:18+00:00\",\"dateModified\":\"2025-08-04T15:55:31+00:00\",\"description\":\"Learn about the secure and flexible payment options at Nutrition4u. We accept all major credit cards, PayPal, bank transfers, Pix, and more. Read our full payment policy for details.\",\"breadcrumb\":{\"@id\":\"https:\/\/nutrition4ushop.com\/payment-policy\/#breadcrumb\"},\"inLanguage\":\"pt-PT\",\"potentialAction\":[{\"@type\":\"ReadAction\",\"target\":[\"https:\/\/nutrition4ushop.com\/payment-policy\/\"]}]},{\"@type\":\"BreadcrumbList\",\"@id\":\"https:\/\/nutrition4ushop.com\/payment-policy\/#breadcrumb\",\"itemListElement\":[{\"@type\":\"ListItem\",\"position\":1,\"name\":\"Home\",\"item\":\"https:\/\/nutrition4ushop.com\/\"},{\"@type\":\"ListItem\",\"position\":2,\"name\":\"Payment Policy\"}]},{\"@type\":\"WebSite\",\"@id\":\"https:\/\/nutrition4ushop.com\/#website\",\"url\":\"https:\/\/nutrition4ushop.com\/\",\"name\":\"Nutrition4u\",\"description\":\"\",\"publisher\":{\"@id\":\"https:\/\/nutrition4ushop.com\/#organization\"},\"potentialAction\":[{\"@type\":\"SearchAction\",\"target\":{\"@type\":\"EntryPoint\",\"urlTemplate\":\"https:\/\/nutrition4ushop.com\/?s={search_term_string}\"},\"query-input\":{\"@type\":\"PropertyValueSpecification\",\"valueRequired\":true,\"valueName\":\"search_term_string\"}}],\"inLanguage\":\"pt-PT\"},{\"@type\":[\"Organization\",\"Place\",\"SportingGoodsStore\"],\"@id\":\"https:\/\/nutrition4ushop.com\/#organization\",\"name\":\"Nutrition4u\",\"alternateName\":\"Nutrition4u\",\"url\":\"https:\/\/nutrition4ushop.com\/\",\"logo\":{\"@id\":\"https:\/\/nutrition4ushop.com\/payment-policy\/#local-main-organization-logo\"},\"image\":{\"@id\":\"https:\/\/nutrition4ushop.com\/payment-policy\/#local-main-organization-logo\"},\"sameAs\":[\"https:\/\/www.facebook.com\/p\/Nutrition4u-100063511002565\",\"https:\/\/www.instagram.com\/nutrition4u_by_rubengarradas\/\"],\"description\":\"Suplementos de qualidade. Suplementos e vitaminas Procell , Marvelous e muito mais. NUTRITION4U suplementos para todo o tipo de pessoas e atletas.\",\"publishingPrinciples\":\"https:\/\/nutrition4ushop.com\/about-us\/\",\"ownershipFundingInfo\":\"https:\/\/nutrition4ushop.com\/train-with-ruben-garradas\/\",\"actionableFeedbackPolicy\":\"https:\/\/nutrition4ushop.com\/cookies-policy\/\",\"ethicsPolicy\":\"https:\/\/nutrition4ushop.com\/terms-and-conditions\/\",\"address\":{\"@id\":\"https:\/\/nutrition4ushop.com\/payment-policy\/#local-main-place-address\"},\"telephone\":[],\"openingHoursSpecification\":[]},{\"@type\":\"PostalAddress\",\"@id\":\"https:\/\/nutrition4ushop.com\/payment-policy\/#local-main-place-address\",\"streetAddress\":\"R. 1\u00ba de Maio n\u00b035 Loja 221\",\"addressLocality\":\"Amora\",\"postalCode\":\"2845-162\",\"addressRegion\":\"Set\u00fabal\",\"addressCountry\":\"PT\"},{\"@type\":\"ImageObject\",\"inLanguage\":\"pt-PT\",\"@id\":\"https:\/\/nutrition4ushop.com\/payment-policy\/#local-main-organization-logo\",\"url\":\"https:\/\/nutrition4ushop.com\/wp-content\/uploads\/2024\/02\/WhatsApp-Image-2024-02-02-at-5.49.55-PM-1.jpeg\",\"contentUrl\":\"https:\/\/nutrition4ushop.com\/wp-content\/uploads\/2024\/02\/WhatsApp-Image-2024-02-02-at-5.49.55-PM-1.jpeg\",\"width\":1416,\"height\":1476,\"caption\":\"Nutrition4u\"}]}<\/script>\n<meta name=\"geo.placename\" content=\"Amora\" \/>\n<meta name=\"geo.region\" content=\"Portugal\" \/>\n<!-- \/ Yoast SEO Premium plugin. -->","yoast_head_json":{"title":"Pol\u00edtica de pagamento e m\u00e9todos aceites","description":"Conhe\u00e7a as op\u00e7\u00f5es de pagamento seguras e flex\u00edveis da Nutrition4u. Aceitamos todos os principais cart\u00f5es de cr\u00e9dito, PayPal, transfer\u00eancias banc\u00e1rias, Pix e muito mais. Leia nossa pol\u00edtica de pagamento completa para mais detalhes.","robots":{"index":"index","follow":"follow","max-snippet":"max-snippet:-1","max-image-preview":"max-image-preview:large","max-video-preview":"max-video-preview:-1"},"canonical":"https:\/\/nutrition4ushop.com\/pt\/payment-policy\/","og_locale":"pt_PT","og_type":"article","og_title":"Payment Policy","og_description":"Learn about the secure and flexible payment options at Nutrition4u. We accept all major credit cards, PayPal, bank transfers, Pix, and more. Read our full payment policy for details.","og_url":"https:\/\/nutrition4ushop.com\/pt\/payment-policy\/","og_site_name":"Nutrition4u","article_publisher":"https:\/\/www.facebook.com\/p\/Nutrition4u-100063511002565","article_modified_time":"2025-08-04T15:55:31+00:00","og_image":[{"width":1416,"height":1476,"url":"https:\/\/nutrition4ushop.com\/wp-content\/uploads\/2024\/02\/WhatsApp-Image-2024-02-02-at-5.49.55-PM-1.jpeg","type":"image\/jpeg"}],"twitter_card":"summary_large_image","twitter_misc":{"Tempo estimado de leitura":"3 minutos"},"schema":{"@context":"https:\/\/schema.org","@graph":[{"@type":"WebPage","@id":"https:\/\/nutrition4ushop.com\/payment-policy\/","url":"https:\/\/nutrition4ushop.com\/payment-policy\/","name":"Pol\u00edtica de pagamento e m\u00e9todos aceites","isPartOf":{"@id":"https:\/\/nutrition4ushop.com\/#website"},"datePublished":"2024-02-04T09:40:18+00:00","dateModified":"2025-08-04T15:55:31+00:00","description":"Conhe\u00e7a as op\u00e7\u00f5es de pagamento seguras e flex\u00edveis da Nutrition4u. Aceitamos todos os principais cart\u00f5es de cr\u00e9dito, PayPal, transfer\u00eancias banc\u00e1rias, Pix e muito mais. Leia nossa pol\u00edtica de pagamento completa para mais detalhes.","breadcrumb":{"@id":"https:\/\/nutrition4ushop.com\/payment-policy\/#breadcrumb"},"inLanguage":"pt-PT","potentialAction":[{"@type":"ReadAction","target":["https:\/\/nutrition4ushop.com\/payment-policy\/"]}]},{"@type":"BreadcrumbList","@id":"https:\/\/nutrition4ushop.com\/payment-policy\/#breadcrumb","itemListElement":[{"@type":"ListItem","position":1,"name":"Home","item":"https:\/\/nutrition4ushop.com\/"},{"@type":"ListItem","position":2,"name":"Payment Policy"}]},{"@type":"WebSite","@id":"https:\/\/nutrition4ushop.com\/#website","url":"https:\/\/nutrition4ushop.com\/","name":"Nutri\u00e7\u00e3o4u","description":"","publisher":{"@id":"https:\/\/nutrition4ushop.com\/#organization"},"potentialAction":[{"@type":"SearchAction","target":{"@type":"EntryPoint","urlTemplate":"https:\/\/nutrition4ushop.com\/?s={search_term_string}"},"query-input":{"@type":"PropertyValueSpecification","valueRequired":true,"valueName":"search_term_string"}}],"inLanguage":"pt-PT"},{"@type":["Organization","Place","SportingGoodsStore"],"@id":"https:\/\/nutrition4ushop.com\/#organization","name":"Nutri\u00e7\u00e3o4u","alternateName":"Nutrition4u","url":"https:\/\/nutrition4ushop.com\/","logo":{"@id":"https:\/\/nutrition4ushop.com\/payment-policy\/#local-main-organization-logo"},"image":{"@id":"https:\/\/nutrition4ushop.com\/payment-policy\/#local-main-organization-logo"},"sameAs":["https:\/\/www.facebook.com\/p\/Nutrition4u-100063511002565","https:\/\/www.instagram.com\/nutrition4u_by_rubengarradas\/"],"description":"Suplementos de qualidade. Suplementos e vitaminas Procell , Marvelous e muito mais. NUTRITION4U suplementos para todo o tipo de pessoas e atletas.","publishingPrinciples":"https:\/\/nutrition4ushop.com\/about-us\/","ownershipFundingInfo":"https:\/\/nutrition4ushop.com\/train-with-ruben-garradas\/","actionableFeedbackPolicy":"https:\/\/nutrition4ushop.com\/cookies-policy\/","ethicsPolicy":"https:\/\/nutrition4ushop.com\/terms-and-conditions\/","address":{"@id":"https:\/\/nutrition4ushop.com\/payment-policy\/#local-main-place-address"},"telephone":[],"openingHoursSpecification":[]},{"@type":"PostalAddress","@id":"https:\/\/nutrition4ushop.com\/payment-policy\/#local-main-place-address","streetAddress":"R. 1\u00ba de Maio n\u00b035 Loja 221","addressLocality":"Amora","postalCode":"2845-162","addressRegion":"Set\u00fabal","addressCountry":"PT"},{"@type":"ImageObject","inLanguage":"pt-PT","@id":"https:\/\/nutrition4ushop.com\/payment-policy\/#local-main-organization-logo","url":"https:\/\/nutrition4ushop.com\/wp-content\/uploads\/2024\/02\/WhatsApp-Image-2024-02-02-at-5.49.55-PM-1.jpeg","contentUrl":"https:\/\/nutrition4ushop.com\/wp-content\/uploads\/2024\/02\/WhatsApp-Image-2024-02-02-at-5.49.55-PM-1.jpeg","width":1416,"height":1476,"caption":"Nutrition4u"}]},"geo.placename":"Amora","geo.region":"Portugal"},"publishpress_future_action":{"enabled":false,"date":"2026-05-08 04:15:18","action":"change-status","newStatus":"draft","terms":[],"taxonomy":"","extraData":[]},"publishpress_future_workflow_manual_trigger":{"enabledWorkflows":[]},"_links":{"self":[{"href":"https:\/\/nutrition4ushop.com\/pt\/wp-json\/wp\/v2\/pages\/8094","targetHints":{"allow":["GET"]}}],"collection":[{"href":"https:\/\/nutrition4ushop.com\/pt\/wp-json\/wp\/v2\/pages"}],"about":[{"href":"https:\/\/nutrition4ushop.com\/pt\/wp-json\/wp\/v2\/types\/page"}],"author":[{"embeddable":true,"href":"https:\/\/nutrition4ushop.com\/pt\/wp-json\/wp\/v2\/users\/1"}],"replies":[{"embeddable":true,"href":"https:\/\/nutrition4ushop.com\/pt\/wp-json\/wp\/v2\/comments?post=8094"}],"version-history":[{"count":4,"href":"https:\/\/nutrition4ushop.com\/pt\/wp-json\/wp\/v2\/pages\/8094\/revisions"}],"predecessor-version":[{"id":8114,"href":"https:\/\/nutrition4ushop.com\/pt\/wp-json\/wp\/v2\/pages\/8094\/revisions\/8114"}],"wp:attachment":[{"href":"https:\/\/nutrition4ushop.com\/pt\/wp-json\/wp\/v2\/media?parent=8094"}],"curies":[{"name":"wp","href":"https:\/\/api.w.org\/{rel}","templated":true}]}}