{"id":10314,"date":"2025-07-01T06:58:12","date_gmt":"2025-07-01T06:58:12","guid":{"rendered":"https:\/\/nutrition4ushop.com\/?post_type=product&#038;p=10314"},"modified":"2025-07-01T18:06:52","modified_gmt":"2025-07-01T18:06:52","slug":"kelp-150-mcg-200-comprimidos","status":"publish","type":"product","link":"https:\/\/nutrition4ushop.com\/pt\/product\/kelp-150-mcg-200-comprimidos\/","title":{"rendered":"Kelp 150 mcg - 200 cap"},"content":{"rendered":"<p data-start=\"233\" data-end=\"459\">Promover o normal funcionamento da Tir\u00f3ide - fonte de Iodo.<br data-start=\"285\" data-end=\"288\" \/>Produ\u00e7\u00e3o normal de hormonas tiroideias.<br data-start=\"335\" data-end=\"338\" \/>Normal funcionamento do Sistema Nervoso.<br data-start=\"379\" data-end=\"382\" \/>Modula\u00e7\u00e3o dos n\u00edveis de estrog\u00e9nio.<br data-start=\"408\" data-end=\"411\" \/>Modula\u00e7\u00e3o dos n\u00edveis de estrog\u00e9nio.<\/p>\n<p data-start=\"461\" data-end=\"549\">Kelp \u00e9 uma excelente fonte de minerais como pot\u00e1ssio, magn\u00e9sio, c\u00e1lcio e ferro.<\/p>\n<p data-start=\"551\" data-end=\"624\">\u00c9 uma excelente fonte de iodo, que se demonstrou eficaz a apoiar a fun\u00e7\u00e3o saud\u00e1vel da tiroide.<\/p>\n<p data-start=\"626\" data-end=\"702\">A gl\u00e2ndula tiroide \u00e9 respons\u00e1vel pela produ\u00e7\u00e3o das hormonas que apoiam o metabolismo celular normal.<\/p>\n<p data-start=\"704\" data-end=\"778\">O Kelp tamb\u00e9m cont\u00e9m vitaminas e sais essenciais para uma boa nutri\u00e7\u00e3o de c\u00e9lulas.<\/p>\n<p data-start=\"780\" data-end=\"859\">Kelp \u00e9 o nome comum dado a plantas da classe Phaeophyceae ou \u201cAlgas castanhas\u201d.<\/p>\n<p data-start=\"861\" data-end=\"1292\">O Kelp da NOW \u00e9 um suplemento alimentar que cont\u00e9m nutrientes e minerais que podem complementar a dieta e contribuir para melhorar a sa\u00fade. Os seus benef\u00edcios alimentares s\u00e3o indiscut\u00edveis embora n\u00e3o seja conhecida em pleno a extens\u00e3o da sua efic\u00e1cia. \u00c9 uma excelente fonte de vitaminas, amino\u00e1cidos e enzimas, com um conte\u00fado mineral extraordinariamente elevado. Os seus componentes s\u00e3o prontamente dispon\u00edveis e eficazmente absorvidos pelo organismo.<\/p>\n<p data-start=\"1294\" data-end=\"1810\">O Kelp conquistou o estatuto de \"superalimento verde\u201d, que tem grande interesse para quem procura adotar um estilo de vida saud\u00e1vel. A \u00e1gua do mar onde cresce, cont\u00e9m uma abund\u00e2ncia de elementos minerais em quantidades vestigiais, que s\u00e3o absorvidos pelas algas e convertidos numa forma org\u00e2nica que pode ser absorvida pelo trato digestivo humano. \u00c9 especialmente valioso pelo seu teor de iodo, que \u00e9 importante para a fun\u00e7\u00e3o normal da gl\u00e2ndula tir\u00f3ide e para a regula\u00e7\u00e3o do metabolismo e do peso corporal, contribuindo tamb\u00e9m para uma normal fun\u00e7\u00e3o cognitiva, para o normal funcionamento do sistema nervoso e para a manuten\u00e7\u00e3o de uma pele normal.<\/p>\n<p data-start=\"1812\" data-end=\"2071\">Este iodo apresenta-se numa forma que pode ser imediatamente usada pela tir\u00f3ide sem que o organismo tenha que process\u00e1-lo. Tamb\u00e9m \u00e9 rico em pot\u00e1ssio, magn\u00e9sio, c\u00e1lcio, ferro, s\u00f3dio, f\u00f3sforo, zinco, sel\u00e9nio e vitaminas A, B1, B2, B12, \u00e1cido f\u00f3lico C, D, E, K.<\/p>\n<p data-start=\"2073\" data-end=\"2735\">A vitamina B12 est\u00e1 presente em quantidades compar\u00e1veis \u00e0s encontradas no f\u00edgado animal, tornando o Kelp particularmente importante para os vegetarianos. Cont\u00e9m altos n\u00edveis de lignanas, que t\u00eam sido associadas a uma redu\u00e7\u00e3o do risco de alguns tipos de cancro. \u00c9 uma excelente fonte de elementos tra\u00e7o como o cobre, cr\u00f3mio, zinco, mangan\u00eas e de muitos dos minerais ultratra\u00e7o, como o germ\u00e2nio, ir\u00eddio, rub\u00eddio, ouro, prata, van\u00e1dio, tit\u00e2nio, sil\u00edcio e boro, entre outros, que n\u00e3o est\u00e3o presentes em muitos dos suplementos minerais. \u00c9 frequentemente prescrito como um t\u00f3nico glandular gen\u00e9rico, para condi\u00e7\u00f5es vagas e persistentes que pare\u00e7am requerer um ou mais desses oligoelementos, geralmente n\u00e3o dispon\u00edveis na nossa dieta ocidental moderna.<\/p>\n<p data-start=\"2737\" data-end=\"3154\">\u00c9 conhecido que os produtos com um s\u00f3 mineral podem interferir com a absor\u00e7\u00e3o de outros minerais, talvez porque os minerais competem, em algum grau, para serem absorvidos, pelo que um suplemento com uma composi\u00e7\u00e3o mineral variada e equilibrada parece ser a op\u00e7\u00e3o mais segura para uso a longo prazo. Esta poder\u00e1 ser uma das raz\u00f5es pelas quais o Kelp \u00e9 t\u00e3o eficazmente absorvido pelo organismo e parece funcionar t\u00e3o bem, com t\u00e3o poucos problemas. Trata-se do \u00fanico alimento verdadeiramente org\u00e2nico que nos resta no mundo moderno.<\/p>\n<h6 data-start=\"3156\" data-end=\"3313\">Ingredientes:<\/h6>\n<p data-start=\"3156\" data-end=\"3313\">Outros Ingredientes: Celulose Microcristalina, \u00c1cido Este\u00e1rico (fonte vegetal), Revestimento Vegetariano e Estearato de Magn\u00e9sio (fonte vegetal).<\/p>\n<h6 data-start=\"3315\" data-end=\"3428\">Composi\u00e7\u00e3op por 1 comprimido:<\/h6>\n<p data-start=\"3315\" data-end=\"3428\">Iodo (elementar) (a partir de 30 mg de algas org\u00e2nicas) (Laminaria spp. ) (Planta inteira) - 150 \u00b5g<\/p>\n<h6 data-start=\"3430\" data-end=\"3471\">Modo De Utiliza\u00e7\u00e3o:<\/h6>\n<p data-start=\"3430\" data-end=\"3471\">Tomar 1 comprimido por dia, com uma refei\u00e7\u00e3o.<\/p>\n<h6 data-start=\"3473\" data-end=\"3969\">Avisos:<\/h6>\n<p data-start=\"3473\" data-end=\"3969\" data-is-last-node=\"\" data-is-only-node=\"\">Os suplementos alimentares n\u00e3o devem ser utilizados como substitutos de um regime alimentar variado e equilibrado e de um modo de vida saud\u00e1vel. Manter fora do alcance e vis\u00e3o das crian\u00e7as. N\u00e3o exceder as dosagens recomendadas. Manter em local fresco e seco, ao abrigo da luz, calor e humidade. Em caso de gravidez ou amamenta\u00e7\u00e3o a toma deve ser feita sob indica\u00e7\u00e3o m\u00e9dica. N\u00e3o utilizar em caso de hipersensibilidade, alergia e quando estejam descritas intera\u00e7\u00f5es de outro produto com qualquer um dos constituintes da formula\u00e7\u00e3o. Podem ocorrer varia\u00e7\u00f5es naturais da cor deste suplemento.<\/p>","protected":false},"excerpt":{"rendered":"<p data-start=\"0\" data-end=\"231\">O Kelp \u00e9 indicado para ajudar a controlar o colesterol e o peso ao melhorar o nosso metabolismo.\n\u00c9 eficaz a combater o stress e a fadiga. Limpa e purifica as art\u00e9rias, fortalece unhas e o cabelo e regula o funcionamento da gl\u00e2ndula tiroide.<\/p>\n<p data-start=\"233\" data-end=\"459\">","protected":false},"featured_media":10316,"comment_status":"open","ping_status":"closed","template":"","meta":{"site-sidebar-layout":"default","site-content-layout":"","ast-site-content-layout":"default","site-content-style":"default","site-sidebar-style":"default","ast-global-header-display":"","ast-banner-title-visibility":"","ast-main-header-display":"","ast-hfb-above-header-display":"","ast-hfb-below-header-display":"","ast-hfb-mobile-header-display":"","site-post-title":"","ast-breadcrumbs-content":"","ast-featured-img":"","footer-sml-layout":"","theme-transparent-header-meta":"default","adv-header-id-meta":"","stick-header-meta":"","header-above-stick-meta":"","header-main-stick-meta":"","header-below-stick-meta":"","astra-migrate-meta-layouts":"set","ast-page-background-enabled":"default","ast-page-background-meta":{"desktop":{"background-color":"var(--ast-global-color-4)","background-image":"","background-repeat":"repeat","background-position":"center center","background-size":"auto","background-attachment":"scroll","background-type":"","background-media":"","overlay-type":"","overlay-color":"","overlay-opacity":"","overlay-gradient":""},"tablet":{"background-color":"","background-image":"","background-repeat":"repeat","background-position":"center center","background-size":"auto","background-attachment":"scroll","background-type":"","background-media":"","overlay-type":"","overlay-color":"","overlay-opacity":"","overlay-gradient":""},"mobile":{"background-color":"","background-image":"","background-repeat":"repeat","background-position":"center center","background-size":"auto","background-attachment":"scroll","background-type":"","background-media":"","overlay-type":"","overlay-color":"","overlay-opacity":"","overlay-gradient":""}},"ast-content-background-meta":{"desktop":{"background-color":"var(--ast-global-color-5)","background-image":"","background-repeat":"repeat","background-position":"center center","background-size":"auto","background-attachment":"scroll","background-type":"","background-media":"","overlay-type":"","overlay-color":"","overlay-opacity":"","overlay-gradient":""},"tablet":{"background-color":"var(--ast-global-color-5)","background-image":"","background-repeat":"repeat","background-position":"center center","background-size":"auto","background-attachment":"scroll","background-type":"","background-media":"","overlay-type":"","overlay-color":"","overlay-opacity":"","overlay-gradient":""},"mobile":{"background-color":"var(--ast-global-color-5)","background-image":"","background-repeat":"repeat","background-position":"center center","background-size":"auto","background-attachment":"scroll","background-type":"","background-media":"","overlay-type":"","overlay-color":"","overlay-opacity":"","overlay-gradient":""}}},"product_brand":[312],"product_cat":[286],"product_tag":[],"class_list":{"0":"post-10314","1":"product","2":"type-product","3":"status-publish","4":"has-post-thumbnail","6":"product_brand-now-foods","7":"product_cat-organ-support","8":"desktop-align-center","9":"tablet-align-left","10":"mobile-align-left","12":"first","13":"instock","14":"shipping-taxable","15":"purchasable","16":"product-type-simple"},"yoast_head":"<!-- This site is optimized with the Yoast SEO Premium plugin v27.0 (Yoast SEO v27.0) - https:\/\/yoast.com\/product\/yoast-seo-premium-wordpress\/ -->\n<title>Kelp 150 mcg \u2013 200 cap<\/title>\n<meta name=\"robots\" content=\"index, follow, max-snippet:-1, max-image-preview:large, max-video-preview:-1\" \/>\n<link rel=\"canonical\" href=\"https:\/\/nutrition4ushop.com\/pt\/produto\/kelp-150-mcg-200-comprimidos\/\" \/>\n<meta property=\"og:locale\" content=\"pt_PT\" \/>\n<meta property=\"og:type\" content=\"article\" \/>\n<meta property=\"og:title\" content=\"Kelp 150 mcg \u2013 200 cap\" \/>\n<meta property=\"og:description\" content=\"Kelp is indicated to help control cholesterol and weight by improving metabolism. It is effective in combating stress and fatigue. It cleanses and purifies arteries, strengthens nails and hair, and regulates thyroid gland function.\" \/>\n<meta property=\"og:url\" content=\"https:\/\/nutrition4ushop.com\/pt\/produto\/kelp-150-mcg-200-comprimidos\/\" \/>\n<meta property=\"og:site_name\" content=\"Nutrition4u\" \/>\n<meta property=\"article:publisher\" content=\"https:\/\/www.facebook.com\/p\/Nutrition4u-100063511002565\" \/>\n<meta property=\"article:modified_time\" content=\"2025-07-01T18:06:52+00:00\" \/>\n<meta property=\"og:image\" content=\"https:\/\/nutrition4ushop.com\/wp-content\/uploads\/2025\/07\/0733739026804-Kelp-150-mcg-200-comprimidos-Now-nutribio-removebg-preview-e1751353170572.png\" \/>\n\t<meta property=\"og:image:width\" content=\"433\" \/>\n\t<meta property=\"og:image:height\" content=\"433\" \/>\n\t<meta property=\"og:image:type\" content=\"image\/png\" \/>\n<meta name=\"twitter:card\" content=\"summary_large_image\" \/>\n<meta name=\"twitter:label1\" content=\"pre\u00e7o\" \/>\n\t<meta name=\"twitter:data1\" content=\"23,00&nbsp;&euro;\" \/>\n\t<meta name=\"twitter:label2\" content=\"Disponibilidade\" \/>\n\t<meta name=\"twitter:data2\" content=\"Em stock\" \/>\n<script type=\"application\/ld+json\" class=\"yoast-schema-graph\">{\"@context\":\"https:\/\/schema.org\",\"@graph\":[{\"@type\":\"WebPage\",\"@id\":\"https:\/\/nutrition4ushop.com\/product\/kelp-150-mcg-200-comprimidos\/\",\"url\":\"https:\/\/nutrition4ushop.com\/product\/kelp-150-mcg-200-comprimidos\/\",\"name\":\"Kelp 150 mcg \u2013 200 cap\",\"isPartOf\":{\"@id\":\"https:\/\/nutrition4ushop.com\/#website\"},\"primaryImageOfPage\":{\"@id\":\"https:\/\/nutrition4ushop.com\/product\/kelp-150-mcg-200-comprimidos\/#primaryimage\"},\"image\":{\"@id\":\"https:\/\/nutrition4ushop.com\/product\/kelp-150-mcg-200-comprimidos\/#primaryimage\"},\"thumbnailUrl\":\"https:\/\/nutrition4ushop.com\/wp-content\/uploads\/2025\/07\/0733739026804-Kelp-150-mcg-200-comprimidos-Now-nutribio-removebg-preview-e1751353170572.png\",\"datePublished\":\"2025-07-01T06:58:12+00:00\",\"dateModified\":\"2025-07-01T18:06:52+00:00\",\"breadcrumb\":{\"@id\":\"https:\/\/nutrition4ushop.com\/product\/kelp-150-mcg-200-comprimidos\/#breadcrumb\"},\"inLanguage\":\"pt-PT\",\"potentialAction\":[{\"@type\":\"ReadAction\",\"target\":[\"https:\/\/nutrition4ushop.com\/product\/kelp-150-mcg-200-comprimidos\/\"]}]},{\"@type\":\"ImageObject\",\"inLanguage\":\"pt-PT\",\"@id\":\"https:\/\/nutrition4ushop.com\/product\/kelp-150-mcg-200-comprimidos\/#primaryimage\",\"url\":\"https:\/\/nutrition4ushop.com\/wp-content\/uploads\/2025\/07\/0733739026804-Kelp-150-mcg-200-comprimidos-Now-nutribio-removebg-preview-e1751353170572.png\",\"contentUrl\":\"https:\/\/nutrition4ushop.com\/wp-content\/uploads\/2025\/07\/0733739026804-Kelp-150-mcg-200-comprimidos-Now-nutribio-removebg-preview-e1751353170572.png\",\"width\":433,\"height\":433},{\"@type\":\"BreadcrumbList\",\"@id\":\"https:\/\/nutrition4ushop.com\/product\/kelp-150-mcg-200-comprimidos\/#breadcrumb\",\"itemListElement\":[{\"@type\":\"ListItem\",\"position\":1,\"name\":\"Home\",\"item\":\"https:\/\/nutrition4ushop.com\/\"},{\"@type\":\"ListItem\",\"position\":2,\"name\":\"Shop\",\"item\":\"https:\/\/nutrition4ushop.com\/shop\/\"},{\"@type\":\"ListItem\",\"position\":3,\"name\":\"Kelp 150 mcg \u2013 200 cap\"}]},{\"@type\":\"WebSite\",\"@id\":\"https:\/\/nutrition4ushop.com\/#website\",\"url\":\"https:\/\/nutrition4ushop.com\/\",\"name\":\"Nutrition4u\",\"description\":\"\",\"publisher\":{\"@id\":\"https:\/\/nutrition4ushop.com\/#organization\"},\"potentialAction\":[{\"@type\":\"SearchAction\",\"target\":{\"@type\":\"EntryPoint\",\"urlTemplate\":\"https:\/\/nutrition4ushop.com\/?s={search_term_string}\"},\"query-input\":{\"@type\":\"PropertyValueSpecification\",\"valueRequired\":true,\"valueName\":\"search_term_string\"}}],\"inLanguage\":\"pt-PT\"},{\"@type\":[\"Organization\",\"Place\",\"SportingGoodsStore\"],\"@id\":\"https:\/\/nutrition4ushop.com\/#organization\",\"name\":\"Nutrition4u\",\"alternateName\":\"Nutrition4u\",\"url\":\"https:\/\/nutrition4ushop.com\/\",\"logo\":{\"@id\":\"https:\/\/nutrition4ushop.com\/product\/kelp-150-mcg-200-comprimidos\/#local-main-organization-logo\"},\"image\":{\"@id\":\"https:\/\/nutrition4ushop.com\/product\/kelp-150-mcg-200-comprimidos\/#local-main-organization-logo\"},\"sameAs\":[\"https:\/\/www.facebook.com\/p\/Nutrition4u-100063511002565\",\"https:\/\/www.instagram.com\/nutrition4u_by_rubengarradas\/\"],\"description\":\"Suplementos de qualidade. Suplementos e vitaminas Procell , Marvelous e muito mais. NUTRITION4U suplementos para todo o tipo de pessoas e atletas.\",\"publishingPrinciples\":\"https:\/\/nutrition4ushop.com\/about-us\/\",\"ownershipFundingInfo\":\"https:\/\/nutrition4ushop.com\/train-with-ruben-garradas\/\",\"actionableFeedbackPolicy\":\"https:\/\/nutrition4ushop.com\/cookies-policy\/\",\"ethicsPolicy\":\"https:\/\/nutrition4ushop.com\/terms-and-conditions\/\",\"address\":{\"@id\":\"https:\/\/nutrition4ushop.com\/product\/kelp-150-mcg-200-comprimidos\/#local-main-place-address\"},\"telephone\":[],\"openingHoursSpecification\":[]},{\"@type\":\"PostalAddress\",\"@id\":\"https:\/\/nutrition4ushop.com\/product\/kelp-150-mcg-200-comprimidos\/#local-main-place-address\",\"streetAddress\":\"R. 1\u00ba de Maio n\u00b035 Loja 221\",\"addressLocality\":\"Amora\",\"postalCode\":\"2845-162\",\"addressRegion\":\"Set\u00fabal\",\"addressCountry\":\"PT\"},{\"@type\":\"ImageObject\",\"inLanguage\":\"pt-PT\",\"@id\":\"https:\/\/nutrition4ushop.com\/product\/kelp-150-mcg-200-comprimidos\/#local-main-organization-logo\",\"url\":\"https:\/\/nutrition4ushop.com\/wp-content\/uploads\/2024\/02\/WhatsApp-Image-2024-02-02-at-5.49.55-PM-1.jpeg\",\"contentUrl\":\"https:\/\/nutrition4ushop.com\/wp-content\/uploads\/2024\/02\/WhatsApp-Image-2024-02-02-at-5.49.55-PM-1.jpeg\",\"width\":1416,\"height\":1476,\"caption\":\"Nutrition4u\"}]}<\/script>\n<meta property=\"product:price:amount\" content=\"23.00\" \/>\n<meta property=\"product:price:currency\" content=\"EUR\" \/>\n<meta property=\"og:availability\" content=\"instock\" \/>\n<meta property=\"product:availability\" content=\"instock\" \/>\n<meta property=\"product:condition\" content=\"new\" \/>\n<meta name=\"geo.placename\" content=\"Amora\" \/>\n<meta name=\"geo.region\" content=\"Portugal\" \/>\n<!-- \/ Yoast SEO Premium plugin. -->","yoast_head_json":{"title":"Kelp 150 mcg - 200 cap","robots":{"index":"index","follow":"follow","max-snippet":"max-snippet:-1","max-image-preview":"max-image-preview:large","max-video-preview":"max-video-preview:-1"},"canonical":"https:\/\/nutrition4ushop.com\/pt\/produto\/kelp-150-mcg-200-comprimidos\/","og_locale":"pt_PT","og_type":"article","og_title":"Kelp 150 mcg \u2013 200 cap","og_description":"Kelp is indicated to help control cholesterol and weight by improving metabolism. It is effective in combating stress and fatigue. It cleanses and purifies arteries, strengthens nails and hair, and regulates thyroid gland function.","og_url":"https:\/\/nutrition4ushop.com\/pt\/produto\/kelp-150-mcg-200-comprimidos\/","og_site_name":"Nutrition4u","article_publisher":"https:\/\/www.facebook.com\/p\/Nutrition4u-100063511002565","article_modified_time":"2025-07-01T18:06:52+00:00","og_image":[{"width":433,"height":433,"url":"https:\/\/nutrition4ushop.com\/wp-content\/uploads\/2025\/07\/0733739026804-Kelp-150-mcg-200-comprimidos-Now-nutribio-removebg-preview-e1751353170572.png","type":"image\/png"}],"twitter_card":"summary_large_image","twitter_misc":{"pre\u00e7o":"23,00&nbsp;&euro;","Disponibilidade":"Em stock"},"schema":{"@context":"https:\/\/schema.org","@graph":[{"@type":"WebPage","@id":"https:\/\/nutrition4ushop.com\/product\/kelp-150-mcg-200-comprimidos\/","url":"https:\/\/nutrition4ushop.com\/product\/kelp-150-mcg-200-comprimidos\/","name":"Kelp 150 mcg - 200 cap","isPartOf":{"@id":"https:\/\/nutrition4ushop.com\/#website"},"primaryImageOfPage":{"@id":"https:\/\/nutrition4ushop.com\/product\/kelp-150-mcg-200-comprimidos\/#primaryimage"},"image":{"@id":"https:\/\/nutrition4ushop.com\/product\/kelp-150-mcg-200-comprimidos\/#primaryimage"},"thumbnailUrl":"https:\/\/nutrition4ushop.com\/wp-content\/uploads\/2025\/07\/0733739026804-Kelp-150-mcg-200-comprimidos-Now-nutribio-removebg-preview-e1751353170572.png","datePublished":"2025-07-01T06:58:12+00:00","dateModified":"2025-07-01T18:06:52+00:00","breadcrumb":{"@id":"https:\/\/nutrition4ushop.com\/product\/kelp-150-mcg-200-comprimidos\/#breadcrumb"},"inLanguage":"pt-PT","potentialAction":[{"@type":"ReadAction","target":["https:\/\/nutrition4ushop.com\/product\/kelp-150-mcg-200-comprimidos\/"]}]},{"@type":"ImageObject","inLanguage":"pt-PT","@id":"https:\/\/nutrition4ushop.com\/product\/kelp-150-mcg-200-comprimidos\/#primaryimage","url":"https:\/\/nutrition4ushop.com\/wp-content\/uploads\/2025\/07\/0733739026804-Kelp-150-mcg-200-comprimidos-Now-nutribio-removebg-preview-e1751353170572.png","contentUrl":"https:\/\/nutrition4ushop.com\/wp-content\/uploads\/2025\/07\/0733739026804-Kelp-150-mcg-200-comprimidos-Now-nutribio-removebg-preview-e1751353170572.png","width":433,"height":433},{"@type":"BreadcrumbList","@id":"https:\/\/nutrition4ushop.com\/product\/kelp-150-mcg-200-comprimidos\/#breadcrumb","itemListElement":[{"@type":"ListItem","position":1,"name":"Home","item":"https:\/\/nutrition4ushop.com\/"},{"@type":"ListItem","position":2,"name":"Shop","item":"https:\/\/nutrition4ushop.com\/shop\/"},{"@type":"ListItem","position":3,"name":"Kelp 150 mcg \u2013 200 cap"}]},{"@type":"WebSite","@id":"https:\/\/nutrition4ushop.com\/#website","url":"https:\/\/nutrition4ushop.com\/","name":"Nutri\u00e7\u00e3o4u","description":"","publisher":{"@id":"https:\/\/nutrition4ushop.com\/#organization"},"potentialAction":[{"@type":"SearchAction","target":{"@type":"EntryPoint","urlTemplate":"https:\/\/nutrition4ushop.com\/?s={search_term_string}"},"query-input":{"@type":"PropertyValueSpecification","valueRequired":true,"valueName":"search_term_string"}}],"inLanguage":"pt-PT"},{"@type":["Organization","Place","SportingGoodsStore"],"@id":"https:\/\/nutrition4ushop.com\/#organization","name":"Nutri\u00e7\u00e3o4u","alternateName":"Nutrition4u","url":"https:\/\/nutrition4ushop.com\/","logo":{"@id":"https:\/\/nutrition4ushop.com\/product\/kelp-150-mcg-200-comprimidos\/#local-main-organization-logo"},"image":{"@id":"https:\/\/nutrition4ushop.com\/product\/kelp-150-mcg-200-comprimidos\/#local-main-organization-logo"},"sameAs":["https:\/\/www.facebook.com\/p\/Nutrition4u-100063511002565","https:\/\/www.instagram.com\/nutrition4u_by_rubengarradas\/"],"description":"Suplementos de qualidade. Suplementos e vitaminas Procell , Marvelous e muito mais. NUTRITION4U suplementos para todo o tipo de pessoas e atletas.","publishingPrinciples":"https:\/\/nutrition4ushop.com\/about-us\/","ownershipFundingInfo":"https:\/\/nutrition4ushop.com\/train-with-ruben-garradas\/","actionableFeedbackPolicy":"https:\/\/nutrition4ushop.com\/cookies-policy\/","ethicsPolicy":"https:\/\/nutrition4ushop.com\/terms-and-conditions\/","address":{"@id":"https:\/\/nutrition4ushop.com\/product\/kelp-150-mcg-200-comprimidos\/#local-main-place-address"},"telephone":[],"openingHoursSpecification":[]},{"@type":"PostalAddress","@id":"https:\/\/nutrition4ushop.com\/product\/kelp-150-mcg-200-comprimidos\/#local-main-place-address","streetAddress":"R. 1\u00ba de Maio n\u00b035 Loja 221","addressLocality":"Amora","postalCode":"2845-162","addressRegion":"Set\u00fabal","addressCountry":"PT"},{"@type":"ImageObject","inLanguage":"pt-PT","@id":"https:\/\/nutrition4ushop.com\/product\/kelp-150-mcg-200-comprimidos\/#local-main-organization-logo","url":"https:\/\/nutrition4ushop.com\/wp-content\/uploads\/2024\/02\/WhatsApp-Image-2024-02-02-at-5.49.55-PM-1.jpeg","contentUrl":"https:\/\/nutrition4ushop.com\/wp-content\/uploads\/2024\/02\/WhatsApp-Image-2024-02-02-at-5.49.55-PM-1.jpeg","width":1416,"height":1476,"caption":"Nutrition4u"}]},"product_price_amount":"23.00","product_price_currency":"EUR","og_availability":"instock","product_availability":"instock","product_condition":"new","geo.placename":"Amora","geo.region":"Portugal"},"publishpress_future_action":{"enabled":false,"date":"2026-05-08 00:17:34","action":"change-status","newStatus":"draft","terms":[],"taxonomy":"product_brand","extraData":[]},"publishpress_future_workflow_manual_trigger":{"enabledWorkflows":[]},"tiered_pricing_type":"fixed","tiered_pricing_fixed_rules":[],"tiered_pricing_product_settings":{"layout":"default","base_unit_name":{"singular":null,"plural":null},"default_variation":null},"tiered_pricing_minimum_quantity":null,"tiered_pricing_roles_data":[],"tiered_pricing_percentage_rules":[],"tiered_pricing_maximum_quantity":null,"tiered_pricing_quantity_step":null,"_links":{"self":[{"href":"https:\/\/nutrition4ushop.com\/pt\/wp-json\/wp\/v2\/product\/10314","targetHints":{"allow":["GET"]}}],"collection":[{"href":"https:\/\/nutrition4ushop.com\/pt\/wp-json\/wp\/v2\/product"}],"about":[{"href":"https:\/\/nutrition4ushop.com\/pt\/wp-json\/wp\/v2\/types\/product"}],"replies":[{"embeddable":true,"href":"https:\/\/nutrition4ushop.com\/pt\/wp-json\/wp\/v2\/comments?post=10314"}],"version-history":[{"count":2,"href":"https:\/\/nutrition4ushop.com\/pt\/wp-json\/wp\/v2\/product\/10314\/revisions"}],"predecessor-version":[{"id":10335,"href":"https:\/\/nutrition4ushop.com\/pt\/wp-json\/wp\/v2\/product\/10314\/revisions\/10335"}],"wp:featuredmedia":[{"embeddable":true,"href":"https:\/\/nutrition4ushop.com\/pt\/wp-json\/wp\/v2\/media\/10316"}],"wp:attachment":[{"href":"https:\/\/nutrition4ushop.com\/pt\/wp-json\/wp\/v2\/media?parent=10314"}],"wp:term":[{"taxonomy":"product_brand","embeddable":true,"href":"https:\/\/nutrition4ushop.com\/pt\/wp-json\/wp\/v2\/product_brand?post=10314"},{"taxonomy":"product_cat","embeddable":true,"href":"https:\/\/nutrition4ushop.com\/pt\/wp-json\/wp\/v2\/product_cat?post=10314"},{"taxonomy":"product_tag","embeddable":true,"href":"https:\/\/nutrition4ushop.com\/pt\/wp-json\/wp\/v2\/product_tag?post=10314"}],"curies":[{"name":"wp","href":"https:\/\/api.w.org\/{rel}","templated":true}]}}