{"id":10328,"date":"2025-07-01T18:06:12","date_gmt":"2025-07-01T18:06:12","guid":{"rendered":"https:\/\/nutrition4ushop.com\/?post_type=product&#038;p=10328"},"modified":"2025-07-01T18:08:43","modified_gmt":"2025-07-01T18:08:43","slug":"biotin-5000mcg-60-cap","status":"publish","type":"product","link":"https:\/\/nutrition4ushop.com\/pt\/product\/biotin-5000mcg-60-cap\/","title":{"rendered":"Biotina 5000mcg 60 cap"},"content":{"rendered":"<p data-start=\"213\" data-end=\"342\">Manuten\u00e7\u00e3o e\/ou melhoria do estado de sa\u00fade do cabelo, pele e unhas, incluindo a queda de cabelo<br data-start=\"295\" data-end=\"298\" \/>Dermatite seborreica e outras dermatites<\/p>\n<p data-start=\"344\" data-end=\"492\">\u00c9 tamb\u00e9m conhecida como \u201cvitamina do cabelo\u201d porque al\u00e9m de estimular o seu crescimento, trata os fios de dentro para fora. Fortalece o cabelo e hidrata o couro cabeludo.<\/p>\n<p data-start=\"494\" data-end=\"881\">Aumenta a produ\u00e7\u00e3o de queratina nas unhas. Regenera e hidrata a pele. Estimula o crescimento do cabelo. Previne o aparecimento de fios brancos; Devolve a espessura dos fios; Altamente recomendada em casos de queda, seja feminina ou masculina; Fortalece e rejuvenesce o cabelo; A sua car\u00eancia afecta directamente o cabelo, podendo levar a calv\u00edcie, seborreia, cabelos fracos, finos, quebradi\u00e7os e de lento crescimento.<\/p>\n<p data-start=\"883\" data-end=\"1010\">Mol\u00e9cula da classe das vitaminas que funciona como uma coenzima \u00e9 importante no processamento de a\u00e7\u00facares, gorduras e amino\u00e1cidos.<\/p>\n<p data-start=\"1012\" data-end=\"1242\">A Biotina \u00e9 uma vitamina do complexo B que tamb\u00e9m \u00e9 conhecida por vitamina H. \u00c9 uma vitamina hidrossol\u00favel produzida directamente pelas bact\u00e9rias intestinais.<br data-start=\"1138\" data-end=\"1141\" \/>\u00c9 um cofator essencial para quatro enzimas ligadas ao metabolismo dos hidratos de carbono, gorduras e prote\u00ednas.<\/p>\n<p data-start=\"1244\" data-end=\"1636\">Actua principalmente no metabolismo energ\u00e9tico e no crescimento celular; interfere na fun\u00e7\u00e3o imunol\u00f3gica humoral e celular; aumenta a sensibilidade da insulina e a utiliza\u00e7\u00e3o da glucose pelo f\u00edgado, diminuindo os valores da glic\u00e9mia com melhoria dos estados de neuropatia perif\u00e9rica (formigueiro e dorm\u00eancia dos membros), em diab\u00e9ticos e n\u00e3o diab\u00e9ticos; Atua na manuten\u00e7\u00e3o ou melhoria do estado de sa\u00fade do cabelo, pele e unhas:<\/p>\n<p data-start=\"1638\" data-end=\"1644\">Cabelo<\/p>\n<ul data-start=\"1645\" data-end=\"1764\">\n<li data-start=\"1645\" data-end=\"1683\">\n<p data-start=\"1647\" data-end=\"1683\">Aumenta a sua elasticidade e espessura<\/p>\n<\/li>\n<li data-start=\"1684\" data-end=\"1721\">\n<p data-start=\"1686\" data-end=\"1721\">Fornece um bom n\u00edvel de hidrata\u00e7\u00e3o do couro cabeludo<\/p>\n<\/li>\n<li data-start=\"1722\" data-end=\"1764\">\n<p data-start=\"1724\" data-end=\"1764\">Fortalece o cabelo prevenindo a sua queda<\/p>\n<\/li>\n<\/ul>\n<p data-start=\"1766\" data-end=\"1773\">Unhas<\/p>\n<ul data-start=\"1774\" data-end=\"1870\">\n<li data-start=\"1774\" data-end=\"1870\">\n<p data-start=\"1776\" data-end=\"1870\">Aumenta a produ\u00e7\u00e3o de queratina (prote\u00edna constituinte\ndas unhas) favorecendo o crescimento e fortalecimento<\/p>\n<\/li>\n<\/ul>\n<p data-start=\"1872\" data-end=\"1878\">Pele<\/p>\n<ul data-start=\"1879\" data-end=\"1918\">\n<li data-start=\"1879\" data-end=\"1918\">\n<p data-start=\"1881\" data-end=\"1918\">Promove a sua hidrata\u00e7\u00e3o e regenera\u00e7\u00e3o.<\/p>\n<\/li>\n<\/ul>\n<p data-start=\"1920\" data-end=\"2050\"><strong>Ingredientes<\/strong><br data-start=\"1931\" data-end=\"1934\" \/>Outros Ingredientes: Farinha de arroz, Hipromelose (c\u00e1psula de celulose), \u00c1cido Este\u00e1rico (fonte vegetal) e Di\u00f3xido de Sil\u00edcio.<\/p>\n<p data-start=\"2052\" data-end=\"2082\"><strong>Composi\u00e7\u00e3o<\/strong><br data-start=\"2063\" data-end=\"2066\" \/>Por 1 c\u00e1psula:<\/p>\n<p data-start=\"2084\" data-end=\"2102\">Biotina - 5000 \u00b5g<\/p>\n<p data-start=\"2104\" data-end=\"2147\"><strong>Modo De Utiliza\u00e7\u00e3o<\/strong><br data-start=\"2109\" data-end=\"2112\" \/>Tomar 1 c\u00e1psula por dia \u00e0 refei\u00e7\u00e3o.<\/p>\n<p data-start=\"2149\" data-end=\"2307\" data-is-last-node=\"\" data-is-only-node=\"\"><strong>Avisos<\/strong><br data-start=\"2157\" data-end=\"2160\" \/>Pessoas medicadas, mulheres gr\u00e1vidas ou lactantes, devem consultar o m\u00e9dico antes da toma do suplemento alimentar. Manter fora do alcance das crian\u00e7as.<\/p>","protected":false},"excerpt":{"rendered":"<p>\u2013 Gera\u00e7\u00e3o de energia<br data-start=\"19\" data-end=\"22\" \/>\u2013 Auxilia o metabolismo de amino\u00e1cidos<br data-start=\"54\" data-end=\"57\" \/>\u2013 Promove o funcionamento normal do sistema imune<br data-start=\"97\" data-end=\"100\" \/>\u2013 Garantia de qualidade de boas pr\u00e1ticas de fabrica\u00e7\u00e3o (GMP)<br data-start=\"163\" data-end=\"166\" \/>\u2013 Suplemento alimentar<br data-start=\"186\" data-end=\"189\" \/>\u2013 F\u00f3rmula vegetariana<\/p>","protected":false},"featured_media":10329,"comment_status":"open","ping_status":"closed","template":"","meta":{"site-sidebar-layout":"default","site-content-layout":"","ast-site-content-layout":"default","site-content-style":"default","site-sidebar-style":"default","ast-global-header-display":"","ast-banner-title-visibility":"","ast-main-header-display":"","ast-hfb-above-header-display":"","ast-hfb-below-header-display":"","ast-hfb-mobile-header-display":"","site-post-title":"","ast-breadcrumbs-content":"","ast-featured-img":"","footer-sml-layout":"","theme-transparent-header-meta":"default","adv-header-id-meta":"","stick-header-meta":"","header-above-stick-meta":"","header-main-stick-meta":"","header-below-stick-meta":"","astra-migrate-meta-layouts":"set","ast-page-background-enabled":"default","ast-page-background-meta":{"desktop":{"background-color":"var(--ast-global-color-4)","background-image":"","background-repeat":"repeat","background-position":"center center","background-size":"auto","background-attachment":"scroll","background-type":"","background-media":"","overlay-type":"","overlay-color":"","overlay-opacity":"","overlay-gradient":""},"tablet":{"background-color":"","background-image":"","background-repeat":"repeat","background-position":"center center","background-size":"auto","background-attachment":"scroll","background-type":"","background-media":"","overlay-type":"","overlay-color":"","overlay-opacity":"","overlay-gradient":""},"mobile":{"background-color":"","background-image":"","background-repeat":"repeat","background-position":"center center","background-size":"auto","background-attachment":"scroll","background-type":"","background-media":"","overlay-type":"","overlay-color":"","overlay-opacity":"","overlay-gradient":""}},"ast-content-background-meta":{"desktop":{"background-color":"var(--ast-global-color-5)","background-image":"","background-repeat":"repeat","background-position":"center center","background-size":"auto","background-attachment":"scroll","background-type":"","background-media":"","overlay-type":"","overlay-color":"","overlay-opacity":"","overlay-gradient":""},"tablet":{"background-color":"var(--ast-global-color-5)","background-image":"","background-repeat":"repeat","background-position":"center center","background-size":"auto","background-attachment":"scroll","background-type":"","background-media":"","overlay-type":"","overlay-color":"","overlay-opacity":"","overlay-gradient":""},"mobile":{"background-color":"var(--ast-global-color-5)","background-image":"","background-repeat":"repeat","background-position":"center center","background-size":"auto","background-attachment":"scroll","background-type":"","background-media":"","overlay-type":"","overlay-color":"","overlay-opacity":"","overlay-gradient":""}}},"product_brand":[312],"product_cat":[291],"product_tag":[],"class_list":{"0":"post-10328","1":"product","2":"type-product","3":"status-publish","4":"has-post-thumbnail","6":"product_brand-now-foods","7":"product_cat-multivitamins","8":"desktop-align-center","9":"tablet-align-left","10":"mobile-align-left","12":"first","13":"instock","14":"shipping-taxable","15":"purchasable","16":"product-type-simple"},"yoast_head":"<!-- This site is optimized with the Yoast SEO Premium plugin v27.0 (Yoast SEO v27.0) - https:\/\/yoast.com\/product\/yoast-seo-premium-wordpress\/ -->\n<title>Biotin 5000mcg 60 cap<\/title>\n<meta name=\"robots\" content=\"index, follow, max-snippet:-1, max-image-preview:large, max-video-preview:-1\" \/>\n<link rel=\"canonical\" href=\"https:\/\/nutrition4ushop.com\/pt\/produto\/biotin-5000mcg-60-cap\/\" \/>\n<meta property=\"og:locale\" content=\"pt_PT\" \/>\n<meta property=\"og:type\" content=\"article\" \/>\n<meta property=\"og:title\" content=\"Biotin 5000mcg 60 cap\" \/>\n<meta property=\"og:description\" content=\"\u2013 Energy generation\u2013 Supports amino acid metabolism\u2013 Promotes normal immune system function\u2013 Guaranteed quality through Good Manufacturing Practices (GMP)\u2013 Dietary supplement\u2013 Vegetarian formula\" \/>\n<meta property=\"og:url\" content=\"https:\/\/nutrition4ushop.com\/pt\/produto\/biotin-5000mcg-60-cap\/\" \/>\n<meta property=\"og:site_name\" content=\"Nutrition4u\" \/>\n<meta property=\"article:publisher\" content=\"https:\/\/www.facebook.com\/p\/Nutrition4u-100063511002565\" \/>\n<meta property=\"article:modified_time\" content=\"2025-07-01T18:08:43+00:00\" \/>\n<meta property=\"og:image\" content=\"https:\/\/nutrition4ushop.com\/wp-content\/uploads\/2025\/07\/0733739004710-Biotin-5000mcg-60-capsulas-Now-nutribio-removebg-preview-e1751393168651.png\" \/>\n\t<meta property=\"og:image:width\" content=\"433\" \/>\n\t<meta property=\"og:image:height\" content=\"433\" \/>\n\t<meta property=\"og:image:type\" content=\"image\/png\" \/>\n<meta name=\"twitter:card\" content=\"summary_large_image\" \/>\n<meta name=\"twitter:label1\" content=\"pre\u00e7o\" \/>\n\t<meta name=\"twitter:data1\" content=\"21,00&nbsp;&euro;\" \/>\n\t<meta name=\"twitter:label2\" content=\"Disponibilidade\" \/>\n\t<meta name=\"twitter:data2\" content=\"Em stock\" \/>\n<script type=\"application\/ld+json\" class=\"yoast-schema-graph\">{\"@context\":\"https:\/\/schema.org\",\"@graph\":[{\"@type\":\"WebPage\",\"@id\":\"https:\/\/nutrition4ushop.com\/product\/biotin-5000mcg-60-cap\/\",\"url\":\"https:\/\/nutrition4ushop.com\/product\/biotin-5000mcg-60-cap\/\",\"name\":\"Biotin 5000mcg 60 cap\",\"isPartOf\":{\"@id\":\"https:\/\/nutrition4ushop.com\/#website\"},\"primaryImageOfPage\":{\"@id\":\"https:\/\/nutrition4ushop.com\/product\/biotin-5000mcg-60-cap\/#primaryimage\"},\"image\":{\"@id\":\"https:\/\/nutrition4ushop.com\/product\/biotin-5000mcg-60-cap\/#primaryimage\"},\"thumbnailUrl\":\"https:\/\/nutrition4ushop.com\/wp-content\/uploads\/2025\/07\/0733739004710-Biotin-5000mcg-60-capsulas-Now-nutribio-removebg-preview-e1751393168651.png\",\"datePublished\":\"2025-07-01T18:06:12+00:00\",\"dateModified\":\"2025-07-01T18:08:43+00:00\",\"breadcrumb\":{\"@id\":\"https:\/\/nutrition4ushop.com\/product\/biotin-5000mcg-60-cap\/#breadcrumb\"},\"inLanguage\":\"pt-PT\",\"potentialAction\":[{\"@type\":\"ReadAction\",\"target\":[\"https:\/\/nutrition4ushop.com\/product\/biotin-5000mcg-60-cap\/\"]}]},{\"@type\":\"ImageObject\",\"inLanguage\":\"pt-PT\",\"@id\":\"https:\/\/nutrition4ushop.com\/product\/biotin-5000mcg-60-cap\/#primaryimage\",\"url\":\"https:\/\/nutrition4ushop.com\/wp-content\/uploads\/2025\/07\/0733739004710-Biotin-5000mcg-60-capsulas-Now-nutribio-removebg-preview-e1751393168651.png\",\"contentUrl\":\"https:\/\/nutrition4ushop.com\/wp-content\/uploads\/2025\/07\/0733739004710-Biotin-5000mcg-60-capsulas-Now-nutribio-removebg-preview-e1751393168651.png\",\"width\":433,\"height\":433},{\"@type\":\"BreadcrumbList\",\"@id\":\"https:\/\/nutrition4ushop.com\/product\/biotin-5000mcg-60-cap\/#breadcrumb\",\"itemListElement\":[{\"@type\":\"ListItem\",\"position\":1,\"name\":\"Home\",\"item\":\"https:\/\/nutrition4ushop.com\/\"},{\"@type\":\"ListItem\",\"position\":2,\"name\":\"Shop\",\"item\":\"https:\/\/nutrition4ushop.com\/shop\/\"},{\"@type\":\"ListItem\",\"position\":3,\"name\":\"Biotin 5000mcg 60 cap\"}]},{\"@type\":\"WebSite\",\"@id\":\"https:\/\/nutrition4ushop.com\/#website\",\"url\":\"https:\/\/nutrition4ushop.com\/\",\"name\":\"Nutrition4u\",\"description\":\"\",\"publisher\":{\"@id\":\"https:\/\/nutrition4ushop.com\/#organization\"},\"potentialAction\":[{\"@type\":\"SearchAction\",\"target\":{\"@type\":\"EntryPoint\",\"urlTemplate\":\"https:\/\/nutrition4ushop.com\/?s={search_term_string}\"},\"query-input\":{\"@type\":\"PropertyValueSpecification\",\"valueRequired\":true,\"valueName\":\"search_term_string\"}}],\"inLanguage\":\"pt-PT\"},{\"@type\":[\"Organization\",\"Place\",\"SportingGoodsStore\"],\"@id\":\"https:\/\/nutrition4ushop.com\/#organization\",\"name\":\"Nutrition4u\",\"alternateName\":\"Nutrition4u\",\"url\":\"https:\/\/nutrition4ushop.com\/\",\"logo\":{\"@id\":\"https:\/\/nutrition4ushop.com\/product\/biotin-5000mcg-60-cap\/#local-main-organization-logo\"},\"image\":{\"@id\":\"https:\/\/nutrition4ushop.com\/product\/biotin-5000mcg-60-cap\/#local-main-organization-logo\"},\"sameAs\":[\"https:\/\/www.facebook.com\/p\/Nutrition4u-100063511002565\",\"https:\/\/www.instagram.com\/nutrition4u_by_rubengarradas\/\"],\"description\":\"Suplementos de qualidade. Suplementos e vitaminas Procell , Marvelous e muito mais. NUTRITION4U suplementos para todo o tipo de pessoas e atletas.\",\"publishingPrinciples\":\"https:\/\/nutrition4ushop.com\/about-us\/\",\"ownershipFundingInfo\":\"https:\/\/nutrition4ushop.com\/train-with-ruben-garradas\/\",\"actionableFeedbackPolicy\":\"https:\/\/nutrition4ushop.com\/cookies-policy\/\",\"ethicsPolicy\":\"https:\/\/nutrition4ushop.com\/terms-and-conditions\/\",\"address\":{\"@id\":\"https:\/\/nutrition4ushop.com\/product\/biotin-5000mcg-60-cap\/#local-main-place-address\"},\"telephone\":[],\"openingHoursSpecification\":[]},{\"@type\":\"PostalAddress\",\"@id\":\"https:\/\/nutrition4ushop.com\/product\/biotin-5000mcg-60-cap\/#local-main-place-address\",\"streetAddress\":\"R. 1\u00ba de Maio n\u00b035 Loja 221\",\"addressLocality\":\"Amora\",\"postalCode\":\"2845-162\",\"addressRegion\":\"Set\u00fabal\",\"addressCountry\":\"PT\"},{\"@type\":\"ImageObject\",\"inLanguage\":\"pt-PT\",\"@id\":\"https:\/\/nutrition4ushop.com\/product\/biotin-5000mcg-60-cap\/#local-main-organization-logo\",\"url\":\"https:\/\/nutrition4ushop.com\/wp-content\/uploads\/2024\/02\/WhatsApp-Image-2024-02-02-at-5.49.55-PM-1.jpeg\",\"contentUrl\":\"https:\/\/nutrition4ushop.com\/wp-content\/uploads\/2024\/02\/WhatsApp-Image-2024-02-02-at-5.49.55-PM-1.jpeg\",\"width\":1416,\"height\":1476,\"caption\":\"Nutrition4u\"}]}<\/script>\n<meta property=\"product:price:amount\" content=\"21.00\" \/>\n<meta property=\"product:price:currency\" content=\"EUR\" \/>\n<meta property=\"og:availability\" content=\"instock\" \/>\n<meta property=\"product:availability\" content=\"instock\" \/>\n<meta property=\"product:condition\" content=\"new\" \/>\n<meta name=\"geo.placename\" content=\"Amora\" \/>\n<meta name=\"geo.region\" content=\"Portugal\" \/>\n<!-- \/ Yoast SEO Premium plugin. -->","yoast_head_json":{"title":"Biotina 5000mcg 60 cap","robots":{"index":"index","follow":"follow","max-snippet":"max-snippet:-1","max-image-preview":"max-image-preview:large","max-video-preview":"max-video-preview:-1"},"canonical":"https:\/\/nutrition4ushop.com\/pt\/produto\/biotin-5000mcg-60-cap\/","og_locale":"pt_PT","og_type":"article","og_title":"Biotin 5000mcg 60 cap","og_description":"\u2013 Energy generation\u2013 Supports amino acid metabolism\u2013 Promotes normal immune system function\u2013 Guaranteed quality through Good Manufacturing Practices (GMP)\u2013 Dietary supplement\u2013 Vegetarian formula","og_url":"https:\/\/nutrition4ushop.com\/pt\/produto\/biotin-5000mcg-60-cap\/","og_site_name":"Nutrition4u","article_publisher":"https:\/\/www.facebook.com\/p\/Nutrition4u-100063511002565","article_modified_time":"2025-07-01T18:08:43+00:00","og_image":[{"width":433,"height":433,"url":"https:\/\/nutrition4ushop.com\/wp-content\/uploads\/2025\/07\/0733739004710-Biotin-5000mcg-60-capsulas-Now-nutribio-removebg-preview-e1751393168651.png","type":"image\/png"}],"twitter_card":"summary_large_image","twitter_misc":{"pre\u00e7o":"21,00&nbsp;&euro;","Disponibilidade":"Em stock"},"schema":{"@context":"https:\/\/schema.org","@graph":[{"@type":"WebPage","@id":"https:\/\/nutrition4ushop.com\/product\/biotin-5000mcg-60-cap\/","url":"https:\/\/nutrition4ushop.com\/product\/biotin-5000mcg-60-cap\/","name":"Biotina 5000mcg 60 cap","isPartOf":{"@id":"https:\/\/nutrition4ushop.com\/#website"},"primaryImageOfPage":{"@id":"https:\/\/nutrition4ushop.com\/product\/biotin-5000mcg-60-cap\/#primaryimage"},"image":{"@id":"https:\/\/nutrition4ushop.com\/product\/biotin-5000mcg-60-cap\/#primaryimage"},"thumbnailUrl":"https:\/\/nutrition4ushop.com\/wp-content\/uploads\/2025\/07\/0733739004710-Biotin-5000mcg-60-capsulas-Now-nutribio-removebg-preview-e1751393168651.png","datePublished":"2025-07-01T18:06:12+00:00","dateModified":"2025-07-01T18:08:43+00:00","breadcrumb":{"@id":"https:\/\/nutrition4ushop.com\/product\/biotin-5000mcg-60-cap\/#breadcrumb"},"inLanguage":"pt-PT","potentialAction":[{"@type":"ReadAction","target":["https:\/\/nutrition4ushop.com\/product\/biotin-5000mcg-60-cap\/"]}]},{"@type":"ImageObject","inLanguage":"pt-PT","@id":"https:\/\/nutrition4ushop.com\/product\/biotin-5000mcg-60-cap\/#primaryimage","url":"https:\/\/nutrition4ushop.com\/wp-content\/uploads\/2025\/07\/0733739004710-Biotin-5000mcg-60-capsulas-Now-nutribio-removebg-preview-e1751393168651.png","contentUrl":"https:\/\/nutrition4ushop.com\/wp-content\/uploads\/2025\/07\/0733739004710-Biotin-5000mcg-60-capsulas-Now-nutribio-removebg-preview-e1751393168651.png","width":433,"height":433},{"@type":"BreadcrumbList","@id":"https:\/\/nutrition4ushop.com\/product\/biotin-5000mcg-60-cap\/#breadcrumb","itemListElement":[{"@type":"ListItem","position":1,"name":"Home","item":"https:\/\/nutrition4ushop.com\/"},{"@type":"ListItem","position":2,"name":"Shop","item":"https:\/\/nutrition4ushop.com\/shop\/"},{"@type":"ListItem","position":3,"name":"Biotin 5000mcg 60 cap"}]},{"@type":"WebSite","@id":"https:\/\/nutrition4ushop.com\/#website","url":"https:\/\/nutrition4ushop.com\/","name":"Nutri\u00e7\u00e3o4u","description":"","publisher":{"@id":"https:\/\/nutrition4ushop.com\/#organization"},"potentialAction":[{"@type":"SearchAction","target":{"@type":"EntryPoint","urlTemplate":"https:\/\/nutrition4ushop.com\/?s={search_term_string}"},"query-input":{"@type":"PropertyValueSpecification","valueRequired":true,"valueName":"search_term_string"}}],"inLanguage":"pt-PT"},{"@type":["Organization","Place","SportingGoodsStore"],"@id":"https:\/\/nutrition4ushop.com\/#organization","name":"Nutri\u00e7\u00e3o4u","alternateName":"Nutrition4u","url":"https:\/\/nutrition4ushop.com\/","logo":{"@id":"https:\/\/nutrition4ushop.com\/product\/biotin-5000mcg-60-cap\/#local-main-organization-logo"},"image":{"@id":"https:\/\/nutrition4ushop.com\/product\/biotin-5000mcg-60-cap\/#local-main-organization-logo"},"sameAs":["https:\/\/www.facebook.com\/p\/Nutrition4u-100063511002565","https:\/\/www.instagram.com\/nutrition4u_by_rubengarradas\/"],"description":"Suplementos de qualidade. Suplementos e vitaminas Procell , Marvelous e muito mais. NUTRITION4U suplementos para todo o tipo de pessoas e atletas.","publishingPrinciples":"https:\/\/nutrition4ushop.com\/about-us\/","ownershipFundingInfo":"https:\/\/nutrition4ushop.com\/train-with-ruben-garradas\/","actionableFeedbackPolicy":"https:\/\/nutrition4ushop.com\/cookies-policy\/","ethicsPolicy":"https:\/\/nutrition4ushop.com\/terms-and-conditions\/","address":{"@id":"https:\/\/nutrition4ushop.com\/product\/biotin-5000mcg-60-cap\/#local-main-place-address"},"telephone":[],"openingHoursSpecification":[]},{"@type":"PostalAddress","@id":"https:\/\/nutrition4ushop.com\/product\/biotin-5000mcg-60-cap\/#local-main-place-address","streetAddress":"R. 1\u00ba de Maio n\u00b035 Loja 221","addressLocality":"Amora","postalCode":"2845-162","addressRegion":"Set\u00fabal","addressCountry":"PT"},{"@type":"ImageObject","inLanguage":"pt-PT","@id":"https:\/\/nutrition4ushop.com\/product\/biotin-5000mcg-60-cap\/#local-main-organization-logo","url":"https:\/\/nutrition4ushop.com\/wp-content\/uploads\/2024\/02\/WhatsApp-Image-2024-02-02-at-5.49.55-PM-1.jpeg","contentUrl":"https:\/\/nutrition4ushop.com\/wp-content\/uploads\/2024\/02\/WhatsApp-Image-2024-02-02-at-5.49.55-PM-1.jpeg","width":1416,"height":1476,"caption":"Nutrition4u"}]},"product_price_amount":"21.00","product_price_currency":"EUR","og_availability":"instock","product_availability":"instock","product_condition":"new","geo.placename":"Amora","geo.region":"Portugal"},"publishpress_future_action":{"enabled":false,"date":"2026-05-09 08:23:19","action":"change-status","newStatus":"draft","terms":[],"taxonomy":"product_brand","extraData":[]},"publishpress_future_workflow_manual_trigger":{"enabledWorkflows":[]},"tiered_pricing_type":"fixed","tiered_pricing_fixed_rules":[],"tiered_pricing_product_settings":{"layout":"default","base_unit_name":{"singular":null,"plural":null},"default_variation":null},"tiered_pricing_minimum_quantity":null,"tiered_pricing_roles_data":[],"tiered_pricing_percentage_rules":[],"tiered_pricing_maximum_quantity":null,"tiered_pricing_quantity_step":null,"_links":{"self":[{"href":"https:\/\/nutrition4ushop.com\/pt\/wp-json\/wp\/v2\/product\/10328","targetHints":{"allow":["GET"]}}],"collection":[{"href":"https:\/\/nutrition4ushop.com\/pt\/wp-json\/wp\/v2\/product"}],"about":[{"href":"https:\/\/nutrition4ushop.com\/pt\/wp-json\/wp\/v2\/types\/product"}],"replies":[{"embeddable":true,"href":"https:\/\/nutrition4ushop.com\/pt\/wp-json\/wp\/v2\/comments?post=10328"}],"version-history":[{"count":3,"href":"https:\/\/nutrition4ushop.com\/pt\/wp-json\/wp\/v2\/product\/10328\/revisions"}],"predecessor-version":[{"id":10337,"href":"https:\/\/nutrition4ushop.com\/pt\/wp-json\/wp\/v2\/product\/10328\/revisions\/10337"}],"wp:featuredmedia":[{"embeddable":true,"href":"https:\/\/nutrition4ushop.com\/pt\/wp-json\/wp\/v2\/media\/10329"}],"wp:attachment":[{"href":"https:\/\/nutrition4ushop.com\/pt\/wp-json\/wp\/v2\/media?parent=10328"}],"wp:term":[{"taxonomy":"product_brand","embeddable":true,"href":"https:\/\/nutrition4ushop.com\/pt\/wp-json\/wp\/v2\/product_brand?post=10328"},{"taxonomy":"product_cat","embeddable":true,"href":"https:\/\/nutrition4ushop.com\/pt\/wp-json\/wp\/v2\/product_cat?post=10328"},{"taxonomy":"product_tag","embeddable":true,"href":"https:\/\/nutrition4ushop.com\/pt\/wp-json\/wp\/v2\/product_tag?post=10328"}],"curies":[{"name":"wp","href":"https:\/\/api.w.org\/{rel}","templated":true}]}}