{"id":10352,"date":"2025-07-02T06:41:16","date_gmt":"2025-07-02T06:41:16","guid":{"rendered":"https:\/\/nutrition4ushop.com\/?post_type=product&#038;p=10352"},"modified":"2025-07-02T06:41:17","modified_gmt":"2025-07-02T06:41:17","slug":"saw-palmetto-berries-550mg-100-cap","status":"publish","type":"product","link":"https:\/\/nutrition4ushop.com\/pt\/product\/saw-palmetto-berries-550mg-100-cap\/","title":{"rendered":"Saw Palmetto Berries 550mg - 100 cap"},"content":{"rendered":"<p data-start=\"186\" data-end=\"347\">A testosterona \u00e9 a principal hormona sexual masculina sendo considerada um dos principais androg\u00e9nios, pois \u00e9 uma mol\u00e9cula envolvida no desenvolvimento e manuten\u00e7\u00e3o das caracter\u00edsticas sexuais masculinas.<\/p>\n<p data-start=\"349\" data-end=\"767\">A testosterona fica sujeita \u00e0 a\u00e7\u00e3o de duas enzimas. Quando sujeita \u00e0 enzima aromatase, d\u00e1-se origem ao estradiol, a principal hormona sexual feminina. Quando sujeita \u00e0 enzima 5-alfa-redutase, d\u00e1-se origem \u00e0 dihridrotestosterona (DHT) que apresenta maior potencia que a testosterona, e em maiores concentra\u00e7\u00f5es ao n\u00edvel da pr\u00f3stata, promovendo um maior desenvolvimento dos tecidos deste \u00f3rg\u00e3o e, por isso, aumentado o seu volume. Tamb\u00e9m se associa altos n\u00edveis de DHT a uma maior queda de cabelo.<\/p>\n<p data-start=\"769\" data-end=\"1092\">O Saw Palmetto ou Palmeira-an\u00e3 \u00e9 uma planta bastante recomendada tradicionalmente para manuten\u00e7\u00e3o da sa\u00fade da pr\u00f3stata e agora v\u00e1rias investiga\u00e7\u00f5es s\u00e3o feitas de forma a entender o seu mecanismo de a\u00e7\u00e3o, efic\u00e1cia e \u00e1reas de atua\u00e7\u00e3o. Na sua composi\u00e7\u00e3o encontram-se \u00e1cidos gordos livres, como o \u00e1cido oleico, l\u00e1urico, palm\u00edtico e este\u00e1rico, bem como \u00f3leos essenciais e ester\u00f3is, sendo o beta-sitosterol o constituinte de maior atividade e que se sup\u00f5e ser o respons\u00e1vel pelo al\u00edvio de alguns sintomas associados \u00e0 Hiperplasia Benigna da Pr\u00f3stata (HBP).<\/p>\n<p data-start=\"1094\" data-end=\"1416\">A HPB \u00e9 causada por um aumento no n\u00edvel de estrog\u00e9nios e da DHT que tende a ocasionar dilata\u00e7\u00e3o da pr\u00f3stata e queda de cabelo, por exemplo. V\u00e1rios registos cl\u00ednicos e v\u00e1rios estudos cient\u00edficos mostram que a suplementa\u00e7\u00e3o de Palmeira-an\u00e3 melhora a qualidade de vida em pacientes de HPB, aliviando sintomas associados \u00e0 doen\u00e7a como mic\u00e7\u00e3o frequente, queda de cabelo e impot\u00eancia sexual.<\/p>\n<p data-start=\"1418\" data-end=\"1635\">Os resultados t\u00eam vindo a ser explicados pela poss\u00edvel capacidade da planta em inibir a 5-alfa-redutase e aromatase, inibindo a convers\u00e3o da testosterona(3) e ajudando a manter os n\u00edveis da hormona, evitando decl\u00ednios acentuados, normais com o avan\u00e7ar da idade.<\/p>\n<p data-start=\"1637\" data-end=\"1832\">Tamb\u00e9m se tem vindo a estudar o interesse da Palmeira-an\u00e3 em desordens hormonais no sexo feminino. Como j\u00e1 referido a testosterona \u00e9 a hormona a partir da qual se sintetiza o estradiol mas, n\u00e3o podemos esquecer que, perante a a\u00e7\u00e3o da 5-alfa-redutase, se d\u00e1 origem \u00e0 DHT.<\/p>\n<p data-start=\"1834\" data-end=\"2037\">Algumas mulheres apresentam n\u00edveis altos de DHT pelo que sofrem de hirsutismo, por exemplo. A suplementa\u00e7\u00e3o com Palmeira-an\u00e3 tem sido uma sugest\u00e3o para a inibi\u00e7\u00e3o desta convers\u00e3o, de forma a que n\u00e3o se desenvolvam caracter\u00edsticas masculinas.<\/p>\n<p data-start=\"2039\" data-end=\"2227\">Ingredientes<br data-start=\"2050\" data-end=\"2053\" \/>Outros ingredientes: Celulose (c\u00e1psula), \u00e1cido este\u00e1rico (origem vegetal) e s\u00edlica.<br data-start=\"2133\" data-end=\"2136\" \/>Produzido sem: levedura, trigo, gl\u00faten, peixe e marisco.  Isento de: soja, leite e derivados, ovo e frutos de casca rija.<\/p>\n<p data-start=\"2229\" data-end=\"2320\">Composi\u00e7\u00e3o<br data-start=\"2240\" data-end=\"2243\" \/>Por 2 c\u00e1psulas:<br data-start=\"2258\" data-end=\"2261\" \/>Extrato de Palmeira An\u00e3 (bagas) (Serenoa repens) - 1100 mg<\/p>\n<p data-start=\"2322\" data-end=\"2385\">Modo De Utiliza\u00e7\u00e3o<br data-start=\"2327\" data-end=\"2330\" \/>Tomar 2 c\u00e1psulas, 2 a 3 vezes por dia, com \u00e1gua ou comida.<\/p>\n<p data-start=\"2387\" data-end=\"2630\" data-is-last-node=\"\" data-is-only-node=\"\">Avisos<br data-start=\"2395\" data-end=\"2398\" \/>Manter fora do alcance das crian\u00e7as. N\u00e3o deve ser utilizado como substituto de um regime alimentar variado e equilibrado. N\u00e3o exceder as dosagens recomendadas. Consulte um m\u00e9dico se estiver gr\u00e1vida ou a amamentar, a tomar alguma medica\u00e7\u00e3o ou se tiver algum problema de sa\u00fade.<\/p>","protected":false},"excerpt":{"rendered":"<p data-start=\"0\" data-end=\"59\">N\u00edveis de Testosterona e Pr\u00f3stata<br data-start=\"32\" data-end=\"35\" \/>Aparelho Reprodutor Masculino<\/p>\n<p data-start=\"61\" data-end=\"184\">\u2013 Extrato de Palmeira-an\u00e3<br data-start=\"83\" data-end=\"86\" \/>\u2013 Uso tradicional na sa\u00fade masculina<br data-start=\"118\" data-end=\"121\" \/>\u2013 Alvo de estudos na HPB (Hiperplasia Benigna da Pr\u00f3stata) e Alop\u00e9cia<\/p>","protected":false},"featured_media":10353,"comment_status":"open","ping_status":"closed","template":"","meta":{"site-sidebar-layout":"default","site-content-layout":"","ast-site-content-layout":"default","site-content-style":"default","site-sidebar-style":"default","ast-global-header-display":"","ast-banner-title-visibility":"","ast-main-header-display":"","ast-hfb-above-header-display":"","ast-hfb-below-header-display":"","ast-hfb-mobile-header-display":"","site-post-title":"","ast-breadcrumbs-content":"","ast-featured-img":"","footer-sml-layout":"","theme-transparent-header-meta":"default","adv-header-id-meta":"","stick-header-meta":"","header-above-stick-meta":"","header-main-stick-meta":"","header-below-stick-meta":"","astra-migrate-meta-layouts":"set","ast-page-background-enabled":"default","ast-page-background-meta":{"desktop":{"background-color":"var(--ast-global-color-4)","background-image":"","background-repeat":"repeat","background-position":"center center","background-size":"auto","background-attachment":"scroll","background-type":"","background-media":"","overlay-type":"","overlay-color":"","overlay-opacity":"","overlay-gradient":""},"tablet":{"background-color":"","background-image":"","background-repeat":"repeat","background-position":"center center","background-size":"auto","background-attachment":"scroll","background-type":"","background-media":"","overlay-type":"","overlay-color":"","overlay-opacity":"","overlay-gradient":""},"mobile":{"background-color":"","background-image":"","background-repeat":"repeat","background-position":"center center","background-size":"auto","background-attachment":"scroll","background-type":"","background-media":"","overlay-type":"","overlay-color":"","overlay-opacity":"","overlay-gradient":""}},"ast-content-background-meta":{"desktop":{"background-color":"var(--ast-global-color-5)","background-image":"","background-repeat":"repeat","background-position":"center center","background-size":"auto","background-attachment":"scroll","background-type":"","background-media":"","overlay-type":"","overlay-color":"","overlay-opacity":"","overlay-gradient":""},"tablet":{"background-color":"var(--ast-global-color-5)","background-image":"","background-repeat":"repeat","background-position":"center center","background-size":"auto","background-attachment":"scroll","background-type":"","background-media":"","overlay-type":"","overlay-color":"","overlay-opacity":"","overlay-gradient":""},"mobile":{"background-color":"var(--ast-global-color-5)","background-image":"","background-repeat":"repeat","background-position":"center center","background-size":"auto","background-attachment":"scroll","background-type":"","background-media":"","overlay-type":"","overlay-color":"","overlay-opacity":"","overlay-gradient":""}}},"product_brand":[312],"product_cat":[287],"product_tag":[],"class_list":{"0":"post-10352","1":"product","2":"type-product","3":"status-publish","4":"has-post-thumbnail","6":"product_brand-now-foods","7":"product_cat-test-boosters","8":"desktop-align-center","9":"tablet-align-left","10":"mobile-align-left","12":"first","13":"instock","14":"shipping-taxable","15":"purchasable","16":"product-type-simple"},"yoast_head":"<!-- This site is optimized with the Yoast SEO Premium plugin v27.0 (Yoast SEO v27.0) - https:\/\/yoast.com\/product\/yoast-seo-premium-wordpress\/ -->\n<title>Saw Palmetto Berries 550mg \u2013 100 cap<\/title>\n<meta name=\"robots\" content=\"index, follow, max-snippet:-1, max-image-preview:large, max-video-preview:-1\" \/>\n<link rel=\"canonical\" href=\"https:\/\/nutrition4ushop.com\/pt\/produto\/saw-palmetto-berries-550mg-100-cap\/\" \/>\n<meta property=\"og:locale\" content=\"pt_PT\" \/>\n<meta property=\"og:type\" content=\"article\" \/>\n<meta property=\"og:title\" content=\"Saw Palmetto Berries 550mg \u2013 100 cap\" \/>\n<meta property=\"og:description\" content=\"Testosterone Levels and ProstateMale Reproductive System \u2013 Saw Palmetto extract\u2013 Traditional use in male health\u2013 Studied for BPH (Benign Prostatic Hyperplasia) and Alopecia\" \/>\n<meta property=\"og:url\" content=\"https:\/\/nutrition4ushop.com\/pt\/produto\/saw-palmetto-berries-550mg-100-cap\/\" \/>\n<meta property=\"og:site_name\" content=\"Nutrition4u\" \/>\n<meta property=\"article:publisher\" content=\"https:\/\/www.facebook.com\/p\/Nutrition4u-100063511002565\" \/>\n<meta property=\"article:modified_time\" content=\"2025-07-02T06:41:17+00:00\" \/>\n<meta property=\"og:image\" content=\"https:\/\/nutrition4ushop.com\/wp-content\/uploads\/2025\/07\/4747-Saw-Palmetto-Berries-550mg-100-capsulas-Now-nutribio-removebg-preview-e1751438471321.png\" \/>\n\t<meta property=\"og:image:width\" content=\"433\" \/>\n\t<meta property=\"og:image:height\" content=\"433\" \/>\n\t<meta property=\"og:image:type\" content=\"image\/png\" \/>\n<meta name=\"twitter:card\" content=\"summary_large_image\" \/>\n<meta name=\"twitter:label1\" content=\"pre\u00e7o\" \/>\n\t<meta name=\"twitter:data1\" content=\"22,00&nbsp;&euro;\" \/>\n\t<meta name=\"twitter:label2\" content=\"Disponibilidade\" \/>\n\t<meta name=\"twitter:data2\" content=\"Em stock\" \/>\n<script type=\"application\/ld+json\" class=\"yoast-schema-graph\">{\"@context\":\"https:\/\/schema.org\",\"@graph\":[{\"@type\":\"WebPage\",\"@id\":\"https:\/\/nutrition4ushop.com\/product\/saw-palmetto-berries-550mg-100-cap\/\",\"url\":\"https:\/\/nutrition4ushop.com\/product\/saw-palmetto-berries-550mg-100-cap\/\",\"name\":\"Saw Palmetto Berries 550mg \u2013 100 cap\",\"isPartOf\":{\"@id\":\"https:\/\/nutrition4ushop.com\/#website\"},\"primaryImageOfPage\":{\"@id\":\"https:\/\/nutrition4ushop.com\/product\/saw-palmetto-berries-550mg-100-cap\/#primaryimage\"},\"image\":{\"@id\":\"https:\/\/nutrition4ushop.com\/product\/saw-palmetto-berries-550mg-100-cap\/#primaryimage\"},\"thumbnailUrl\":\"https:\/\/nutrition4ushop.com\/wp-content\/uploads\/2025\/07\/4747-Saw-Palmetto-Berries-550mg-100-capsulas-Now-nutribio-removebg-preview-e1751438471321.png\",\"datePublished\":\"2025-07-02T06:41:16+00:00\",\"dateModified\":\"2025-07-02T06:41:17+00:00\",\"breadcrumb\":{\"@id\":\"https:\/\/nutrition4ushop.com\/product\/saw-palmetto-berries-550mg-100-cap\/#breadcrumb\"},\"inLanguage\":\"pt-PT\",\"potentialAction\":[{\"@type\":\"ReadAction\",\"target\":[\"https:\/\/nutrition4ushop.com\/product\/saw-palmetto-berries-550mg-100-cap\/\"]}]},{\"@type\":\"ImageObject\",\"inLanguage\":\"pt-PT\",\"@id\":\"https:\/\/nutrition4ushop.com\/product\/saw-palmetto-berries-550mg-100-cap\/#primaryimage\",\"url\":\"https:\/\/nutrition4ushop.com\/wp-content\/uploads\/2025\/07\/4747-Saw-Palmetto-Berries-550mg-100-capsulas-Now-nutribio-removebg-preview-e1751438471321.png\",\"contentUrl\":\"https:\/\/nutrition4ushop.com\/wp-content\/uploads\/2025\/07\/4747-Saw-Palmetto-Berries-550mg-100-capsulas-Now-nutribio-removebg-preview-e1751438471321.png\",\"width\":433,\"height\":433},{\"@type\":\"BreadcrumbList\",\"@id\":\"https:\/\/nutrition4ushop.com\/product\/saw-palmetto-berries-550mg-100-cap\/#breadcrumb\",\"itemListElement\":[{\"@type\":\"ListItem\",\"position\":1,\"name\":\"Home\",\"item\":\"https:\/\/nutrition4ushop.com\/\"},{\"@type\":\"ListItem\",\"position\":2,\"name\":\"Shop\",\"item\":\"https:\/\/nutrition4ushop.com\/shop\/\"},{\"@type\":\"ListItem\",\"position\":3,\"name\":\"Saw Palmetto Berries 550mg \u2013 100 cap\"}]},{\"@type\":\"WebSite\",\"@id\":\"https:\/\/nutrition4ushop.com\/#website\",\"url\":\"https:\/\/nutrition4ushop.com\/\",\"name\":\"Nutrition4u\",\"description\":\"\",\"publisher\":{\"@id\":\"https:\/\/nutrition4ushop.com\/#organization\"},\"potentialAction\":[{\"@type\":\"SearchAction\",\"target\":{\"@type\":\"EntryPoint\",\"urlTemplate\":\"https:\/\/nutrition4ushop.com\/?s={search_term_string}\"},\"query-input\":{\"@type\":\"PropertyValueSpecification\",\"valueRequired\":true,\"valueName\":\"search_term_string\"}}],\"inLanguage\":\"pt-PT\"},{\"@type\":[\"Organization\",\"Place\",\"SportingGoodsStore\"],\"@id\":\"https:\/\/nutrition4ushop.com\/#organization\",\"name\":\"Nutrition4u\",\"alternateName\":\"Nutrition4u\",\"url\":\"https:\/\/nutrition4ushop.com\/\",\"logo\":{\"@id\":\"https:\/\/nutrition4ushop.com\/product\/saw-palmetto-berries-550mg-100-cap\/#local-main-organization-logo\"},\"image\":{\"@id\":\"https:\/\/nutrition4ushop.com\/product\/saw-palmetto-berries-550mg-100-cap\/#local-main-organization-logo\"},\"sameAs\":[\"https:\/\/www.facebook.com\/p\/Nutrition4u-100063511002565\",\"https:\/\/www.instagram.com\/nutrition4u_by_rubengarradas\/\"],\"description\":\"Suplementos de qualidade. Suplementos e vitaminas Procell , Marvelous e muito mais. NUTRITION4U suplementos para todo o tipo de pessoas e atletas.\",\"publishingPrinciples\":\"https:\/\/nutrition4ushop.com\/about-us\/\",\"ownershipFundingInfo\":\"https:\/\/nutrition4ushop.com\/train-with-ruben-garradas\/\",\"actionableFeedbackPolicy\":\"https:\/\/nutrition4ushop.com\/cookies-policy\/\",\"ethicsPolicy\":\"https:\/\/nutrition4ushop.com\/terms-and-conditions\/\",\"address\":{\"@id\":\"https:\/\/nutrition4ushop.com\/product\/saw-palmetto-berries-550mg-100-cap\/#local-main-place-address\"},\"telephone\":[],\"openingHoursSpecification\":[]},{\"@type\":\"PostalAddress\",\"@id\":\"https:\/\/nutrition4ushop.com\/product\/saw-palmetto-berries-550mg-100-cap\/#local-main-place-address\",\"streetAddress\":\"R. 1\u00ba de Maio n\u00b035 Loja 221\",\"addressLocality\":\"Amora\",\"postalCode\":\"2845-162\",\"addressRegion\":\"Set\u00fabal\",\"addressCountry\":\"PT\"},{\"@type\":\"ImageObject\",\"inLanguage\":\"pt-PT\",\"@id\":\"https:\/\/nutrition4ushop.com\/product\/saw-palmetto-berries-550mg-100-cap\/#local-main-organization-logo\",\"url\":\"https:\/\/nutrition4ushop.com\/wp-content\/uploads\/2024\/02\/WhatsApp-Image-2024-02-02-at-5.49.55-PM-1.jpeg\",\"contentUrl\":\"https:\/\/nutrition4ushop.com\/wp-content\/uploads\/2024\/02\/WhatsApp-Image-2024-02-02-at-5.49.55-PM-1.jpeg\",\"width\":1416,\"height\":1476,\"caption\":\"Nutrition4u\"}]}<\/script>\n<meta property=\"product:price:amount\" content=\"22.00\" \/>\n<meta property=\"product:price:currency\" content=\"EUR\" \/>\n<meta property=\"og:availability\" content=\"instock\" \/>\n<meta property=\"product:availability\" content=\"instock\" \/>\n<meta property=\"product:condition\" content=\"new\" \/>\n<meta name=\"geo.placename\" content=\"Amora\" \/>\n<meta name=\"geo.region\" content=\"Portugal\" \/>\n<!-- \/ Yoast SEO Premium plugin. -->","yoast_head_json":{"title":"Saw Palmetto Berries 550mg - 100 cap","robots":{"index":"index","follow":"follow","max-snippet":"max-snippet:-1","max-image-preview":"max-image-preview:large","max-video-preview":"max-video-preview:-1"},"canonical":"https:\/\/nutrition4ushop.com\/pt\/produto\/saw-palmetto-berries-550mg-100-cap\/","og_locale":"pt_PT","og_type":"article","og_title":"Saw Palmetto Berries 550mg \u2013 100 cap","og_description":"Testosterone Levels and ProstateMale Reproductive System \u2013 Saw Palmetto extract\u2013 Traditional use in male health\u2013 Studied for BPH (Benign Prostatic Hyperplasia) and Alopecia","og_url":"https:\/\/nutrition4ushop.com\/pt\/produto\/saw-palmetto-berries-550mg-100-cap\/","og_site_name":"Nutrition4u","article_publisher":"https:\/\/www.facebook.com\/p\/Nutrition4u-100063511002565","article_modified_time":"2025-07-02T06:41:17+00:00","og_image":[{"width":433,"height":433,"url":"https:\/\/nutrition4ushop.com\/wp-content\/uploads\/2025\/07\/4747-Saw-Palmetto-Berries-550mg-100-capsulas-Now-nutribio-removebg-preview-e1751438471321.png","type":"image\/png"}],"twitter_card":"summary_large_image","twitter_misc":{"pre\u00e7o":"22,00&nbsp;&euro;","Disponibilidade":"Em stock"},"schema":{"@context":"https:\/\/schema.org","@graph":[{"@type":"WebPage","@id":"https:\/\/nutrition4ushop.com\/product\/saw-palmetto-berries-550mg-100-cap\/","url":"https:\/\/nutrition4ushop.com\/product\/saw-palmetto-berries-550mg-100-cap\/","name":"Saw Palmetto Berries 550mg - 100 cap","isPartOf":{"@id":"https:\/\/nutrition4ushop.com\/#website"},"primaryImageOfPage":{"@id":"https:\/\/nutrition4ushop.com\/product\/saw-palmetto-berries-550mg-100-cap\/#primaryimage"},"image":{"@id":"https:\/\/nutrition4ushop.com\/product\/saw-palmetto-berries-550mg-100-cap\/#primaryimage"},"thumbnailUrl":"https:\/\/nutrition4ushop.com\/wp-content\/uploads\/2025\/07\/4747-Saw-Palmetto-Berries-550mg-100-capsulas-Now-nutribio-removebg-preview-e1751438471321.png","datePublished":"2025-07-02T06:41:16+00:00","dateModified":"2025-07-02T06:41:17+00:00","breadcrumb":{"@id":"https:\/\/nutrition4ushop.com\/product\/saw-palmetto-berries-550mg-100-cap\/#breadcrumb"},"inLanguage":"pt-PT","potentialAction":[{"@type":"ReadAction","target":["https:\/\/nutrition4ushop.com\/product\/saw-palmetto-berries-550mg-100-cap\/"]}]},{"@type":"ImageObject","inLanguage":"pt-PT","@id":"https:\/\/nutrition4ushop.com\/product\/saw-palmetto-berries-550mg-100-cap\/#primaryimage","url":"https:\/\/nutrition4ushop.com\/wp-content\/uploads\/2025\/07\/4747-Saw-Palmetto-Berries-550mg-100-capsulas-Now-nutribio-removebg-preview-e1751438471321.png","contentUrl":"https:\/\/nutrition4ushop.com\/wp-content\/uploads\/2025\/07\/4747-Saw-Palmetto-Berries-550mg-100-capsulas-Now-nutribio-removebg-preview-e1751438471321.png","width":433,"height":433},{"@type":"BreadcrumbList","@id":"https:\/\/nutrition4ushop.com\/product\/saw-palmetto-berries-550mg-100-cap\/#breadcrumb","itemListElement":[{"@type":"ListItem","position":1,"name":"Home","item":"https:\/\/nutrition4ushop.com\/"},{"@type":"ListItem","position":2,"name":"Shop","item":"https:\/\/nutrition4ushop.com\/shop\/"},{"@type":"ListItem","position":3,"name":"Saw Palmetto Berries 550mg \u2013 100 cap"}]},{"@type":"WebSite","@id":"https:\/\/nutrition4ushop.com\/#website","url":"https:\/\/nutrition4ushop.com\/","name":"Nutri\u00e7\u00e3o4u","description":"","publisher":{"@id":"https:\/\/nutrition4ushop.com\/#organization"},"potentialAction":[{"@type":"SearchAction","target":{"@type":"EntryPoint","urlTemplate":"https:\/\/nutrition4ushop.com\/?s={search_term_string}"},"query-input":{"@type":"PropertyValueSpecification","valueRequired":true,"valueName":"search_term_string"}}],"inLanguage":"pt-PT"},{"@type":["Organization","Place","SportingGoodsStore"],"@id":"https:\/\/nutrition4ushop.com\/#organization","name":"Nutri\u00e7\u00e3o4u","alternateName":"Nutrition4u","url":"https:\/\/nutrition4ushop.com\/","logo":{"@id":"https:\/\/nutrition4ushop.com\/product\/saw-palmetto-berries-550mg-100-cap\/#local-main-organization-logo"},"image":{"@id":"https:\/\/nutrition4ushop.com\/product\/saw-palmetto-berries-550mg-100-cap\/#local-main-organization-logo"},"sameAs":["https:\/\/www.facebook.com\/p\/Nutrition4u-100063511002565","https:\/\/www.instagram.com\/nutrition4u_by_rubengarradas\/"],"description":"Suplementos de qualidade. Suplementos e vitaminas Procell , Marvelous e muito mais. NUTRITION4U suplementos para todo o tipo de pessoas e atletas.","publishingPrinciples":"https:\/\/nutrition4ushop.com\/about-us\/","ownershipFundingInfo":"https:\/\/nutrition4ushop.com\/train-with-ruben-garradas\/","actionableFeedbackPolicy":"https:\/\/nutrition4ushop.com\/cookies-policy\/","ethicsPolicy":"https:\/\/nutrition4ushop.com\/terms-and-conditions\/","address":{"@id":"https:\/\/nutrition4ushop.com\/product\/saw-palmetto-berries-550mg-100-cap\/#local-main-place-address"},"telephone":[],"openingHoursSpecification":[]},{"@type":"PostalAddress","@id":"https:\/\/nutrition4ushop.com\/product\/saw-palmetto-berries-550mg-100-cap\/#local-main-place-address","streetAddress":"R. 1\u00ba de Maio n\u00b035 Loja 221","addressLocality":"Amora","postalCode":"2845-162","addressRegion":"Set\u00fabal","addressCountry":"PT"},{"@type":"ImageObject","inLanguage":"pt-PT","@id":"https:\/\/nutrition4ushop.com\/product\/saw-palmetto-berries-550mg-100-cap\/#local-main-organization-logo","url":"https:\/\/nutrition4ushop.com\/wp-content\/uploads\/2024\/02\/WhatsApp-Image-2024-02-02-at-5.49.55-PM-1.jpeg","contentUrl":"https:\/\/nutrition4ushop.com\/wp-content\/uploads\/2024\/02\/WhatsApp-Image-2024-02-02-at-5.49.55-PM-1.jpeg","width":1416,"height":1476,"caption":"Nutrition4u"}]},"product_price_amount":"22.00","product_price_currency":"EUR","og_availability":"instock","product_availability":"instock","product_condition":"new","geo.placename":"Amora","geo.region":"Portugal"},"publishpress_future_action":{"enabled":false,"date":"2026-05-09 03:34:57","action":"change-status","newStatus":"draft","terms":[],"taxonomy":"product_brand","extraData":[]},"publishpress_future_workflow_manual_trigger":{"enabledWorkflows":[]},"tiered_pricing_type":"fixed","tiered_pricing_fixed_rules":[],"tiered_pricing_product_settings":{"layout":"default","base_unit_name":{"singular":null,"plural":null},"default_variation":null},"tiered_pricing_minimum_quantity":null,"tiered_pricing_roles_data":[],"tiered_pricing_percentage_rules":[],"tiered_pricing_maximum_quantity":null,"tiered_pricing_quantity_step":null,"_links":{"self":[{"href":"https:\/\/nutrition4ushop.com\/pt\/wp-json\/wp\/v2\/product\/10352","targetHints":{"allow":["GET"]}}],"collection":[{"href":"https:\/\/nutrition4ushop.com\/pt\/wp-json\/wp\/v2\/product"}],"about":[{"href":"https:\/\/nutrition4ushop.com\/pt\/wp-json\/wp\/v2\/types\/product"}],"replies":[{"embeddable":true,"href":"https:\/\/nutrition4ushop.com\/pt\/wp-json\/wp\/v2\/comments?post=10352"}],"version-history":[{"count":1,"href":"https:\/\/nutrition4ushop.com\/pt\/wp-json\/wp\/v2\/product\/10352\/revisions"}],"predecessor-version":[{"id":10354,"href":"https:\/\/nutrition4ushop.com\/pt\/wp-json\/wp\/v2\/product\/10352\/revisions\/10354"}],"wp:featuredmedia":[{"embeddable":true,"href":"https:\/\/nutrition4ushop.com\/pt\/wp-json\/wp\/v2\/media\/10353"}],"wp:attachment":[{"href":"https:\/\/nutrition4ushop.com\/pt\/wp-json\/wp\/v2\/media?parent=10352"}],"wp:term":[{"taxonomy":"product_brand","embeddable":true,"href":"https:\/\/nutrition4ushop.com\/pt\/wp-json\/wp\/v2\/product_brand?post=10352"},{"taxonomy":"product_cat","embeddable":true,"href":"https:\/\/nutrition4ushop.com\/pt\/wp-json\/wp\/v2\/product_cat?post=10352"},{"taxonomy":"product_tag","embeddable":true,"href":"https:\/\/nutrition4ushop.com\/pt\/wp-json\/wp\/v2\/product_tag?post=10352"}],"curies":[{"name":"wp","href":"https:\/\/api.w.org\/{rel}","templated":true}]}}