{"id":10376,"date":"2025-07-03T06:52:18","date_gmt":"2025-07-03T06:52:18","guid":{"rendered":"https:\/\/nutrition4ushop.com\/?post_type=product&#038;p=10376"},"modified":"2025-07-03T06:52:18","modified_gmt":"2025-07-03T06:52:18","slug":"l-tyrosine-500mg-120-cap","status":"publish","type":"product","link":"https:\/\/nutrition4ushop.com\/pt\/product\/l-tyrosine-500mg-120-cap\/","title":{"rendered":"L-Tirosina 500mg - 120 cap"},"content":{"rendered":"<p data-start=\"141\" data-end=\"223\">Perturba\u00e7\u00f5es da tir\u00f3ide<br data-start=\"158\" data-end=\"161\" \/>Metabolismo lento<br data-start=\"176\" data-end=\"179\" \/>Cansa\u00e7o e Fadiga<br data-start=\"200\" data-end=\"203\" \/>Dispers\u00e3o mental<\/p>\n<p data-start=\"225\" data-end=\"332\">A L-Tirosina \u00e9 um amino\u00e1cido essencial formado a partir da Fenilalanina atrav\u00e9s de uma enzima chamada fenilalanina hidroxilase.<\/p>\n<p data-start=\"334\" data-end=\"585\">Este amino\u00e1cido atua como precursor das catecolaminas (Epinefrina, Norepinefrina e Dopamina), justificando assim a sua import\u00e2ncia na regula\u00e7\u00e3o do Sistema Nervoso. As catecolaminas s\u00e3o neurotransmissores envolvidos na capacidade de alerta e foco, relaxamento e estado de esp\u00edrito.<\/p>\n<p data-start=\"587\" data-end=\"823\">Al\u00e9m disso, a L-Tirosina \u00e9 necess\u00e1ria para a s\u00edntese de hormonas da tiroide, nomeadamente a tiroxina (T4), respons\u00e1vel pela regula\u00e7\u00e3o metab\u00f3lica. Assim este amino\u00e1cido regula as fun\u00e7\u00f5es end\u00f3crinas, seja sobre a tir\u00f3ide ou suprarrenais.<\/p>\n<p data-start=\"825\" data-end=\"1170\">A melanina, \u00e9 uma subst\u00e2ncia proteica que protege a nossa pele dos raios UV e tamb\u00e9m funciona como pigmento, sendo que a sua produ\u00e7\u00e3o acontece ao n\u00edvel dos melan\u00f3citos, c\u00e9lulas d\u00e9rmicas, mais precisamente ao n\u00edvel de um organelo designado melanossoma. Este pigmento resulta do catabolismo da tirosina que, ap\u00f3s a\u00e7\u00e3o enzim\u00e1tica, reage com oxig\u00e9nio molecular, resultando numa mol\u00e9cula precursora da melanina.<\/p>\n<p data-start=\"1172\" data-end=\"1344\">\u00c9 importante referir ainda que o amino\u00e1cido Tirosina \u00e9 tamb\u00e9m precursor da Coenzima Q10 que participa na produ\u00e7\u00e3o de ATP, o combust\u00edvel celular, para al\u00e9m de ser um poderoso antioxidante.<\/p>\n<p data-start=\"1346\" data-end=\"1442\">Estudos em seres humanos sugerem que a Tirosina pode aumentar a performance mental em situa\u00e7\u00f5es de stress ambiental.<\/p>\n<p data-start=\"1444\" data-end=\"1570\">Outros referem a seu impacto na vasoconstri\u00e7\u00e3o d\u00e9rmica, ajudando a manter a temperatura corporal mesmo sob um est\u00edmulo frio.<\/p>\n<p data-start=\"1572\" data-end=\"1752\">E outras pesquisas referem ainda os seus benef\u00edcios no que toca a promover a flexibilidade cognitiva, mostrando uma diminui\u00e7\u00e3o do tempo de rea\u00e7\u00e3o e margem de erros entre tarefas, sendo possivelmente justificado pela indu\u00e7\u00e3o do aumento de dopamina.<\/p>\n<p data-start=\"1754\" data-end=\"1938\">Ingredientes<br data-start=\"1765\" data-end=\"1768\" \/>Gelatina bovina (c\u00e1psula), \u00e1cido este\u00e1rico (fonte vegetal) e di\u00f3xido de sil\u00edcio.<br data-start=\"1847\" data-end=\"1850\" \/>N\u00e3o cont\u00e9m: Levedura, trigo, gl\u00faten, soja, leite, ovo, peixe, marisco ou frutos secos.<\/p>\n<p data-start=\"1940\" data-end=\"1968\">Composi\u00e7\u00e3o<br data-start=\"1951\" data-end=\"1954\" \/>Por c\u00e1psula:<\/p>\n<p data-start=\"1970\" data-end=\"2003\">L-Tirosina (forma livre) - 500mg<\/p>\n<p data-start=\"2005\" data-end=\"2088\">Modo De Utiliza\u00e7\u00e3o<br data-start=\"2023\" data-end=\"2026\" \/>Tomar 1 c\u00e1psula 1 a 3 vezes por dia, de prefer\u00eancia entre as refei\u00e7\u00f5es.<\/p>\n<p data-start=\"2090\" data-end=\"2339\" data-is-last-node=\"\" data-is-only-node=\"\">Avisos<br data-start=\"2098\" data-end=\"2101\" \/>Pessoas medicadas, gr\u00e1vidas ou lactantes, devem consultar o m\u00e9dico antes da toma do suplemento alimentar. Especialmente pessoas com hipertireoidismo, melanoma e a tomar IMAOs ou outro tipo de medicamentos que provoquem altera\u00e7\u00f5es de humor. Manter fora do alcance das crian\u00e7as.<\/p>","protected":false},"excerpt":{"rendered":"<p data-start=\"0\" data-end=\"25\">Foco e Concentra\u00e7\u00e3o<\/p>\n<p data-start=\"27\" data-end=\"139\">L-Tirosina \u2013 precursor de Dopamina e Norepinefrina<br data-start=\"80\" data-end=\"83\" \/>Percursor de hormonas tiroideias<br data-start=\"108\" data-end=\"111\" \/>Humor e estado de alerta<\/p>","protected":false},"featured_media":10377,"comment_status":"open","ping_status":"closed","template":"","meta":{"site-sidebar-layout":"default","site-content-layout":"","ast-site-content-layout":"default","site-content-style":"default","site-sidebar-style":"default","ast-global-header-display":"","ast-banner-title-visibility":"","ast-main-header-display":"","ast-hfb-above-header-display":"","ast-hfb-below-header-display":"","ast-hfb-mobile-header-display":"","site-post-title":"","ast-breadcrumbs-content":"","ast-featured-img":"","footer-sml-layout":"","theme-transparent-header-meta":"default","adv-header-id-meta":"","stick-header-meta":"","header-above-stick-meta":"","header-main-stick-meta":"","header-below-stick-meta":"","astra-migrate-meta-layouts":"set","ast-page-background-enabled":"default","ast-page-background-meta":{"desktop":{"background-color":"var(--ast-global-color-4)","background-image":"","background-repeat":"repeat","background-position":"center center","background-size":"auto","background-attachment":"scroll","background-type":"","background-media":"","overlay-type":"","overlay-color":"","overlay-opacity":"","overlay-gradient":""},"tablet":{"background-color":"","background-image":"","background-repeat":"repeat","background-position":"center center","background-size":"auto","background-attachment":"scroll","background-type":"","background-media":"","overlay-type":"","overlay-color":"","overlay-opacity":"","overlay-gradient":""},"mobile":{"background-color":"","background-image":"","background-repeat":"repeat","background-position":"center center","background-size":"auto","background-attachment":"scroll","background-type":"","background-media":"","overlay-type":"","overlay-color":"","overlay-opacity":"","overlay-gradient":""}},"ast-content-background-meta":{"desktop":{"background-color":"var(--ast-global-color-5)","background-image":"","background-repeat":"repeat","background-position":"center center","background-size":"auto","background-attachment":"scroll","background-type":"","background-media":"","overlay-type":"","overlay-color":"","overlay-opacity":"","overlay-gradient":""},"tablet":{"background-color":"var(--ast-global-color-5)","background-image":"","background-repeat":"repeat","background-position":"center center","background-size":"auto","background-attachment":"scroll","background-type":"","background-media":"","overlay-type":"","overlay-color":"","overlay-opacity":"","overlay-gradient":""},"mobile":{"background-color":"var(--ast-global-color-5)","background-image":"","background-repeat":"repeat","background-position":"center center","background-size":"auto","background-attachment":"scroll","background-type":"","background-media":"","overlay-type":"","overlay-color":"","overlay-opacity":"","overlay-gradient":""}}},"product_brand":[312],"product_cat":[282],"product_tag":[],"class_list":{"0":"post-10376","1":"product","2":"type-product","3":"status-publish","4":"has-post-thumbnail","6":"product_brand-now-foods","7":"product_cat-amino-acids","8":"desktop-align-center","9":"tablet-align-left","10":"mobile-align-left","12":"first","13":"instock","14":"shipping-taxable","15":"purchasable","16":"product-type-simple"},"yoast_head":"<!-- This site is optimized with the Yoast SEO Premium plugin v27.5 (Yoast SEO v27.5) - https:\/\/yoast.com\/product\/yoast-seo-premium-wordpress\/ -->\n<title>L-Tyrosine 500mg \u2013 120 cap<\/title>\n<meta name=\"robots\" content=\"index, follow, max-snippet:-1, max-image-preview:large, max-video-preview:-1\" \/>\n<link rel=\"canonical\" href=\"https:\/\/nutrition4ushop.com\/pt\/produto\/l-tyrosine-500mg-120-cap\/\" \/>\n<meta property=\"og:locale\" content=\"pt_PT\" \/>\n<meta property=\"og:type\" content=\"article\" \/>\n<meta property=\"og:title\" content=\"L-Tyrosine 500mg \u2013 120 cap\" \/>\n<meta property=\"og:description\" content=\"Focus and Concentration L-Tyrosine \u2013 Precursor to Dopamine and NorepinephrineThyroid Hormone PrecursorMood and Alertness Support\" \/>\n<meta property=\"og:url\" content=\"https:\/\/nutrition4ushop.com\/pt\/produto\/l-tyrosine-500mg-120-cap\/\" \/>\n<meta property=\"og:site_name\" content=\"Nutrition4u\" \/>\n<meta property=\"article:publisher\" content=\"https:\/\/www.facebook.com\/p\/Nutrition4u-100063511002565\" \/>\n<meta property=\"og:image\" content=\"https:\/\/nutrition4ushop.com\/wp-content\/uploads\/2025\/07\/tyrosine-1-800x800-removebg-preview.png\" \/>\n\t<meta property=\"og:image:width\" content=\"500\" \/>\n\t<meta property=\"og:image:height\" content=\"500\" \/>\n\t<meta property=\"og:image:type\" content=\"image\/png\" \/>\n<meta name=\"twitter:card\" content=\"summary_large_image\" \/>\n<meta name=\"twitter:label1\" content=\"pre\u00e7o\" \/>\n\t<meta name=\"twitter:data1\" content=\"24,00&nbsp;&euro;\" \/>\n\t<meta name=\"twitter:label2\" content=\"Disponibilidade\" \/>\n\t<meta name=\"twitter:data2\" content=\"Em stock\" \/>\n<script type=\"application\/ld+json\" class=\"yoast-schema-graph\">{\"@context\":\"https:\\\/\\\/schema.org\",\"@graph\":[{\"@type\":\"WebPage\",\"@id\":\"https:\\\/\\\/nutrition4ushop.com\\\/product\\\/l-tyrosine-500mg-120-cap\\\/\",\"url\":\"https:\\\/\\\/nutrition4ushop.com\\\/product\\\/l-tyrosine-500mg-120-cap\\\/\",\"name\":\"L-Tyrosine 500mg \u2013 120 cap\",\"isPartOf\":{\"@id\":\"https:\\\/\\\/nutrition4ushop.com\\\/#website\"},\"primaryImageOfPage\":{\"@id\":\"https:\\\/\\\/nutrition4ushop.com\\\/product\\\/l-tyrosine-500mg-120-cap\\\/#primaryimage\"},\"image\":{\"@id\":\"https:\\\/\\\/nutrition4ushop.com\\\/product\\\/l-tyrosine-500mg-120-cap\\\/#primaryimage\"},\"thumbnailUrl\":\"https:\\\/\\\/nutrition4ushop.com\\\/wp-content\\\/uploads\\\/2025\\\/07\\\/tyrosine-1-800x800-removebg-preview.png\",\"datePublished\":\"2025-07-03T06:52:18+00:00\",\"breadcrumb\":{\"@id\":\"https:\\\/\\\/nutrition4ushop.com\\\/product\\\/l-tyrosine-500mg-120-cap\\\/#breadcrumb\"},\"inLanguage\":\"pt-PT\",\"potentialAction\":[{\"@type\":\"ReadAction\",\"target\":[\"https:\\\/\\\/nutrition4ushop.com\\\/product\\\/l-tyrosine-500mg-120-cap\\\/\"]}]},{\"@type\":\"ImageObject\",\"inLanguage\":\"pt-PT\",\"@id\":\"https:\\\/\\\/nutrition4ushop.com\\\/product\\\/l-tyrosine-500mg-120-cap\\\/#primaryimage\",\"url\":\"https:\\\/\\\/nutrition4ushop.com\\\/wp-content\\\/uploads\\\/2025\\\/07\\\/tyrosine-1-800x800-removebg-preview.png\",\"contentUrl\":\"https:\\\/\\\/nutrition4ushop.com\\\/wp-content\\\/uploads\\\/2025\\\/07\\\/tyrosine-1-800x800-removebg-preview.png\",\"width\":500,\"height\":500},{\"@type\":\"BreadcrumbList\",\"@id\":\"https:\\\/\\\/nutrition4ushop.com\\\/product\\\/l-tyrosine-500mg-120-cap\\\/#breadcrumb\",\"itemListElement\":[{\"@type\":\"ListItem\",\"position\":1,\"name\":\"Home\",\"item\":\"https:\\\/\\\/nutrition4ushop.com\\\/\"},{\"@type\":\"ListItem\",\"position\":2,\"name\":\"Shop\",\"item\":\"https:\\\/\\\/nutrition4ushop.com\\\/shop\\\/\"},{\"@type\":\"ListItem\",\"position\":3,\"name\":\"L-Tyrosine 500mg \u2013 120 cap\"}]},{\"@type\":\"WebSite\",\"@id\":\"https:\\\/\\\/nutrition4ushop.com\\\/#website\",\"url\":\"https:\\\/\\\/nutrition4ushop.com\\\/\",\"name\":\"Nutrition4u\",\"description\":\"\",\"publisher\":{\"@id\":\"https:\\\/\\\/nutrition4ushop.com\\\/#organization\"},\"potentialAction\":[{\"@type\":\"SearchAction\",\"target\":{\"@type\":\"EntryPoint\",\"urlTemplate\":\"https:\\\/\\\/nutrition4ushop.com\\\/?s={search_term_string}\"},\"query-input\":{\"@type\":\"PropertyValueSpecification\",\"valueRequired\":true,\"valueName\":\"search_term_string\"}}],\"inLanguage\":\"pt-PT\"},{\"@type\":[\"Organization\",\"Place\",\"SportingGoodsStore\"],\"@id\":\"https:\\\/\\\/nutrition4ushop.com\\\/#organization\",\"name\":\"Nutrition4u\",\"alternateName\":\"Nutrition4u\",\"url\":\"https:\\\/\\\/nutrition4ushop.com\\\/\",\"logo\":{\"@id\":\"https:\\\/\\\/nutrition4ushop.com\\\/product\\\/l-tyrosine-500mg-120-cap\\\/#local-main-organization-logo\"},\"image\":{\"@id\":\"https:\\\/\\\/nutrition4ushop.com\\\/product\\\/l-tyrosine-500mg-120-cap\\\/#local-main-organization-logo\"},\"sameAs\":[\"https:\\\/\\\/www.facebook.com\\\/p\\\/Nutrition4u-100063511002565\",\"https:\\\/\\\/www.instagram.com\\\/nutrition4u_by_rubengarradas\\\/\"],\"description\":\"Suplementos de qualidade. Suplementos e vitaminas Procell , Marvelous e muito mais. NUTRITION4U suplementos para todo o tipo de pessoas e atletas.\",\"publishingPrinciples\":\"https:\\\/\\\/nutrition4ushop.com\\\/about-us\\\/\",\"ownershipFundingInfo\":\"https:\\\/\\\/nutrition4ushop.com\\\/train-with-ruben-garradas\\\/\",\"actionableFeedbackPolicy\":\"https:\\\/\\\/nutrition4ushop.com\\\/cookies-policy\\\/\",\"ethicsPolicy\":\"https:\\\/\\\/nutrition4ushop.com\\\/terms-and-conditions\\\/\",\"address\":{\"@id\":\"https:\\\/\\\/nutrition4ushop.com\\\/product\\\/l-tyrosine-500mg-120-cap\\\/#local-main-place-address\"},\"telephone\":[],\"openingHoursSpecification\":[]},{\"@type\":\"PostalAddress\",\"@id\":\"https:\\\/\\\/nutrition4ushop.com\\\/product\\\/l-tyrosine-500mg-120-cap\\\/#local-main-place-address\",\"streetAddress\":\"R. 1\u00ba de Maio n\u00b035 Loja 221\",\"addressLocality\":\"Amora\",\"postalCode\":\"2845-162\",\"addressRegion\":\"Set\u00fabal\",\"addressCountry\":\"PT\"},{\"@type\":\"ImageObject\",\"inLanguage\":\"pt-PT\",\"@id\":\"https:\\\/\\\/nutrition4ushop.com\\\/product\\\/l-tyrosine-500mg-120-cap\\\/#local-main-organization-logo\",\"url\":\"https:\\\/\\\/nutrition4ushop.com\\\/wp-content\\\/uploads\\\/2024\\\/02\\\/WhatsApp-Image-2024-02-02-at-5.49.55-PM-1.jpeg\",\"contentUrl\":\"https:\\\/\\\/nutrition4ushop.com\\\/wp-content\\\/uploads\\\/2024\\\/02\\\/WhatsApp-Image-2024-02-02-at-5.49.55-PM-1.jpeg\",\"width\":1416,\"height\":1476,\"caption\":\"Nutrition4u\"}]}<\/script>\n<meta property=\"product:price:amount\" content=\"24.00\" \/>\n<meta property=\"product:price:currency\" content=\"EUR\" \/>\n<meta property=\"og:availability\" content=\"instock\" \/>\n<meta property=\"product:availability\" content=\"instock\" \/>\n<meta property=\"product:condition\" content=\"new\" \/>\n<meta name=\"geo.placename\" content=\"Amora\" \/>\n<meta name=\"geo.region\" content=\"Portugal\" \/>\n<!-- \/ Yoast SEO Premium plugin. -->","yoast_head_json":{"title":"L-Tirosina 500mg - 120 cap","robots":{"index":"index","follow":"follow","max-snippet":"max-snippet:-1","max-image-preview":"max-image-preview:large","max-video-preview":"max-video-preview:-1"},"canonical":"https:\/\/nutrition4ushop.com\/pt\/produto\/l-tyrosine-500mg-120-cap\/","og_locale":"pt_PT","og_type":"article","og_title":"L-Tyrosine 500mg \u2013 120 cap","og_description":"Focus and Concentration L-Tyrosine \u2013 Precursor to Dopamine and NorepinephrineThyroid Hormone PrecursorMood and Alertness Support","og_url":"https:\/\/nutrition4ushop.com\/pt\/produto\/l-tyrosine-500mg-120-cap\/","og_site_name":"Nutrition4u","article_publisher":"https:\/\/www.facebook.com\/p\/Nutrition4u-100063511002565","og_image":[{"width":500,"height":500,"url":"https:\/\/nutrition4ushop.com\/wp-content\/uploads\/2025\/07\/tyrosine-1-800x800-removebg-preview.png","type":"image\/png"}],"twitter_card":"summary_large_image","twitter_misc":{"pre\u00e7o":"24,00&nbsp;&euro;","Disponibilidade":"Em stock"},"schema":{"@context":"https:\/\/schema.org","@graph":[{"@type":"WebPage","@id":"https:\/\/nutrition4ushop.com\/product\/l-tyrosine-500mg-120-cap\/","url":"https:\/\/nutrition4ushop.com\/product\/l-tyrosine-500mg-120-cap\/","name":"L-Tirosina 500mg - 120 cap","isPartOf":{"@id":"https:\/\/nutrition4ushop.com\/#website"},"primaryImageOfPage":{"@id":"https:\/\/nutrition4ushop.com\/product\/l-tyrosine-500mg-120-cap\/#primaryimage"},"image":{"@id":"https:\/\/nutrition4ushop.com\/product\/l-tyrosine-500mg-120-cap\/#primaryimage"},"thumbnailUrl":"https:\/\/nutrition4ushop.com\/wp-content\/uploads\/2025\/07\/tyrosine-1-800x800-removebg-preview.png","datePublished":"2025-07-03T06:52:18+00:00","breadcrumb":{"@id":"https:\/\/nutrition4ushop.com\/product\/l-tyrosine-500mg-120-cap\/#breadcrumb"},"inLanguage":"pt-PT","potentialAction":[{"@type":"ReadAction","target":["https:\/\/nutrition4ushop.com\/product\/l-tyrosine-500mg-120-cap\/"]}]},{"@type":"ImageObject","inLanguage":"pt-PT","@id":"https:\/\/nutrition4ushop.com\/product\/l-tyrosine-500mg-120-cap\/#primaryimage","url":"https:\/\/nutrition4ushop.com\/wp-content\/uploads\/2025\/07\/tyrosine-1-800x800-removebg-preview.png","contentUrl":"https:\/\/nutrition4ushop.com\/wp-content\/uploads\/2025\/07\/tyrosine-1-800x800-removebg-preview.png","width":500,"height":500},{"@type":"BreadcrumbList","@id":"https:\/\/nutrition4ushop.com\/product\/l-tyrosine-500mg-120-cap\/#breadcrumb","itemListElement":[{"@type":"ListItem","position":1,"name":"Home","item":"https:\/\/nutrition4ushop.com\/"},{"@type":"ListItem","position":2,"name":"Shop","item":"https:\/\/nutrition4ushop.com\/shop\/"},{"@type":"ListItem","position":3,"name":"L-Tyrosine 500mg \u2013 120 cap"}]},{"@type":"WebSite","@id":"https:\/\/nutrition4ushop.com\/#website","url":"https:\/\/nutrition4ushop.com\/","name":"Nutri\u00e7\u00e3o4u","description":"","publisher":{"@id":"https:\/\/nutrition4ushop.com\/#organization"},"potentialAction":[{"@type":"SearchAction","target":{"@type":"EntryPoint","urlTemplate":"https:\/\/nutrition4ushop.com\/?s={search_term_string}"},"query-input":{"@type":"PropertyValueSpecification","valueRequired":true,"valueName":"search_term_string"}}],"inLanguage":"pt-PT"},{"@type":["Organization","Place","SportingGoodsStore"],"@id":"https:\/\/nutrition4ushop.com\/#organization","name":"Nutri\u00e7\u00e3o4u","alternateName":"Nutrition4u","url":"https:\/\/nutrition4ushop.com\/","logo":{"@id":"https:\/\/nutrition4ushop.com\/product\/l-tyrosine-500mg-120-cap\/#local-main-organization-logo"},"image":{"@id":"https:\/\/nutrition4ushop.com\/product\/l-tyrosine-500mg-120-cap\/#local-main-organization-logo"},"sameAs":["https:\/\/www.facebook.com\/p\/Nutrition4u-100063511002565","https:\/\/www.instagram.com\/nutrition4u_by_rubengarradas\/"],"description":"Suplementos de qualidade. Suplementos e vitaminas Procell , Marvelous e muito mais. NUTRITION4U suplementos para todo o tipo de pessoas e atletas.","publishingPrinciples":"https:\/\/nutrition4ushop.com\/about-us\/","ownershipFundingInfo":"https:\/\/nutrition4ushop.com\/train-with-ruben-garradas\/","actionableFeedbackPolicy":"https:\/\/nutrition4ushop.com\/cookies-policy\/","ethicsPolicy":"https:\/\/nutrition4ushop.com\/terms-and-conditions\/","address":{"@id":"https:\/\/nutrition4ushop.com\/product\/l-tyrosine-500mg-120-cap\/#local-main-place-address"},"telephone":[],"openingHoursSpecification":[]},{"@type":"PostalAddress","@id":"https:\/\/nutrition4ushop.com\/product\/l-tyrosine-500mg-120-cap\/#local-main-place-address","streetAddress":"R. 1\u00ba de Maio n\u00b035 Loja 221","addressLocality":"Amora","postalCode":"2845-162","addressRegion":"Set\u00fabal","addressCountry":"PT"},{"@type":"ImageObject","inLanguage":"pt-PT","@id":"https:\/\/nutrition4ushop.com\/product\/l-tyrosine-500mg-120-cap\/#local-main-organization-logo","url":"https:\/\/nutrition4ushop.com\/wp-content\/uploads\/2024\/02\/WhatsApp-Image-2024-02-02-at-5.49.55-PM-1.jpeg","contentUrl":"https:\/\/nutrition4ushop.com\/wp-content\/uploads\/2024\/02\/WhatsApp-Image-2024-02-02-at-5.49.55-PM-1.jpeg","width":1416,"height":1476,"caption":"Nutrition4u"}]},"product_price_amount":"24.00","product_price_currency":"EUR","og_availability":"instock","product_availability":"instock","product_condition":"new","geo.placename":"Amora","geo.region":"Portugal"},"publishpress_future_action":{"enabled":false,"date":"2026-05-22 11:18:00","action":"change-status","newStatus":"draft","terms":[],"taxonomy":"product_brand","extraData":[]},"publishpress_future_workflow_manual_trigger":{"enabledWorkflows":[]},"tiered_pricing_type":"fixed","tiered_pricing_fixed_rules":[],"tiered_pricing_product_settings":{"layout":"default","base_unit_name":{"singular":null,"plural":null},"default_variation":null},"tiered_pricing_minimum_quantity":null,"tiered_pricing_roles_data":[],"tiered_pricing_percentage_rules":[],"tiered_pricing_maximum_quantity":null,"tiered_pricing_quantity_step":null,"_links":{"self":[{"href":"https:\/\/nutrition4ushop.com\/pt\/wp-json\/wp\/v2\/product\/10376","targetHints":{"allow":["GET"]}}],"collection":[{"href":"https:\/\/nutrition4ushop.com\/pt\/wp-json\/wp\/v2\/product"}],"about":[{"href":"https:\/\/nutrition4ushop.com\/pt\/wp-json\/wp\/v2\/types\/product"}],"replies":[{"embeddable":true,"href":"https:\/\/nutrition4ushop.com\/pt\/wp-json\/wp\/v2\/comments?post=10376"}],"version-history":[{"count":1,"href":"https:\/\/nutrition4ushop.com\/pt\/wp-json\/wp\/v2\/product\/10376\/revisions"}],"predecessor-version":[{"id":10378,"href":"https:\/\/nutrition4ushop.com\/pt\/wp-json\/wp\/v2\/product\/10376\/revisions\/10378"}],"wp:featuredmedia":[{"embeddable":true,"href":"https:\/\/nutrition4ushop.com\/pt\/wp-json\/wp\/v2\/media\/10377"}],"wp:attachment":[{"href":"https:\/\/nutrition4ushop.com\/pt\/wp-json\/wp\/v2\/media?parent=10376"}],"wp:term":[{"taxonomy":"product_brand","embeddable":true,"href":"https:\/\/nutrition4ushop.com\/pt\/wp-json\/wp\/v2\/product_brand?post=10376"},{"taxonomy":"product_cat","embeddable":true,"href":"https:\/\/nutrition4ushop.com\/pt\/wp-json\/wp\/v2\/product_cat?post=10376"},{"taxonomy":"product_tag","embeddable":true,"href":"https:\/\/nutrition4ushop.com\/pt\/wp-json\/wp\/v2\/product_tag?post=10376"}],"curies":[{"name":"wp","href":"https:\/\/api.w.org\/{rel}","templated":true}]}}