{"id":10382,"date":"2025-07-04T06:21:32","date_gmt":"2025-07-04T06:21:32","guid":{"rendered":"https:\/\/nutrition4ushop.com\/?post_type=product&#038;p=10382"},"modified":"2025-07-04T06:24:33","modified_gmt":"2025-07-04T06:24:33","slug":"mk-7-vitamin-k2-100mcg-60-cap","status":"publish","type":"product","link":"https:\/\/nutrition4ushop.com\/pt\/product\/mk-7-vitamin-k2-100mcg-60-cap\/","title":{"rendered":"MK-7 Vitamina K2 100mcg - 60 c\u00e1psulas"},"content":{"rendered":"<p data-start=\"95\" data-end=\"271\">Vitamina K2 com elevada atividade biol\u00f3gica<br data-start=\"135\" data-end=\"138\" \/>A Vitamina K contribui para a manuten\u00e7\u00e3o de ossos normais<br data-start=\"194\" data-end=\"197\" \/>Normal coagula\u00e7\u00e3o sangu\u00ednea<br data-start=\"218\" data-end=\"221\" \/>Sem alerg\u00e9nios (derivada da fermenta\u00e7\u00e3o do gr\u00e3o-de-bico)<\/p>\n<p data-start=\"273\" data-end=\"355\">A forma MK-7 (Menaquinona 7) da vitamina K2 \u00e9 derivada da fermenta\u00e7\u00e3o do gr\u00e3o-de-bico.<\/p>\n<p data-start=\"357\" data-end=\"1054\">A import\u00e2ncia da Vitamina K para a coagula\u00e7\u00e3o \u00e9 bem conhecida, contudo, crescem as evid\u00eancias de que esta vitamina desempenha outras fun\u00e7\u00f5es no organismo, incluindo a manuten\u00e7\u00e3o da sa\u00fade dos ossos, a preven\u00e7\u00e3o de calcifica\u00e7\u00e3o inadequada em tecidos moles e uma fun\u00e7\u00e3o protetora nas inflama\u00e7\u00f5es. Tratam-se de processos facilitados pelas prote\u00ednas Gla que t\u00eam ampla distribui\u00e7\u00e3o nos tecidos, que s\u00e3o inativas a n\u00e3o ser que sejam carboxiladas pela vitamina K. Entre elas inclui-se uma prote\u00edna importante nos ossos, chamada Osteocalcina e outra denominada Prote\u00edna-Gla da Matriz (MGP). Na coagula\u00e7\u00e3o sangu\u00ednea a vitamina K \u00e9 necess\u00e1ria na s\u00edntese hep\u00e1tica de protrombina (fator II) e dos fatores de coagula\u00e7\u00e3o do sangue VII, IX e X que convertem o fibrog\u00e9nio sol\u00favel em fibrina insol\u00favel usada diretamente na forma\u00e7\u00e3o dos co\u00e1gulos.<\/p>\n<p data-start=\"1056\" data-end=\"1385\">No que respeita \u00e0 sa\u00fade \u00f3ssea, pesquisas indicam que a n\u00e3o carboxila\u00e7\u00e3o da prote\u00edna Gla osteocalcina, que se admite ser respons\u00e1vel pela qualidade do processo de mineraliza\u00e7\u00e3o \u00f3ssea, est\u00e1 correlacionada com uma baixa densidade \u00f3ssea e consequentemente com um maior fator de risco. A suplementa\u00e7\u00e3o de vitamina K2 reduziu a incid\u00eancia de fraturas e a taxa de perda de densidade mineral \u00f3ssea e aumentou a resist\u00eancia \u00f3ssea.<\/p>\n<p data-start=\"1387\" data-end=\"1830\">Na circula\u00e7\u00e3o sangu\u00ednea, pesquisas recentes revelaram que as prote\u00ednas Gla podem inibir a calcifica\u00e7\u00e3o dos vasos sangu\u00edneos e at\u00e9 mesmo reverter o processo de calcifica\u00e7\u00e3o e restaurar a flexibilidade arterial, mas que para este processo, \u00e9 necess\u00e1ria a vitamina K2. A MGP tem a capacidade de evitar o processo de calcifica\u00e7\u00e3o de art\u00e9rias e cartilagens em animais vivos. J\u00e1 foi demonstrado que a falta de MGP em seres humanos tem consequ\u00eancias patol\u00f3gicas importantes. Uma pesquisa recente sugere que formas subcarboxiladas de MGP est\u00e3o associadas a locais de calcifica\u00e7\u00e3o nos vasos.<\/p>\n<p data-start=\"1832\" data-end=\"1999\">A descoberta de que a MGP \u00e9 um regulador fundamental da calcifica\u00e7\u00e3o dos tecidos \u00e9 importante para pacientes diab\u00e9ticos, em que a calcifica\u00e7\u00e3o vascular \u00e9 um problema reconhecido.<\/p>\n<p data-start=\"2001\" data-end=\"2154\">Uma observa\u00e7\u00e3o intrigante \u00e9 que duas prote\u00ednas Gla (C e S), importantes para a manuten\u00e7\u00e3o do equil\u00edbrio entre sangramento e coagula\u00e7\u00e3o, tamb\u00e9m possuem outras fun\u00e7\u00f5es n\u00e3o relacionadas com a coagula\u00e7\u00e3o.<\/p>\n<p data-start=\"2156\" data-end=\"2225\">Na sua forma ativada, a prote\u00edna C possui a\u00e7\u00e3o anti-inflamat\u00f3ria direta.<\/p>\n<p data-start=\"2227\" data-end=\"2441\">Um estudo epidemiol\u00f3gico recente mostrou que um alto n\u00edvel de vitamina K estava associado com a baixa produ\u00e7\u00e3o de marcadores inflamat\u00f3rios. A prote\u00edna S (e uma prote\u00edna-Gla relacionada, denominada Gas6) est\u00e3o amplamente distribu\u00eddas nos tecidos.<\/p>\n<p data-start=\"2443\" data-end=\"2887\">Acredita-se que tenham fun\u00e7\u00f5es mais gerais na prote\u00e7\u00e3o da integridade celular, especialmente no C\u00e9rebro, pelo que manter a integridade estrutural dessas prote\u00ednas-Gla pode ser muito relevante. A sua descoberta levou a um renascimento da pesquisa sobre a vitamina K sendo importante enfatizar que, para todas as prote\u00ednas-Gla descobertas a presen\u00e7a da regi\u00e3o Gla \u00e9 essencial \u00e0 atividade biol\u00f3gica. Isto implica que em condi\u00e7\u00f5es de defici\u00eancia de vitamina K, as fun\u00e7\u00f5es dessas prote\u00ednas ficar\u00e3o comprometidas.<\/p>\n<p data-start=\"2889\" data-end=\"3079\"><strong>Ingredientes<\/strong><br data-start=\"2900\" data-end=\"2903\" \/>Outros ingredientes: Farinha de Arroz, Hipromelose (c\u00e1psula de celulose), Palmitato de Ascorbilo e Di\u00f3xido de Sil\u00edcio.<br data-start=\"3008\" data-end=\"3011\" \/>N\u00e3o cont\u00e9m: Trigo, ovo, gl\u00faten, soja, leite, peixe e marisco.<\/p>\n<p data-start=\"3081\" data-end=\"3170\"><strong>Composi\u00e7\u00e3o<\/strong><br data-start=\"3092\" data-end=\"3095\" \/>Por 2 c\u00e1psulas:<br data-start=\"3110\" data-end=\"3113\" \/>Vitamina K2 (como Menaquinona 7) (MK-7) - 200 mcg (267% VRN)<\/p>\n<p data-start=\"3172\" data-end=\"3218\"><strong>Modo de Utiliza\u00e7\u00e3o<\/strong><br data-start=\"3182\" data-end=\"3185\" \/>Tomar 2 c\u00e1psulas por dia, conforme a necessidade.<\/p>\n<p data-start=\"3220\" data-end=\"3501\" data-is-last-node=\"\" data-is-only-node=\"\"><strong>Avisos<\/strong><br data-start=\"3228\" data-end=\"3231\" \/>Manter fora do alcance das crian\u00e7as. N\u00e3o deve ser utilizado como substituto de um regime alimentar variado e equilibrado. N\u00e3o exceder as dosagens recomendadas. Consulte um m\u00e9dico se estiver gr\u00e1vida ou a amamentar, a tomar alguma medica\u00e7\u00e3o (especialmente anticoagulantes) ou se tiver algum problema de sa\u00fade.<\/p>","protected":false},"excerpt":{"rendered":"<p data-start=\"0\" data-end=\"27\">Osteop\u00e9nia e Osteoporose<\/p>\n<p data-start=\"29\" data-end=\"93\">\u2013 Ajudar na manuten\u00e7\u00e3o de ossos normais<br data-start=\"58\" data-end=\"61\" \/>\u2013 Ajudar na normal coagula\u00e7\u00e3o sangu\u00ednea<\/p>","protected":false},"featured_media":10384,"comment_status":"open","ping_status":"closed","template":"","meta":{"site-sidebar-layout":"default","site-content-layout":"","ast-site-content-layout":"default","site-content-style":"default","site-sidebar-style":"default","ast-global-header-display":"","ast-banner-title-visibility":"","ast-main-header-display":"","ast-hfb-above-header-display":"","ast-hfb-below-header-display":"","ast-hfb-mobile-header-display":"","site-post-title":"","ast-breadcrumbs-content":"","ast-featured-img":"","footer-sml-layout":"","theme-transparent-header-meta":"default","adv-header-id-meta":"","stick-header-meta":"","header-above-stick-meta":"","header-main-stick-meta":"","header-below-stick-meta":"","astra-migrate-meta-layouts":"set","ast-page-background-enabled":"default","ast-page-background-meta":{"desktop":{"background-color":"var(--ast-global-color-4)","background-image":"","background-repeat":"repeat","background-position":"center center","background-size":"auto","background-attachment":"scroll","background-type":"","background-media":"","overlay-type":"","overlay-color":"","overlay-opacity":"","overlay-gradient":""},"tablet":{"background-color":"","background-image":"","background-repeat":"repeat","background-position":"center center","background-size":"auto","background-attachment":"scroll","background-type":"","background-media":"","overlay-type":"","overlay-color":"","overlay-opacity":"","overlay-gradient":""},"mobile":{"background-color":"","background-image":"","background-repeat":"repeat","background-position":"center center","background-size":"auto","background-attachment":"scroll","background-type":"","background-media":"","overlay-type":"","overlay-color":"","overlay-opacity":"","overlay-gradient":""}},"ast-content-background-meta":{"desktop":{"background-color":"var(--ast-global-color-5)","background-image":"","background-repeat":"repeat","background-position":"center center","background-size":"auto","background-attachment":"scroll","background-type":"","background-media":"","overlay-type":"","overlay-color":"","overlay-opacity":"","overlay-gradient":""},"tablet":{"background-color":"var(--ast-global-color-5)","background-image":"","background-repeat":"repeat","background-position":"center center","background-size":"auto","background-attachment":"scroll","background-type":"","background-media":"","overlay-type":"","overlay-color":"","overlay-opacity":"","overlay-gradient":""},"mobile":{"background-color":"var(--ast-global-color-5)","background-image":"","background-repeat":"repeat","background-position":"center center","background-size":"auto","background-attachment":"scroll","background-type":"","background-media":"","overlay-type":"","overlay-color":"","overlay-opacity":"","overlay-gradient":""}}},"product_brand":[312],"product_cat":[291],"product_tag":[],"class_list":{"0":"post-10382","1":"product","2":"type-product","3":"status-publish","4":"has-post-thumbnail","6":"product_brand-now-foods","7":"product_cat-multivitamins","8":"desktop-align-center","9":"tablet-align-left","10":"mobile-align-left","12":"first","13":"instock","14":"shipping-taxable","15":"purchasable","16":"product-type-simple"},"yoast_head":"<!-- This site is optimized with the Yoast SEO Premium plugin v27.5 (Yoast SEO v27.5) - https:\/\/yoast.com\/product\/yoast-seo-premium-wordpress\/ -->\n<title>MK-7 Vitamin K2 100mcg \u2013 60 cap<\/title>\n<meta name=\"robots\" content=\"index, follow, max-snippet:-1, max-image-preview:large, max-video-preview:-1\" \/>\n<link rel=\"canonical\" href=\"https:\/\/nutrition4ushop.com\/pt\/produto\/mk-7-vitamin-k2-100mcg-60-cap\/\" \/>\n<meta property=\"og:locale\" content=\"pt_PT\" \/>\n<meta property=\"og:type\" content=\"article\" \/>\n<meta property=\"og:title\" content=\"MK-7 Vitamin K2 100mcg \u2013 60 cap\" \/>\n<meta property=\"og:description\" content=\"Osteopenia and Osteoporosis \u2013 Helps maintain normal bones\u2013 Supports normal blood clotting\" \/>\n<meta property=\"og:url\" content=\"https:\/\/nutrition4ushop.com\/pt\/produto\/mk-7-vitamin-k2-100mcg-60-cap\/\" \/>\n<meta property=\"og:site_name\" content=\"Nutrition4u\" \/>\n<meta property=\"article:publisher\" content=\"https:\/\/www.facebook.com\/p\/Nutrition4u-100063511002565\" \/>\n<meta property=\"article:modified_time\" content=\"2025-07-04T06:24:33+00:00\" \/>\n<meta property=\"og:image\" content=\"https:\/\/nutrition4ushop.com\/wp-content\/uploads\/2025\/07\/0992-MK7-Vitamin-K2-100mcg-60-capsulas-Now-nutribio-removebg-preview-e1751610140299.png\" \/>\n\t<meta property=\"og:image:width\" content=\"433\" \/>\n\t<meta property=\"og:image:height\" content=\"433\" \/>\n\t<meta property=\"og:image:type\" content=\"image\/png\" \/>\n<meta name=\"twitter:card\" content=\"summary_large_image\" \/>\n<meta name=\"twitter:label1\" content=\"pre\u00e7o\" \/>\n\t<meta name=\"twitter:data1\" content=\"38,00&nbsp;&euro;\" \/>\n\t<meta name=\"twitter:label2\" content=\"Disponibilidade\" \/>\n\t<meta name=\"twitter:data2\" content=\"Em stock\" \/>\n<script type=\"application\/ld+json\" class=\"yoast-schema-graph\">{\"@context\":\"https:\\\/\\\/schema.org\",\"@graph\":[{\"@type\":\"WebPage\",\"@id\":\"https:\\\/\\\/nutrition4ushop.com\\\/product\\\/mk-7-vitamin-k2-100mcg-60-cap\\\/\",\"url\":\"https:\\\/\\\/nutrition4ushop.com\\\/product\\\/mk-7-vitamin-k2-100mcg-60-cap\\\/\",\"name\":\"MK-7 Vitamin K2 100mcg \u2013 60 cap\",\"isPartOf\":{\"@id\":\"https:\\\/\\\/nutrition4ushop.com\\\/#website\"},\"primaryImageOfPage\":{\"@id\":\"https:\\\/\\\/nutrition4ushop.com\\\/product\\\/mk-7-vitamin-k2-100mcg-60-cap\\\/#primaryimage\"},\"image\":{\"@id\":\"https:\\\/\\\/nutrition4ushop.com\\\/product\\\/mk-7-vitamin-k2-100mcg-60-cap\\\/#primaryimage\"},\"thumbnailUrl\":\"https:\\\/\\\/nutrition4ushop.com\\\/wp-content\\\/uploads\\\/2025\\\/07\\\/0992-MK7-Vitamin-K2-100mcg-60-capsulas-Now-nutribio-removebg-preview-e1751610140299.png\",\"datePublished\":\"2025-07-04T06:21:32+00:00\",\"dateModified\":\"2025-07-04T06:24:33+00:00\",\"breadcrumb\":{\"@id\":\"https:\\\/\\\/nutrition4ushop.com\\\/product\\\/mk-7-vitamin-k2-100mcg-60-cap\\\/#breadcrumb\"},\"inLanguage\":\"pt-PT\",\"potentialAction\":[{\"@type\":\"ReadAction\",\"target\":[\"https:\\\/\\\/nutrition4ushop.com\\\/product\\\/mk-7-vitamin-k2-100mcg-60-cap\\\/\"]}]},{\"@type\":\"ImageObject\",\"inLanguage\":\"pt-PT\",\"@id\":\"https:\\\/\\\/nutrition4ushop.com\\\/product\\\/mk-7-vitamin-k2-100mcg-60-cap\\\/#primaryimage\",\"url\":\"https:\\\/\\\/nutrition4ushop.com\\\/wp-content\\\/uploads\\\/2025\\\/07\\\/0992-MK7-Vitamin-K2-100mcg-60-capsulas-Now-nutribio-removebg-preview-e1751610140299.png\",\"contentUrl\":\"https:\\\/\\\/nutrition4ushop.com\\\/wp-content\\\/uploads\\\/2025\\\/07\\\/0992-MK7-Vitamin-K2-100mcg-60-capsulas-Now-nutribio-removebg-preview-e1751610140299.png\",\"width\":433,\"height\":433},{\"@type\":\"BreadcrumbList\",\"@id\":\"https:\\\/\\\/nutrition4ushop.com\\\/product\\\/mk-7-vitamin-k2-100mcg-60-cap\\\/#breadcrumb\",\"itemListElement\":[{\"@type\":\"ListItem\",\"position\":1,\"name\":\"Home\",\"item\":\"https:\\\/\\\/nutrition4ushop.com\\\/\"},{\"@type\":\"ListItem\",\"position\":2,\"name\":\"Shop\",\"item\":\"https:\\\/\\\/nutrition4ushop.com\\\/shop\\\/\"},{\"@type\":\"ListItem\",\"position\":3,\"name\":\"MK-7 Vitamin K2 100mcg \u2013 60 cap\"}]},{\"@type\":\"WebSite\",\"@id\":\"https:\\\/\\\/nutrition4ushop.com\\\/#website\",\"url\":\"https:\\\/\\\/nutrition4ushop.com\\\/\",\"name\":\"Nutrition4u\",\"description\":\"\",\"publisher\":{\"@id\":\"https:\\\/\\\/nutrition4ushop.com\\\/#organization\"},\"potentialAction\":[{\"@type\":\"SearchAction\",\"target\":{\"@type\":\"EntryPoint\",\"urlTemplate\":\"https:\\\/\\\/nutrition4ushop.com\\\/?s={search_term_string}\"},\"query-input\":{\"@type\":\"PropertyValueSpecification\",\"valueRequired\":true,\"valueName\":\"search_term_string\"}}],\"inLanguage\":\"pt-PT\"},{\"@type\":[\"Organization\",\"Place\",\"SportingGoodsStore\"],\"@id\":\"https:\\\/\\\/nutrition4ushop.com\\\/#organization\",\"name\":\"Nutrition4u\",\"alternateName\":\"Nutrition4u\",\"url\":\"https:\\\/\\\/nutrition4ushop.com\\\/\",\"logo\":{\"@id\":\"https:\\\/\\\/nutrition4ushop.com\\\/product\\\/mk-7-vitamin-k2-100mcg-60-cap\\\/#local-main-organization-logo\"},\"image\":{\"@id\":\"https:\\\/\\\/nutrition4ushop.com\\\/product\\\/mk-7-vitamin-k2-100mcg-60-cap\\\/#local-main-organization-logo\"},\"sameAs\":[\"https:\\\/\\\/www.facebook.com\\\/p\\\/Nutrition4u-100063511002565\",\"https:\\\/\\\/www.instagram.com\\\/nutrition4u_by_rubengarradas\\\/\"],\"description\":\"Suplementos de qualidade. Suplementos e vitaminas Procell , Marvelous e muito mais. NUTRITION4U suplementos para todo o tipo de pessoas e atletas.\",\"publishingPrinciples\":\"https:\\\/\\\/nutrition4ushop.com\\\/about-us\\\/\",\"ownershipFundingInfo\":\"https:\\\/\\\/nutrition4ushop.com\\\/train-with-ruben-garradas\\\/\",\"actionableFeedbackPolicy\":\"https:\\\/\\\/nutrition4ushop.com\\\/cookies-policy\\\/\",\"ethicsPolicy\":\"https:\\\/\\\/nutrition4ushop.com\\\/terms-and-conditions\\\/\",\"address\":{\"@id\":\"https:\\\/\\\/nutrition4ushop.com\\\/product\\\/mk-7-vitamin-k2-100mcg-60-cap\\\/#local-main-place-address\"},\"telephone\":[],\"openingHoursSpecification\":[]},{\"@type\":\"PostalAddress\",\"@id\":\"https:\\\/\\\/nutrition4ushop.com\\\/product\\\/mk-7-vitamin-k2-100mcg-60-cap\\\/#local-main-place-address\",\"streetAddress\":\"R. 1\u00ba de Maio n\u00b035 Loja 221\",\"addressLocality\":\"Amora\",\"postalCode\":\"2845-162\",\"addressRegion\":\"Set\u00fabal\",\"addressCountry\":\"PT\"},{\"@type\":\"ImageObject\",\"inLanguage\":\"pt-PT\",\"@id\":\"https:\\\/\\\/nutrition4ushop.com\\\/product\\\/mk-7-vitamin-k2-100mcg-60-cap\\\/#local-main-organization-logo\",\"url\":\"https:\\\/\\\/nutrition4ushop.com\\\/wp-content\\\/uploads\\\/2024\\\/02\\\/WhatsApp-Image-2024-02-02-at-5.49.55-PM-1.jpeg\",\"contentUrl\":\"https:\\\/\\\/nutrition4ushop.com\\\/wp-content\\\/uploads\\\/2024\\\/02\\\/WhatsApp-Image-2024-02-02-at-5.49.55-PM-1.jpeg\",\"width\":1416,\"height\":1476,\"caption\":\"Nutrition4u\"}]}<\/script>\n<meta property=\"product:price:amount\" content=\"38.00\" \/>\n<meta property=\"product:price:currency\" content=\"EUR\" \/>\n<meta property=\"og:availability\" content=\"instock\" \/>\n<meta property=\"product:availability\" content=\"instock\" \/>\n<meta property=\"product:condition\" content=\"new\" \/>\n<meta name=\"geo.placename\" content=\"Amora\" \/>\n<meta name=\"geo.region\" content=\"Portugal\" \/>\n<!-- \/ Yoast SEO Premium plugin. -->","yoast_head_json":{"title":"MK-7 Vitamina K2 100mcg - 60 c\u00e1psulas","robots":{"index":"index","follow":"follow","max-snippet":"max-snippet:-1","max-image-preview":"max-image-preview:large","max-video-preview":"max-video-preview:-1"},"canonical":"https:\/\/nutrition4ushop.com\/pt\/produto\/mk-7-vitamin-k2-100mcg-60-cap\/","og_locale":"pt_PT","og_type":"article","og_title":"MK-7 Vitamin K2 100mcg \u2013 60 cap","og_description":"Osteopenia and Osteoporosis \u2013 Helps maintain normal bones\u2013 Supports normal blood clotting","og_url":"https:\/\/nutrition4ushop.com\/pt\/produto\/mk-7-vitamin-k2-100mcg-60-cap\/","og_site_name":"Nutrition4u","article_publisher":"https:\/\/www.facebook.com\/p\/Nutrition4u-100063511002565","article_modified_time":"2025-07-04T06:24:33+00:00","og_image":[{"width":433,"height":433,"url":"https:\/\/nutrition4ushop.com\/wp-content\/uploads\/2025\/07\/0992-MK7-Vitamin-K2-100mcg-60-capsulas-Now-nutribio-removebg-preview-e1751610140299.png","type":"image\/png"}],"twitter_card":"summary_large_image","twitter_misc":{"pre\u00e7o":"38,00&nbsp;&euro;","Disponibilidade":"Em stock"},"schema":{"@context":"https:\/\/schema.org","@graph":[{"@type":"WebPage","@id":"https:\/\/nutrition4ushop.com\/product\/mk-7-vitamin-k2-100mcg-60-cap\/","url":"https:\/\/nutrition4ushop.com\/product\/mk-7-vitamin-k2-100mcg-60-cap\/","name":"MK-7 Vitamina K2 100mcg - 60 c\u00e1psulas","isPartOf":{"@id":"https:\/\/nutrition4ushop.com\/#website"},"primaryImageOfPage":{"@id":"https:\/\/nutrition4ushop.com\/product\/mk-7-vitamin-k2-100mcg-60-cap\/#primaryimage"},"image":{"@id":"https:\/\/nutrition4ushop.com\/product\/mk-7-vitamin-k2-100mcg-60-cap\/#primaryimage"},"thumbnailUrl":"https:\/\/nutrition4ushop.com\/wp-content\/uploads\/2025\/07\/0992-MK7-Vitamin-K2-100mcg-60-capsulas-Now-nutribio-removebg-preview-e1751610140299.png","datePublished":"2025-07-04T06:21:32+00:00","dateModified":"2025-07-04T06:24:33+00:00","breadcrumb":{"@id":"https:\/\/nutrition4ushop.com\/product\/mk-7-vitamin-k2-100mcg-60-cap\/#breadcrumb"},"inLanguage":"pt-PT","potentialAction":[{"@type":"ReadAction","target":["https:\/\/nutrition4ushop.com\/product\/mk-7-vitamin-k2-100mcg-60-cap\/"]}]},{"@type":"ImageObject","inLanguage":"pt-PT","@id":"https:\/\/nutrition4ushop.com\/product\/mk-7-vitamin-k2-100mcg-60-cap\/#primaryimage","url":"https:\/\/nutrition4ushop.com\/wp-content\/uploads\/2025\/07\/0992-MK7-Vitamin-K2-100mcg-60-capsulas-Now-nutribio-removebg-preview-e1751610140299.png","contentUrl":"https:\/\/nutrition4ushop.com\/wp-content\/uploads\/2025\/07\/0992-MK7-Vitamin-K2-100mcg-60-capsulas-Now-nutribio-removebg-preview-e1751610140299.png","width":433,"height":433},{"@type":"BreadcrumbList","@id":"https:\/\/nutrition4ushop.com\/product\/mk-7-vitamin-k2-100mcg-60-cap\/#breadcrumb","itemListElement":[{"@type":"ListItem","position":1,"name":"Home","item":"https:\/\/nutrition4ushop.com\/"},{"@type":"ListItem","position":2,"name":"Shop","item":"https:\/\/nutrition4ushop.com\/shop\/"},{"@type":"ListItem","position":3,"name":"MK-7 Vitamin K2 100mcg \u2013 60 cap"}]},{"@type":"WebSite","@id":"https:\/\/nutrition4ushop.com\/#website","url":"https:\/\/nutrition4ushop.com\/","name":"Nutri\u00e7\u00e3o4u","description":"","publisher":{"@id":"https:\/\/nutrition4ushop.com\/#organization"},"potentialAction":[{"@type":"SearchAction","target":{"@type":"EntryPoint","urlTemplate":"https:\/\/nutrition4ushop.com\/?s={search_term_string}"},"query-input":{"@type":"PropertyValueSpecification","valueRequired":true,"valueName":"search_term_string"}}],"inLanguage":"pt-PT"},{"@type":["Organization","Place","SportingGoodsStore"],"@id":"https:\/\/nutrition4ushop.com\/#organization","name":"Nutri\u00e7\u00e3o4u","alternateName":"Nutrition4u","url":"https:\/\/nutrition4ushop.com\/","logo":{"@id":"https:\/\/nutrition4ushop.com\/product\/mk-7-vitamin-k2-100mcg-60-cap\/#local-main-organization-logo"},"image":{"@id":"https:\/\/nutrition4ushop.com\/product\/mk-7-vitamin-k2-100mcg-60-cap\/#local-main-organization-logo"},"sameAs":["https:\/\/www.facebook.com\/p\/Nutrition4u-100063511002565","https:\/\/www.instagram.com\/nutrition4u_by_rubengarradas\/"],"description":"Suplementos de qualidade. Suplementos e vitaminas Procell , Marvelous e muito mais. NUTRITION4U suplementos para todo o tipo de pessoas e atletas.","publishingPrinciples":"https:\/\/nutrition4ushop.com\/about-us\/","ownershipFundingInfo":"https:\/\/nutrition4ushop.com\/train-with-ruben-garradas\/","actionableFeedbackPolicy":"https:\/\/nutrition4ushop.com\/cookies-policy\/","ethicsPolicy":"https:\/\/nutrition4ushop.com\/terms-and-conditions\/","address":{"@id":"https:\/\/nutrition4ushop.com\/product\/mk-7-vitamin-k2-100mcg-60-cap\/#local-main-place-address"},"telephone":[],"openingHoursSpecification":[]},{"@type":"PostalAddress","@id":"https:\/\/nutrition4ushop.com\/product\/mk-7-vitamin-k2-100mcg-60-cap\/#local-main-place-address","streetAddress":"R. 1\u00ba de Maio n\u00b035 Loja 221","addressLocality":"Amora","postalCode":"2845-162","addressRegion":"Set\u00fabal","addressCountry":"PT"},{"@type":"ImageObject","inLanguage":"pt-PT","@id":"https:\/\/nutrition4ushop.com\/product\/mk-7-vitamin-k2-100mcg-60-cap\/#local-main-organization-logo","url":"https:\/\/nutrition4ushop.com\/wp-content\/uploads\/2024\/02\/WhatsApp-Image-2024-02-02-at-5.49.55-PM-1.jpeg","contentUrl":"https:\/\/nutrition4ushop.com\/wp-content\/uploads\/2024\/02\/WhatsApp-Image-2024-02-02-at-5.49.55-PM-1.jpeg","width":1416,"height":1476,"caption":"Nutrition4u"}]},"product_price_amount":"38.00","product_price_currency":"EUR","og_availability":"instock","product_availability":"instock","product_condition":"new","geo.placename":"Amora","geo.region":"Portugal"},"publishpress_future_action":{"enabled":false,"date":"2026-05-22 11:16:04","action":"change-status","newStatus":"draft","terms":[],"taxonomy":"product_brand","extraData":[]},"publishpress_future_workflow_manual_trigger":{"enabledWorkflows":[]},"tiered_pricing_type":"fixed","tiered_pricing_fixed_rules":[],"tiered_pricing_product_settings":{"layout":"default","base_unit_name":{"singular":null,"plural":null},"default_variation":null},"tiered_pricing_minimum_quantity":null,"tiered_pricing_roles_data":[],"tiered_pricing_percentage_rules":[],"tiered_pricing_maximum_quantity":null,"tiered_pricing_quantity_step":null,"_links":{"self":[{"href":"https:\/\/nutrition4ushop.com\/pt\/wp-json\/wp\/v2\/product\/10382","targetHints":{"allow":["GET"]}}],"collection":[{"href":"https:\/\/nutrition4ushop.com\/pt\/wp-json\/wp\/v2\/product"}],"about":[{"href":"https:\/\/nutrition4ushop.com\/pt\/wp-json\/wp\/v2\/types\/product"}],"replies":[{"embeddable":true,"href":"https:\/\/nutrition4ushop.com\/pt\/wp-json\/wp\/v2\/comments?post=10382"}],"version-history":[{"count":3,"href":"https:\/\/nutrition4ushop.com\/pt\/wp-json\/wp\/v2\/product\/10382\/revisions"}],"predecessor-version":[{"id":10386,"href":"https:\/\/nutrition4ushop.com\/pt\/wp-json\/wp\/v2\/product\/10382\/revisions\/10386"}],"wp:featuredmedia":[{"embeddable":true,"href":"https:\/\/nutrition4ushop.com\/pt\/wp-json\/wp\/v2\/media\/10384"}],"wp:attachment":[{"href":"https:\/\/nutrition4ushop.com\/pt\/wp-json\/wp\/v2\/media?parent=10382"}],"wp:term":[{"taxonomy":"product_brand","embeddable":true,"href":"https:\/\/nutrition4ushop.com\/pt\/wp-json\/wp\/v2\/product_brand?post=10382"},{"taxonomy":"product_cat","embeddable":true,"href":"https:\/\/nutrition4ushop.com\/pt\/wp-json\/wp\/v2\/product_cat?post=10382"},{"taxonomy":"product_tag","embeddable":true,"href":"https:\/\/nutrition4ushop.com\/pt\/wp-json\/wp\/v2\/product_tag?post=10382"}],"curies":[{"name":"wp","href":"https:\/\/api.w.org\/{rel}","templated":true}]}}