{"id":10410,"date":"2025-07-04T15:30:48","date_gmt":"2025-07-04T15:30:48","guid":{"rendered":"https:\/\/nutrition4ushop.com\/?post_type=product&#038;p=10410"},"modified":"2025-07-04T15:30:49","modified_gmt":"2025-07-04T15:30:49","slug":"zinc-picolinate-50mg-60-cap","status":"publish","type":"product","link":"https:\/\/nutrition4ushop.com\/pt\/product\/zinc-picolinate-50mg-60-cap\/","title":{"rendered":"Picolinato de zinco 50mg - 60 cap"},"content":{"rendered":"<p data-start=\"221\" data-end=\"362\">O zinco \u00e9 essencial para a fun\u00e7\u00e3o normal de diversos \u00f3rg\u00e3os e sistemas do corpo, incluindo os sistemas do osteoarticular, sistema imunol\u00f3gico, neurol\u00f3gicos e end\u00f3crinas.<\/p>\n<p data-start=\"364\" data-end=\"529\">O zinco \u00e9 um co-factor mineral necess\u00e1rio para centenas de reac\u00e7\u00f5es enzim\u00e1ticas relacionadas com o metabolismo de prote\u00ednas e hidratos de carbono, s\u00edntese de RNA\/DNA e sinaliza\u00e7\u00e3o intercelular.<\/p>\n<p data-start=\"531\" data-end=\"659\">Tamb\u00e9m \u00e9 conhecido por desempenhar um papel cr\u00edtico nas actividades de neutraliza\u00e7\u00e3o radical livre do organismo e \u00e9 especialmente \u00fatil para a manuten\u00e7\u00e3o de um envelhecimento saud\u00e1vel.<\/p>\n<p data-start=\"661\" data-end=\"778\"><strong data-start=\"661\" data-end=\"676\">Ingredientes<\/strong><br data-start=\"676\" data-end=\"679\" \/>Outros Ingredientes: Farinha de arroz, Hipromelose (c\u00e1psula de celulose) e \u00c1cido este\u00e1rico (fonte vegetal).<\/p>\n<p data-start=\"780\" data-end=\"852\"><strong data-start=\"780\" data-end=\"795\">Composi\u00e7\u00e3o<\/strong><br data-start=\"795\" data-end=\"798\" \/>Por 1 c\u00e1psula:<br data-start=\"812\" data-end=\"815\" \/>Zinco (de picolinato de zinco) - 50 mg<\/p>\n<p data-start=\"854\" data-end=\"926\"><strong data-start=\"854\" data-end=\"876\">Modo De Utiliza\u00e7\u00e3o<\/strong><br data-start=\"876\" data-end=\"879\" \/>Tomar 1 c\u00e1psula por dia, de prefer\u00eancia com a refei\u00e7\u00e3o.<\/p>\n<p data-start=\"928\" data-end=\"1350\" data-is-last-node=\"\" data-is-only-node=\"\"><strong data-start=\"928\" data-end=\"940\">Avisos<\/strong><br data-start=\"940\" data-end=\"943\" \/>Os suplementos alimentares n\u00e3o devem ser utilizados como substitutos de um regime alimentar variado e equilibrado e de um modo de vida saud\u00e1vel. Manter fora do alcance e vis\u00e3o das crian\u00e7as. N\u00e3o exceder as dosagens recomendadas. Manter em local fresco e seco, ao abrigo da luz, calor e humidade. Em caso de gravidez ou amamenta\u00e7\u00e3o a toma deve ser feita sob indica\u00e7\u00e3o m\u00e9dica. N\u00e3o utilizar em caso de hipersensibilidade, alergia e quando estejam descritas intera\u00e7\u00f5es de outro produto com qualquer um dos constituintes da formula\u00e7\u00e3o.<\/p>","protected":false},"excerpt":{"rendered":"<p>\u2013 Em caso de necessidade acrescida de zinco (a f\u00f3rmula de picolinato \u00e9 uma f\u00f3rmula de elevada assimila\u00e7\u00e3o e \u00e9 bem tolerada pelo organismo)<br data-start=\"92\" data-end=\"95\" \/>\u2013 Manuten\u00e7\u00e3o de uma saud\u00e1vel fun\u00e7\u00e3o sexual masculina<br data-start=\"130\" data-end=\"133\" \/>\u2013 Est\u00edmula\u00e7\u00e3o da fun\u00e7\u00e3o imunit\u00e1ria<br data-start=\"161\" data-end=\"164\" \/>\u2013 Diminui\u00e7\u00e3o da sintomatologia associada a acne, furunculoses e outras afec\u00e7\u00f5es cut\u00e2neas<\/p>","protected":false},"featured_media":10411,"comment_status":"open","ping_status":"closed","template":"","meta":{"site-sidebar-layout":"default","site-content-layout":"","ast-site-content-layout":"default","site-content-style":"default","site-sidebar-style":"default","ast-global-header-display":"","ast-banner-title-visibility":"","ast-main-header-display":"","ast-hfb-above-header-display":"","ast-hfb-below-header-display":"","ast-hfb-mobile-header-display":"","site-post-title":"","ast-breadcrumbs-content":"","ast-featured-img":"","footer-sml-layout":"","theme-transparent-header-meta":"default","adv-header-id-meta":"","stick-header-meta":"","header-above-stick-meta":"","header-main-stick-meta":"","header-below-stick-meta":"","astra-migrate-meta-layouts":"set","ast-page-background-enabled":"default","ast-page-background-meta":{"desktop":{"background-color":"var(--ast-global-color-4)","background-image":"","background-repeat":"repeat","background-position":"center center","background-size":"auto","background-attachment":"scroll","background-type":"","background-media":"","overlay-type":"","overlay-color":"","overlay-opacity":"","overlay-gradient":""},"tablet":{"background-color":"","background-image":"","background-repeat":"repeat","background-position":"center center","background-size":"auto","background-attachment":"scroll","background-type":"","background-media":"","overlay-type":"","overlay-color":"","overlay-opacity":"","overlay-gradient":""},"mobile":{"background-color":"","background-image":"","background-repeat":"repeat","background-position":"center center","background-size":"auto","background-attachment":"scroll","background-type":"","background-media":"","overlay-type":"","overlay-color":"","overlay-opacity":"","overlay-gradient":""}},"ast-content-background-meta":{"desktop":{"background-color":"var(--ast-global-color-5)","background-image":"","background-repeat":"repeat","background-position":"center center","background-size":"auto","background-attachment":"scroll","background-type":"","background-media":"","overlay-type":"","overlay-color":"","overlay-opacity":"","overlay-gradient":""},"tablet":{"background-color":"var(--ast-global-color-5)","background-image":"","background-repeat":"repeat","background-position":"center center","background-size":"auto","background-attachment":"scroll","background-type":"","background-media":"","overlay-type":"","overlay-color":"","overlay-opacity":"","overlay-gradient":""},"mobile":{"background-color":"var(--ast-global-color-5)","background-image":"","background-repeat":"repeat","background-position":"center center","background-size":"auto","background-attachment":"scroll","background-type":"","background-media":"","overlay-type":"","overlay-color":"","overlay-opacity":"","overlay-gradient":""}}},"product_brand":[312],"product_cat":[291],"product_tag":[],"class_list":{"0":"post-10410","1":"product","2":"type-product","3":"status-publish","4":"has-post-thumbnail","6":"product_brand-now-foods","7":"product_cat-multivitamins","8":"desktop-align-center","9":"tablet-align-left","10":"mobile-align-left","12":"first","13":"instock","14":"shipping-taxable","15":"purchasable","16":"product-type-simple"},"yoast_head":"<!-- This site is optimized with the Yoast SEO Premium plugin v27.0 (Yoast SEO v27.0) - https:\/\/yoast.com\/product\/yoast-seo-premium-wordpress\/ -->\n<title>Zinc picolinate 50mg \u2013 60 cap<\/title>\n<meta name=\"robots\" content=\"index, follow, max-snippet:-1, max-image-preview:large, max-video-preview:-1\" \/>\n<link rel=\"canonical\" href=\"https:\/\/nutrition4ushop.com\/pt\/produto\/zinc-picolinate-50mg-60-cap\/\" \/>\n<meta property=\"og:locale\" content=\"pt_PT\" \/>\n<meta property=\"og:type\" content=\"article\" \/>\n<meta property=\"og:title\" content=\"Zinc picolinate 50mg \u2013 60 cap\" \/>\n<meta property=\"og:description\" content=\"\u2013 For increased zinc needs (highly absorbable and well-tolerated form)\u2013 Supports male reproductive health\u2013 Stimulates immune function\u2013 Helps reduce acne, boils, and other skin conditions\" \/>\n<meta property=\"og:url\" content=\"https:\/\/nutrition4ushop.com\/pt\/produto\/zinc-picolinate-50mg-60-cap\/\" \/>\n<meta property=\"og:site_name\" content=\"Nutrition4u\" \/>\n<meta property=\"article:publisher\" content=\"https:\/\/www.facebook.com\/p\/Nutrition4u-100063511002565\" \/>\n<meta property=\"article:modified_time\" content=\"2025-07-04T15:30:49+00:00\" \/>\n<meta property=\"og:image\" content=\"https:\/\/nutrition4ushop.com\/wp-content\/uploads\/2025\/07\/0733739015501-Zinc-picolinate-50mg-60-capsulas-Now-nutribio-removebg-preview-e1751642969990.png\" \/>\n\t<meta property=\"og:image:width\" content=\"433\" \/>\n\t<meta property=\"og:image:height\" content=\"433\" \/>\n\t<meta property=\"og:image:type\" content=\"image\/png\" \/>\n<meta name=\"twitter:card\" content=\"summary_large_image\" \/>\n<meta name=\"twitter:label1\" content=\"pre\u00e7o\" \/>\n\t<meta name=\"twitter:data1\" content=\"15,00&nbsp;&euro;\" \/>\n\t<meta name=\"twitter:label2\" content=\"Disponibilidade\" \/>\n\t<meta name=\"twitter:data2\" content=\"Em stock\" \/>\n<script type=\"application\/ld+json\" class=\"yoast-schema-graph\">{\"@context\":\"https:\/\/schema.org\",\"@graph\":[{\"@type\":\"WebPage\",\"@id\":\"https:\/\/nutrition4ushop.com\/product\/zinc-picolinate-50mg-60-cap\/\",\"url\":\"https:\/\/nutrition4ushop.com\/product\/zinc-picolinate-50mg-60-cap\/\",\"name\":\"Zinc picolinate 50mg \u2013 60 cap\",\"isPartOf\":{\"@id\":\"https:\/\/nutrition4ushop.com\/#website\"},\"primaryImageOfPage\":{\"@id\":\"https:\/\/nutrition4ushop.com\/product\/zinc-picolinate-50mg-60-cap\/#primaryimage\"},\"image\":{\"@id\":\"https:\/\/nutrition4ushop.com\/product\/zinc-picolinate-50mg-60-cap\/#primaryimage\"},\"thumbnailUrl\":\"https:\/\/nutrition4ushop.com\/wp-content\/uploads\/2025\/07\/0733739015501-Zinc-picolinate-50mg-60-capsulas-Now-nutribio-removebg-preview-e1751642969990.png\",\"datePublished\":\"2025-07-04T15:30:48+00:00\",\"dateModified\":\"2025-07-04T15:30:49+00:00\",\"breadcrumb\":{\"@id\":\"https:\/\/nutrition4ushop.com\/product\/zinc-picolinate-50mg-60-cap\/#breadcrumb\"},\"inLanguage\":\"pt-PT\",\"potentialAction\":[{\"@type\":\"ReadAction\",\"target\":[\"https:\/\/nutrition4ushop.com\/product\/zinc-picolinate-50mg-60-cap\/\"]}]},{\"@type\":\"ImageObject\",\"inLanguage\":\"pt-PT\",\"@id\":\"https:\/\/nutrition4ushop.com\/product\/zinc-picolinate-50mg-60-cap\/#primaryimage\",\"url\":\"https:\/\/nutrition4ushop.com\/wp-content\/uploads\/2025\/07\/0733739015501-Zinc-picolinate-50mg-60-capsulas-Now-nutribio-removebg-preview-e1751642969990.png\",\"contentUrl\":\"https:\/\/nutrition4ushop.com\/wp-content\/uploads\/2025\/07\/0733739015501-Zinc-picolinate-50mg-60-capsulas-Now-nutribio-removebg-preview-e1751642969990.png\",\"width\":433,\"height\":433},{\"@type\":\"BreadcrumbList\",\"@id\":\"https:\/\/nutrition4ushop.com\/product\/zinc-picolinate-50mg-60-cap\/#breadcrumb\",\"itemListElement\":[{\"@type\":\"ListItem\",\"position\":1,\"name\":\"Home\",\"item\":\"https:\/\/nutrition4ushop.com\/\"},{\"@type\":\"ListItem\",\"position\":2,\"name\":\"Shop\",\"item\":\"https:\/\/nutrition4ushop.com\/shop\/\"},{\"@type\":\"ListItem\",\"position\":3,\"name\":\"Zinc picolinate 50mg \u2013 60 cap\"}]},{\"@type\":\"WebSite\",\"@id\":\"https:\/\/nutrition4ushop.com\/#website\",\"url\":\"https:\/\/nutrition4ushop.com\/\",\"name\":\"Nutrition4u\",\"description\":\"\",\"publisher\":{\"@id\":\"https:\/\/nutrition4ushop.com\/#organization\"},\"potentialAction\":[{\"@type\":\"SearchAction\",\"target\":{\"@type\":\"EntryPoint\",\"urlTemplate\":\"https:\/\/nutrition4ushop.com\/?s={search_term_string}\"},\"query-input\":{\"@type\":\"PropertyValueSpecification\",\"valueRequired\":true,\"valueName\":\"search_term_string\"}}],\"inLanguage\":\"pt-PT\"},{\"@type\":[\"Organization\",\"Place\",\"SportingGoodsStore\"],\"@id\":\"https:\/\/nutrition4ushop.com\/#organization\",\"name\":\"Nutrition4u\",\"alternateName\":\"Nutrition4u\",\"url\":\"https:\/\/nutrition4ushop.com\/\",\"logo\":{\"@id\":\"https:\/\/nutrition4ushop.com\/product\/zinc-picolinate-50mg-60-cap\/#local-main-organization-logo\"},\"image\":{\"@id\":\"https:\/\/nutrition4ushop.com\/product\/zinc-picolinate-50mg-60-cap\/#local-main-organization-logo\"},\"sameAs\":[\"https:\/\/www.facebook.com\/p\/Nutrition4u-100063511002565\",\"https:\/\/www.instagram.com\/nutrition4u_by_rubengarradas\/\"],\"description\":\"Suplementos de qualidade. Suplementos e vitaminas Procell , Marvelous e muito mais. NUTRITION4U suplementos para todo o tipo de pessoas e atletas.\",\"publishingPrinciples\":\"https:\/\/nutrition4ushop.com\/about-us\/\",\"ownershipFundingInfo\":\"https:\/\/nutrition4ushop.com\/train-with-ruben-garradas\/\",\"actionableFeedbackPolicy\":\"https:\/\/nutrition4ushop.com\/cookies-policy\/\",\"ethicsPolicy\":\"https:\/\/nutrition4ushop.com\/terms-and-conditions\/\",\"address\":{\"@id\":\"https:\/\/nutrition4ushop.com\/product\/zinc-picolinate-50mg-60-cap\/#local-main-place-address\"},\"telephone\":[],\"openingHoursSpecification\":[]},{\"@type\":\"PostalAddress\",\"@id\":\"https:\/\/nutrition4ushop.com\/product\/zinc-picolinate-50mg-60-cap\/#local-main-place-address\",\"streetAddress\":\"R. 1\u00ba de Maio n\u00b035 Loja 221\",\"addressLocality\":\"Amora\",\"postalCode\":\"2845-162\",\"addressRegion\":\"Set\u00fabal\",\"addressCountry\":\"PT\"},{\"@type\":\"ImageObject\",\"inLanguage\":\"pt-PT\",\"@id\":\"https:\/\/nutrition4ushop.com\/product\/zinc-picolinate-50mg-60-cap\/#local-main-organization-logo\",\"url\":\"https:\/\/nutrition4ushop.com\/wp-content\/uploads\/2024\/02\/WhatsApp-Image-2024-02-02-at-5.49.55-PM-1.jpeg\",\"contentUrl\":\"https:\/\/nutrition4ushop.com\/wp-content\/uploads\/2024\/02\/WhatsApp-Image-2024-02-02-at-5.49.55-PM-1.jpeg\",\"width\":1416,\"height\":1476,\"caption\":\"Nutrition4u\"}]}<\/script>\n<meta property=\"product:price:amount\" content=\"15.00\" \/>\n<meta property=\"product:price:currency\" content=\"EUR\" \/>\n<meta property=\"og:availability\" content=\"instock\" \/>\n<meta property=\"product:availability\" content=\"instock\" \/>\n<meta property=\"product:condition\" content=\"new\" \/>\n<meta name=\"geo.placename\" content=\"Amora\" \/>\n<meta name=\"geo.region\" content=\"Portugal\" \/>\n<!-- \/ Yoast SEO Premium plugin. -->","yoast_head_json":{"title":"Picolinato de zinco 50mg - 60 cap","robots":{"index":"index","follow":"follow","max-snippet":"max-snippet:-1","max-image-preview":"max-image-preview:large","max-video-preview":"max-video-preview:-1"},"canonical":"https:\/\/nutrition4ushop.com\/pt\/produto\/zinc-picolinate-50mg-60-cap\/","og_locale":"pt_PT","og_type":"article","og_title":"Zinc picolinate 50mg \u2013 60 cap","og_description":"\u2013 For increased zinc needs (highly absorbable and well-tolerated form)\u2013 Supports male reproductive health\u2013 Stimulates immune function\u2013 Helps reduce acne, boils, and other skin conditions","og_url":"https:\/\/nutrition4ushop.com\/pt\/produto\/zinc-picolinate-50mg-60-cap\/","og_site_name":"Nutrition4u","article_publisher":"https:\/\/www.facebook.com\/p\/Nutrition4u-100063511002565","article_modified_time":"2025-07-04T15:30:49+00:00","og_image":[{"width":433,"height":433,"url":"https:\/\/nutrition4ushop.com\/wp-content\/uploads\/2025\/07\/0733739015501-Zinc-picolinate-50mg-60-capsulas-Now-nutribio-removebg-preview-e1751642969990.png","type":"image\/png"}],"twitter_card":"summary_large_image","twitter_misc":{"pre\u00e7o":"15,00&nbsp;&euro;","Disponibilidade":"Em stock"},"schema":{"@context":"https:\/\/schema.org","@graph":[{"@type":"WebPage","@id":"https:\/\/nutrition4ushop.com\/product\/zinc-picolinate-50mg-60-cap\/","url":"https:\/\/nutrition4ushop.com\/product\/zinc-picolinate-50mg-60-cap\/","name":"Picolinato de zinco 50mg - 60 cap","isPartOf":{"@id":"https:\/\/nutrition4ushop.com\/#website"},"primaryImageOfPage":{"@id":"https:\/\/nutrition4ushop.com\/product\/zinc-picolinate-50mg-60-cap\/#primaryimage"},"image":{"@id":"https:\/\/nutrition4ushop.com\/product\/zinc-picolinate-50mg-60-cap\/#primaryimage"},"thumbnailUrl":"https:\/\/nutrition4ushop.com\/wp-content\/uploads\/2025\/07\/0733739015501-Zinc-picolinate-50mg-60-capsulas-Now-nutribio-removebg-preview-e1751642969990.png","datePublished":"2025-07-04T15:30:48+00:00","dateModified":"2025-07-04T15:30:49+00:00","breadcrumb":{"@id":"https:\/\/nutrition4ushop.com\/product\/zinc-picolinate-50mg-60-cap\/#breadcrumb"},"inLanguage":"pt-PT","potentialAction":[{"@type":"ReadAction","target":["https:\/\/nutrition4ushop.com\/product\/zinc-picolinate-50mg-60-cap\/"]}]},{"@type":"ImageObject","inLanguage":"pt-PT","@id":"https:\/\/nutrition4ushop.com\/product\/zinc-picolinate-50mg-60-cap\/#primaryimage","url":"https:\/\/nutrition4ushop.com\/wp-content\/uploads\/2025\/07\/0733739015501-Zinc-picolinate-50mg-60-capsulas-Now-nutribio-removebg-preview-e1751642969990.png","contentUrl":"https:\/\/nutrition4ushop.com\/wp-content\/uploads\/2025\/07\/0733739015501-Zinc-picolinate-50mg-60-capsulas-Now-nutribio-removebg-preview-e1751642969990.png","width":433,"height":433},{"@type":"BreadcrumbList","@id":"https:\/\/nutrition4ushop.com\/product\/zinc-picolinate-50mg-60-cap\/#breadcrumb","itemListElement":[{"@type":"ListItem","position":1,"name":"Home","item":"https:\/\/nutrition4ushop.com\/"},{"@type":"ListItem","position":2,"name":"Shop","item":"https:\/\/nutrition4ushop.com\/shop\/"},{"@type":"ListItem","position":3,"name":"Zinc picolinate 50mg \u2013 60 cap"}]},{"@type":"WebSite","@id":"https:\/\/nutrition4ushop.com\/#website","url":"https:\/\/nutrition4ushop.com\/","name":"Nutri\u00e7\u00e3o4u","description":"","publisher":{"@id":"https:\/\/nutrition4ushop.com\/#organization"},"potentialAction":[{"@type":"SearchAction","target":{"@type":"EntryPoint","urlTemplate":"https:\/\/nutrition4ushop.com\/?s={search_term_string}"},"query-input":{"@type":"PropertyValueSpecification","valueRequired":true,"valueName":"search_term_string"}}],"inLanguage":"pt-PT"},{"@type":["Organization","Place","SportingGoodsStore"],"@id":"https:\/\/nutrition4ushop.com\/#organization","name":"Nutri\u00e7\u00e3o4u","alternateName":"Nutrition4u","url":"https:\/\/nutrition4ushop.com\/","logo":{"@id":"https:\/\/nutrition4ushop.com\/product\/zinc-picolinate-50mg-60-cap\/#local-main-organization-logo"},"image":{"@id":"https:\/\/nutrition4ushop.com\/product\/zinc-picolinate-50mg-60-cap\/#local-main-organization-logo"},"sameAs":["https:\/\/www.facebook.com\/p\/Nutrition4u-100063511002565","https:\/\/www.instagram.com\/nutrition4u_by_rubengarradas\/"],"description":"Suplementos de qualidade. Suplementos e vitaminas Procell , Marvelous e muito mais. NUTRITION4U suplementos para todo o tipo de pessoas e atletas.","publishingPrinciples":"https:\/\/nutrition4ushop.com\/about-us\/","ownershipFundingInfo":"https:\/\/nutrition4ushop.com\/train-with-ruben-garradas\/","actionableFeedbackPolicy":"https:\/\/nutrition4ushop.com\/cookies-policy\/","ethicsPolicy":"https:\/\/nutrition4ushop.com\/terms-and-conditions\/","address":{"@id":"https:\/\/nutrition4ushop.com\/product\/zinc-picolinate-50mg-60-cap\/#local-main-place-address"},"telephone":[],"openingHoursSpecification":[]},{"@type":"PostalAddress","@id":"https:\/\/nutrition4ushop.com\/product\/zinc-picolinate-50mg-60-cap\/#local-main-place-address","streetAddress":"R. 1\u00ba de Maio n\u00b035 Loja 221","addressLocality":"Amora","postalCode":"2845-162","addressRegion":"Set\u00fabal","addressCountry":"PT"},{"@type":"ImageObject","inLanguage":"pt-PT","@id":"https:\/\/nutrition4ushop.com\/product\/zinc-picolinate-50mg-60-cap\/#local-main-organization-logo","url":"https:\/\/nutrition4ushop.com\/wp-content\/uploads\/2024\/02\/WhatsApp-Image-2024-02-02-at-5.49.55-PM-1.jpeg","contentUrl":"https:\/\/nutrition4ushop.com\/wp-content\/uploads\/2024\/02\/WhatsApp-Image-2024-02-02-at-5.49.55-PM-1.jpeg","width":1416,"height":1476,"caption":"Nutrition4u"}]},"product_price_amount":"15.00","product_price_currency":"EUR","og_availability":"instock","product_availability":"instock","product_condition":"new","geo.placename":"Amora","geo.region":"Portugal"},"publishpress_future_action":{"enabled":false,"date":"2026-04-24 09:16:16","action":"change-status","newStatus":"draft","terms":[],"taxonomy":"product_brand","extraData":[]},"publishpress_future_workflow_manual_trigger":{"enabledWorkflows":[]},"tiered_pricing_type":"fixed","tiered_pricing_fixed_rules":[],"tiered_pricing_product_settings":{"layout":"default","base_unit_name":{"singular":null,"plural":null},"default_variation":null},"tiered_pricing_minimum_quantity":null,"tiered_pricing_roles_data":[],"tiered_pricing_percentage_rules":[],"tiered_pricing_maximum_quantity":null,"tiered_pricing_quantity_step":null,"_links":{"self":[{"href":"https:\/\/nutrition4ushop.com\/pt\/wp-json\/wp\/v2\/product\/10410","targetHints":{"allow":["GET"]}}],"collection":[{"href":"https:\/\/nutrition4ushop.com\/pt\/wp-json\/wp\/v2\/product"}],"about":[{"href":"https:\/\/nutrition4ushop.com\/pt\/wp-json\/wp\/v2\/types\/product"}],"replies":[{"embeddable":true,"href":"https:\/\/nutrition4ushop.com\/pt\/wp-json\/wp\/v2\/comments?post=10410"}],"version-history":[{"count":1,"href":"https:\/\/nutrition4ushop.com\/pt\/wp-json\/wp\/v2\/product\/10410\/revisions"}],"predecessor-version":[{"id":10412,"href":"https:\/\/nutrition4ushop.com\/pt\/wp-json\/wp\/v2\/product\/10410\/revisions\/10412"}],"wp:featuredmedia":[{"embeddable":true,"href":"https:\/\/nutrition4ushop.com\/pt\/wp-json\/wp\/v2\/media\/10411"}],"wp:attachment":[{"href":"https:\/\/nutrition4ushop.com\/pt\/wp-json\/wp\/v2\/media?parent=10410"}],"wp:term":[{"taxonomy":"product_brand","embeddable":true,"href":"https:\/\/nutrition4ushop.com\/pt\/wp-json\/wp\/v2\/product_brand?post=10410"},{"taxonomy":"product_cat","embeddable":true,"href":"https:\/\/nutrition4ushop.com\/pt\/wp-json\/wp\/v2\/product_cat?post=10410"},{"taxonomy":"product_tag","embeddable":true,"href":"https:\/\/nutrition4ushop.com\/pt\/wp-json\/wp\/v2\/product_tag?post=10410"}],"curies":[{"name":"wp","href":"https:\/\/api.w.org\/{rel}","templated":true}]}}