{"id":10418,"date":"2025-07-04T16:40:33","date_gmt":"2025-07-04T16:40:33","guid":{"rendered":"https:\/\/nutrition4ushop.com\/?post_type=product&#038;p=10418"},"modified":"2025-07-04T16:40:33","modified_gmt":"2025-07-04T16:40:33","slug":"selenium-200-mcg-90-cap","status":"publish","type":"product","link":"https:\/\/nutrition4ushop.com\/pt\/product\/selenium-200-mcg-90-cap\/","title":{"rendered":"Sel\u00e9nio 200 mcg - 90 cap"},"content":{"rendered":"<p data-start=\"219\" data-end=\"339\">NOW Selenium 200 mcg \u00e9 um suplemento livre de produtos fermentados que fornece a forma org\u00e2nica, e naturalmente presente em alimentos, de Sel\u00e9nio (L-selenometionina).<\/p>\n<p data-start=\"341\" data-end=\"602\">Este micronutriente \u00e9 importante para um bom funcionamento imunit\u00e1rio, para a normal fun\u00e7\u00e3o da tir\u00f3ide e produ\u00e7\u00e3o de respetivas hormonas assim como normal espermatog\u00e9nese. O sel\u00e9nio faz parte de enzimas antioxidantes como a glutationa com enorme import\u00e2ncia na neutraliza\u00e7\u00e3o dos radicais livres.<\/p>\n<p data-start=\"604\" data-end=\"619\"><strong data-start=\"604\" data-end=\"617\">Benef\u00edcios:<\/strong><\/p>\n<ul>\n<li data-start=\"622\" data-end=\"665\">Refor\u00e7o do Sistema Imunit\u00e1rio (antioxidante)<\/li>\n<li data-start=\"668\" data-end=\"711\">Auxiliar a fun\u00e7\u00e3o da tir\u00f3ide e diminuir estados de cansa\u00e7o e fadiga<\/li>\n<li data-start=\"714\" data-end=\"739\">Coadjuvante em tratamentos de infertilidade masculina<\/li>\n<li data-start=\"742\" data-end=\"774\">Manter a integridade do cabelo e unhas<\/li>\n<\/ul>\n<p data-start=\"776\" data-end=\"876\"><strong data-start=\"776\" data-end=\"791\">Ingredientes<\/strong><br data-start=\"791\" data-end=\"794\" \/>N\u00e3o cont\u00e9m: Levedura, trigo, gl\u00faten, soja, leite, ovo, peixe, marisco ou frutos secos.<\/p>\n<p data-start=\"878\" data-end=\"968\"><strong data-start=\"878\" data-end=\"893\">Composi\u00e7\u00e3o<\/strong><br data-start=\"893\" data-end=\"896\" \/>Por 1 c\u00e1psula:<br data-start=\"910\" data-end=\"913\" \/>Sel\u00e9nio (como L-selenometionina) - 200 mcg (364% VRN)<\/p>\n<p data-start=\"970\" data-end=\"1030\"><strong data-start=\"970\" data-end=\"992\">Modo De Utiliza\u00e7\u00e3o<\/strong><br data-start=\"992\" data-end=\"995\" \/>Tomar 1 c\u00e1psula por dia \u00e0 refei\u00e7\u00e3o.<\/p>\n<p data-start=\"1032\" data-end=\"1191\" data-is-last-node=\"\" data-is-only-node=\"\"><strong data-start=\"1032\" data-end=\"1044\">Avisos<\/strong><br data-start=\"1044\" data-end=\"1047\" \/>Pessoas medicadas, gr\u00e1vidas ou lactantes, devem consultar o m\u00e9dico antes da toma do suplemento alimentar. Manter fora do alcance das crian\u00e7as.<\/p>","protected":false},"excerpt":{"rendered":"<p><strong data-start=\"0\" data-end=\"59\">Sel\u00e9nio (como L-selenometionina \u2013 de maior biodisponibilidade).\nMineral essencial constituinte de enzimas antioxidantes.<\/strong><br data-start=\"59\" data-end=\"62\" \/>\u2013 Contribui para o normal funcionamento do Sistema Imunit\u00e1rio.<br data-start=\"95\" data-end=\"98\" \/>\u2013 Participa no normal funcionamento da tiroide.<br data-start=\"138\" data-end=\"141\" \/>\u2013 Contribui para a normal espermatog\u00e9nese.<br data-start=\"173\" data-end=\"176\" \/>\u2013 Ajuda na manuten\u00e7\u00e3o do cabelo e unhas.<\/p>","protected":false},"featured_media":10419,"comment_status":"open","ping_status":"closed","template":"","meta":{"site-sidebar-layout":"default","site-content-layout":"","ast-site-content-layout":"default","site-content-style":"default","site-sidebar-style":"default","ast-global-header-display":"","ast-banner-title-visibility":"","ast-main-header-display":"","ast-hfb-above-header-display":"","ast-hfb-below-header-display":"","ast-hfb-mobile-header-display":"","site-post-title":"","ast-breadcrumbs-content":"","ast-featured-img":"","footer-sml-layout":"","theme-transparent-header-meta":"default","adv-header-id-meta":"","stick-header-meta":"","header-above-stick-meta":"","header-main-stick-meta":"","header-below-stick-meta":"","astra-migrate-meta-layouts":"set","ast-page-background-enabled":"default","ast-page-background-meta":{"desktop":{"background-color":"var(--ast-global-color-4)","background-image":"","background-repeat":"repeat","background-position":"center center","background-size":"auto","background-attachment":"scroll","background-type":"","background-media":"","overlay-type":"","overlay-color":"","overlay-opacity":"","overlay-gradient":""},"tablet":{"background-color":"","background-image":"","background-repeat":"repeat","background-position":"center center","background-size":"auto","background-attachment":"scroll","background-type":"","background-media":"","overlay-type":"","overlay-color":"","overlay-opacity":"","overlay-gradient":""},"mobile":{"background-color":"","background-image":"","background-repeat":"repeat","background-position":"center center","background-size":"auto","background-attachment":"scroll","background-type":"","background-media":"","overlay-type":"","overlay-color":"","overlay-opacity":"","overlay-gradient":""}},"ast-content-background-meta":{"desktop":{"background-color":"var(--ast-global-color-5)","background-image":"","background-repeat":"repeat","background-position":"center center","background-size":"auto","background-attachment":"scroll","background-type":"","background-media":"","overlay-type":"","overlay-color":"","overlay-opacity":"","overlay-gradient":""},"tablet":{"background-color":"var(--ast-global-color-5)","background-image":"","background-repeat":"repeat","background-position":"center center","background-size":"auto","background-attachment":"scroll","background-type":"","background-media":"","overlay-type":"","overlay-color":"","overlay-opacity":"","overlay-gradient":""},"mobile":{"background-color":"var(--ast-global-color-5)","background-image":"","background-repeat":"repeat","background-position":"center center","background-size":"auto","background-attachment":"scroll","background-type":"","background-media":"","overlay-type":"","overlay-color":"","overlay-opacity":"","overlay-gradient":""}}},"product_brand":[312],"product_cat":[291],"product_tag":[],"class_list":{"0":"post-10418","1":"product","2":"type-product","3":"status-publish","4":"has-post-thumbnail","6":"product_brand-now-foods","7":"product_cat-multivitamins","8":"desktop-align-center","9":"tablet-align-left","10":"mobile-align-left","12":"first","13":"instock","14":"shipping-taxable","15":"purchasable","16":"product-type-simple"},"yoast_head":"<!-- This site is optimized with the Yoast SEO Premium plugin v27.5 (Yoast SEO v27.5) - https:\/\/yoast.com\/product\/yoast-seo-premium-wordpress\/ -->\n<title>Selenium 200 mcg \u2013 90 cap<\/title>\n<meta name=\"robots\" content=\"index, follow, max-snippet:-1, max-image-preview:large, max-video-preview:-1\" \/>\n<link rel=\"canonical\" href=\"https:\/\/nutrition4ushop.com\/pt\/produto\/selenium-200-mcg-90-cap\/\" \/>\n<meta property=\"og:locale\" content=\"pt_PT\" \/>\n<meta property=\"og:type\" content=\"article\" \/>\n<meta property=\"og:title\" content=\"Selenium 200 mcg \u2013 90 cap\" \/>\n<meta property=\"og:description\" content=\"Selenium (as L-selenomethionine \u2013 high bioavailability)\u2013 Supports normal immune function\u2013 Contributes to normal thyroid function\u2013 Aids in normal spermatogenesis\u2013 Helps maintain healthy hair and nails\" \/>\n<meta property=\"og:url\" content=\"https:\/\/nutrition4ushop.com\/pt\/produto\/selenium-200-mcg-90-cap\/\" \/>\n<meta property=\"og:site_name\" content=\"Nutrition4u\" \/>\n<meta property=\"article:publisher\" content=\"https:\/\/www.facebook.com\/p\/Nutrition4u-100063511002565\" \/>\n<meta property=\"og:image\" content=\"https:\/\/nutrition4ushop.com\/wp-content\/uploads\/2025\/07\/733739014856-Selenium-200mcg-90-capsulas-Now-nutribio-removebg-preview-e1751647190400.png\" \/>\n\t<meta property=\"og:image:width\" content=\"433\" \/>\n\t<meta property=\"og:image:height\" content=\"433\" \/>\n\t<meta property=\"og:image:type\" content=\"image\/png\" \/>\n<meta name=\"twitter:card\" content=\"summary_large_image\" \/>\n<meta name=\"twitter:label1\" content=\"pre\u00e7o\" \/>\n\t<meta name=\"twitter:data1\" content=\"17,00&nbsp;&euro;\" \/>\n\t<meta name=\"twitter:label2\" content=\"Disponibilidade\" \/>\n\t<meta name=\"twitter:data2\" content=\"Em stock\" \/>\n<script type=\"application\/ld+json\" class=\"yoast-schema-graph\">{\"@context\":\"https:\\\/\\\/schema.org\",\"@graph\":[{\"@type\":\"WebPage\",\"@id\":\"https:\\\/\\\/nutrition4ushop.com\\\/product\\\/selenium-200-mcg-90-cap\\\/\",\"url\":\"https:\\\/\\\/nutrition4ushop.com\\\/product\\\/selenium-200-mcg-90-cap\\\/\",\"name\":\"Selenium 200 mcg \u2013 90 cap\",\"isPartOf\":{\"@id\":\"https:\\\/\\\/nutrition4ushop.com\\\/#website\"},\"primaryImageOfPage\":{\"@id\":\"https:\\\/\\\/nutrition4ushop.com\\\/product\\\/selenium-200-mcg-90-cap\\\/#primaryimage\"},\"image\":{\"@id\":\"https:\\\/\\\/nutrition4ushop.com\\\/product\\\/selenium-200-mcg-90-cap\\\/#primaryimage\"},\"thumbnailUrl\":\"https:\\\/\\\/nutrition4ushop.com\\\/wp-content\\\/uploads\\\/2025\\\/07\\\/733739014856-Selenium-200mcg-90-capsulas-Now-nutribio-removebg-preview-e1751647190400.png\",\"datePublished\":\"2025-07-04T16:40:33+00:00\",\"breadcrumb\":{\"@id\":\"https:\\\/\\\/nutrition4ushop.com\\\/product\\\/selenium-200-mcg-90-cap\\\/#breadcrumb\"},\"inLanguage\":\"pt-PT\",\"potentialAction\":[{\"@type\":\"ReadAction\",\"target\":[\"https:\\\/\\\/nutrition4ushop.com\\\/product\\\/selenium-200-mcg-90-cap\\\/\"]}]},{\"@type\":\"ImageObject\",\"inLanguage\":\"pt-PT\",\"@id\":\"https:\\\/\\\/nutrition4ushop.com\\\/product\\\/selenium-200-mcg-90-cap\\\/#primaryimage\",\"url\":\"https:\\\/\\\/nutrition4ushop.com\\\/wp-content\\\/uploads\\\/2025\\\/07\\\/733739014856-Selenium-200mcg-90-capsulas-Now-nutribio-removebg-preview-e1751647190400.png\",\"contentUrl\":\"https:\\\/\\\/nutrition4ushop.com\\\/wp-content\\\/uploads\\\/2025\\\/07\\\/733739014856-Selenium-200mcg-90-capsulas-Now-nutribio-removebg-preview-e1751647190400.png\",\"width\":433,\"height\":433},{\"@type\":\"BreadcrumbList\",\"@id\":\"https:\\\/\\\/nutrition4ushop.com\\\/product\\\/selenium-200-mcg-90-cap\\\/#breadcrumb\",\"itemListElement\":[{\"@type\":\"ListItem\",\"position\":1,\"name\":\"Home\",\"item\":\"https:\\\/\\\/nutrition4ushop.com\\\/\"},{\"@type\":\"ListItem\",\"position\":2,\"name\":\"Shop\",\"item\":\"https:\\\/\\\/nutrition4ushop.com\\\/shop\\\/\"},{\"@type\":\"ListItem\",\"position\":3,\"name\":\"Selenium 200 mcg \u2013 90 cap\"}]},{\"@type\":\"WebSite\",\"@id\":\"https:\\\/\\\/nutrition4ushop.com\\\/#website\",\"url\":\"https:\\\/\\\/nutrition4ushop.com\\\/\",\"name\":\"Nutrition4u\",\"description\":\"\",\"publisher\":{\"@id\":\"https:\\\/\\\/nutrition4ushop.com\\\/#organization\"},\"potentialAction\":[{\"@type\":\"SearchAction\",\"target\":{\"@type\":\"EntryPoint\",\"urlTemplate\":\"https:\\\/\\\/nutrition4ushop.com\\\/?s={search_term_string}\"},\"query-input\":{\"@type\":\"PropertyValueSpecification\",\"valueRequired\":true,\"valueName\":\"search_term_string\"}}],\"inLanguage\":\"pt-PT\"},{\"@type\":[\"Organization\",\"Place\",\"SportingGoodsStore\"],\"@id\":\"https:\\\/\\\/nutrition4ushop.com\\\/#organization\",\"name\":\"Nutrition4u\",\"alternateName\":\"Nutrition4u\",\"url\":\"https:\\\/\\\/nutrition4ushop.com\\\/\",\"logo\":{\"@id\":\"https:\\\/\\\/nutrition4ushop.com\\\/product\\\/selenium-200-mcg-90-cap\\\/#local-main-organization-logo\"},\"image\":{\"@id\":\"https:\\\/\\\/nutrition4ushop.com\\\/product\\\/selenium-200-mcg-90-cap\\\/#local-main-organization-logo\"},\"sameAs\":[\"https:\\\/\\\/www.facebook.com\\\/p\\\/Nutrition4u-100063511002565\",\"https:\\\/\\\/www.instagram.com\\\/nutrition4u_by_rubengarradas\\\/\"],\"description\":\"Suplementos de qualidade. Suplementos e vitaminas Procell , Marvelous e muito mais. NUTRITION4U suplementos para todo o tipo de pessoas e atletas.\",\"publishingPrinciples\":\"https:\\\/\\\/nutrition4ushop.com\\\/about-us\\\/\",\"ownershipFundingInfo\":\"https:\\\/\\\/nutrition4ushop.com\\\/train-with-ruben-garradas\\\/\",\"actionableFeedbackPolicy\":\"https:\\\/\\\/nutrition4ushop.com\\\/cookies-policy\\\/\",\"ethicsPolicy\":\"https:\\\/\\\/nutrition4ushop.com\\\/terms-and-conditions\\\/\",\"address\":{\"@id\":\"https:\\\/\\\/nutrition4ushop.com\\\/product\\\/selenium-200-mcg-90-cap\\\/#local-main-place-address\"},\"telephone\":[],\"openingHoursSpecification\":[]},{\"@type\":\"PostalAddress\",\"@id\":\"https:\\\/\\\/nutrition4ushop.com\\\/product\\\/selenium-200-mcg-90-cap\\\/#local-main-place-address\",\"streetAddress\":\"R. 1\u00ba de Maio n\u00b035 Loja 221\",\"addressLocality\":\"Amora\",\"postalCode\":\"2845-162\",\"addressRegion\":\"Set\u00fabal\",\"addressCountry\":\"PT\"},{\"@type\":\"ImageObject\",\"inLanguage\":\"pt-PT\",\"@id\":\"https:\\\/\\\/nutrition4ushop.com\\\/product\\\/selenium-200-mcg-90-cap\\\/#local-main-organization-logo\",\"url\":\"https:\\\/\\\/nutrition4ushop.com\\\/wp-content\\\/uploads\\\/2024\\\/02\\\/WhatsApp-Image-2024-02-02-at-5.49.55-PM-1.jpeg\",\"contentUrl\":\"https:\\\/\\\/nutrition4ushop.com\\\/wp-content\\\/uploads\\\/2024\\\/02\\\/WhatsApp-Image-2024-02-02-at-5.49.55-PM-1.jpeg\",\"width\":1416,\"height\":1476,\"caption\":\"Nutrition4u\"}]}<\/script>\n<meta property=\"product:price:amount\" content=\"17.00\" \/>\n<meta property=\"product:price:currency\" content=\"EUR\" \/>\n<meta property=\"og:availability\" content=\"instock\" \/>\n<meta property=\"product:availability\" content=\"instock\" \/>\n<meta property=\"product:condition\" content=\"new\" \/>\n<meta name=\"geo.placename\" content=\"Amora\" \/>\n<meta name=\"geo.region\" content=\"Portugal\" \/>\n<!-- \/ Yoast SEO Premium plugin. -->","yoast_head_json":{"title":"Sel\u00e9nio 200 mcg - 90 cap","robots":{"index":"index","follow":"follow","max-snippet":"max-snippet:-1","max-image-preview":"max-image-preview:large","max-video-preview":"max-video-preview:-1"},"canonical":"https:\/\/nutrition4ushop.com\/pt\/produto\/selenium-200-mcg-90-cap\/","og_locale":"pt_PT","og_type":"article","og_title":"Selenium 200 mcg \u2013 90 cap","og_description":"Selenium (as L-selenomethionine \u2013 high bioavailability)\u2013 Supports normal immune function\u2013 Contributes to normal thyroid function\u2013 Aids in normal spermatogenesis\u2013 Helps maintain healthy hair and nails","og_url":"https:\/\/nutrition4ushop.com\/pt\/produto\/selenium-200-mcg-90-cap\/","og_site_name":"Nutrition4u","article_publisher":"https:\/\/www.facebook.com\/p\/Nutrition4u-100063511002565","og_image":[{"width":433,"height":433,"url":"https:\/\/nutrition4ushop.com\/wp-content\/uploads\/2025\/07\/733739014856-Selenium-200mcg-90-capsulas-Now-nutribio-removebg-preview-e1751647190400.png","type":"image\/png"}],"twitter_card":"summary_large_image","twitter_misc":{"pre\u00e7o":"17,00&nbsp;&euro;","Disponibilidade":"Em stock"},"schema":{"@context":"https:\/\/schema.org","@graph":[{"@type":"WebPage","@id":"https:\/\/nutrition4ushop.com\/product\/selenium-200-mcg-90-cap\/","url":"https:\/\/nutrition4ushop.com\/product\/selenium-200-mcg-90-cap\/","name":"Sel\u00e9nio 200 mcg - 90 cap","isPartOf":{"@id":"https:\/\/nutrition4ushop.com\/#website"},"primaryImageOfPage":{"@id":"https:\/\/nutrition4ushop.com\/product\/selenium-200-mcg-90-cap\/#primaryimage"},"image":{"@id":"https:\/\/nutrition4ushop.com\/product\/selenium-200-mcg-90-cap\/#primaryimage"},"thumbnailUrl":"https:\/\/nutrition4ushop.com\/wp-content\/uploads\/2025\/07\/733739014856-Selenium-200mcg-90-capsulas-Now-nutribio-removebg-preview-e1751647190400.png","datePublished":"2025-07-04T16:40:33+00:00","breadcrumb":{"@id":"https:\/\/nutrition4ushop.com\/product\/selenium-200-mcg-90-cap\/#breadcrumb"},"inLanguage":"pt-PT","potentialAction":[{"@type":"ReadAction","target":["https:\/\/nutrition4ushop.com\/product\/selenium-200-mcg-90-cap\/"]}]},{"@type":"ImageObject","inLanguage":"pt-PT","@id":"https:\/\/nutrition4ushop.com\/product\/selenium-200-mcg-90-cap\/#primaryimage","url":"https:\/\/nutrition4ushop.com\/wp-content\/uploads\/2025\/07\/733739014856-Selenium-200mcg-90-capsulas-Now-nutribio-removebg-preview-e1751647190400.png","contentUrl":"https:\/\/nutrition4ushop.com\/wp-content\/uploads\/2025\/07\/733739014856-Selenium-200mcg-90-capsulas-Now-nutribio-removebg-preview-e1751647190400.png","width":433,"height":433},{"@type":"BreadcrumbList","@id":"https:\/\/nutrition4ushop.com\/product\/selenium-200-mcg-90-cap\/#breadcrumb","itemListElement":[{"@type":"ListItem","position":1,"name":"Home","item":"https:\/\/nutrition4ushop.com\/"},{"@type":"ListItem","position":2,"name":"Shop","item":"https:\/\/nutrition4ushop.com\/shop\/"},{"@type":"ListItem","position":3,"name":"Selenium 200 mcg \u2013 90 cap"}]},{"@type":"WebSite","@id":"https:\/\/nutrition4ushop.com\/#website","url":"https:\/\/nutrition4ushop.com\/","name":"Nutri\u00e7\u00e3o4u","description":"","publisher":{"@id":"https:\/\/nutrition4ushop.com\/#organization"},"potentialAction":[{"@type":"SearchAction","target":{"@type":"EntryPoint","urlTemplate":"https:\/\/nutrition4ushop.com\/?s={search_term_string}"},"query-input":{"@type":"PropertyValueSpecification","valueRequired":true,"valueName":"search_term_string"}}],"inLanguage":"pt-PT"},{"@type":["Organization","Place","SportingGoodsStore"],"@id":"https:\/\/nutrition4ushop.com\/#organization","name":"Nutri\u00e7\u00e3o4u","alternateName":"Nutrition4u","url":"https:\/\/nutrition4ushop.com\/","logo":{"@id":"https:\/\/nutrition4ushop.com\/product\/selenium-200-mcg-90-cap\/#local-main-organization-logo"},"image":{"@id":"https:\/\/nutrition4ushop.com\/product\/selenium-200-mcg-90-cap\/#local-main-organization-logo"},"sameAs":["https:\/\/www.facebook.com\/p\/Nutrition4u-100063511002565","https:\/\/www.instagram.com\/nutrition4u_by_rubengarradas\/"],"description":"Suplementos de qualidade. Suplementos e vitaminas Procell , Marvelous e muito mais. NUTRITION4U suplementos para todo o tipo de pessoas e atletas.","publishingPrinciples":"https:\/\/nutrition4ushop.com\/about-us\/","ownershipFundingInfo":"https:\/\/nutrition4ushop.com\/train-with-ruben-garradas\/","actionableFeedbackPolicy":"https:\/\/nutrition4ushop.com\/cookies-policy\/","ethicsPolicy":"https:\/\/nutrition4ushop.com\/terms-and-conditions\/","address":{"@id":"https:\/\/nutrition4ushop.com\/product\/selenium-200-mcg-90-cap\/#local-main-place-address"},"telephone":[],"openingHoursSpecification":[]},{"@type":"PostalAddress","@id":"https:\/\/nutrition4ushop.com\/product\/selenium-200-mcg-90-cap\/#local-main-place-address","streetAddress":"R. 1\u00ba de Maio n\u00b035 Loja 221","addressLocality":"Amora","postalCode":"2845-162","addressRegion":"Set\u00fabal","addressCountry":"PT"},{"@type":"ImageObject","inLanguage":"pt-PT","@id":"https:\/\/nutrition4ushop.com\/product\/selenium-200-mcg-90-cap\/#local-main-organization-logo","url":"https:\/\/nutrition4ushop.com\/wp-content\/uploads\/2024\/02\/WhatsApp-Image-2024-02-02-at-5.49.55-PM-1.jpeg","contentUrl":"https:\/\/nutrition4ushop.com\/wp-content\/uploads\/2024\/02\/WhatsApp-Image-2024-02-02-at-5.49.55-PM-1.jpeg","width":1416,"height":1476,"caption":"Nutrition4u"}]},"product_price_amount":"17.00","product_price_currency":"EUR","og_availability":"instock","product_availability":"instock","product_condition":"new","geo.placename":"Amora","geo.region":"Portugal"},"publishpress_future_action":{"enabled":false,"date":"2026-05-22 11:58:14","action":"change-status","newStatus":"draft","terms":[],"taxonomy":"product_brand","extraData":[]},"publishpress_future_workflow_manual_trigger":{"enabledWorkflows":[]},"tiered_pricing_type":"fixed","tiered_pricing_fixed_rules":[],"tiered_pricing_product_settings":{"layout":"default","base_unit_name":{"singular":null,"plural":null},"default_variation":null},"tiered_pricing_minimum_quantity":null,"tiered_pricing_roles_data":[],"tiered_pricing_percentage_rules":[],"tiered_pricing_maximum_quantity":null,"tiered_pricing_quantity_step":null,"_links":{"self":[{"href":"https:\/\/nutrition4ushop.com\/pt\/wp-json\/wp\/v2\/product\/10418","targetHints":{"allow":["GET"]}}],"collection":[{"href":"https:\/\/nutrition4ushop.com\/pt\/wp-json\/wp\/v2\/product"}],"about":[{"href":"https:\/\/nutrition4ushop.com\/pt\/wp-json\/wp\/v2\/types\/product"}],"replies":[{"embeddable":true,"href":"https:\/\/nutrition4ushop.com\/pt\/wp-json\/wp\/v2\/comments?post=10418"}],"version-history":[{"count":1,"href":"https:\/\/nutrition4ushop.com\/pt\/wp-json\/wp\/v2\/product\/10418\/revisions"}],"predecessor-version":[{"id":10420,"href":"https:\/\/nutrition4ushop.com\/pt\/wp-json\/wp\/v2\/product\/10418\/revisions\/10420"}],"wp:featuredmedia":[{"embeddable":true,"href":"https:\/\/nutrition4ushop.com\/pt\/wp-json\/wp\/v2\/media\/10419"}],"wp:attachment":[{"href":"https:\/\/nutrition4ushop.com\/pt\/wp-json\/wp\/v2\/media?parent=10418"}],"wp:term":[{"taxonomy":"product_brand","embeddable":true,"href":"https:\/\/nutrition4ushop.com\/pt\/wp-json\/wp\/v2\/product_brand?post=10418"},{"taxonomy":"product_cat","embeddable":true,"href":"https:\/\/nutrition4ushop.com\/pt\/wp-json\/wp\/v2\/product_cat?post=10418"},{"taxonomy":"product_tag","embeddable":true,"href":"https:\/\/nutrition4ushop.com\/pt\/wp-json\/wp\/v2\/product_tag?post=10418"}],"curies":[{"name":"wp","href":"https:\/\/api.w.org\/{rel}","templated":true}]}}