{"id":10421,"date":"2025-07-04T16:47:57","date_gmt":"2025-07-04T16:47:57","guid":{"rendered":"https:\/\/nutrition4ushop.com\/?post_type=product&#038;p=10421"},"modified":"2025-07-04T16:56:24","modified_gmt":"2025-07-04T16:56:24","slug":"vitamin-d3-k2-1000-iu-45-mcg-120-cap","status":"publish","type":"product","link":"https:\/\/nutrition4ushop.com\/pt\/product\/vitamin-d3-k2-1000-iu-45-mcg-120-cap\/","title":{"rendered":"Vitamina D3 e K2 1000 UI\/45 mcg - 120 c\u00e1psulas"},"content":{"rendered":"<p data-start=\"130\" data-end=\"183\"><strong data-start=\"130\" data-end=\"181\">Vitamina D-3 (1000 UI) com Vitamina K-2 (45 mcg)<\/strong><\/p>\n<p data-start=\"185\" data-end=\"403\">Vitamina D-3 contribui para a normal absor\u00e7\u00e3o e utiliza\u00e7\u00e3o do C\u00e1lcio e F\u00f3sforo<br data-start=\"271\" data-end=\"274\" \/>A Vitamina K contribui para a manuten\u00e7\u00e3o de ossos normais<br data-start=\"330\" data-end=\"333\" \/>Vitamina C contribui para a s\u00edntese de Colag\u00e9nio e ossos normais<\/p>\n<p data-start=\"405\" data-end=\"494\">A Vitamina D-3 K-2 da Now\u00ae \u00e9 um suplemento alimentar indicado para ajudar a manter a sa\u00fade dos ossos e articula\u00e7\u00f5es.<\/p>\n<p data-start=\"496\" data-end=\"741\">A Vitamina D \u00e9 uma vitamina lipossol\u00favel, que pode ser encontrada sob a forma de duas mol\u00e9culas: o colecalciferol (Vitamina D-3), produzido na Pele, e o ergocalciferol (Vitamina D-2), de origem vegetal. A Vitamina D-3 \u00e9 a forma de Vitamina D mais assimil\u00e1vel pelo corpo humano.<\/p>\n<p data-start=\"743\" data-end=\"913\">As principais fun\u00e7\u00f5es da Vitamina D passam por manter adequados n\u00edveis sangu\u00edneos de C\u00e1lcio e F\u00f3sforo no organismo uma vez que contribui para a sua absor\u00e7\u00e3o intestinal, permitindo assim a mineraliza\u00e7\u00e3o \u00f3ssea.<\/p>\n<p data-start=\"915\" data-end=\"1500\">A forma MK-7 (Menaquinona 7) da Vitamina K-2 \u00e9 derivada da fermenta\u00e7\u00e3o do gr\u00e3o-de-bico e por isso, livre de alerg\u00e9nios. A import\u00e2ncia da vitamina K para a normal coagula\u00e7\u00e3o do sangue \u00e9 bem conhecida, uma vez que \u00e9 necess\u00e1ria para a s\u00edntese hep\u00e1tica de protrombina (fator II) e de fatores de coagula\u00e7\u00e3o. Contudo, crescem as evid\u00eancias de que esta vitamina desempenha outras fun\u00e7\u00f5es no organismo, incluindo a manuten\u00e7\u00e3o da sa\u00fade dos ossos e preven\u00e7\u00e3o da calcifica\u00e7\u00e3o inadequada de tecidos moles pois tem um papel ativador da Osteocalcina que se admite ser respons\u00e1vel pela qualidade do processo de mineraliza\u00e7\u00e3o \u00f3ssea. Tanto que a suplementa\u00e7\u00e3o de Vitamina K-2 tem vindo a mostrar a redu\u00e7\u00e3o da incid\u00eancia de fraturas e a taxa de perda de densidade mineral \u00f3ssea.<\/p>\n<p data-start=\"1502\" data-end=\"1830\">A fixa\u00e7\u00e3o do C\u00e1lcio \u00e9 importante mas \u00e9 fundamental que n\u00e3o ocorra em tecidos indevidos como os vasos sangu\u00edneos. Na circula\u00e7\u00e3o sangu\u00ednea, pesquisas recentes revelaram que as prote\u00ednas Gla, tamb\u00e9m ativadas pela Vitamina K podem inibir a calcifica\u00e7\u00e3o dos vasos sangu\u00edneos e at\u00e9 mesmo reverter o processo de calcifica\u00e7\u00e3o e restaurar a flexibilidade arterial.<br data-start=\"1781\" data-end=\"1784\" \/>Assim, as Vitaminas D e K atuam sinergicamente.<\/p>\n<p data-start=\"1832\" data-end=\"2198\">Pessoas que tomam anticoagulantes orais n\u00e3o devem ingerir suplementos com Vitamina K, pois \u00e9 antagonista deste tipo de f\u00e1rmacos. Um intestino saud\u00e1vel \u00e9 essencial para a normal produ\u00e7\u00e3o de Vitamina K logo, o uso de laxantes e antibi\u00f3ticos afetam a sua produ\u00e7\u00e3o. Para o correto funcionamento das Vitaminas D e K \u00e9 importante evitar uma dieta rica em gorduras, uma vez que s\u00e3o vitaminas lipossol\u00faveis.<\/p>\n<p data-start=\"2200\" data-end=\"2396\"><strong data-start=\"2200\" data-end=\"2215\">Ingredientes<\/strong><br data-start=\"2215\" data-end=\"2218\" \/>Outros ingredientes: Farinha de Arroz, Hipromelose (c\u00e1psula de celulose), Palmitato de Ascorbilo e Di\u00f3xido de Sil\u00edcio.<br data-start=\"2323\" data-end=\"2326\" \/>N\u00e3o cont\u00e9m: Trigo, ovo, gl\u00faten, soja, leite, peixe e marisco.<\/p>\n<p data-start=\"2398\" data-end=\"2567\"><strong data-start=\"2398\" data-end=\"2413\">Composi\u00e7\u00e3o<\/strong><br data-start=\"2413\" data-end=\"2416\" \/>Por c\u00e1psula:<br data-start=\"2428\" data-end=\"2431\" \/>Vitamina D3 (como colecalciferol) (de lanolina) - 25 mcg (1000 UI) (500% NRV)<br data-start=\"2507\" data-end=\"2510\" \/>Vitamina K2 (como Menaquinona-4) (MK-4) - 45 mcg (60% VNR)<\/p>\n<p data-start=\"2569\" data-end=\"2634\"><strong data-start=\"2569\" data-end=\"2583\">Modo de Utiliza\u00e7\u00e3o<\/strong><br data-start=\"2583\" data-end=\"2586\" \/>Tomar 1 c\u00e1psula, uma a duas vezes por dia, \u00e0s refei\u00e7\u00f5es.<\/p>\n<p data-start=\"2636\" data-end=\"2908\" data-is-last-node=\"\" data-is-only-node=\"\"><strong data-start=\"2636\" data-end=\"2648\">Avisos<\/strong><br data-start=\"2648\" data-end=\"2651\" \/>Manter fora do alcance das crian\u00e7as. N\u00e3o deve ser utilizado como substituto de um regime alimentar variado e equilibrado. N\u00e3o exceder as dosagens recomendadas.<br data-start=\"2799\" data-end=\"2802\" \/>Consulte um m\u00e9dico se estiver gr\u00e1vida ou a amamentar, a tomar alguma medica\u00e7\u00e3o ou se tiver algum problema de sa\u00fade.<\/p>","protected":false},"excerpt":{"rendered":"<p data-start=\"0\" data-end=\"20\"><strong data-start=\"0\" data-end=\"20\">Ossos e articula\u00e7\u00f5es<\/strong><\/p>\n<p data-start=\"22\" data-end=\"128\">\u2013 Aportar nutrientes essenciais \u00e0 sa\u00fade \u00f3ssea<br data-start=\"68\" data-end=\"71\" \/>\u2013 Absorver e fixar o C\u00e1lcio nos ossos<\/p>","protected":false},"featured_media":10422,"comment_status":"open","ping_status":"closed","template":"","meta":{"site-sidebar-layout":"default","site-content-layout":"","ast-site-content-layout":"default","site-content-style":"default","site-sidebar-style":"default","ast-global-header-display":"","ast-banner-title-visibility":"","ast-main-header-display":"","ast-hfb-above-header-display":"","ast-hfb-below-header-display":"","ast-hfb-mobile-header-display":"","site-post-title":"","ast-breadcrumbs-content":"","ast-featured-img":"","footer-sml-layout":"","theme-transparent-header-meta":"default","adv-header-id-meta":"","stick-header-meta":"","header-above-stick-meta":"","header-main-stick-meta":"","header-below-stick-meta":"","astra-migrate-meta-layouts":"set","ast-page-background-enabled":"default","ast-page-background-meta":{"desktop":{"background-color":"var(--ast-global-color-4)","background-image":"","background-repeat":"repeat","background-position":"center center","background-size":"auto","background-attachment":"scroll","background-type":"","background-media":"","overlay-type":"","overlay-color":"","overlay-opacity":"","overlay-gradient":""},"tablet":{"background-color":"","background-image":"","background-repeat":"repeat","background-position":"center center","background-size":"auto","background-attachment":"scroll","background-type":"","background-media":"","overlay-type":"","overlay-color":"","overlay-opacity":"","overlay-gradient":""},"mobile":{"background-color":"","background-image":"","background-repeat":"repeat","background-position":"center center","background-size":"auto","background-attachment":"scroll","background-type":"","background-media":"","overlay-type":"","overlay-color":"","overlay-opacity":"","overlay-gradient":""}},"ast-content-background-meta":{"desktop":{"background-color":"var(--ast-global-color-5)","background-image":"","background-repeat":"repeat","background-position":"center center","background-size":"auto","background-attachment":"scroll","background-type":"","background-media":"","overlay-type":"","overlay-color":"","overlay-opacity":"","overlay-gradient":""},"tablet":{"background-color":"var(--ast-global-color-5)","background-image":"","background-repeat":"repeat","background-position":"center center","background-size":"auto","background-attachment":"scroll","background-type":"","background-media":"","overlay-type":"","overlay-color":"","overlay-opacity":"","overlay-gradient":""},"mobile":{"background-color":"var(--ast-global-color-5)","background-image":"","background-repeat":"repeat","background-position":"center center","background-size":"auto","background-attachment":"scroll","background-type":"","background-media":"","overlay-type":"","overlay-color":"","overlay-opacity":"","overlay-gradient":""}}},"product_brand":[312],"product_cat":[291],"product_tag":[],"class_list":{"0":"post-10421","1":"product","2":"type-product","3":"status-publish","4":"has-post-thumbnail","6":"product_brand-now-foods","7":"product_cat-multivitamins","8":"desktop-align-center","9":"tablet-align-left","10":"mobile-align-left","12":"first","13":"instock","14":"shipping-taxable","15":"purchasable","16":"product-type-simple"},"yoast_head":"<!-- This site is optimized with the Yoast SEO Premium plugin v27.5 (Yoast SEO v27.5) - https:\/\/yoast.com\/product\/yoast-seo-premium-wordpress\/ -->\n<title>Vitamin D3 &amp; K2 1000 IU\/45 mcg \u2013 120 cap<\/title>\n<meta name=\"robots\" content=\"index, follow, max-snippet:-1, max-image-preview:large, max-video-preview:-1\" \/>\n<link rel=\"canonical\" href=\"https:\/\/nutrition4ushop.com\/pt\/produto\/vitamin-d3-k2-1000-iu-45-mcg-120-cap\/\" \/>\n<meta property=\"og:locale\" content=\"pt_PT\" \/>\n<meta property=\"og:type\" content=\"article\" \/>\n<meta property=\"og:title\" content=\"Vitamin D3 &amp; K2 1000 IU\/45 mcg \u2013 120 cap\" \/>\n<meta property=\"og:description\" content=\"Bones and Joints \u2013 Provides essential nutrients for bone health\u2013 Supports calcium absorption and fixation in the bones\" \/>\n<meta property=\"og:url\" content=\"https:\/\/nutrition4ushop.com\/pt\/produto\/vitamin-d3-k2-1000-iu-45-mcg-120-cap\/\" \/>\n<meta property=\"og:site_name\" content=\"Nutrition4u\" \/>\n<meta property=\"article:publisher\" content=\"https:\/\/www.facebook.com\/p\/Nutrition4u-100063511002565\" \/>\n<meta property=\"article:modified_time\" content=\"2025-07-04T16:56:24+00:00\" \/>\n<meta property=\"og:image\" content=\"https:\/\/nutrition4ushop.com\/wp-content\/uploads\/2025\/07\/0369-Vitamin-D3-K2-120-capsulas-Now-nutribio-removebg-preview-e1751647479652.png\" \/>\n\t<meta property=\"og:image:width\" content=\"433\" \/>\n\t<meta property=\"og:image:height\" content=\"433\" \/>\n\t<meta property=\"og:image:type\" content=\"image\/png\" \/>\n<meta name=\"twitter:card\" content=\"summary_large_image\" \/>\n<meta name=\"twitter:label1\" content=\"pre\u00e7o\" \/>\n\t<meta name=\"twitter:data1\" content=\"21,00&nbsp;&euro;\" \/>\n\t<meta name=\"twitter:label2\" content=\"Disponibilidade\" \/>\n\t<meta name=\"twitter:data2\" content=\"Em stock\" \/>\n<script type=\"application\/ld+json\" class=\"yoast-schema-graph\">{\"@context\":\"https:\\\/\\\/schema.org\",\"@graph\":[{\"@type\":\"WebPage\",\"@id\":\"https:\\\/\\\/nutrition4ushop.com\\\/product\\\/vitamin-d3-k2-1000-iu-45-mcg-120-cap\\\/\",\"url\":\"https:\\\/\\\/nutrition4ushop.com\\\/product\\\/vitamin-d3-k2-1000-iu-45-mcg-120-cap\\\/\",\"name\":\"Vitamin D3 & K2 1000 IU\\\/45 mcg \u2013 120 cap\",\"isPartOf\":{\"@id\":\"https:\\\/\\\/nutrition4ushop.com\\\/#website\"},\"primaryImageOfPage\":{\"@id\":\"https:\\\/\\\/nutrition4ushop.com\\\/product\\\/vitamin-d3-k2-1000-iu-45-mcg-120-cap\\\/#primaryimage\"},\"image\":{\"@id\":\"https:\\\/\\\/nutrition4ushop.com\\\/product\\\/vitamin-d3-k2-1000-iu-45-mcg-120-cap\\\/#primaryimage\"},\"thumbnailUrl\":\"https:\\\/\\\/nutrition4ushop.com\\\/wp-content\\\/uploads\\\/2025\\\/07\\\/0369-Vitamin-D3-K2-120-capsulas-Now-nutribio-removebg-preview-e1751647479652.png\",\"datePublished\":\"2025-07-04T16:47:57+00:00\",\"dateModified\":\"2025-07-04T16:56:24+00:00\",\"breadcrumb\":{\"@id\":\"https:\\\/\\\/nutrition4ushop.com\\\/product\\\/vitamin-d3-k2-1000-iu-45-mcg-120-cap\\\/#breadcrumb\"},\"inLanguage\":\"pt-PT\",\"potentialAction\":[{\"@type\":\"ReadAction\",\"target\":[\"https:\\\/\\\/nutrition4ushop.com\\\/product\\\/vitamin-d3-k2-1000-iu-45-mcg-120-cap\\\/\"]}]},{\"@type\":\"ImageObject\",\"inLanguage\":\"pt-PT\",\"@id\":\"https:\\\/\\\/nutrition4ushop.com\\\/product\\\/vitamin-d3-k2-1000-iu-45-mcg-120-cap\\\/#primaryimage\",\"url\":\"https:\\\/\\\/nutrition4ushop.com\\\/wp-content\\\/uploads\\\/2025\\\/07\\\/0369-Vitamin-D3-K2-120-capsulas-Now-nutribio-removebg-preview-e1751647479652.png\",\"contentUrl\":\"https:\\\/\\\/nutrition4ushop.com\\\/wp-content\\\/uploads\\\/2025\\\/07\\\/0369-Vitamin-D3-K2-120-capsulas-Now-nutribio-removebg-preview-e1751647479652.png\",\"width\":433,\"height\":433},{\"@type\":\"BreadcrumbList\",\"@id\":\"https:\\\/\\\/nutrition4ushop.com\\\/product\\\/vitamin-d3-k2-1000-iu-45-mcg-120-cap\\\/#breadcrumb\",\"itemListElement\":[{\"@type\":\"ListItem\",\"position\":1,\"name\":\"Home\",\"item\":\"https:\\\/\\\/nutrition4ushop.com\\\/\"},{\"@type\":\"ListItem\",\"position\":2,\"name\":\"Shop\",\"item\":\"https:\\\/\\\/nutrition4ushop.com\\\/shop\\\/\"},{\"@type\":\"ListItem\",\"position\":3,\"name\":\"Vitamin D3 &#038; K2 1000 IU\\\/45 mcg \u2013 120 cap\"}]},{\"@type\":\"WebSite\",\"@id\":\"https:\\\/\\\/nutrition4ushop.com\\\/#website\",\"url\":\"https:\\\/\\\/nutrition4ushop.com\\\/\",\"name\":\"Nutrition4u\",\"description\":\"\",\"publisher\":{\"@id\":\"https:\\\/\\\/nutrition4ushop.com\\\/#organization\"},\"potentialAction\":[{\"@type\":\"SearchAction\",\"target\":{\"@type\":\"EntryPoint\",\"urlTemplate\":\"https:\\\/\\\/nutrition4ushop.com\\\/?s={search_term_string}\"},\"query-input\":{\"@type\":\"PropertyValueSpecification\",\"valueRequired\":true,\"valueName\":\"search_term_string\"}}],\"inLanguage\":\"pt-PT\"},{\"@type\":[\"Organization\",\"Place\",\"SportingGoodsStore\"],\"@id\":\"https:\\\/\\\/nutrition4ushop.com\\\/#organization\",\"name\":\"Nutrition4u\",\"alternateName\":\"Nutrition4u\",\"url\":\"https:\\\/\\\/nutrition4ushop.com\\\/\",\"logo\":{\"@id\":\"https:\\\/\\\/nutrition4ushop.com\\\/product\\\/vitamin-d3-k2-1000-iu-45-mcg-120-cap\\\/#local-main-organization-logo\"},\"image\":{\"@id\":\"https:\\\/\\\/nutrition4ushop.com\\\/product\\\/vitamin-d3-k2-1000-iu-45-mcg-120-cap\\\/#local-main-organization-logo\"},\"sameAs\":[\"https:\\\/\\\/www.facebook.com\\\/p\\\/Nutrition4u-100063511002565\",\"https:\\\/\\\/www.instagram.com\\\/nutrition4u_by_rubengarradas\\\/\"],\"description\":\"Suplementos de qualidade. Suplementos e vitaminas Procell , Marvelous e muito mais. NUTRITION4U suplementos para todo o tipo de pessoas e atletas.\",\"publishingPrinciples\":\"https:\\\/\\\/nutrition4ushop.com\\\/about-us\\\/\",\"ownershipFundingInfo\":\"https:\\\/\\\/nutrition4ushop.com\\\/train-with-ruben-garradas\\\/\",\"actionableFeedbackPolicy\":\"https:\\\/\\\/nutrition4ushop.com\\\/cookies-policy\\\/\",\"ethicsPolicy\":\"https:\\\/\\\/nutrition4ushop.com\\\/terms-and-conditions\\\/\",\"address\":{\"@id\":\"https:\\\/\\\/nutrition4ushop.com\\\/product\\\/vitamin-d3-k2-1000-iu-45-mcg-120-cap\\\/#local-main-place-address\"},\"telephone\":[],\"openingHoursSpecification\":[]},{\"@type\":\"PostalAddress\",\"@id\":\"https:\\\/\\\/nutrition4ushop.com\\\/product\\\/vitamin-d3-k2-1000-iu-45-mcg-120-cap\\\/#local-main-place-address\",\"streetAddress\":\"R. 1\u00ba de Maio n\u00b035 Loja 221\",\"addressLocality\":\"Amora\",\"postalCode\":\"2845-162\",\"addressRegion\":\"Set\u00fabal\",\"addressCountry\":\"PT\"},{\"@type\":\"ImageObject\",\"inLanguage\":\"pt-PT\",\"@id\":\"https:\\\/\\\/nutrition4ushop.com\\\/product\\\/vitamin-d3-k2-1000-iu-45-mcg-120-cap\\\/#local-main-organization-logo\",\"url\":\"https:\\\/\\\/nutrition4ushop.com\\\/wp-content\\\/uploads\\\/2024\\\/02\\\/WhatsApp-Image-2024-02-02-at-5.49.55-PM-1.jpeg\",\"contentUrl\":\"https:\\\/\\\/nutrition4ushop.com\\\/wp-content\\\/uploads\\\/2024\\\/02\\\/WhatsApp-Image-2024-02-02-at-5.49.55-PM-1.jpeg\",\"width\":1416,\"height\":1476,\"caption\":\"Nutrition4u\"}]}<\/script>\n<meta property=\"product:price:amount\" content=\"21.00\" \/>\n<meta property=\"product:price:currency\" content=\"EUR\" \/>\n<meta property=\"og:availability\" content=\"instock\" \/>\n<meta property=\"product:availability\" content=\"instock\" \/>\n<meta property=\"product:condition\" content=\"new\" \/>\n<meta name=\"geo.placename\" content=\"Amora\" \/>\n<meta name=\"geo.region\" content=\"Portugal\" \/>\n<!-- \/ Yoast SEO Premium plugin. -->","yoast_head_json":{"title":"Vitamina D3 e K2 1000 UI\/45 mcg - 120 c\u00e1psulas","robots":{"index":"index","follow":"follow","max-snippet":"max-snippet:-1","max-image-preview":"max-image-preview:large","max-video-preview":"max-video-preview:-1"},"canonical":"https:\/\/nutrition4ushop.com\/pt\/produto\/vitamin-d3-k2-1000-iu-45-mcg-120-cap\/","og_locale":"pt_PT","og_type":"article","og_title":"Vitamin D3 & K2 1000 IU\/45 mcg \u2013 120 cap","og_description":"Bones and Joints \u2013 Provides essential nutrients for bone health\u2013 Supports calcium absorption and fixation in the bones","og_url":"https:\/\/nutrition4ushop.com\/pt\/produto\/vitamin-d3-k2-1000-iu-45-mcg-120-cap\/","og_site_name":"Nutrition4u","article_publisher":"https:\/\/www.facebook.com\/p\/Nutrition4u-100063511002565","article_modified_time":"2025-07-04T16:56:24+00:00","og_image":[{"width":433,"height":433,"url":"https:\/\/nutrition4ushop.com\/wp-content\/uploads\/2025\/07\/0369-Vitamin-D3-K2-120-capsulas-Now-nutribio-removebg-preview-e1751647479652.png","type":"image\/png"}],"twitter_card":"summary_large_image","twitter_misc":{"pre\u00e7o":"21,00&nbsp;&euro;","Disponibilidade":"Em stock"},"schema":{"@context":"https:\/\/schema.org","@graph":[{"@type":"WebPage","@id":"https:\/\/nutrition4ushop.com\/product\/vitamin-d3-k2-1000-iu-45-mcg-120-cap\/","url":"https:\/\/nutrition4ushop.com\/product\/vitamin-d3-k2-1000-iu-45-mcg-120-cap\/","name":"Vitamina D3 e K2 1000 UI\/45 mcg - 120 c\u00e1psulas","isPartOf":{"@id":"https:\/\/nutrition4ushop.com\/#website"},"primaryImageOfPage":{"@id":"https:\/\/nutrition4ushop.com\/product\/vitamin-d3-k2-1000-iu-45-mcg-120-cap\/#primaryimage"},"image":{"@id":"https:\/\/nutrition4ushop.com\/product\/vitamin-d3-k2-1000-iu-45-mcg-120-cap\/#primaryimage"},"thumbnailUrl":"https:\/\/nutrition4ushop.com\/wp-content\/uploads\/2025\/07\/0369-Vitamin-D3-K2-120-capsulas-Now-nutribio-removebg-preview-e1751647479652.png","datePublished":"2025-07-04T16:47:57+00:00","dateModified":"2025-07-04T16:56:24+00:00","breadcrumb":{"@id":"https:\/\/nutrition4ushop.com\/product\/vitamin-d3-k2-1000-iu-45-mcg-120-cap\/#breadcrumb"},"inLanguage":"pt-PT","potentialAction":[{"@type":"ReadAction","target":["https:\/\/nutrition4ushop.com\/product\/vitamin-d3-k2-1000-iu-45-mcg-120-cap\/"]}]},{"@type":"ImageObject","inLanguage":"pt-PT","@id":"https:\/\/nutrition4ushop.com\/product\/vitamin-d3-k2-1000-iu-45-mcg-120-cap\/#primaryimage","url":"https:\/\/nutrition4ushop.com\/wp-content\/uploads\/2025\/07\/0369-Vitamin-D3-K2-120-capsulas-Now-nutribio-removebg-preview-e1751647479652.png","contentUrl":"https:\/\/nutrition4ushop.com\/wp-content\/uploads\/2025\/07\/0369-Vitamin-D3-K2-120-capsulas-Now-nutribio-removebg-preview-e1751647479652.png","width":433,"height":433},{"@type":"BreadcrumbList","@id":"https:\/\/nutrition4ushop.com\/product\/vitamin-d3-k2-1000-iu-45-mcg-120-cap\/#breadcrumb","itemListElement":[{"@type":"ListItem","position":1,"name":"Home","item":"https:\/\/nutrition4ushop.com\/"},{"@type":"ListItem","position":2,"name":"Shop","item":"https:\/\/nutrition4ushop.com\/shop\/"},{"@type":"ListItem","position":3,"name":"Vitamin D3 &#038; K2 1000 IU\/45 mcg \u2013 120 cap"}]},{"@type":"WebSite","@id":"https:\/\/nutrition4ushop.com\/#website","url":"https:\/\/nutrition4ushop.com\/","name":"Nutri\u00e7\u00e3o4u","description":"","publisher":{"@id":"https:\/\/nutrition4ushop.com\/#organization"},"potentialAction":[{"@type":"SearchAction","target":{"@type":"EntryPoint","urlTemplate":"https:\/\/nutrition4ushop.com\/?s={search_term_string}"},"query-input":{"@type":"PropertyValueSpecification","valueRequired":true,"valueName":"search_term_string"}}],"inLanguage":"pt-PT"},{"@type":["Organization","Place","SportingGoodsStore"],"@id":"https:\/\/nutrition4ushop.com\/#organization","name":"Nutri\u00e7\u00e3o4u","alternateName":"Nutrition4u","url":"https:\/\/nutrition4ushop.com\/","logo":{"@id":"https:\/\/nutrition4ushop.com\/product\/vitamin-d3-k2-1000-iu-45-mcg-120-cap\/#local-main-organization-logo"},"image":{"@id":"https:\/\/nutrition4ushop.com\/product\/vitamin-d3-k2-1000-iu-45-mcg-120-cap\/#local-main-organization-logo"},"sameAs":["https:\/\/www.facebook.com\/p\/Nutrition4u-100063511002565","https:\/\/www.instagram.com\/nutrition4u_by_rubengarradas\/"],"description":"Suplementos de qualidade. Suplementos e vitaminas Procell , Marvelous e muito mais. NUTRITION4U suplementos para todo o tipo de pessoas e atletas.","publishingPrinciples":"https:\/\/nutrition4ushop.com\/about-us\/","ownershipFundingInfo":"https:\/\/nutrition4ushop.com\/train-with-ruben-garradas\/","actionableFeedbackPolicy":"https:\/\/nutrition4ushop.com\/cookies-policy\/","ethicsPolicy":"https:\/\/nutrition4ushop.com\/terms-and-conditions\/","address":{"@id":"https:\/\/nutrition4ushop.com\/product\/vitamin-d3-k2-1000-iu-45-mcg-120-cap\/#local-main-place-address"},"telephone":[],"openingHoursSpecification":[]},{"@type":"PostalAddress","@id":"https:\/\/nutrition4ushop.com\/product\/vitamin-d3-k2-1000-iu-45-mcg-120-cap\/#local-main-place-address","streetAddress":"R. 1\u00ba de Maio n\u00b035 Loja 221","addressLocality":"Amora","postalCode":"2845-162","addressRegion":"Set\u00fabal","addressCountry":"PT"},{"@type":"ImageObject","inLanguage":"pt-PT","@id":"https:\/\/nutrition4ushop.com\/product\/vitamin-d3-k2-1000-iu-45-mcg-120-cap\/#local-main-organization-logo","url":"https:\/\/nutrition4ushop.com\/wp-content\/uploads\/2024\/02\/WhatsApp-Image-2024-02-02-at-5.49.55-PM-1.jpeg","contentUrl":"https:\/\/nutrition4ushop.com\/wp-content\/uploads\/2024\/02\/WhatsApp-Image-2024-02-02-at-5.49.55-PM-1.jpeg","width":1416,"height":1476,"caption":"Nutrition4u"}]},"product_price_amount":"21.00","product_price_currency":"EUR","og_availability":"instock","product_availability":"instock","product_condition":"new","geo.placename":"Amora","geo.region":"Portugal"},"publishpress_future_action":{"enabled":false,"date":"2026-05-22 12:09:20","action":"change-status","newStatus":"draft","terms":[],"taxonomy":"product_brand","extraData":[]},"publishpress_future_workflow_manual_trigger":{"enabledWorkflows":[]},"tiered_pricing_type":"fixed","tiered_pricing_fixed_rules":[],"tiered_pricing_product_settings":{"layout":"default","base_unit_name":{"singular":null,"plural":null},"default_variation":null},"tiered_pricing_minimum_quantity":null,"tiered_pricing_roles_data":[],"tiered_pricing_percentage_rules":[],"tiered_pricing_maximum_quantity":null,"tiered_pricing_quantity_step":null,"_links":{"self":[{"href":"https:\/\/nutrition4ushop.com\/pt\/wp-json\/wp\/v2\/product\/10421","targetHints":{"allow":["GET"]}}],"collection":[{"href":"https:\/\/nutrition4ushop.com\/pt\/wp-json\/wp\/v2\/product"}],"about":[{"href":"https:\/\/nutrition4ushop.com\/pt\/wp-json\/wp\/v2\/types\/product"}],"replies":[{"embeddable":true,"href":"https:\/\/nutrition4ushop.com\/pt\/wp-json\/wp\/v2\/comments?post=10421"}],"version-history":[{"count":3,"href":"https:\/\/nutrition4ushop.com\/pt\/wp-json\/wp\/v2\/product\/10421\/revisions"}],"predecessor-version":[{"id":10429,"href":"https:\/\/nutrition4ushop.com\/pt\/wp-json\/wp\/v2\/product\/10421\/revisions\/10429"}],"wp:featuredmedia":[{"embeddable":true,"href":"https:\/\/nutrition4ushop.com\/pt\/wp-json\/wp\/v2\/media\/10422"}],"wp:attachment":[{"href":"https:\/\/nutrition4ushop.com\/pt\/wp-json\/wp\/v2\/media?parent=10421"}],"wp:term":[{"taxonomy":"product_brand","embeddable":true,"href":"https:\/\/nutrition4ushop.com\/pt\/wp-json\/wp\/v2\/product_brand?post=10421"},{"taxonomy":"product_cat","embeddable":true,"href":"https:\/\/nutrition4ushop.com\/pt\/wp-json\/wp\/v2\/product_cat?post=10421"},{"taxonomy":"product_tag","embeddable":true,"href":"https:\/\/nutrition4ushop.com\/pt\/wp-json\/wp\/v2\/product_tag?post=10421"}],"curies":[{"name":"wp","href":"https:\/\/api.w.org\/{rel}","templated":true}]}}