{"id":10453,"date":"2025-07-07T15:59:12","date_gmt":"2025-07-07T15:59:12","guid":{"rendered":"https:\/\/nutrition4ushop.com\/?post_type=product&#038;p=10453"},"modified":"2025-07-07T15:59:29","modified_gmt":"2025-07-07T15:59:29","slug":"gaba-750mg-100-cap","status":"publish","type":"product","link":"https:\/\/nutrition4ushop.com\/pt\/product\/gaba-750mg-100-cap\/","title":{"rendered":"GABA 750mg - 100 cap"},"content":{"rendered":"<p data-start=\"182\" data-end=\"238\">\u00c1cido Gama-Aminobut\u00edrico com Vitamina B-6 (precursor principal)<\/p>\n<ul data-start=\"240\" data-end=\"411\">\n<li data-start=\"240\" data-end=\"297\">\n<p data-start=\"242\" data-end=\"297\">Neurotransmissor inibit\u00f3rio (diminui a tens\u00e3o nervosa)<\/p>\n<\/li>\n<li data-start=\"298\" data-end=\"353\">\n<p data-start=\"300\" data-end=\"353\">Principal neurotransmissor do Sistema Nervoso Central<\/p>\n<\/li>\n<li data-start=\"354\" data-end=\"411\">\n<p data-start=\"356\" data-end=\"411\">Efeito ansiol\u00edtico, tranquilizante e sedativo. Sem causar depend\u00eancia<\/p>\n<\/li>\n<\/ul>\n<p data-start=\"413\" data-end=\"763\">\u00c1cido Gama-Aminobut\u00edrico (IUPAC: 4-aminobutan\u00f3ico), tamb\u00e9m conhecido pela sigla inglesa GABA (GammaAminoButyric Acid), \u00e9 um \u00e1cido aminobut\u00edrico em que o grupo amina est\u00e1 na extremidade da cadeia carb\u00f3nica. \u00c9 o principal neurotransmissor inibidor no Sistema Nervoso Central dos mam\u00edferos. Ele desempenha um papel importante na regula\u00e7\u00e3o da excitabilidade neuronal ao longo de todo o Sistema Nervoso.<\/p>\n<p data-start=\"765\" data-end=\"886\">\u00c9 um neurotransmissor importante, atuando como inibidor neurossin\u00e1tico, por ligar-se a recetores espec\u00edficos. Como neurotransmissor peculiar, o \u00c1cido Gama-Aminobut\u00edrico induz a inibi\u00e7\u00e3o do Sistema Nervoso Central (SNC), causando a seda\u00e7\u00e3o.<\/p>\n<p data-start=\"888\" data-end=\"1169\">Isso porque as c\u00e9lulas neuronais possuem recetores espec\u00edficos para o GABA. Quando este se liga aos recetores, abre-se um canal por onde entra o i\u00e3o cloreto na c\u00e9lula neuronal, fazendo com que a c\u00e9lula fique hiperpolarizada, dificultando a despolariza\u00e7\u00e3o e, como consequ\u00eancia, d\u00e1-se a diminui\u00e7\u00e3o da condu\u00e7\u00e3o neuronal, provocando a inibi\u00e7\u00e3o do SNC.<\/p>\n<p data-start=\"1171\" data-end=\"1824\">\u00c9 classificado como um neurotransmissor inibit\u00f3rio uma vez que diminui a tens\u00e3o nervosa (diminui o potencial de a\u00e7\u00e3o nos neur\u00f3nios), tendo por isso um efeito ansiol\u00edtico, tranquilizante e sedativo como o dos conhecidos barbit\u00faricos e benzodiazepinas. Estes \u00faltimos, ao contr\u00e1rio do GABA, causam um elevado grau de depend\u00eancia num curto espa\u00e7o de tempo, tendo ainda um conjunto de contraindica\u00e7\u00f5es e efeitos secund\u00e1rios, n\u00e3o reportados no caso do GABA. A ansiedade e o nervosismo resultam da gera\u00e7\u00e3o de um potencial de a\u00e7\u00e3o exagerado nos neur\u00f3nios. O GABA passa atrav\u00e9s das sinapses e liga-se aos recetores GABA do neur\u00f3nio seguinte. Esta liga\u00e7\u00e3o permite a abertura dos canais de cloro hiperpolarizando o neur\u00f3nio, inibindo assim a gera\u00e7\u00e3o do potencial de a\u00e7\u00e3o no neur\u00f3nio; o resultado deste efeito inibit\u00f3rio \u00e9 a diminui\u00e7\u00e3o da ansiedade, nervosismo e maior facilidade em adormecer.<\/p>\n<p data-start=\"1826\" data-end=\"1927\">GABA apresenta-se na forma levogira (L-GABA), forma natural em que se encontra no organismo humano.<\/p>\n<p data-start=\"1929\" data-end=\"2423\">O GABA \u00e9 ainda um precursor da Acetilcolina, que tem um papel muito importante na secre\u00e7\u00e3o da hormona do crescimento. O GABA atua inibindo a produ\u00e7\u00e3o de somatostatina no hipot\u00e1lamo, aumentando consequentemente a liberta\u00e7\u00e3o da HC. Esta f\u00f3rmula \u00e9 ainda enriquecida com vitamina B6. A vitamina B6 \u00e9 indispens\u00e1vel para a s\u00edntese do GABA ativando a enzima GABA T (GABA transferase), facilita a passagem do GABA pela barreira hematoencef\u00e1lica, e \u00e9 respons\u00e1vel pela convers\u00e3o do 5-HTP em Serotonina.<\/p>\n<p data-start=\"2425\" data-end=\"2565\">Ingredientes<br data-start=\"2436\" data-end=\"2439\" \/>Outros ingredientes: Hipromelose (c\u00e1psula de celulose), palmitato de ascorbilo, \u00e1cido este\u00e1rico (fonte vegetal) e di\u00f3xido de sil\u00edcio.<\/p>\n<p data-start=\"2567\" data-end=\"2637\">Composi\u00e7\u00e3o<br data-start=\"2578\" data-end=\"2581\" \/>Por 1 c\u00e1psula:<br data-start=\"2595\" data-end=\"2598\" \/>GABA (\u00e1cido gama-aminobut\u00edrico) - 750 mg<\/p>\n<p data-start=\"2639\" data-end=\"2756\">Modo De Utiliza\u00e7\u00e3o<br data-start=\"2657\" data-end=\"2660\" \/>Tomar 1 c\u00e1psula 1 a 2 vezes por dia, consoante as necessidades, de prefer\u00eancia com sumo ou \u00e1gua e com o est\u00f4mago vazio.<\/p>\n<p data-start=\"2758\" data-end=\"2963\" data-is-last-node=\"\" data-is-only-node=\"\">Avisos<br data-start=\"2766\" data-end=\"2769\" \/>Apenas para adultos. Consultar um m\u00e9dico se estiver gr\u00e1vida ou a amamentar, a tomar medicamentos ou se tiver uma condi\u00e7\u00e3o m\u00e9dica. Manter fora do alcance das crian\u00e7as. Conservar em local fresco e seco depois de aberto.<\/p>","protected":false},"excerpt":{"rendered":"<p data-start=\"0\" data-end=\"124\">GABA (\u00e1cido gama aminobut\u00edrico) \u00e9 considerado um neurotransmissor inibit\u00f3rio, sendo reconhecido um como calmante natural do c\u00e9rebro.<\/p>\n<p data-start=\"126\" data-end=\"180\">\u2013 Estados de ansiedade<br data-start=\"142\" data-end=\"145\" \/>\u2013 Ins\u00f3nias<br data-start=\"155\" data-end=\"158\" \/>\u2013 Situa\u00e7\u00f5es de Stress<\/p>","protected":false},"featured_media":10454,"comment_status":"open","ping_status":"closed","template":"","meta":{"site-sidebar-layout":"default","site-content-layout":"","ast-site-content-layout":"default","site-content-style":"default","site-sidebar-style":"default","ast-global-header-display":"","ast-banner-title-visibility":"","ast-main-header-display":"","ast-hfb-above-header-display":"","ast-hfb-below-header-display":"","ast-hfb-mobile-header-display":"","site-post-title":"","ast-breadcrumbs-content":"","ast-featured-img":"","footer-sml-layout":"","theme-transparent-header-meta":"default","adv-header-id-meta":"","stick-header-meta":"","header-above-stick-meta":"","header-main-stick-meta":"","header-below-stick-meta":"","astra-migrate-meta-layouts":"set","ast-page-background-enabled":"default","ast-page-background-meta":{"desktop":{"background-color":"var(--ast-global-color-4)","background-image":"","background-repeat":"repeat","background-position":"center center","background-size":"auto","background-attachment":"scroll","background-type":"","background-media":"","overlay-type":"","overlay-color":"","overlay-opacity":"","overlay-gradient":""},"tablet":{"background-color":"","background-image":"","background-repeat":"repeat","background-position":"center center","background-size":"auto","background-attachment":"scroll","background-type":"","background-media":"","overlay-type":"","overlay-color":"","overlay-opacity":"","overlay-gradient":""},"mobile":{"background-color":"","background-image":"","background-repeat":"repeat","background-position":"center center","background-size":"auto","background-attachment":"scroll","background-type":"","background-media":"","overlay-type":"","overlay-color":"","overlay-opacity":"","overlay-gradient":""}},"ast-content-background-meta":{"desktop":{"background-color":"var(--ast-global-color-5)","background-image":"","background-repeat":"repeat","background-position":"center center","background-size":"auto","background-attachment":"scroll","background-type":"","background-media":"","overlay-type":"","overlay-color":"","overlay-opacity":"","overlay-gradient":""},"tablet":{"background-color":"var(--ast-global-color-5)","background-image":"","background-repeat":"repeat","background-position":"center center","background-size":"auto","background-attachment":"scroll","background-type":"","background-media":"","overlay-type":"","overlay-color":"","overlay-opacity":"","overlay-gradient":""},"mobile":{"background-color":"var(--ast-global-color-5)","background-image":"","background-repeat":"repeat","background-position":"center center","background-size":"auto","background-attachment":"scroll","background-type":"","background-media":"","overlay-type":"","overlay-color":"","overlay-opacity":"","overlay-gradient":""}}},"product_brand":[312],"product_cat":[286],"product_tag":[],"class_list":{"0":"post-10453","1":"product","2":"type-product","3":"status-publish","4":"has-post-thumbnail","6":"product_brand-now-foods","7":"product_cat-organ-support","8":"desktop-align-center","9":"tablet-align-left","10":"mobile-align-left","12":"first","13":"instock","14":"shipping-taxable","15":"purchasable","16":"product-type-simple"},"yoast_head":"<!-- This site is optimized with the Yoast SEO Premium plugin v27.5 (Yoast SEO v27.5) - https:\/\/yoast.com\/product\/yoast-seo-premium-wordpress\/ -->\n<title>GABA 750mg \u2013 100 cap<\/title>\n<meta name=\"robots\" content=\"index, follow, max-snippet:-1, max-image-preview:large, max-video-preview:-1\" \/>\n<link rel=\"canonical\" href=\"https:\/\/nutrition4ushop.com\/pt\/produto\/gaba-750mg-100-cap\/\" \/>\n<meta property=\"og:locale\" content=\"pt_PT\" \/>\n<meta property=\"og:type\" content=\"article\" \/>\n<meta property=\"og:title\" content=\"GABA 750mg \u2013 100 cap\" \/>\n<meta property=\"og:description\" content=\"GABA (Gamma-Aminobutyric Acid) is considered an inhibitory neurotransmitter, known as a natural calming agent for the brain. \u2013 Anxiety states\u2013 Insomnia\u2013 Stressful situations\" \/>\n<meta property=\"og:url\" content=\"https:\/\/nutrition4ushop.com\/pt\/produto\/gaba-750mg-100-cap\/\" \/>\n<meta property=\"og:site_name\" content=\"Nutrition4u\" \/>\n<meta property=\"article:publisher\" content=\"https:\/\/www.facebook.com\/p\/Nutrition4u-100063511002565\" \/>\n<meta property=\"article:modified_time\" content=\"2025-07-07T15:59:29+00:00\" \/>\n<meta property=\"og:image\" content=\"https:\/\/nutrition4ushop.com\/wp-content\/uploads\/2025\/07\/733739000897-GABA-750mg-100-capsulas-Now-Nutribio-600x800-removebg-preview-e1751903840407.png\" \/>\n\t<meta property=\"og:image:width\" content=\"433\" \/>\n\t<meta property=\"og:image:height\" content=\"433\" \/>\n\t<meta property=\"og:image:type\" content=\"image\/png\" \/>\n<meta name=\"twitter:card\" content=\"summary_large_image\" \/>\n<meta name=\"twitter:label1\" content=\"pre\u00e7o\" \/>\n\t<meta name=\"twitter:data1\" content=\"23,50&nbsp;&euro;\" \/>\n\t<meta name=\"twitter:label2\" content=\"Disponibilidade\" \/>\n\t<meta name=\"twitter:data2\" content=\"Em stock\" \/>\n<script type=\"application\/ld+json\" class=\"yoast-schema-graph\">{\"@context\":\"https:\\\/\\\/schema.org\",\"@graph\":[{\"@type\":\"WebPage\",\"@id\":\"https:\\\/\\\/nutrition4ushop.com\\\/product\\\/gaba-750mg-100-cap\\\/\",\"url\":\"https:\\\/\\\/nutrition4ushop.com\\\/product\\\/gaba-750mg-100-cap\\\/\",\"name\":\"GABA 750mg \u2013 100 cap\",\"isPartOf\":{\"@id\":\"https:\\\/\\\/nutrition4ushop.com\\\/#website\"},\"primaryImageOfPage\":{\"@id\":\"https:\\\/\\\/nutrition4ushop.com\\\/product\\\/gaba-750mg-100-cap\\\/#primaryimage\"},\"image\":{\"@id\":\"https:\\\/\\\/nutrition4ushop.com\\\/product\\\/gaba-750mg-100-cap\\\/#primaryimage\"},\"thumbnailUrl\":\"https:\\\/\\\/nutrition4ushop.com\\\/wp-content\\\/uploads\\\/2025\\\/07\\\/733739000897-GABA-750mg-100-capsulas-Now-Nutribio-600x800-removebg-preview-e1751903840407.png\",\"datePublished\":\"2025-07-07T15:59:12+00:00\",\"dateModified\":\"2025-07-07T15:59:29+00:00\",\"breadcrumb\":{\"@id\":\"https:\\\/\\\/nutrition4ushop.com\\\/product\\\/gaba-750mg-100-cap\\\/#breadcrumb\"},\"inLanguage\":\"pt-PT\",\"potentialAction\":[{\"@type\":\"ReadAction\",\"target\":[\"https:\\\/\\\/nutrition4ushop.com\\\/product\\\/gaba-750mg-100-cap\\\/\"]}]},{\"@type\":\"ImageObject\",\"inLanguage\":\"pt-PT\",\"@id\":\"https:\\\/\\\/nutrition4ushop.com\\\/product\\\/gaba-750mg-100-cap\\\/#primaryimage\",\"url\":\"https:\\\/\\\/nutrition4ushop.com\\\/wp-content\\\/uploads\\\/2025\\\/07\\\/733739000897-GABA-750mg-100-capsulas-Now-Nutribio-600x800-removebg-preview-e1751903840407.png\",\"contentUrl\":\"https:\\\/\\\/nutrition4ushop.com\\\/wp-content\\\/uploads\\\/2025\\\/07\\\/733739000897-GABA-750mg-100-capsulas-Now-Nutribio-600x800-removebg-preview-e1751903840407.png\",\"width\":433,\"height\":433},{\"@type\":\"BreadcrumbList\",\"@id\":\"https:\\\/\\\/nutrition4ushop.com\\\/product\\\/gaba-750mg-100-cap\\\/#breadcrumb\",\"itemListElement\":[{\"@type\":\"ListItem\",\"position\":1,\"name\":\"Home\",\"item\":\"https:\\\/\\\/nutrition4ushop.com\\\/\"},{\"@type\":\"ListItem\",\"position\":2,\"name\":\"Shop\",\"item\":\"https:\\\/\\\/nutrition4ushop.com\\\/shop\\\/\"},{\"@type\":\"ListItem\",\"position\":3,\"name\":\"GABA 750mg \u2013 100 cap\"}]},{\"@type\":\"WebSite\",\"@id\":\"https:\\\/\\\/nutrition4ushop.com\\\/#website\",\"url\":\"https:\\\/\\\/nutrition4ushop.com\\\/\",\"name\":\"Nutrition4u\",\"description\":\"\",\"publisher\":{\"@id\":\"https:\\\/\\\/nutrition4ushop.com\\\/#organization\"},\"potentialAction\":[{\"@type\":\"SearchAction\",\"target\":{\"@type\":\"EntryPoint\",\"urlTemplate\":\"https:\\\/\\\/nutrition4ushop.com\\\/?s={search_term_string}\"},\"query-input\":{\"@type\":\"PropertyValueSpecification\",\"valueRequired\":true,\"valueName\":\"search_term_string\"}}],\"inLanguage\":\"pt-PT\"},{\"@type\":[\"Organization\",\"Place\",\"SportingGoodsStore\"],\"@id\":\"https:\\\/\\\/nutrition4ushop.com\\\/#organization\",\"name\":\"Nutrition4u\",\"alternateName\":\"Nutrition4u\",\"url\":\"https:\\\/\\\/nutrition4ushop.com\\\/\",\"logo\":{\"@id\":\"https:\\\/\\\/nutrition4ushop.com\\\/product\\\/gaba-750mg-100-cap\\\/#local-main-organization-logo\"},\"image\":{\"@id\":\"https:\\\/\\\/nutrition4ushop.com\\\/product\\\/gaba-750mg-100-cap\\\/#local-main-organization-logo\"},\"sameAs\":[\"https:\\\/\\\/www.facebook.com\\\/p\\\/Nutrition4u-100063511002565\",\"https:\\\/\\\/www.instagram.com\\\/nutrition4u_by_rubengarradas\\\/\"],\"description\":\"Suplementos de qualidade. Suplementos e vitaminas Procell , Marvelous e muito mais. NUTRITION4U suplementos para todo o tipo de pessoas e atletas.\",\"publishingPrinciples\":\"https:\\\/\\\/nutrition4ushop.com\\\/about-us\\\/\",\"ownershipFundingInfo\":\"https:\\\/\\\/nutrition4ushop.com\\\/train-with-ruben-garradas\\\/\",\"actionableFeedbackPolicy\":\"https:\\\/\\\/nutrition4ushop.com\\\/cookies-policy\\\/\",\"ethicsPolicy\":\"https:\\\/\\\/nutrition4ushop.com\\\/terms-and-conditions\\\/\",\"address\":{\"@id\":\"https:\\\/\\\/nutrition4ushop.com\\\/product\\\/gaba-750mg-100-cap\\\/#local-main-place-address\"},\"telephone\":[],\"openingHoursSpecification\":[]},{\"@type\":\"PostalAddress\",\"@id\":\"https:\\\/\\\/nutrition4ushop.com\\\/product\\\/gaba-750mg-100-cap\\\/#local-main-place-address\",\"streetAddress\":\"R. 1\u00ba de Maio n\u00b035 Loja 221\",\"addressLocality\":\"Amora\",\"postalCode\":\"2845-162\",\"addressRegion\":\"Set\u00fabal\",\"addressCountry\":\"PT\"},{\"@type\":\"ImageObject\",\"inLanguage\":\"pt-PT\",\"@id\":\"https:\\\/\\\/nutrition4ushop.com\\\/product\\\/gaba-750mg-100-cap\\\/#local-main-organization-logo\",\"url\":\"https:\\\/\\\/nutrition4ushop.com\\\/wp-content\\\/uploads\\\/2024\\\/02\\\/WhatsApp-Image-2024-02-02-at-5.49.55-PM-1.jpeg\",\"contentUrl\":\"https:\\\/\\\/nutrition4ushop.com\\\/wp-content\\\/uploads\\\/2024\\\/02\\\/WhatsApp-Image-2024-02-02-at-5.49.55-PM-1.jpeg\",\"width\":1416,\"height\":1476,\"caption\":\"Nutrition4u\"}]}<\/script>\n<meta property=\"product:price:amount\" content=\"23.50\" \/>\n<meta property=\"product:price:currency\" content=\"EUR\" \/>\n<meta property=\"og:availability\" content=\"instock\" \/>\n<meta property=\"product:availability\" content=\"instock\" \/>\n<meta property=\"product:condition\" content=\"new\" \/>\n<meta name=\"geo.placename\" content=\"Amora\" \/>\n<meta name=\"geo.region\" content=\"Portugal\" \/>\n<!-- \/ Yoast SEO Premium plugin. -->","yoast_head_json":{"title":"GABA 750mg - 100 cap","robots":{"index":"index","follow":"follow","max-snippet":"max-snippet:-1","max-image-preview":"max-image-preview:large","max-video-preview":"max-video-preview:-1"},"canonical":"https:\/\/nutrition4ushop.com\/pt\/produto\/gaba-750mg-100-cap\/","og_locale":"pt_PT","og_type":"article","og_title":"GABA 750mg \u2013 100 cap","og_description":"GABA (Gamma-Aminobutyric Acid) is considered an inhibitory neurotransmitter, known as a natural calming agent for the brain. \u2013 Anxiety states\u2013 Insomnia\u2013 Stressful situations","og_url":"https:\/\/nutrition4ushop.com\/pt\/produto\/gaba-750mg-100-cap\/","og_site_name":"Nutrition4u","article_publisher":"https:\/\/www.facebook.com\/p\/Nutrition4u-100063511002565","article_modified_time":"2025-07-07T15:59:29+00:00","og_image":[{"width":433,"height":433,"url":"https:\/\/nutrition4ushop.com\/wp-content\/uploads\/2025\/07\/733739000897-GABA-750mg-100-capsulas-Now-Nutribio-600x800-removebg-preview-e1751903840407.png","type":"image\/png"}],"twitter_card":"summary_large_image","twitter_misc":{"pre\u00e7o":"23,50&nbsp;&euro;","Disponibilidade":"Em stock"},"schema":{"@context":"https:\/\/schema.org","@graph":[{"@type":"WebPage","@id":"https:\/\/nutrition4ushop.com\/product\/gaba-750mg-100-cap\/","url":"https:\/\/nutrition4ushop.com\/product\/gaba-750mg-100-cap\/","name":"GABA 750mg - 100 cap","isPartOf":{"@id":"https:\/\/nutrition4ushop.com\/#website"},"primaryImageOfPage":{"@id":"https:\/\/nutrition4ushop.com\/product\/gaba-750mg-100-cap\/#primaryimage"},"image":{"@id":"https:\/\/nutrition4ushop.com\/product\/gaba-750mg-100-cap\/#primaryimage"},"thumbnailUrl":"https:\/\/nutrition4ushop.com\/wp-content\/uploads\/2025\/07\/733739000897-GABA-750mg-100-capsulas-Now-Nutribio-600x800-removebg-preview-e1751903840407.png","datePublished":"2025-07-07T15:59:12+00:00","dateModified":"2025-07-07T15:59:29+00:00","breadcrumb":{"@id":"https:\/\/nutrition4ushop.com\/product\/gaba-750mg-100-cap\/#breadcrumb"},"inLanguage":"pt-PT","potentialAction":[{"@type":"ReadAction","target":["https:\/\/nutrition4ushop.com\/product\/gaba-750mg-100-cap\/"]}]},{"@type":"ImageObject","inLanguage":"pt-PT","@id":"https:\/\/nutrition4ushop.com\/product\/gaba-750mg-100-cap\/#primaryimage","url":"https:\/\/nutrition4ushop.com\/wp-content\/uploads\/2025\/07\/733739000897-GABA-750mg-100-capsulas-Now-Nutribio-600x800-removebg-preview-e1751903840407.png","contentUrl":"https:\/\/nutrition4ushop.com\/wp-content\/uploads\/2025\/07\/733739000897-GABA-750mg-100-capsulas-Now-Nutribio-600x800-removebg-preview-e1751903840407.png","width":433,"height":433},{"@type":"BreadcrumbList","@id":"https:\/\/nutrition4ushop.com\/product\/gaba-750mg-100-cap\/#breadcrumb","itemListElement":[{"@type":"ListItem","position":1,"name":"Home","item":"https:\/\/nutrition4ushop.com\/"},{"@type":"ListItem","position":2,"name":"Shop","item":"https:\/\/nutrition4ushop.com\/shop\/"},{"@type":"ListItem","position":3,"name":"GABA 750mg \u2013 100 cap"}]},{"@type":"WebSite","@id":"https:\/\/nutrition4ushop.com\/#website","url":"https:\/\/nutrition4ushop.com\/","name":"Nutri\u00e7\u00e3o4u","description":"","publisher":{"@id":"https:\/\/nutrition4ushop.com\/#organization"},"potentialAction":[{"@type":"SearchAction","target":{"@type":"EntryPoint","urlTemplate":"https:\/\/nutrition4ushop.com\/?s={search_term_string}"},"query-input":{"@type":"PropertyValueSpecification","valueRequired":true,"valueName":"search_term_string"}}],"inLanguage":"pt-PT"},{"@type":["Organization","Place","SportingGoodsStore"],"@id":"https:\/\/nutrition4ushop.com\/#organization","name":"Nutri\u00e7\u00e3o4u","alternateName":"Nutrition4u","url":"https:\/\/nutrition4ushop.com\/","logo":{"@id":"https:\/\/nutrition4ushop.com\/product\/gaba-750mg-100-cap\/#local-main-organization-logo"},"image":{"@id":"https:\/\/nutrition4ushop.com\/product\/gaba-750mg-100-cap\/#local-main-organization-logo"},"sameAs":["https:\/\/www.facebook.com\/p\/Nutrition4u-100063511002565","https:\/\/www.instagram.com\/nutrition4u_by_rubengarradas\/"],"description":"Suplementos de qualidade. Suplementos e vitaminas Procell , Marvelous e muito mais. NUTRITION4U suplementos para todo o tipo de pessoas e atletas.","publishingPrinciples":"https:\/\/nutrition4ushop.com\/about-us\/","ownershipFundingInfo":"https:\/\/nutrition4ushop.com\/train-with-ruben-garradas\/","actionableFeedbackPolicy":"https:\/\/nutrition4ushop.com\/cookies-policy\/","ethicsPolicy":"https:\/\/nutrition4ushop.com\/terms-and-conditions\/","address":{"@id":"https:\/\/nutrition4ushop.com\/product\/gaba-750mg-100-cap\/#local-main-place-address"},"telephone":[],"openingHoursSpecification":[]},{"@type":"PostalAddress","@id":"https:\/\/nutrition4ushop.com\/product\/gaba-750mg-100-cap\/#local-main-place-address","streetAddress":"R. 1\u00ba de Maio n\u00b035 Loja 221","addressLocality":"Amora","postalCode":"2845-162","addressRegion":"Set\u00fabal","addressCountry":"PT"},{"@type":"ImageObject","inLanguage":"pt-PT","@id":"https:\/\/nutrition4ushop.com\/product\/gaba-750mg-100-cap\/#local-main-organization-logo","url":"https:\/\/nutrition4ushop.com\/wp-content\/uploads\/2024\/02\/WhatsApp-Image-2024-02-02-at-5.49.55-PM-1.jpeg","contentUrl":"https:\/\/nutrition4ushop.com\/wp-content\/uploads\/2024\/02\/WhatsApp-Image-2024-02-02-at-5.49.55-PM-1.jpeg","width":1416,"height":1476,"caption":"Nutrition4u"}]},"product_price_amount":"23.50","product_price_currency":"EUR","og_availability":"instock","product_availability":"instock","product_condition":"new","geo.placename":"Amora","geo.region":"Portugal"},"publishpress_future_action":{"enabled":false,"date":"2026-05-22 11:12:59","action":"change-status","newStatus":"draft","terms":[],"taxonomy":"product_brand","extraData":[]},"publishpress_future_workflow_manual_trigger":{"enabledWorkflows":[]},"tiered_pricing_type":"fixed","tiered_pricing_fixed_rules":[],"tiered_pricing_product_settings":{"layout":"default","base_unit_name":{"singular":null,"plural":null},"default_variation":null},"tiered_pricing_minimum_quantity":null,"tiered_pricing_roles_data":[],"tiered_pricing_percentage_rules":[],"tiered_pricing_maximum_quantity":null,"tiered_pricing_quantity_step":null,"_links":{"self":[{"href":"https:\/\/nutrition4ushop.com\/pt\/wp-json\/wp\/v2\/product\/10453","targetHints":{"allow":["GET"]}}],"collection":[{"href":"https:\/\/nutrition4ushop.com\/pt\/wp-json\/wp\/v2\/product"}],"about":[{"href":"https:\/\/nutrition4ushop.com\/pt\/wp-json\/wp\/v2\/types\/product"}],"replies":[{"embeddable":true,"href":"https:\/\/nutrition4ushop.com\/pt\/wp-json\/wp\/v2\/comments?post=10453"}],"version-history":[{"count":1,"href":"https:\/\/nutrition4ushop.com\/pt\/wp-json\/wp\/v2\/product\/10453\/revisions"}],"predecessor-version":[{"id":10455,"href":"https:\/\/nutrition4ushop.com\/pt\/wp-json\/wp\/v2\/product\/10453\/revisions\/10455"}],"wp:featuredmedia":[{"embeddable":true,"href":"https:\/\/nutrition4ushop.com\/pt\/wp-json\/wp\/v2\/media\/10454"}],"wp:attachment":[{"href":"https:\/\/nutrition4ushop.com\/pt\/wp-json\/wp\/v2\/media?parent=10453"}],"wp:term":[{"taxonomy":"product_brand","embeddable":true,"href":"https:\/\/nutrition4ushop.com\/pt\/wp-json\/wp\/v2\/product_brand?post=10453"},{"taxonomy":"product_cat","embeddable":true,"href":"https:\/\/nutrition4ushop.com\/pt\/wp-json\/wp\/v2\/product_cat?post=10453"},{"taxonomy":"product_tag","embeddable":true,"href":"https:\/\/nutrition4ushop.com\/pt\/wp-json\/wp\/v2\/product_tag?post=10453"}],"curies":[{"name":"wp","href":"https:\/\/api.w.org\/{rel}","templated":true}]}}