{"id":10456,"date":"2025-07-07T16:36:24","date_gmt":"2025-07-07T16:36:24","guid":{"rendered":"https:\/\/nutrition4ushop.com\/?post_type=product&#038;p=10456"},"modified":"2025-07-07T16:36:24","modified_gmt":"2025-07-07T16:36:24","slug":"nattokinase-2000-fus-90-cap","status":"publish","type":"product","link":"https:\/\/nutrition4ushop.com\/pt\/product\/nattokinase-2000-fus-90-cap\/","title":{"rendered":"Nattokinase 2000 FUs - 90 cap"},"content":{"rendered":"<p data-start=\"102\" data-end=\"328\">Nattokinase \u00e9 uma enzima derivada do \u201cnatto\u201d, um alimento de soja fermentado tradicional popular no Jap\u00e3o. Durante o processo de produ\u00e7\u00e3o do natto, a soja n\u00e3o transg\u00e9nica \u00e9 fervida e fermentada com bact\u00e9rias <em data-start=\"272\" data-end=\"291\">Bacillus subtilis<\/em> que produzem nattokinase.<\/p>\n<p data-start=\"330\" data-end=\"412\">Doctor's Best Nattokinase cont\u00e9m a enzima nattokinase com a vitamina K2 removida.<\/p>\n<p data-start=\"414\" data-end=\"526\">Foi demonstrado que a nattoquinase apoia o sistema circulat\u00f3rio, ajudando a manter os n\u00edveis normais de fibrinog\u00e9nio no sangue.<\/p>\n<p data-start=\"528\" data-end=\"642\">Ingredientes<br data-start=\"539\" data-end=\"542\" \/>Maltodextrina, hipromelose (c\u00e1psula vegetal), estearato de magn\u00e9sio (fonte vegetal). Cont\u00e9m Soja.<\/p>\n<p data-start=\"644\" data-end=\"774\">Composi\u00e7\u00e3o<br data-start=\"655\" data-end=\"658\" \/>Por 1 c\u00e1psula:<br data-start=\"672\" data-end=\"675\" \/>Nattoquinase (da enzima fibrinase) - 2000 FU**<br data-start=\"722\" data-end=\"725\" \/>(**FU - atividade enzim\u00e1tica em unidades fibrinol\u00edticas)<\/p>\n<p data-start=\"776\" data-end=\"897\">Modo De Utiliza\u00e7\u00e3o<br data-start=\"794\" data-end=\"797\" \/>Adultos: Tomar 1 c\u00e1psula ao dia entre as refei\u00e7\u00f5es, ou conforme recomenda\u00e7\u00e3o de um m\u00e9dico nutricionalmente informado.<\/p>\n<p data-start=\"899\" data-end=\"1083\" data-is-last-node=\"\" data-is-only-node=\"\">Avisos<br data-start=\"907\" data-end=\"910\" \/>N\u00e3o utilizar este produto se estiver gr\u00e1vida ou a amamentar, se for al\u00e9rgico \u00e0 soja, ou se estiver a tomar medicamentos para diluir o sangue, consulte um m\u00e9dico antes de tomar este produto. Conservar num local fresco e seco.<\/p>","protected":false},"excerpt":{"rendered":"<p>\u2013 Ajuda a apoiar um sistema circulat\u00f3rio saud\u00e1vel<br data-start=\"44\" data-end=\"47\" \/>\u2013 Ajuda a apoiar a sa\u00fade cardiovascular e circulat\u00f3ria<\/p>","protected":false},"featured_media":10457,"comment_status":"open","ping_status":"closed","template":"","meta":{"site-sidebar-layout":"default","site-content-layout":"","ast-site-content-layout":"default","site-content-style":"default","site-sidebar-style":"default","ast-global-header-display":"","ast-banner-title-visibility":"","ast-main-header-display":"","ast-hfb-above-header-display":"","ast-hfb-below-header-display":"","ast-hfb-mobile-header-display":"","site-post-title":"","ast-breadcrumbs-content":"","ast-featured-img":"","footer-sml-layout":"","theme-transparent-header-meta":"default","adv-header-id-meta":"","stick-header-meta":"","header-above-stick-meta":"","header-main-stick-meta":"","header-below-stick-meta":"","astra-migrate-meta-layouts":"set","ast-page-background-enabled":"default","ast-page-background-meta":{"desktop":{"background-color":"var(--ast-global-color-4)","background-image":"","background-repeat":"repeat","background-position":"center center","background-size":"auto","background-attachment":"scroll","background-type":"","background-media":"","overlay-type":"","overlay-color":"","overlay-opacity":"","overlay-gradient":""},"tablet":{"background-color":"","background-image":"","background-repeat":"repeat","background-position":"center center","background-size":"auto","background-attachment":"scroll","background-type":"","background-media":"","overlay-type":"","overlay-color":"","overlay-opacity":"","overlay-gradient":""},"mobile":{"background-color":"","background-image":"","background-repeat":"repeat","background-position":"center center","background-size":"auto","background-attachment":"scroll","background-type":"","background-media":"","overlay-type":"","overlay-color":"","overlay-opacity":"","overlay-gradient":""}},"ast-content-background-meta":{"desktop":{"background-color":"var(--ast-global-color-5)","background-image":"","background-repeat":"repeat","background-position":"center center","background-size":"auto","background-attachment":"scroll","background-type":"","background-media":"","overlay-type":"","overlay-color":"","overlay-opacity":"","overlay-gradient":""},"tablet":{"background-color":"var(--ast-global-color-5)","background-image":"","background-repeat":"repeat","background-position":"center center","background-size":"auto","background-attachment":"scroll","background-type":"","background-media":"","overlay-type":"","overlay-color":"","overlay-opacity":"","overlay-gradient":""},"mobile":{"background-color":"var(--ast-global-color-5)","background-image":"","background-repeat":"repeat","background-position":"center center","background-size":"auto","background-attachment":"scroll","background-type":"","background-media":"","overlay-type":"","overlay-color":"","overlay-opacity":"","overlay-gradient":""}}},"product_brand":[316],"product_cat":[286],"product_tag":[],"class_list":{"0":"post-10456","1":"product","2":"type-product","3":"status-publish","4":"has-post-thumbnail","6":"product_brand-doctors-best","7":"product_cat-organ-support","8":"desktop-align-center","9":"tablet-align-left","10":"mobile-align-left","12":"first","13":"instock","14":"shipping-taxable","15":"purchasable","16":"product-type-simple"},"yoast_head":"<!-- This site is optimized with the Yoast SEO Premium plugin v27.0 (Yoast SEO v27.0) - https:\/\/yoast.com\/product\/yoast-seo-premium-wordpress\/ -->\n<title>Nattokinase 2000 FUs \u2013 90 cap<\/title>\n<meta name=\"robots\" content=\"index, follow, max-snippet:-1, max-image-preview:large, max-video-preview:-1\" \/>\n<link rel=\"canonical\" href=\"https:\/\/nutrition4ushop.com\/pt\/produto\/nattokinase-2000-fus-90-cap\/\" \/>\n<meta property=\"og:locale\" content=\"pt_PT\" \/>\n<meta property=\"og:type\" content=\"article\" \/>\n<meta property=\"og:title\" content=\"Nattokinase 2000 FUs \u2013 90 cap\" \/>\n<meta property=\"og:description\" content=\"\u2013 Helps support a healthy circulatory system\u2013 Helps support cardiovascular and circulatory health\" \/>\n<meta property=\"og:url\" content=\"https:\/\/nutrition4ushop.com\/pt\/produto\/nattokinase-2000-fus-90-cap\/\" \/>\n<meta property=\"og:site_name\" content=\"Nutrition4u\" \/>\n<meta property=\"article:publisher\" content=\"https:\/\/www.facebook.com\/p\/Nutrition4u-100063511002565\" \/>\n<meta property=\"og:image\" content=\"https:\/\/nutrition4ushop.com\/wp-content\/uploads\/2025\/07\/753950001251-Nattokinase-2000-FUs-90-Veggie-Caps-DoctorsBest-Nutribiopng-Nutribio-600x800-removebg-preview-e1751906108946.png\" \/>\n\t<meta property=\"og:image:width\" content=\"433\" \/>\n\t<meta property=\"og:image:height\" content=\"433\" \/>\n\t<meta property=\"og:image:type\" content=\"image\/png\" \/>\n<meta name=\"twitter:card\" content=\"summary_large_image\" \/>\n<meta name=\"twitter:label1\" content=\"pre\u00e7o\" \/>\n\t<meta name=\"twitter:data1\" content=\"30,00&nbsp;&euro;\" \/>\n\t<meta name=\"twitter:label2\" content=\"Disponibilidade\" \/>\n\t<meta name=\"twitter:data2\" content=\"Em stock\" \/>\n<script type=\"application\/ld+json\" class=\"yoast-schema-graph\">{\"@context\":\"https:\/\/schema.org\",\"@graph\":[{\"@type\":\"WebPage\",\"@id\":\"https:\/\/nutrition4ushop.com\/product\/nattokinase-2000-fus-90-cap\/\",\"url\":\"https:\/\/nutrition4ushop.com\/product\/nattokinase-2000-fus-90-cap\/\",\"name\":\"Nattokinase 2000 FUs \u2013 90 cap\",\"isPartOf\":{\"@id\":\"https:\/\/nutrition4ushop.com\/#website\"},\"primaryImageOfPage\":{\"@id\":\"https:\/\/nutrition4ushop.com\/product\/nattokinase-2000-fus-90-cap\/#primaryimage\"},\"image\":{\"@id\":\"https:\/\/nutrition4ushop.com\/product\/nattokinase-2000-fus-90-cap\/#primaryimage\"},\"thumbnailUrl\":\"https:\/\/nutrition4ushop.com\/wp-content\/uploads\/2025\/07\/753950001251-Nattokinase-2000-FUs-90-Veggie-Caps-DoctorsBest-Nutribiopng-Nutribio-600x800-removebg-preview-e1751906108946.png\",\"datePublished\":\"2025-07-07T16:36:24+00:00\",\"breadcrumb\":{\"@id\":\"https:\/\/nutrition4ushop.com\/product\/nattokinase-2000-fus-90-cap\/#breadcrumb\"},\"inLanguage\":\"pt-PT\",\"potentialAction\":[{\"@type\":\"ReadAction\",\"target\":[\"https:\/\/nutrition4ushop.com\/product\/nattokinase-2000-fus-90-cap\/\"]}]},{\"@type\":\"ImageObject\",\"inLanguage\":\"pt-PT\",\"@id\":\"https:\/\/nutrition4ushop.com\/product\/nattokinase-2000-fus-90-cap\/#primaryimage\",\"url\":\"https:\/\/nutrition4ushop.com\/wp-content\/uploads\/2025\/07\/753950001251-Nattokinase-2000-FUs-90-Veggie-Caps-DoctorsBest-Nutribiopng-Nutribio-600x800-removebg-preview-e1751906108946.png\",\"contentUrl\":\"https:\/\/nutrition4ushop.com\/wp-content\/uploads\/2025\/07\/753950001251-Nattokinase-2000-FUs-90-Veggie-Caps-DoctorsBest-Nutribiopng-Nutribio-600x800-removebg-preview-e1751906108946.png\",\"width\":433,\"height\":433},{\"@type\":\"BreadcrumbList\",\"@id\":\"https:\/\/nutrition4ushop.com\/product\/nattokinase-2000-fus-90-cap\/#breadcrumb\",\"itemListElement\":[{\"@type\":\"ListItem\",\"position\":1,\"name\":\"Home\",\"item\":\"https:\/\/nutrition4ushop.com\/\"},{\"@type\":\"ListItem\",\"position\":2,\"name\":\"Shop\",\"item\":\"https:\/\/nutrition4ushop.com\/shop\/\"},{\"@type\":\"ListItem\",\"position\":3,\"name\":\"Nattokinase 2000 FUs \u2013 90 cap\"}]},{\"@type\":\"WebSite\",\"@id\":\"https:\/\/nutrition4ushop.com\/#website\",\"url\":\"https:\/\/nutrition4ushop.com\/\",\"name\":\"Nutrition4u\",\"description\":\"\",\"publisher\":{\"@id\":\"https:\/\/nutrition4ushop.com\/#organization\"},\"potentialAction\":[{\"@type\":\"SearchAction\",\"target\":{\"@type\":\"EntryPoint\",\"urlTemplate\":\"https:\/\/nutrition4ushop.com\/?s={search_term_string}\"},\"query-input\":{\"@type\":\"PropertyValueSpecification\",\"valueRequired\":true,\"valueName\":\"search_term_string\"}}],\"inLanguage\":\"pt-PT\"},{\"@type\":[\"Organization\",\"Place\",\"SportingGoodsStore\"],\"@id\":\"https:\/\/nutrition4ushop.com\/#organization\",\"name\":\"Nutrition4u\",\"alternateName\":\"Nutrition4u\",\"url\":\"https:\/\/nutrition4ushop.com\/\",\"logo\":{\"@id\":\"https:\/\/nutrition4ushop.com\/product\/nattokinase-2000-fus-90-cap\/#local-main-organization-logo\"},\"image\":{\"@id\":\"https:\/\/nutrition4ushop.com\/product\/nattokinase-2000-fus-90-cap\/#local-main-organization-logo\"},\"sameAs\":[\"https:\/\/www.facebook.com\/p\/Nutrition4u-100063511002565\",\"https:\/\/www.instagram.com\/nutrition4u_by_rubengarradas\/\"],\"description\":\"Suplementos de qualidade. Suplementos e vitaminas Procell , Marvelous e muito mais. NUTRITION4U suplementos para todo o tipo de pessoas e atletas.\",\"publishingPrinciples\":\"https:\/\/nutrition4ushop.com\/about-us\/\",\"ownershipFundingInfo\":\"https:\/\/nutrition4ushop.com\/train-with-ruben-garradas\/\",\"actionableFeedbackPolicy\":\"https:\/\/nutrition4ushop.com\/cookies-policy\/\",\"ethicsPolicy\":\"https:\/\/nutrition4ushop.com\/terms-and-conditions\/\",\"address\":{\"@id\":\"https:\/\/nutrition4ushop.com\/product\/nattokinase-2000-fus-90-cap\/#local-main-place-address\"},\"telephone\":[],\"openingHoursSpecification\":[]},{\"@type\":\"PostalAddress\",\"@id\":\"https:\/\/nutrition4ushop.com\/product\/nattokinase-2000-fus-90-cap\/#local-main-place-address\",\"streetAddress\":\"R. 1\u00ba de Maio n\u00b035 Loja 221\",\"addressLocality\":\"Amora\",\"postalCode\":\"2845-162\",\"addressRegion\":\"Set\u00fabal\",\"addressCountry\":\"PT\"},{\"@type\":\"ImageObject\",\"inLanguage\":\"pt-PT\",\"@id\":\"https:\/\/nutrition4ushop.com\/product\/nattokinase-2000-fus-90-cap\/#local-main-organization-logo\",\"url\":\"https:\/\/nutrition4ushop.com\/wp-content\/uploads\/2024\/02\/WhatsApp-Image-2024-02-02-at-5.49.55-PM-1.jpeg\",\"contentUrl\":\"https:\/\/nutrition4ushop.com\/wp-content\/uploads\/2024\/02\/WhatsApp-Image-2024-02-02-at-5.49.55-PM-1.jpeg\",\"width\":1416,\"height\":1476,\"caption\":\"Nutrition4u\"}]}<\/script>\n<meta property=\"product:price:amount\" content=\"30.00\" \/>\n<meta property=\"product:price:currency\" content=\"EUR\" \/>\n<meta property=\"og:availability\" content=\"instock\" \/>\n<meta property=\"product:availability\" content=\"instock\" \/>\n<meta property=\"product:condition\" content=\"new\" \/>\n<meta name=\"geo.placename\" content=\"Amora\" \/>\n<meta name=\"geo.region\" content=\"Portugal\" \/>\n<!-- \/ Yoast SEO Premium plugin. -->","yoast_head_json":{"title":"Nattokinase 2000 FUs - 90 cap","robots":{"index":"index","follow":"follow","max-snippet":"max-snippet:-1","max-image-preview":"max-image-preview:large","max-video-preview":"max-video-preview:-1"},"canonical":"https:\/\/nutrition4ushop.com\/pt\/produto\/nattokinase-2000-fus-90-cap\/","og_locale":"pt_PT","og_type":"article","og_title":"Nattokinase 2000 FUs \u2013 90 cap","og_description":"\u2013 Helps support a healthy circulatory system\u2013 Helps support cardiovascular and circulatory health","og_url":"https:\/\/nutrition4ushop.com\/pt\/produto\/nattokinase-2000-fus-90-cap\/","og_site_name":"Nutrition4u","article_publisher":"https:\/\/www.facebook.com\/p\/Nutrition4u-100063511002565","og_image":[{"width":433,"height":433,"url":"https:\/\/nutrition4ushop.com\/wp-content\/uploads\/2025\/07\/753950001251-Nattokinase-2000-FUs-90-Veggie-Caps-DoctorsBest-Nutribiopng-Nutribio-600x800-removebg-preview-e1751906108946.png","type":"image\/png"}],"twitter_card":"summary_large_image","twitter_misc":{"pre\u00e7o":"30,00&nbsp;&euro;","Disponibilidade":"Em stock"},"schema":{"@context":"https:\/\/schema.org","@graph":[{"@type":"WebPage","@id":"https:\/\/nutrition4ushop.com\/product\/nattokinase-2000-fus-90-cap\/","url":"https:\/\/nutrition4ushop.com\/product\/nattokinase-2000-fus-90-cap\/","name":"Nattokinase 2000 FUs - 90 cap","isPartOf":{"@id":"https:\/\/nutrition4ushop.com\/#website"},"primaryImageOfPage":{"@id":"https:\/\/nutrition4ushop.com\/product\/nattokinase-2000-fus-90-cap\/#primaryimage"},"image":{"@id":"https:\/\/nutrition4ushop.com\/product\/nattokinase-2000-fus-90-cap\/#primaryimage"},"thumbnailUrl":"https:\/\/nutrition4ushop.com\/wp-content\/uploads\/2025\/07\/753950001251-Nattokinase-2000-FUs-90-Veggie-Caps-DoctorsBest-Nutribiopng-Nutribio-600x800-removebg-preview-e1751906108946.png","datePublished":"2025-07-07T16:36:24+00:00","breadcrumb":{"@id":"https:\/\/nutrition4ushop.com\/product\/nattokinase-2000-fus-90-cap\/#breadcrumb"},"inLanguage":"pt-PT","potentialAction":[{"@type":"ReadAction","target":["https:\/\/nutrition4ushop.com\/product\/nattokinase-2000-fus-90-cap\/"]}]},{"@type":"ImageObject","inLanguage":"pt-PT","@id":"https:\/\/nutrition4ushop.com\/product\/nattokinase-2000-fus-90-cap\/#primaryimage","url":"https:\/\/nutrition4ushop.com\/wp-content\/uploads\/2025\/07\/753950001251-Nattokinase-2000-FUs-90-Veggie-Caps-DoctorsBest-Nutribiopng-Nutribio-600x800-removebg-preview-e1751906108946.png","contentUrl":"https:\/\/nutrition4ushop.com\/wp-content\/uploads\/2025\/07\/753950001251-Nattokinase-2000-FUs-90-Veggie-Caps-DoctorsBest-Nutribiopng-Nutribio-600x800-removebg-preview-e1751906108946.png","width":433,"height":433},{"@type":"BreadcrumbList","@id":"https:\/\/nutrition4ushop.com\/product\/nattokinase-2000-fus-90-cap\/#breadcrumb","itemListElement":[{"@type":"ListItem","position":1,"name":"Home","item":"https:\/\/nutrition4ushop.com\/"},{"@type":"ListItem","position":2,"name":"Shop","item":"https:\/\/nutrition4ushop.com\/shop\/"},{"@type":"ListItem","position":3,"name":"Nattokinase 2000 FUs \u2013 90 cap"}]},{"@type":"WebSite","@id":"https:\/\/nutrition4ushop.com\/#website","url":"https:\/\/nutrition4ushop.com\/","name":"Nutri\u00e7\u00e3o4u","description":"","publisher":{"@id":"https:\/\/nutrition4ushop.com\/#organization"},"potentialAction":[{"@type":"SearchAction","target":{"@type":"EntryPoint","urlTemplate":"https:\/\/nutrition4ushop.com\/?s={search_term_string}"},"query-input":{"@type":"PropertyValueSpecification","valueRequired":true,"valueName":"search_term_string"}}],"inLanguage":"pt-PT"},{"@type":["Organization","Place","SportingGoodsStore"],"@id":"https:\/\/nutrition4ushop.com\/#organization","name":"Nutri\u00e7\u00e3o4u","alternateName":"Nutrition4u","url":"https:\/\/nutrition4ushop.com\/","logo":{"@id":"https:\/\/nutrition4ushop.com\/product\/nattokinase-2000-fus-90-cap\/#local-main-organization-logo"},"image":{"@id":"https:\/\/nutrition4ushop.com\/product\/nattokinase-2000-fus-90-cap\/#local-main-organization-logo"},"sameAs":["https:\/\/www.facebook.com\/p\/Nutrition4u-100063511002565","https:\/\/www.instagram.com\/nutrition4u_by_rubengarradas\/"],"description":"Suplementos de qualidade. Suplementos e vitaminas Procell , Marvelous e muito mais. NUTRITION4U suplementos para todo o tipo de pessoas e atletas.","publishingPrinciples":"https:\/\/nutrition4ushop.com\/about-us\/","ownershipFundingInfo":"https:\/\/nutrition4ushop.com\/train-with-ruben-garradas\/","actionableFeedbackPolicy":"https:\/\/nutrition4ushop.com\/cookies-policy\/","ethicsPolicy":"https:\/\/nutrition4ushop.com\/terms-and-conditions\/","address":{"@id":"https:\/\/nutrition4ushop.com\/product\/nattokinase-2000-fus-90-cap\/#local-main-place-address"},"telephone":[],"openingHoursSpecification":[]},{"@type":"PostalAddress","@id":"https:\/\/nutrition4ushop.com\/product\/nattokinase-2000-fus-90-cap\/#local-main-place-address","streetAddress":"R. 1\u00ba de Maio n\u00b035 Loja 221","addressLocality":"Amora","postalCode":"2845-162","addressRegion":"Set\u00fabal","addressCountry":"PT"},{"@type":"ImageObject","inLanguage":"pt-PT","@id":"https:\/\/nutrition4ushop.com\/product\/nattokinase-2000-fus-90-cap\/#local-main-organization-logo","url":"https:\/\/nutrition4ushop.com\/wp-content\/uploads\/2024\/02\/WhatsApp-Image-2024-02-02-at-5.49.55-PM-1.jpeg","contentUrl":"https:\/\/nutrition4ushop.com\/wp-content\/uploads\/2024\/02\/WhatsApp-Image-2024-02-02-at-5.49.55-PM-1.jpeg","width":1416,"height":1476,"caption":"Nutrition4u"}]},"product_price_amount":"30.00","product_price_currency":"EUR","og_availability":"instock","product_availability":"instock","product_condition":"new","geo.placename":"Amora","geo.region":"Portugal"},"publishpress_future_action":{"enabled":false,"date":"2026-05-08 02:42:37","action":"change-status","newStatus":"draft","terms":[],"taxonomy":"product_brand","extraData":[]},"publishpress_future_workflow_manual_trigger":{"enabledWorkflows":[]},"tiered_pricing_type":"fixed","tiered_pricing_fixed_rules":[],"tiered_pricing_product_settings":{"layout":"default","base_unit_name":{"singular":null,"plural":null},"default_variation":null},"tiered_pricing_minimum_quantity":null,"tiered_pricing_roles_data":[],"tiered_pricing_percentage_rules":[],"tiered_pricing_maximum_quantity":null,"tiered_pricing_quantity_step":null,"_links":{"self":[{"href":"https:\/\/nutrition4ushop.com\/pt\/wp-json\/wp\/v2\/product\/10456","targetHints":{"allow":["GET"]}}],"collection":[{"href":"https:\/\/nutrition4ushop.com\/pt\/wp-json\/wp\/v2\/product"}],"about":[{"href":"https:\/\/nutrition4ushop.com\/pt\/wp-json\/wp\/v2\/types\/product"}],"replies":[{"embeddable":true,"href":"https:\/\/nutrition4ushop.com\/pt\/wp-json\/wp\/v2\/comments?post=10456"}],"version-history":[{"count":1,"href":"https:\/\/nutrition4ushop.com\/pt\/wp-json\/wp\/v2\/product\/10456\/revisions"}],"predecessor-version":[{"id":10458,"href":"https:\/\/nutrition4ushop.com\/pt\/wp-json\/wp\/v2\/product\/10456\/revisions\/10458"}],"wp:featuredmedia":[{"embeddable":true,"href":"https:\/\/nutrition4ushop.com\/pt\/wp-json\/wp\/v2\/media\/10457"}],"wp:attachment":[{"href":"https:\/\/nutrition4ushop.com\/pt\/wp-json\/wp\/v2\/media?parent=10456"}],"wp:term":[{"taxonomy":"product_brand","embeddable":true,"href":"https:\/\/nutrition4ushop.com\/pt\/wp-json\/wp\/v2\/product_brand?post=10456"},{"taxonomy":"product_cat","embeddable":true,"href":"https:\/\/nutrition4ushop.com\/pt\/wp-json\/wp\/v2\/product_cat?post=10456"},{"taxonomy":"product_tag","embeddable":true,"href":"https:\/\/nutrition4ushop.com\/pt\/wp-json\/wp\/v2\/product_tag?post=10456"}],"curies":[{"name":"wp","href":"https:\/\/api.w.org\/{rel}","templated":true}]}}