{"id":10470,"date":"2025-07-08T15:20:25","date_gmt":"2025-07-08T15:20:25","guid":{"rendered":"https:\/\/nutrition4ushop.com\/?post_type=product&#038;p=10470"},"modified":"2025-07-08T15:20:25","modified_gmt":"2025-07-08T15:20:25","slug":"sex-bomb-male-libido-enhancer-120caps","status":"publish","type":"product","link":"https:\/\/nutrition4ushop.com\/pt\/product\/sex-bomb-male-libido-enhancer-120caps\/","title":{"rendered":"Sex Bomb Potenciador da Libido Masculino 120CAPS"},"content":{"rendered":"<p>Applied Nutrition Sex Bomb Male \u00e9 um suplemento ativo para a libido, especialmente formulado para homens. Cada dose cont\u00e9m 200 mg de extrato de Ashwagandha KSM-66\u00ae, 200 mg de p\u00f3 de maca, 100 mg de p\u00f3 de Tribulus Terrestris e mais de 100 mg de feno-grego.<\/p>\n<p>A f\u00f3rmula inclui ainda doses potentes de L-Arginina, extrato de urtiga e extrato de ginseng, enriquecida com vitamina B3 para ajudar a manter o equil\u00edbrio hormonal normal. Apenas duas c\u00e1psulas por dia s\u00e3o suficientes!<\/p>\n<p>Principais Benef\u00edcios<br \/>\nEspecialmente formulado para homens<br \/>\n200 mg de Ashwagandha KSM-66\u00ae por dose<br \/>\n200 mg de p\u00f3 de maca<br \/>\nCom L-Arginina, Tribulus Terrestris e feno-grego<br \/>\nEnriquecido com vitamina B3<br \/>\nF\u00e1cil de tomar<br \/>\n120 c\u00e1psulas<br \/>\nEmbalagem pr\u00e1tica<\/p>\n<p>Vantagens do Applied Nutrition Sex Bomb Male<br \/>\nUma forma simples de ajudar a regular a atividade hormonal gra\u00e7as \u00e0 vitamina B3. As c\u00e1psulas s\u00e3o f\u00e1ceis de tomar, adequadas para vegans e certificadas halal \u2014 ideal para diferentes estilos de vida.<\/p>\n<p>Modo de utiliza\u00e7\u00e3o<br \/>\nTomar duas c\u00e1psulas por dia, de prefer\u00eancia antes de dormir.<\/p>","protected":false},"excerpt":{"rendered":"<p>Applied Nutrition Sex Bomb Male is an active libido supplement that\u2019s specially formulated for men. Each serving is packed with [&hellip;]<\/p>\n","protected":false},"featured_media":10471,"comment_status":"open","ping_status":"closed","template":"","meta":{"site-sidebar-layout":"default","site-content-layout":"","ast-site-content-layout":"default","site-content-style":"default","site-sidebar-style":"default","ast-global-header-display":"","ast-banner-title-visibility":"","ast-main-header-display":"","ast-hfb-above-header-display":"","ast-hfb-below-header-display":"","ast-hfb-mobile-header-display":"","site-post-title":"","ast-breadcrumbs-content":"","ast-featured-img":"","footer-sml-layout":"","theme-transparent-header-meta":"default","adv-header-id-meta":"","stick-header-meta":"","header-above-stick-meta":"","header-main-stick-meta":"","header-below-stick-meta":"","astra-migrate-meta-layouts":"set","ast-page-background-enabled":"default","ast-page-background-meta":{"desktop":{"background-color":"var(--ast-global-color-4)","background-image":"","background-repeat":"repeat","background-position":"center center","background-size":"auto","background-attachment":"scroll","background-type":"","background-media":"","overlay-type":"","overlay-color":"","overlay-opacity":"","overlay-gradient":""},"tablet":{"background-color":"","background-image":"","background-repeat":"repeat","background-position":"center center","background-size":"auto","background-attachment":"scroll","background-type":"","background-media":"","overlay-type":"","overlay-color":"","overlay-opacity":"","overlay-gradient":""},"mobile":{"background-color":"","background-image":"","background-repeat":"repeat","background-position":"center center","background-size":"auto","background-attachment":"scroll","background-type":"","background-media":"","overlay-type":"","overlay-color":"","overlay-opacity":"","overlay-gradient":""}},"ast-content-background-meta":{"desktop":{"background-color":"var(--ast-global-color-5)","background-image":"","background-repeat":"repeat","background-position":"center center","background-size":"auto","background-attachment":"scroll","background-type":"","background-media":"","overlay-type":"","overlay-color":"","overlay-opacity":"","overlay-gradient":""},"tablet":{"background-color":"var(--ast-global-color-5)","background-image":"","background-repeat":"repeat","background-position":"center center","background-size":"auto","background-attachment":"scroll","background-type":"","background-media":"","overlay-type":"","overlay-color":"","overlay-opacity":"","overlay-gradient":""},"mobile":{"background-color":"var(--ast-global-color-5)","background-image":"","background-repeat":"repeat","background-position":"center center","background-size":"auto","background-attachment":"scroll","background-type":"","background-media":"","overlay-type":"","overlay-color":"","overlay-opacity":"","overlay-gradient":""}}},"product_brand":[186],"product_cat":[287],"product_tag":[],"class_list":{"0":"post-10470","1":"product","2":"type-product","3":"status-publish","4":"has-post-thumbnail","6":"product_brand-applied-nutrition","7":"product_cat-test-boosters","8":"desktop-align-center","9":"tablet-align-left","10":"mobile-align-left","12":"first","13":"instock","14":"shipping-taxable","15":"purchasable","16":"product-type-simple"},"yoast_head":"<!-- This site is optimized with the Yoast SEO Premium plugin v27.5 (Yoast SEO v27.5) - https:\/\/yoast.com\/product\/yoast-seo-premium-wordpress\/ -->\n<title>Sex Bomb Male Libido Enhancer 120CAPS<\/title>\n<meta name=\"robots\" content=\"index, follow, max-snippet:-1, max-image-preview:large, max-video-preview:-1\" \/>\n<link rel=\"canonical\" href=\"https:\/\/nutrition4ushop.com\/pt\/produto\/sex-bomb-male-libido-enhancer-120caps\/\" \/>\n<meta property=\"og:locale\" content=\"pt_PT\" \/>\n<meta property=\"og:type\" content=\"article\" \/>\n<meta property=\"og:title\" content=\"Sex Bomb Male Libido Enhancer 120CAPS\" \/>\n<meta property=\"og:description\" content=\"Applied Nutrition Sex Bomb Male is an active libido supplement that\u2019s specially formulated for men. Each serving is packed with [&hellip;]\" \/>\n<meta property=\"og:url\" content=\"https:\/\/nutrition4ushop.com\/pt\/produto\/sex-bomb-male-libido-enhancer-120caps\/\" \/>\n<meta property=\"og:site_name\" content=\"Nutrition4u\" \/>\n<meta property=\"article:publisher\" content=\"https:\/\/www.facebook.com\/p\/Nutrition4u-100063511002565\" \/>\n<meta property=\"og:image\" content=\"https:\/\/nutrition4ushop.com\/wp-content\/uploads\/2025\/07\/1_org_zoom-removebg-preview-e1751987943615.png\" \/>\n\t<meta property=\"og:image:width\" content=\"408\" \/>\n\t<meta property=\"og:image:height\" content=\"408\" \/>\n\t<meta property=\"og:image:type\" content=\"image\/png\" \/>\n<meta name=\"twitter:card\" content=\"summary_large_image\" \/>\n<meta name=\"twitter:label1\" content=\"pre\u00e7o\" \/>\n\t<meta name=\"twitter:data1\" content=\"25,00&nbsp;&euro;\" \/>\n\t<meta name=\"twitter:label2\" content=\"Disponibilidade\" \/>\n\t<meta name=\"twitter:data2\" content=\"Em stock\" \/>\n<script type=\"application\/ld+json\" class=\"yoast-schema-graph\">{\"@context\":\"https:\\\/\\\/schema.org\",\"@graph\":[{\"@type\":\"WebPage\",\"@id\":\"https:\\\/\\\/nutrition4ushop.com\\\/product\\\/sex-bomb-male-libido-enhancer-120caps\\\/\",\"url\":\"https:\\\/\\\/nutrition4ushop.com\\\/product\\\/sex-bomb-male-libido-enhancer-120caps\\\/\",\"name\":\"Sex Bomb Male Libido Enhancer 120CAPS\",\"isPartOf\":{\"@id\":\"https:\\\/\\\/nutrition4ushop.com\\\/#website\"},\"primaryImageOfPage\":{\"@id\":\"https:\\\/\\\/nutrition4ushop.com\\\/product\\\/sex-bomb-male-libido-enhancer-120caps\\\/#primaryimage\"},\"image\":{\"@id\":\"https:\\\/\\\/nutrition4ushop.com\\\/product\\\/sex-bomb-male-libido-enhancer-120caps\\\/#primaryimage\"},\"thumbnailUrl\":\"https:\\\/\\\/nutrition4ushop.com\\\/wp-content\\\/uploads\\\/2025\\\/07\\\/1_org_zoom-removebg-preview-e1751987943615.png\",\"datePublished\":\"2025-07-08T15:20:25+00:00\",\"breadcrumb\":{\"@id\":\"https:\\\/\\\/nutrition4ushop.com\\\/product\\\/sex-bomb-male-libido-enhancer-120caps\\\/#breadcrumb\"},\"inLanguage\":\"pt-PT\",\"potentialAction\":[{\"@type\":\"ReadAction\",\"target\":[\"https:\\\/\\\/nutrition4ushop.com\\\/product\\\/sex-bomb-male-libido-enhancer-120caps\\\/\"]}]},{\"@type\":\"ImageObject\",\"inLanguage\":\"pt-PT\",\"@id\":\"https:\\\/\\\/nutrition4ushop.com\\\/product\\\/sex-bomb-male-libido-enhancer-120caps\\\/#primaryimage\",\"url\":\"https:\\\/\\\/nutrition4ushop.com\\\/wp-content\\\/uploads\\\/2025\\\/07\\\/1_org_zoom-removebg-preview-e1751987943615.png\",\"contentUrl\":\"https:\\\/\\\/nutrition4ushop.com\\\/wp-content\\\/uploads\\\/2025\\\/07\\\/1_org_zoom-removebg-preview-e1751987943615.png\",\"width\":408,\"height\":408},{\"@type\":\"BreadcrumbList\",\"@id\":\"https:\\\/\\\/nutrition4ushop.com\\\/product\\\/sex-bomb-male-libido-enhancer-120caps\\\/#breadcrumb\",\"itemListElement\":[{\"@type\":\"ListItem\",\"position\":1,\"name\":\"Home\",\"item\":\"https:\\\/\\\/nutrition4ushop.com\\\/\"},{\"@type\":\"ListItem\",\"position\":2,\"name\":\"Shop\",\"item\":\"https:\\\/\\\/nutrition4ushop.com\\\/shop\\\/\"},{\"@type\":\"ListItem\",\"position\":3,\"name\":\"Sex Bomb Male Libido Enhancer 120CAPS\"}]},{\"@type\":\"WebSite\",\"@id\":\"https:\\\/\\\/nutrition4ushop.com\\\/#website\",\"url\":\"https:\\\/\\\/nutrition4ushop.com\\\/\",\"name\":\"Nutrition4u\",\"description\":\"\",\"publisher\":{\"@id\":\"https:\\\/\\\/nutrition4ushop.com\\\/#organization\"},\"potentialAction\":[{\"@type\":\"SearchAction\",\"target\":{\"@type\":\"EntryPoint\",\"urlTemplate\":\"https:\\\/\\\/nutrition4ushop.com\\\/?s={search_term_string}\"},\"query-input\":{\"@type\":\"PropertyValueSpecification\",\"valueRequired\":true,\"valueName\":\"search_term_string\"}}],\"inLanguage\":\"pt-PT\"},{\"@type\":[\"Organization\",\"Place\",\"SportingGoodsStore\"],\"@id\":\"https:\\\/\\\/nutrition4ushop.com\\\/#organization\",\"name\":\"Nutrition4u\",\"alternateName\":\"Nutrition4u\",\"url\":\"https:\\\/\\\/nutrition4ushop.com\\\/\",\"logo\":{\"@id\":\"https:\\\/\\\/nutrition4ushop.com\\\/product\\\/sex-bomb-male-libido-enhancer-120caps\\\/#local-main-organization-logo\"},\"image\":{\"@id\":\"https:\\\/\\\/nutrition4ushop.com\\\/product\\\/sex-bomb-male-libido-enhancer-120caps\\\/#local-main-organization-logo\"},\"sameAs\":[\"https:\\\/\\\/www.facebook.com\\\/p\\\/Nutrition4u-100063511002565\",\"https:\\\/\\\/www.instagram.com\\\/nutrition4u_by_rubengarradas\\\/\"],\"description\":\"Suplementos de qualidade. Suplementos e vitaminas Procell , Marvelous e muito mais. NUTRITION4U suplementos para todo o tipo de pessoas e atletas.\",\"publishingPrinciples\":\"https:\\\/\\\/nutrition4ushop.com\\\/about-us\\\/\",\"ownershipFundingInfo\":\"https:\\\/\\\/nutrition4ushop.com\\\/train-with-ruben-garradas\\\/\",\"actionableFeedbackPolicy\":\"https:\\\/\\\/nutrition4ushop.com\\\/cookies-policy\\\/\",\"ethicsPolicy\":\"https:\\\/\\\/nutrition4ushop.com\\\/terms-and-conditions\\\/\",\"address\":{\"@id\":\"https:\\\/\\\/nutrition4ushop.com\\\/product\\\/sex-bomb-male-libido-enhancer-120caps\\\/#local-main-place-address\"},\"telephone\":[],\"openingHoursSpecification\":[]},{\"@type\":\"PostalAddress\",\"@id\":\"https:\\\/\\\/nutrition4ushop.com\\\/product\\\/sex-bomb-male-libido-enhancer-120caps\\\/#local-main-place-address\",\"streetAddress\":\"R. 1\u00ba de Maio n\u00b035 Loja 221\",\"addressLocality\":\"Amora\",\"postalCode\":\"2845-162\",\"addressRegion\":\"Set\u00fabal\",\"addressCountry\":\"PT\"},{\"@type\":\"ImageObject\",\"inLanguage\":\"pt-PT\",\"@id\":\"https:\\\/\\\/nutrition4ushop.com\\\/product\\\/sex-bomb-male-libido-enhancer-120caps\\\/#local-main-organization-logo\",\"url\":\"https:\\\/\\\/nutrition4ushop.com\\\/wp-content\\\/uploads\\\/2024\\\/02\\\/WhatsApp-Image-2024-02-02-at-5.49.55-PM-1.jpeg\",\"contentUrl\":\"https:\\\/\\\/nutrition4ushop.com\\\/wp-content\\\/uploads\\\/2024\\\/02\\\/WhatsApp-Image-2024-02-02-at-5.49.55-PM-1.jpeg\",\"width\":1416,\"height\":1476,\"caption\":\"Nutrition4u\"}]}<\/script>\n<meta property=\"product:price:amount\" content=\"25.00\" \/>\n<meta property=\"product:price:currency\" content=\"EUR\" \/>\n<meta property=\"og:availability\" content=\"instock\" \/>\n<meta property=\"product:availability\" content=\"instock\" \/>\n<meta property=\"product:condition\" content=\"new\" \/>\n<meta name=\"geo.placename\" content=\"Amora\" \/>\n<meta name=\"geo.region\" content=\"Portugal\" \/>\n<!-- \/ Yoast SEO Premium plugin. -->","yoast_head_json":{"title":"Sex Bomb Potenciador da Libido Masculino 120CAPS","robots":{"index":"index","follow":"follow","max-snippet":"max-snippet:-1","max-image-preview":"max-image-preview:large","max-video-preview":"max-video-preview:-1"},"canonical":"https:\/\/nutrition4ushop.com\/pt\/produto\/sex-bomb-male-libido-enhancer-120caps\/","og_locale":"pt_PT","og_type":"article","og_title":"Sex Bomb Male Libido Enhancer 120CAPS","og_description":"Applied Nutrition Sex Bomb Male is an active libido supplement that\u2019s specially formulated for men. Each serving is packed with [&hellip;]","og_url":"https:\/\/nutrition4ushop.com\/pt\/produto\/sex-bomb-male-libido-enhancer-120caps\/","og_site_name":"Nutrition4u","article_publisher":"https:\/\/www.facebook.com\/p\/Nutrition4u-100063511002565","og_image":[{"width":408,"height":408,"url":"https:\/\/nutrition4ushop.com\/wp-content\/uploads\/2025\/07\/1_org_zoom-removebg-preview-e1751987943615.png","type":"image\/png"}],"twitter_card":"summary_large_image","twitter_misc":{"pre\u00e7o":"25,00&nbsp;&euro;","Disponibilidade":"Em stock"},"schema":{"@context":"https:\/\/schema.org","@graph":[{"@type":"WebPage","@id":"https:\/\/nutrition4ushop.com\/product\/sex-bomb-male-libido-enhancer-120caps\/","url":"https:\/\/nutrition4ushop.com\/product\/sex-bomb-male-libido-enhancer-120caps\/","name":"Sex Bomb Potenciador da Libido Masculino 120CAPS","isPartOf":{"@id":"https:\/\/nutrition4ushop.com\/#website"},"primaryImageOfPage":{"@id":"https:\/\/nutrition4ushop.com\/product\/sex-bomb-male-libido-enhancer-120caps\/#primaryimage"},"image":{"@id":"https:\/\/nutrition4ushop.com\/product\/sex-bomb-male-libido-enhancer-120caps\/#primaryimage"},"thumbnailUrl":"https:\/\/nutrition4ushop.com\/wp-content\/uploads\/2025\/07\/1_org_zoom-removebg-preview-e1751987943615.png","datePublished":"2025-07-08T15:20:25+00:00","breadcrumb":{"@id":"https:\/\/nutrition4ushop.com\/product\/sex-bomb-male-libido-enhancer-120caps\/#breadcrumb"},"inLanguage":"pt-PT","potentialAction":[{"@type":"ReadAction","target":["https:\/\/nutrition4ushop.com\/product\/sex-bomb-male-libido-enhancer-120caps\/"]}]},{"@type":"ImageObject","inLanguage":"pt-PT","@id":"https:\/\/nutrition4ushop.com\/product\/sex-bomb-male-libido-enhancer-120caps\/#primaryimage","url":"https:\/\/nutrition4ushop.com\/wp-content\/uploads\/2025\/07\/1_org_zoom-removebg-preview-e1751987943615.png","contentUrl":"https:\/\/nutrition4ushop.com\/wp-content\/uploads\/2025\/07\/1_org_zoom-removebg-preview-e1751987943615.png","width":408,"height":408},{"@type":"BreadcrumbList","@id":"https:\/\/nutrition4ushop.com\/product\/sex-bomb-male-libido-enhancer-120caps\/#breadcrumb","itemListElement":[{"@type":"ListItem","position":1,"name":"Home","item":"https:\/\/nutrition4ushop.com\/"},{"@type":"ListItem","position":2,"name":"Shop","item":"https:\/\/nutrition4ushop.com\/shop\/"},{"@type":"ListItem","position":3,"name":"Sex Bomb Male Libido Enhancer 120CAPS"}]},{"@type":"WebSite","@id":"https:\/\/nutrition4ushop.com\/#website","url":"https:\/\/nutrition4ushop.com\/","name":"Nutri\u00e7\u00e3o4u","description":"","publisher":{"@id":"https:\/\/nutrition4ushop.com\/#organization"},"potentialAction":[{"@type":"SearchAction","target":{"@type":"EntryPoint","urlTemplate":"https:\/\/nutrition4ushop.com\/?s={search_term_string}"},"query-input":{"@type":"PropertyValueSpecification","valueRequired":true,"valueName":"search_term_string"}}],"inLanguage":"pt-PT"},{"@type":["Organization","Place","SportingGoodsStore"],"@id":"https:\/\/nutrition4ushop.com\/#organization","name":"Nutri\u00e7\u00e3o4u","alternateName":"Nutrition4u","url":"https:\/\/nutrition4ushop.com\/","logo":{"@id":"https:\/\/nutrition4ushop.com\/product\/sex-bomb-male-libido-enhancer-120caps\/#local-main-organization-logo"},"image":{"@id":"https:\/\/nutrition4ushop.com\/product\/sex-bomb-male-libido-enhancer-120caps\/#local-main-organization-logo"},"sameAs":["https:\/\/www.facebook.com\/p\/Nutrition4u-100063511002565","https:\/\/www.instagram.com\/nutrition4u_by_rubengarradas\/"],"description":"Suplementos de qualidade. Suplementos e vitaminas Procell , Marvelous e muito mais. NUTRITION4U suplementos para todo o tipo de pessoas e atletas.","publishingPrinciples":"https:\/\/nutrition4ushop.com\/about-us\/","ownershipFundingInfo":"https:\/\/nutrition4ushop.com\/train-with-ruben-garradas\/","actionableFeedbackPolicy":"https:\/\/nutrition4ushop.com\/cookies-policy\/","ethicsPolicy":"https:\/\/nutrition4ushop.com\/terms-and-conditions\/","address":{"@id":"https:\/\/nutrition4ushop.com\/product\/sex-bomb-male-libido-enhancer-120caps\/#local-main-place-address"},"telephone":[],"openingHoursSpecification":[]},{"@type":"PostalAddress","@id":"https:\/\/nutrition4ushop.com\/product\/sex-bomb-male-libido-enhancer-120caps\/#local-main-place-address","streetAddress":"R. 1\u00ba de Maio n\u00b035 Loja 221","addressLocality":"Amora","postalCode":"2845-162","addressRegion":"Set\u00fabal","addressCountry":"PT"},{"@type":"ImageObject","inLanguage":"pt-PT","@id":"https:\/\/nutrition4ushop.com\/product\/sex-bomb-male-libido-enhancer-120caps\/#local-main-organization-logo","url":"https:\/\/nutrition4ushop.com\/wp-content\/uploads\/2024\/02\/WhatsApp-Image-2024-02-02-at-5.49.55-PM-1.jpeg","contentUrl":"https:\/\/nutrition4ushop.com\/wp-content\/uploads\/2024\/02\/WhatsApp-Image-2024-02-02-at-5.49.55-PM-1.jpeg","width":1416,"height":1476,"caption":"Nutrition4u"}]},"product_price_amount":"25.00","product_price_currency":"EUR","og_availability":"instock","product_availability":"instock","product_condition":"new","geo.placename":"Amora","geo.region":"Portugal"},"publishpress_future_action":{"enabled":false,"date":"2026-05-12 19:59:39","action":"change-status","newStatus":"draft","terms":[],"taxonomy":"product_brand","extraData":[]},"publishpress_future_workflow_manual_trigger":{"enabledWorkflows":[]},"tiered_pricing_type":"fixed","tiered_pricing_fixed_rules":[],"tiered_pricing_product_settings":{"layout":"default","base_unit_name":{"singular":null,"plural":null},"default_variation":null},"tiered_pricing_minimum_quantity":null,"tiered_pricing_roles_data":[],"tiered_pricing_percentage_rules":[],"tiered_pricing_maximum_quantity":null,"tiered_pricing_quantity_step":null,"_links":{"self":[{"href":"https:\/\/nutrition4ushop.com\/pt\/wp-json\/wp\/v2\/product\/10470","targetHints":{"allow":["GET"]}}],"collection":[{"href":"https:\/\/nutrition4ushop.com\/pt\/wp-json\/wp\/v2\/product"}],"about":[{"href":"https:\/\/nutrition4ushop.com\/pt\/wp-json\/wp\/v2\/types\/product"}],"replies":[{"embeddable":true,"href":"https:\/\/nutrition4ushop.com\/pt\/wp-json\/wp\/v2\/comments?post=10470"}],"version-history":[{"count":1,"href":"https:\/\/nutrition4ushop.com\/pt\/wp-json\/wp\/v2\/product\/10470\/revisions"}],"predecessor-version":[{"id":10472,"href":"https:\/\/nutrition4ushop.com\/pt\/wp-json\/wp\/v2\/product\/10470\/revisions\/10472"}],"wp:featuredmedia":[{"embeddable":true,"href":"https:\/\/nutrition4ushop.com\/pt\/wp-json\/wp\/v2\/media\/10471"}],"wp:attachment":[{"href":"https:\/\/nutrition4ushop.com\/pt\/wp-json\/wp\/v2\/media?parent=10470"}],"wp:term":[{"taxonomy":"product_brand","embeddable":true,"href":"https:\/\/nutrition4ushop.com\/pt\/wp-json\/wp\/v2\/product_brand?post=10470"},{"taxonomy":"product_cat","embeddable":true,"href":"https:\/\/nutrition4ushop.com\/pt\/wp-json\/wp\/v2\/product_cat?post=10470"},{"taxonomy":"product_tag","embeddable":true,"href":"https:\/\/nutrition4ushop.com\/pt\/wp-json\/wp\/v2\/product_tag?post=10470"}],"curies":[{"name":"wp","href":"https:\/\/api.w.org\/{rel}","templated":true}]}}