{"id":10482,"date":"2025-11-10T17:27:09","date_gmt":"2025-11-10T17:27:09","guid":{"rendered":"https:\/\/nutrition4ushop.com\/?post_type=product&#038;p=10482"},"modified":"2025-11-11T08:46:07","modified_gmt":"2025-11-11T08:46:07","slug":"lipo-6-hardcore-60-caps","status":"publish","type":"product","link":"https:\/\/nutrition4ushop.com\/pt\/product\/lipo-6-hardcore-60-caps\/","title":{"rendered":"LIPO 6 Hardcore - 60 c\u00e1psulas"},"content":{"rendered":"<p data-start=\"143\" data-end=\"300\">The ultimate and final Lipo-6, the most concentrated Lipo-6 formula ever, is made for those who demand maximum results!<\/p>\n<p data-start=\"302\" data-end=\"387\">If you&#8217;re looking for an exceptionally strong thermogenic, this is the right product.<\/p>\n<p data-start=\"389\" data-end=\"483\">A scientifically tested formula with powerful ingredients for a complete and effective action.<\/p>\n<p data-start=\"485\" data-end=\"612\">Just 1 capsule per day, combined with exercise and a balanced diet, is enough to help you reach your goals and extreme results.<\/p>\n<p data-start=\"614\" data-end=\"671\">It\u2019s so strong that you won\u2019t need more than one capsule!<\/p>\n<p data-start=\"673\" data-end=\"907\">LIPO-6 HARDCORE helps maximize fat burning. It gives you a strong energy boost. It creates an intense thermogenic effect to help accelerate your metabolism. Plus, its combination of ingredients helps reduce appetite and food cravings.<\/p>\n<p data-start=\"909\" data-end=\"1345\"><strong data-start=\"909\" data-end=\"924\">Ingredients<\/strong><br data-start=\"924\" data-end=\"927\" \/>Caffeine anhydrous, dry extract of Yerba Mate (Ilex paraguariensis, leaf), dry extract of Green Tea leaf (Camellia sinensis, 80% catechins [50% (-) 3-epigallocatechin gallate (EGCG), 0.5% caffeine]), capsule: coating agent (hydroxypropylmethylcellulose), bulking agent (microcrystalline cellulose), choline bitartrate, anti-caking agents (magnesium stearate and silicon dioxide), potassium iodide, chromium picolinate.<\/p>\n<p data-start=\"1347\" data-end=\"1792\"><strong data-start=\"1347\" data-end=\"1362\">Composition<\/strong><br data-start=\"1362\" data-end=\"1365\" \/>Per serving (1 capsule):<br data-start=\"1389\" data-end=\"1392\" \/>Choline (from Choline Bitartrate) \u2013 20 mg (4% NRV)<br data-start=\"1442\" data-end=\"1445\" \/>Iodine (from Potassium Iodide) \u2013 100 mcg (67% NRV)<br data-start=\"1495\" data-end=\"1498\" \/>Chromium (from Chromium Picolinate) \u2013 100 mcg (286% NRV)<br data-start=\"1554\" data-end=\"1557\" \/>Caffeine Anhydrous \u2013 230 mg<br data-start=\"1584\" data-end=\"1587\" \/>Yerba Mate Extract (Ilex paraguariensis, leaf) (standardized to 8% caffeine) \u2013 200 mg<br data-start=\"1672\" data-end=\"1675\" \/>Green Tea Leaf Extract (Camellia sinensis) (standardized to 80% catechins, 50% EGCG, and max. 0.5% caffeine) \u2013 125 mg<\/p>\n<p data-start=\"1794\" data-end=\"1996\"><strong data-start=\"1794\" data-end=\"1816\">Directions for Use<\/strong><br data-start=\"1816\" data-end=\"1819\" \/>As a food supplement, take 1 capsule per day. Do not take with meals. Consume at least one hour before a meal.<br data-start=\"1929\" data-end=\"1932\" \/>High caffeine content \u2013 do not take within six hours of bedtime.<\/p>\n<p data-start=\"1998\" data-end=\"2399\" data-is-last-node=\"\" data-is-only-node=\"\"><strong data-start=\"1998\" data-end=\"2010\">Warnings<\/strong><br data-start=\"2010\" data-end=\"2013\" \/>Food supplements should not be used as a substitute for a varied and balanced diet and a healthy lifestyle. Store in a cool, dry place, away from light. Keep out of reach of children. Do not take if you&#8217;re hypersensitive to any of the ingredients. Do not exceed the recommended daily dose. Food supplements are not medicines. If in doubt, consult your doctor or healthcare professional.<\/p>\n","protected":false},"excerpt":{"rendered":"<p data-start=\"0\" data-end=\"141\">O derradeiro e \u00faltimo Lipo 6, a f\u00f3rmula Lipo 6 mais concentrada de semore \u00e9 para todos aqueles que querem m\u00e1ximos resultados!<\/p>\n<p data-start=\"143\" data-end=\"300\"><strong data-start=\"143\" data-end=\"178\">Queima Gordura sem perder M\u00fasculo!<\/strong><\/p>","protected":false},"featured_media":10483,"comment_status":"open","ping_status":"closed","template":"","meta":{"site-sidebar-layout":"default","site-content-layout":"","ast-site-content-layout":"default","site-content-style":"default","site-sidebar-style":"default","ast-global-header-display":"","ast-banner-title-visibility":"","ast-main-header-display":"","ast-hfb-above-header-display":"","ast-hfb-below-header-display":"","ast-hfb-mobile-header-display":"","site-post-title":"","ast-breadcrumbs-content":"","ast-featured-img":"","footer-sml-layout":"","theme-transparent-header-meta":"default","adv-header-id-meta":"","stick-header-meta":"","header-above-stick-meta":"","header-main-stick-meta":"","header-below-stick-meta":"","astra-migrate-meta-layouts":"set","ast-page-background-enabled":"default","ast-page-background-meta":{"desktop":{"background-color":"var(--ast-global-color-4)","background-image":"","background-repeat":"repeat","background-position":"center center","background-size":"auto","background-attachment":"scroll","background-type":"","background-media":"","overlay-type":"","overlay-color":"","overlay-opacity":"","overlay-gradient":""},"tablet":{"background-color":"","background-image":"","background-repeat":"repeat","background-position":"center center","background-size":"auto","background-attachment":"scroll","background-type":"","background-media":"","overlay-type":"","overlay-color":"","overlay-opacity":"","overlay-gradient":""},"mobile":{"background-color":"","background-image":"","background-repeat":"repeat","background-position":"center center","background-size":"auto","background-attachment":"scroll","background-type":"","background-media":"","overlay-type":"","overlay-color":"","overlay-opacity":"","overlay-gradient":""}},"ast-content-background-meta":{"desktop":{"background-color":"var(--ast-global-color-5)","background-image":"","background-repeat":"repeat","background-position":"center center","background-size":"auto","background-attachment":"scroll","background-type":"","background-media":"","overlay-type":"","overlay-color":"","overlay-opacity":"","overlay-gradient":""},"tablet":{"background-color":"var(--ast-global-color-5)","background-image":"","background-repeat":"repeat","background-position":"center center","background-size":"auto","background-attachment":"scroll","background-type":"","background-media":"","overlay-type":"","overlay-color":"","overlay-opacity":"","overlay-gradient":""},"mobile":{"background-color":"var(--ast-global-color-5)","background-image":"","background-repeat":"repeat","background-position":"center center","background-size":"auto","background-attachment":"scroll","background-type":"","background-media":"","overlay-type":"","overlay-color":"","overlay-opacity":"","overlay-gradient":""}}},"product_brand":[198],"product_cat":[288],"product_tag":[],"class_list":{"0":"post-10482","1":"product","2":"type-product","3":"status-publish","4":"has-post-thumbnail","6":"product_brand-nutrex-research","7":"product_cat-fat-burners-and-diuretics","8":"desktop-align-center","9":"tablet-align-left","10":"mobile-align-left","12":"first","13":"instock","14":"sale","15":"shipping-taxable","16":"purchasable","17":"product-type-simple"},"yoast_head":"<!-- This site is optimized with the Yoast SEO Premium plugin v27.0 (Yoast SEO v27.0) - https:\/\/yoast.com\/product\/yoast-seo-premium-wordpress\/ -->\n<title>LIPO 6 Hardcore \u2013 60 Caps<\/title>\n<meta name=\"robots\" content=\"index, follow, max-snippet:-1, max-image-preview:large, max-video-preview:-1\" \/>\n<link rel=\"canonical\" href=\"https:\/\/nutrition4ushop.com\/pt\/produto\/lipo-6-hardcore-60-caps\/\" \/>\n<meta property=\"og:locale\" content=\"pt_PT\" \/>\n<meta property=\"og:type\" content=\"article\" \/>\n<meta property=\"og:title\" content=\"LIPO 6 Hardcore \u2013 60 Caps\" \/>\n<meta property=\"og:description\" content=\"The ultimate and final Lipo-6, the most concentrated Lipo-6 formula ever, is made for those who demand maximum results! Burn Fat Without Losing Muscle!\" \/>\n<meta property=\"og:url\" content=\"https:\/\/nutrition4ushop.com\/pt\/produto\/lipo-6-hardcore-60-caps\/\" \/>\n<meta property=\"og:site_name\" content=\"Nutrition4u\" \/>\n<meta property=\"article:publisher\" content=\"https:\/\/www.facebook.com\/p\/Nutrition4u-100063511002565\" \/>\n<meta property=\"article:modified_time\" content=\"2025-11-11T08:46:07+00:00\" \/>\n<meta property=\"og:image\" content=\"https:\/\/nutrition4ushop.com\/wp-content\/uploads\/2025\/07\/850026029451-LIPO-6-Hardcore-60capsulas-Nutrex-Research-nutribio-removebg-preview-e1751995534416.png\" \/>\n\t<meta property=\"og:image:width\" content=\"433\" \/>\n\t<meta property=\"og:image:height\" content=\"433\" \/>\n\t<meta property=\"og:image:type\" content=\"image\/png\" \/>\n<meta name=\"twitter:card\" content=\"summary_large_image\" \/>\n<meta name=\"twitter:label1\" content=\"pre\u00e7o\" \/>\n\t<meta name=\"twitter:data1\" content=\"28,00&nbsp;&euro;\" \/>\n\t<meta name=\"twitter:label2\" content=\"Disponibilidade\" \/>\n\t<meta name=\"twitter:data2\" content=\"Em stock\" \/>\n<script type=\"application\/ld+json\" class=\"yoast-schema-graph\">{\"@context\":\"https:\/\/schema.org\",\"@graph\":[{\"@type\":\"WebPage\",\"@id\":\"https:\/\/nutrition4ushop.com\/product\/lipo-6-hardcore-60-caps\/\",\"url\":\"https:\/\/nutrition4ushop.com\/product\/lipo-6-hardcore-60-caps\/\",\"name\":\"LIPO 6 Hardcore \u2013 60 Caps\",\"isPartOf\":{\"@id\":\"https:\/\/nutrition4ushop.com\/#website\"},\"primaryImageOfPage\":{\"@id\":\"https:\/\/nutrition4ushop.com\/product\/lipo-6-hardcore-60-caps\/#primaryimage\"},\"image\":{\"@id\":\"https:\/\/nutrition4ushop.com\/product\/lipo-6-hardcore-60-caps\/#primaryimage\"},\"thumbnailUrl\":\"https:\/\/nutrition4ushop.com\/wp-content\/uploads\/2025\/07\/850026029451-LIPO-6-Hardcore-60capsulas-Nutrex-Research-nutribio-removebg-preview-e1751995534416.png\",\"datePublished\":\"2025-11-10T17:27:09+00:00\",\"dateModified\":\"2025-11-11T08:46:07+00:00\",\"breadcrumb\":{\"@id\":\"https:\/\/nutrition4ushop.com\/product\/lipo-6-hardcore-60-caps\/#breadcrumb\"},\"inLanguage\":\"pt-PT\",\"potentialAction\":[{\"@type\":\"ReadAction\",\"target\":[\"https:\/\/nutrition4ushop.com\/product\/lipo-6-hardcore-60-caps\/\"]}]},{\"@type\":\"ImageObject\",\"inLanguage\":\"pt-PT\",\"@id\":\"https:\/\/nutrition4ushop.com\/product\/lipo-6-hardcore-60-caps\/#primaryimage\",\"url\":\"https:\/\/nutrition4ushop.com\/wp-content\/uploads\/2025\/07\/850026029451-LIPO-6-Hardcore-60capsulas-Nutrex-Research-nutribio-removebg-preview-e1751995534416.png\",\"contentUrl\":\"https:\/\/nutrition4ushop.com\/wp-content\/uploads\/2025\/07\/850026029451-LIPO-6-Hardcore-60capsulas-Nutrex-Research-nutribio-removebg-preview-e1751995534416.png\",\"width\":433,\"height\":433},{\"@type\":\"BreadcrumbList\",\"@id\":\"https:\/\/nutrition4ushop.com\/product\/lipo-6-hardcore-60-caps\/#breadcrumb\",\"itemListElement\":[{\"@type\":\"ListItem\",\"position\":1,\"name\":\"Home\",\"item\":\"https:\/\/nutrition4ushop.com\/\"},{\"@type\":\"ListItem\",\"position\":2,\"name\":\"Shop\",\"item\":\"https:\/\/nutrition4ushop.com\/shop\/\"},{\"@type\":\"ListItem\",\"position\":3,\"name\":\"LIPO 6 Hardcore \u2013 60 Caps\"}]},{\"@type\":\"WebSite\",\"@id\":\"https:\/\/nutrition4ushop.com\/#website\",\"url\":\"https:\/\/nutrition4ushop.com\/\",\"name\":\"Nutrition4u\",\"description\":\"\",\"publisher\":{\"@id\":\"https:\/\/nutrition4ushop.com\/#organization\"},\"potentialAction\":[{\"@type\":\"SearchAction\",\"target\":{\"@type\":\"EntryPoint\",\"urlTemplate\":\"https:\/\/nutrition4ushop.com\/?s={search_term_string}\"},\"query-input\":{\"@type\":\"PropertyValueSpecification\",\"valueRequired\":true,\"valueName\":\"search_term_string\"}}],\"inLanguage\":\"pt-PT\"},{\"@type\":[\"Organization\",\"Place\",\"SportingGoodsStore\"],\"@id\":\"https:\/\/nutrition4ushop.com\/#organization\",\"name\":\"Nutrition4u\",\"alternateName\":\"Nutrition4u\",\"url\":\"https:\/\/nutrition4ushop.com\/\",\"logo\":{\"@id\":\"https:\/\/nutrition4ushop.com\/product\/lipo-6-hardcore-60-caps\/#local-main-organization-logo\"},\"image\":{\"@id\":\"https:\/\/nutrition4ushop.com\/product\/lipo-6-hardcore-60-caps\/#local-main-organization-logo\"},\"sameAs\":[\"https:\/\/www.facebook.com\/p\/Nutrition4u-100063511002565\",\"https:\/\/www.instagram.com\/nutrition4u_by_rubengarradas\/\"],\"description\":\"Suplementos de qualidade. Suplementos e vitaminas Procell , Marvelous e muito mais. NUTRITION4U suplementos para todo o tipo de pessoas e atletas.\",\"publishingPrinciples\":\"https:\/\/nutrition4ushop.com\/about-us\/\",\"ownershipFundingInfo\":\"https:\/\/nutrition4ushop.com\/train-with-ruben-garradas\/\",\"actionableFeedbackPolicy\":\"https:\/\/nutrition4ushop.com\/cookies-policy\/\",\"ethicsPolicy\":\"https:\/\/nutrition4ushop.com\/terms-and-conditions\/\",\"address\":{\"@id\":\"https:\/\/nutrition4ushop.com\/product\/lipo-6-hardcore-60-caps\/#local-main-place-address\"},\"telephone\":[],\"openingHoursSpecification\":[]},{\"@type\":\"PostalAddress\",\"@id\":\"https:\/\/nutrition4ushop.com\/product\/lipo-6-hardcore-60-caps\/#local-main-place-address\",\"streetAddress\":\"R. 1\u00ba de Maio n\u00b035 Loja 221\",\"addressLocality\":\"Amora\",\"postalCode\":\"2845-162\",\"addressRegion\":\"Set\u00fabal\",\"addressCountry\":\"PT\"},{\"@type\":\"ImageObject\",\"inLanguage\":\"pt-PT\",\"@id\":\"https:\/\/nutrition4ushop.com\/product\/lipo-6-hardcore-60-caps\/#local-main-organization-logo\",\"url\":\"https:\/\/nutrition4ushop.com\/wp-content\/uploads\/2024\/02\/WhatsApp-Image-2024-02-02-at-5.49.55-PM-1.jpeg\",\"contentUrl\":\"https:\/\/nutrition4ushop.com\/wp-content\/uploads\/2024\/02\/WhatsApp-Image-2024-02-02-at-5.49.55-PM-1.jpeg\",\"width\":1416,\"height\":1476,\"caption\":\"Nutrition4u\"}]}<\/script>\n<meta property=\"product:price:amount\" content=\"28.00\" \/>\n<meta property=\"product:price:currency\" content=\"EUR\" \/>\n<meta property=\"og:availability\" content=\"instock\" \/>\n<meta property=\"product:availability\" content=\"instock\" \/>\n<meta property=\"product:condition\" content=\"new\" \/>\n<meta name=\"geo.placename\" content=\"Amora\" \/>\n<meta name=\"geo.region\" content=\"Portugal\" \/>\n<!-- \/ Yoast SEO Premium plugin. -->","yoast_head_json":{"title":"LIPO 6 Hardcore - 60 c\u00e1psulas","robots":{"index":"index","follow":"follow","max-snippet":"max-snippet:-1","max-image-preview":"max-image-preview:large","max-video-preview":"max-video-preview:-1"},"canonical":"https:\/\/nutrition4ushop.com\/pt\/produto\/lipo-6-hardcore-60-caps\/","og_locale":"pt_PT","og_type":"article","og_title":"LIPO 6 Hardcore \u2013 60 Caps","og_description":"The ultimate and final Lipo-6, the most concentrated Lipo-6 formula ever, is made for those who demand maximum results! Burn Fat Without Losing Muscle!","og_url":"https:\/\/nutrition4ushop.com\/pt\/produto\/lipo-6-hardcore-60-caps\/","og_site_name":"Nutrition4u","article_publisher":"https:\/\/www.facebook.com\/p\/Nutrition4u-100063511002565","article_modified_time":"2025-11-11T08:46:07+00:00","og_image":[{"width":433,"height":433,"url":"https:\/\/nutrition4ushop.com\/wp-content\/uploads\/2025\/07\/850026029451-LIPO-6-Hardcore-60capsulas-Nutrex-Research-nutribio-removebg-preview-e1751995534416.png","type":"image\/png"}],"twitter_card":"summary_large_image","twitter_misc":{"pre\u00e7o":"28,00&nbsp;&euro;","Disponibilidade":"Em stock"},"schema":{"@context":"https:\/\/schema.org","@graph":[{"@type":"WebPage","@id":"https:\/\/nutrition4ushop.com\/product\/lipo-6-hardcore-60-caps\/","url":"https:\/\/nutrition4ushop.com\/product\/lipo-6-hardcore-60-caps\/","name":"LIPO 6 Hardcore - 60 c\u00e1psulas","isPartOf":{"@id":"https:\/\/nutrition4ushop.com\/#website"},"primaryImageOfPage":{"@id":"https:\/\/nutrition4ushop.com\/product\/lipo-6-hardcore-60-caps\/#primaryimage"},"image":{"@id":"https:\/\/nutrition4ushop.com\/product\/lipo-6-hardcore-60-caps\/#primaryimage"},"thumbnailUrl":"https:\/\/nutrition4ushop.com\/wp-content\/uploads\/2025\/07\/850026029451-LIPO-6-Hardcore-60capsulas-Nutrex-Research-nutribio-removebg-preview-e1751995534416.png","datePublished":"2025-11-10T17:27:09+00:00","dateModified":"2025-11-11T08:46:07+00:00","breadcrumb":{"@id":"https:\/\/nutrition4ushop.com\/product\/lipo-6-hardcore-60-caps\/#breadcrumb"},"inLanguage":"pt-PT","potentialAction":[{"@type":"ReadAction","target":["https:\/\/nutrition4ushop.com\/product\/lipo-6-hardcore-60-caps\/"]}]},{"@type":"ImageObject","inLanguage":"pt-PT","@id":"https:\/\/nutrition4ushop.com\/product\/lipo-6-hardcore-60-caps\/#primaryimage","url":"https:\/\/nutrition4ushop.com\/wp-content\/uploads\/2025\/07\/850026029451-LIPO-6-Hardcore-60capsulas-Nutrex-Research-nutribio-removebg-preview-e1751995534416.png","contentUrl":"https:\/\/nutrition4ushop.com\/wp-content\/uploads\/2025\/07\/850026029451-LIPO-6-Hardcore-60capsulas-Nutrex-Research-nutribio-removebg-preview-e1751995534416.png","width":433,"height":433},{"@type":"BreadcrumbList","@id":"https:\/\/nutrition4ushop.com\/product\/lipo-6-hardcore-60-caps\/#breadcrumb","itemListElement":[{"@type":"ListItem","position":1,"name":"Home","item":"https:\/\/nutrition4ushop.com\/"},{"@type":"ListItem","position":2,"name":"Shop","item":"https:\/\/nutrition4ushop.com\/shop\/"},{"@type":"ListItem","position":3,"name":"LIPO 6 Hardcore \u2013 60 Caps"}]},{"@type":"WebSite","@id":"https:\/\/nutrition4ushop.com\/#website","url":"https:\/\/nutrition4ushop.com\/","name":"Nutri\u00e7\u00e3o4u","description":"","publisher":{"@id":"https:\/\/nutrition4ushop.com\/#organization"},"potentialAction":[{"@type":"SearchAction","target":{"@type":"EntryPoint","urlTemplate":"https:\/\/nutrition4ushop.com\/?s={search_term_string}"},"query-input":{"@type":"PropertyValueSpecification","valueRequired":true,"valueName":"search_term_string"}}],"inLanguage":"pt-PT"},{"@type":["Organization","Place","SportingGoodsStore"],"@id":"https:\/\/nutrition4ushop.com\/#organization","name":"Nutri\u00e7\u00e3o4u","alternateName":"Nutrition4u","url":"https:\/\/nutrition4ushop.com\/","logo":{"@id":"https:\/\/nutrition4ushop.com\/product\/lipo-6-hardcore-60-caps\/#local-main-organization-logo"},"image":{"@id":"https:\/\/nutrition4ushop.com\/product\/lipo-6-hardcore-60-caps\/#local-main-organization-logo"},"sameAs":["https:\/\/www.facebook.com\/p\/Nutrition4u-100063511002565","https:\/\/www.instagram.com\/nutrition4u_by_rubengarradas\/"],"description":"Suplementos de qualidade. Suplementos e vitaminas Procell , Marvelous e muito mais. NUTRITION4U suplementos para todo o tipo de pessoas e atletas.","publishingPrinciples":"https:\/\/nutrition4ushop.com\/about-us\/","ownershipFundingInfo":"https:\/\/nutrition4ushop.com\/train-with-ruben-garradas\/","actionableFeedbackPolicy":"https:\/\/nutrition4ushop.com\/cookies-policy\/","ethicsPolicy":"https:\/\/nutrition4ushop.com\/terms-and-conditions\/","address":{"@id":"https:\/\/nutrition4ushop.com\/product\/lipo-6-hardcore-60-caps\/#local-main-place-address"},"telephone":[],"openingHoursSpecification":[]},{"@type":"PostalAddress","@id":"https:\/\/nutrition4ushop.com\/product\/lipo-6-hardcore-60-caps\/#local-main-place-address","streetAddress":"R. 1\u00ba de Maio n\u00b035 Loja 221","addressLocality":"Amora","postalCode":"2845-162","addressRegion":"Set\u00fabal","addressCountry":"PT"},{"@type":"ImageObject","inLanguage":"pt-PT","@id":"https:\/\/nutrition4ushop.com\/product\/lipo-6-hardcore-60-caps\/#local-main-organization-logo","url":"https:\/\/nutrition4ushop.com\/wp-content\/uploads\/2024\/02\/WhatsApp-Image-2024-02-02-at-5.49.55-PM-1.jpeg","contentUrl":"https:\/\/nutrition4ushop.com\/wp-content\/uploads\/2024\/02\/WhatsApp-Image-2024-02-02-at-5.49.55-PM-1.jpeg","width":1416,"height":1476,"caption":"Nutrition4u"}]},"product_price_amount":"28.00","product_price_currency":"EUR","og_availability":"instock","product_availability":"instock","product_condition":"new","geo.placename":"Amora","geo.region":"Portugal"},"publishpress_future_action":{"enabled":false,"date":"2026-04-25 10:41:05","action":"change-status","newStatus":"draft","terms":[],"taxonomy":"product_brand","extraData":[]},"publishpress_future_workflow_manual_trigger":{"enabledWorkflows":[]},"tiered_pricing_type":"fixed","tiered_pricing_fixed_rules":[],"tiered_pricing_product_settings":{"layout":"default","base_unit_name":{"singular":null,"plural":null},"default_variation":null},"tiered_pricing_minimum_quantity":null,"tiered_pricing_roles_data":[],"tiered_pricing_percentage_rules":[],"tiered_pricing_maximum_quantity":null,"tiered_pricing_quantity_step":null,"_links":{"self":[{"href":"https:\/\/nutrition4ushop.com\/pt\/wp-json\/wp\/v2\/product\/10482","targetHints":{"allow":["GET"]}}],"collection":[{"href":"https:\/\/nutrition4ushop.com\/pt\/wp-json\/wp\/v2\/product"}],"about":[{"href":"https:\/\/nutrition4ushop.com\/pt\/wp-json\/wp\/v2\/types\/product"}],"replies":[{"embeddable":true,"href":"https:\/\/nutrition4ushop.com\/pt\/wp-json\/wp\/v2\/comments?post=10482"}],"version-history":[{"count":3,"href":"https:\/\/nutrition4ushop.com\/pt\/wp-json\/wp\/v2\/product\/10482\/revisions"}],"predecessor-version":[{"id":10486,"href":"https:\/\/nutrition4ushop.com\/pt\/wp-json\/wp\/v2\/product\/10482\/revisions\/10486"}],"wp:featuredmedia":[{"embeddable":true,"href":"https:\/\/nutrition4ushop.com\/pt\/wp-json\/wp\/v2\/media\/10483"}],"wp:attachment":[{"href":"https:\/\/nutrition4ushop.com\/pt\/wp-json\/wp\/v2\/media?parent=10482"}],"wp:term":[{"taxonomy":"product_brand","embeddable":true,"href":"https:\/\/nutrition4ushop.com\/pt\/wp-json\/wp\/v2\/product_brand?post=10482"},{"taxonomy":"product_cat","embeddable":true,"href":"https:\/\/nutrition4ushop.com\/pt\/wp-json\/wp\/v2\/product_cat?post=10482"},{"taxonomy":"product_tag","embeddable":true,"href":"https:\/\/nutrition4ushop.com\/pt\/wp-json\/wp\/v2\/product_tag?post=10482"}],"curies":[{"name":"wp","href":"https:\/\/api.w.org\/{rel}","templated":true}]}}