{"id":10524,"date":"2025-07-11T10:24:47","date_gmt":"2025-07-11T10:24:47","guid":{"rendered":"https:\/\/nutrition4ushop.com\/?post_type=product&#038;p=10524"},"modified":"2025-07-11T15:29:10","modified_gmt":"2025-07-11T15:29:10","slug":"buns-of-steel-maximum-toning-cream-237-ml","status":"publish","type":"product","link":"https:\/\/nutrition4ushop.com\/pt\/product\/buns-of-steel-maximum-toning-cream-237-ml\/","title":{"rendered":"BUNS OF STEEL Creme Tonificante M\u00e1ximo (237 ml)"},"content":{"rendered":"<div>As mulheres acumulam mais gordura devido a altera\u00e7\u00f5es hormonais e em antecipa\u00e7\u00e3o \u00e0 gravidez, sendo esta gordura maioritariamente armazenada ao redor dos gl\u00fateos, ancas e coxas. As mulheres possuem menos recetores de queima de gordura, chamados beta-recetores, nesta \u00e1rea, tornando-a a mais dif\u00edcil de reduzir. E como se isso n\u00e3o bastasse, ap\u00f3s as refei\u00e7\u00f5es as mulheres armazenam mais gordura do que os homens.<\/div>\n<div><\/div>\n<div>O principal ingrediente ativo do Buns of Steel, Intenslim, combate esta acumula\u00e7\u00e3o de gordura ao mesmo tempo que acalma a rea\u00e7\u00e3o inflamat\u00f3ria gerada por uma dieta pouco saud\u00e1vel. Num estudo onde mulheres aplicaram 4% de Intenslim duas vezes por dia durante 2 meses, verificou-se uma redu\u00e7\u00e3o significativa da espessura da gordura em 24%, com uma diminui\u00e7\u00e3o da circunfer\u00eancia e volume at\u00e9 2,77 cm \u2014 o equivalente a um tamanho de roupa. O Intenslim tamb\u00e9m ajuda a regenerar os tecidos da pele e desintoxica, eliminando prote\u00ednas danificadas, res\u00edduos acumulados e c\u00e9lulas mortas, revelando uma pele mais jovem e saud\u00e1vel. O Buns of Steel atua na gordura atrav\u00e9s da pele, pelo que n\u00e3o existem efeitos secund\u00e1rios para al\u00e9m de uma sensa\u00e7\u00e3o tempor\u00e1ria de calor e vermelhid\u00e3o.<\/div>\n<div><\/div>\n<div>O Buns of Steel\u00ae utiliza uma planta medicinal chinesa ancestral para ativar a queima de gordura atrav\u00e9s das G-Prote\u00ednas, que afinam a silhueta, reduzem a celulite e melhoram a firmeza. O glicerol, um hidrato de carbono usado para armazenar \u00e1cidos gordos no corpo, \u00e9 libertado at\u00e9 265% com esta tecnologia.<\/div>\n<div><\/div>\n<div>O Buns of Steel\u00ae cont\u00e9m tamb\u00e9m Regestril, que previne e reduz estrias ao retardar a sua degrada\u00e7\u00e3o e promover a regenera\u00e7\u00e3o celular, diminuindo a profundidade das estrias at\u00e9 72% em 2 meses, ao mesmo tempo que as desvanece e torna a pele mais lisa.<\/div>","protected":false},"excerpt":{"rendered":"<p>Women hold and store more fat due to hormonal changes and in anticipation of pregnancy, with that excess fat being [&hellip;]<\/p>\n","protected":false},"featured_media":10525,"comment_status":"open","ping_status":"closed","template":"","meta":{"site-sidebar-layout":"default","site-content-layout":"","ast-site-content-layout":"default","site-content-style":"default","site-sidebar-style":"default","ast-global-header-display":"","ast-banner-title-visibility":"","ast-main-header-display":"","ast-hfb-above-header-display":"","ast-hfb-below-header-display":"","ast-hfb-mobile-header-display":"","site-post-title":"","ast-breadcrumbs-content":"","ast-featured-img":"","footer-sml-layout":"","theme-transparent-header-meta":"default","adv-header-id-meta":"","stick-header-meta":"","header-above-stick-meta":"","header-main-stick-meta":"","header-below-stick-meta":"","astra-migrate-meta-layouts":"set","ast-page-background-enabled":"default","ast-page-background-meta":{"desktop":{"background-color":"var(--ast-global-color-4)","background-image":"","background-repeat":"repeat","background-position":"center center","background-size":"auto","background-attachment":"scroll","background-type":"","background-media":"","overlay-type":"","overlay-color":"","overlay-opacity":"","overlay-gradient":""},"tablet":{"background-color":"","background-image":"","background-repeat":"repeat","background-position":"center center","background-size":"auto","background-attachment":"scroll","background-type":"","background-media":"","overlay-type":"","overlay-color":"","overlay-opacity":"","overlay-gradient":""},"mobile":{"background-color":"","background-image":"","background-repeat":"repeat","background-position":"center center","background-size":"auto","background-attachment":"scroll","background-type":"","background-media":"","overlay-type":"","overlay-color":"","overlay-opacity":"","overlay-gradient":""}},"ast-content-background-meta":{"desktop":{"background-color":"var(--ast-global-color-5)","background-image":"","background-repeat":"repeat","background-position":"center center","background-size":"auto","background-attachment":"scroll","background-type":"","background-media":"","overlay-type":"","overlay-color":"","overlay-opacity":"","overlay-gradient":""},"tablet":{"background-color":"var(--ast-global-color-5)","background-image":"","background-repeat":"repeat","background-position":"center center","background-size":"auto","background-attachment":"scroll","background-type":"","background-media":"","overlay-type":"","overlay-color":"","overlay-opacity":"","overlay-gradient":""},"mobile":{"background-color":"var(--ast-global-color-5)","background-image":"","background-repeat":"repeat","background-position":"center center","background-size":"auto","background-attachment":"scroll","background-type":"","background-media":"","overlay-type":"","overlay-color":"","overlay-opacity":"","overlay-gradient":""}}},"product_brand":[203],"product_cat":[288],"product_tag":[],"class_list":{"0":"post-10524","1":"product","2":"type-product","3":"status-publish","4":"has-post-thumbnail","6":"product_brand-steel-fit","7":"product_cat-fat-burners-and-diuretics","8":"desktop-align-center","9":"tablet-align-left","10":"mobile-align-left","12":"first","13":"instock","14":"shipping-taxable","15":"purchasable","16":"product-type-simple"},"yoast_head":"<!-- This site is optimized with the Yoast SEO Premium plugin v27.0 (Yoast SEO v27.0) - https:\/\/yoast.com\/product\/yoast-seo-premium-wordpress\/ -->\n<title>BUNS OF STEEL Maximum Toning Cream (237 ml)<\/title>\n<meta name=\"robots\" content=\"index, follow, max-snippet:-1, max-image-preview:large, max-video-preview:-1\" \/>\n<link rel=\"canonical\" href=\"https:\/\/nutrition4ushop.com\/pt\/produto\/buns-of-steel-maximum-toning-cream-237-ml\/\" \/>\n<meta property=\"og:locale\" content=\"pt_PT\" \/>\n<meta property=\"og:type\" content=\"article\" \/>\n<meta property=\"og:title\" content=\"BUNS OF STEEL Maximum Toning Cream (237 ml)\" \/>\n<meta property=\"og:description\" content=\"Women hold and store more fat due to hormonal changes and in anticipation of pregnancy, with that excess fat being [&hellip;]\" \/>\n<meta property=\"og:url\" content=\"https:\/\/nutrition4ushop.com\/pt\/produto\/buns-of-steel-maximum-toning-cream-237-ml\/\" \/>\n<meta property=\"og:site_name\" content=\"Nutrition4u\" \/>\n<meta property=\"article:publisher\" content=\"https:\/\/www.facebook.com\/p\/Nutrition4u-100063511002565\" \/>\n<meta property=\"article:modified_time\" content=\"2025-07-11T15:29:10+00:00\" \/>\n<meta property=\"og:image\" content=\"https:\/\/nutrition4ushop.com\/wp-content\/uploads\/2025\/07\/Buns-of-Steel-4k-removebg-preview.png\" \/>\n\t<meta property=\"og:image:width\" content=\"500\" \/>\n\t<meta property=\"og:image:height\" content=\"500\" \/>\n\t<meta property=\"og:image:type\" content=\"image\/png\" \/>\n<meta name=\"twitter:card\" content=\"summary_large_image\" \/>\n<meta name=\"twitter:label1\" content=\"pre\u00e7o\" \/>\n\t<meta name=\"twitter:data1\" content=\"42,50&nbsp;&euro;\" \/>\n\t<meta name=\"twitter:label2\" content=\"Disponibilidade\" \/>\n\t<meta name=\"twitter:data2\" content=\"Em stock\" \/>\n<script type=\"application\/ld+json\" class=\"yoast-schema-graph\">{\"@context\":\"https:\/\/schema.org\",\"@graph\":[{\"@type\":\"WebPage\",\"@id\":\"https:\/\/nutrition4ushop.com\/product\/buns-of-steel-maximum-toning-cream-237-ml\/\",\"url\":\"https:\/\/nutrition4ushop.com\/product\/buns-of-steel-maximum-toning-cream-237-ml\/\",\"name\":\"BUNS OF STEEL Maximum Toning Cream (237 ml)\",\"isPartOf\":{\"@id\":\"https:\/\/nutrition4ushop.com\/#website\"},\"primaryImageOfPage\":{\"@id\":\"https:\/\/nutrition4ushop.com\/product\/buns-of-steel-maximum-toning-cream-237-ml\/#primaryimage\"},\"image\":{\"@id\":\"https:\/\/nutrition4ushop.com\/product\/buns-of-steel-maximum-toning-cream-237-ml\/#primaryimage\"},\"thumbnailUrl\":\"https:\/\/nutrition4ushop.com\/wp-content\/uploads\/2025\/07\/Buns-of-Steel-4k-removebg-preview.png\",\"datePublished\":\"2025-07-11T10:24:47+00:00\",\"dateModified\":\"2025-07-11T15:29:10+00:00\",\"breadcrumb\":{\"@id\":\"https:\/\/nutrition4ushop.com\/product\/buns-of-steel-maximum-toning-cream-237-ml\/#breadcrumb\"},\"inLanguage\":\"pt-PT\",\"potentialAction\":[{\"@type\":\"ReadAction\",\"target\":[\"https:\/\/nutrition4ushop.com\/product\/buns-of-steel-maximum-toning-cream-237-ml\/\"]}]},{\"@type\":\"ImageObject\",\"inLanguage\":\"pt-PT\",\"@id\":\"https:\/\/nutrition4ushop.com\/product\/buns-of-steel-maximum-toning-cream-237-ml\/#primaryimage\",\"url\":\"https:\/\/nutrition4ushop.com\/wp-content\/uploads\/2025\/07\/Buns-of-Steel-4k-removebg-preview.png\",\"contentUrl\":\"https:\/\/nutrition4ushop.com\/wp-content\/uploads\/2025\/07\/Buns-of-Steel-4k-removebg-preview.png\",\"width\":500,\"height\":500},{\"@type\":\"BreadcrumbList\",\"@id\":\"https:\/\/nutrition4ushop.com\/product\/buns-of-steel-maximum-toning-cream-237-ml\/#breadcrumb\",\"itemListElement\":[{\"@type\":\"ListItem\",\"position\":1,\"name\":\"Home\",\"item\":\"https:\/\/nutrition4ushop.com\/\"},{\"@type\":\"ListItem\",\"position\":2,\"name\":\"Shop\",\"item\":\"https:\/\/nutrition4ushop.com\/shop\/\"},{\"@type\":\"ListItem\",\"position\":3,\"name\":\"BUNS OF STEEL Maximum Toning Cream (237 ml)\"}]},{\"@type\":\"WebSite\",\"@id\":\"https:\/\/nutrition4ushop.com\/#website\",\"url\":\"https:\/\/nutrition4ushop.com\/\",\"name\":\"Nutrition4u\",\"description\":\"\",\"publisher\":{\"@id\":\"https:\/\/nutrition4ushop.com\/#organization\"},\"potentialAction\":[{\"@type\":\"SearchAction\",\"target\":{\"@type\":\"EntryPoint\",\"urlTemplate\":\"https:\/\/nutrition4ushop.com\/?s={search_term_string}\"},\"query-input\":{\"@type\":\"PropertyValueSpecification\",\"valueRequired\":true,\"valueName\":\"search_term_string\"}}],\"inLanguage\":\"pt-PT\"},{\"@type\":[\"Organization\",\"Place\",\"SportingGoodsStore\"],\"@id\":\"https:\/\/nutrition4ushop.com\/#organization\",\"name\":\"Nutrition4u\",\"alternateName\":\"Nutrition4u\",\"url\":\"https:\/\/nutrition4ushop.com\/\",\"logo\":{\"@id\":\"https:\/\/nutrition4ushop.com\/product\/buns-of-steel-maximum-toning-cream-237-ml\/#local-main-organization-logo\"},\"image\":{\"@id\":\"https:\/\/nutrition4ushop.com\/product\/buns-of-steel-maximum-toning-cream-237-ml\/#local-main-organization-logo\"},\"sameAs\":[\"https:\/\/www.facebook.com\/p\/Nutrition4u-100063511002565\",\"https:\/\/www.instagram.com\/nutrition4u_by_rubengarradas\/\"],\"description\":\"Suplementos de qualidade. Suplementos e vitaminas Procell , Marvelous e muito mais. NUTRITION4U suplementos para todo o tipo de pessoas e atletas.\",\"publishingPrinciples\":\"https:\/\/nutrition4ushop.com\/about-us\/\",\"ownershipFundingInfo\":\"https:\/\/nutrition4ushop.com\/train-with-ruben-garradas\/\",\"actionableFeedbackPolicy\":\"https:\/\/nutrition4ushop.com\/cookies-policy\/\",\"ethicsPolicy\":\"https:\/\/nutrition4ushop.com\/terms-and-conditions\/\",\"address\":{\"@id\":\"https:\/\/nutrition4ushop.com\/product\/buns-of-steel-maximum-toning-cream-237-ml\/#local-main-place-address\"},\"telephone\":[],\"openingHoursSpecification\":[]},{\"@type\":\"PostalAddress\",\"@id\":\"https:\/\/nutrition4ushop.com\/product\/buns-of-steel-maximum-toning-cream-237-ml\/#local-main-place-address\",\"streetAddress\":\"R. 1\u00ba de Maio n\u00b035 Loja 221\",\"addressLocality\":\"Amora\",\"postalCode\":\"2845-162\",\"addressRegion\":\"Set\u00fabal\",\"addressCountry\":\"PT\"},{\"@type\":\"ImageObject\",\"inLanguage\":\"pt-PT\",\"@id\":\"https:\/\/nutrition4ushop.com\/product\/buns-of-steel-maximum-toning-cream-237-ml\/#local-main-organization-logo\",\"url\":\"https:\/\/nutrition4ushop.com\/wp-content\/uploads\/2024\/02\/WhatsApp-Image-2024-02-02-at-5.49.55-PM-1.jpeg\",\"contentUrl\":\"https:\/\/nutrition4ushop.com\/wp-content\/uploads\/2024\/02\/WhatsApp-Image-2024-02-02-at-5.49.55-PM-1.jpeg\",\"width\":1416,\"height\":1476,\"caption\":\"Nutrition4u\"}]}<\/script>\n<meta property=\"product:price:amount\" content=\"42.50\" \/>\n<meta property=\"product:price:currency\" content=\"EUR\" \/>\n<meta property=\"og:availability\" content=\"instock\" \/>\n<meta property=\"product:availability\" content=\"instock\" \/>\n<meta property=\"product:condition\" content=\"new\" \/>\n<meta name=\"geo.placename\" content=\"Amora\" \/>\n<meta name=\"geo.region\" content=\"Portugal\" \/>\n<!-- \/ Yoast SEO Premium plugin. -->","yoast_head_json":{"title":"BUNS OF STEEL Creme Tonificante M\u00e1ximo (237 ml)","robots":{"index":"index","follow":"follow","max-snippet":"max-snippet:-1","max-image-preview":"max-image-preview:large","max-video-preview":"max-video-preview:-1"},"canonical":"https:\/\/nutrition4ushop.com\/pt\/produto\/buns-of-steel-maximum-toning-cream-237-ml\/","og_locale":"pt_PT","og_type":"article","og_title":"BUNS OF STEEL Maximum Toning Cream (237 ml)","og_description":"Women hold and store more fat due to hormonal changes and in anticipation of pregnancy, with that excess fat being [&hellip;]","og_url":"https:\/\/nutrition4ushop.com\/pt\/produto\/buns-of-steel-maximum-toning-cream-237-ml\/","og_site_name":"Nutrition4u","article_publisher":"https:\/\/www.facebook.com\/p\/Nutrition4u-100063511002565","article_modified_time":"2025-07-11T15:29:10+00:00","og_image":[{"width":500,"height":500,"url":"https:\/\/nutrition4ushop.com\/wp-content\/uploads\/2025\/07\/Buns-of-Steel-4k-removebg-preview.png","type":"image\/png"}],"twitter_card":"summary_large_image","twitter_misc":{"pre\u00e7o":"42,50&nbsp;&euro;","Disponibilidade":"Em stock"},"schema":{"@context":"https:\/\/schema.org","@graph":[{"@type":"WebPage","@id":"https:\/\/nutrition4ushop.com\/product\/buns-of-steel-maximum-toning-cream-237-ml\/","url":"https:\/\/nutrition4ushop.com\/product\/buns-of-steel-maximum-toning-cream-237-ml\/","name":"BUNS OF STEEL Creme Tonificante M\u00e1ximo (237 ml)","isPartOf":{"@id":"https:\/\/nutrition4ushop.com\/#website"},"primaryImageOfPage":{"@id":"https:\/\/nutrition4ushop.com\/product\/buns-of-steel-maximum-toning-cream-237-ml\/#primaryimage"},"image":{"@id":"https:\/\/nutrition4ushop.com\/product\/buns-of-steel-maximum-toning-cream-237-ml\/#primaryimage"},"thumbnailUrl":"https:\/\/nutrition4ushop.com\/wp-content\/uploads\/2025\/07\/Buns-of-Steel-4k-removebg-preview.png","datePublished":"2025-07-11T10:24:47+00:00","dateModified":"2025-07-11T15:29:10+00:00","breadcrumb":{"@id":"https:\/\/nutrition4ushop.com\/product\/buns-of-steel-maximum-toning-cream-237-ml\/#breadcrumb"},"inLanguage":"pt-PT","potentialAction":[{"@type":"ReadAction","target":["https:\/\/nutrition4ushop.com\/product\/buns-of-steel-maximum-toning-cream-237-ml\/"]}]},{"@type":"ImageObject","inLanguage":"pt-PT","@id":"https:\/\/nutrition4ushop.com\/product\/buns-of-steel-maximum-toning-cream-237-ml\/#primaryimage","url":"https:\/\/nutrition4ushop.com\/wp-content\/uploads\/2025\/07\/Buns-of-Steel-4k-removebg-preview.png","contentUrl":"https:\/\/nutrition4ushop.com\/wp-content\/uploads\/2025\/07\/Buns-of-Steel-4k-removebg-preview.png","width":500,"height":500},{"@type":"BreadcrumbList","@id":"https:\/\/nutrition4ushop.com\/product\/buns-of-steel-maximum-toning-cream-237-ml\/#breadcrumb","itemListElement":[{"@type":"ListItem","position":1,"name":"Home","item":"https:\/\/nutrition4ushop.com\/"},{"@type":"ListItem","position":2,"name":"Shop","item":"https:\/\/nutrition4ushop.com\/shop\/"},{"@type":"ListItem","position":3,"name":"BUNS OF STEEL Maximum Toning Cream (237 ml)"}]},{"@type":"WebSite","@id":"https:\/\/nutrition4ushop.com\/#website","url":"https:\/\/nutrition4ushop.com\/","name":"Nutri\u00e7\u00e3o4u","description":"","publisher":{"@id":"https:\/\/nutrition4ushop.com\/#organization"},"potentialAction":[{"@type":"SearchAction","target":{"@type":"EntryPoint","urlTemplate":"https:\/\/nutrition4ushop.com\/?s={search_term_string}"},"query-input":{"@type":"PropertyValueSpecification","valueRequired":true,"valueName":"search_term_string"}}],"inLanguage":"pt-PT"},{"@type":["Organization","Place","SportingGoodsStore"],"@id":"https:\/\/nutrition4ushop.com\/#organization","name":"Nutri\u00e7\u00e3o4u","alternateName":"Nutrition4u","url":"https:\/\/nutrition4ushop.com\/","logo":{"@id":"https:\/\/nutrition4ushop.com\/product\/buns-of-steel-maximum-toning-cream-237-ml\/#local-main-organization-logo"},"image":{"@id":"https:\/\/nutrition4ushop.com\/product\/buns-of-steel-maximum-toning-cream-237-ml\/#local-main-organization-logo"},"sameAs":["https:\/\/www.facebook.com\/p\/Nutrition4u-100063511002565","https:\/\/www.instagram.com\/nutrition4u_by_rubengarradas\/"],"description":"Suplementos de qualidade. Suplementos e vitaminas Procell , Marvelous e muito mais. NUTRITION4U suplementos para todo o tipo de pessoas e atletas.","publishingPrinciples":"https:\/\/nutrition4ushop.com\/about-us\/","ownershipFundingInfo":"https:\/\/nutrition4ushop.com\/train-with-ruben-garradas\/","actionableFeedbackPolicy":"https:\/\/nutrition4ushop.com\/cookies-policy\/","ethicsPolicy":"https:\/\/nutrition4ushop.com\/terms-and-conditions\/","address":{"@id":"https:\/\/nutrition4ushop.com\/product\/buns-of-steel-maximum-toning-cream-237-ml\/#local-main-place-address"},"telephone":[],"openingHoursSpecification":[]},{"@type":"PostalAddress","@id":"https:\/\/nutrition4ushop.com\/product\/buns-of-steel-maximum-toning-cream-237-ml\/#local-main-place-address","streetAddress":"R. 1\u00ba de Maio n\u00b035 Loja 221","addressLocality":"Amora","postalCode":"2845-162","addressRegion":"Set\u00fabal","addressCountry":"PT"},{"@type":"ImageObject","inLanguage":"pt-PT","@id":"https:\/\/nutrition4ushop.com\/product\/buns-of-steel-maximum-toning-cream-237-ml\/#local-main-organization-logo","url":"https:\/\/nutrition4ushop.com\/wp-content\/uploads\/2024\/02\/WhatsApp-Image-2024-02-02-at-5.49.55-PM-1.jpeg","contentUrl":"https:\/\/nutrition4ushop.com\/wp-content\/uploads\/2024\/02\/WhatsApp-Image-2024-02-02-at-5.49.55-PM-1.jpeg","width":1416,"height":1476,"caption":"Nutrition4u"}]},"product_price_amount":"42.50","product_price_currency":"EUR","og_availability":"instock","product_availability":"instock","product_condition":"new","geo.placename":"Amora","geo.region":"Portugal"},"publishpress_future_action":{"enabled":false,"date":"2026-04-25 11:06:17","action":"change-status","newStatus":"draft","terms":[],"taxonomy":"product_brand","extraData":[]},"publishpress_future_workflow_manual_trigger":{"enabledWorkflows":[]},"tiered_pricing_type":"fixed","tiered_pricing_fixed_rules":[],"tiered_pricing_product_settings":{"layout":"default","base_unit_name":{"singular":null,"plural":null},"default_variation":null},"tiered_pricing_minimum_quantity":null,"tiered_pricing_roles_data":[],"tiered_pricing_percentage_rules":[],"tiered_pricing_maximum_quantity":null,"tiered_pricing_quantity_step":null,"_links":{"self":[{"href":"https:\/\/nutrition4ushop.com\/pt\/wp-json\/wp\/v2\/product\/10524","targetHints":{"allow":["GET"]}}],"collection":[{"href":"https:\/\/nutrition4ushop.com\/pt\/wp-json\/wp\/v2\/product"}],"about":[{"href":"https:\/\/nutrition4ushop.com\/pt\/wp-json\/wp\/v2\/types\/product"}],"replies":[{"embeddable":true,"href":"https:\/\/nutrition4ushop.com\/pt\/wp-json\/wp\/v2\/comments?post=10524"}],"version-history":[{"count":1,"href":"https:\/\/nutrition4ushop.com\/pt\/wp-json\/wp\/v2\/product\/10524\/revisions"}],"predecessor-version":[{"id":10526,"href":"https:\/\/nutrition4ushop.com\/pt\/wp-json\/wp\/v2\/product\/10524\/revisions\/10526"}],"wp:featuredmedia":[{"embeddable":true,"href":"https:\/\/nutrition4ushop.com\/pt\/wp-json\/wp\/v2\/media\/10525"}],"wp:attachment":[{"href":"https:\/\/nutrition4ushop.com\/pt\/wp-json\/wp\/v2\/media?parent=10524"}],"wp:term":[{"taxonomy":"product_brand","embeddable":true,"href":"https:\/\/nutrition4ushop.com\/pt\/wp-json\/wp\/v2\/product_brand?post=10524"},{"taxonomy":"product_cat","embeddable":true,"href":"https:\/\/nutrition4ushop.com\/pt\/wp-json\/wp\/v2\/product_cat?post=10524"},{"taxonomy":"product_tag","embeddable":true,"href":"https:\/\/nutrition4ushop.com\/pt\/wp-json\/wp\/v2\/product_tag?post=10524"}],"curies":[{"name":"wp","href":"https:\/\/api.w.org\/{rel}","templated":true}]}}