{"id":10527,"date":"2025-07-11T10:33:19","date_gmt":"2025-07-11T10:33:19","guid":{"rendered":"https:\/\/nutrition4ushop.com\/?post_type=product&#038;p=10527"},"modified":"2025-07-11T15:29:35","modified_gmt":"2025-07-11T15:29:35","slug":"abs-of-steel-maximum-definition-cream-237ml","status":"publish","type":"product","link":"https:\/\/nutrition4ushop.com\/pt\/product\/abs-of-steel-maximum-definition-cream-237ml\/","title":{"rendered":"ABS OF STEEL Creme de Defini\u00e7\u00e3o M\u00e1xima (237 ml)"},"content":{"rendered":"<p data-start=\"0\" data-end=\"59\"><strong data-start=\"0\" data-end=\"59\">Abs of Steel\u00ae \u2014 Creme de Defini\u00e7\u00e3o M\u00e1xima com 5% CoAxel<\/strong><\/p>\n<p data-start=\"61\" data-end=\"272\">Perfeito para real\u00e7ar os m\u00fasculos abdominais, obl\u00edquos e serr\u00e1til. Destaca os detalhes da zona m\u00e9dia com a f\u00f3rmula cient\u00edfica termoativa de \u00faltima gera\u00e7\u00e3o de Abs of Steel\u00ae, concebida para ajudar a alcan\u00e7ar um abd\u00f3men firme e definido.<\/p>\n<p data-start=\"274\" data-end=\"568\"><strong data-start=\"274\" data-end=\"303\">Caracter\u00edsticas e Benef\u00edcios Principais<\/strong><br data-start=\"303\" data-end=\"306\" \/>- F\u00f3rmula cient\u00edfica avan\u00e7ada com ingredientes clinicamente comprovados.<br data-start=\"369\" data-end=\"372\" \/>- Efeito termog\u00e9nico ativado pelo calor para uma a\u00e7\u00e3o orientada e eficaz.<br data-start=\"440\" data-end=\"443\" \/>- Pode ajudar a reduzir a gordura localizada.<br data-start=\"479\" data-end=\"482\" \/>- Promove uma r\u00e1pida perda de \u00e1gua na zona de aplica\u00e7\u00e3o.<br data-start=\"532\" data-end=\"535\" \/>- Desenvolvido para homens e mulheres.<\/p>\n<p data-start=\"570\" data-end=\"824\"><strong data-start=\"570\" data-end=\"599\">Porqu\u00ea escolher Abs of Steel\u00ae?<\/strong><br data-start=\"599\" data-end=\"602\" \/>O ingrediente ativo principal, CoAxel, \u00e9 um queimador de gordura potente e de a\u00e7\u00e3o r\u00e1pida que combina tr\u00eas compostos sin\u00e9rgicos: L-carnitina, cafe\u00edna e coenzima A. Juntos, aceleram a elimina\u00e7\u00e3o da gordura acumulada.<\/p>\n<ul>\n<li data-start=\"826\" data-end=\"934\">Coenzima A e L-carnitina ativam uma \"bomba unidirecional de \u00e1cidos gordos\", libertando a gordura armazenada nas c\u00e9lulas adiposas.<\/li>\n<li data-start=\"936\" data-end=\"1010\">Cafe\u00edna promove a lip\u00f3lise, ajudando a quebrar gordura e outros l\u00edpidos.<\/li>\n<\/ul>\n<p data-start=\"1012\" data-end=\"1165\">Estudos demonstram que a aplica\u00e7\u00e3o de 5% de CoAxel duas vezes por dia durante 28 dias resultou numa liberta\u00e7\u00e3o de gordura subcut\u00e2nea 50% superior e numa redu\u00e7\u00e3o de 8,2% da espessura da hipoderme.<\/p>\n<p data-start=\"1167\" data-end=\"1368\">Al\u00e9m disso, Abs of Steel\u00ae cont\u00e9m extrato de raiz de Bupleurum, uma erva da medicina tradicional chinesa que ativa a queima de gordura atrav\u00e9s da estimula\u00e7\u00e3o das prote\u00ednas G, ajudando a tonificar a pele e reduzir a gordura subcut\u00e2nea.<\/p>\n<p data-start=\"1370\" data-end=\"1646\"><strong data-start=\"1370\" data-end=\"1386\">Como Funciona<\/strong><br data-start=\"1386\" data-end=\"1389\" \/>A pele \u00e9 composta por tr\u00eas camadas: epiderme, derme e tecido subcut\u00e2neo (hipoderme). Para que um creme t\u00f3pico seja eficaz, os ingredientes ativos t\u00eam de penetrar e ser absorvidos pelas c\u00e9lulas cut\u00e2neas, onde come\u00e7am a atuar.<\/p>\n<p data-start=\"1648\" data-end=\"1823\">A sensa\u00e7\u00e3o de calor e formigueiro ap\u00f3s a aplica\u00e7\u00e3o \u00e9 um sinal da ativa\u00e7\u00e3o da f\u00f3rmula, que aumenta a energia local, melhora a absor\u00e7\u00e3o e promove a redu\u00e7\u00e3o localizada de gordura.<\/p>\n<p data-start=\"1825\" data-end=\"2187\"><strong data-start=\"1825\" data-end=\"1865\">Ingredientes Ativos Clinicamente Comprovados<\/strong><br data-start=\"1865\" data-end=\"1868\" \/>- CoAxel\u00ae (patente FR 2 694 195): f\u00f3rmula patenteada para a redu\u00e7\u00e3o orientada da gordura.<br data-start=\"1943\" data-end=\"1946\" \/>- Coenzima A + L-Carnitina: activam a \"bomba de \u00e1cidos gordos\" para libertar a gordura das c\u00e9lulas adiposas.<br data-start=\"2037\" data-end=\"2040\" \/>- Cafe\u00edna: estimula a lip\u00f3lise, ajudando a decompor as gorduras e os l\u00edpidos.<br data-start=\"2106\" data-end=\"2109\" \/>- Raiz de Bupleurum: ativa as prote\u00ednas G para firmar a pele e reduzir a gordura subcut\u00e2nea.<\/p>\n<p data-start=\"2189\" data-end=\"2512\" data-is-last-node=\"\" data-is-only-node=\"\"><strong data-start=\"2189\" data-end=\"2219\">Seguran\u00e7a e Recomenda\u00e7\u00f5es<\/strong><br data-start=\"2219\" data-end=\"2222\" \/>Abs of Steel\u00ae \u00e9 100% seguro e n\u00e3o provoca os efeitos secund\u00e1rios habitualmente associados aos termog\u00e9nicos orais, como aumento da frequ\u00eancia card\u00edaca, ins\u00f3nias ou toler\u00e2ncia ao produto. Para melhores resultados, recomenda-se a utiliza\u00e7\u00e3o em conjunto com exerc\u00edcio f\u00edsico regular e uma alimenta\u00e7\u00e3o equilibrada.<\/p>","protected":false},"excerpt":{"rendered":"<p>Abs of Steel\u00ae \u2014 Maximum Definition Cream with 5% CoAxel Perfect for enhancing abdominal, oblique, and serratus muscles. Highlight the [&hellip;]<\/p>\n","protected":false},"featured_media":10528,"comment_status":"open","ping_status":"closed","template":"","meta":{"site-sidebar-layout":"default","site-content-layout":"","ast-site-content-layout":"default","site-content-style":"default","site-sidebar-style":"default","ast-global-header-display":"","ast-banner-title-visibility":"","ast-main-header-display":"","ast-hfb-above-header-display":"","ast-hfb-below-header-display":"","ast-hfb-mobile-header-display":"","site-post-title":"","ast-breadcrumbs-content":"","ast-featured-img":"","footer-sml-layout":"","theme-transparent-header-meta":"default","adv-header-id-meta":"","stick-header-meta":"","header-above-stick-meta":"","header-main-stick-meta":"","header-below-stick-meta":"","astra-migrate-meta-layouts":"set","ast-page-background-enabled":"default","ast-page-background-meta":{"desktop":{"background-color":"var(--ast-global-color-4)","background-image":"","background-repeat":"repeat","background-position":"center center","background-size":"auto","background-attachment":"scroll","background-type":"","background-media":"","overlay-type":"","overlay-color":"","overlay-opacity":"","overlay-gradient":""},"tablet":{"background-color":"","background-image":"","background-repeat":"repeat","background-position":"center center","background-size":"auto","background-attachment":"scroll","background-type":"","background-media":"","overlay-type":"","overlay-color":"","overlay-opacity":"","overlay-gradient":""},"mobile":{"background-color":"","background-image":"","background-repeat":"repeat","background-position":"center center","background-size":"auto","background-attachment":"scroll","background-type":"","background-media":"","overlay-type":"","overlay-color":"","overlay-opacity":"","overlay-gradient":""}},"ast-content-background-meta":{"desktop":{"background-color":"var(--ast-global-color-5)","background-image":"","background-repeat":"repeat","background-position":"center center","background-size":"auto","background-attachment":"scroll","background-type":"","background-media":"","overlay-type":"","overlay-color":"","overlay-opacity":"","overlay-gradient":""},"tablet":{"background-color":"var(--ast-global-color-5)","background-image":"","background-repeat":"repeat","background-position":"center center","background-size":"auto","background-attachment":"scroll","background-type":"","background-media":"","overlay-type":"","overlay-color":"","overlay-opacity":"","overlay-gradient":""},"mobile":{"background-color":"var(--ast-global-color-5)","background-image":"","background-repeat":"repeat","background-position":"center center","background-size":"auto","background-attachment":"scroll","background-type":"","background-media":"","overlay-type":"","overlay-color":"","overlay-opacity":"","overlay-gradient":""}}},"product_brand":[203],"product_cat":[288],"product_tag":[],"class_list":{"0":"post-10527","1":"product","2":"type-product","3":"status-publish","4":"has-post-thumbnail","6":"product_brand-steel-fit","7":"product_cat-fat-burners-and-diuretics","8":"desktop-align-center","9":"tablet-align-left","10":"mobile-align-left","12":"first","13":"instock","14":"shipping-taxable","15":"purchasable","16":"product-type-simple"},"yoast_head":"<!-- This site is optimized with the Yoast SEO Premium plugin v27.5 (Yoast SEO v27.5) - https:\/\/yoast.com\/product\/yoast-seo-premium-wordpress\/ -->\n<title>ABS OF STEEL Maximum Definition Cream (237ml)<\/title>\n<meta name=\"robots\" content=\"index, follow, max-snippet:-1, max-image-preview:large, max-video-preview:-1\" \/>\n<link rel=\"canonical\" href=\"https:\/\/nutrition4ushop.com\/pt\/produto\/abs-of-steel-maximum-definition-cream-237ml\/\" \/>\n<meta property=\"og:locale\" content=\"pt_PT\" \/>\n<meta property=\"og:type\" content=\"article\" \/>\n<meta property=\"og:title\" content=\"ABS OF STEEL Maximum Definition Cream (237ml)\" \/>\n<meta property=\"og:description\" content=\"Abs of Steel\u00ae \u2014 Maximum Definition Cream with 5% CoAxel Perfect for enhancing abdominal, oblique, and serratus muscles. Highlight the [&hellip;]\" \/>\n<meta property=\"og:url\" content=\"https:\/\/nutrition4ushop.com\/pt\/produto\/abs-of-steel-maximum-definition-cream-237ml\/\" \/>\n<meta property=\"og:site_name\" content=\"Nutrition4u\" \/>\n<meta property=\"article:publisher\" content=\"https:\/\/www.facebook.com\/p\/Nutrition4u-100063511002565\" \/>\n<meta property=\"article:modified_time\" content=\"2025-07-11T15:29:35+00:00\" \/>\n<meta property=\"og:image\" content=\"https:\/\/nutrition4ushop.com\/wp-content\/uploads\/2025\/07\/3491590314652_s-removebg-preview.png\" \/>\n\t<meta property=\"og:image:width\" content=\"500\" \/>\n\t<meta property=\"og:image:height\" content=\"500\" \/>\n\t<meta property=\"og:image:type\" content=\"image\/png\" \/>\n<meta name=\"twitter:card\" content=\"summary_large_image\" \/>\n<meta name=\"twitter:label1\" content=\"pre\u00e7o\" \/>\n\t<meta name=\"twitter:data1\" content=\"42,50&nbsp;&euro;\" \/>\n\t<meta name=\"twitter:label2\" content=\"Disponibilidade\" \/>\n\t<meta name=\"twitter:data2\" content=\"Em stock\" \/>\n<script type=\"application\/ld+json\" class=\"yoast-schema-graph\">{\"@context\":\"https:\\\/\\\/schema.org\",\"@graph\":[{\"@type\":\"WebPage\",\"@id\":\"https:\\\/\\\/nutrition4ushop.com\\\/product\\\/abs-of-steel-maximum-definition-cream-237ml\\\/\",\"url\":\"https:\\\/\\\/nutrition4ushop.com\\\/product\\\/abs-of-steel-maximum-definition-cream-237ml\\\/\",\"name\":\"ABS OF STEEL Maximum Definition Cream (237ml)\",\"isPartOf\":{\"@id\":\"https:\\\/\\\/nutrition4ushop.com\\\/#website\"},\"primaryImageOfPage\":{\"@id\":\"https:\\\/\\\/nutrition4ushop.com\\\/product\\\/abs-of-steel-maximum-definition-cream-237ml\\\/#primaryimage\"},\"image\":{\"@id\":\"https:\\\/\\\/nutrition4ushop.com\\\/product\\\/abs-of-steel-maximum-definition-cream-237ml\\\/#primaryimage\"},\"thumbnailUrl\":\"https:\\\/\\\/nutrition4ushop.com\\\/wp-content\\\/uploads\\\/2025\\\/07\\\/3491590314652_s-removebg-preview.png\",\"datePublished\":\"2025-07-11T10:33:19+00:00\",\"dateModified\":\"2025-07-11T15:29:35+00:00\",\"breadcrumb\":{\"@id\":\"https:\\\/\\\/nutrition4ushop.com\\\/product\\\/abs-of-steel-maximum-definition-cream-237ml\\\/#breadcrumb\"},\"inLanguage\":\"pt-PT\",\"potentialAction\":[{\"@type\":\"ReadAction\",\"target\":[\"https:\\\/\\\/nutrition4ushop.com\\\/product\\\/abs-of-steel-maximum-definition-cream-237ml\\\/\"]}]},{\"@type\":\"ImageObject\",\"inLanguage\":\"pt-PT\",\"@id\":\"https:\\\/\\\/nutrition4ushop.com\\\/product\\\/abs-of-steel-maximum-definition-cream-237ml\\\/#primaryimage\",\"url\":\"https:\\\/\\\/nutrition4ushop.com\\\/wp-content\\\/uploads\\\/2025\\\/07\\\/3491590314652_s-removebg-preview.png\",\"contentUrl\":\"https:\\\/\\\/nutrition4ushop.com\\\/wp-content\\\/uploads\\\/2025\\\/07\\\/3491590314652_s-removebg-preview.png\",\"width\":500,\"height\":500},{\"@type\":\"BreadcrumbList\",\"@id\":\"https:\\\/\\\/nutrition4ushop.com\\\/product\\\/abs-of-steel-maximum-definition-cream-237ml\\\/#breadcrumb\",\"itemListElement\":[{\"@type\":\"ListItem\",\"position\":1,\"name\":\"Home\",\"item\":\"https:\\\/\\\/nutrition4ushop.com\\\/\"},{\"@type\":\"ListItem\",\"position\":2,\"name\":\"Shop\",\"item\":\"https:\\\/\\\/nutrition4ushop.com\\\/shop\\\/\"},{\"@type\":\"ListItem\",\"position\":3,\"name\":\"ABS OF STEEL Maximum Definition Cream (237ml)\"}]},{\"@type\":\"WebSite\",\"@id\":\"https:\\\/\\\/nutrition4ushop.com\\\/#website\",\"url\":\"https:\\\/\\\/nutrition4ushop.com\\\/\",\"name\":\"Nutrition4u\",\"description\":\"\",\"publisher\":{\"@id\":\"https:\\\/\\\/nutrition4ushop.com\\\/#organization\"},\"potentialAction\":[{\"@type\":\"SearchAction\",\"target\":{\"@type\":\"EntryPoint\",\"urlTemplate\":\"https:\\\/\\\/nutrition4ushop.com\\\/?s={search_term_string}\"},\"query-input\":{\"@type\":\"PropertyValueSpecification\",\"valueRequired\":true,\"valueName\":\"search_term_string\"}}],\"inLanguage\":\"pt-PT\"},{\"@type\":[\"Organization\",\"Place\",\"SportingGoodsStore\"],\"@id\":\"https:\\\/\\\/nutrition4ushop.com\\\/#organization\",\"name\":\"Nutrition4u\",\"alternateName\":\"Nutrition4u\",\"url\":\"https:\\\/\\\/nutrition4ushop.com\\\/\",\"logo\":{\"@id\":\"https:\\\/\\\/nutrition4ushop.com\\\/product\\\/abs-of-steel-maximum-definition-cream-237ml\\\/#local-main-organization-logo\"},\"image\":{\"@id\":\"https:\\\/\\\/nutrition4ushop.com\\\/product\\\/abs-of-steel-maximum-definition-cream-237ml\\\/#local-main-organization-logo\"},\"sameAs\":[\"https:\\\/\\\/www.facebook.com\\\/p\\\/Nutrition4u-100063511002565\",\"https:\\\/\\\/www.instagram.com\\\/nutrition4u_by_rubengarradas\\\/\"],\"description\":\"Suplementos de qualidade. Suplementos e vitaminas Procell , Marvelous e muito mais. NUTRITION4U suplementos para todo o tipo de pessoas e atletas.\",\"publishingPrinciples\":\"https:\\\/\\\/nutrition4ushop.com\\\/about-us\\\/\",\"ownershipFundingInfo\":\"https:\\\/\\\/nutrition4ushop.com\\\/train-with-ruben-garradas\\\/\",\"actionableFeedbackPolicy\":\"https:\\\/\\\/nutrition4ushop.com\\\/cookies-policy\\\/\",\"ethicsPolicy\":\"https:\\\/\\\/nutrition4ushop.com\\\/terms-and-conditions\\\/\",\"address\":{\"@id\":\"https:\\\/\\\/nutrition4ushop.com\\\/product\\\/abs-of-steel-maximum-definition-cream-237ml\\\/#local-main-place-address\"},\"telephone\":[],\"openingHoursSpecification\":[]},{\"@type\":\"PostalAddress\",\"@id\":\"https:\\\/\\\/nutrition4ushop.com\\\/product\\\/abs-of-steel-maximum-definition-cream-237ml\\\/#local-main-place-address\",\"streetAddress\":\"R. 1\u00ba de Maio n\u00b035 Loja 221\",\"addressLocality\":\"Amora\",\"postalCode\":\"2845-162\",\"addressRegion\":\"Set\u00fabal\",\"addressCountry\":\"PT\"},{\"@type\":\"ImageObject\",\"inLanguage\":\"pt-PT\",\"@id\":\"https:\\\/\\\/nutrition4ushop.com\\\/product\\\/abs-of-steel-maximum-definition-cream-237ml\\\/#local-main-organization-logo\",\"url\":\"https:\\\/\\\/nutrition4ushop.com\\\/wp-content\\\/uploads\\\/2024\\\/02\\\/WhatsApp-Image-2024-02-02-at-5.49.55-PM-1.jpeg\",\"contentUrl\":\"https:\\\/\\\/nutrition4ushop.com\\\/wp-content\\\/uploads\\\/2024\\\/02\\\/WhatsApp-Image-2024-02-02-at-5.49.55-PM-1.jpeg\",\"width\":1416,\"height\":1476,\"caption\":\"Nutrition4u\"}]}<\/script>\n<meta property=\"product:price:amount\" content=\"42.50\" \/>\n<meta property=\"product:price:currency\" content=\"EUR\" \/>\n<meta property=\"og:availability\" content=\"instock\" \/>\n<meta property=\"product:availability\" content=\"instock\" \/>\n<meta property=\"product:condition\" content=\"new\" \/>\n<meta name=\"geo.placename\" content=\"Amora\" \/>\n<meta name=\"geo.region\" content=\"Portugal\" \/>\n<!-- \/ Yoast SEO Premium plugin. -->","yoast_head_json":{"title":"ABS OF STEEL Creme de Defini\u00e7\u00e3o M\u00e1xima (237 ml)","robots":{"index":"index","follow":"follow","max-snippet":"max-snippet:-1","max-image-preview":"max-image-preview:large","max-video-preview":"max-video-preview:-1"},"canonical":"https:\/\/nutrition4ushop.com\/pt\/produto\/abs-of-steel-maximum-definition-cream-237ml\/","og_locale":"pt_PT","og_type":"article","og_title":"ABS OF STEEL Maximum Definition Cream (237ml)","og_description":"Abs of Steel\u00ae \u2014 Maximum Definition Cream with 5% CoAxel Perfect for enhancing abdominal, oblique, and serratus muscles. Highlight the [&hellip;]","og_url":"https:\/\/nutrition4ushop.com\/pt\/produto\/abs-of-steel-maximum-definition-cream-237ml\/","og_site_name":"Nutrition4u","article_publisher":"https:\/\/www.facebook.com\/p\/Nutrition4u-100063511002565","article_modified_time":"2025-07-11T15:29:35+00:00","og_image":[{"width":500,"height":500,"url":"https:\/\/nutrition4ushop.com\/wp-content\/uploads\/2025\/07\/3491590314652_s-removebg-preview.png","type":"image\/png"}],"twitter_card":"summary_large_image","twitter_misc":{"pre\u00e7o":"42,50&nbsp;&euro;","Disponibilidade":"Em stock"},"schema":{"@context":"https:\/\/schema.org","@graph":[{"@type":"WebPage","@id":"https:\/\/nutrition4ushop.com\/product\/abs-of-steel-maximum-definition-cream-237ml\/","url":"https:\/\/nutrition4ushop.com\/product\/abs-of-steel-maximum-definition-cream-237ml\/","name":"ABS OF STEEL Creme de Defini\u00e7\u00e3o M\u00e1xima (237 ml)","isPartOf":{"@id":"https:\/\/nutrition4ushop.com\/#website"},"primaryImageOfPage":{"@id":"https:\/\/nutrition4ushop.com\/product\/abs-of-steel-maximum-definition-cream-237ml\/#primaryimage"},"image":{"@id":"https:\/\/nutrition4ushop.com\/product\/abs-of-steel-maximum-definition-cream-237ml\/#primaryimage"},"thumbnailUrl":"https:\/\/nutrition4ushop.com\/wp-content\/uploads\/2025\/07\/3491590314652_s-removebg-preview.png","datePublished":"2025-07-11T10:33:19+00:00","dateModified":"2025-07-11T15:29:35+00:00","breadcrumb":{"@id":"https:\/\/nutrition4ushop.com\/product\/abs-of-steel-maximum-definition-cream-237ml\/#breadcrumb"},"inLanguage":"pt-PT","potentialAction":[{"@type":"ReadAction","target":["https:\/\/nutrition4ushop.com\/product\/abs-of-steel-maximum-definition-cream-237ml\/"]}]},{"@type":"ImageObject","inLanguage":"pt-PT","@id":"https:\/\/nutrition4ushop.com\/product\/abs-of-steel-maximum-definition-cream-237ml\/#primaryimage","url":"https:\/\/nutrition4ushop.com\/wp-content\/uploads\/2025\/07\/3491590314652_s-removebg-preview.png","contentUrl":"https:\/\/nutrition4ushop.com\/wp-content\/uploads\/2025\/07\/3491590314652_s-removebg-preview.png","width":500,"height":500},{"@type":"BreadcrumbList","@id":"https:\/\/nutrition4ushop.com\/product\/abs-of-steel-maximum-definition-cream-237ml\/#breadcrumb","itemListElement":[{"@type":"ListItem","position":1,"name":"Home","item":"https:\/\/nutrition4ushop.com\/"},{"@type":"ListItem","position":2,"name":"Shop","item":"https:\/\/nutrition4ushop.com\/shop\/"},{"@type":"ListItem","position":3,"name":"ABS OF STEEL Maximum Definition Cream (237ml)"}]},{"@type":"WebSite","@id":"https:\/\/nutrition4ushop.com\/#website","url":"https:\/\/nutrition4ushop.com\/","name":"Nutri\u00e7\u00e3o4u","description":"","publisher":{"@id":"https:\/\/nutrition4ushop.com\/#organization"},"potentialAction":[{"@type":"SearchAction","target":{"@type":"EntryPoint","urlTemplate":"https:\/\/nutrition4ushop.com\/?s={search_term_string}"},"query-input":{"@type":"PropertyValueSpecification","valueRequired":true,"valueName":"search_term_string"}}],"inLanguage":"pt-PT"},{"@type":["Organization","Place","SportingGoodsStore"],"@id":"https:\/\/nutrition4ushop.com\/#organization","name":"Nutri\u00e7\u00e3o4u","alternateName":"Nutrition4u","url":"https:\/\/nutrition4ushop.com\/","logo":{"@id":"https:\/\/nutrition4ushop.com\/product\/abs-of-steel-maximum-definition-cream-237ml\/#local-main-organization-logo"},"image":{"@id":"https:\/\/nutrition4ushop.com\/product\/abs-of-steel-maximum-definition-cream-237ml\/#local-main-organization-logo"},"sameAs":["https:\/\/www.facebook.com\/p\/Nutrition4u-100063511002565","https:\/\/www.instagram.com\/nutrition4u_by_rubengarradas\/"],"description":"Suplementos de qualidade. Suplementos e vitaminas Procell , Marvelous e muito mais. NUTRITION4U suplementos para todo o tipo de pessoas e atletas.","publishingPrinciples":"https:\/\/nutrition4ushop.com\/about-us\/","ownershipFundingInfo":"https:\/\/nutrition4ushop.com\/train-with-ruben-garradas\/","actionableFeedbackPolicy":"https:\/\/nutrition4ushop.com\/cookies-policy\/","ethicsPolicy":"https:\/\/nutrition4ushop.com\/terms-and-conditions\/","address":{"@id":"https:\/\/nutrition4ushop.com\/product\/abs-of-steel-maximum-definition-cream-237ml\/#local-main-place-address"},"telephone":[],"openingHoursSpecification":[]},{"@type":"PostalAddress","@id":"https:\/\/nutrition4ushop.com\/product\/abs-of-steel-maximum-definition-cream-237ml\/#local-main-place-address","streetAddress":"R. 1\u00ba de Maio n\u00b035 Loja 221","addressLocality":"Amora","postalCode":"2845-162","addressRegion":"Set\u00fabal","addressCountry":"PT"},{"@type":"ImageObject","inLanguage":"pt-PT","@id":"https:\/\/nutrition4ushop.com\/product\/abs-of-steel-maximum-definition-cream-237ml\/#local-main-organization-logo","url":"https:\/\/nutrition4ushop.com\/wp-content\/uploads\/2024\/02\/WhatsApp-Image-2024-02-02-at-5.49.55-PM-1.jpeg","contentUrl":"https:\/\/nutrition4ushop.com\/wp-content\/uploads\/2024\/02\/WhatsApp-Image-2024-02-02-at-5.49.55-PM-1.jpeg","width":1416,"height":1476,"caption":"Nutrition4u"}]},"product_price_amount":"42.50","product_price_currency":"EUR","og_availability":"instock","product_availability":"instock","product_condition":"new","geo.placename":"Amora","geo.region":"Portugal"},"publishpress_future_action":{"enabled":false,"date":"2026-05-22 11:25:33","action":"change-status","newStatus":"draft","terms":[],"taxonomy":"product_brand","extraData":[]},"publishpress_future_workflow_manual_trigger":{"enabledWorkflows":[]},"tiered_pricing_type":"fixed","tiered_pricing_fixed_rules":[],"tiered_pricing_product_settings":{"layout":"default","base_unit_name":{"singular":null,"plural":null},"default_variation":null},"tiered_pricing_minimum_quantity":null,"tiered_pricing_roles_data":[],"tiered_pricing_percentage_rules":[],"tiered_pricing_maximum_quantity":null,"tiered_pricing_quantity_step":null,"_links":{"self":[{"href":"https:\/\/nutrition4ushop.com\/pt\/wp-json\/wp\/v2\/product\/10527","targetHints":{"allow":["GET"]}}],"collection":[{"href":"https:\/\/nutrition4ushop.com\/pt\/wp-json\/wp\/v2\/product"}],"about":[{"href":"https:\/\/nutrition4ushop.com\/pt\/wp-json\/wp\/v2\/types\/product"}],"replies":[{"embeddable":true,"href":"https:\/\/nutrition4ushop.com\/pt\/wp-json\/wp\/v2\/comments?post=10527"}],"version-history":[{"count":3,"href":"https:\/\/nutrition4ushop.com\/pt\/wp-json\/wp\/v2\/product\/10527\/revisions"}],"predecessor-version":[{"id":10531,"href":"https:\/\/nutrition4ushop.com\/pt\/wp-json\/wp\/v2\/product\/10527\/revisions\/10531"}],"wp:featuredmedia":[{"embeddable":true,"href":"https:\/\/nutrition4ushop.com\/pt\/wp-json\/wp\/v2\/media\/10528"}],"wp:attachment":[{"href":"https:\/\/nutrition4ushop.com\/pt\/wp-json\/wp\/v2\/media?parent=10527"}],"wp:term":[{"taxonomy":"product_brand","embeddable":true,"href":"https:\/\/nutrition4ushop.com\/pt\/wp-json\/wp\/v2\/product_brand?post=10527"},{"taxonomy":"product_cat","embeddable":true,"href":"https:\/\/nutrition4ushop.com\/pt\/wp-json\/wp\/v2\/product_cat?post=10527"},{"taxonomy":"product_tag","embeddable":true,"href":"https:\/\/nutrition4ushop.com\/pt\/wp-json\/wp\/v2\/product_tag?post=10527"}],"curies":[{"name":"wp","href":"https:\/\/api.w.org\/{rel}","templated":true}]}}