{"id":10551,"date":"2025-07-11T13:39:22","date_gmt":"2025-07-11T13:39:22","guid":{"rendered":"https:\/\/nutrition4ushop.com\/?post_type=product&#038;p=10551"},"modified":"2025-07-11T13:46:21","modified_gmt":"2025-07-11T13:46:21","slug":"berberine-1000mg","status":"publish","type":"product","link":"https:\/\/nutrition4ushop.com\/pt\/product\/berberine-1000mg\/","title":{"rendered":"Berberina 1000mg"},"content":{"rendered":"<p data-start=\"0\" data-end=\"72\"><strong data-start=\"0\" data-end=\"15\">DESCRI\u00c7\u00c3O<\/strong><br data-start=\"15\" data-end=\"18\" \/>Fornecimento para 30 dias | 60 c\u00e1psulas | 2 c\u00e1psulas por dose<\/p>\n<p data-start=\"74\" data-end=\"377\">O que \u00e9 a Berberina?\nA berberina tem sido usada medicinalmente h\u00e1 milhares de anos devido aos seus benef\u00edcios para a sa\u00fade geral e suporte card\u00edaco. Este extrato natural de planta demonstrou ter um impacto positivo nos n\u00edveis de a\u00e7\u00facar no sangue, ajudar a equilibrar a press\u00e3o arterial, favorecer a perda de peso saud\u00e1vel e promover um cora\u00e7\u00e3o mais saud\u00e1vel!<\/p>\n<p data-start=\"379\" data-end=\"644\"><strong data-start=\"379\" data-end=\"401\">N\u00edveis de A\u00e7\u00facar no Sangue<\/strong> \u2013 Estudos preliminares indicam que os alcaloides da berberina podem ajudar a melhorar a resist\u00eancia \u00e0 insulina, ao mesmo tempo que alteram a forma como as c\u00e9lulas utilizam a glucose. A toma de berberina deve ser combinada com um estilo de vida saud\u00e1vel e altera\u00e7\u00f5es na dieta para maximizar os seus efeitos.<\/p>\n<p data-start=\"646\" data-end=\"906\"><strong data-start=\"646\" data-end=\"661\">Perda de Peso<\/strong> \u2013 Estudos demonstraram que a toma de berberina durante tr\u00eas meses conduz a uma perda de peso significativa em pessoas com um IMC superior a 30. Isto pode dever-se ao modo como a berberina ajuda a regular a insulina e aparenta inibir o crescimento das c\u00e9lulas adiposas ao n\u00edvel molecular.<\/p>\n<p data-start=\"908\" data-end=\"1350\"><strong data-start=\"908\" data-end=\"927\">Cora\u00e7\u00e3o Mais Saud\u00e1vel<\/strong> \u2013 De acordo com a Organiza\u00e7\u00e3o Mundial de Sa\u00fade (OMS), as doen\u00e7as cardiovasculares (DCV) s\u00e3o respons\u00e1veis por cerca de 32% de todas as mortes a n\u00edvel mundial. Estudos demonstraram que pessoas que tomaram berberina durante 8 semanas apresentaram melhor fun\u00e7\u00e3o card\u00edaca e maior capacidade para realizar exerc\u00edcio em compara\u00e7\u00e3o com quem tomou placebo. Outros estudos sugerem que, quando combinada com medicamentos convencionais para insufici\u00eancia card\u00edaca, a berberina pode melhorar a fun\u00e7\u00e3o do cora\u00e7\u00e3o e a qualidade de vida.<\/p>\n<p data-start=\"1352\" data-end=\"1456\">Applied Nutrition Berberine oferece berberina de alta pot\u00eancia para que possas desfrutar de todos os seus excelentes benef\u00edcios:<\/p>\n<ul data-start=\"1458\" data-end=\"1713\">\n<li data-start=\"1458\" data-end=\"1525\">\n<p data-start=\"1460\" data-end=\"1525\">Dose di\u00e1ria de 1000 mg para m\u00e1xima efic\u00e1cia e benef\u00edcios para a sa\u00fade.<\/p>\n<\/li>\n<li data-start=\"1526\" data-end=\"1560\">\n<p data-start=\"1528\" data-end=\"1560\">Suporta a sa\u00fade do cora\u00e7\u00e3o e do sistema digestivo.<\/p>\n<\/li>\n<li data-start=\"1561\" data-end=\"1612\">\n<p data-start=\"1563\" data-end=\"1612\">Ajuda na perda de peso e promove o colesterol bom.<\/p>\n<\/li>\n<li data-start=\"1613\" data-end=\"1662\">\n<p data-start=\"1615\" data-end=\"1662\">Berberina natural derivada de fontes vegetais.<\/p>\n<\/li>\n<\/ul>\n<p data-start=\"1715\" data-end=\"1733\"><strong data-start=\"1715\" data-end=\"1731\">Principais Benef\u00edcios<\/strong><\/p>\n<ul data-start=\"1734\" data-end=\"2034\">\n<li data-start=\"1734\" data-end=\"1767\">\n<p data-start=\"1736\" data-end=\"1767\">Promove a perda de peso saud\u00e1vel.<\/p>\n<\/li>\n<li data-start=\"1768\" data-end=\"1834\">\n<p data-start=\"1770\" data-end=\"1834\">Ajuda a reduzir os n\u00edveis de a\u00e7\u00facar no sangue e apoia o controlo glic\u00e9mico.<\/p>\n<\/li>\n<li data-start=\"1835\" data-end=\"1889\">\n<p data-start=\"1837\" data-end=\"1889\">Contribui para a redu\u00e7\u00e3o do colesterol e apoia a sa\u00fade card\u00edaca.<\/p>\n<\/li>\n<li data-start=\"1890\" data-end=\"1914\">\n<p data-start=\"1892\" data-end=\"1914\">Melhora a sa\u00fade do sistema digestivo.<\/p>\n<\/li>\n<li data-start=\"1915\" data-end=\"1948\">\n<p data-start=\"1917\" data-end=\"1948\">Ajuda a equilibrar a tens\u00e3o arterial.<\/p>\n<\/li>\n<li data-start=\"1949\" data-end=\"2034\">\n<p data-start=\"1951\" data-end=\"2034\">A berberina pode ajudar a regular hormonas como a insulina, estrog\u00e9nio e testosterona.<\/p>\n<\/li>\n<\/ul>\n<p data-start=\"2036\" data-end=\"2100\"><strong data-start=\"2036\" data-end=\"2053\">Modo De Utiliza\u00e7\u00e3o<\/strong><br data-start=\"2053\" data-end=\"2056\" \/>Tomar 2 c\u00e1psulas por dia com a refei\u00e7\u00e3o principal.<\/p>\n<p data-start=\"2102\" data-end=\"2131\"><strong data-start=\"2102\" data-end=\"2129\">Informa\u00e7\u00e3o Nutricional<\/strong><\/p>\n<p data-start=\"2133\" data-end=\"2373\"><strong data-start=\"2133\" data-end=\"2148\">Ingredientes<\/strong><br data-start=\"2148\" data-end=\"2151\" \/><img decoding=\"async\" src=\"https:\/\/cdn.shopify.com\/s\/files\/1\/0454\/0871\/4919\/files\/Berberine-1000mg-Capsules---Nutritionals---1000x1000_600x600.jpg?v=1696844467\" alt=\"Informa\u00e7\u00e3o nutricional\" \/><\/p>\n<p data-start=\"2375\" data-end=\"2631\"><strong data-start=\"2375\" data-end=\"2398\">Testado para Atletas<\/strong><br data-start=\"2398\" data-end=\"2401\" \/>Cada lote deste produto \u00e9 testado para subst\u00e2ncias proibidas atrav\u00e9s de um programa monitorizado. Os produtos s\u00e3o submetidos a testes rigorosos num laborat\u00f3rio acreditado, garantindo o mais alto n\u00edvel de seguran\u00e7a para atletas.<\/p>\n<p data-start=\"2633\" data-end=\"3053\" data-is-last-node=\"\" data-is-only-node=\"\"><strong data-start=\"2633\" data-end=\"2644\">Avisos<\/strong><br data-start=\"2644\" data-end=\"2647\" \/>Consulte um profissional de sa\u00fade qualificado antes de usar este produto se for menor de 18 anos, estiver gr\u00e1vida ou a amamentar, tiver alguma condi\u00e7\u00e3o m\u00e9dica conhecida ou suspeita e\/ou estiver a tomar algum medicamento, com ou sem receita. Este produto n\u00e3o deve ser usado como substituto de uma dieta variada e de um estilo de vida saud\u00e1vel. Conserve num local fresco e seco, fora do alcance das crian\u00e7as. N\u00e3o exceda a dose recomendada.<\/p>\n<div>\n<h3 class=\"accordion__title\"><\/h3>\n<\/div>","protected":false},"excerpt":{"rendered":"<p>Applied Nutrition Berberine \u00e9 um suplemento vers\u00e1til com v\u00e1rios benef\u00edcios potenciais para a sa\u00fade, especialmente no controlo dos n\u00edveis de a\u00e7\u00facar no sangue, colesterol e perda de peso. Cada dose cont\u00e9m tamb\u00e9m 35 mg de AstraGin\u00ae, para apoiar a absor\u00e7\u00e3o m\u00e1xima e potenciar os resultados.<\/p>","protected":false},"featured_media":10552,"comment_status":"open","ping_status":"closed","template":"","meta":{"site-sidebar-layout":"default","site-content-layout":"","ast-site-content-layout":"default","site-content-style":"default","site-sidebar-style":"default","ast-global-header-display":"","ast-banner-title-visibility":"","ast-main-header-display":"","ast-hfb-above-header-display":"","ast-hfb-below-header-display":"","ast-hfb-mobile-header-display":"","site-post-title":"","ast-breadcrumbs-content":"","ast-featured-img":"","footer-sml-layout":"","theme-transparent-header-meta":"default","adv-header-id-meta":"","stick-header-meta":"","header-above-stick-meta":"","header-main-stick-meta":"","header-below-stick-meta":"","astra-migrate-meta-layouts":"set","ast-page-background-enabled":"default","ast-page-background-meta":{"desktop":{"background-color":"var(--ast-global-color-4)","background-image":"","background-repeat":"repeat","background-position":"center center","background-size":"auto","background-attachment":"scroll","background-type":"","background-media":"","overlay-type":"","overlay-color":"","overlay-opacity":"","overlay-gradient":""},"tablet":{"background-color":"","background-image":"","background-repeat":"repeat","background-position":"center center","background-size":"auto","background-attachment":"scroll","background-type":"","background-media":"","overlay-type":"","overlay-color":"","overlay-opacity":"","overlay-gradient":""},"mobile":{"background-color":"","background-image":"","background-repeat":"repeat","background-position":"center center","background-size":"auto","background-attachment":"scroll","background-type":"","background-media":"","overlay-type":"","overlay-color":"","overlay-opacity":"","overlay-gradient":""}},"ast-content-background-meta":{"desktop":{"background-color":"var(--ast-global-color-5)","background-image":"","background-repeat":"repeat","background-position":"center center","background-size":"auto","background-attachment":"scroll","background-type":"","background-media":"","overlay-type":"","overlay-color":"","overlay-opacity":"","overlay-gradient":""},"tablet":{"background-color":"var(--ast-global-color-5)","background-image":"","background-repeat":"repeat","background-position":"center center","background-size":"auto","background-attachment":"scroll","background-type":"","background-media":"","overlay-type":"","overlay-color":"","overlay-opacity":"","overlay-gradient":""},"mobile":{"background-color":"var(--ast-global-color-5)","background-image":"","background-repeat":"repeat","background-position":"center center","background-size":"auto","background-attachment":"scroll","background-type":"","background-media":"","overlay-type":"","overlay-color":"","overlay-opacity":"","overlay-gradient":""}}},"product_brand":[186],"product_cat":[286],"product_tag":[],"class_list":{"0":"post-10551","1":"product","2":"type-product","3":"status-publish","4":"has-post-thumbnail","6":"product_brand-applied-nutrition","7":"product_cat-organ-support","8":"desktop-align-center","9":"tablet-align-left","10":"mobile-align-left","12":"first","13":"instock","14":"shipping-taxable","15":"purchasable","16":"product-type-simple"},"yoast_head":"<!-- This site is optimized with the Yoast SEO Premium plugin v27.0 (Yoast SEO v27.0) - https:\/\/yoast.com\/product\/yoast-seo-premium-wordpress\/ -->\n<title>Berberine 1000mg<\/title>\n<meta name=\"robots\" content=\"index, follow, max-snippet:-1, max-image-preview:large, max-video-preview:-1\" \/>\n<link rel=\"canonical\" href=\"https:\/\/nutrition4ushop.com\/pt\/produto\/berberine-1000mg\/\" \/>\n<meta property=\"og:locale\" content=\"pt_PT\" \/>\n<meta property=\"og:type\" content=\"article\" \/>\n<meta property=\"og:title\" content=\"Berberine 1000mg\" \/>\n<meta property=\"og:description\" content=\"Applied Nutrition Berberine is a versatile supplement with a range of potential health benefits, especially for controlling blood sugar levels, cholesterol, and weight loss. Each serving also includes 35 mg of AstraGin\u00ae to support maximum absorption and enhance results.\" \/>\n<meta property=\"og:url\" content=\"https:\/\/nutrition4ushop.com\/pt\/produto\/berberine-1000mg\/\" \/>\n<meta property=\"og:site_name\" content=\"Nutrition4u\" \/>\n<meta property=\"article:publisher\" content=\"https:\/\/www.facebook.com\/p\/Nutrition4u-100063511002565\" \/>\n<meta property=\"article:modified_time\" content=\"2025-07-11T13:46:21+00:00\" \/>\n<meta property=\"og:image\" content=\"https:\/\/nutrition4ushop.com\/wp-content\/uploads\/2025\/07\/Berberine-1000mg-Capsules-removebg-preview.png\" \/>\n\t<meta property=\"og:image:width\" content=\"500\" \/>\n\t<meta property=\"og:image:height\" content=\"500\" \/>\n\t<meta property=\"og:image:type\" content=\"image\/png\" \/>\n<meta name=\"twitter:card\" content=\"summary_large_image\" \/>\n<meta name=\"twitter:label1\" content=\"pre\u00e7o\" \/>\n\t<meta name=\"twitter:data1\" content=\"26,50&nbsp;&euro;\" \/>\n\t<meta name=\"twitter:label2\" content=\"Disponibilidade\" \/>\n\t<meta name=\"twitter:data2\" content=\"Em stock\" \/>\n<script type=\"application\/ld+json\" class=\"yoast-schema-graph\">{\"@context\":\"https:\/\/schema.org\",\"@graph\":[{\"@type\":\"WebPage\",\"@id\":\"https:\/\/nutrition4ushop.com\/product\/berberine-1000mg\/\",\"url\":\"https:\/\/nutrition4ushop.com\/product\/berberine-1000mg\/\",\"name\":\"Berberine 1000mg\",\"isPartOf\":{\"@id\":\"https:\/\/nutrition4ushop.com\/#website\"},\"primaryImageOfPage\":{\"@id\":\"https:\/\/nutrition4ushop.com\/product\/berberine-1000mg\/#primaryimage\"},\"image\":{\"@id\":\"https:\/\/nutrition4ushop.com\/product\/berberine-1000mg\/#primaryimage\"},\"thumbnailUrl\":\"https:\/\/nutrition4ushop.com\/wp-content\/uploads\/2025\/07\/Berberine-1000mg-Capsules-removebg-preview.png\",\"datePublished\":\"2025-07-11T13:39:22+00:00\",\"dateModified\":\"2025-07-11T13:46:21+00:00\",\"breadcrumb\":{\"@id\":\"https:\/\/nutrition4ushop.com\/product\/berberine-1000mg\/#breadcrumb\"},\"inLanguage\":\"pt-PT\",\"potentialAction\":[{\"@type\":\"ReadAction\",\"target\":[\"https:\/\/nutrition4ushop.com\/product\/berberine-1000mg\/\"]}]},{\"@type\":\"ImageObject\",\"inLanguage\":\"pt-PT\",\"@id\":\"https:\/\/nutrition4ushop.com\/product\/berberine-1000mg\/#primaryimage\",\"url\":\"https:\/\/nutrition4ushop.com\/wp-content\/uploads\/2025\/07\/Berberine-1000mg-Capsules-removebg-preview.png\",\"contentUrl\":\"https:\/\/nutrition4ushop.com\/wp-content\/uploads\/2025\/07\/Berberine-1000mg-Capsules-removebg-preview.png\",\"width\":500,\"height\":500},{\"@type\":\"BreadcrumbList\",\"@id\":\"https:\/\/nutrition4ushop.com\/product\/berberine-1000mg\/#breadcrumb\",\"itemListElement\":[{\"@type\":\"ListItem\",\"position\":1,\"name\":\"Home\",\"item\":\"https:\/\/nutrition4ushop.com\/\"},{\"@type\":\"ListItem\",\"position\":2,\"name\":\"Shop\",\"item\":\"https:\/\/nutrition4ushop.com\/shop\/\"},{\"@type\":\"ListItem\",\"position\":3,\"name\":\"Berberine 1000mg\"}]},{\"@type\":\"WebSite\",\"@id\":\"https:\/\/nutrition4ushop.com\/#website\",\"url\":\"https:\/\/nutrition4ushop.com\/\",\"name\":\"Nutrition4u\",\"description\":\"\",\"publisher\":{\"@id\":\"https:\/\/nutrition4ushop.com\/#organization\"},\"potentialAction\":[{\"@type\":\"SearchAction\",\"target\":{\"@type\":\"EntryPoint\",\"urlTemplate\":\"https:\/\/nutrition4ushop.com\/?s={search_term_string}\"},\"query-input\":{\"@type\":\"PropertyValueSpecification\",\"valueRequired\":true,\"valueName\":\"search_term_string\"}}],\"inLanguage\":\"pt-PT\"},{\"@type\":[\"Organization\",\"Place\",\"SportingGoodsStore\"],\"@id\":\"https:\/\/nutrition4ushop.com\/#organization\",\"name\":\"Nutrition4u\",\"alternateName\":\"Nutrition4u\",\"url\":\"https:\/\/nutrition4ushop.com\/\",\"logo\":{\"@id\":\"https:\/\/nutrition4ushop.com\/product\/berberine-1000mg\/#local-main-organization-logo\"},\"image\":{\"@id\":\"https:\/\/nutrition4ushop.com\/product\/berberine-1000mg\/#local-main-organization-logo\"},\"sameAs\":[\"https:\/\/www.facebook.com\/p\/Nutrition4u-100063511002565\",\"https:\/\/www.instagram.com\/nutrition4u_by_rubengarradas\/\"],\"description\":\"Suplementos de qualidade. Suplementos e vitaminas Procell , Marvelous e muito mais. NUTRITION4U suplementos para todo o tipo de pessoas e atletas.\",\"publishingPrinciples\":\"https:\/\/nutrition4ushop.com\/about-us\/\",\"ownershipFundingInfo\":\"https:\/\/nutrition4ushop.com\/train-with-ruben-garradas\/\",\"actionableFeedbackPolicy\":\"https:\/\/nutrition4ushop.com\/cookies-policy\/\",\"ethicsPolicy\":\"https:\/\/nutrition4ushop.com\/terms-and-conditions\/\",\"address\":{\"@id\":\"https:\/\/nutrition4ushop.com\/product\/berberine-1000mg\/#local-main-place-address\"},\"telephone\":[],\"openingHoursSpecification\":[]},{\"@type\":\"PostalAddress\",\"@id\":\"https:\/\/nutrition4ushop.com\/product\/berberine-1000mg\/#local-main-place-address\",\"streetAddress\":\"R. 1\u00ba de Maio n\u00b035 Loja 221\",\"addressLocality\":\"Amora\",\"postalCode\":\"2845-162\",\"addressRegion\":\"Set\u00fabal\",\"addressCountry\":\"PT\"},{\"@type\":\"ImageObject\",\"inLanguage\":\"pt-PT\",\"@id\":\"https:\/\/nutrition4ushop.com\/product\/berberine-1000mg\/#local-main-organization-logo\",\"url\":\"https:\/\/nutrition4ushop.com\/wp-content\/uploads\/2024\/02\/WhatsApp-Image-2024-02-02-at-5.49.55-PM-1.jpeg\",\"contentUrl\":\"https:\/\/nutrition4ushop.com\/wp-content\/uploads\/2024\/02\/WhatsApp-Image-2024-02-02-at-5.49.55-PM-1.jpeg\",\"width\":1416,\"height\":1476,\"caption\":\"Nutrition4u\"}]}<\/script>\n<meta property=\"product:price:amount\" content=\"26.50\" \/>\n<meta property=\"product:price:currency\" content=\"EUR\" \/>\n<meta property=\"og:availability\" content=\"instock\" \/>\n<meta property=\"product:availability\" content=\"instock\" \/>\n<meta property=\"product:condition\" content=\"new\" \/>\n<meta name=\"geo.placename\" content=\"Amora\" \/>\n<meta name=\"geo.region\" content=\"Portugal\" \/>\n<!-- \/ Yoast SEO Premium plugin. -->","yoast_head_json":{"title":"Berberina 1000mg","robots":{"index":"index","follow":"follow","max-snippet":"max-snippet:-1","max-image-preview":"max-image-preview:large","max-video-preview":"max-video-preview:-1"},"canonical":"https:\/\/nutrition4ushop.com\/pt\/produto\/berberine-1000mg\/","og_locale":"pt_PT","og_type":"article","og_title":"Berberine 1000mg","og_description":"Applied Nutrition Berberine is a versatile supplement with a range of potential health benefits, especially for controlling blood sugar levels, cholesterol, and weight loss. Each serving also includes 35 mg of AstraGin\u00ae to support maximum absorption and enhance results.","og_url":"https:\/\/nutrition4ushop.com\/pt\/produto\/berberine-1000mg\/","og_site_name":"Nutrition4u","article_publisher":"https:\/\/www.facebook.com\/p\/Nutrition4u-100063511002565","article_modified_time":"2025-07-11T13:46:21+00:00","og_image":[{"width":500,"height":500,"url":"https:\/\/nutrition4ushop.com\/wp-content\/uploads\/2025\/07\/Berberine-1000mg-Capsules-removebg-preview.png","type":"image\/png"}],"twitter_card":"summary_large_image","twitter_misc":{"pre\u00e7o":"26,50&nbsp;&euro;","Disponibilidade":"Em stock"},"schema":{"@context":"https:\/\/schema.org","@graph":[{"@type":"WebPage","@id":"https:\/\/nutrition4ushop.com\/product\/berberine-1000mg\/","url":"https:\/\/nutrition4ushop.com\/product\/berberine-1000mg\/","name":"Berberina 1000mg","isPartOf":{"@id":"https:\/\/nutrition4ushop.com\/#website"},"primaryImageOfPage":{"@id":"https:\/\/nutrition4ushop.com\/product\/berberine-1000mg\/#primaryimage"},"image":{"@id":"https:\/\/nutrition4ushop.com\/product\/berberine-1000mg\/#primaryimage"},"thumbnailUrl":"https:\/\/nutrition4ushop.com\/wp-content\/uploads\/2025\/07\/Berberine-1000mg-Capsules-removebg-preview.png","datePublished":"2025-07-11T13:39:22+00:00","dateModified":"2025-07-11T13:46:21+00:00","breadcrumb":{"@id":"https:\/\/nutrition4ushop.com\/product\/berberine-1000mg\/#breadcrumb"},"inLanguage":"pt-PT","potentialAction":[{"@type":"ReadAction","target":["https:\/\/nutrition4ushop.com\/product\/berberine-1000mg\/"]}]},{"@type":"ImageObject","inLanguage":"pt-PT","@id":"https:\/\/nutrition4ushop.com\/product\/berberine-1000mg\/#primaryimage","url":"https:\/\/nutrition4ushop.com\/wp-content\/uploads\/2025\/07\/Berberine-1000mg-Capsules-removebg-preview.png","contentUrl":"https:\/\/nutrition4ushop.com\/wp-content\/uploads\/2025\/07\/Berberine-1000mg-Capsules-removebg-preview.png","width":500,"height":500},{"@type":"BreadcrumbList","@id":"https:\/\/nutrition4ushop.com\/product\/berberine-1000mg\/#breadcrumb","itemListElement":[{"@type":"ListItem","position":1,"name":"Home","item":"https:\/\/nutrition4ushop.com\/"},{"@type":"ListItem","position":2,"name":"Shop","item":"https:\/\/nutrition4ushop.com\/shop\/"},{"@type":"ListItem","position":3,"name":"Berberine 1000mg"}]},{"@type":"WebSite","@id":"https:\/\/nutrition4ushop.com\/#website","url":"https:\/\/nutrition4ushop.com\/","name":"Nutri\u00e7\u00e3o4u","description":"","publisher":{"@id":"https:\/\/nutrition4ushop.com\/#organization"},"potentialAction":[{"@type":"SearchAction","target":{"@type":"EntryPoint","urlTemplate":"https:\/\/nutrition4ushop.com\/?s={search_term_string}"},"query-input":{"@type":"PropertyValueSpecification","valueRequired":true,"valueName":"search_term_string"}}],"inLanguage":"pt-PT"},{"@type":["Organization","Place","SportingGoodsStore"],"@id":"https:\/\/nutrition4ushop.com\/#organization","name":"Nutri\u00e7\u00e3o4u","alternateName":"Nutrition4u","url":"https:\/\/nutrition4ushop.com\/","logo":{"@id":"https:\/\/nutrition4ushop.com\/product\/berberine-1000mg\/#local-main-organization-logo"},"image":{"@id":"https:\/\/nutrition4ushop.com\/product\/berberine-1000mg\/#local-main-organization-logo"},"sameAs":["https:\/\/www.facebook.com\/p\/Nutrition4u-100063511002565","https:\/\/www.instagram.com\/nutrition4u_by_rubengarradas\/"],"description":"Suplementos de qualidade. Suplementos e vitaminas Procell , Marvelous e muito mais. NUTRITION4U suplementos para todo o tipo de pessoas e atletas.","publishingPrinciples":"https:\/\/nutrition4ushop.com\/about-us\/","ownershipFundingInfo":"https:\/\/nutrition4ushop.com\/train-with-ruben-garradas\/","actionableFeedbackPolicy":"https:\/\/nutrition4ushop.com\/cookies-policy\/","ethicsPolicy":"https:\/\/nutrition4ushop.com\/terms-and-conditions\/","address":{"@id":"https:\/\/nutrition4ushop.com\/product\/berberine-1000mg\/#local-main-place-address"},"telephone":[],"openingHoursSpecification":[]},{"@type":"PostalAddress","@id":"https:\/\/nutrition4ushop.com\/product\/berberine-1000mg\/#local-main-place-address","streetAddress":"R. 1\u00ba de Maio n\u00b035 Loja 221","addressLocality":"Amora","postalCode":"2845-162","addressRegion":"Set\u00fabal","addressCountry":"PT"},{"@type":"ImageObject","inLanguage":"pt-PT","@id":"https:\/\/nutrition4ushop.com\/product\/berberine-1000mg\/#local-main-organization-logo","url":"https:\/\/nutrition4ushop.com\/wp-content\/uploads\/2024\/02\/WhatsApp-Image-2024-02-02-at-5.49.55-PM-1.jpeg","contentUrl":"https:\/\/nutrition4ushop.com\/wp-content\/uploads\/2024\/02\/WhatsApp-Image-2024-02-02-at-5.49.55-PM-1.jpeg","width":1416,"height":1476,"caption":"Nutrition4u"}]},"product_price_amount":"26.50","product_price_currency":"EUR","og_availability":"instock","product_availability":"instock","product_condition":"new","geo.placename":"Amora","geo.region":"Portugal"},"publishpress_future_action":{"enabled":false,"date":"2026-04-18 15:19:35","action":"change-status","newStatus":"draft","terms":[],"taxonomy":"product_brand","extraData":[]},"publishpress_future_workflow_manual_trigger":{"enabledWorkflows":[]},"tiered_pricing_type":"fixed","tiered_pricing_fixed_rules":[],"tiered_pricing_product_settings":{"layout":"default","base_unit_name":{"singular":null,"plural":null},"default_variation":null},"tiered_pricing_minimum_quantity":null,"tiered_pricing_roles_data":[],"tiered_pricing_percentage_rules":[],"tiered_pricing_maximum_quantity":null,"tiered_pricing_quantity_step":null,"_links":{"self":[{"href":"https:\/\/nutrition4ushop.com\/pt\/wp-json\/wp\/v2\/product\/10551","targetHints":{"allow":["GET"]}}],"collection":[{"href":"https:\/\/nutrition4ushop.com\/pt\/wp-json\/wp\/v2\/product"}],"about":[{"href":"https:\/\/nutrition4ushop.com\/pt\/wp-json\/wp\/v2\/types\/product"}],"replies":[{"embeddable":true,"href":"https:\/\/nutrition4ushop.com\/pt\/wp-json\/wp\/v2\/comments?post=10551"}],"version-history":[{"count":3,"href":"https:\/\/nutrition4ushop.com\/pt\/wp-json\/wp\/v2\/product\/10551\/revisions"}],"predecessor-version":[{"id":10555,"href":"https:\/\/nutrition4ushop.com\/pt\/wp-json\/wp\/v2\/product\/10551\/revisions\/10555"}],"wp:featuredmedia":[{"embeddable":true,"href":"https:\/\/nutrition4ushop.com\/pt\/wp-json\/wp\/v2\/media\/10552"}],"wp:attachment":[{"href":"https:\/\/nutrition4ushop.com\/pt\/wp-json\/wp\/v2\/media?parent=10551"}],"wp:term":[{"taxonomy":"product_brand","embeddable":true,"href":"https:\/\/nutrition4ushop.com\/pt\/wp-json\/wp\/v2\/product_brand?post=10551"},{"taxonomy":"product_cat","embeddable":true,"href":"https:\/\/nutrition4ushop.com\/pt\/wp-json\/wp\/v2\/product_cat?post=10551"},{"taxonomy":"product_tag","embeddable":true,"href":"https:\/\/nutrition4ushop.com\/pt\/wp-json\/wp\/v2\/product_tag?post=10551"}],"curies":[{"name":"wp","href":"https:\/\/api.w.org\/{rel}","templated":true}]}}