{"id":10556,"date":"2025-07-11T13:59:56","date_gmt":"2025-07-11T13:59:56","guid":{"rendered":"https:\/\/nutrition4ushop.com\/?post_type=product&#038;p=10556"},"modified":"2025-07-11T14:59:09","modified_gmt":"2025-07-11T14:59:09","slug":"dygestive-enzyme-60-cap","status":"publish","type":"product","link":"https:\/\/nutrition4ushop.com\/pt\/product\/dygestive-enzyme-60-cap\/","title":{"rendered":"Enzima Dygestiva 60 Cap"},"content":{"rendered":"<p data-start=\"0\" data-end=\"49\"><strong data-start=\"0\" data-end=\"15\">DESCRI\u00c7\u00c3O<\/strong><br data-start=\"15\" data-end=\"18\" \/>60 C\u00e1psulas | 29g | 60 Por\u00e7\u00f5es<\/p>\n<p data-start=\"51\" data-end=\"91\"><strong data-start=\"51\" data-end=\"62\">LACTASE<\/strong> \u2013 Usado para quebrar a lactose<\/p>\n<p data-start=\"93\" data-end=\"134\"><strong data-start=\"93\" data-end=\"105\">PROTEASE<\/strong> \u2013 Auxilia na digest\u00e3o de prote\u00ednas<\/p>\n<p data-start=\"136\" data-end=\"181\"><strong data-start=\"136\" data-end=\"147\">AMILASE<\/strong> \u2013 Auxilia na digest\u00e3o de carboidratos<\/p>\n<p data-start=\"183\" data-end=\"221\"><strong data-start=\"183\" data-end=\"221\">ZyMate\u00ae Max \u2013 Complexo Multienzim\u00e1tico<\/strong><\/p>\n<p data-start=\"223\" data-end=\"245\"><strong data-start=\"223\" data-end=\"245\">Suplemento Alimentar<\/strong><\/p>\n<p data-start=\"247\" data-end=\"550\">ZyMate\u00ae Max \u00e9 uma mistura multienzim\u00e1tica de alfa amilase, glucoamilase, lactase, protease neutra, protease \u00e1cida, lipase, celulase, bromela\u00edna, papa\u00edna e alfa-galactosidase para auxiliar na digest\u00e3o de carboidratos, lactose, prote\u00ednas, gorduras e celulose e para ajudar a controlar a flatul\u00eancia.<\/p>\n<p data-start=\"552\" data-end=\"570\"><strong data-start=\"552\" data-end=\"568\">Principais Benef\u00edcios<\/strong><\/p>\n<ul data-start=\"571\" data-end=\"829\">\n<li data-start=\"571\" data-end=\"629\">\n<p data-start=\"573\" data-end=\"629\">Mistura habilmente formulada de enzimas digestivas naturais<\/p>\n<\/li>\n<li data-start=\"630\" data-end=\"692\">\n<p data-start=\"632\" data-end=\"692\">Incluindo amilase, bromela\u00edna, lactase, lipase e protease<\/p>\n<\/li>\n<li data-start=\"693\" data-end=\"761\">\n<p data-start=\"695\" data-end=\"761\">Auxilia na digest\u00e3o de carboidratos, lactose, prote\u00ednas e gorduras<\/p>\n<\/li>\n<li data-start=\"762\" data-end=\"801\">\n<p data-start=\"764\" data-end=\"801\">Adequado para veganos e vegetarianos<\/p>\n<\/li>\n<li data-start=\"802\" data-end=\"829\">\n<p data-start=\"804\" data-end=\"829\">Produto certificado Halal<\/p>\n<\/li>\n<\/ul>\n<p data-start=\"831\" data-end=\"886\"><strong data-start=\"831\" data-end=\"848\">Modo De Utiliza\u00e7\u00e3o<\/strong><br data-start=\"848\" data-end=\"851\" \/>Tome 1-2 por\u00e7\u00f5es diariamente com \u00e1gua.<\/p>\n<p data-start=\"888\" data-end=\"1546\"><strong data-start=\"888\" data-end=\"915\">Informa\u00e7\u00e3o Nutricional<\/strong><\/p>\n<p data-start=\"888\" data-end=\"1546\"><img fetchpriority=\"high\" decoding=\"async\" class=\"alignnone wp-image-10558\" src=\"https:\/\/nutrition4ushop.com\/wp-content\/uploads\/2025\/07\/Digestive-Enzymes-60-Capsules-Nutritionals-1000x1000_600x600-300x300.webp\" alt=\"\" width=\"388\" height=\"388\" srcset=\"https:\/\/nutrition4ushop.com\/wp-content\/uploads\/2025\/07\/Digestive-Enzymes-60-Capsules-Nutritionals-1000x1000_600x600-300x300.webp 300w, https:\/\/nutrition4ushop.com\/wp-content\/uploads\/2025\/07\/Digestive-Enzymes-60-Capsules-Nutritionals-1000x1000_600x600-150x150.webp 150w, https:\/\/nutrition4ushop.com\/wp-content\/uploads\/2025\/07\/Digestive-Enzymes-60-Capsules-Nutritionals-1000x1000_600x600-12x12.webp 12w, https:\/\/nutrition4ushop.com\/wp-content\/uploads\/2025\/07\/Digestive-Enzymes-60-Capsules-Nutritionals-1000x1000_600x600-100x100.webp 100w, https:\/\/nutrition4ushop.com\/wp-content\/uploads\/2025\/07\/Digestive-Enzymes-60-Capsules-Nutritionals-1000x1000_600x600.webp 600w\" sizes=\"(max-width: 388px) 100vw, 388px\" \/><\/p>\n<p data-start=\"888\" data-end=\"1546\" class=\"translation-block\"><strong>Ingredientes<\/strong><br>\n(Complexo multienzim\u00e1tico ZyMate Max) P\u00f3 de maltodextrina, alfa-amilase (origem: <em>Aspergillus oryzae<\/em>), protease (4,5) (origem: <em>Bacillus licheniformis<\/em>), protease (3,0) (origem: <em>Aspergillus oryzae<\/em>), lipase (origem: <em>Aspergillus oryzae<\/em>), glucoamilase (origem: <em>Aspergillus niger<\/em>), papa\u00edna (origem: l\u00e1tex de <em>Carica papaya<\/em> L.), bromela\u00edna (origem: caule de <em>Ananas comosus<\/em> L.), lactase (origem: <em>Aspergillus oryzae<\/em>), celulase (origem: <em>Trichoderma reesei<\/em>), alfa-galactosidase (origem: <em>Aspergillus niger<\/em>), inv\u00f3lucro da c\u00e1psula (HPMC), agente de volume: celulose microcristalina, estearato de magn\u00e9sio, di\u00f3xido de sil\u00edcio.<\/p>\n<p data-start=\"1548\" data-end=\"1893\"><strong data-start=\"1548\" data-end=\"1571\">Testado para Atletas<\/strong><br data-start=\"1571\" data-end=\"1574\" \/>Cada ingrediente deste lote passa por rigoroso escrut\u00ednio e testes para detectar subst\u00e2ncias proibidas antes da produ\u00e7\u00e3o, sob um programa monitorado. Os produtos finais s\u00e3o ent\u00e3o produzidos e embalados em um laborat\u00f3rio com certifica\u00e7\u00e3o ISO 22000, BRC, GMP e Halal, para fornecer o mais alto n\u00edvel de garantia para uso por atletas.<\/p>\n<p data-start=\"1895\" data-end=\"2312\" data-is-last-node=\"\" data-is-only-node=\"\"><strong data-start=\"1895\" data-end=\"1906\">Avisos<\/strong><br data-start=\"1906\" data-end=\"1909\" \/>Consulte um profissional de sa\u00fade qualificado antes de usar este produto se voc\u00ea for menor de 18 anos, estiver gr\u00e1vida ou amamentando, ou se tiver alguma condi\u00e7\u00e3o m\u00e9dica conhecida ou suspeita e\/ou estiver tomando algum medicamento com ou sem receita. N\u00e3o deve ser usado como substituto de uma dieta variada e um estilo de vida saud\u00e1vel. Armazene este produto em local fresco e seco, longe do alcance de crian\u00e7as. N\u00e3o exceda o uso sugerido.<\/p>\n<section id=\"shopify-section-template--25151475351927__custom_liquid_aTCh7q\" class=\"shopify-section section\">\n<div class=\"custom-liquid ignore-true color-option-1 gradient\">\n<div class=\"page-width section-template--25151475351927__custom_liquid_aTCh7q-padding\"><\/div>\n<\/div>\n<\/section>","protected":false},"excerpt":{"rendered":"<p><strong data-start=\"0\" data-end=\"15\" data-is-only-node=\"\">ZyMate\u00ae Max<\/strong> ZyMate\u00ae Max \u00e9 uma mistura multi-enzim\u00e1tica que cont\u00e9m alfa-amilase, glucoamilase, lactase, protease neutra, protease \u00e1cida, lipase, celulase, bromela\u00edna, papa\u00edna e alfa-galactosidase. Ajuda na digest\u00e3o de hidratos de carbono, lactose, prote\u00ednas, gorduras e celulose, al\u00e9m de contribuir para o controlo da flatul\u00eancia.<\/p>","protected":false},"featured_media":10557,"comment_status":"open","ping_status":"closed","template":"","meta":{"site-sidebar-layout":"default","site-content-layout":"","ast-site-content-layout":"default","site-content-style":"default","site-sidebar-style":"default","ast-global-header-display":"","ast-banner-title-visibility":"","ast-main-header-display":"","ast-hfb-above-header-display":"","ast-hfb-below-header-display":"","ast-hfb-mobile-header-display":"","site-post-title":"","ast-breadcrumbs-content":"","ast-featured-img":"","footer-sml-layout":"","theme-transparent-header-meta":"default","adv-header-id-meta":"","stick-header-meta":"","header-above-stick-meta":"","header-main-stick-meta":"","header-below-stick-meta":"","astra-migrate-meta-layouts":"set","ast-page-background-enabled":"default","ast-page-background-meta":{"desktop":{"background-color":"var(--ast-global-color-4)","background-image":"","background-repeat":"repeat","background-position":"center center","background-size":"auto","background-attachment":"scroll","background-type":"","background-media":"","overlay-type":"","overlay-color":"","overlay-opacity":"","overlay-gradient":""},"tablet":{"background-color":"","background-image":"","background-repeat":"repeat","background-position":"center center","background-size":"auto","background-attachment":"scroll","background-type":"","background-media":"","overlay-type":"","overlay-color":"","overlay-opacity":"","overlay-gradient":""},"mobile":{"background-color":"","background-image":"","background-repeat":"repeat","background-position":"center center","background-size":"auto","background-attachment":"scroll","background-type":"","background-media":"","overlay-type":"","overlay-color":"","overlay-opacity":"","overlay-gradient":""}},"ast-content-background-meta":{"desktop":{"background-color":"var(--ast-global-color-5)","background-image":"","background-repeat":"repeat","background-position":"center center","background-size":"auto","background-attachment":"scroll","background-type":"","background-media":"","overlay-type":"","overlay-color":"","overlay-opacity":"","overlay-gradient":""},"tablet":{"background-color":"var(--ast-global-color-5)","background-image":"","background-repeat":"repeat","background-position":"center center","background-size":"auto","background-attachment":"scroll","background-type":"","background-media":"","overlay-type":"","overlay-color":"","overlay-opacity":"","overlay-gradient":""},"mobile":{"background-color":"var(--ast-global-color-5)","background-image":"","background-repeat":"repeat","background-position":"center center","background-size":"auto","background-attachment":"scroll","background-type":"","background-media":"","overlay-type":"","overlay-color":"","overlay-opacity":"","overlay-gradient":""}}},"product_brand":[186],"product_cat":[314],"product_tag":[],"class_list":{"0":"post-10556","1":"product","2":"type-product","3":"status-publish","4":"has-post-thumbnail","6":"product_brand-applied-nutrition","7":"product_cat-digestive-health","8":"desktop-align-center","9":"tablet-align-left","10":"mobile-align-left","12":"first","13":"instock","14":"shipping-taxable","15":"purchasable","16":"product-type-simple"},"yoast_head":"<!-- This site is optimized with the Yoast SEO Premium plugin v27.0 (Yoast SEO v27.0) - https:\/\/yoast.com\/product\/yoast-seo-premium-wordpress\/ -->\n<title>Dygestive Enzyme 60 Cap<\/title>\n<meta name=\"robots\" content=\"index, follow, max-snippet:-1, max-image-preview:large, max-video-preview:-1\" \/>\n<link rel=\"canonical\" href=\"https:\/\/nutrition4ushop.com\/pt\/produto\/dygestive-enzyme-60-cap\/\" \/>\n<meta property=\"og:locale\" content=\"pt_PT\" \/>\n<meta property=\"og:type\" content=\"article\" \/>\n<meta property=\"og:title\" content=\"Dygestive Enzyme 60 Cap\" \/>\n<meta property=\"og:description\" content=\"ZyMate\u00ae Max is a multi-enzyme blend containing alpha-amylase, glucoamylase, lactase, neutral protease, acidic protease, lipase, cellulase, bromelain, papain, and alpha-galactosidase. It helps digest carbohydrates, lactose, proteins, fats, and cellulose, and aids in controlling flatulence.\" \/>\n<meta property=\"og:url\" content=\"https:\/\/nutrition4ushop.com\/pt\/produto\/dygestive-enzyme-60-cap\/\" \/>\n<meta property=\"og:site_name\" content=\"Nutrition4u\" \/>\n<meta property=\"article:publisher\" content=\"https:\/\/www.facebook.com\/p\/Nutrition4u-100063511002565\" \/>\n<meta property=\"article:modified_time\" content=\"2025-07-11T14:59:09+00:00\" \/>\n<meta property=\"og:image\" content=\"https:\/\/nutrition4ushop.com\/wp-content\/uploads\/2025\/07\/Digestive-Enzymes-Capsules-removebg-preview.png\" \/>\n\t<meta property=\"og:image:width\" content=\"500\" \/>\n\t<meta property=\"og:image:height\" content=\"500\" \/>\n\t<meta property=\"og:image:type\" content=\"image\/png\" \/>\n<meta name=\"twitter:card\" content=\"summary_large_image\" \/>\n<meta name=\"twitter:label1\" content=\"pre\u00e7o\" \/>\n\t<meta name=\"twitter:data1\" content=\"25,00&nbsp;&euro;\" \/>\n\t<meta name=\"twitter:label2\" content=\"Disponibilidade\" \/>\n\t<meta name=\"twitter:data2\" content=\"Em stock\" \/>\n<script type=\"application\/ld+json\" class=\"yoast-schema-graph\">{\"@context\":\"https:\/\/schema.org\",\"@graph\":[{\"@type\":\"WebPage\",\"@id\":\"https:\/\/nutrition4ushop.com\/product\/dygestive-enzyme-60-cap\/\",\"url\":\"https:\/\/nutrition4ushop.com\/product\/dygestive-enzyme-60-cap\/\",\"name\":\"Dygestive Enzyme 60 Cap\",\"isPartOf\":{\"@id\":\"https:\/\/nutrition4ushop.com\/#website\"},\"primaryImageOfPage\":{\"@id\":\"https:\/\/nutrition4ushop.com\/product\/dygestive-enzyme-60-cap\/#primaryimage\"},\"image\":{\"@id\":\"https:\/\/nutrition4ushop.com\/product\/dygestive-enzyme-60-cap\/#primaryimage\"},\"thumbnailUrl\":\"https:\/\/nutrition4ushop.com\/wp-content\/uploads\/2025\/07\/Digestive-Enzymes-Capsules-removebg-preview.png\",\"datePublished\":\"2025-07-11T13:59:56+00:00\",\"dateModified\":\"2025-07-11T14:59:09+00:00\",\"breadcrumb\":{\"@id\":\"https:\/\/nutrition4ushop.com\/product\/dygestive-enzyme-60-cap\/#breadcrumb\"},\"inLanguage\":\"pt-PT\",\"potentialAction\":[{\"@type\":\"ReadAction\",\"target\":[\"https:\/\/nutrition4ushop.com\/product\/dygestive-enzyme-60-cap\/\"]}]},{\"@type\":\"ImageObject\",\"inLanguage\":\"pt-PT\",\"@id\":\"https:\/\/nutrition4ushop.com\/product\/dygestive-enzyme-60-cap\/#primaryimage\",\"url\":\"https:\/\/nutrition4ushop.com\/wp-content\/uploads\/2025\/07\/Digestive-Enzymes-Capsules-removebg-preview.png\",\"contentUrl\":\"https:\/\/nutrition4ushop.com\/wp-content\/uploads\/2025\/07\/Digestive-Enzymes-Capsules-removebg-preview.png\",\"width\":500,\"height\":500},{\"@type\":\"BreadcrumbList\",\"@id\":\"https:\/\/nutrition4ushop.com\/product\/dygestive-enzyme-60-cap\/#breadcrumb\",\"itemListElement\":[{\"@type\":\"ListItem\",\"position\":1,\"name\":\"Home\",\"item\":\"https:\/\/nutrition4ushop.com\/\"},{\"@type\":\"ListItem\",\"position\":2,\"name\":\"Shop\",\"item\":\"https:\/\/nutrition4ushop.com\/shop\/\"},{\"@type\":\"ListItem\",\"position\":3,\"name\":\"Dygestive Enzyme 60 Cap\"}]},{\"@type\":\"WebSite\",\"@id\":\"https:\/\/nutrition4ushop.com\/#website\",\"url\":\"https:\/\/nutrition4ushop.com\/\",\"name\":\"Nutrition4u\",\"description\":\"\",\"publisher\":{\"@id\":\"https:\/\/nutrition4ushop.com\/#organization\"},\"potentialAction\":[{\"@type\":\"SearchAction\",\"target\":{\"@type\":\"EntryPoint\",\"urlTemplate\":\"https:\/\/nutrition4ushop.com\/?s={search_term_string}\"},\"query-input\":{\"@type\":\"PropertyValueSpecification\",\"valueRequired\":true,\"valueName\":\"search_term_string\"}}],\"inLanguage\":\"pt-PT\"},{\"@type\":[\"Organization\",\"Place\",\"SportingGoodsStore\"],\"@id\":\"https:\/\/nutrition4ushop.com\/#organization\",\"name\":\"Nutrition4u\",\"alternateName\":\"Nutrition4u\",\"url\":\"https:\/\/nutrition4ushop.com\/\",\"logo\":{\"@id\":\"https:\/\/nutrition4ushop.com\/product\/dygestive-enzyme-60-cap\/#local-main-organization-logo\"},\"image\":{\"@id\":\"https:\/\/nutrition4ushop.com\/product\/dygestive-enzyme-60-cap\/#local-main-organization-logo\"},\"sameAs\":[\"https:\/\/www.facebook.com\/p\/Nutrition4u-100063511002565\",\"https:\/\/www.instagram.com\/nutrition4u_by_rubengarradas\/\"],\"description\":\"Suplementos de qualidade. Suplementos e vitaminas Procell , Marvelous e muito mais. NUTRITION4U suplementos para todo o tipo de pessoas e atletas.\",\"publishingPrinciples\":\"https:\/\/nutrition4ushop.com\/about-us\/\",\"ownershipFundingInfo\":\"https:\/\/nutrition4ushop.com\/train-with-ruben-garradas\/\",\"actionableFeedbackPolicy\":\"https:\/\/nutrition4ushop.com\/cookies-policy\/\",\"ethicsPolicy\":\"https:\/\/nutrition4ushop.com\/terms-and-conditions\/\",\"address\":{\"@id\":\"https:\/\/nutrition4ushop.com\/product\/dygestive-enzyme-60-cap\/#local-main-place-address\"},\"telephone\":[],\"openingHoursSpecification\":[]},{\"@type\":\"PostalAddress\",\"@id\":\"https:\/\/nutrition4ushop.com\/product\/dygestive-enzyme-60-cap\/#local-main-place-address\",\"streetAddress\":\"R. 1\u00ba de Maio n\u00b035 Loja 221\",\"addressLocality\":\"Amora\",\"postalCode\":\"2845-162\",\"addressRegion\":\"Set\u00fabal\",\"addressCountry\":\"PT\"},{\"@type\":\"ImageObject\",\"inLanguage\":\"pt-PT\",\"@id\":\"https:\/\/nutrition4ushop.com\/product\/dygestive-enzyme-60-cap\/#local-main-organization-logo\",\"url\":\"https:\/\/nutrition4ushop.com\/wp-content\/uploads\/2024\/02\/WhatsApp-Image-2024-02-02-at-5.49.55-PM-1.jpeg\",\"contentUrl\":\"https:\/\/nutrition4ushop.com\/wp-content\/uploads\/2024\/02\/WhatsApp-Image-2024-02-02-at-5.49.55-PM-1.jpeg\",\"width\":1416,\"height\":1476,\"caption\":\"Nutrition4u\"}]}<\/script>\n<meta property=\"product:price:amount\" content=\"25.00\" \/>\n<meta property=\"product:price:currency\" content=\"EUR\" \/>\n<meta property=\"og:availability\" content=\"instock\" \/>\n<meta property=\"product:availability\" content=\"instock\" \/>\n<meta property=\"product:condition\" content=\"new\" \/>\n<meta name=\"geo.placename\" content=\"Amora\" \/>\n<meta name=\"geo.region\" content=\"Portugal\" \/>\n<!-- \/ Yoast SEO Premium plugin. -->","yoast_head_json":{"title":"Enzima Dygestiva 60 Cap","robots":{"index":"index","follow":"follow","max-snippet":"max-snippet:-1","max-image-preview":"max-image-preview:large","max-video-preview":"max-video-preview:-1"},"canonical":"https:\/\/nutrition4ushop.com\/pt\/produto\/dygestive-enzyme-60-cap\/","og_locale":"pt_PT","og_type":"article","og_title":"Dygestive Enzyme 60 Cap","og_description":"ZyMate\u00ae Max is a multi-enzyme blend containing alpha-amylase, glucoamylase, lactase, neutral protease, acidic protease, lipase, cellulase, bromelain, papain, and alpha-galactosidase. It helps digest carbohydrates, lactose, proteins, fats, and cellulose, and aids in controlling flatulence.","og_url":"https:\/\/nutrition4ushop.com\/pt\/produto\/dygestive-enzyme-60-cap\/","og_site_name":"Nutrition4u","article_publisher":"https:\/\/www.facebook.com\/p\/Nutrition4u-100063511002565","article_modified_time":"2025-07-11T14:59:09+00:00","og_image":[{"width":500,"height":500,"url":"https:\/\/nutrition4ushop.com\/wp-content\/uploads\/2025\/07\/Digestive-Enzymes-Capsules-removebg-preview.png","type":"image\/png"}],"twitter_card":"summary_large_image","twitter_misc":{"pre\u00e7o":"25,00&nbsp;&euro;","Disponibilidade":"Em stock"},"schema":{"@context":"https:\/\/schema.org","@graph":[{"@type":"WebPage","@id":"https:\/\/nutrition4ushop.com\/product\/dygestive-enzyme-60-cap\/","url":"https:\/\/nutrition4ushop.com\/product\/dygestive-enzyme-60-cap\/","name":"Enzima Dygestiva 60 Cap","isPartOf":{"@id":"https:\/\/nutrition4ushop.com\/#website"},"primaryImageOfPage":{"@id":"https:\/\/nutrition4ushop.com\/product\/dygestive-enzyme-60-cap\/#primaryimage"},"image":{"@id":"https:\/\/nutrition4ushop.com\/product\/dygestive-enzyme-60-cap\/#primaryimage"},"thumbnailUrl":"https:\/\/nutrition4ushop.com\/wp-content\/uploads\/2025\/07\/Digestive-Enzymes-Capsules-removebg-preview.png","datePublished":"2025-07-11T13:59:56+00:00","dateModified":"2025-07-11T14:59:09+00:00","breadcrumb":{"@id":"https:\/\/nutrition4ushop.com\/product\/dygestive-enzyme-60-cap\/#breadcrumb"},"inLanguage":"pt-PT","potentialAction":[{"@type":"ReadAction","target":["https:\/\/nutrition4ushop.com\/product\/dygestive-enzyme-60-cap\/"]}]},{"@type":"ImageObject","inLanguage":"pt-PT","@id":"https:\/\/nutrition4ushop.com\/product\/dygestive-enzyme-60-cap\/#primaryimage","url":"https:\/\/nutrition4ushop.com\/wp-content\/uploads\/2025\/07\/Digestive-Enzymes-Capsules-removebg-preview.png","contentUrl":"https:\/\/nutrition4ushop.com\/wp-content\/uploads\/2025\/07\/Digestive-Enzymes-Capsules-removebg-preview.png","width":500,"height":500},{"@type":"BreadcrumbList","@id":"https:\/\/nutrition4ushop.com\/product\/dygestive-enzyme-60-cap\/#breadcrumb","itemListElement":[{"@type":"ListItem","position":1,"name":"Home","item":"https:\/\/nutrition4ushop.com\/"},{"@type":"ListItem","position":2,"name":"Shop","item":"https:\/\/nutrition4ushop.com\/shop\/"},{"@type":"ListItem","position":3,"name":"Dygestive Enzyme 60 Cap"}]},{"@type":"WebSite","@id":"https:\/\/nutrition4ushop.com\/#website","url":"https:\/\/nutrition4ushop.com\/","name":"Nutri\u00e7\u00e3o4u","description":"","publisher":{"@id":"https:\/\/nutrition4ushop.com\/#organization"},"potentialAction":[{"@type":"SearchAction","target":{"@type":"EntryPoint","urlTemplate":"https:\/\/nutrition4ushop.com\/?s={search_term_string}"},"query-input":{"@type":"PropertyValueSpecification","valueRequired":true,"valueName":"search_term_string"}}],"inLanguage":"pt-PT"},{"@type":["Organization","Place","SportingGoodsStore"],"@id":"https:\/\/nutrition4ushop.com\/#organization","name":"Nutri\u00e7\u00e3o4u","alternateName":"Nutrition4u","url":"https:\/\/nutrition4ushop.com\/","logo":{"@id":"https:\/\/nutrition4ushop.com\/product\/dygestive-enzyme-60-cap\/#local-main-organization-logo"},"image":{"@id":"https:\/\/nutrition4ushop.com\/product\/dygestive-enzyme-60-cap\/#local-main-organization-logo"},"sameAs":["https:\/\/www.facebook.com\/p\/Nutrition4u-100063511002565","https:\/\/www.instagram.com\/nutrition4u_by_rubengarradas\/"],"description":"Suplementos de qualidade. Suplementos e vitaminas Procell , Marvelous e muito mais. NUTRITION4U suplementos para todo o tipo de pessoas e atletas.","publishingPrinciples":"https:\/\/nutrition4ushop.com\/about-us\/","ownershipFundingInfo":"https:\/\/nutrition4ushop.com\/train-with-ruben-garradas\/","actionableFeedbackPolicy":"https:\/\/nutrition4ushop.com\/cookies-policy\/","ethicsPolicy":"https:\/\/nutrition4ushop.com\/terms-and-conditions\/","address":{"@id":"https:\/\/nutrition4ushop.com\/product\/dygestive-enzyme-60-cap\/#local-main-place-address"},"telephone":[],"openingHoursSpecification":[]},{"@type":"PostalAddress","@id":"https:\/\/nutrition4ushop.com\/product\/dygestive-enzyme-60-cap\/#local-main-place-address","streetAddress":"R. 1\u00ba de Maio n\u00b035 Loja 221","addressLocality":"Amora","postalCode":"2845-162","addressRegion":"Set\u00fabal","addressCountry":"PT"},{"@type":"ImageObject","inLanguage":"pt-PT","@id":"https:\/\/nutrition4ushop.com\/product\/dygestive-enzyme-60-cap\/#local-main-organization-logo","url":"https:\/\/nutrition4ushop.com\/wp-content\/uploads\/2024\/02\/WhatsApp-Image-2024-02-02-at-5.49.55-PM-1.jpeg","contentUrl":"https:\/\/nutrition4ushop.com\/wp-content\/uploads\/2024\/02\/WhatsApp-Image-2024-02-02-at-5.49.55-PM-1.jpeg","width":1416,"height":1476,"caption":"Nutrition4u"}]},"product_price_amount":"25.00","product_price_currency":"EUR","og_availability":"instock","product_availability":"instock","product_condition":"new","geo.placename":"Amora","geo.region":"Portugal"},"publishpress_future_action":{"enabled":false,"date":"2026-04-24 10:37:36","action":"change-status","newStatus":"draft","terms":[],"taxonomy":"product_brand","extraData":[]},"publishpress_future_workflow_manual_trigger":{"enabledWorkflows":[]},"tiered_pricing_type":"fixed","tiered_pricing_fixed_rules":[],"tiered_pricing_product_settings":{"layout":"default","base_unit_name":{"singular":null,"plural":null},"default_variation":null},"tiered_pricing_minimum_quantity":null,"tiered_pricing_roles_data":[],"tiered_pricing_percentage_rules":[],"tiered_pricing_maximum_quantity":null,"tiered_pricing_quantity_step":null,"_links":{"self":[{"href":"https:\/\/nutrition4ushop.com\/pt\/wp-json\/wp\/v2\/product\/10556","targetHints":{"allow":["GET"]}}],"collection":[{"href":"https:\/\/nutrition4ushop.com\/pt\/wp-json\/wp\/v2\/product"}],"about":[{"href":"https:\/\/nutrition4ushop.com\/pt\/wp-json\/wp\/v2\/types\/product"}],"replies":[{"embeddable":true,"href":"https:\/\/nutrition4ushop.com\/pt\/wp-json\/wp\/v2\/comments?post=10556"}],"version-history":[{"count":3,"href":"https:\/\/nutrition4ushop.com\/pt\/wp-json\/wp\/v2\/product\/10556\/revisions"}],"predecessor-version":[{"id":10582,"href":"https:\/\/nutrition4ushop.com\/pt\/wp-json\/wp\/v2\/product\/10556\/revisions\/10582"}],"wp:featuredmedia":[{"embeddable":true,"href":"https:\/\/nutrition4ushop.com\/pt\/wp-json\/wp\/v2\/media\/10557"}],"wp:attachment":[{"href":"https:\/\/nutrition4ushop.com\/pt\/wp-json\/wp\/v2\/media?parent=10556"}],"wp:term":[{"taxonomy":"product_brand","embeddable":true,"href":"https:\/\/nutrition4ushop.com\/pt\/wp-json\/wp\/v2\/product_brand?post=10556"},{"taxonomy":"product_cat","embeddable":true,"href":"https:\/\/nutrition4ushop.com\/pt\/wp-json\/wp\/v2\/product_cat?post=10556"},{"taxonomy":"product_tag","embeddable":true,"href":"https:\/\/nutrition4ushop.com\/pt\/wp-json\/wp\/v2\/product_tag?post=10556"}],"curies":[{"name":"wp","href":"https:\/\/api.w.org\/{rel}","templated":true}]}}