{"id":10633,"date":"2025-07-12T11:50:25","date_gmt":"2025-07-12T11:50:25","guid":{"rendered":"https:\/\/nutrition4ushop.com\/?post_type=product&#038;p=10633"},"modified":"2025-07-12T11:59:00","modified_gmt":"2025-07-12T11:59:00","slug":"anabolic-iso-whey-2kg","status":"publish","type":"product","link":"https:\/\/nutrition4ushop.com\/pt\/product\/anabolic-iso-whey-2kg\/","title":{"rendered":"Anabolizante Iso Whey 2Kg"},"content":{"rendered":"<p data-start=\"0\" data-end=\"415\" class=\"translation-block\"><p>\n  O <strong>ANABOLIC ISO WHEY<\/strong> representa uma revolu\u00e7\u00e3o na forma como as prote\u00ednas de soro de leite s\u00e3o formuladas. \n  Derivado exclusivamente a 100% de isolado de prote\u00edna de soro de leite, o <strong>ANABOLIC ISO WHEY<\/strong> oferece uma pureza incompar\u00e1vel, com 85 g de prote\u00edna por 100 g de produto. \n  O elevado teor proteico, combinado com o efeito anab\u00f3lico dos amino\u00e1cidos altamente biodispon\u00edveis na f\u00f3rmula, cria um ambiente fisiol\u00f3gico excecional que promove o crescimento muscular.\n<\/p><\/p>\n<p data-start=\"417\" data-end=\"773\" class=\"translation-block\"><p>\n  Percebendo que os praticantes de muscula\u00e7\u00e3o necessitam de mais do que apenas a dose di\u00e1ria recomendada de prote\u00edna, o <strong>ANABOLIC ISO WHEY<\/strong> inclui tamb\u00e9m os segundo e terceiro suplementos mais procurados para o crescimento muscular: \n  <strong>3 g de creatina monohidratada<\/strong> e <strong>500 mg de \u00c1cido D-Asp\u00e1rtico<\/strong>. \n  Esta poderosa combina\u00e7\u00e3o estabelece um novo padr\u00e3o para as f\u00f3rmulas proteicas atualmente dispon\u00edveis no mercado.\n<\/p><\/p>\n<p data-start=\"775\" data-end=\"895\" class=\"translation-block\"><p>\n  A creatina monohidratada regenera o ATP enquanto aumenta a s\u00edntese proteica, permitindo um crescimento muscular mais r\u00e1pido em menos tempo.\n<\/p><\/p>\n<p data-start=\"897\" data-end=\"1128\" class=\"translation-block\"><p>\n  O \u00c1cido D-Asp\u00e1rtico aumenta naturalmente os n\u00edveis de testosterona, potenciando ainda mais o efeito anab\u00f3lico. \n  Adicionalmente, \u00e9 adicionada 1 g de Taurina para ajudar a melhorar o fluxo sangu\u00edneo e estabilizar os n\u00edveis de a\u00e7\u00facar no sangue \u2014 ambos importantes para a regula\u00e7\u00e3o hormonal.\n<\/p><\/p>\n<p data-start=\"1130\" data-end=\"1277\" class=\"translation-block\"><p>\n  A f\u00f3rmula <strong>ANABOLIC ISO WHEY<\/strong> representa um complexo anab\u00f3lico de alta qualidade, baseado em prote\u00edna isolada, destinado a atletas que pretendem deixar a sua marca na hist\u00f3ria.\n<\/p><\/p>\n<p data-start=\"1279\" data-end=\"1573\" class=\"translation-block\"><p>\n  A prote\u00edna isolada de soro de leite (WPI), obtida por microfiltra\u00e7\u00e3o e ultrafiltra\u00e7\u00e3o, permite uma maior concentra\u00e7\u00e3o de prote\u00edna (mais de 80%). \n  Cont\u00e9m uma elevada concentra\u00e7\u00e3o de amino\u00e1cidos de cadeia ramificada (BCAAs), n\u00e3o inferior a 25 g por 100 g! \n  Al\u00e9m disso, n\u00e3o cont\u00e9m hidratos de carbono nem gorduras.\n<\/p><\/p>\n<p data-start=\"1575\" data-end=\"2126\" class=\"translation-block\"><p>\n  Combinado com o <strong>Optipep\u00ae<\/strong>, influencia a resposta da insulina ap\u00f3s o consumo. \n  As doses de prote\u00edna isolada de soro de leite (WPI) e prote\u00edna hidrolisada de soro de leite (WPH) devem ser consumidas imediatamente ao acordar ou logo ap\u00f3s o treino, devido \u00e0 sua r\u00e1pida absor\u00e7\u00e3o. \n  Estas duas fra\u00e7\u00f5es complementam-se, melhorando o tempo de absor\u00e7\u00e3o e a biodisponibilidade do perfil de amino\u00e1cidos. \n  Devido \u00e0 absor\u00e7\u00e3o r\u00e1pida e aos efeitos estimulantes da insulina, a prote\u00edna isolada de soro de leite pode ser convertida em glicog\u00e9nio durante treinos intensos, especialmente quando a ingest\u00e3o de hidratos de carbono \u00e9 insuficiente.\n<\/p><\/p>\n<p data-start=\"2128\" data-end=\"2521\" class=\"translation-block\"><p>\n  A creatina monohidratada \u00e9 um dos suplementos mais conhecidos e cientificamente validados a n\u00edvel mundial. \n  Em condi\u00e7\u00f5es fisiol\u00f3gicas, o corpo humano sintetiza creatina a partir de tr\u00eas amino\u00e1cidos: arginina, glicina e metionina. \n  A creatina \u00e9 ent\u00e3o convertida em fosfocreatina, que \u00e9 respons\u00e1vel pela produ\u00e7\u00e3o de ATP, a principal fonte de energia para treino intenso de resist\u00eancia.\n<\/p><\/p>\n<p data-start=\"2523\" data-end=\"2596\"><strong data-start=\"2523\" data-end=\"2536\">Feno-grego<\/strong> <p>\n  O feno-grego \u00e9 um extrato vegetal que potencia o estado anab\u00f3lico do corpo.\n<\/p><\/p>\n<p data-start=\"2598\" data-end=\"2994\" class=\"translation-block\"><p>\n  A taurina \u00e9 um amino\u00e1cido encontrado nos tecidos animais, distribu\u00eddo principalmente no m\u00fasculo esquel\u00e9tico, cora\u00e7\u00e3o, c\u00e9rebro e retina. \n  Embora o corpo possa sintetizar taurina a partir da ciste\u00edna e metionina, esta produ\u00e7\u00e3o n\u00e3o satisfaz totalmente as necessidades do organismo, pelo que a taurina deve ser obtida atrav\u00e9s da dieta e suplementa\u00e7\u00e3o. \n  Devido ao seu grupo \u00e1cido sulf\u00f3nico, a taurina n\u00e3o forma liga\u00e7\u00f5es pept\u00eddicas e existe livre no organismo. \n  A taurina tem m\u00faltiplas fun\u00e7\u00f5es fisiol\u00f3gicas: regula a concentra\u00e7\u00e3o de c\u00e1lcio, atua como osmorreagulator, funciona como neurotransmissor e neuromodulador, participa na forma\u00e7\u00e3o de \u00e1cidos biliares e modula as respostas inflamat\u00f3rias. \n  Possui propriedades antioxidantes, protegendo as c\u00e9lulas musculares dos danos causados pelos radicais livres gerados ap\u00f3s exerc\u00edcio aer\u00f3bico de alta intensidade e longa dura\u00e7\u00e3o. \n  A taurina tamb\u00e9m melhora o transporte dos elementos ativos para os m\u00fasculos ao modular os efeitos da insulina. \n  Proporciona uma sensa\u00e7\u00e3o agrad\u00e1vel de \u201cenergia\u201d sem causar irrita\u00e7\u00e3o ou sobrest\u00edmulo do sistema nervoso central.\n<\/p><\/p>\n<p data-start=\"2598\" data-end=\"2994\"><strong data-start=\"2996\" data-end=\"3007\">Taurina<\/strong> <p>\n  A taurina \u00e9 um amino\u00e1cido encontrado nos tecidos animais, distribu\u00eddo principalmente no m\u00fasculo esquel\u00e9tico, cora\u00e7\u00e3o, c\u00e9rebro e retina. \n  Embora o corpo possa sintetizar taurina a partir da ciste\u00edna e metionina, esta produ\u00e7\u00e3o n\u00e3o satisfaz totalmente as necessidades do organismo, pelo que a taurina deve ser obtida atrav\u00e9s da dieta e suplementa\u00e7\u00e3o. \n  Devido ao seu grupo \u00e1cido sulf\u00f3nico, a taurina n\u00e3o forma liga\u00e7\u00f5es pept\u00eddicas e existe livre no organismo. \n  A taurina tem m\u00faltiplas fun\u00e7\u00f5es fisiol\u00f3gicas: regula a concentra\u00e7\u00e3o de c\u00e1lcio, atua como osmorreagulator, funciona como neurotransmissor e neuromodulador, participa na forma\u00e7\u00e3o de \u00e1cidos biliares e modula as respostas inflamat\u00f3rias. \n  Possui propriedades antioxidantes, protegendo as c\u00e9lulas musculares dos danos causados pelos radicais livres gerados ap\u00f3s exerc\u00edcio aer\u00f3bico de alta intensidade e longa dura\u00e7\u00e3o. \n  A taurina tamb\u00e9m melhora o transporte dos elementos ativos para os m\u00fasculos ao modular os efeitos da insulina. \n  Proporciona uma sensa\u00e7\u00e3o agrad\u00e1vel de \u201cenergia\u201d sem causar irrita\u00e7\u00e3o ou sobrest\u00edmulo do sistema nervoso central.\n<\/p><\/p>\n<p data-start=\"4013\" data-end=\"4614\" class=\"translation-block\"><p>\n  O \u00c1cido D-Asp\u00e1rtico (DAA) \u00e9 um amino\u00e1cido que, ao contr\u00e1rio de todos os amino\u00e1cidos construtores de prote\u00edna, que est\u00e3o na forma L, existe na forma D. \n  Naturalmente, os amino\u00e1cidos proteicos encontram-se na forma L, mas podem converter-se na forma D dentro do organismo. \n  O DAA ganhou popularidade como um amino\u00e1cido que influencia a produ\u00e7\u00e3o natural de testosterona e est\u00e1 presente em suplementos anab\u00f3licos. \n  Estudos* realizados em grupos de homens mostraram que o consumo de 500 mg de DAA pela manh\u00e3 conduz a um aumento nas taxas de secre\u00e7\u00e3o de testosterona ap\u00f3s 12 dias de suplementa\u00e7\u00e3o. \n  Com base nestes dados, recomenda-se o consumo c\u00edclico de DAA.\n<\/p><\/p>","protected":false},"excerpt":{"rendered":"<p>ANABOLIC ISO WHEY represents a revolution in how whey proteins are formulated. Derived exclusively 100% from isolated whey protein, ANABOLIC [&hellip;]<\/p>\n","protected":false},"featured_media":10634,"comment_status":"open","ping_status":"closed","template":"","meta":{"site-sidebar-layout":"default","site-content-layout":"","ast-site-content-layout":"default","site-content-style":"default","site-sidebar-style":"default","ast-global-header-display":"","ast-banner-title-visibility":"","ast-main-header-display":"","ast-hfb-above-header-display":"","ast-hfb-below-header-display":"","ast-hfb-mobile-header-display":"","site-post-title":"","ast-breadcrumbs-content":"","ast-featured-img":"","footer-sml-layout":"","theme-transparent-header-meta":"default","adv-header-id-meta":"","stick-header-meta":"","header-above-stick-meta":"","header-main-stick-meta":"","header-below-stick-meta":"","astra-migrate-meta-layouts":"set","ast-page-background-enabled":"default","ast-page-background-meta":{"desktop":{"background-color":"var(--ast-global-color-4)","background-image":"","background-repeat":"repeat","background-position":"center center","background-size":"auto","background-attachment":"scroll","background-type":"","background-media":"","overlay-type":"","overlay-color":"","overlay-opacity":"","overlay-gradient":""},"tablet":{"background-color":"","background-image":"","background-repeat":"repeat","background-position":"center center","background-size":"auto","background-attachment":"scroll","background-type":"","background-media":"","overlay-type":"","overlay-color":"","overlay-opacity":"","overlay-gradient":""},"mobile":{"background-color":"","background-image":"","background-repeat":"repeat","background-position":"center center","background-size":"auto","background-attachment":"scroll","background-type":"","background-media":"","overlay-type":"","overlay-color":"","overlay-opacity":"","overlay-gradient":""}},"ast-content-background-meta":{"desktop":{"background-color":"var(--ast-global-color-5)","background-image":"","background-repeat":"repeat","background-position":"center center","background-size":"auto","background-attachment":"scroll","background-type":"","background-media":"","overlay-type":"","overlay-color":"","overlay-opacity":"","overlay-gradient":""},"tablet":{"background-color":"var(--ast-global-color-5)","background-image":"","background-repeat":"repeat","background-position":"center center","background-size":"auto","background-attachment":"scroll","background-type":"","background-media":"","overlay-type":"","overlay-color":"","overlay-opacity":"","overlay-gradient":""},"mobile":{"background-color":"var(--ast-global-color-5)","background-image":"","background-repeat":"repeat","background-position":"center center","background-size":"auto","background-attachment":"scroll","background-type":"","background-media":"","overlay-type":"","overlay-color":"","overlay-opacity":"","overlay-gradient":""}}},"product_brand":[194],"product_cat":[280],"product_tag":[],"class_list":{"0":"post-10633","1":"product","2":"type-product","3":"status-publish","4":"has-post-thumbnail","6":"product_brand-kevin-levrone","7":"product_cat-protein","8":"desktop-align-center","9":"tablet-align-left","10":"mobile-align-left","12":"first","13":"instock","14":"shipping-taxable","15":"purchasable","16":"product-type-simple"},"yoast_head":"<!-- This site is optimized with the Yoast SEO Premium plugin v27.0 (Yoast SEO v27.0) - https:\/\/yoast.com\/product\/yoast-seo-premium-wordpress\/ -->\n<title>Anabolic Iso Whey 2Kg<\/title>\n<meta name=\"robots\" content=\"index, follow, max-snippet:-1, max-image-preview:large, max-video-preview:-1\" \/>\n<link rel=\"canonical\" href=\"https:\/\/nutrition4ushop.com\/pt\/produto\/anabolic-iso-whey-2kg\/\" \/>\n<meta property=\"og:locale\" content=\"pt_PT\" \/>\n<meta property=\"og:type\" content=\"article\" \/>\n<meta property=\"og:title\" content=\"Anabolic Iso Whey 2Kg\" \/>\n<meta property=\"og:description\" content=\"ANABOLIC ISO WHEY represents a revolution in how whey proteins are formulated. Derived exclusively 100% from isolated whey protein, ANABOLIC [&hellip;]\" \/>\n<meta property=\"og:url\" content=\"https:\/\/nutrition4ushop.com\/pt\/produto\/anabolic-iso-whey-2kg\/\" \/>\n<meta property=\"og:site_name\" content=\"Nutrition4u\" \/>\n<meta property=\"article:publisher\" content=\"https:\/\/www.facebook.com\/p\/Nutrition4u-100063511002565\" \/>\n<meta property=\"article:modified_time\" content=\"2025-07-12T11:59:00+00:00\" \/>\n<meta property=\"og:image\" content=\"https:\/\/nutrition4ushop.com\/wp-content\/uploads\/2025\/07\/91688482253_s-removebg-preview.png\" \/>\n\t<meta property=\"og:image:width\" content=\"500\" \/>\n\t<meta property=\"og:image:height\" content=\"500\" \/>\n\t<meta property=\"og:image:type\" content=\"image\/png\" \/>\n<meta name=\"twitter:card\" content=\"summary_large_image\" \/>\n<meta name=\"twitter:label1\" content=\"pre\u00e7o\" \/>\n\t<meta name=\"twitter:data1\" content=\"72,00&nbsp;&euro;\" \/>\n\t<meta name=\"twitter:label2\" content=\"Disponibilidade\" \/>\n\t<meta name=\"twitter:data2\" content=\"Em stock\" \/>\n<script type=\"application\/ld+json\" class=\"yoast-schema-graph\">{\"@context\":\"https:\/\/schema.org\",\"@graph\":[{\"@type\":\"WebPage\",\"@id\":\"https:\/\/nutrition4ushop.com\/product\/anabolic-iso-whey-2kg\/\",\"url\":\"https:\/\/nutrition4ushop.com\/product\/anabolic-iso-whey-2kg\/\",\"name\":\"Anabolic Iso Whey 2Kg\",\"isPartOf\":{\"@id\":\"https:\/\/nutrition4ushop.com\/#website\"},\"primaryImageOfPage\":{\"@id\":\"https:\/\/nutrition4ushop.com\/product\/anabolic-iso-whey-2kg\/#primaryimage\"},\"image\":{\"@id\":\"https:\/\/nutrition4ushop.com\/product\/anabolic-iso-whey-2kg\/#primaryimage\"},\"thumbnailUrl\":\"https:\/\/nutrition4ushop.com\/wp-content\/uploads\/2025\/07\/91688482253_s-removebg-preview.png\",\"datePublished\":\"2025-07-12T11:50:25+00:00\",\"dateModified\":\"2025-07-12T11:59:00+00:00\",\"breadcrumb\":{\"@id\":\"https:\/\/nutrition4ushop.com\/product\/anabolic-iso-whey-2kg\/#breadcrumb\"},\"inLanguage\":\"pt-PT\",\"potentialAction\":[{\"@type\":\"ReadAction\",\"target\":[\"https:\/\/nutrition4ushop.com\/product\/anabolic-iso-whey-2kg\/\"]}]},{\"@type\":\"ImageObject\",\"inLanguage\":\"pt-PT\",\"@id\":\"https:\/\/nutrition4ushop.com\/product\/anabolic-iso-whey-2kg\/#primaryimage\",\"url\":\"https:\/\/nutrition4ushop.com\/wp-content\/uploads\/2025\/07\/91688482253_s-removebg-preview.png\",\"contentUrl\":\"https:\/\/nutrition4ushop.com\/wp-content\/uploads\/2025\/07\/91688482253_s-removebg-preview.png\",\"width\":500,\"height\":500},{\"@type\":\"BreadcrumbList\",\"@id\":\"https:\/\/nutrition4ushop.com\/product\/anabolic-iso-whey-2kg\/#breadcrumb\",\"itemListElement\":[{\"@type\":\"ListItem\",\"position\":1,\"name\":\"Home\",\"item\":\"https:\/\/nutrition4ushop.com\/\"},{\"@type\":\"ListItem\",\"position\":2,\"name\":\"Shop\",\"item\":\"https:\/\/nutrition4ushop.com\/shop\/\"},{\"@type\":\"ListItem\",\"position\":3,\"name\":\"Anabolic Iso Whey 2Kg\"}]},{\"@type\":\"WebSite\",\"@id\":\"https:\/\/nutrition4ushop.com\/#website\",\"url\":\"https:\/\/nutrition4ushop.com\/\",\"name\":\"Nutrition4u\",\"description\":\"\",\"publisher\":{\"@id\":\"https:\/\/nutrition4ushop.com\/#organization\"},\"potentialAction\":[{\"@type\":\"SearchAction\",\"target\":{\"@type\":\"EntryPoint\",\"urlTemplate\":\"https:\/\/nutrition4ushop.com\/?s={search_term_string}\"},\"query-input\":{\"@type\":\"PropertyValueSpecification\",\"valueRequired\":true,\"valueName\":\"search_term_string\"}}],\"inLanguage\":\"pt-PT\"},{\"@type\":[\"Organization\",\"Place\",\"SportingGoodsStore\"],\"@id\":\"https:\/\/nutrition4ushop.com\/#organization\",\"name\":\"Nutrition4u\",\"alternateName\":\"Nutrition4u\",\"url\":\"https:\/\/nutrition4ushop.com\/\",\"logo\":{\"@id\":\"https:\/\/nutrition4ushop.com\/product\/anabolic-iso-whey-2kg\/#local-main-organization-logo\"},\"image\":{\"@id\":\"https:\/\/nutrition4ushop.com\/product\/anabolic-iso-whey-2kg\/#local-main-organization-logo\"},\"sameAs\":[\"https:\/\/www.facebook.com\/p\/Nutrition4u-100063511002565\",\"https:\/\/www.instagram.com\/nutrition4u_by_rubengarradas\/\"],\"description\":\"Suplementos de qualidade. Suplementos e vitaminas Procell , Marvelous e muito mais. NUTRITION4U suplementos para todo o tipo de pessoas e atletas.\",\"publishingPrinciples\":\"https:\/\/nutrition4ushop.com\/about-us\/\",\"ownershipFundingInfo\":\"https:\/\/nutrition4ushop.com\/train-with-ruben-garradas\/\",\"actionableFeedbackPolicy\":\"https:\/\/nutrition4ushop.com\/cookies-policy\/\",\"ethicsPolicy\":\"https:\/\/nutrition4ushop.com\/terms-and-conditions\/\",\"address\":{\"@id\":\"https:\/\/nutrition4ushop.com\/product\/anabolic-iso-whey-2kg\/#local-main-place-address\"},\"telephone\":[],\"openingHoursSpecification\":[]},{\"@type\":\"PostalAddress\",\"@id\":\"https:\/\/nutrition4ushop.com\/product\/anabolic-iso-whey-2kg\/#local-main-place-address\",\"streetAddress\":\"R. 1\u00ba de Maio n\u00b035 Loja 221\",\"addressLocality\":\"Amora\",\"postalCode\":\"2845-162\",\"addressRegion\":\"Set\u00fabal\",\"addressCountry\":\"PT\"},{\"@type\":\"ImageObject\",\"inLanguage\":\"pt-PT\",\"@id\":\"https:\/\/nutrition4ushop.com\/product\/anabolic-iso-whey-2kg\/#local-main-organization-logo\",\"url\":\"https:\/\/nutrition4ushop.com\/wp-content\/uploads\/2024\/02\/WhatsApp-Image-2024-02-02-at-5.49.55-PM-1.jpeg\",\"contentUrl\":\"https:\/\/nutrition4ushop.com\/wp-content\/uploads\/2024\/02\/WhatsApp-Image-2024-02-02-at-5.49.55-PM-1.jpeg\",\"width\":1416,\"height\":1476,\"caption\":\"Nutrition4u\"}]}<\/script>\n<meta property=\"product:price:amount\" content=\"72.00\" \/>\n<meta property=\"product:price:currency\" content=\"EUR\" \/>\n<meta property=\"og:availability\" content=\"instock\" \/>\n<meta property=\"product:availability\" content=\"instock\" \/>\n<meta property=\"product:condition\" content=\"new\" \/>\n<meta name=\"geo.placename\" content=\"Amora\" \/>\n<meta name=\"geo.region\" content=\"Portugal\" \/>\n<!-- \/ Yoast SEO Premium plugin. -->","yoast_head_json":{"title":"Anabolizante Iso Whey 2Kg","robots":{"index":"index","follow":"follow","max-snippet":"max-snippet:-1","max-image-preview":"max-image-preview:large","max-video-preview":"max-video-preview:-1"},"canonical":"https:\/\/nutrition4ushop.com\/pt\/produto\/anabolic-iso-whey-2kg\/","og_locale":"pt_PT","og_type":"article","og_title":"Anabolic Iso Whey 2Kg","og_description":"ANABOLIC ISO WHEY represents a revolution in how whey proteins are formulated. Derived exclusively 100% from isolated whey protein, ANABOLIC [&hellip;]","og_url":"https:\/\/nutrition4ushop.com\/pt\/produto\/anabolic-iso-whey-2kg\/","og_site_name":"Nutrition4u","article_publisher":"https:\/\/www.facebook.com\/p\/Nutrition4u-100063511002565","article_modified_time":"2025-07-12T11:59:00+00:00","og_image":[{"width":500,"height":500,"url":"https:\/\/nutrition4ushop.com\/wp-content\/uploads\/2025\/07\/91688482253_s-removebg-preview.png","type":"image\/png"}],"twitter_card":"summary_large_image","twitter_misc":{"pre\u00e7o":"72,00&nbsp;&euro;","Disponibilidade":"Em stock"},"schema":{"@context":"https:\/\/schema.org","@graph":[{"@type":"WebPage","@id":"https:\/\/nutrition4ushop.com\/product\/anabolic-iso-whey-2kg\/","url":"https:\/\/nutrition4ushop.com\/product\/anabolic-iso-whey-2kg\/","name":"Anabolizante Iso Whey 2Kg","isPartOf":{"@id":"https:\/\/nutrition4ushop.com\/#website"},"primaryImageOfPage":{"@id":"https:\/\/nutrition4ushop.com\/product\/anabolic-iso-whey-2kg\/#primaryimage"},"image":{"@id":"https:\/\/nutrition4ushop.com\/product\/anabolic-iso-whey-2kg\/#primaryimage"},"thumbnailUrl":"https:\/\/nutrition4ushop.com\/wp-content\/uploads\/2025\/07\/91688482253_s-removebg-preview.png","datePublished":"2025-07-12T11:50:25+00:00","dateModified":"2025-07-12T11:59:00+00:00","breadcrumb":{"@id":"https:\/\/nutrition4ushop.com\/product\/anabolic-iso-whey-2kg\/#breadcrumb"},"inLanguage":"pt-PT","potentialAction":[{"@type":"ReadAction","target":["https:\/\/nutrition4ushop.com\/product\/anabolic-iso-whey-2kg\/"]}]},{"@type":"ImageObject","inLanguage":"pt-PT","@id":"https:\/\/nutrition4ushop.com\/product\/anabolic-iso-whey-2kg\/#primaryimage","url":"https:\/\/nutrition4ushop.com\/wp-content\/uploads\/2025\/07\/91688482253_s-removebg-preview.png","contentUrl":"https:\/\/nutrition4ushop.com\/wp-content\/uploads\/2025\/07\/91688482253_s-removebg-preview.png","width":500,"height":500},{"@type":"BreadcrumbList","@id":"https:\/\/nutrition4ushop.com\/product\/anabolic-iso-whey-2kg\/#breadcrumb","itemListElement":[{"@type":"ListItem","position":1,"name":"Home","item":"https:\/\/nutrition4ushop.com\/"},{"@type":"ListItem","position":2,"name":"Shop","item":"https:\/\/nutrition4ushop.com\/shop\/"},{"@type":"ListItem","position":3,"name":"Anabolic Iso Whey 2Kg"}]},{"@type":"WebSite","@id":"https:\/\/nutrition4ushop.com\/#website","url":"https:\/\/nutrition4ushop.com\/","name":"Nutri\u00e7\u00e3o4u","description":"","publisher":{"@id":"https:\/\/nutrition4ushop.com\/#organization"},"potentialAction":[{"@type":"SearchAction","target":{"@type":"EntryPoint","urlTemplate":"https:\/\/nutrition4ushop.com\/?s={search_term_string}"},"query-input":{"@type":"PropertyValueSpecification","valueRequired":true,"valueName":"search_term_string"}}],"inLanguage":"pt-PT"},{"@type":["Organization","Place","SportingGoodsStore"],"@id":"https:\/\/nutrition4ushop.com\/#organization","name":"Nutri\u00e7\u00e3o4u","alternateName":"Nutrition4u","url":"https:\/\/nutrition4ushop.com\/","logo":{"@id":"https:\/\/nutrition4ushop.com\/product\/anabolic-iso-whey-2kg\/#local-main-organization-logo"},"image":{"@id":"https:\/\/nutrition4ushop.com\/product\/anabolic-iso-whey-2kg\/#local-main-organization-logo"},"sameAs":["https:\/\/www.facebook.com\/p\/Nutrition4u-100063511002565","https:\/\/www.instagram.com\/nutrition4u_by_rubengarradas\/"],"description":"Suplementos de qualidade. Suplementos e vitaminas Procell , Marvelous e muito mais. NUTRITION4U suplementos para todo o tipo de pessoas e atletas.","publishingPrinciples":"https:\/\/nutrition4ushop.com\/about-us\/","ownershipFundingInfo":"https:\/\/nutrition4ushop.com\/train-with-ruben-garradas\/","actionableFeedbackPolicy":"https:\/\/nutrition4ushop.com\/cookies-policy\/","ethicsPolicy":"https:\/\/nutrition4ushop.com\/terms-and-conditions\/","address":{"@id":"https:\/\/nutrition4ushop.com\/product\/anabolic-iso-whey-2kg\/#local-main-place-address"},"telephone":[],"openingHoursSpecification":[]},{"@type":"PostalAddress","@id":"https:\/\/nutrition4ushop.com\/product\/anabolic-iso-whey-2kg\/#local-main-place-address","streetAddress":"R. 1\u00ba de Maio n\u00b035 Loja 221","addressLocality":"Amora","postalCode":"2845-162","addressRegion":"Set\u00fabal","addressCountry":"PT"},{"@type":"ImageObject","inLanguage":"pt-PT","@id":"https:\/\/nutrition4ushop.com\/product\/anabolic-iso-whey-2kg\/#local-main-organization-logo","url":"https:\/\/nutrition4ushop.com\/wp-content\/uploads\/2024\/02\/WhatsApp-Image-2024-02-02-at-5.49.55-PM-1.jpeg","contentUrl":"https:\/\/nutrition4ushop.com\/wp-content\/uploads\/2024\/02\/WhatsApp-Image-2024-02-02-at-5.49.55-PM-1.jpeg","width":1416,"height":1476,"caption":"Nutrition4u"}]},"product_price_amount":"72.00","product_price_currency":"EUR","og_availability":"instock","product_availability":"instock","product_condition":"new","geo.placename":"Amora","geo.region":"Portugal"},"publishpress_future_action":{"enabled":false,"date":"2026-04-16 17:29:27","action":"change-status","newStatus":"draft","terms":[],"taxonomy":"product_brand","extraData":[]},"publishpress_future_workflow_manual_trigger":{"enabledWorkflows":[]},"tiered_pricing_type":"fixed","tiered_pricing_fixed_rules":[],"tiered_pricing_product_settings":{"layout":"default","base_unit_name":{"singular":null,"plural":null},"default_variation":null},"tiered_pricing_minimum_quantity":null,"tiered_pricing_roles_data":[],"tiered_pricing_percentage_rules":[],"tiered_pricing_maximum_quantity":null,"tiered_pricing_quantity_step":null,"_links":{"self":[{"href":"https:\/\/nutrition4ushop.com\/pt\/wp-json\/wp\/v2\/product\/10633","targetHints":{"allow":["GET"]}}],"collection":[{"href":"https:\/\/nutrition4ushop.com\/pt\/wp-json\/wp\/v2\/product"}],"about":[{"href":"https:\/\/nutrition4ushop.com\/pt\/wp-json\/wp\/v2\/types\/product"}],"replies":[{"embeddable":true,"href":"https:\/\/nutrition4ushop.com\/pt\/wp-json\/wp\/v2\/comments?post=10633"}],"version-history":[{"count":3,"href":"https:\/\/nutrition4ushop.com\/pt\/wp-json\/wp\/v2\/product\/10633\/revisions"}],"predecessor-version":[{"id":10637,"href":"https:\/\/nutrition4ushop.com\/pt\/wp-json\/wp\/v2\/product\/10633\/revisions\/10637"}],"wp:featuredmedia":[{"embeddable":true,"href":"https:\/\/nutrition4ushop.com\/pt\/wp-json\/wp\/v2\/media\/10634"}],"wp:attachment":[{"href":"https:\/\/nutrition4ushop.com\/pt\/wp-json\/wp\/v2\/media?parent=10633"}],"wp:term":[{"taxonomy":"product_brand","embeddable":true,"href":"https:\/\/nutrition4ushop.com\/pt\/wp-json\/wp\/v2\/product_brand?post=10633"},{"taxonomy":"product_cat","embeddable":true,"href":"https:\/\/nutrition4ushop.com\/pt\/wp-json\/wp\/v2\/product_cat?post=10633"},{"taxonomy":"product_tag","embeddable":true,"href":"https:\/\/nutrition4ushop.com\/pt\/wp-json\/wp\/v2\/product_tag?post=10633"}],"curies":[{"name":"wp","href":"https:\/\/api.w.org\/{rel}","templated":true}]}}