{"id":10719,"date":"2025-07-14T18:32:52","date_gmt":"2025-07-14T18:32:52","guid":{"rendered":"https:\/\/nutrition4ushop.com\/?post_type=product&#038;p=10719"},"modified":"2025-07-30T09:26:07","modified_gmt":"2025-07-30T09:26:07","slug":"mars-hiprotine-1un","status":"publish","type":"product","link":"https:\/\/nutrition4ushop.com\/pt\/product\/mars-hiprotine-1un\/","title":{"rendered":"Bolacha Mars HiProtine"},"content":{"rendered":"<h3 style=\"text-align: left;\" data-start=\"173\" data-end=\"237\"><strong data-start=\"177\" data-end=\"237\">MARS High Protein Cookie Chocolate\/Caramelo \u2013 Caixa de 12<\/strong><\/h3>\n<p data-start=\"239\" data-end=\"375\" class=\"translation-block\">Mars Protein presents a box of high-protein cookies combining the indulgence of chocolate and caramel with functional nutrition.<\/p>\n<p data-start=\"377\" data-end=\"527\" class=\"translation-block\">Desfruta de um cookie pr\u00e1tico e delicioso, com 15g de prote\u00edna e apenas 233 kcal \u2014 perfeito para um snack r\u00e1pido ou como refor\u00e7o ap\u00f3s o treino.<\/p>\n<hr data-start=\"630\" data-end=\"633\" \/>\n<h4 data-start=\"635\" data-end=\"678\"><strong data-start=\"640\" data-end=\"678\">Informa\u00e7\u00e3o Nutricional (por cookie de 60g):<\/strong><\/h4>\n<div class=\"_tableContainer_80l1q_1\">\n<div class=\"_tableWrapper_80l1q_14 group flex w-fit flex-col-reverse\" tabindex=\"-1\">\n<table class=\"w-fit min-w-(--thread-content-width)\" data-start=\"680\" data-end=\"884\">\n<thead data-start=\"680\" data-end=\"720\">\n<tr data-start=\"680\" data-end=\"720\">\n<th data-start=\"680\" data-end=\"702\" data-col-size=\"sm\"><strong data-start=\"682\" data-end=\"694\">Nutrientes<\/strong><\/th>\n<th data-start=\"702\" data-end=\"720\" data-col-size=\"sm\"><strong data-start=\"704\" data-end=\"714\">Quantidade<\/strong><\/th>\n<\/tr>\n<\/thead>\n<tbody data-start=\"762\" data-end=\"884\">\n<tr data-start=\"762\" data-end=\"802\">\n<td data-start=\"762\" data-end=\"784\" data-col-size=\"sm\">Energia<\/td>\n<td data-col-size=\"sm\" data-start=\"784\" data-end=\"802\">233 kcal<\/td>\n<\/tr>\n<tr data-start=\"803\" data-end=\"843\">\n<td data-start=\"803\" data-end=\"825\" data-col-size=\"sm\">Prote\u00edna<\/td>\n<td data-col-size=\"sm\" data-start=\"825\" data-end=\"843\">15 g<\/td>\n<\/tr>\n<tr data-start=\"844\" data-end=\"884\">\n<td data-start=\"844\" data-end=\"866\" data-col-size=\"sm\">Hidratos de carbono<\/td>\n<td data-col-size=\"sm\" data-start=\"866\" data-end=\"884\">25 g<\/td>\n<\/tr>\n<\/tbody>\n<\/table>\n<\/div>\n<\/div>\n<hr data-start=\"1406\" data-end=\"1409\" \/>\n<h4 data-start=\"1411\" data-end=\"1431\"><strong data-start=\"1416\" data-end=\"1431\">Ingredientes<\/strong><\/h4>\n<p data-start=\"1433\" data-end=\"2192\" class=\"translation-block\">Mistura proteica (prote\u00edna de ervilha, prote\u00edna de trigo hidrolisada, prote\u00edna de soja), humectante (glicerol), a\u00e7\u00facar de cana, chocolate de leite (a\u00e7\u00facar, manteiga de cacau, leite em p\u00f3 magro, pasta de cacau, gordura de palma, lactose (leite), soro de leite doce (leite), gordura do leite, prote\u00edna de soro de leite (leite), emulsionante: lecitina de soja, aroma natural de baunilha), azeite, farinha de trigo enriquecida (farinha de trigo, carbonato de c\u00e1lcio, ferro, niacina, tiamina), peda\u00e7os de caramelo (a\u00e7\u00facar, leite condensado magro ado\u00e7ado (leite magro, a\u00e7\u00facar), xarope de glucose, fondant (a\u00e7\u00facar, xarope de glucose, \u00e1gua), \u00f3leo de coco, dextrose, estabilizantes (pectina, alginato de s\u00f3dio), aroma natural), inulina, cacau magro em p\u00f3, xarope de a\u00e7\u00facar, aromatizante, agente levedante: bicarbonato de s\u00f3dio, extrato de malte de cevada (gl\u00faten).<\/p>","protected":false},"excerpt":{"rendered":"<p>MARS HIGH PROTEIN COOKIE CHOCOLATE\/CARAMEL X12 UNICOLORE Mars Protein presents a box of high-protein cookies combining the indulgence of chocolate [&hellip;]<\/p>\n","protected":false},"featured_media":10787,"comment_status":"open","ping_status":"closed","template":"","meta":{"site-sidebar-layout":"default","site-content-layout":"","ast-site-content-layout":"default","site-content-style":"default","site-sidebar-style":"default","ast-global-header-display":"","ast-banner-title-visibility":"","ast-main-header-display":"","ast-hfb-above-header-display":"","ast-hfb-below-header-display":"","ast-hfb-mobile-header-display":"","site-post-title":"","ast-breadcrumbs-content":"","ast-featured-img":"","footer-sml-layout":"","theme-transparent-header-meta":"default","adv-header-id-meta":"","stick-header-meta":"","header-above-stick-meta":"","header-main-stick-meta":"","header-below-stick-meta":"","astra-migrate-meta-layouts":"set","ast-page-background-enabled":"default","ast-page-background-meta":{"desktop":{"background-color":"var(--ast-global-color-4)","background-image":"","background-repeat":"repeat","background-position":"center center","background-size":"auto","background-attachment":"scroll","background-type":"","background-media":"","overlay-type":"","overlay-color":"","overlay-opacity":"","overlay-gradient":""},"tablet":{"background-color":"","background-image":"","background-repeat":"repeat","background-position":"center center","background-size":"auto","background-attachment":"scroll","background-type":"","background-media":"","overlay-type":"","overlay-color":"","overlay-opacity":"","overlay-gradient":""},"mobile":{"background-color":"","background-image":"","background-repeat":"repeat","background-position":"center center","background-size":"auto","background-attachment":"scroll","background-type":"","background-media":"","overlay-type":"","overlay-color":"","overlay-opacity":"","overlay-gradient":""}},"ast-content-background-meta":{"desktop":{"background-color":"var(--ast-global-color-5)","background-image":"","background-repeat":"repeat","background-position":"center center","background-size":"auto","background-attachment":"scroll","background-type":"","background-media":"","overlay-type":"","overlay-color":"","overlay-opacity":"","overlay-gradient":""},"tablet":{"background-color":"var(--ast-global-color-5)","background-image":"","background-repeat":"repeat","background-position":"center center","background-size":"auto","background-attachment":"scroll","background-type":"","background-media":"","overlay-type":"","overlay-color":"","overlay-opacity":"","overlay-gradient":""},"mobile":{"background-color":"var(--ast-global-color-5)","background-image":"","background-repeat":"repeat","background-position":"center center","background-size":"auto","background-attachment":"scroll","background-type":"","background-media":"","overlay-type":"","overlay-color":"","overlay-opacity":"","overlay-gradient":""}}},"product_brand":[332],"product_cat":[280],"product_tag":[],"class_list":{"0":"post-10719","1":"product","2":"type-product","3":"status-publish","4":"has-post-thumbnail","6":"product_brand-mars","7":"product_cat-protein","8":"desktop-align-center","9":"tablet-align-left","10":"mobile-align-left","12":"first","13":"instock","14":"shipping-taxable","15":"purchasable","16":"product-type-variable"},"yoast_head":"<!-- This site is optimized with the Yoast SEO Premium plugin v27.5 (Yoast SEO v27.5) - https:\/\/yoast.com\/product\/yoast-seo-premium-wordpress\/ -->\n<title>Mars HiProtine Cookie<\/title>\n<meta name=\"robots\" content=\"index, follow, max-snippet:-1, max-image-preview:large, max-video-preview:-1\" \/>\n<link rel=\"canonical\" href=\"https:\/\/nutrition4ushop.com\/pt\/produto\/mars-hiprotine-1un\/\" \/>\n<meta property=\"og:locale\" content=\"pt_PT\" \/>\n<meta property=\"og:type\" content=\"article\" \/>\n<meta property=\"og:title\" content=\"Mars HiProtine Cookie\" \/>\n<meta property=\"og:description\" content=\"MARS HIGH PROTEIN COOKIE CHOCOLATE\/CARAMEL X12 UNICOLORE Mars Protein presents a box of high-protein cookies combining the indulgence of chocolate [&hellip;]\" \/>\n<meta property=\"og:url\" content=\"https:\/\/nutrition4ushop.com\/pt\/produto\/mars-hiprotine-1un\/\" \/>\n<meta property=\"og:site_name\" content=\"Nutrition4u\" \/>\n<meta property=\"article:publisher\" content=\"https:\/\/www.facebook.com\/p\/Nutrition4u-100063511002565\" \/>\n<meta property=\"article:modified_time\" content=\"2025-07-30T09:26:07+00:00\" \/>\n<meta property=\"og:image\" content=\"https:\/\/nutrition4ushop.com\/wp-content\/uploads\/2025\/07\/81TDwkpxIL-removebg-preview-e1752585567868.png\" \/>\n\t<meta property=\"og:image:width\" content=\"468\" \/>\n\t<meta property=\"og:image:height\" content=\"468\" \/>\n\t<meta property=\"og:image:type\" content=\"image\/png\" \/>\n<meta name=\"twitter:card\" content=\"summary_large_image\" \/>\n<meta name=\"twitter:label1\" content=\"Disponibilidade\" \/>\n\t<meta name=\"twitter:data1\" content=\"Em stock\" \/>\n<script type=\"application\/ld+json\" class=\"yoast-schema-graph\">{\"@context\":\"https:\\\/\\\/schema.org\",\"@graph\":[{\"@type\":\"WebPage\",\"@id\":\"https:\\\/\\\/nutrition4ushop.com\\\/product\\\/mars-hiprotine-1un\\\/\",\"url\":\"https:\\\/\\\/nutrition4ushop.com\\\/product\\\/mars-hiprotine-1un\\\/\",\"name\":\"Mars HiProtine Cookie\",\"isPartOf\":{\"@id\":\"https:\\\/\\\/nutrition4ushop.com\\\/#website\"},\"primaryImageOfPage\":{\"@id\":\"https:\\\/\\\/nutrition4ushop.com\\\/product\\\/mars-hiprotine-1un\\\/#primaryimage\"},\"image\":{\"@id\":\"https:\\\/\\\/nutrition4ushop.com\\\/product\\\/mars-hiprotine-1un\\\/#primaryimage\"},\"thumbnailUrl\":\"https:\\\/\\\/nutrition4ushop.com\\\/wp-content\\\/uploads\\\/2025\\\/07\\\/81TDwkpxIL-removebg-preview-e1752585567868.png\",\"datePublished\":\"2025-07-14T18:32:52+00:00\",\"dateModified\":\"2025-07-30T09:26:07+00:00\",\"breadcrumb\":{\"@id\":\"https:\\\/\\\/nutrition4ushop.com\\\/product\\\/mars-hiprotine-1un\\\/#breadcrumb\"},\"inLanguage\":\"pt-PT\",\"potentialAction\":[{\"@type\":\"ReadAction\",\"target\":[\"https:\\\/\\\/nutrition4ushop.com\\\/product\\\/mars-hiprotine-1un\\\/\"]}]},{\"@type\":\"ImageObject\",\"inLanguage\":\"pt-PT\",\"@id\":\"https:\\\/\\\/nutrition4ushop.com\\\/product\\\/mars-hiprotine-1un\\\/#primaryimage\",\"url\":\"https:\\\/\\\/nutrition4ushop.com\\\/wp-content\\\/uploads\\\/2025\\\/07\\\/81TDwkpxIL-removebg-preview-e1752585567868.png\",\"contentUrl\":\"https:\\\/\\\/nutrition4ushop.com\\\/wp-content\\\/uploads\\\/2025\\\/07\\\/81TDwkpxIL-removebg-preview-e1752585567868.png\",\"width\":468,\"height\":468},{\"@type\":\"BreadcrumbList\",\"@id\":\"https:\\\/\\\/nutrition4ushop.com\\\/product\\\/mars-hiprotine-1un\\\/#breadcrumb\",\"itemListElement\":[{\"@type\":\"ListItem\",\"position\":1,\"name\":\"Home\",\"item\":\"https:\\\/\\\/nutrition4ushop.com\\\/\"},{\"@type\":\"ListItem\",\"position\":2,\"name\":\"Shop\",\"item\":\"https:\\\/\\\/nutrition4ushop.com\\\/shop\\\/\"},{\"@type\":\"ListItem\",\"position\":3,\"name\":\"Mars HiProtine Cookie\"}]},{\"@type\":\"WebSite\",\"@id\":\"https:\\\/\\\/nutrition4ushop.com\\\/#website\",\"url\":\"https:\\\/\\\/nutrition4ushop.com\\\/\",\"name\":\"Nutrition4u\",\"description\":\"\",\"publisher\":{\"@id\":\"https:\\\/\\\/nutrition4ushop.com\\\/#organization\"},\"potentialAction\":[{\"@type\":\"SearchAction\",\"target\":{\"@type\":\"EntryPoint\",\"urlTemplate\":\"https:\\\/\\\/nutrition4ushop.com\\\/?s={search_term_string}\"},\"query-input\":{\"@type\":\"PropertyValueSpecification\",\"valueRequired\":true,\"valueName\":\"search_term_string\"}}],\"inLanguage\":\"pt-PT\"},{\"@type\":[\"Organization\",\"Place\",\"SportingGoodsStore\"],\"@id\":\"https:\\\/\\\/nutrition4ushop.com\\\/#organization\",\"name\":\"Nutrition4u\",\"alternateName\":\"Nutrition4u\",\"url\":\"https:\\\/\\\/nutrition4ushop.com\\\/\",\"logo\":{\"@id\":\"https:\\\/\\\/nutrition4ushop.com\\\/product\\\/mars-hiprotine-1un\\\/#local-main-organization-logo\"},\"image\":{\"@id\":\"https:\\\/\\\/nutrition4ushop.com\\\/product\\\/mars-hiprotine-1un\\\/#local-main-organization-logo\"},\"sameAs\":[\"https:\\\/\\\/www.facebook.com\\\/p\\\/Nutrition4u-100063511002565\",\"https:\\\/\\\/www.instagram.com\\\/nutrition4u_by_rubengarradas\\\/\"],\"description\":\"Suplementos de qualidade. Suplementos e vitaminas Procell , Marvelous e muito mais. NUTRITION4U suplementos para todo o tipo de pessoas e atletas.\",\"publishingPrinciples\":\"https:\\\/\\\/nutrition4ushop.com\\\/about-us\\\/\",\"ownershipFundingInfo\":\"https:\\\/\\\/nutrition4ushop.com\\\/train-with-ruben-garradas\\\/\",\"actionableFeedbackPolicy\":\"https:\\\/\\\/nutrition4ushop.com\\\/cookies-policy\\\/\",\"ethicsPolicy\":\"https:\\\/\\\/nutrition4ushop.com\\\/terms-and-conditions\\\/\",\"address\":{\"@id\":\"https:\\\/\\\/nutrition4ushop.com\\\/product\\\/mars-hiprotine-1un\\\/#local-main-place-address\"},\"telephone\":[],\"openingHoursSpecification\":[]},{\"@type\":\"PostalAddress\",\"@id\":\"https:\\\/\\\/nutrition4ushop.com\\\/product\\\/mars-hiprotine-1un\\\/#local-main-place-address\",\"streetAddress\":\"R. 1\u00ba de Maio n\u00b035 Loja 221\",\"addressLocality\":\"Amora\",\"postalCode\":\"2845-162\",\"addressRegion\":\"Set\u00fabal\",\"addressCountry\":\"PT\"},{\"@type\":\"ImageObject\",\"inLanguage\":\"pt-PT\",\"@id\":\"https:\\\/\\\/nutrition4ushop.com\\\/product\\\/mars-hiprotine-1un\\\/#local-main-organization-logo\",\"url\":\"https:\\\/\\\/nutrition4ushop.com\\\/wp-content\\\/uploads\\\/2024\\\/02\\\/WhatsApp-Image-2024-02-02-at-5.49.55-PM-1.jpeg\",\"contentUrl\":\"https:\\\/\\\/nutrition4ushop.com\\\/wp-content\\\/uploads\\\/2024\\\/02\\\/WhatsApp-Image-2024-02-02-at-5.49.55-PM-1.jpeg\",\"width\":1416,\"height\":1476,\"caption\":\"Nutrition4u\"}]}<\/script>\n<meta property=\"og:availability\" content=\"instock\" \/>\n<meta property=\"product:availability\" content=\"instock\" \/>\n<meta property=\"product:condition\" content=\"new\" \/>\n<meta name=\"geo.placename\" content=\"Amora\" \/>\n<meta name=\"geo.region\" content=\"Portugal\" \/>\n<!-- \/ Yoast SEO Premium plugin. -->","yoast_head_json":{"title":"Bolacha Mars HiProtine","robots":{"index":"index","follow":"follow","max-snippet":"max-snippet:-1","max-image-preview":"max-image-preview:large","max-video-preview":"max-video-preview:-1"},"canonical":"https:\/\/nutrition4ushop.com\/pt\/produto\/mars-hiprotine-1un\/","og_locale":"pt_PT","og_type":"article","og_title":"Mars HiProtine Cookie","og_description":"MARS HIGH PROTEIN COOKIE CHOCOLATE\/CARAMEL X12 UNICOLORE Mars Protein presents a box of high-protein cookies combining the indulgence of chocolate [&hellip;]","og_url":"https:\/\/nutrition4ushop.com\/pt\/produto\/mars-hiprotine-1un\/","og_site_name":"Nutrition4u","article_publisher":"https:\/\/www.facebook.com\/p\/Nutrition4u-100063511002565","article_modified_time":"2025-07-30T09:26:07+00:00","og_image":[{"width":468,"height":468,"url":"https:\/\/nutrition4ushop.com\/wp-content\/uploads\/2025\/07\/81TDwkpxIL-removebg-preview-e1752585567868.png","type":"image\/png"}],"twitter_card":"summary_large_image","twitter_misc":{"Disponibilidade":"Em stock"},"schema":{"@context":"https:\/\/schema.org","@graph":[{"@type":"WebPage","@id":"https:\/\/nutrition4ushop.com\/product\/mars-hiprotine-1un\/","url":"https:\/\/nutrition4ushop.com\/product\/mars-hiprotine-1un\/","name":"Bolacha Mars HiProtine","isPartOf":{"@id":"https:\/\/nutrition4ushop.com\/#website"},"primaryImageOfPage":{"@id":"https:\/\/nutrition4ushop.com\/product\/mars-hiprotine-1un\/#primaryimage"},"image":{"@id":"https:\/\/nutrition4ushop.com\/product\/mars-hiprotine-1un\/#primaryimage"},"thumbnailUrl":"https:\/\/nutrition4ushop.com\/wp-content\/uploads\/2025\/07\/81TDwkpxIL-removebg-preview-e1752585567868.png","datePublished":"2025-07-14T18:32:52+00:00","dateModified":"2025-07-30T09:26:07+00:00","breadcrumb":{"@id":"https:\/\/nutrition4ushop.com\/product\/mars-hiprotine-1un\/#breadcrumb"},"inLanguage":"pt-PT","potentialAction":[{"@type":"ReadAction","target":["https:\/\/nutrition4ushop.com\/product\/mars-hiprotine-1un\/"]}]},{"@type":"ImageObject","inLanguage":"pt-PT","@id":"https:\/\/nutrition4ushop.com\/product\/mars-hiprotine-1un\/#primaryimage","url":"https:\/\/nutrition4ushop.com\/wp-content\/uploads\/2025\/07\/81TDwkpxIL-removebg-preview-e1752585567868.png","contentUrl":"https:\/\/nutrition4ushop.com\/wp-content\/uploads\/2025\/07\/81TDwkpxIL-removebg-preview-e1752585567868.png","width":468,"height":468},{"@type":"BreadcrumbList","@id":"https:\/\/nutrition4ushop.com\/product\/mars-hiprotine-1un\/#breadcrumb","itemListElement":[{"@type":"ListItem","position":1,"name":"Home","item":"https:\/\/nutrition4ushop.com\/"},{"@type":"ListItem","position":2,"name":"Shop","item":"https:\/\/nutrition4ushop.com\/shop\/"},{"@type":"ListItem","position":3,"name":"Mars HiProtine Cookie"}]},{"@type":"WebSite","@id":"https:\/\/nutrition4ushop.com\/#website","url":"https:\/\/nutrition4ushop.com\/","name":"Nutri\u00e7\u00e3o4u","description":"","publisher":{"@id":"https:\/\/nutrition4ushop.com\/#organization"},"potentialAction":[{"@type":"SearchAction","target":{"@type":"EntryPoint","urlTemplate":"https:\/\/nutrition4ushop.com\/?s={search_term_string}"},"query-input":{"@type":"PropertyValueSpecification","valueRequired":true,"valueName":"search_term_string"}}],"inLanguage":"pt-PT"},{"@type":["Organization","Place","SportingGoodsStore"],"@id":"https:\/\/nutrition4ushop.com\/#organization","name":"Nutri\u00e7\u00e3o4u","alternateName":"Nutrition4u","url":"https:\/\/nutrition4ushop.com\/","logo":{"@id":"https:\/\/nutrition4ushop.com\/product\/mars-hiprotine-1un\/#local-main-organization-logo"},"image":{"@id":"https:\/\/nutrition4ushop.com\/product\/mars-hiprotine-1un\/#local-main-organization-logo"},"sameAs":["https:\/\/www.facebook.com\/p\/Nutrition4u-100063511002565","https:\/\/www.instagram.com\/nutrition4u_by_rubengarradas\/"],"description":"Suplementos de qualidade. Suplementos e vitaminas Procell , Marvelous e muito mais. NUTRITION4U suplementos para todo o tipo de pessoas e atletas.","publishingPrinciples":"https:\/\/nutrition4ushop.com\/about-us\/","ownershipFundingInfo":"https:\/\/nutrition4ushop.com\/train-with-ruben-garradas\/","actionableFeedbackPolicy":"https:\/\/nutrition4ushop.com\/cookies-policy\/","ethicsPolicy":"https:\/\/nutrition4ushop.com\/terms-and-conditions\/","address":{"@id":"https:\/\/nutrition4ushop.com\/product\/mars-hiprotine-1un\/#local-main-place-address"},"telephone":[],"openingHoursSpecification":[]},{"@type":"PostalAddress","@id":"https:\/\/nutrition4ushop.com\/product\/mars-hiprotine-1un\/#local-main-place-address","streetAddress":"R. 1\u00ba de Maio n\u00b035 Loja 221","addressLocality":"Amora","postalCode":"2845-162","addressRegion":"Set\u00fabal","addressCountry":"PT"},{"@type":"ImageObject","inLanguage":"pt-PT","@id":"https:\/\/nutrition4ushop.com\/product\/mars-hiprotine-1un\/#local-main-organization-logo","url":"https:\/\/nutrition4ushop.com\/wp-content\/uploads\/2024\/02\/WhatsApp-Image-2024-02-02-at-5.49.55-PM-1.jpeg","contentUrl":"https:\/\/nutrition4ushop.com\/wp-content\/uploads\/2024\/02\/WhatsApp-Image-2024-02-02-at-5.49.55-PM-1.jpeg","width":1416,"height":1476,"caption":"Nutrition4u"}]},"og_availability":"instock","product_availability":"instock","product_condition":"new","geo.placename":"Amora","geo.region":"Portugal"},"publishpress_future_action":{"enabled":false,"date":"2026-05-20 09:59:03","action":"change-status","newStatus":"draft","terms":[],"taxonomy":"product_brand","extraData":[]},"publishpress_future_workflow_manual_trigger":{"enabledWorkflows":[]},"tiered_pricing_type":"fixed","tiered_pricing_fixed_rules":[],"tiered_pricing_product_settings":{"layout":"default","base_unit_name":{"singular":null,"plural":null},"default_variation":null},"tiered_pricing_minimum_quantity":null,"tiered_pricing_roles_data":[],"tiered_pricing_percentage_rules":[],"tiered_pricing_maximum_quantity":null,"tiered_pricing_quantity_step":null,"_links":{"self":[{"href":"https:\/\/nutrition4ushop.com\/pt\/wp-json\/wp\/v2\/product\/10719","targetHints":{"allow":["GET"]}}],"collection":[{"href":"https:\/\/nutrition4ushop.com\/pt\/wp-json\/wp\/v2\/product"}],"about":[{"href":"https:\/\/nutrition4ushop.com\/pt\/wp-json\/wp\/v2\/types\/product"}],"replies":[{"embeddable":true,"href":"https:\/\/nutrition4ushop.com\/pt\/wp-json\/wp\/v2\/comments?post=10719"}],"version-history":[{"count":5,"href":"https:\/\/nutrition4ushop.com\/pt\/wp-json\/wp\/v2\/product\/10719\/revisions"}],"predecessor-version":[{"id":10786,"href":"https:\/\/nutrition4ushop.com\/pt\/wp-json\/wp\/v2\/product\/10719\/revisions\/10786"}],"wp:featuredmedia":[{"embeddable":true,"href":"https:\/\/nutrition4ushop.com\/pt\/wp-json\/wp\/v2\/media\/10787"}],"wp:attachment":[{"href":"https:\/\/nutrition4ushop.com\/pt\/wp-json\/wp\/v2\/media?parent=10719"}],"wp:term":[{"taxonomy":"product_brand","embeddable":true,"href":"https:\/\/nutrition4ushop.com\/pt\/wp-json\/wp\/v2\/product_brand?post=10719"},{"taxonomy":"product_cat","embeddable":true,"href":"https:\/\/nutrition4ushop.com\/pt\/wp-json\/wp\/v2\/product_cat?post=10719"},{"taxonomy":"product_tag","embeddable":true,"href":"https:\/\/nutrition4ushop.com\/pt\/wp-json\/wp\/v2\/product_tag?post=10719"}],"curies":[{"name":"wp","href":"https:\/\/api.w.org\/{rel}","templated":true}]}}