{"id":10875,"date":"2025-07-17T18:05:13","date_gmt":"2025-07-17T18:05:13","guid":{"rendered":"https:\/\/nutrition4ushop.com\/?post_type=product&#038;p=10875"},"modified":"2025-07-17T18:05:13","modified_gmt":"2025-07-17T18:05:13","slug":"omega-3-cell","status":"publish","type":"product","link":"https:\/\/nutrition4ushop.com\/pt\/product\/omega-3-cell\/","title":{"rendered":"C\u00e9lula \u00d3mega 3"},"content":{"rendered":"<p data-start=\"213\" data-end=\"336\" class=\"translation-block\"><p>Omega-3 \u00e9 um termo geral que inclui v\u00e1rios \u00e1cidos gordos polinsaturados essenciais, dos quais se destacam:<\/p><\/p>\n<ul data-start=\"338\" data-end=\"404\">\n<li data-start=\"338\" data-end=\"371\">\n<p data-start=\"340\" data-end=\"371\"><strong data-start=\"340\" data-end=\"371\"><p><strong>EPA<\/strong> (\u00c1cido Eicosapentaenoico)<\/p><\/strong><\/p>\n<\/li>\n<li data-start=\"372\" data-end=\"404\">\n<p data-start=\"374\" data-end=\"404\"><strong data-start=\"374\" data-end=\"404\"><p><strong>DHA<\/strong> (\u00c1cido Docosahexaenoico)<\/p><\/strong><\/p>\n<\/li>\n<\/ul>\n<p data-start=\"406\" data-end=\"663\" class=\"translation-block\"><p>Estes \u00e1cidos gordos s\u00f3 podem ser obtidos em abund\u00e2ncia a partir de certos vegetais e, sobretudo, <strong>de peixe<\/strong>.<br>A Procell utiliza <strong>\u00f3leo de peixe<\/strong> devido ao seu <strong>conte\u00fado muito superior em EPA e DHA<\/strong> em compara\u00e7\u00e3o com os \u00f3leos de origem vegetal, que s\u00e3o praticamente isentos destes nutrientes essenciais.<\/p><\/p>\n<p data-start=\"665\" data-end=\"688\"><p><strong>Entre os seus principais benef\u00edcios:<\/strong><\/p><\/p>\n<ul data-start=\"690\" data-end=\"966\">\n<li data-start=\"690\" data-end=\"760\">\n<p data-start=\"692\" data-end=\"760\"><strong data-start=\"692\" data-end=\"760\"><p>O DHA contribui para o funcionamento normal do c\u00e9rebro e do cora\u00e7\u00e3o<\/p><\/strong><\/p>\n<\/li>\n<li data-start=\"761\" data-end=\"888\">\n<p data-start=\"763\" data-end=\"888\" class=\"translation-block\"><p>Esta f\u00f3rmula oferece uma das propor\u00e7\u00f5es mais ricas em EPA e DHA dispon\u00edveis: 35% EPA \/ 25% DHA, garantindo uma absor\u00e7\u00e3o ideal.<\/p><\/p>\n<\/li>\n<li data-start=\"889\" data-end=\"966\">\n<p data-start=\"891\" data-end=\"966\" class=\"translation-block\"><p>Enriquecida com vitamina E, que protege as c\u00e9lulas do stress oxidativo.<\/p><\/p>\n<\/li>\n<\/ul>\n<hr data-start=\"968\" data-end=\"971\" \/>\n<h3 data-start=\"973\" data-end=\"991\"><strong data-start=\"977\" data-end=\"989\">Benef\u00edcios:<\/strong><\/h3>\n<p data-start=\"992\" data-end=\"1132\" class=\"translation-block\"><p>\u2714\ufe0f Aumenta os n\u00edveis de energia<br>\u2714\ufe0f Melhora a resist\u00eancia<br>\u2714\ufe0f Atrasa os sinais de fadiga<br>\u2714\ufe0f Combate os danos causados pelos radicais livres<br>\u2714\ufe0f Retarda o processo de envelhecimento<\/p><\/p>\n<hr data-start=\"1134\" data-end=\"1137\" \/>\n<h3 data-start=\"1139\" data-end=\"1160\"><strong data-start=\"1143\" data-end=\"1158\">Como Tomar<\/strong><\/h3>\n<p data-start=\"1161\" data-end=\"1187\">Tomar <strong data-start=\"1166\" data-end=\"1187\">Tome 1 c\u00e1psula diariamente com uma refei\u00e7\u00e3o, ou conforme recomendado pelo seu profissional de sa\u00fade.<\/strong><\/p>\n<hr data-start=\"1189\" data-end=\"1192\" \/>\n<h3 data-start=\"1194\" data-end=\"1256\"><strong data-start=\"1198\" data-end=\"1254\"><h5>Informa\u00e7\u00e3o Nutricional (por dose di\u00e1ria \u2013 1 c\u00e1psula mole)<\/h5><\/strong><\/h3>\n<div class=\"_tableContainer_80l1q_1\">\n<div class=\"_tableWrapper_80l1q_14 group flex w-fit flex-col-reverse\" tabindex=\"-1\">\n<table class=\"w-fit min-w-(--thread-content-width)\" data-start=\"1257\" data-end=\"1421\">\n<thead data-start=\"1257\" data-end=\"1289\">\n<tr data-start=\"1257\" data-end=\"1289\">\n<th data-start=\"1257\" data-end=\"1274\" data-col-size=\"sm\">Nutrientes<\/th>\n<th data-start=\"1274\" data-end=\"1289\" data-col-size=\"sm\">Quantidade<\/th>\n<\/tr>\n<\/thead>\n<tbody data-start=\"1323\" data-end=\"1421\">\n<tr data-start=\"1323\" data-end=\"1355\">\n<td data-start=\"1323\" data-end=\"1340\" data-col-size=\"sm\">EPA<\/td>\n<td data-start=\"1340\" data-end=\"1355\" data-col-size=\"sm\">350 mg<\/td>\n<\/tr>\n<tr data-start=\"1356\" data-end=\"1388\">\n<td data-start=\"1356\" data-end=\"1373\" data-col-size=\"sm\">DHA<\/td>\n<td data-start=\"1373\" data-end=\"1388\" data-col-size=\"sm\">250 mg<\/td>\n<\/tr>\n<tr data-start=\"1389\" data-end=\"1421\">\n<td data-start=\"1389\" data-end=\"1406\" data-col-size=\"sm\">Vitamina E<\/td>\n<td data-start=\"1406\" data-end=\"1421\" data-col-size=\"sm\">5 mg (42%*)<\/td>\n<\/tr>\n<\/tbody>\n<\/table>\n<div class=\"sticky end-(--thread-content-margin) h-0 self-end select-none\">\n<div class=\"absolute end-0 flex items-end\"><\/div>\n<\/div>\n<\/div>\n<\/div>\n<p data-start=\"1423\" data-end=\"1456\">*% NRV - Valor de Refer\u00eancia dos Nutrientes<\/p>\n<hr data-start=\"1458\" data-end=\"1461\" \/>\n<h3 data-start=\"1463\" data-end=\"1484\"><strong data-start=\"1467\" data-end=\"1482\">Ingredientes<\/strong><\/h3>\n<p data-start=\"1485\" data-end=\"1534\"><p>\u00d3leo de peixe, vitamina E natural, gelatina, glicerina.<\/p><\/p>\n<hr data-start=\"1536\" data-end=\"1539\" \/>\n<h3 data-start=\"1541\" data-end=\"1559\"><strong data-start=\"1545\" data-end=\"1557\">Avisos<\/strong><\/h3>\n<p data-start=\"1560\" data-end=\"1821\" class=\"translation-block\"><p>Os suplementos alimentares n\u00e3o devem ser usados como substitutos de uma dieta variada, equilibrada ou de um estilo de vida saud\u00e1vel.<br>N\u00e3o exceder a dose di\u00e1ria recomendada.<br>Manter fora do alcance das crian\u00e7as.<br>Este produto n\u00e3o se destina a diagnosticar, tratar, curar ou prevenir qualquer doen\u00e7a.<\/p><\/p>\n<hr data-start=\"1823\" data-end=\"1826\" \/>\n<h3 data-start=\"1828\" data-end=\"1850\"><strong data-start=\"1832\" data-end=\"1848\">Apresenta\u00e7\u00e3o<\/strong><\/h3>\n<p data-start=\"1851\" data-end=\"1879\" data-is-last-node=\"\" data-is-only-node=\"\" class=\"translation-block\"><p>Frasco com 90 c\u00e1psulas moles.<\/p><\/p>","protected":false},"excerpt":{"rendered":"<p class=\"translation-block\"><p><strong>O que \u00e9 o Omega 3 Cell?<\/strong><br>\nOmega 3 Cell da Procell \u00e9 um suplemento alimentar em c\u00e1psulas softgel, \u00e0 base de \u00f3leo de peixe com uma potente concentra\u00e7\u00e3o de 35% de EPA e 25% de DHA.<\/p><\/p>","protected":false},"featured_media":10877,"comment_status":"open","ping_status":"closed","template":"","meta":{"site-sidebar-layout":"default","site-content-layout":"","ast-site-content-layout":"default","site-content-style":"default","site-sidebar-style":"default","ast-global-header-display":"","ast-banner-title-visibility":"","ast-main-header-display":"","ast-hfb-above-header-display":"","ast-hfb-below-header-display":"","ast-hfb-mobile-header-display":"","site-post-title":"","ast-breadcrumbs-content":"","ast-featured-img":"","footer-sml-layout":"","theme-transparent-header-meta":"default","adv-header-id-meta":"","stick-header-meta":"","header-above-stick-meta":"","header-main-stick-meta":"","header-below-stick-meta":"","astra-migrate-meta-layouts":"set","ast-page-background-enabled":"default","ast-page-background-meta":{"desktop":{"background-color":"var(--ast-global-color-4)","background-image":"","background-repeat":"repeat","background-position":"center center","background-size":"auto","background-attachment":"scroll","background-type":"","background-media":"","overlay-type":"","overlay-color":"","overlay-opacity":"","overlay-gradient":""},"tablet":{"background-color":"","background-image":"","background-repeat":"repeat","background-position":"center center","background-size":"auto","background-attachment":"scroll","background-type":"","background-media":"","overlay-type":"","overlay-color":"","overlay-opacity":"","overlay-gradient":""},"mobile":{"background-color":"","background-image":"","background-repeat":"repeat","background-position":"center center","background-size":"auto","background-attachment":"scroll","background-type":"","background-media":"","overlay-type":"","overlay-color":"","overlay-opacity":"","overlay-gradient":""}},"ast-content-background-meta":{"desktop":{"background-color":"var(--ast-global-color-5)","background-image":"","background-repeat":"repeat","background-position":"center center","background-size":"auto","background-attachment":"scroll","background-type":"","background-media":"","overlay-type":"","overlay-color":"","overlay-opacity":"","overlay-gradient":""},"tablet":{"background-color":"var(--ast-global-color-5)","background-image":"","background-repeat":"repeat","background-position":"center center","background-size":"auto","background-attachment":"scroll","background-type":"","background-media":"","overlay-type":"","overlay-color":"","overlay-opacity":"","overlay-gradient":""},"mobile":{"background-color":"var(--ast-global-color-5)","background-image":"","background-repeat":"repeat","background-position":"center center","background-size":"auto","background-attachment":"scroll","background-type":"","background-media":"","overlay-type":"","overlay-color":"","overlay-opacity":"","overlay-gradient":""}}},"product_brand":[201],"product_cat":[286],"product_tag":[],"class_list":{"0":"post-10875","1":"product","2":"type-product","3":"status-publish","4":"has-post-thumbnail","6":"product_brand-procell","7":"product_cat-organ-support","8":"desktop-align-center","9":"tablet-align-left","10":"mobile-align-left","12":"first","13":"instock","14":"shipping-taxable","15":"purchasable","16":"product-type-simple"},"yoast_head":"<!-- This site is optimized with the Yoast SEO Premium plugin v27.0 (Yoast SEO v27.0) - https:\/\/yoast.com\/product\/yoast-seo-premium-wordpress\/ -->\n<title>Omega 3 Cell<\/title>\n<meta name=\"robots\" content=\"index, follow, max-snippet:-1, max-image-preview:large, max-video-preview:-1\" \/>\n<link rel=\"canonical\" href=\"https:\/\/nutrition4ushop.com\/pt\/produto\/omega-3-cell\/\" \/>\n<meta property=\"og:locale\" content=\"pt_PT\" \/>\n<meta property=\"og:type\" content=\"article\" \/>\n<meta property=\"og:title\" content=\"Omega 3 Cell\" \/>\n<meta property=\"og:description\" content=\"What is Omega 3 Cell?Omega 3 Cell by Procell is a dietary supplement in softgel format, based on fish oil with a potent concentration of 35% EPA and 25% DHA.\" \/>\n<meta property=\"og:url\" content=\"https:\/\/nutrition4ushop.com\/pt\/produto\/omega-3-cell\/\" \/>\n<meta property=\"og:site_name\" content=\"Nutrition4u\" \/>\n<meta property=\"article:publisher\" content=\"https:\/\/www.facebook.com\/p\/Nutrition4u-100063511002565\" \/>\n<meta property=\"og:image\" content=\"https:\/\/nutrition4ushop.com\/wp-content\/uploads\/2025\/07\/omega-3-90-caps-procell-removebg-preview.png\" \/>\n\t<meta property=\"og:image:width\" content=\"500\" \/>\n\t<meta property=\"og:image:height\" content=\"500\" \/>\n\t<meta property=\"og:image:type\" content=\"image\/png\" \/>\n<meta name=\"twitter:card\" content=\"summary_large_image\" \/>\n<meta name=\"twitter:label1\" content=\"pre\u00e7o\" \/>\n\t<meta name=\"twitter:data1\" content=\"18,00&nbsp;&euro;\" \/>\n\t<meta name=\"twitter:label2\" content=\"Disponibilidade\" \/>\n\t<meta name=\"twitter:data2\" content=\"Em stock\" \/>\n<script type=\"application\/ld+json\" class=\"yoast-schema-graph\">{\"@context\":\"https:\/\/schema.org\",\"@graph\":[{\"@type\":\"WebPage\",\"@id\":\"https:\/\/nutrition4ushop.com\/product\/omega-3-cell\/\",\"url\":\"https:\/\/nutrition4ushop.com\/product\/omega-3-cell\/\",\"name\":\"Omega 3 Cell\",\"isPartOf\":{\"@id\":\"https:\/\/nutrition4ushop.com\/#website\"},\"primaryImageOfPage\":{\"@id\":\"https:\/\/nutrition4ushop.com\/product\/omega-3-cell\/#primaryimage\"},\"image\":{\"@id\":\"https:\/\/nutrition4ushop.com\/product\/omega-3-cell\/#primaryimage\"},\"thumbnailUrl\":\"https:\/\/nutrition4ushop.com\/wp-content\/uploads\/2025\/07\/omega-3-90-caps-procell-removebg-preview.png\",\"datePublished\":\"2025-07-17T18:05:13+00:00\",\"breadcrumb\":{\"@id\":\"https:\/\/nutrition4ushop.com\/product\/omega-3-cell\/#breadcrumb\"},\"inLanguage\":\"pt-PT\",\"potentialAction\":[{\"@type\":\"ReadAction\",\"target\":[\"https:\/\/nutrition4ushop.com\/product\/omega-3-cell\/\"]}]},{\"@type\":\"ImageObject\",\"inLanguage\":\"pt-PT\",\"@id\":\"https:\/\/nutrition4ushop.com\/product\/omega-3-cell\/#primaryimage\",\"url\":\"https:\/\/nutrition4ushop.com\/wp-content\/uploads\/2025\/07\/omega-3-90-caps-procell-removebg-preview.png\",\"contentUrl\":\"https:\/\/nutrition4ushop.com\/wp-content\/uploads\/2025\/07\/omega-3-90-caps-procell-removebg-preview.png\",\"width\":500,\"height\":500},{\"@type\":\"BreadcrumbList\",\"@id\":\"https:\/\/nutrition4ushop.com\/product\/omega-3-cell\/#breadcrumb\",\"itemListElement\":[{\"@type\":\"ListItem\",\"position\":1,\"name\":\"Home\",\"item\":\"https:\/\/nutrition4ushop.com\/\"},{\"@type\":\"ListItem\",\"position\":2,\"name\":\"Shop\",\"item\":\"https:\/\/nutrition4ushop.com\/shop\/\"},{\"@type\":\"ListItem\",\"position\":3,\"name\":\"Omega 3 Cell\"}]},{\"@type\":\"WebSite\",\"@id\":\"https:\/\/nutrition4ushop.com\/#website\",\"url\":\"https:\/\/nutrition4ushop.com\/\",\"name\":\"Nutrition4u\",\"description\":\"\",\"publisher\":{\"@id\":\"https:\/\/nutrition4ushop.com\/#organization\"},\"potentialAction\":[{\"@type\":\"SearchAction\",\"target\":{\"@type\":\"EntryPoint\",\"urlTemplate\":\"https:\/\/nutrition4ushop.com\/?s={search_term_string}\"},\"query-input\":{\"@type\":\"PropertyValueSpecification\",\"valueRequired\":true,\"valueName\":\"search_term_string\"}}],\"inLanguage\":\"pt-PT\"},{\"@type\":[\"Organization\",\"Place\",\"SportingGoodsStore\"],\"@id\":\"https:\/\/nutrition4ushop.com\/#organization\",\"name\":\"Nutrition4u\",\"alternateName\":\"Nutrition4u\",\"url\":\"https:\/\/nutrition4ushop.com\/\",\"logo\":{\"@id\":\"https:\/\/nutrition4ushop.com\/product\/omega-3-cell\/#local-main-organization-logo\"},\"image\":{\"@id\":\"https:\/\/nutrition4ushop.com\/product\/omega-3-cell\/#local-main-organization-logo\"},\"sameAs\":[\"https:\/\/www.facebook.com\/p\/Nutrition4u-100063511002565\",\"https:\/\/www.instagram.com\/nutrition4u_by_rubengarradas\/\"],\"description\":\"Suplementos de qualidade. Suplementos e vitaminas Procell , Marvelous e muito mais. NUTRITION4U suplementos para todo o tipo de pessoas e atletas.\",\"publishingPrinciples\":\"https:\/\/nutrition4ushop.com\/about-us\/\",\"ownershipFundingInfo\":\"https:\/\/nutrition4ushop.com\/train-with-ruben-garradas\/\",\"actionableFeedbackPolicy\":\"https:\/\/nutrition4ushop.com\/cookies-policy\/\",\"ethicsPolicy\":\"https:\/\/nutrition4ushop.com\/terms-and-conditions\/\",\"address\":{\"@id\":\"https:\/\/nutrition4ushop.com\/product\/omega-3-cell\/#local-main-place-address\"},\"telephone\":[],\"openingHoursSpecification\":[]},{\"@type\":\"PostalAddress\",\"@id\":\"https:\/\/nutrition4ushop.com\/product\/omega-3-cell\/#local-main-place-address\",\"streetAddress\":\"R. 1\u00ba de Maio n\u00b035 Loja 221\",\"addressLocality\":\"Amora\",\"postalCode\":\"2845-162\",\"addressRegion\":\"Set\u00fabal\",\"addressCountry\":\"PT\"},{\"@type\":\"ImageObject\",\"inLanguage\":\"pt-PT\",\"@id\":\"https:\/\/nutrition4ushop.com\/product\/omega-3-cell\/#local-main-organization-logo\",\"url\":\"https:\/\/nutrition4ushop.com\/wp-content\/uploads\/2024\/02\/WhatsApp-Image-2024-02-02-at-5.49.55-PM-1.jpeg\",\"contentUrl\":\"https:\/\/nutrition4ushop.com\/wp-content\/uploads\/2024\/02\/WhatsApp-Image-2024-02-02-at-5.49.55-PM-1.jpeg\",\"width\":1416,\"height\":1476,\"caption\":\"Nutrition4u\"}]}<\/script>\n<meta property=\"product:price:amount\" content=\"18.00\" \/>\n<meta property=\"product:price:currency\" content=\"EUR\" \/>\n<meta property=\"og:availability\" content=\"instock\" \/>\n<meta property=\"product:availability\" content=\"instock\" \/>\n<meta property=\"product:condition\" content=\"new\" \/>\n<meta name=\"geo.placename\" content=\"Amora\" \/>\n<meta name=\"geo.region\" content=\"Portugal\" \/>\n<!-- \/ Yoast SEO Premium plugin. -->","yoast_head_json":{"title":"C\u00e9lula \u00d3mega 3","robots":{"index":"index","follow":"follow","max-snippet":"max-snippet:-1","max-image-preview":"max-image-preview:large","max-video-preview":"max-video-preview:-1"},"canonical":"https:\/\/nutrition4ushop.com\/pt\/produto\/omega-3-cell\/","og_locale":"pt_PT","og_type":"article","og_title":"Omega 3 Cell","og_description":"What is Omega 3 Cell?Omega 3 Cell by Procell is a dietary supplement in softgel format, based on fish oil with a potent concentration of 35% EPA and 25% DHA.","og_url":"https:\/\/nutrition4ushop.com\/pt\/produto\/omega-3-cell\/","og_site_name":"Nutrition4u","article_publisher":"https:\/\/www.facebook.com\/p\/Nutrition4u-100063511002565","og_image":[{"width":500,"height":500,"url":"https:\/\/nutrition4ushop.com\/wp-content\/uploads\/2025\/07\/omega-3-90-caps-procell-removebg-preview.png","type":"image\/png"}],"twitter_card":"summary_large_image","twitter_misc":{"pre\u00e7o":"18,00&nbsp;&euro;","Disponibilidade":"Em stock"},"schema":{"@context":"https:\/\/schema.org","@graph":[{"@type":"WebPage","@id":"https:\/\/nutrition4ushop.com\/product\/omega-3-cell\/","url":"https:\/\/nutrition4ushop.com\/product\/omega-3-cell\/","name":"C\u00e9lula \u00d3mega 3","isPartOf":{"@id":"https:\/\/nutrition4ushop.com\/#website"},"primaryImageOfPage":{"@id":"https:\/\/nutrition4ushop.com\/product\/omega-3-cell\/#primaryimage"},"image":{"@id":"https:\/\/nutrition4ushop.com\/product\/omega-3-cell\/#primaryimage"},"thumbnailUrl":"https:\/\/nutrition4ushop.com\/wp-content\/uploads\/2025\/07\/omega-3-90-caps-procell-removebg-preview.png","datePublished":"2025-07-17T18:05:13+00:00","breadcrumb":{"@id":"https:\/\/nutrition4ushop.com\/product\/omega-3-cell\/#breadcrumb"},"inLanguage":"pt-PT","potentialAction":[{"@type":"ReadAction","target":["https:\/\/nutrition4ushop.com\/product\/omega-3-cell\/"]}]},{"@type":"ImageObject","inLanguage":"pt-PT","@id":"https:\/\/nutrition4ushop.com\/product\/omega-3-cell\/#primaryimage","url":"https:\/\/nutrition4ushop.com\/wp-content\/uploads\/2025\/07\/omega-3-90-caps-procell-removebg-preview.png","contentUrl":"https:\/\/nutrition4ushop.com\/wp-content\/uploads\/2025\/07\/omega-3-90-caps-procell-removebg-preview.png","width":500,"height":500},{"@type":"BreadcrumbList","@id":"https:\/\/nutrition4ushop.com\/product\/omega-3-cell\/#breadcrumb","itemListElement":[{"@type":"ListItem","position":1,"name":"Home","item":"https:\/\/nutrition4ushop.com\/"},{"@type":"ListItem","position":2,"name":"Shop","item":"https:\/\/nutrition4ushop.com\/shop\/"},{"@type":"ListItem","position":3,"name":"Omega 3 Cell"}]},{"@type":"WebSite","@id":"https:\/\/nutrition4ushop.com\/#website","url":"https:\/\/nutrition4ushop.com\/","name":"Nutri\u00e7\u00e3o4u","description":"","publisher":{"@id":"https:\/\/nutrition4ushop.com\/#organization"},"potentialAction":[{"@type":"SearchAction","target":{"@type":"EntryPoint","urlTemplate":"https:\/\/nutrition4ushop.com\/?s={search_term_string}"},"query-input":{"@type":"PropertyValueSpecification","valueRequired":true,"valueName":"search_term_string"}}],"inLanguage":"pt-PT"},{"@type":["Organization","Place","SportingGoodsStore"],"@id":"https:\/\/nutrition4ushop.com\/#organization","name":"Nutri\u00e7\u00e3o4u","alternateName":"Nutrition4u","url":"https:\/\/nutrition4ushop.com\/","logo":{"@id":"https:\/\/nutrition4ushop.com\/product\/omega-3-cell\/#local-main-organization-logo"},"image":{"@id":"https:\/\/nutrition4ushop.com\/product\/omega-3-cell\/#local-main-organization-logo"},"sameAs":["https:\/\/www.facebook.com\/p\/Nutrition4u-100063511002565","https:\/\/www.instagram.com\/nutrition4u_by_rubengarradas\/"],"description":"Suplementos de qualidade. Suplementos e vitaminas Procell , Marvelous e muito mais. NUTRITION4U suplementos para todo o tipo de pessoas e atletas.","publishingPrinciples":"https:\/\/nutrition4ushop.com\/about-us\/","ownershipFundingInfo":"https:\/\/nutrition4ushop.com\/train-with-ruben-garradas\/","actionableFeedbackPolicy":"https:\/\/nutrition4ushop.com\/cookies-policy\/","ethicsPolicy":"https:\/\/nutrition4ushop.com\/terms-and-conditions\/","address":{"@id":"https:\/\/nutrition4ushop.com\/product\/omega-3-cell\/#local-main-place-address"},"telephone":[],"openingHoursSpecification":[]},{"@type":"PostalAddress","@id":"https:\/\/nutrition4ushop.com\/product\/omega-3-cell\/#local-main-place-address","streetAddress":"R. 1\u00ba de Maio n\u00b035 Loja 221","addressLocality":"Amora","postalCode":"2845-162","addressRegion":"Set\u00fabal","addressCountry":"PT"},{"@type":"ImageObject","inLanguage":"pt-PT","@id":"https:\/\/nutrition4ushop.com\/product\/omega-3-cell\/#local-main-organization-logo","url":"https:\/\/nutrition4ushop.com\/wp-content\/uploads\/2024\/02\/WhatsApp-Image-2024-02-02-at-5.49.55-PM-1.jpeg","contentUrl":"https:\/\/nutrition4ushop.com\/wp-content\/uploads\/2024\/02\/WhatsApp-Image-2024-02-02-at-5.49.55-PM-1.jpeg","width":1416,"height":1476,"caption":"Nutrition4u"}]},"product_price_amount":"18.00","product_price_currency":"EUR","og_availability":"instock","product_availability":"instock","product_condition":"new","geo.placename":"Amora","geo.region":"Portugal"},"publishpress_future_action":{"enabled":false,"date":"2026-04-24 07:34:01","action":"change-status","newStatus":"draft","terms":[],"taxonomy":"product_brand","extraData":[]},"publishpress_future_workflow_manual_trigger":{"enabledWorkflows":[]},"tiered_pricing_type":"fixed","tiered_pricing_fixed_rules":[],"tiered_pricing_product_settings":{"layout":"default","base_unit_name":{"singular":null,"plural":null},"default_variation":null},"tiered_pricing_minimum_quantity":null,"tiered_pricing_roles_data":[],"tiered_pricing_percentage_rules":[],"tiered_pricing_maximum_quantity":null,"tiered_pricing_quantity_step":null,"_links":{"self":[{"href":"https:\/\/nutrition4ushop.com\/pt\/wp-json\/wp\/v2\/product\/10875","targetHints":{"allow":["GET"]}}],"collection":[{"href":"https:\/\/nutrition4ushop.com\/pt\/wp-json\/wp\/v2\/product"}],"about":[{"href":"https:\/\/nutrition4ushop.com\/pt\/wp-json\/wp\/v2\/types\/product"}],"replies":[{"embeddable":true,"href":"https:\/\/nutrition4ushop.com\/pt\/wp-json\/wp\/v2\/comments?post=10875"}],"version-history":[{"count":1,"href":"https:\/\/nutrition4ushop.com\/pt\/wp-json\/wp\/v2\/product\/10875\/revisions"}],"predecessor-version":[{"id":10878,"href":"https:\/\/nutrition4ushop.com\/pt\/wp-json\/wp\/v2\/product\/10875\/revisions\/10878"}],"wp:featuredmedia":[{"embeddable":true,"href":"https:\/\/nutrition4ushop.com\/pt\/wp-json\/wp\/v2\/media\/10877"}],"wp:attachment":[{"href":"https:\/\/nutrition4ushop.com\/pt\/wp-json\/wp\/v2\/media?parent=10875"}],"wp:term":[{"taxonomy":"product_brand","embeddable":true,"href":"https:\/\/nutrition4ushop.com\/pt\/wp-json\/wp\/v2\/product_brand?post=10875"},{"taxonomy":"product_cat","embeddable":true,"href":"https:\/\/nutrition4ushop.com\/pt\/wp-json\/wp\/v2\/product_cat?post=10875"},{"taxonomy":"product_tag","embeddable":true,"href":"https:\/\/nutrition4ushop.com\/pt\/wp-json\/wp\/v2\/product_tag?post=10875"}],"curies":[{"name":"wp","href":"https:\/\/api.w.org\/{rel}","templated":true}]}}