{"id":10883,"date":"2025-07-17T18:36:13","date_gmt":"2025-07-17T18:36:13","guid":{"rendered":"https:\/\/nutrition4ushop.com\/?post_type=product&#038;p=10883"},"modified":"2025-07-17T18:36:14","modified_gmt":"2025-07-17T18:36:14","slug":"superman-shake","status":"publish","type":"product","link":"https:\/\/nutrition4ushop.com\/pt\/product\/superman-shake\/","title":{"rendered":"Superman Shake"},"content":{"rendered":"<p data-start=\"0\" data-end=\"268\"><p>Mostra a tua for\u00e7a com o SmartShake Shaker Lite Superman 800 ml! Inspirado no super-her\u00f3i mais ic\u00f3nico de todos os tempos, este shaker \u00e9 a combina\u00e7\u00e3o perfeita de estilo, praticidade e durabilidade. Projetado para quem acredita que n\u00e3o h\u00e1 limites para o que pode alcan\u00e7ar!<\/p><\/p>\n<p data-start=\"270\" data-end=\"538\"><p>Com uma capacidade de 800 ml, \u00e9 ideal para os teus batidos de prote\u00edna, sumos ou qualquer bebida que alimente a tua energia de super-her\u00f3i. Fabricado com materiais livres de BPA e DEHP, garante seguran\u00e7a e durabilidade, tornando-se o companheiro perfeito para a tua rotina de treino e desafios di\u00e1rios.<\/p><\/p>\n<p data-start=\"540\" data-end=\"580\"><strong data-start=\"540\" data-end=\"580\"><p><strong>Por que escolher o Shaker Lite Superman?<\/strong><\/p><\/strong><\/p>\n<ul data-start=\"582\" data-end=\"665\">\n<li data-start=\"582\" data-end=\"600\">\n<p data-start=\"584\" data-end=\"600\"><p>Design incr\u00edvel<\/p><\/p>\n<\/li>\n<li data-start=\"601\" data-end=\"615\">\n<p data-start=\"603\" data-end=\"615\"><p>\u00c0 prova de fugas<\/p><\/p>\n<\/li>\n<li data-start=\"616\" data-end=\"635\">\n<p data-start=\"618\" data-end=\"635\"><p>Super vers\u00e1til<\/p><\/p>\n<\/li>\n<li data-start=\"636\" data-end=\"665\">\n<p data-start=\"638\" data-end=\"665\"><p>Leve e pr\u00e1tico<\/p><\/p>\n<\/li>\n<\/ul>\n<p data-start=\"667\" data-end=\"825\"><p>Quer estejas no gin\u00e1sio, no trabalho ou em movimento, o Shaker Lite Superman 800 ml \u00e9 a motiva\u00e7\u00e3o extra que precisas para conquistar cada desafio com estilo e confian\u00e7a.<\/p><\/p>\n<p data-start=\"827\" data-end=\"901\" data-is-last-node=\"\" data-is-only-node=\"\"><p>Entra na tua capa, domina os teus treinos e alcan\u00e7a novos patamares. Adquire o teu agora mesmo!<\/p><\/p>","protected":false},"excerpt":{"rendered":"<p>Show your strength with the SmartShake Shaker Lite Superman 800 ml! Inspired by the most iconic superhero of all time, [&hellip;]<\/p>\n","protected":false},"featured_media":10885,"comment_status":"open","ping_status":"closed","template":"","meta":{"site-sidebar-layout":"default","site-content-layout":"","ast-site-content-layout":"default","site-content-style":"default","site-sidebar-style":"default","ast-global-header-display":"","ast-banner-title-visibility":"","ast-main-header-display":"","ast-hfb-above-header-display":"","ast-hfb-below-header-display":"","ast-hfb-mobile-header-display":"","site-post-title":"","ast-breadcrumbs-content":"","ast-featured-img":"","footer-sml-layout":"","theme-transparent-header-meta":"default","adv-header-id-meta":"","stick-header-meta":"","header-above-stick-meta":"","header-main-stick-meta":"","header-below-stick-meta":"","astra-migrate-meta-layouts":"set","ast-page-background-enabled":"default","ast-page-background-meta":{"desktop":{"background-color":"var(--ast-global-color-4)","background-image":"","background-repeat":"repeat","background-position":"center center","background-size":"auto","background-attachment":"scroll","background-type":"","background-media":"","overlay-type":"","overlay-color":"","overlay-opacity":"","overlay-gradient":""},"tablet":{"background-color":"","background-image":"","background-repeat":"repeat","background-position":"center center","background-size":"auto","background-attachment":"scroll","background-type":"","background-media":"","overlay-type":"","overlay-color":"","overlay-opacity":"","overlay-gradient":""},"mobile":{"background-color":"","background-image":"","background-repeat":"repeat","background-position":"center center","background-size":"auto","background-attachment":"scroll","background-type":"","background-media":"","overlay-type":"","overlay-color":"","overlay-opacity":"","overlay-gradient":""}},"ast-content-background-meta":{"desktop":{"background-color":"var(--ast-global-color-5)","background-image":"","background-repeat":"repeat","background-position":"center center","background-size":"auto","background-attachment":"scroll","background-type":"","background-media":"","overlay-type":"","overlay-color":"","overlay-opacity":"","overlay-gradient":""},"tablet":{"background-color":"var(--ast-global-color-5)","background-image":"","background-repeat":"repeat","background-position":"center center","background-size":"auto","background-attachment":"scroll","background-type":"","background-media":"","overlay-type":"","overlay-color":"","overlay-opacity":"","overlay-gradient":""},"mobile":{"background-color":"var(--ast-global-color-5)","background-image":"","background-repeat":"repeat","background-position":"center center","background-size":"auto","background-attachment":"scroll","background-type":"","background-media":"","overlay-type":"","overlay-color":"","overlay-opacity":"","overlay-gradient":""}}},"product_brand":[335],"product_cat":[328],"product_tag":[],"class_list":{"0":"post-10883","1":"product","2":"type-product","3":"status-publish","4":"has-post-thumbnail","6":"product_brand-smartshake","7":"product_cat-acessories-and-gear","8":"desktop-align-center","9":"tablet-align-left","10":"mobile-align-left","12":"first","13":"instock","14":"shipping-taxable","15":"purchasable","16":"product-type-simple"},"yoast_head":"<!-- This site is optimized with the Yoast SEO Premium plugin v27.0 (Yoast SEO v27.0) - https:\/\/yoast.com\/product\/yoast-seo-premium-wordpress\/ -->\n<title>Superman Shake<\/title>\n<meta name=\"robots\" content=\"index, follow, max-snippet:-1, max-image-preview:large, max-video-preview:-1\" \/>\n<link rel=\"canonical\" href=\"https:\/\/nutrition4ushop.com\/pt\/produto\/superman-shake\/\" \/>\n<meta property=\"og:locale\" content=\"pt_PT\" \/>\n<meta property=\"og:type\" content=\"article\" \/>\n<meta property=\"og:title\" content=\"Superman Shake\" \/>\n<meta property=\"og:description\" content=\"Show your strength with the SmartShake Shaker Lite Superman 800 ml! Inspired by the most iconic superhero of all time, [&hellip;]\" \/>\n<meta property=\"og:url\" content=\"https:\/\/nutrition4ushop.com\/pt\/produto\/superman-shake\/\" \/>\n<meta property=\"og:site_name\" content=\"Nutrition4u\" \/>\n<meta property=\"article:publisher\" content=\"https:\/\/www.facebook.com\/p\/Nutrition4u-100063511002565\" \/>\n<meta property=\"article:modified_time\" content=\"2025-07-17T18:36:14+00:00\" \/>\n<meta property=\"og:image\" content=\"https:\/\/nutrition4ushop.com\/wp-content\/uploads\/2025\/07\/13231732971680_s-removebg-preview-e1752777330404.png\" \/>\n\t<meta property=\"og:image:width\" content=\"399\" \/>\n\t<meta property=\"og:image:height\" content=\"399\" \/>\n\t<meta property=\"og:image:type\" content=\"image\/png\" \/>\n<meta name=\"twitter:card\" content=\"summary_large_image\" \/>\n<meta name=\"twitter:label1\" content=\"pre\u00e7o\" \/>\n\t<meta name=\"twitter:data1\" content=\"16,00&nbsp;&euro;\" \/>\n\t<meta name=\"twitter:label2\" content=\"Disponibilidade\" \/>\n\t<meta name=\"twitter:data2\" content=\"Em stock\" \/>\n<script type=\"application\/ld+json\" class=\"yoast-schema-graph\">{\"@context\":\"https:\/\/schema.org\",\"@graph\":[{\"@type\":\"WebPage\",\"@id\":\"https:\/\/nutrition4ushop.com\/product\/superman-shake\/\",\"url\":\"https:\/\/nutrition4ushop.com\/product\/superman-shake\/\",\"name\":\"Superman Shake\",\"isPartOf\":{\"@id\":\"https:\/\/nutrition4ushop.com\/#website\"},\"primaryImageOfPage\":{\"@id\":\"https:\/\/nutrition4ushop.com\/product\/superman-shake\/#primaryimage\"},\"image\":{\"@id\":\"https:\/\/nutrition4ushop.com\/product\/superman-shake\/#primaryimage\"},\"thumbnailUrl\":\"https:\/\/nutrition4ushop.com\/wp-content\/uploads\/2025\/07\/13231732971680_s-removebg-preview-e1752777330404.png\",\"datePublished\":\"2025-07-17T18:36:13+00:00\",\"dateModified\":\"2025-07-17T18:36:14+00:00\",\"breadcrumb\":{\"@id\":\"https:\/\/nutrition4ushop.com\/product\/superman-shake\/#breadcrumb\"},\"inLanguage\":\"pt-PT\",\"potentialAction\":[{\"@type\":\"ReadAction\",\"target\":[\"https:\/\/nutrition4ushop.com\/product\/superman-shake\/\"]}]},{\"@type\":\"ImageObject\",\"inLanguage\":\"pt-PT\",\"@id\":\"https:\/\/nutrition4ushop.com\/product\/superman-shake\/#primaryimage\",\"url\":\"https:\/\/nutrition4ushop.com\/wp-content\/uploads\/2025\/07\/13231732971680_s-removebg-preview-e1752777330404.png\",\"contentUrl\":\"https:\/\/nutrition4ushop.com\/wp-content\/uploads\/2025\/07\/13231732971680_s-removebg-preview-e1752777330404.png\",\"width\":399,\"height\":399},{\"@type\":\"BreadcrumbList\",\"@id\":\"https:\/\/nutrition4ushop.com\/product\/superman-shake\/#breadcrumb\",\"itemListElement\":[{\"@type\":\"ListItem\",\"position\":1,\"name\":\"Home\",\"item\":\"https:\/\/nutrition4ushop.com\/\"},{\"@type\":\"ListItem\",\"position\":2,\"name\":\"Shop\",\"item\":\"https:\/\/nutrition4ushop.com\/shop\/\"},{\"@type\":\"ListItem\",\"position\":3,\"name\":\"Superman Shake\"}]},{\"@type\":\"WebSite\",\"@id\":\"https:\/\/nutrition4ushop.com\/#website\",\"url\":\"https:\/\/nutrition4ushop.com\/\",\"name\":\"Nutrition4u\",\"description\":\"\",\"publisher\":{\"@id\":\"https:\/\/nutrition4ushop.com\/#organization\"},\"potentialAction\":[{\"@type\":\"SearchAction\",\"target\":{\"@type\":\"EntryPoint\",\"urlTemplate\":\"https:\/\/nutrition4ushop.com\/?s={search_term_string}\"},\"query-input\":{\"@type\":\"PropertyValueSpecification\",\"valueRequired\":true,\"valueName\":\"search_term_string\"}}],\"inLanguage\":\"pt-PT\"},{\"@type\":[\"Organization\",\"Place\",\"SportingGoodsStore\"],\"@id\":\"https:\/\/nutrition4ushop.com\/#organization\",\"name\":\"Nutrition4u\",\"alternateName\":\"Nutrition4u\",\"url\":\"https:\/\/nutrition4ushop.com\/\",\"logo\":{\"@id\":\"https:\/\/nutrition4ushop.com\/product\/superman-shake\/#local-main-organization-logo\"},\"image\":{\"@id\":\"https:\/\/nutrition4ushop.com\/product\/superman-shake\/#local-main-organization-logo\"},\"sameAs\":[\"https:\/\/www.facebook.com\/p\/Nutrition4u-100063511002565\",\"https:\/\/www.instagram.com\/nutrition4u_by_rubengarradas\/\"],\"description\":\"Suplementos de qualidade. Suplementos e vitaminas Procell , Marvelous e muito mais. NUTRITION4U suplementos para todo o tipo de pessoas e atletas.\",\"publishingPrinciples\":\"https:\/\/nutrition4ushop.com\/about-us\/\",\"ownershipFundingInfo\":\"https:\/\/nutrition4ushop.com\/train-with-ruben-garradas\/\",\"actionableFeedbackPolicy\":\"https:\/\/nutrition4ushop.com\/cookies-policy\/\",\"ethicsPolicy\":\"https:\/\/nutrition4ushop.com\/terms-and-conditions\/\",\"address\":{\"@id\":\"https:\/\/nutrition4ushop.com\/product\/superman-shake\/#local-main-place-address\"},\"telephone\":[],\"openingHoursSpecification\":[]},{\"@type\":\"PostalAddress\",\"@id\":\"https:\/\/nutrition4ushop.com\/product\/superman-shake\/#local-main-place-address\",\"streetAddress\":\"R. 1\u00ba de Maio n\u00b035 Loja 221\",\"addressLocality\":\"Amora\",\"postalCode\":\"2845-162\",\"addressRegion\":\"Set\u00fabal\",\"addressCountry\":\"PT\"},{\"@type\":\"ImageObject\",\"inLanguage\":\"pt-PT\",\"@id\":\"https:\/\/nutrition4ushop.com\/product\/superman-shake\/#local-main-organization-logo\",\"url\":\"https:\/\/nutrition4ushop.com\/wp-content\/uploads\/2024\/02\/WhatsApp-Image-2024-02-02-at-5.49.55-PM-1.jpeg\",\"contentUrl\":\"https:\/\/nutrition4ushop.com\/wp-content\/uploads\/2024\/02\/WhatsApp-Image-2024-02-02-at-5.49.55-PM-1.jpeg\",\"width\":1416,\"height\":1476,\"caption\":\"Nutrition4u\"}]}<\/script>\n<meta property=\"product:price:amount\" content=\"16.00\" \/>\n<meta property=\"product:price:currency\" content=\"EUR\" \/>\n<meta property=\"og:availability\" content=\"instock\" \/>\n<meta property=\"product:availability\" content=\"instock\" \/>\n<meta property=\"product:condition\" content=\"new\" \/>\n<meta name=\"geo.placename\" content=\"Amora\" \/>\n<meta name=\"geo.region\" content=\"Portugal\" \/>\n<!-- \/ Yoast SEO Premium plugin. -->","yoast_head_json":{"title":"Superman Shake","robots":{"index":"index","follow":"follow","max-snippet":"max-snippet:-1","max-image-preview":"max-image-preview:large","max-video-preview":"max-video-preview:-1"},"canonical":"https:\/\/nutrition4ushop.com\/pt\/produto\/superman-shake\/","og_locale":"pt_PT","og_type":"article","og_title":"Superman Shake","og_description":"Show your strength with the SmartShake Shaker Lite Superman 800 ml! Inspired by the most iconic superhero of all time, [&hellip;]","og_url":"https:\/\/nutrition4ushop.com\/pt\/produto\/superman-shake\/","og_site_name":"Nutrition4u","article_publisher":"https:\/\/www.facebook.com\/p\/Nutrition4u-100063511002565","article_modified_time":"2025-07-17T18:36:14+00:00","og_image":[{"width":399,"height":399,"url":"https:\/\/nutrition4ushop.com\/wp-content\/uploads\/2025\/07\/13231732971680_s-removebg-preview-e1752777330404.png","type":"image\/png"}],"twitter_card":"summary_large_image","twitter_misc":{"pre\u00e7o":"16,00&nbsp;&euro;","Disponibilidade":"Em stock"},"schema":{"@context":"https:\/\/schema.org","@graph":[{"@type":"WebPage","@id":"https:\/\/nutrition4ushop.com\/product\/superman-shake\/","url":"https:\/\/nutrition4ushop.com\/product\/superman-shake\/","name":"Superman Shake","isPartOf":{"@id":"https:\/\/nutrition4ushop.com\/#website"},"primaryImageOfPage":{"@id":"https:\/\/nutrition4ushop.com\/product\/superman-shake\/#primaryimage"},"image":{"@id":"https:\/\/nutrition4ushop.com\/product\/superman-shake\/#primaryimage"},"thumbnailUrl":"https:\/\/nutrition4ushop.com\/wp-content\/uploads\/2025\/07\/13231732971680_s-removebg-preview-e1752777330404.png","datePublished":"2025-07-17T18:36:13+00:00","dateModified":"2025-07-17T18:36:14+00:00","breadcrumb":{"@id":"https:\/\/nutrition4ushop.com\/product\/superman-shake\/#breadcrumb"},"inLanguage":"pt-PT","potentialAction":[{"@type":"ReadAction","target":["https:\/\/nutrition4ushop.com\/product\/superman-shake\/"]}]},{"@type":"ImageObject","inLanguage":"pt-PT","@id":"https:\/\/nutrition4ushop.com\/product\/superman-shake\/#primaryimage","url":"https:\/\/nutrition4ushop.com\/wp-content\/uploads\/2025\/07\/13231732971680_s-removebg-preview-e1752777330404.png","contentUrl":"https:\/\/nutrition4ushop.com\/wp-content\/uploads\/2025\/07\/13231732971680_s-removebg-preview-e1752777330404.png","width":399,"height":399},{"@type":"BreadcrumbList","@id":"https:\/\/nutrition4ushop.com\/product\/superman-shake\/#breadcrumb","itemListElement":[{"@type":"ListItem","position":1,"name":"Home","item":"https:\/\/nutrition4ushop.com\/"},{"@type":"ListItem","position":2,"name":"Shop","item":"https:\/\/nutrition4ushop.com\/shop\/"},{"@type":"ListItem","position":3,"name":"Superman Shake"}]},{"@type":"WebSite","@id":"https:\/\/nutrition4ushop.com\/#website","url":"https:\/\/nutrition4ushop.com\/","name":"Nutri\u00e7\u00e3o4u","description":"","publisher":{"@id":"https:\/\/nutrition4ushop.com\/#organization"},"potentialAction":[{"@type":"SearchAction","target":{"@type":"EntryPoint","urlTemplate":"https:\/\/nutrition4ushop.com\/?s={search_term_string}"},"query-input":{"@type":"PropertyValueSpecification","valueRequired":true,"valueName":"search_term_string"}}],"inLanguage":"pt-PT"},{"@type":["Organization","Place","SportingGoodsStore"],"@id":"https:\/\/nutrition4ushop.com\/#organization","name":"Nutri\u00e7\u00e3o4u","alternateName":"Nutrition4u","url":"https:\/\/nutrition4ushop.com\/","logo":{"@id":"https:\/\/nutrition4ushop.com\/product\/superman-shake\/#local-main-organization-logo"},"image":{"@id":"https:\/\/nutrition4ushop.com\/product\/superman-shake\/#local-main-organization-logo"},"sameAs":["https:\/\/www.facebook.com\/p\/Nutrition4u-100063511002565","https:\/\/www.instagram.com\/nutrition4u_by_rubengarradas\/"],"description":"Suplementos de qualidade. Suplementos e vitaminas Procell , Marvelous e muito mais. NUTRITION4U suplementos para todo o tipo de pessoas e atletas.","publishingPrinciples":"https:\/\/nutrition4ushop.com\/about-us\/","ownershipFundingInfo":"https:\/\/nutrition4ushop.com\/train-with-ruben-garradas\/","actionableFeedbackPolicy":"https:\/\/nutrition4ushop.com\/cookies-policy\/","ethicsPolicy":"https:\/\/nutrition4ushop.com\/terms-and-conditions\/","address":{"@id":"https:\/\/nutrition4ushop.com\/product\/superman-shake\/#local-main-place-address"},"telephone":[],"openingHoursSpecification":[]},{"@type":"PostalAddress","@id":"https:\/\/nutrition4ushop.com\/product\/superman-shake\/#local-main-place-address","streetAddress":"R. 1\u00ba de Maio n\u00b035 Loja 221","addressLocality":"Amora","postalCode":"2845-162","addressRegion":"Set\u00fabal","addressCountry":"PT"},{"@type":"ImageObject","inLanguage":"pt-PT","@id":"https:\/\/nutrition4ushop.com\/product\/superman-shake\/#local-main-organization-logo","url":"https:\/\/nutrition4ushop.com\/wp-content\/uploads\/2024\/02\/WhatsApp-Image-2024-02-02-at-5.49.55-PM-1.jpeg","contentUrl":"https:\/\/nutrition4ushop.com\/wp-content\/uploads\/2024\/02\/WhatsApp-Image-2024-02-02-at-5.49.55-PM-1.jpeg","width":1416,"height":1476,"caption":"Nutrition4u"}]},"product_price_amount":"16.00","product_price_currency":"EUR","og_availability":"instock","product_availability":"instock","product_condition":"new","geo.placename":"Amora","geo.region":"Portugal"},"publishpress_future_action":{"enabled":false,"date":"2026-04-25 10:21:48","action":"change-status","newStatus":"draft","terms":[],"taxonomy":"product_brand","extraData":[]},"publishpress_future_workflow_manual_trigger":{"enabledWorkflows":[]},"tiered_pricing_type":"fixed","tiered_pricing_fixed_rules":[],"tiered_pricing_product_settings":{"layout":"default","base_unit_name":{"singular":null,"plural":null},"default_variation":null},"tiered_pricing_minimum_quantity":null,"tiered_pricing_roles_data":[],"tiered_pricing_percentage_rules":[],"tiered_pricing_maximum_quantity":null,"tiered_pricing_quantity_step":null,"_links":{"self":[{"href":"https:\/\/nutrition4ushop.com\/pt\/wp-json\/wp\/v2\/product\/10883","targetHints":{"allow":["GET"]}}],"collection":[{"href":"https:\/\/nutrition4ushop.com\/pt\/wp-json\/wp\/v2\/product"}],"about":[{"href":"https:\/\/nutrition4ushop.com\/pt\/wp-json\/wp\/v2\/types\/product"}],"replies":[{"embeddable":true,"href":"https:\/\/nutrition4ushop.com\/pt\/wp-json\/wp\/v2\/comments?post=10883"}],"version-history":[{"count":1,"href":"https:\/\/nutrition4ushop.com\/pt\/wp-json\/wp\/v2\/product\/10883\/revisions"}],"predecessor-version":[{"id":10886,"href":"https:\/\/nutrition4ushop.com\/pt\/wp-json\/wp\/v2\/product\/10883\/revisions\/10886"}],"wp:featuredmedia":[{"embeddable":true,"href":"https:\/\/nutrition4ushop.com\/pt\/wp-json\/wp\/v2\/media\/10885"}],"wp:attachment":[{"href":"https:\/\/nutrition4ushop.com\/pt\/wp-json\/wp\/v2\/media?parent=10883"}],"wp:term":[{"taxonomy":"product_brand","embeddable":true,"href":"https:\/\/nutrition4ushop.com\/pt\/wp-json\/wp\/v2\/product_brand?post=10883"},{"taxonomy":"product_cat","embeddable":true,"href":"https:\/\/nutrition4ushop.com\/pt\/wp-json\/wp\/v2\/product_cat?post=10883"},{"taxonomy":"product_tag","embeddable":true,"href":"https:\/\/nutrition4ushop.com\/pt\/wp-json\/wp\/v2\/product_tag?post=10883"}],"curies":[{"name":"wp","href":"https:\/\/api.w.org\/{rel}","templated":true}]}}