{"id":10905,"date":"2025-07-19T15:40:35","date_gmt":"2025-07-19T15:40:35","guid":{"rendered":"https:\/\/nutrition4ushop.com\/?post_type=product&#038;p=10905"},"modified":"2025-07-19T15:40:35","modified_gmt":"2025-07-19T15:40:35","slug":"monohydrate-creacell","status":"publish","type":"product","link":"https:\/\/nutrition4ushop.com\/pt\/product\/monohydrate-creacell\/","title":{"rendered":"Creacell mono-hidratado"},"content":{"rendered":"<p data-start=\"283\" data-end=\"1398\" class=\"translation-block\"><strong>Quais s\u00e3o as caracter\u00edsticas do Creacell ProCell?<\/strong><br>\nA Procell oferece-te a melhor creatina do mercado gra\u00e7as \u00e0 Creapure\u00ae. Esta qualidade patenteada garante que o monohidrato de creatina \u00e9 sintetizado em condi\u00e7\u00f5es \u00f3timas, assegurando a pureza e qualidade do produto. O Creacell n\u00e3o cont\u00e9m aromatizantes nem excipientes, preservando a alta pureza da creatina Procell.<br>\nA creatina tem uma estrutura muito semelhante \u00e0 dos amino\u00e1cidos, uma vez que deriva destes, mas tem uma fun\u00e7\u00e3o completamente diferente \u2014 a produ\u00e7\u00e3o de energia. \u00c9 focada em atividades explosivas e de alta intensidade. Utilizada h\u00e1 mais de 90 anos como suplemento desportivo, a creatina est\u00e1 bem estudada e comprovada por aumentar os n\u00edveis intramusculares de creatina, facilitando a produ\u00e7\u00e3o de energia e aumentando a capacidade de armazenamento para formar ATP.<br>\nAl\u00e9m disso, a suplementa\u00e7\u00e3o com monohidrato de creatina demonstrou ajudar a amortecer as redu\u00e7\u00f5es do pH intracelular causadas pelos subprodutos das rea\u00e7\u00f5es energ\u00e9ticas anaer\u00f3bicas e aer\u00f3bicas. Cada vez mais, a creatina \u00e9 usada por atletas que praticam desportos aer\u00f3bicos como ciclismo, atletismo e nata\u00e7\u00e3o para melhorar a resist\u00eancia e prevenir a fadiga ou tens\u00e3o muscular.<\/p>\n<p data-start=\"1400\" data-end=\"1564\" class=\"translation-block\"><strong>Como usar o Creacell Creapure\u00ae?<\/strong><br>\nA Procell recomenda tomar 5 gramas de creatina uma vez por dia, de prefer\u00eancia antes do treino. \u00c9 melhor misturar com algum tipo de sumo.<\/p>\n<p data-start=\"1566\" data-end=\"1613\"><strong data-start=\"1566\" data-end=\"1611\">Quem pode usar a creatina monohidratada Procell?<\/strong><\/p>\n<ul data-start=\"1614\" data-end=\"1894\">\n<li data-start=\"1614\" data-end=\"1706\">\n<p data-start=\"1616\" data-end=\"1706\">Qualquer pessoa, independentemente do desporto, que pretenda melhorar a resist\u00eancia, for\u00e7a ou recupera\u00e7\u00e3o muscular.<\/p>\n<\/li>\n<li data-start=\"1707\" data-end=\"1762\">\n<p data-start=\"1709\" data-end=\"1762\">Atletas que pretendem aumentar o volume e a massa muscular.<\/p>\n<\/li>\n<li data-start=\"1763\" data-end=\"1894\">\n<p data-start=\"1765\" data-end=\"1894\">Atletas que realizam atividades explosivas, de alta intensidade e curta dura\u00e7\u00e3o, ou aqueles envolvidos em desportos aer\u00f3bicos que exigem resist\u00eancia.<\/p>\n<\/li>\n<\/ul>\n<p data-start=\"1896\" data-end=\"1950\"><strong data-start=\"1896\" data-end=\"1950\"><strong>Nutritional Information Creacell \u2013 300 g \u2013 Procell<\/strong><\/strong><\/p>\n<div class=\"_tableContainer_80l1q_1\">\n<div class=\"_tableWrapper_80l1q_14 group flex w-fit flex-col-reverse\" tabindex=\"-1\">\n<table class=\"w-fit min-w-(--thread-content-width)\" data-start=\"1952\" data-end=\"2095\">\n<thead data-start=\"1952\" data-end=\"1999\">\n<tr data-start=\"1952\" data-end=\"1999\">\n<th data-start=\"1952\" data-end=\"1975\" data-col-size=\"sm\">Tamanho da Dose<\/th>\n<th data-start=\"1975\" data-end=\"1999\" data-col-size=\"sm\">5 gramas<\/th>\n<\/tr>\n<\/thead>\n<tbody data-start=\"2047\" data-end=\"2095\">\n<tr data-start=\"2047\" data-end=\"2095\">\n<td data-start=\"2047\" data-end=\"2072\" data-col-size=\"sm\">Por\u00e7\u00f5es da Dose<\/td>\n<td data-col-size=\"sm\" data-start=\"2072\" data-end=\"2095\">60<\/td>\n<\/tr>\n<\/tbody>\n<\/table>\n<div class=\"sticky end-(--thread-content-margin) h-0 self-end select-none\">\n<div class=\"absolute end-0 flex items-end\"><\/div>\n<\/div>\n<\/div>\n<\/div>\n<div class=\"_tableContainer_80l1q_1\">\n<div class=\"_tableWrapper_80l1q_14 group flex w-fit flex-col-reverse\" tabindex=\"-1\">\n<table class=\"w-fit min-w-(--thread-content-width)\" data-start=\"2097\" data-end=\"2675\">\n<thead data-start=\"2097\" data-end=\"2143\">\n<tr data-start=\"2097\" data-end=\"2143\">\n<th data-start=\"2097\" data-end=\"2119\" data-col-size=\"sm\">Por 10 g<\/th>\n<th data-start=\"2119\" data-end=\"2143\" data-col-size=\"sm\">Por 100 g<\/th>\n<\/tr>\n<\/thead>\n<tbody data-start=\"2191\" data-end=\"2675\">\n<tr data-start=\"2191\" data-end=\"2267\">\n<td data-start=\"2191\" data-end=\"2213\" data-col-size=\"sm\">Energia<\/td>\n<td data-col-size=\"sm\" data-start=\"2213\" data-end=\"2237\">39,99 kcal \/ 84,99 kJ<\/td>\n<\/tr>\n<tr data-start=\"2268\" data-end=\"2335\">\n<td data-start=\"2268\" data-end=\"2290\" data-col-size=\"sm\">Gorduras<\/td>\n<td data-start=\"2290\" data-end=\"2311\" data-col-size=\"sm\">0.0 g<\/td>\n<\/tr>\n<tr data-start=\"2336\" data-end=\"2403\">\n<td data-start=\"2336\" data-end=\"2358\" data-col-size=\"sm\">- Gordura Saturada<\/td>\n<td data-start=\"2358\" data-end=\"2379\" data-col-size=\"sm\">0.0 g<\/td>\n<\/tr>\n<tr data-start=\"2404\" data-end=\"2471\">\n<td data-start=\"2404\" data-end=\"2426\" data-col-size=\"sm\">Hidratos de carbono<\/td>\n<td data-start=\"2426\" data-end=\"2447\" data-col-size=\"sm\">0.0 g<\/td>\n<\/tr>\n<tr data-start=\"2472\" data-end=\"2539\">\n<td data-start=\"2472\" data-end=\"2494\" data-col-size=\"sm\">- A\u00e7\u00facares<\/td>\n<td data-start=\"2494\" data-end=\"2515\" data-col-size=\"sm\">0.0 g<\/td>\n<\/tr>\n<tr data-start=\"2540\" data-end=\"2607\">\n<td data-start=\"2540\" data-end=\"2562\" data-col-size=\"sm\">Prote\u00edna<\/td>\n<td data-start=\"2562\" data-end=\"2583\" data-col-size=\"sm\">9.99 g<\/td>\n<\/tr>\n<tr data-start=\"2608\" data-end=\"2675\">\n<td data-start=\"2608\" data-end=\"2630\" data-col-size=\"sm\">S\u00f3dio<\/td>\n<td data-start=\"2630\" data-end=\"2651\" data-col-size=\"sm\">0 mg<\/td>\n<\/tr>\n<\/tbody>\n<\/table>\n<div class=\"sticky end-(--thread-content-margin) h-0 self-end select-none\">\n<div class=\"absolute end-0 flex items-end\"><\/div>\n<\/div>\n<\/div>\n<\/div>\n<p data-start=\"2677\" data-end=\"2749\" class=\"translation-block\"><strong>Composi\u00e7\u00e3o por por\u00e7\u00e3o (5g):<\/strong><br>Creapure\u00ae Creatina Monohidratada \u2014 5 g<\/p>\n<p data-start=\"2751\" data-end=\"2801\" class=\"translation-block\"><strong>Ingredientes:<\/strong><br>Creapure\u00ae Creatina Monohidratada.<\/p>\n<p data-start=\"2803\" data-end=\"3016\"><strong data-start=\"2803\" data-end=\"2816\">Avisos:<\/strong><br data-start=\"2816\" data-end=\"2819\" \/>N\u00e3o exceda a dose di\u00e1ria recomendada. Os suplementos alimentares n\u00e3o devem ser usados como substitutos de uma dieta equilibrada. Manter fora do alcance de crian\u00e7as pequenas. Conservar bem fechado em local fresco e seco.<\/p>\n<p data-start=\"3018\" data-end=\"3063\" class=\"translation-block\"><strong>Apresenta\u00e7\u00e3o:<\/strong><br>Recipiente com 300 gramas.<\/p>\n<p data-start=\"3065\" data-end=\"3239\" class=\"translation-block\"><strong>Avisos adicionais:<\/strong><br> Os suplementos alimentares n\u00e3o devem ser utilizados como substitutos de uma dieta variada e equilibrada ou de um estilo de vida saud\u00e1vel. Mantenha fora do alcance das crian\u00e7as. N\u00e3o exceda a dose di\u00e1ria expressamente recomendada. Este produto n\u00e3o se destina a diagnosticar, tratar, curar ou prevenir qualquer doen\u00e7a.<\/p>","protected":false},"excerpt":{"rendered":"<p><strong data-start=\"134\" data-end=\"163\">O que \u00e9 Creacell ProCell?<\/strong><br data-start=\"163\" data-end=\"166\" \/>Um suplemento alimentar \u00e0 base de creatina mono-hidratada numa das formas mais puras dispon\u00edveis, Creapure\u00ae 99% pure.<\/p>","protected":false},"featured_media":10907,"comment_status":"open","ping_status":"closed","template":"","meta":{"site-sidebar-layout":"default","site-content-layout":"","ast-site-content-layout":"default","site-content-style":"default","site-sidebar-style":"default","ast-global-header-display":"","ast-banner-title-visibility":"","ast-main-header-display":"","ast-hfb-above-header-display":"","ast-hfb-below-header-display":"","ast-hfb-mobile-header-display":"","site-post-title":"","ast-breadcrumbs-content":"","ast-featured-img":"","footer-sml-layout":"","theme-transparent-header-meta":"default","adv-header-id-meta":"","stick-header-meta":"","header-above-stick-meta":"","header-main-stick-meta":"","header-below-stick-meta":"","astra-migrate-meta-layouts":"set","ast-page-background-enabled":"default","ast-page-background-meta":{"desktop":{"background-color":"var(--ast-global-color-4)","background-image":"","background-repeat":"repeat","background-position":"center center","background-size":"auto","background-attachment":"scroll","background-type":"","background-media":"","overlay-type":"","overlay-color":"","overlay-opacity":"","overlay-gradient":""},"tablet":{"background-color":"","background-image":"","background-repeat":"repeat","background-position":"center center","background-size":"auto","background-attachment":"scroll","background-type":"","background-media":"","overlay-type":"","overlay-color":"","overlay-opacity":"","overlay-gradient":""},"mobile":{"background-color":"","background-image":"","background-repeat":"repeat","background-position":"center center","background-size":"auto","background-attachment":"scroll","background-type":"","background-media":"","overlay-type":"","overlay-color":"","overlay-opacity":"","overlay-gradient":""}},"ast-content-background-meta":{"desktop":{"background-color":"var(--ast-global-color-5)","background-image":"","background-repeat":"repeat","background-position":"center center","background-size":"auto","background-attachment":"scroll","background-type":"","background-media":"","overlay-type":"","overlay-color":"","overlay-opacity":"","overlay-gradient":""},"tablet":{"background-color":"var(--ast-global-color-5)","background-image":"","background-repeat":"repeat","background-position":"center center","background-size":"auto","background-attachment":"scroll","background-type":"","background-media":"","overlay-type":"","overlay-color":"","overlay-opacity":"","overlay-gradient":""},"mobile":{"background-color":"var(--ast-global-color-5)","background-image":"","background-repeat":"repeat","background-position":"center center","background-size":"auto","background-attachment":"scroll","background-type":"","background-media":"","overlay-type":"","overlay-color":"","overlay-opacity":"","overlay-gradient":""}}},"product_brand":[201],"product_cat":[283],"product_tag":[],"class_list":{"0":"post-10905","1":"product","2":"type-product","3":"status-publish","4":"has-post-thumbnail","6":"product_brand-procell","7":"product_cat-creatine","8":"desktop-align-center","9":"tablet-align-left","10":"mobile-align-left","12":"first","13":"instock","14":"shipping-taxable","15":"purchasable","16":"product-type-simple"},"yoast_head":"<!-- This site is optimized with the Yoast SEO Premium plugin v27.0 (Yoast SEO v27.0) - https:\/\/yoast.com\/product\/yoast-seo-premium-wordpress\/ -->\n<title>Monohydrate Creacell<\/title>\n<meta name=\"robots\" content=\"index, follow, max-snippet:-1, max-image-preview:large, max-video-preview:-1\" \/>\n<link rel=\"canonical\" href=\"https:\/\/nutrition4ushop.com\/pt\/produto\/monohydrate-creacell\/\" \/>\n<meta property=\"og:locale\" content=\"pt_PT\" \/>\n<meta property=\"og:type\" content=\"article\" \/>\n<meta property=\"og:title\" content=\"Monohydrate Creacell\" \/>\n<meta property=\"og:description\" content=\"What is Creacell ProCell?A dietary supplement based solely on creatine monohydrate in one of the purest forms available, Creapure\u00ae 99% pure.\" \/>\n<meta property=\"og:url\" content=\"https:\/\/nutrition4ushop.com\/pt\/produto\/monohydrate-creacell\/\" \/>\n<meta property=\"og:site_name\" content=\"Nutrition4u\" \/>\n<meta property=\"article:publisher\" content=\"https:\/\/www.facebook.com\/p\/Nutrition4u-100063511002565\" \/>\n<meta property=\"og:image\" content=\"https:\/\/nutrition4ushop.com\/wp-content\/uploads\/2025\/07\/procell-monohidrato-creatina-creapure-crea-cell-300g-removebg-preview.png\" \/>\n\t<meta property=\"og:image:width\" content=\"500\" \/>\n\t<meta property=\"og:image:height\" content=\"500\" \/>\n\t<meta property=\"og:image:type\" content=\"image\/png\" \/>\n<meta name=\"twitter:card\" content=\"summary_large_image\" \/>\n<meta name=\"twitter:label1\" content=\"pre\u00e7o\" \/>\n\t<meta name=\"twitter:data1\" content=\"30,00&nbsp;&euro;\" \/>\n\t<meta name=\"twitter:label2\" content=\"Disponibilidade\" \/>\n\t<meta name=\"twitter:data2\" content=\"Em stock\" \/>\n<script type=\"application\/ld+json\" class=\"yoast-schema-graph\">{\"@context\":\"https:\/\/schema.org\",\"@graph\":[{\"@type\":\"WebPage\",\"@id\":\"https:\/\/nutrition4ushop.com\/product\/monohydrate-creacell\/\",\"url\":\"https:\/\/nutrition4ushop.com\/product\/monohydrate-creacell\/\",\"name\":\"Monohydrate Creacell\",\"isPartOf\":{\"@id\":\"https:\/\/nutrition4ushop.com\/#website\"},\"primaryImageOfPage\":{\"@id\":\"https:\/\/nutrition4ushop.com\/product\/monohydrate-creacell\/#primaryimage\"},\"image\":{\"@id\":\"https:\/\/nutrition4ushop.com\/product\/monohydrate-creacell\/#primaryimage\"},\"thumbnailUrl\":\"https:\/\/nutrition4ushop.com\/wp-content\/uploads\/2025\/07\/procell-monohidrato-creatina-creapure-crea-cell-300g-removebg-preview.png\",\"datePublished\":\"2025-07-19T15:40:35+00:00\",\"breadcrumb\":{\"@id\":\"https:\/\/nutrition4ushop.com\/product\/monohydrate-creacell\/#breadcrumb\"},\"inLanguage\":\"pt-PT\",\"potentialAction\":[{\"@type\":\"ReadAction\",\"target\":[\"https:\/\/nutrition4ushop.com\/product\/monohydrate-creacell\/\"]}]},{\"@type\":\"ImageObject\",\"inLanguage\":\"pt-PT\",\"@id\":\"https:\/\/nutrition4ushop.com\/product\/monohydrate-creacell\/#primaryimage\",\"url\":\"https:\/\/nutrition4ushop.com\/wp-content\/uploads\/2025\/07\/procell-monohidrato-creatina-creapure-crea-cell-300g-removebg-preview.png\",\"contentUrl\":\"https:\/\/nutrition4ushop.com\/wp-content\/uploads\/2025\/07\/procell-monohidrato-creatina-creapure-crea-cell-300g-removebg-preview.png\",\"width\":500,\"height\":500},{\"@type\":\"BreadcrumbList\",\"@id\":\"https:\/\/nutrition4ushop.com\/product\/monohydrate-creacell\/#breadcrumb\",\"itemListElement\":[{\"@type\":\"ListItem\",\"position\":1,\"name\":\"Home\",\"item\":\"https:\/\/nutrition4ushop.com\/\"},{\"@type\":\"ListItem\",\"position\":2,\"name\":\"Shop\",\"item\":\"https:\/\/nutrition4ushop.com\/shop\/\"},{\"@type\":\"ListItem\",\"position\":3,\"name\":\"Monohydrate Creacell\"}]},{\"@type\":\"WebSite\",\"@id\":\"https:\/\/nutrition4ushop.com\/#website\",\"url\":\"https:\/\/nutrition4ushop.com\/\",\"name\":\"Nutrition4u\",\"description\":\"\",\"publisher\":{\"@id\":\"https:\/\/nutrition4ushop.com\/#organization\"},\"potentialAction\":[{\"@type\":\"SearchAction\",\"target\":{\"@type\":\"EntryPoint\",\"urlTemplate\":\"https:\/\/nutrition4ushop.com\/?s={search_term_string}\"},\"query-input\":{\"@type\":\"PropertyValueSpecification\",\"valueRequired\":true,\"valueName\":\"search_term_string\"}}],\"inLanguage\":\"pt-PT\"},{\"@type\":[\"Organization\",\"Place\",\"SportingGoodsStore\"],\"@id\":\"https:\/\/nutrition4ushop.com\/#organization\",\"name\":\"Nutrition4u\",\"alternateName\":\"Nutrition4u\",\"url\":\"https:\/\/nutrition4ushop.com\/\",\"logo\":{\"@id\":\"https:\/\/nutrition4ushop.com\/product\/monohydrate-creacell\/#local-main-organization-logo\"},\"image\":{\"@id\":\"https:\/\/nutrition4ushop.com\/product\/monohydrate-creacell\/#local-main-organization-logo\"},\"sameAs\":[\"https:\/\/www.facebook.com\/p\/Nutrition4u-100063511002565\",\"https:\/\/www.instagram.com\/nutrition4u_by_rubengarradas\/\"],\"description\":\"Suplementos de qualidade. Suplementos e vitaminas Procell , Marvelous e muito mais. NUTRITION4U suplementos para todo o tipo de pessoas e atletas.\",\"publishingPrinciples\":\"https:\/\/nutrition4ushop.com\/about-us\/\",\"ownershipFundingInfo\":\"https:\/\/nutrition4ushop.com\/train-with-ruben-garradas\/\",\"actionableFeedbackPolicy\":\"https:\/\/nutrition4ushop.com\/cookies-policy\/\",\"ethicsPolicy\":\"https:\/\/nutrition4ushop.com\/terms-and-conditions\/\",\"address\":{\"@id\":\"https:\/\/nutrition4ushop.com\/product\/monohydrate-creacell\/#local-main-place-address\"},\"telephone\":[],\"openingHoursSpecification\":[]},{\"@type\":\"PostalAddress\",\"@id\":\"https:\/\/nutrition4ushop.com\/product\/monohydrate-creacell\/#local-main-place-address\",\"streetAddress\":\"R. 1\u00ba de Maio n\u00b035 Loja 221\",\"addressLocality\":\"Amora\",\"postalCode\":\"2845-162\",\"addressRegion\":\"Set\u00fabal\",\"addressCountry\":\"PT\"},{\"@type\":\"ImageObject\",\"inLanguage\":\"pt-PT\",\"@id\":\"https:\/\/nutrition4ushop.com\/product\/monohydrate-creacell\/#local-main-organization-logo\",\"url\":\"https:\/\/nutrition4ushop.com\/wp-content\/uploads\/2024\/02\/WhatsApp-Image-2024-02-02-at-5.49.55-PM-1.jpeg\",\"contentUrl\":\"https:\/\/nutrition4ushop.com\/wp-content\/uploads\/2024\/02\/WhatsApp-Image-2024-02-02-at-5.49.55-PM-1.jpeg\",\"width\":1416,\"height\":1476,\"caption\":\"Nutrition4u\"}]}<\/script>\n<meta property=\"product:price:amount\" content=\"30.00\" \/>\n<meta property=\"product:price:currency\" content=\"EUR\" \/>\n<meta property=\"og:availability\" content=\"instock\" \/>\n<meta property=\"product:availability\" content=\"instock\" \/>\n<meta property=\"product:condition\" content=\"new\" \/>\n<meta name=\"geo.placename\" content=\"Amora\" \/>\n<meta name=\"geo.region\" content=\"Portugal\" \/>\n<!-- \/ Yoast SEO Premium plugin. -->","yoast_head_json":{"title":"Creacell mono-hidratado","robots":{"index":"index","follow":"follow","max-snippet":"max-snippet:-1","max-image-preview":"max-image-preview:large","max-video-preview":"max-video-preview:-1"},"canonical":"https:\/\/nutrition4ushop.com\/pt\/produto\/monohydrate-creacell\/","og_locale":"pt_PT","og_type":"article","og_title":"Monohydrate Creacell","og_description":"What is Creacell ProCell?A dietary supplement based solely on creatine monohydrate in one of the purest forms available, Creapure\u00ae 99% pure.","og_url":"https:\/\/nutrition4ushop.com\/pt\/produto\/monohydrate-creacell\/","og_site_name":"Nutrition4u","article_publisher":"https:\/\/www.facebook.com\/p\/Nutrition4u-100063511002565","og_image":[{"width":500,"height":500,"url":"https:\/\/nutrition4ushop.com\/wp-content\/uploads\/2025\/07\/procell-monohidrato-creatina-creapure-crea-cell-300g-removebg-preview.png","type":"image\/png"}],"twitter_card":"summary_large_image","twitter_misc":{"pre\u00e7o":"30,00&nbsp;&euro;","Disponibilidade":"Em stock"},"schema":{"@context":"https:\/\/schema.org","@graph":[{"@type":"WebPage","@id":"https:\/\/nutrition4ushop.com\/product\/monohydrate-creacell\/","url":"https:\/\/nutrition4ushop.com\/product\/monohydrate-creacell\/","name":"Creacell mono-hidratado","isPartOf":{"@id":"https:\/\/nutrition4ushop.com\/#website"},"primaryImageOfPage":{"@id":"https:\/\/nutrition4ushop.com\/product\/monohydrate-creacell\/#primaryimage"},"image":{"@id":"https:\/\/nutrition4ushop.com\/product\/monohydrate-creacell\/#primaryimage"},"thumbnailUrl":"https:\/\/nutrition4ushop.com\/wp-content\/uploads\/2025\/07\/procell-monohidrato-creatina-creapure-crea-cell-300g-removebg-preview.png","datePublished":"2025-07-19T15:40:35+00:00","breadcrumb":{"@id":"https:\/\/nutrition4ushop.com\/product\/monohydrate-creacell\/#breadcrumb"},"inLanguage":"pt-PT","potentialAction":[{"@type":"ReadAction","target":["https:\/\/nutrition4ushop.com\/product\/monohydrate-creacell\/"]}]},{"@type":"ImageObject","inLanguage":"pt-PT","@id":"https:\/\/nutrition4ushop.com\/product\/monohydrate-creacell\/#primaryimage","url":"https:\/\/nutrition4ushop.com\/wp-content\/uploads\/2025\/07\/procell-monohidrato-creatina-creapure-crea-cell-300g-removebg-preview.png","contentUrl":"https:\/\/nutrition4ushop.com\/wp-content\/uploads\/2025\/07\/procell-monohidrato-creatina-creapure-crea-cell-300g-removebg-preview.png","width":500,"height":500},{"@type":"BreadcrumbList","@id":"https:\/\/nutrition4ushop.com\/product\/monohydrate-creacell\/#breadcrumb","itemListElement":[{"@type":"ListItem","position":1,"name":"Home","item":"https:\/\/nutrition4ushop.com\/"},{"@type":"ListItem","position":2,"name":"Shop","item":"https:\/\/nutrition4ushop.com\/shop\/"},{"@type":"ListItem","position":3,"name":"Monohydrate Creacell"}]},{"@type":"WebSite","@id":"https:\/\/nutrition4ushop.com\/#website","url":"https:\/\/nutrition4ushop.com\/","name":"Nutri\u00e7\u00e3o4u","description":"","publisher":{"@id":"https:\/\/nutrition4ushop.com\/#organization"},"potentialAction":[{"@type":"SearchAction","target":{"@type":"EntryPoint","urlTemplate":"https:\/\/nutrition4ushop.com\/?s={search_term_string}"},"query-input":{"@type":"PropertyValueSpecification","valueRequired":true,"valueName":"search_term_string"}}],"inLanguage":"pt-PT"},{"@type":["Organization","Place","SportingGoodsStore"],"@id":"https:\/\/nutrition4ushop.com\/#organization","name":"Nutri\u00e7\u00e3o4u","alternateName":"Nutrition4u","url":"https:\/\/nutrition4ushop.com\/","logo":{"@id":"https:\/\/nutrition4ushop.com\/product\/monohydrate-creacell\/#local-main-organization-logo"},"image":{"@id":"https:\/\/nutrition4ushop.com\/product\/monohydrate-creacell\/#local-main-organization-logo"},"sameAs":["https:\/\/www.facebook.com\/p\/Nutrition4u-100063511002565","https:\/\/www.instagram.com\/nutrition4u_by_rubengarradas\/"],"description":"Suplementos de qualidade. Suplementos e vitaminas Procell , Marvelous e muito mais. NUTRITION4U suplementos para todo o tipo de pessoas e atletas.","publishingPrinciples":"https:\/\/nutrition4ushop.com\/about-us\/","ownershipFundingInfo":"https:\/\/nutrition4ushop.com\/train-with-ruben-garradas\/","actionableFeedbackPolicy":"https:\/\/nutrition4ushop.com\/cookies-policy\/","ethicsPolicy":"https:\/\/nutrition4ushop.com\/terms-and-conditions\/","address":{"@id":"https:\/\/nutrition4ushop.com\/product\/monohydrate-creacell\/#local-main-place-address"},"telephone":[],"openingHoursSpecification":[]},{"@type":"PostalAddress","@id":"https:\/\/nutrition4ushop.com\/product\/monohydrate-creacell\/#local-main-place-address","streetAddress":"R. 1\u00ba de Maio n\u00b035 Loja 221","addressLocality":"Amora","postalCode":"2845-162","addressRegion":"Set\u00fabal","addressCountry":"PT"},{"@type":"ImageObject","inLanguage":"pt-PT","@id":"https:\/\/nutrition4ushop.com\/product\/monohydrate-creacell\/#local-main-organization-logo","url":"https:\/\/nutrition4ushop.com\/wp-content\/uploads\/2024\/02\/WhatsApp-Image-2024-02-02-at-5.49.55-PM-1.jpeg","contentUrl":"https:\/\/nutrition4ushop.com\/wp-content\/uploads\/2024\/02\/WhatsApp-Image-2024-02-02-at-5.49.55-PM-1.jpeg","width":1416,"height":1476,"caption":"Nutrition4u"}]},"product_price_amount":"30.00","product_price_currency":"EUR","og_availability":"instock","product_availability":"instock","product_condition":"new","geo.placename":"Amora","geo.region":"Portugal"},"publishpress_future_action":{"enabled":false,"date":"2026-05-08 21:19:19","action":"change-status","newStatus":"draft","terms":[],"taxonomy":"product_brand","extraData":[]},"publishpress_future_workflow_manual_trigger":{"enabledWorkflows":[]},"tiered_pricing_type":"fixed","tiered_pricing_fixed_rules":[],"tiered_pricing_product_settings":{"layout":"default","base_unit_name":{"singular":null,"plural":null},"default_variation":null},"tiered_pricing_minimum_quantity":null,"tiered_pricing_roles_data":[],"tiered_pricing_percentage_rules":[],"tiered_pricing_maximum_quantity":null,"tiered_pricing_quantity_step":null,"_links":{"self":[{"href":"https:\/\/nutrition4ushop.com\/pt\/wp-json\/wp\/v2\/product\/10905","targetHints":{"allow":["GET"]}}],"collection":[{"href":"https:\/\/nutrition4ushop.com\/pt\/wp-json\/wp\/v2\/product"}],"about":[{"href":"https:\/\/nutrition4ushop.com\/pt\/wp-json\/wp\/v2\/types\/product"}],"replies":[{"embeddable":true,"href":"https:\/\/nutrition4ushop.com\/pt\/wp-json\/wp\/v2\/comments?post=10905"}],"version-history":[{"count":1,"href":"https:\/\/nutrition4ushop.com\/pt\/wp-json\/wp\/v2\/product\/10905\/revisions"}],"predecessor-version":[{"id":10908,"href":"https:\/\/nutrition4ushop.com\/pt\/wp-json\/wp\/v2\/product\/10905\/revisions\/10908"}],"wp:featuredmedia":[{"embeddable":true,"href":"https:\/\/nutrition4ushop.com\/pt\/wp-json\/wp\/v2\/media\/10907"}],"wp:attachment":[{"href":"https:\/\/nutrition4ushop.com\/pt\/wp-json\/wp\/v2\/media?parent=10905"}],"wp:term":[{"taxonomy":"product_brand","embeddable":true,"href":"https:\/\/nutrition4ushop.com\/pt\/wp-json\/wp\/v2\/product_brand?post=10905"},{"taxonomy":"product_cat","embeddable":true,"href":"https:\/\/nutrition4ushop.com\/pt\/wp-json\/wp\/v2\/product_cat?post=10905"},{"taxonomy":"product_tag","embeddable":true,"href":"https:\/\/nutrition4ushop.com\/pt\/wp-json\/wp\/v2\/product_tag?post=10905"}],"curies":[{"name":"wp","href":"https:\/\/api.w.org\/{rel}","templated":true}]}}