{"id":10924,"date":"2025-07-19T16:50:44","date_gmt":"2025-07-19T16:50:44","guid":{"rendered":"https:\/\/nutrition4ushop.com\/?post_type=product&#038;p=10924"},"modified":"2025-07-19T16:50:44","modified_gmt":"2025-07-19T16:50:44","slug":"gold-line-gold-glutamine","status":"publish","type":"product","link":"https:\/\/nutrition4ushop.com\/pt\/product\/gold-line-gold-glutamine\/","title":{"rendered":"Glutamina Gold Line Gold"},"content":{"rendered":"<p data-start=\"91\" data-end=\"238\" class=\"translation-block\"><strong>O Gold Glutamine da Kevin Levrone \u00e9 um amino\u00e1cido encontrado nas prote\u00ednas. \u00c9 classificado como um amino\u00e1cido semi-essencial ou condicionalmente essencial.<\/strong><\/p>\n<p data-start=\"240\" data-end=\"431\">A L-Glutamina \u00e9 o amino\u00e1cido mais abundante no corpo, e os n\u00edveis de glutamina plasm\u00e1tica s\u00e3o os mais elevados entre todos os amino\u00e1cidos. A L-Glutamina \u00e9 predominantemente sintetizada e armazenada no m\u00fasculo esquel\u00e9tico.<\/p>\n<p data-start=\"433\" data-end=\"661\">A glutamina \u00e9 um amino\u00e1cido semiessencial que o corpo \u00e9 capaz de produzir em pequenas quantidades; no entanto, a maior parte deve ser obtida atrav\u00e9s da alimenta\u00e7\u00e3o, e \u00e9 aqui que os amino\u00e1cidos L-Glutamina podem ser ben\u00e9ficos no teu regime de suplementa\u00e7\u00e3o.<\/p>\n<p data-start=\"663\" data-end=\"957\">Durante o exerc\u00edcio, o atleta pode perder at\u00e9 50% da glutamina armazenada. Quando esta est\u00e1 em falta, o m\u00fasculo \u00e9 o principal afetado por esta defici\u00eancia, resultando em danos no tecido muscular. Por isso, \u00e9 importante prevenir les\u00f5es musculares e manter um n\u00edvel elevado de L-glutamina durante o treino.<\/p>\n<p data-start=\"959\" data-end=\"1380\">O Gold Glutamine pode prevenir eficazmente a degrada\u00e7\u00e3o muscular e repor os n\u00edveis de L-glutamina durante a pr\u00e1tica desportiva. Basta misturar uma dose com a tua bebida intra-treino. N\u00e3o te esque\u00e7as que o p\u00f3s-treino tamb\u00e9m \u00e9 um momento importante, pelo que \u00e9 necess\u00e1rio o seu consumo ap\u00f3s o treino para proporcionar uma recupera\u00e7\u00e3o extra ao teu corpo. O sabor neutro facilita a sua adi\u00e7\u00e3o a outros suplementos nutricionais ou at\u00e9 a mistura com as refei\u00e7\u00f5es.<\/p>\n<p data-start=\"1382\" data-end=\"1466\">Levro GOLD Glutamine \u00e9 essencial se queres ganhar m\u00fasculo sem uma pitada de gordura!<\/p>\n<p data-start=\"1468\" data-end=\"1521\"><strong data-start=\"1468\" data-end=\"1521\">Principais benef\u00edcios do GOLD Glutamine da Kevin Levrone<\/strong><\/p>\n<ul data-start=\"1523\" data-end=\"1898\">\n<li data-start=\"1523\" data-end=\"1543\">\n<p data-start=\"1525\" data-end=\"1543\">Recupera\u00e7\u00e3o acelerada;<\/p>\n<\/li>\n<li data-start=\"1544\" data-end=\"1568\">\n<p data-start=\"1546\" data-end=\"1568\">Aumento de resist\u00eancia;<\/p>\n<\/li>\n<li data-start=\"1569\" data-end=\"1593\">\n<p data-start=\"1571\" data-end=\"1593\">Testado para atletas;<\/p>\n<\/li>\n<li data-start=\"1594\" data-end=\"1614\">\n<p data-start=\"1596\" data-end=\"1614\">Adequado para vegetarianos;<\/p>\n<\/li>\n<li data-start=\"1615\" data-end=\"1653\">\n<p data-start=\"1617\" data-end=\"1653\">L-Glutamina micronizada ultra-pura;<\/p>\n<\/li>\n<li data-start=\"1654\" data-end=\"1699\">\n<p data-start=\"1656\" data-end=\"1699\">O amino\u00e1cido mais abundante no corpo;<\/p>\n<\/li>\n<li data-start=\"1700\" data-end=\"1715\">\n<p data-start=\"1702\" data-end=\"1715\">Sem sabor;<\/p>\n<\/li>\n<li data-start=\"1716\" data-end=\"1760\">\n<p data-start=\"1718\" data-end=\"1760\">Suporta a repara\u00e7\u00e3o muscular e reduz a dor;<\/p>\n<\/li>\n<li data-start=\"1761\" data-end=\"1798\">\n<p data-start=\"1763\" data-end=\"1798\">Aumenta a fun\u00e7\u00e3o do sistema imunit\u00e1rio;<\/p>\n<\/li>\n<li data-start=\"1799\" data-end=\"1818\">\n<p data-start=\"1801\" data-end=\"1818\">F\u00e1cil digest\u00e3o;<\/p>\n<\/li>\n<li data-start=\"1819\" data-end=\"1847\">\n<p data-start=\"1821\" data-end=\"1847\">Poderoso anti-catab\u00f3lico;<\/p>\n<\/li>\n<li data-start=\"1848\" data-end=\"1877\">\n<p data-start=\"1850\" data-end=\"1877\">Reduz a degrada\u00e7\u00e3o muscular;<\/p>\n<\/li>\n<li data-start=\"1878\" data-end=\"1898\">\n<p data-start=\"1880\" data-end=\"1898\">Zero gordura ou a\u00e7\u00facar.<\/p>\n<\/li>\n<\/ul>","protected":false},"excerpt":{"rendered":"<p>GOLD Glutamine by Kevin Levrone is an amino acid found in proteins. It is classified as a semi-essential or conditionally [&hellip;]<\/p>\n","protected":false},"featured_media":10926,"comment_status":"open","ping_status":"closed","template":"","meta":{"site-sidebar-layout":"default","site-content-layout":"","ast-site-content-layout":"default","site-content-style":"default","site-sidebar-style":"default","ast-global-header-display":"","ast-banner-title-visibility":"","ast-main-header-display":"","ast-hfb-above-header-display":"","ast-hfb-below-header-display":"","ast-hfb-mobile-header-display":"","site-post-title":"","ast-breadcrumbs-content":"","ast-featured-img":"","footer-sml-layout":"","theme-transparent-header-meta":"default","adv-header-id-meta":"","stick-header-meta":"","header-above-stick-meta":"","header-main-stick-meta":"","header-below-stick-meta":"","astra-migrate-meta-layouts":"set","ast-page-background-enabled":"default","ast-page-background-meta":{"desktop":{"background-color":"var(--ast-global-color-4)","background-image":"","background-repeat":"repeat","background-position":"center center","background-size":"auto","background-attachment":"scroll","background-type":"","background-media":"","overlay-type":"","overlay-color":"","overlay-opacity":"","overlay-gradient":""},"tablet":{"background-color":"","background-image":"","background-repeat":"repeat","background-position":"center center","background-size":"auto","background-attachment":"scroll","background-type":"","background-media":"","overlay-type":"","overlay-color":"","overlay-opacity":"","overlay-gradient":""},"mobile":{"background-color":"","background-image":"","background-repeat":"repeat","background-position":"center center","background-size":"auto","background-attachment":"scroll","background-type":"","background-media":"","overlay-type":"","overlay-color":"","overlay-opacity":"","overlay-gradient":""}},"ast-content-background-meta":{"desktop":{"background-color":"var(--ast-global-color-5)","background-image":"","background-repeat":"repeat","background-position":"center center","background-size":"auto","background-attachment":"scroll","background-type":"","background-media":"","overlay-type":"","overlay-color":"","overlay-opacity":"","overlay-gradient":""},"tablet":{"background-color":"var(--ast-global-color-5)","background-image":"","background-repeat":"repeat","background-position":"center center","background-size":"auto","background-attachment":"scroll","background-type":"","background-media":"","overlay-type":"","overlay-color":"","overlay-opacity":"","overlay-gradient":""},"mobile":{"background-color":"var(--ast-global-color-5)","background-image":"","background-repeat":"repeat","background-position":"center center","background-size":"auto","background-attachment":"scroll","background-type":"","background-media":"","overlay-type":"","overlay-color":"","overlay-opacity":"","overlay-gradient":""}}},"product_brand":[194],"product_cat":[282],"product_tag":[],"class_list":{"0":"post-10924","1":"product","2":"type-product","3":"status-publish","4":"has-post-thumbnail","6":"product_brand-kevin-levrone","7":"product_cat-amino-acids","8":"desktop-align-center","9":"tablet-align-left","10":"mobile-align-left","12":"first","13":"instock","14":"shipping-taxable","15":"purchasable","16":"product-type-simple"},"yoast_head":"<!-- This site is optimized with the Yoast SEO Premium plugin v27.0 (Yoast SEO v27.0) - https:\/\/yoast.com\/product\/yoast-seo-premium-wordpress\/ -->\n<title>Gold Line Gold Glutamine<\/title>\n<meta name=\"robots\" content=\"index, follow, max-snippet:-1, max-image-preview:large, max-video-preview:-1\" \/>\n<link rel=\"canonical\" href=\"https:\/\/nutrition4ushop.com\/pt\/produto\/gold-line-gold-glutamine\/\" \/>\n<meta property=\"og:locale\" content=\"pt_PT\" \/>\n<meta property=\"og:type\" content=\"article\" \/>\n<meta property=\"og:title\" content=\"Gold Line Gold Glutamine\" \/>\n<meta property=\"og:description\" content=\"GOLD Glutamine by Kevin Levrone is an amino acid found in proteins. It is classified as a semi-essential or conditionally [&hellip;]\" \/>\n<meta property=\"og:url\" content=\"https:\/\/nutrition4ushop.com\/pt\/produto\/gold-line-gold-glutamine\/\" \/>\n<meta property=\"og:site_name\" content=\"Nutrition4u\" \/>\n<meta property=\"article:publisher\" content=\"https:\/\/www.facebook.com\/p\/Nutrition4u-100063511002565\" \/>\n<meta property=\"og:image\" content=\"https:\/\/nutrition4ushop.com\/wp-content\/uploads\/2025\/07\/3731708741078_s-removebg-preview-1.png\" \/>\n\t<meta property=\"og:image:width\" content=\"500\" \/>\n\t<meta property=\"og:image:height\" content=\"500\" \/>\n\t<meta property=\"og:image:type\" content=\"image\/png\" \/>\n<meta name=\"twitter:card\" content=\"summary_large_image\" \/>\n<meta name=\"twitter:label1\" content=\"pre\u00e7o\" \/>\n\t<meta name=\"twitter:data1\" content=\"25,00&nbsp;&euro;\" \/>\n\t<meta name=\"twitter:label2\" content=\"Disponibilidade\" \/>\n\t<meta name=\"twitter:data2\" content=\"Em stock\" \/>\n<script type=\"application\/ld+json\" class=\"yoast-schema-graph\">{\"@context\":\"https:\/\/schema.org\",\"@graph\":[{\"@type\":\"WebPage\",\"@id\":\"https:\/\/nutrition4ushop.com\/product\/gold-line-gold-glutamine\/\",\"url\":\"https:\/\/nutrition4ushop.com\/product\/gold-line-gold-glutamine\/\",\"name\":\"Gold Line Gold Glutamine\",\"isPartOf\":{\"@id\":\"https:\/\/nutrition4ushop.com\/#website\"},\"primaryImageOfPage\":{\"@id\":\"https:\/\/nutrition4ushop.com\/product\/gold-line-gold-glutamine\/#primaryimage\"},\"image\":{\"@id\":\"https:\/\/nutrition4ushop.com\/product\/gold-line-gold-glutamine\/#primaryimage\"},\"thumbnailUrl\":\"https:\/\/nutrition4ushop.com\/wp-content\/uploads\/2025\/07\/3731708741078_s-removebg-preview-1.png\",\"datePublished\":\"2025-07-19T16:50:44+00:00\",\"breadcrumb\":{\"@id\":\"https:\/\/nutrition4ushop.com\/product\/gold-line-gold-glutamine\/#breadcrumb\"},\"inLanguage\":\"pt-PT\",\"potentialAction\":[{\"@type\":\"ReadAction\",\"target\":[\"https:\/\/nutrition4ushop.com\/product\/gold-line-gold-glutamine\/\"]}]},{\"@type\":\"ImageObject\",\"inLanguage\":\"pt-PT\",\"@id\":\"https:\/\/nutrition4ushop.com\/product\/gold-line-gold-glutamine\/#primaryimage\",\"url\":\"https:\/\/nutrition4ushop.com\/wp-content\/uploads\/2025\/07\/3731708741078_s-removebg-preview-1.png\",\"contentUrl\":\"https:\/\/nutrition4ushop.com\/wp-content\/uploads\/2025\/07\/3731708741078_s-removebg-preview-1.png\",\"width\":500,\"height\":500},{\"@type\":\"BreadcrumbList\",\"@id\":\"https:\/\/nutrition4ushop.com\/product\/gold-line-gold-glutamine\/#breadcrumb\",\"itemListElement\":[{\"@type\":\"ListItem\",\"position\":1,\"name\":\"Home\",\"item\":\"https:\/\/nutrition4ushop.com\/\"},{\"@type\":\"ListItem\",\"position\":2,\"name\":\"Shop\",\"item\":\"https:\/\/nutrition4ushop.com\/shop\/\"},{\"@type\":\"ListItem\",\"position\":3,\"name\":\"Gold Line Gold Glutamine\"}]},{\"@type\":\"WebSite\",\"@id\":\"https:\/\/nutrition4ushop.com\/#website\",\"url\":\"https:\/\/nutrition4ushop.com\/\",\"name\":\"Nutrition4u\",\"description\":\"\",\"publisher\":{\"@id\":\"https:\/\/nutrition4ushop.com\/#organization\"},\"potentialAction\":[{\"@type\":\"SearchAction\",\"target\":{\"@type\":\"EntryPoint\",\"urlTemplate\":\"https:\/\/nutrition4ushop.com\/?s={search_term_string}\"},\"query-input\":{\"@type\":\"PropertyValueSpecification\",\"valueRequired\":true,\"valueName\":\"search_term_string\"}}],\"inLanguage\":\"pt-PT\"},{\"@type\":[\"Organization\",\"Place\",\"SportingGoodsStore\"],\"@id\":\"https:\/\/nutrition4ushop.com\/#organization\",\"name\":\"Nutrition4u\",\"alternateName\":\"Nutrition4u\",\"url\":\"https:\/\/nutrition4ushop.com\/\",\"logo\":{\"@id\":\"https:\/\/nutrition4ushop.com\/product\/gold-line-gold-glutamine\/#local-main-organization-logo\"},\"image\":{\"@id\":\"https:\/\/nutrition4ushop.com\/product\/gold-line-gold-glutamine\/#local-main-organization-logo\"},\"sameAs\":[\"https:\/\/www.facebook.com\/p\/Nutrition4u-100063511002565\",\"https:\/\/www.instagram.com\/nutrition4u_by_rubengarradas\/\"],\"description\":\"Suplementos de qualidade. Suplementos e vitaminas Procell , Marvelous e muito mais. NUTRITION4U suplementos para todo o tipo de pessoas e atletas.\",\"publishingPrinciples\":\"https:\/\/nutrition4ushop.com\/about-us\/\",\"ownershipFundingInfo\":\"https:\/\/nutrition4ushop.com\/train-with-ruben-garradas\/\",\"actionableFeedbackPolicy\":\"https:\/\/nutrition4ushop.com\/cookies-policy\/\",\"ethicsPolicy\":\"https:\/\/nutrition4ushop.com\/terms-and-conditions\/\",\"address\":{\"@id\":\"https:\/\/nutrition4ushop.com\/product\/gold-line-gold-glutamine\/#local-main-place-address\"},\"telephone\":[],\"openingHoursSpecification\":[]},{\"@type\":\"PostalAddress\",\"@id\":\"https:\/\/nutrition4ushop.com\/product\/gold-line-gold-glutamine\/#local-main-place-address\",\"streetAddress\":\"R. 1\u00ba de Maio n\u00b035 Loja 221\",\"addressLocality\":\"Amora\",\"postalCode\":\"2845-162\",\"addressRegion\":\"Set\u00fabal\",\"addressCountry\":\"PT\"},{\"@type\":\"ImageObject\",\"inLanguage\":\"pt-PT\",\"@id\":\"https:\/\/nutrition4ushop.com\/product\/gold-line-gold-glutamine\/#local-main-organization-logo\",\"url\":\"https:\/\/nutrition4ushop.com\/wp-content\/uploads\/2024\/02\/WhatsApp-Image-2024-02-02-at-5.49.55-PM-1.jpeg\",\"contentUrl\":\"https:\/\/nutrition4ushop.com\/wp-content\/uploads\/2024\/02\/WhatsApp-Image-2024-02-02-at-5.49.55-PM-1.jpeg\",\"width\":1416,\"height\":1476,\"caption\":\"Nutrition4u\"}]}<\/script>\n<meta property=\"product:price:amount\" content=\"25.00\" \/>\n<meta property=\"product:price:currency\" content=\"EUR\" \/>\n<meta property=\"og:availability\" content=\"instock\" \/>\n<meta property=\"product:availability\" content=\"instock\" \/>\n<meta property=\"product:condition\" content=\"new\" \/>\n<meta name=\"geo.placename\" content=\"Amora\" \/>\n<meta name=\"geo.region\" content=\"Portugal\" \/>\n<!-- \/ Yoast SEO Premium plugin. -->","yoast_head_json":{"title":"Glutamina Gold Line Gold","robots":{"index":"index","follow":"follow","max-snippet":"max-snippet:-1","max-image-preview":"max-image-preview:large","max-video-preview":"max-video-preview:-1"},"canonical":"https:\/\/nutrition4ushop.com\/pt\/produto\/gold-line-gold-glutamine\/","og_locale":"pt_PT","og_type":"article","og_title":"Gold Line Gold Glutamine","og_description":"GOLD Glutamine by Kevin Levrone is an amino acid found in proteins. It is classified as a semi-essential or conditionally [&hellip;]","og_url":"https:\/\/nutrition4ushop.com\/pt\/produto\/gold-line-gold-glutamine\/","og_site_name":"Nutrition4u","article_publisher":"https:\/\/www.facebook.com\/p\/Nutrition4u-100063511002565","og_image":[{"width":500,"height":500,"url":"https:\/\/nutrition4ushop.com\/wp-content\/uploads\/2025\/07\/3731708741078_s-removebg-preview-1.png","type":"image\/png"}],"twitter_card":"summary_large_image","twitter_misc":{"pre\u00e7o":"25,00&nbsp;&euro;","Disponibilidade":"Em stock"},"schema":{"@context":"https:\/\/schema.org","@graph":[{"@type":"WebPage","@id":"https:\/\/nutrition4ushop.com\/product\/gold-line-gold-glutamine\/","url":"https:\/\/nutrition4ushop.com\/product\/gold-line-gold-glutamine\/","name":"Glutamina Gold Line Gold","isPartOf":{"@id":"https:\/\/nutrition4ushop.com\/#website"},"primaryImageOfPage":{"@id":"https:\/\/nutrition4ushop.com\/product\/gold-line-gold-glutamine\/#primaryimage"},"image":{"@id":"https:\/\/nutrition4ushop.com\/product\/gold-line-gold-glutamine\/#primaryimage"},"thumbnailUrl":"https:\/\/nutrition4ushop.com\/wp-content\/uploads\/2025\/07\/3731708741078_s-removebg-preview-1.png","datePublished":"2025-07-19T16:50:44+00:00","breadcrumb":{"@id":"https:\/\/nutrition4ushop.com\/product\/gold-line-gold-glutamine\/#breadcrumb"},"inLanguage":"pt-PT","potentialAction":[{"@type":"ReadAction","target":["https:\/\/nutrition4ushop.com\/product\/gold-line-gold-glutamine\/"]}]},{"@type":"ImageObject","inLanguage":"pt-PT","@id":"https:\/\/nutrition4ushop.com\/product\/gold-line-gold-glutamine\/#primaryimage","url":"https:\/\/nutrition4ushop.com\/wp-content\/uploads\/2025\/07\/3731708741078_s-removebg-preview-1.png","contentUrl":"https:\/\/nutrition4ushop.com\/wp-content\/uploads\/2025\/07\/3731708741078_s-removebg-preview-1.png","width":500,"height":500},{"@type":"BreadcrumbList","@id":"https:\/\/nutrition4ushop.com\/product\/gold-line-gold-glutamine\/#breadcrumb","itemListElement":[{"@type":"ListItem","position":1,"name":"Home","item":"https:\/\/nutrition4ushop.com\/"},{"@type":"ListItem","position":2,"name":"Shop","item":"https:\/\/nutrition4ushop.com\/shop\/"},{"@type":"ListItem","position":3,"name":"Gold Line Gold Glutamine"}]},{"@type":"WebSite","@id":"https:\/\/nutrition4ushop.com\/#website","url":"https:\/\/nutrition4ushop.com\/","name":"Nutri\u00e7\u00e3o4u","description":"","publisher":{"@id":"https:\/\/nutrition4ushop.com\/#organization"},"potentialAction":[{"@type":"SearchAction","target":{"@type":"EntryPoint","urlTemplate":"https:\/\/nutrition4ushop.com\/?s={search_term_string}"},"query-input":{"@type":"PropertyValueSpecification","valueRequired":true,"valueName":"search_term_string"}}],"inLanguage":"pt-PT"},{"@type":["Organization","Place","SportingGoodsStore"],"@id":"https:\/\/nutrition4ushop.com\/#organization","name":"Nutri\u00e7\u00e3o4u","alternateName":"Nutrition4u","url":"https:\/\/nutrition4ushop.com\/","logo":{"@id":"https:\/\/nutrition4ushop.com\/product\/gold-line-gold-glutamine\/#local-main-organization-logo"},"image":{"@id":"https:\/\/nutrition4ushop.com\/product\/gold-line-gold-glutamine\/#local-main-organization-logo"},"sameAs":["https:\/\/www.facebook.com\/p\/Nutrition4u-100063511002565","https:\/\/www.instagram.com\/nutrition4u_by_rubengarradas\/"],"description":"Suplementos de qualidade. Suplementos e vitaminas Procell , Marvelous e muito mais. NUTRITION4U suplementos para todo o tipo de pessoas e atletas.","publishingPrinciples":"https:\/\/nutrition4ushop.com\/about-us\/","ownershipFundingInfo":"https:\/\/nutrition4ushop.com\/train-with-ruben-garradas\/","actionableFeedbackPolicy":"https:\/\/nutrition4ushop.com\/cookies-policy\/","ethicsPolicy":"https:\/\/nutrition4ushop.com\/terms-and-conditions\/","address":{"@id":"https:\/\/nutrition4ushop.com\/product\/gold-line-gold-glutamine\/#local-main-place-address"},"telephone":[],"openingHoursSpecification":[]},{"@type":"PostalAddress","@id":"https:\/\/nutrition4ushop.com\/product\/gold-line-gold-glutamine\/#local-main-place-address","streetAddress":"R. 1\u00ba de Maio n\u00b035 Loja 221","addressLocality":"Amora","postalCode":"2845-162","addressRegion":"Set\u00fabal","addressCountry":"PT"},{"@type":"ImageObject","inLanguage":"pt-PT","@id":"https:\/\/nutrition4ushop.com\/product\/gold-line-gold-glutamine\/#local-main-organization-logo","url":"https:\/\/nutrition4ushop.com\/wp-content\/uploads\/2024\/02\/WhatsApp-Image-2024-02-02-at-5.49.55-PM-1.jpeg","contentUrl":"https:\/\/nutrition4ushop.com\/wp-content\/uploads\/2024\/02\/WhatsApp-Image-2024-02-02-at-5.49.55-PM-1.jpeg","width":1416,"height":1476,"caption":"Nutrition4u"}]},"product_price_amount":"25.00","product_price_currency":"EUR","og_availability":"instock","product_availability":"instock","product_condition":"new","geo.placename":"Amora","geo.region":"Portugal"},"publishpress_future_action":{"enabled":false,"date":"2026-04-25 10:43:26","action":"change-status","newStatus":"draft","terms":[],"taxonomy":"product_brand","extraData":[]},"publishpress_future_workflow_manual_trigger":{"enabledWorkflows":[]},"tiered_pricing_type":"fixed","tiered_pricing_fixed_rules":[],"tiered_pricing_product_settings":{"layout":"default","base_unit_name":{"singular":null,"plural":null},"default_variation":null},"tiered_pricing_minimum_quantity":null,"tiered_pricing_roles_data":[],"tiered_pricing_percentage_rules":[],"tiered_pricing_maximum_quantity":null,"tiered_pricing_quantity_step":null,"_links":{"self":[{"href":"https:\/\/nutrition4ushop.com\/pt\/wp-json\/wp\/v2\/product\/10924","targetHints":{"allow":["GET"]}}],"collection":[{"href":"https:\/\/nutrition4ushop.com\/pt\/wp-json\/wp\/v2\/product"}],"about":[{"href":"https:\/\/nutrition4ushop.com\/pt\/wp-json\/wp\/v2\/types\/product"}],"replies":[{"embeddable":true,"href":"https:\/\/nutrition4ushop.com\/pt\/wp-json\/wp\/v2\/comments?post=10924"}],"version-history":[{"count":1,"href":"https:\/\/nutrition4ushop.com\/pt\/wp-json\/wp\/v2\/product\/10924\/revisions"}],"predecessor-version":[{"id":10927,"href":"https:\/\/nutrition4ushop.com\/pt\/wp-json\/wp\/v2\/product\/10924\/revisions\/10927"}],"wp:featuredmedia":[{"embeddable":true,"href":"https:\/\/nutrition4ushop.com\/pt\/wp-json\/wp\/v2\/media\/10926"}],"wp:attachment":[{"href":"https:\/\/nutrition4ushop.com\/pt\/wp-json\/wp\/v2\/media?parent=10924"}],"wp:term":[{"taxonomy":"product_brand","embeddable":true,"href":"https:\/\/nutrition4ushop.com\/pt\/wp-json\/wp\/v2\/product_brand?post=10924"},{"taxonomy":"product_cat","embeddable":true,"href":"https:\/\/nutrition4ushop.com\/pt\/wp-json\/wp\/v2\/product_cat?post=10924"},{"taxonomy":"product_tag","embeddable":true,"href":"https:\/\/nutrition4ushop.com\/pt\/wp-json\/wp\/v2\/product_tag?post=10924"}],"curies":[{"name":"wp","href":"https:\/\/api.w.org\/{rel}","templated":true}]}}