{"id":10979,"date":"2025-07-26T08:50:32","date_gmt":"2025-07-26T08:50:32","guid":{"rendered":"https:\/\/nutrition4ushop.com\/?post_type=product&#038;p=10979"},"modified":"2025-07-26T08:52:59","modified_gmt":"2025-07-26T08:52:59","slug":"turmeric-black-pepper-60-cap","status":"publish","type":"product","link":"https:\/\/nutrition4ushop.com\/pt\/product\/turmeric-black-pepper-60-cap\/","title":{"rendered":"C\u00farcuma e pimenta preta - 60 c\u00e1psulas"},"content":{"rendered":"<p class=\"translation-block\"><strong>Curcuma e Pimenta Preta \u2013 60 C\u00e1psulas \u2013 Swanson<\/strong><br>\nEste suplemento combina curcuma (a\u00e7afr\u00e3o-da-terra) e pimenta preta, ambas certificadas como biol\u00f3gicas, para potenciar os benef\u00edcios para a sa\u00fade.<\/p>\n<p><strong>Benef\u00edcios principais:<\/strong><\/p>\n<p class=\"translation-block\"><strong>Curcuma (Curcuma longa):<\/strong> Uma fonte de curcumina, com propriedades anti-inflamat\u00f3rias e antioxidantes que podem apoiar a sa\u00fade das articula\u00e7\u00f5es, do f\u00edgado e do sistema imunit\u00e1rio.<\/p>\n<p class=\"translation-block\"><strong>Pimenta Preta (Piper nigrum):<\/strong> Cont\u00e9m piperina, que aumenta a biodisponibilidade da curcumina em at\u00e9 2.000%, melhorando a absor\u00e7\u00e3o e a efic\u00e1cia do suplemento.<\/p>\n<p class=\"translation-block\"><strong>NOTA:<\/strong> Este produto n\u00e3o se destina a diagnosticar, tratar, curar ou prevenir qualquer doen\u00e7a.<\/p>","protected":false},"excerpt":{"rendered":"<p>Curcuma and Black Pepper &#8211; 60 Caps &#8211; Swanson This supplement combines turmeric (curcuma) and black pepper, both certified organic, [&hellip;]<\/p>\n","protected":false},"featured_media":10978,"comment_status":"open","ping_status":"closed","template":"","meta":{"site-sidebar-layout":"default","site-content-layout":"","ast-site-content-layout":"default","site-content-style":"default","site-sidebar-style":"default","ast-global-header-display":"","ast-banner-title-visibility":"","ast-main-header-display":"","ast-hfb-above-header-display":"","ast-hfb-below-header-display":"","ast-hfb-mobile-header-display":"","site-post-title":"","ast-breadcrumbs-content":"","ast-featured-img":"","footer-sml-layout":"","theme-transparent-header-meta":"default","adv-header-id-meta":"","stick-header-meta":"","header-above-stick-meta":"","header-main-stick-meta":"","header-below-stick-meta":"","astra-migrate-meta-layouts":"set","ast-page-background-enabled":"default","ast-page-background-meta":{"desktop":{"background-color":"var(--ast-global-color-4)","background-image":"","background-repeat":"repeat","background-position":"center center","background-size":"auto","background-attachment":"scroll","background-type":"","background-media":"","overlay-type":"","overlay-color":"","overlay-opacity":"","overlay-gradient":""},"tablet":{"background-color":"","background-image":"","background-repeat":"repeat","background-position":"center center","background-size":"auto","background-attachment":"scroll","background-type":"","background-media":"","overlay-type":"","overlay-color":"","overlay-opacity":"","overlay-gradient":""},"mobile":{"background-color":"","background-image":"","background-repeat":"repeat","background-position":"center center","background-size":"auto","background-attachment":"scroll","background-type":"","background-media":"","overlay-type":"","overlay-color":"","overlay-opacity":"","overlay-gradient":""}},"ast-content-background-meta":{"desktop":{"background-color":"var(--ast-global-color-5)","background-image":"","background-repeat":"repeat","background-position":"center center","background-size":"auto","background-attachment":"scroll","background-type":"","background-media":"","overlay-type":"","overlay-color":"","overlay-opacity":"","overlay-gradient":""},"tablet":{"background-color":"var(--ast-global-color-5)","background-image":"","background-repeat":"repeat","background-position":"center center","background-size":"auto","background-attachment":"scroll","background-type":"","background-media":"","overlay-type":"","overlay-color":"","overlay-opacity":"","overlay-gradient":""},"mobile":{"background-color":"var(--ast-global-color-5)","background-image":"","background-repeat":"repeat","background-position":"center center","background-size":"auto","background-attachment":"scroll","background-type":"","background-media":"","overlay-type":"","overlay-color":"","overlay-opacity":"","overlay-gradient":""}}},"product_brand":[339],"product_cat":[286],"product_tag":[],"class_list":{"0":"post-10979","1":"product","2":"type-product","3":"status-publish","4":"has-post-thumbnail","6":"product_brand-swanson","7":"product_cat-organ-support","8":"desktop-align-center","9":"tablet-align-left","10":"mobile-align-left","12":"first","13":"instock","14":"shipping-taxable","15":"purchasable","16":"product-type-simple"},"yoast_head":"<!-- This site is optimized with the Yoast SEO Premium plugin v27.0 (Yoast SEO v27.0) - https:\/\/yoast.com\/product\/yoast-seo-premium-wordpress\/ -->\n<title>Turmeric &amp; Black Pepper - 60 Cap<\/title>\n<meta name=\"robots\" content=\"index, follow, max-snippet:-1, max-image-preview:large, max-video-preview:-1\" \/>\n<link rel=\"canonical\" href=\"https:\/\/nutrition4ushop.com\/pt\/produto\/turmeric-black-pepper-60-cap\/\" \/>\n<meta property=\"og:locale\" content=\"pt_PT\" \/>\n<meta property=\"og:type\" content=\"article\" \/>\n<meta property=\"og:title\" content=\"Turmeric &amp; Black Pepper - 60 Cap\" \/>\n<meta property=\"og:description\" content=\"Curcuma and Black Pepper &#8211; 60 Caps &#8211; Swanson This supplement combines turmeric (curcuma) and black pepper, both certified organic, [&hellip;]\" \/>\n<meta property=\"og:url\" content=\"https:\/\/nutrition4ushop.com\/pt\/produto\/turmeric-black-pepper-60-cap\/\" \/>\n<meta property=\"og:site_name\" content=\"Nutrition4u\" \/>\n<meta property=\"article:publisher\" content=\"https:\/\/www.facebook.com\/p\/Nutrition4u-100063511002565\" \/>\n<meta property=\"article:modified_time\" content=\"2025-07-26T08:52:59+00:00\" \/>\n<meta property=\"og:image\" content=\"https:\/\/nutrition4ushop.com\/wp-content\/uploads\/2025\/07\/087614116136-Turmeric-Black-Pepper-60-capsulas-Swanson-nutribio-1-removebg-preview-e1753472619816.png\" \/>\n\t<meta property=\"og:image:width\" content=\"433\" \/>\n\t<meta property=\"og:image:height\" content=\"433\" \/>\n\t<meta property=\"og:image:type\" content=\"image\/png\" \/>\n<meta name=\"twitter:card\" content=\"summary_large_image\" \/>\n<meta name=\"twitter:label1\" content=\"pre\u00e7o\" \/>\n\t<meta name=\"twitter:data1\" content=\"19,99&nbsp;&euro;\" \/>\n\t<meta name=\"twitter:label2\" content=\"Disponibilidade\" \/>\n\t<meta name=\"twitter:data2\" content=\"Em stock\" \/>\n<script type=\"application\/ld+json\" class=\"yoast-schema-graph\">{\"@context\":\"https:\/\/schema.org\",\"@graph\":[{\"@type\":\"WebPage\",\"@id\":\"https:\/\/nutrition4ushop.com\/product\/turmeric-black-pepper-60-cap\/\",\"url\":\"https:\/\/nutrition4ushop.com\/product\/turmeric-black-pepper-60-cap\/\",\"name\":\"Turmeric & Black Pepper - 60 Cap\",\"isPartOf\":{\"@id\":\"https:\/\/nutrition4ushop.com\/#website\"},\"primaryImageOfPage\":{\"@id\":\"https:\/\/nutrition4ushop.com\/product\/turmeric-black-pepper-60-cap\/#primaryimage\"},\"image\":{\"@id\":\"https:\/\/nutrition4ushop.com\/product\/turmeric-black-pepper-60-cap\/#primaryimage\"},\"thumbnailUrl\":\"https:\/\/nutrition4ushop.com\/wp-content\/uploads\/2025\/07\/087614116136-Turmeric-Black-Pepper-60-capsulas-Swanson-nutribio-1-removebg-preview-e1753472619816.png\",\"datePublished\":\"2025-07-26T08:50:32+00:00\",\"dateModified\":\"2025-07-26T08:52:59+00:00\",\"breadcrumb\":{\"@id\":\"https:\/\/nutrition4ushop.com\/product\/turmeric-black-pepper-60-cap\/#breadcrumb\"},\"inLanguage\":\"pt-PT\",\"potentialAction\":[{\"@type\":\"ReadAction\",\"target\":[\"https:\/\/nutrition4ushop.com\/product\/turmeric-black-pepper-60-cap\/\"]}]},{\"@type\":\"ImageObject\",\"inLanguage\":\"pt-PT\",\"@id\":\"https:\/\/nutrition4ushop.com\/product\/turmeric-black-pepper-60-cap\/#primaryimage\",\"url\":\"https:\/\/nutrition4ushop.com\/wp-content\/uploads\/2025\/07\/087614116136-Turmeric-Black-Pepper-60-capsulas-Swanson-nutribio-1-removebg-preview-e1753472619816.png\",\"contentUrl\":\"https:\/\/nutrition4ushop.com\/wp-content\/uploads\/2025\/07\/087614116136-Turmeric-Black-Pepper-60-capsulas-Swanson-nutribio-1-removebg-preview-e1753472619816.png\",\"width\":433,\"height\":433},{\"@type\":\"BreadcrumbList\",\"@id\":\"https:\/\/nutrition4ushop.com\/product\/turmeric-black-pepper-60-cap\/#breadcrumb\",\"itemListElement\":[{\"@type\":\"ListItem\",\"position\":1,\"name\":\"Home\",\"item\":\"https:\/\/nutrition4ushop.com\/\"},{\"@type\":\"ListItem\",\"position\":2,\"name\":\"Shop\",\"item\":\"https:\/\/nutrition4ushop.com\/shop\/\"},{\"@type\":\"ListItem\",\"position\":3,\"name\":\"Turmeric &#038; Black Pepper &#8211; 60 Cap\"}]},{\"@type\":\"WebSite\",\"@id\":\"https:\/\/nutrition4ushop.com\/#website\",\"url\":\"https:\/\/nutrition4ushop.com\/\",\"name\":\"Nutrition4u\",\"description\":\"\",\"publisher\":{\"@id\":\"https:\/\/nutrition4ushop.com\/#organization\"},\"potentialAction\":[{\"@type\":\"SearchAction\",\"target\":{\"@type\":\"EntryPoint\",\"urlTemplate\":\"https:\/\/nutrition4ushop.com\/?s={search_term_string}\"},\"query-input\":{\"@type\":\"PropertyValueSpecification\",\"valueRequired\":true,\"valueName\":\"search_term_string\"}}],\"inLanguage\":\"pt-PT\"},{\"@type\":[\"Organization\",\"Place\",\"SportingGoodsStore\"],\"@id\":\"https:\/\/nutrition4ushop.com\/#organization\",\"name\":\"Nutrition4u\",\"alternateName\":\"Nutrition4u\",\"url\":\"https:\/\/nutrition4ushop.com\/\",\"logo\":{\"@id\":\"https:\/\/nutrition4ushop.com\/product\/turmeric-black-pepper-60-cap\/#local-main-organization-logo\"},\"image\":{\"@id\":\"https:\/\/nutrition4ushop.com\/product\/turmeric-black-pepper-60-cap\/#local-main-organization-logo\"},\"sameAs\":[\"https:\/\/www.facebook.com\/p\/Nutrition4u-100063511002565\",\"https:\/\/www.instagram.com\/nutrition4u_by_rubengarradas\/\"],\"description\":\"Suplementos de qualidade. Suplementos e vitaminas Procell , Marvelous e muito mais. NUTRITION4U suplementos para todo o tipo de pessoas e atletas.\",\"publishingPrinciples\":\"https:\/\/nutrition4ushop.com\/about-us\/\",\"ownershipFundingInfo\":\"https:\/\/nutrition4ushop.com\/train-with-ruben-garradas\/\",\"actionableFeedbackPolicy\":\"https:\/\/nutrition4ushop.com\/cookies-policy\/\",\"ethicsPolicy\":\"https:\/\/nutrition4ushop.com\/terms-and-conditions\/\",\"address\":{\"@id\":\"https:\/\/nutrition4ushop.com\/product\/turmeric-black-pepper-60-cap\/#local-main-place-address\"},\"telephone\":[],\"openingHoursSpecification\":[]},{\"@type\":\"PostalAddress\",\"@id\":\"https:\/\/nutrition4ushop.com\/product\/turmeric-black-pepper-60-cap\/#local-main-place-address\",\"streetAddress\":\"R. 1\u00ba de Maio n\u00b035 Loja 221\",\"addressLocality\":\"Amora\",\"postalCode\":\"2845-162\",\"addressRegion\":\"Set\u00fabal\",\"addressCountry\":\"PT\"},{\"@type\":\"ImageObject\",\"inLanguage\":\"pt-PT\",\"@id\":\"https:\/\/nutrition4ushop.com\/product\/turmeric-black-pepper-60-cap\/#local-main-organization-logo\",\"url\":\"https:\/\/nutrition4ushop.com\/wp-content\/uploads\/2024\/02\/WhatsApp-Image-2024-02-02-at-5.49.55-PM-1.jpeg\",\"contentUrl\":\"https:\/\/nutrition4ushop.com\/wp-content\/uploads\/2024\/02\/WhatsApp-Image-2024-02-02-at-5.49.55-PM-1.jpeg\",\"width\":1416,\"height\":1476,\"caption\":\"Nutrition4u\"}]}<\/script>\n<meta property=\"product:price:amount\" content=\"19.99\" \/>\n<meta property=\"product:price:currency\" content=\"EUR\" \/>\n<meta property=\"og:availability\" content=\"instock\" \/>\n<meta property=\"product:availability\" content=\"instock\" \/>\n<meta property=\"product:condition\" content=\"new\" \/>\n<meta name=\"geo.placename\" content=\"Amora\" \/>\n<meta name=\"geo.region\" content=\"Portugal\" \/>\n<!-- \/ Yoast SEO Premium plugin. -->","yoast_head_json":{"title":"C\u00farcuma e pimenta preta - 60 c\u00e1psulas","robots":{"index":"index","follow":"follow","max-snippet":"max-snippet:-1","max-image-preview":"max-image-preview:large","max-video-preview":"max-video-preview:-1"},"canonical":"https:\/\/nutrition4ushop.com\/pt\/produto\/turmeric-black-pepper-60-cap\/","og_locale":"pt_PT","og_type":"article","og_title":"Turmeric & Black Pepper - 60 Cap","og_description":"Curcuma and Black Pepper &#8211; 60 Caps &#8211; Swanson This supplement combines turmeric (curcuma) and black pepper, both certified organic, [&hellip;]","og_url":"https:\/\/nutrition4ushop.com\/pt\/produto\/turmeric-black-pepper-60-cap\/","og_site_name":"Nutrition4u","article_publisher":"https:\/\/www.facebook.com\/p\/Nutrition4u-100063511002565","article_modified_time":"2025-07-26T08:52:59+00:00","og_image":[{"width":433,"height":433,"url":"https:\/\/nutrition4ushop.com\/wp-content\/uploads\/2025\/07\/087614116136-Turmeric-Black-Pepper-60-capsulas-Swanson-nutribio-1-removebg-preview-e1753472619816.png","type":"image\/png"}],"twitter_card":"summary_large_image","twitter_misc":{"pre\u00e7o":"19,99&nbsp;&euro;","Disponibilidade":"Em stock"},"schema":{"@context":"https:\/\/schema.org","@graph":[{"@type":"WebPage","@id":"https:\/\/nutrition4ushop.com\/product\/turmeric-black-pepper-60-cap\/","url":"https:\/\/nutrition4ushop.com\/product\/turmeric-black-pepper-60-cap\/","name":"C\u00farcuma e pimenta preta - 60 c\u00e1psulas","isPartOf":{"@id":"https:\/\/nutrition4ushop.com\/#website"},"primaryImageOfPage":{"@id":"https:\/\/nutrition4ushop.com\/product\/turmeric-black-pepper-60-cap\/#primaryimage"},"image":{"@id":"https:\/\/nutrition4ushop.com\/product\/turmeric-black-pepper-60-cap\/#primaryimage"},"thumbnailUrl":"https:\/\/nutrition4ushop.com\/wp-content\/uploads\/2025\/07\/087614116136-Turmeric-Black-Pepper-60-capsulas-Swanson-nutribio-1-removebg-preview-e1753472619816.png","datePublished":"2025-07-26T08:50:32+00:00","dateModified":"2025-07-26T08:52:59+00:00","breadcrumb":{"@id":"https:\/\/nutrition4ushop.com\/product\/turmeric-black-pepper-60-cap\/#breadcrumb"},"inLanguage":"pt-PT","potentialAction":[{"@type":"ReadAction","target":["https:\/\/nutrition4ushop.com\/product\/turmeric-black-pepper-60-cap\/"]}]},{"@type":"ImageObject","inLanguage":"pt-PT","@id":"https:\/\/nutrition4ushop.com\/product\/turmeric-black-pepper-60-cap\/#primaryimage","url":"https:\/\/nutrition4ushop.com\/wp-content\/uploads\/2025\/07\/087614116136-Turmeric-Black-Pepper-60-capsulas-Swanson-nutribio-1-removebg-preview-e1753472619816.png","contentUrl":"https:\/\/nutrition4ushop.com\/wp-content\/uploads\/2025\/07\/087614116136-Turmeric-Black-Pepper-60-capsulas-Swanson-nutribio-1-removebg-preview-e1753472619816.png","width":433,"height":433},{"@type":"BreadcrumbList","@id":"https:\/\/nutrition4ushop.com\/product\/turmeric-black-pepper-60-cap\/#breadcrumb","itemListElement":[{"@type":"ListItem","position":1,"name":"Home","item":"https:\/\/nutrition4ushop.com\/"},{"@type":"ListItem","position":2,"name":"Shop","item":"https:\/\/nutrition4ushop.com\/shop\/"},{"@type":"ListItem","position":3,"name":"Turmeric &#038; Black Pepper &#8211; 60 Cap"}]},{"@type":"WebSite","@id":"https:\/\/nutrition4ushop.com\/#website","url":"https:\/\/nutrition4ushop.com\/","name":"Nutri\u00e7\u00e3o4u","description":"","publisher":{"@id":"https:\/\/nutrition4ushop.com\/#organization"},"potentialAction":[{"@type":"SearchAction","target":{"@type":"EntryPoint","urlTemplate":"https:\/\/nutrition4ushop.com\/?s={search_term_string}"},"query-input":{"@type":"PropertyValueSpecification","valueRequired":true,"valueName":"search_term_string"}}],"inLanguage":"pt-PT"},{"@type":["Organization","Place","SportingGoodsStore"],"@id":"https:\/\/nutrition4ushop.com\/#organization","name":"Nutri\u00e7\u00e3o4u","alternateName":"Nutrition4u","url":"https:\/\/nutrition4ushop.com\/","logo":{"@id":"https:\/\/nutrition4ushop.com\/product\/turmeric-black-pepper-60-cap\/#local-main-organization-logo"},"image":{"@id":"https:\/\/nutrition4ushop.com\/product\/turmeric-black-pepper-60-cap\/#local-main-organization-logo"},"sameAs":["https:\/\/www.facebook.com\/p\/Nutrition4u-100063511002565","https:\/\/www.instagram.com\/nutrition4u_by_rubengarradas\/"],"description":"Suplementos de qualidade. Suplementos e vitaminas Procell , Marvelous e muito mais. NUTRITION4U suplementos para todo o tipo de pessoas e atletas.","publishingPrinciples":"https:\/\/nutrition4ushop.com\/about-us\/","ownershipFundingInfo":"https:\/\/nutrition4ushop.com\/train-with-ruben-garradas\/","actionableFeedbackPolicy":"https:\/\/nutrition4ushop.com\/cookies-policy\/","ethicsPolicy":"https:\/\/nutrition4ushop.com\/terms-and-conditions\/","address":{"@id":"https:\/\/nutrition4ushop.com\/product\/turmeric-black-pepper-60-cap\/#local-main-place-address"},"telephone":[],"openingHoursSpecification":[]},{"@type":"PostalAddress","@id":"https:\/\/nutrition4ushop.com\/product\/turmeric-black-pepper-60-cap\/#local-main-place-address","streetAddress":"R. 1\u00ba de Maio n\u00b035 Loja 221","addressLocality":"Amora","postalCode":"2845-162","addressRegion":"Set\u00fabal","addressCountry":"PT"},{"@type":"ImageObject","inLanguage":"pt-PT","@id":"https:\/\/nutrition4ushop.com\/product\/turmeric-black-pepper-60-cap\/#local-main-organization-logo","url":"https:\/\/nutrition4ushop.com\/wp-content\/uploads\/2024\/02\/WhatsApp-Image-2024-02-02-at-5.49.55-PM-1.jpeg","contentUrl":"https:\/\/nutrition4ushop.com\/wp-content\/uploads\/2024\/02\/WhatsApp-Image-2024-02-02-at-5.49.55-PM-1.jpeg","width":1416,"height":1476,"caption":"Nutrition4u"}]},"product_price_amount":"19.99","product_price_currency":"EUR","og_availability":"instock","product_availability":"instock","product_condition":"new","geo.placename":"Amora","geo.region":"Portugal"},"publishpress_future_action":{"enabled":false,"date":"2026-05-08 00:12:32","action":"change-status","newStatus":"draft","terms":[],"taxonomy":"product_brand","extraData":[]},"publishpress_future_workflow_manual_trigger":{"enabledWorkflows":[]},"tiered_pricing_type":"fixed","tiered_pricing_fixed_rules":[],"tiered_pricing_product_settings":{"layout":"default","base_unit_name":{"singular":null,"plural":null},"default_variation":null},"tiered_pricing_minimum_quantity":null,"tiered_pricing_roles_data":[],"tiered_pricing_percentage_rules":[],"tiered_pricing_maximum_quantity":null,"tiered_pricing_quantity_step":null,"_links":{"self":[{"href":"https:\/\/nutrition4ushop.com\/pt\/wp-json\/wp\/v2\/product\/10979","targetHints":{"allow":["GET"]}}],"collection":[{"href":"https:\/\/nutrition4ushop.com\/pt\/wp-json\/wp\/v2\/product"}],"about":[{"href":"https:\/\/nutrition4ushop.com\/pt\/wp-json\/wp\/v2\/types\/product"}],"replies":[{"embeddable":true,"href":"https:\/\/nutrition4ushop.com\/pt\/wp-json\/wp\/v2\/comments?post=10979"}],"version-history":[{"count":4,"href":"https:\/\/nutrition4ushop.com\/pt\/wp-json\/wp\/v2\/product\/10979\/revisions"}],"predecessor-version":[{"id":10984,"href":"https:\/\/nutrition4ushop.com\/pt\/wp-json\/wp\/v2\/product\/10979\/revisions\/10984"}],"wp:featuredmedia":[{"embeddable":true,"href":"https:\/\/nutrition4ushop.com\/pt\/wp-json\/wp\/v2\/media\/10978"}],"wp:attachment":[{"href":"https:\/\/nutrition4ushop.com\/pt\/wp-json\/wp\/v2\/media?parent=10979"}],"wp:term":[{"taxonomy":"product_brand","embeddable":true,"href":"https:\/\/nutrition4ushop.com\/pt\/wp-json\/wp\/v2\/product_brand?post=10979"},{"taxonomy":"product_cat","embeddable":true,"href":"https:\/\/nutrition4ushop.com\/pt\/wp-json\/wp\/v2\/product_cat?post=10979"},{"taxonomy":"product_tag","embeddable":true,"href":"https:\/\/nutrition4ushop.com\/pt\/wp-json\/wp\/v2\/product_tag?post=10979"}],"curies":[{"name":"wp","href":"https:\/\/api.w.org\/{rel}","templated":true}]}}