{"id":11009,"date":"2025-07-26T09:57:17","date_gmt":"2025-07-26T09:57:17","guid":{"rendered":"https:\/\/nutrition4ushop.com\/?post_type=product&#038;p=11009"},"modified":"2025-08-11T15:38:10","modified_gmt":"2025-08-11T15:38:10","slug":"animal-m-stak-21-packs","status":"publish","type":"product","link":"https:\/\/nutrition4ushop.com\/pt\/product\/animal-m-stak-21-packs\/","title":{"rendered":"Animal M-Stak - 21 embalagens"},"content":{"rendered":"<p class=\"translation-block\"><strong>Animal M-Stak da Universal: Pack Anab\u00f3lico Natural Avan\u00e7ado<\/strong><br>\nO Animal M-Stak da Universal \u00e9 o pack anab\u00f3lico natural mais avan\u00e7ado. Promove o desenvolvimento de massa muscular magra, apoia o aumento de m\u00fasculo sem gordura e melhora a energia e a recupera\u00e7\u00e3o.<\/p>\n<p data-start=\"77\" data-end=\"404\">Livre de esteroides, o Animal M-Stak foi concebido para aumentar naturalmente os n\u00edveis de testosterona e hormona do crescimento. \u00c9 ideal para atletas sujeitos a testes antidoping e para quem procura melhorar o desempenho de forma natural, ganhar massa muscular e for\u00e7a, e aumentar o anabolismo de forma segura e eficaz, sem recorrer a hormonas.<\/p>\n<p data-start=\"406\" data-end=\"553\">A f\u00f3rmula promove o anabolismo ao otimizar a reten\u00e7\u00e3o de azoto, a a\u00e7\u00e3o da insulina, a parti\u00e7\u00e3o de nutrientes, a s\u00edntese proteica e a redu\u00e7\u00e3o do catabolismo.<\/p>\n<p data-start=\"0\" data-end=\"379\" class=\"translation-block\"><strong>Animal M-Stak da Universal<\/strong> inclui nutrientes que ajudam a aumentar os n\u00edveis de testosterona e a prevenir a convers\u00e3o em estrog\u00e9nio. Gra\u00e7as aos flavonoides naturais, \u00e9 poss\u00edvel produzir efeitos anab\u00f3licos no corpo de forma saud\u00e1vel e natural \u2014 sem efeitos secund\u00e1rios. Isto traduz-se em mais ganhos de massa magra, melhor desenvolvimento muscular, s\u00edntese proteica otimizada, redu\u00e7\u00e3o do catabolismo e recupera\u00e7\u00e3o mais r\u00e1pida.<\/p>\n<p data-start=\"381\" data-end=\"431\" data-is-last-node=\"\" data-is-only-node=\"\">Um pack anab\u00f3lico natural tudo-em-um, de alta pot\u00eancia.<\/p>\n<p data-start=\"0\" data-end=\"55\"><strong data-start=\"0\" data-end=\"55\">Propriedades do Animal M-Stak da Universal Nutrition:<\/strong><\/p>\n<ul data-start=\"57\" data-end=\"280\" data-is-last-node=\"\" data-is-only-node=\"\">\n<li data-start=\"57\" data-end=\"93\">\n<p data-start=\"59\" data-end=\"93\">Potencia o desenvolvimento da massa muscular<\/p>\n<\/li>\n<li data-start=\"94\" data-end=\"124\">\n<p data-start=\"96\" data-end=\"124\">Melhora a defini\u00e7\u00e3o muscular<\/p>\n<\/li>\n<li data-start=\"125\" data-end=\"153\">\n<p data-start=\"127\" data-end=\"153\">Estimula a s\u00edntese proteica<\/p>\n<\/li>\n<li data-start=\"154\" data-end=\"177\">\n<p data-start=\"156\" data-end=\"177\">Previne o catabolismo<\/p>\n<\/li>\n<li data-start=\"178\" data-end=\"223\">\n<p data-start=\"180\" data-end=\"223\">Aumenta o anabolismo de forma n\u00e3o hormonal<\/p>\n<\/li>\n<li data-start=\"224\" data-end=\"261\">\n<p data-start=\"226\" data-end=\"261\">Ajuda a prevenir a convers\u00e3o em estrog\u00e9nio<\/p>\n<\/li>\n<li data-start=\"262\" data-end=\"280\" data-is-last-node=\"\">\n<p data-start=\"264\" data-end=\"280\" data-is-last-node=\"\">Aumenta e energia<\/p>\n<\/li>\n<\/ul>\n<p data-start=\"0\" data-end=\"257\" class=\"translation-block\"><strong>Animal M-Stak da Universal<\/strong> \u00e9 um pack anab\u00f3lico natural avan\u00e7ado desenvolvido pela Universal, uma marca de confian\u00e7a em qualidade. Desde 1977, a <strong>Universal Nutrition<\/strong> tem sido l\u00edder na produ\u00e7\u00e3o de suplementos nutricionais para atletas de alta performance e bodybuilders.<\/p>\n<p data-start=\"259\" data-end=\"395\" class=\"translation-block\"><strong>Modo de Utiliza\u00e7\u00e3o Recomendado:<\/strong><br>\nComo suplemento alimentar, tomar um pack por dia durante 3 semanas consecutivas, seguido de 1 semana de pausa antes de continuar.<\/p>\n<ul data-start=\"396\" data-end=\"507\" data-is-last-node=\"\" data-is-only-node=\"\">\n<li data-start=\"396\" data-end=\"450\">\n<p data-start=\"398\" data-end=\"450\">Nos dias de treino: tomar 30 minutos antes do exerc\u00edcio.<\/p>\n<\/li>\n<li data-start=\"451\" data-end=\"507\" data-is-last-node=\"\">\n<p data-start=\"453\" data-end=\"507\" data-is-last-node=\"\">Nos dias de descanso: tomar em jejum, entre as refei\u00e7\u00f5es.<\/p>\n<\/li>\n<\/ul>","protected":false},"excerpt":{"rendered":"<p data-start=\"0\" data-end=\"70\">Animal M-Stak da Universal \u00e9 o pacote de anabolizantes naturais mais avan\u00e7ado.<\/p>\n<p data-start=\"72\" data-end=\"182\">Promove o desenvolvimento de massa muscular magra, apoia o crescimento muscular, aumenta a energia e melhora a recupera\u00e7\u00e3o.<\/p>\n<p data-start=\"184\" data-end=\"276\" data-is-last-node=\"\" data-is-only-node=\"\">N\u00e3o cont\u00e9m ester\u00f3ides. Concebido para aumentar naturalmente os n\u00edveis de testosterona e de hormona do crescimento.<\/p>","protected":false},"featured_media":11012,"comment_status":"open","ping_status":"closed","template":"","meta":{"site-sidebar-layout":"default","site-content-layout":"","ast-site-content-layout":"default","site-content-style":"default","site-sidebar-style":"default","ast-global-header-display":"","ast-banner-title-visibility":"","ast-main-header-display":"","ast-hfb-above-header-display":"","ast-hfb-below-header-display":"","ast-hfb-mobile-header-display":"","site-post-title":"","ast-breadcrumbs-content":"","ast-featured-img":"","footer-sml-layout":"","theme-transparent-header-meta":"default","adv-header-id-meta":"","stick-header-meta":"","header-above-stick-meta":"","header-main-stick-meta":"","header-below-stick-meta":"","astra-migrate-meta-layouts":"set","ast-page-background-enabled":"default","ast-page-background-meta":{"desktop":{"background-color":"var(--ast-global-color-4)","background-image":"","background-repeat":"repeat","background-position":"center center","background-size":"auto","background-attachment":"scroll","background-type":"","background-media":"","overlay-type":"","overlay-color":"","overlay-opacity":"","overlay-gradient":""},"tablet":{"background-color":"","background-image":"","background-repeat":"repeat","background-position":"center center","background-size":"auto","background-attachment":"scroll","background-type":"","background-media":"","overlay-type":"","overlay-color":"","overlay-opacity":"","overlay-gradient":""},"mobile":{"background-color":"","background-image":"","background-repeat":"repeat","background-position":"center center","background-size":"auto","background-attachment":"scroll","background-type":"","background-media":"","overlay-type":"","overlay-color":"","overlay-opacity":"","overlay-gradient":""}},"ast-content-background-meta":{"desktop":{"background-color":"var(--ast-global-color-5)","background-image":"","background-repeat":"repeat","background-position":"center center","background-size":"auto","background-attachment":"scroll","background-type":"","background-media":"","overlay-type":"","overlay-color":"","overlay-opacity":"","overlay-gradient":""},"tablet":{"background-color":"var(--ast-global-color-5)","background-image":"","background-repeat":"repeat","background-position":"center center","background-size":"auto","background-attachment":"scroll","background-type":"","background-media":"","overlay-type":"","overlay-color":"","overlay-opacity":"","overlay-gradient":""},"mobile":{"background-color":"var(--ast-global-color-5)","background-image":"","background-repeat":"repeat","background-position":"center center","background-size":"auto","background-attachment":"scroll","background-type":"","background-media":"","overlay-type":"","overlay-color":"","overlay-opacity":"","overlay-gradient":""}}},"product_brand":[341],"product_cat":[287],"product_tag":[],"class_list":{"0":"post-11009","1":"product","2":"type-product","3":"status-publish","4":"has-post-thumbnail","6":"product_brand-animal","7":"product_cat-test-boosters","8":"desktop-align-center","9":"tablet-align-left","10":"mobile-align-left","12":"first","13":"instock","14":"shipping-taxable","15":"purchasable","16":"product-type-simple"},"yoast_head":"<!-- This site is optimized with the Yoast SEO Premium plugin v27.5 (Yoast SEO v27.5) - https:\/\/yoast.com\/product\/yoast-seo-premium-wordpress\/ -->\n<title>Animal M-Stak - 21 Packs<\/title>\n<meta name=\"description\" content=\"Animal M-Stak by Universal is the most advanced natural anabolic pack. It promotes the development of lean muscle mass, supports muscle growth, boosts energy, and enhances recovery. Contains no steroids. Designed to naturally increase testosterone and growth hormone levels.\" \/>\n<meta name=\"robots\" content=\"index, follow, max-snippet:-1, max-image-preview:large, max-video-preview:-1\" \/>\n<link rel=\"canonical\" href=\"https:\/\/nutrition4ushop.com\/pt\/produto\/animal-m-stak-21-packs\/\" \/>\n<meta property=\"og:locale\" content=\"pt_PT\" \/>\n<meta property=\"og:type\" content=\"article\" \/>\n<meta property=\"og:title\" content=\"Animal M-Stak - 21 Packs\" \/>\n<meta property=\"og:description\" content=\"Animal M-Stak by Universal is the most advanced natural anabolic pack. It promotes the development of lean muscle mass, supports muscle growth, boosts energy, and enhances recovery. Contains no steroids. Designed to naturally increase testosterone and growth hormone levels.\" \/>\n<meta property=\"og:url\" content=\"https:\/\/nutrition4ushop.com\/pt\/produto\/animal-m-stak-21-packs\/\" \/>\n<meta property=\"og:site_name\" content=\"Nutrition4u\" \/>\n<meta property=\"article:publisher\" content=\"https:\/\/www.facebook.com\/p\/Nutrition4u-100063511002565\" \/>\n<meta property=\"article:modified_time\" content=\"2025-08-11T15:38:10+00:00\" \/>\n<meta property=\"og:image\" content=\"https:\/\/nutrition4ushop.com\/wp-content\/uploads\/2025\/07\/animal-m-stak-21-packs-removebg-preview.png\" \/>\n\t<meta property=\"og:image:width\" content=\"500\" \/>\n\t<meta property=\"og:image:height\" content=\"500\" \/>\n\t<meta property=\"og:image:type\" content=\"image\/png\" \/>\n<meta name=\"twitter:card\" content=\"summary_large_image\" \/>\n<meta name=\"twitter:label1\" content=\"pre\u00e7o\" \/>\n\t<meta name=\"twitter:data1\" content=\"62,00&nbsp;&euro;\" \/>\n\t<meta name=\"twitter:label2\" content=\"Disponibilidade\" \/>\n\t<meta name=\"twitter:data2\" content=\"Em stock\" \/>\n<script type=\"application\/ld+json\" class=\"yoast-schema-graph\">{\"@context\":\"https:\\\/\\\/schema.org\",\"@graph\":[{\"@type\":\"WebPage\",\"@id\":\"https:\\\/\\\/nutrition4ushop.com\\\/product\\\/animal-m-stak-21-packs\\\/\",\"url\":\"https:\\\/\\\/nutrition4ushop.com\\\/product\\\/animal-m-stak-21-packs\\\/\",\"name\":\"Animal M-Stak - 21 Packs\",\"isPartOf\":{\"@id\":\"https:\\\/\\\/nutrition4ushop.com\\\/#website\"},\"primaryImageOfPage\":{\"@id\":\"https:\\\/\\\/nutrition4ushop.com\\\/product\\\/animal-m-stak-21-packs\\\/#primaryimage\"},\"image\":{\"@id\":\"https:\\\/\\\/nutrition4ushop.com\\\/product\\\/animal-m-stak-21-packs\\\/#primaryimage\"},\"thumbnailUrl\":\"https:\\\/\\\/nutrition4ushop.com\\\/wp-content\\\/uploads\\\/2025\\\/07\\\/animal-m-stak-21-packs-removebg-preview.png\",\"datePublished\":\"2025-07-26T09:57:17+00:00\",\"dateModified\":\"2025-08-11T15:38:10+00:00\",\"description\":\"Animal M-Stak by Universal is the most advanced natural anabolic pack. It promotes the development of lean muscle mass, supports muscle growth, boosts energy, and enhances recovery. Contains no steroids. Designed to naturally increase testosterone and growth hormone levels.\",\"breadcrumb\":{\"@id\":\"https:\\\/\\\/nutrition4ushop.com\\\/product\\\/animal-m-stak-21-packs\\\/#breadcrumb\"},\"inLanguage\":\"pt-PT\",\"potentialAction\":[{\"@type\":\"ReadAction\",\"target\":[\"https:\\\/\\\/nutrition4ushop.com\\\/product\\\/animal-m-stak-21-packs\\\/\"]}]},{\"@type\":\"ImageObject\",\"inLanguage\":\"pt-PT\",\"@id\":\"https:\\\/\\\/nutrition4ushop.com\\\/product\\\/animal-m-stak-21-packs\\\/#primaryimage\",\"url\":\"https:\\\/\\\/nutrition4ushop.com\\\/wp-content\\\/uploads\\\/2025\\\/07\\\/animal-m-stak-21-packs-removebg-preview.png\",\"contentUrl\":\"https:\\\/\\\/nutrition4ushop.com\\\/wp-content\\\/uploads\\\/2025\\\/07\\\/animal-m-stak-21-packs-removebg-preview.png\",\"width\":500,\"height\":500,\"caption\":\"Animal M-Stak\"},{\"@type\":\"BreadcrumbList\",\"@id\":\"https:\\\/\\\/nutrition4ushop.com\\\/product\\\/animal-m-stak-21-packs\\\/#breadcrumb\",\"itemListElement\":[{\"@type\":\"ListItem\",\"position\":1,\"name\":\"Home\",\"item\":\"https:\\\/\\\/nutrition4ushop.com\\\/\"},{\"@type\":\"ListItem\",\"position\":2,\"name\":\"Shop\",\"item\":\"https:\\\/\\\/nutrition4ushop.com\\\/shop\\\/\"},{\"@type\":\"ListItem\",\"position\":3,\"name\":\"Animal M-Stak &#8211; 21 Packs\"}]},{\"@type\":\"WebSite\",\"@id\":\"https:\\\/\\\/nutrition4ushop.com\\\/#website\",\"url\":\"https:\\\/\\\/nutrition4ushop.com\\\/\",\"name\":\"Nutrition4u\",\"description\":\"\",\"publisher\":{\"@id\":\"https:\\\/\\\/nutrition4ushop.com\\\/#organization\"},\"potentialAction\":[{\"@type\":\"SearchAction\",\"target\":{\"@type\":\"EntryPoint\",\"urlTemplate\":\"https:\\\/\\\/nutrition4ushop.com\\\/?s={search_term_string}\"},\"query-input\":{\"@type\":\"PropertyValueSpecification\",\"valueRequired\":true,\"valueName\":\"search_term_string\"}}],\"inLanguage\":\"pt-PT\"},{\"@type\":[\"Organization\",\"Place\",\"SportingGoodsStore\"],\"@id\":\"https:\\\/\\\/nutrition4ushop.com\\\/#organization\",\"name\":\"Nutrition4u\",\"alternateName\":\"Nutrition4u\",\"url\":\"https:\\\/\\\/nutrition4ushop.com\\\/\",\"logo\":{\"@id\":\"https:\\\/\\\/nutrition4ushop.com\\\/product\\\/animal-m-stak-21-packs\\\/#local-main-organization-logo\"},\"image\":{\"@id\":\"https:\\\/\\\/nutrition4ushop.com\\\/product\\\/animal-m-stak-21-packs\\\/#local-main-organization-logo\"},\"sameAs\":[\"https:\\\/\\\/www.facebook.com\\\/p\\\/Nutrition4u-100063511002565\",\"https:\\\/\\\/www.instagram.com\\\/nutrition4u_by_rubengarradas\\\/\"],\"description\":\"Suplementos de qualidade. Suplementos e vitaminas Procell , Marvelous e muito mais. NUTRITION4U suplementos para todo o tipo de pessoas e atletas.\",\"publishingPrinciples\":\"https:\\\/\\\/nutrition4ushop.com\\\/about-us\\\/\",\"ownershipFundingInfo\":\"https:\\\/\\\/nutrition4ushop.com\\\/train-with-ruben-garradas\\\/\",\"actionableFeedbackPolicy\":\"https:\\\/\\\/nutrition4ushop.com\\\/cookies-policy\\\/\",\"ethicsPolicy\":\"https:\\\/\\\/nutrition4ushop.com\\\/terms-and-conditions\\\/\",\"address\":{\"@id\":\"https:\\\/\\\/nutrition4ushop.com\\\/product\\\/animal-m-stak-21-packs\\\/#local-main-place-address\"},\"telephone\":[],\"openingHoursSpecification\":[]},{\"@type\":\"PostalAddress\",\"@id\":\"https:\\\/\\\/nutrition4ushop.com\\\/product\\\/animal-m-stak-21-packs\\\/#local-main-place-address\",\"streetAddress\":\"R. 1\u00ba de Maio n\u00b035 Loja 221\",\"addressLocality\":\"Amora\",\"postalCode\":\"2845-162\",\"addressRegion\":\"Set\u00fabal\",\"addressCountry\":\"PT\"},{\"@type\":\"ImageObject\",\"inLanguage\":\"pt-PT\",\"@id\":\"https:\\\/\\\/nutrition4ushop.com\\\/product\\\/animal-m-stak-21-packs\\\/#local-main-organization-logo\",\"url\":\"https:\\\/\\\/nutrition4ushop.com\\\/wp-content\\\/uploads\\\/2024\\\/02\\\/WhatsApp-Image-2024-02-02-at-5.49.55-PM-1.jpeg\",\"contentUrl\":\"https:\\\/\\\/nutrition4ushop.com\\\/wp-content\\\/uploads\\\/2024\\\/02\\\/WhatsApp-Image-2024-02-02-at-5.49.55-PM-1.jpeg\",\"width\":1416,\"height\":1476,\"caption\":\"Nutrition4u\"}]}<\/script>\n<meta property=\"product:price:amount\" content=\"62.00\" \/>\n<meta property=\"product:price:currency\" content=\"EUR\" \/>\n<meta property=\"og:availability\" content=\"instock\" \/>\n<meta property=\"product:availability\" content=\"instock\" \/>\n<meta property=\"product:condition\" content=\"new\" \/>\n<meta name=\"geo.placename\" content=\"Amora\" \/>\n<meta name=\"geo.region\" content=\"Portugal\" \/>\n<!-- \/ Yoast SEO Premium plugin. -->","yoast_head_json":{"title":"Animal M-Stak - 21 embalagens","description":"Animal M-Stak da Universal \u00e9 o pacote de anabolizantes naturais mais avan\u00e7ado. Promove o desenvolvimento de massa muscular magra, apoia o crescimento muscular, aumenta a energia e melhora a recupera\u00e7\u00e3o. N\u00e3o cont\u00e9m ester\u00f3ides. Concebido para aumentar naturalmente os n\u00edveis de testosterona e da hormona do crescimento.","robots":{"index":"index","follow":"follow","max-snippet":"max-snippet:-1","max-image-preview":"max-image-preview:large","max-video-preview":"max-video-preview:-1"},"canonical":"https:\/\/nutrition4ushop.com\/pt\/produto\/animal-m-stak-21-packs\/","og_locale":"pt_PT","og_type":"article","og_title":"Animal M-Stak - 21 Packs","og_description":"Animal M-Stak by Universal is the most advanced natural anabolic pack. It promotes the development of lean muscle mass, supports muscle growth, boosts energy, and enhances recovery. Contains no steroids. Designed to naturally increase testosterone and growth hormone levels.","og_url":"https:\/\/nutrition4ushop.com\/pt\/produto\/animal-m-stak-21-packs\/","og_site_name":"Nutrition4u","article_publisher":"https:\/\/www.facebook.com\/p\/Nutrition4u-100063511002565","article_modified_time":"2025-08-11T15:38:10+00:00","og_image":[{"width":500,"height":500,"url":"https:\/\/nutrition4ushop.com\/wp-content\/uploads\/2025\/07\/animal-m-stak-21-packs-removebg-preview.png","type":"image\/png"}],"twitter_card":"summary_large_image","twitter_misc":{"pre\u00e7o":"62,00&nbsp;&euro;","Disponibilidade":"Em stock"},"schema":{"@context":"https:\/\/schema.org","@graph":[{"@type":"WebPage","@id":"https:\/\/nutrition4ushop.com\/product\/animal-m-stak-21-packs\/","url":"https:\/\/nutrition4ushop.com\/product\/animal-m-stak-21-packs\/","name":"Animal M-Stak - 21 embalagens","isPartOf":{"@id":"https:\/\/nutrition4ushop.com\/#website"},"primaryImageOfPage":{"@id":"https:\/\/nutrition4ushop.com\/product\/animal-m-stak-21-packs\/#primaryimage"},"image":{"@id":"https:\/\/nutrition4ushop.com\/product\/animal-m-stak-21-packs\/#primaryimage"},"thumbnailUrl":"https:\/\/nutrition4ushop.com\/wp-content\/uploads\/2025\/07\/animal-m-stak-21-packs-removebg-preview.png","datePublished":"2025-07-26T09:57:17+00:00","dateModified":"2025-08-11T15:38:10+00:00","description":"Animal M-Stak da Universal \u00e9 o pacote de anabolizantes naturais mais avan\u00e7ado. Promove o desenvolvimento de massa muscular magra, apoia o crescimento muscular, aumenta a energia e melhora a recupera\u00e7\u00e3o. N\u00e3o cont\u00e9m ester\u00f3ides. Concebido para aumentar naturalmente os n\u00edveis de testosterona e da hormona do crescimento.","breadcrumb":{"@id":"https:\/\/nutrition4ushop.com\/product\/animal-m-stak-21-packs\/#breadcrumb"},"inLanguage":"pt-PT","potentialAction":[{"@type":"ReadAction","target":["https:\/\/nutrition4ushop.com\/product\/animal-m-stak-21-packs\/"]}]},{"@type":"ImageObject","inLanguage":"pt-PT","@id":"https:\/\/nutrition4ushop.com\/product\/animal-m-stak-21-packs\/#primaryimage","url":"https:\/\/nutrition4ushop.com\/wp-content\/uploads\/2025\/07\/animal-m-stak-21-packs-removebg-preview.png","contentUrl":"https:\/\/nutrition4ushop.com\/wp-content\/uploads\/2025\/07\/animal-m-stak-21-packs-removebg-preview.png","width":500,"height":500,"caption":"Animal M-Stak"},{"@type":"BreadcrumbList","@id":"https:\/\/nutrition4ushop.com\/product\/animal-m-stak-21-packs\/#breadcrumb","itemListElement":[{"@type":"ListItem","position":1,"name":"Home","item":"https:\/\/nutrition4ushop.com\/"},{"@type":"ListItem","position":2,"name":"Shop","item":"https:\/\/nutrition4ushop.com\/shop\/"},{"@type":"ListItem","position":3,"name":"Animal M-Stak &#8211; 21 Packs"}]},{"@type":"WebSite","@id":"https:\/\/nutrition4ushop.com\/#website","url":"https:\/\/nutrition4ushop.com\/","name":"Nutri\u00e7\u00e3o4u","description":"","publisher":{"@id":"https:\/\/nutrition4ushop.com\/#organization"},"potentialAction":[{"@type":"SearchAction","target":{"@type":"EntryPoint","urlTemplate":"https:\/\/nutrition4ushop.com\/?s={search_term_string}"},"query-input":{"@type":"PropertyValueSpecification","valueRequired":true,"valueName":"search_term_string"}}],"inLanguage":"pt-PT"},{"@type":["Organization","Place","SportingGoodsStore"],"@id":"https:\/\/nutrition4ushop.com\/#organization","name":"Nutri\u00e7\u00e3o4u","alternateName":"Nutrition4u","url":"https:\/\/nutrition4ushop.com\/","logo":{"@id":"https:\/\/nutrition4ushop.com\/product\/animal-m-stak-21-packs\/#local-main-organization-logo"},"image":{"@id":"https:\/\/nutrition4ushop.com\/product\/animal-m-stak-21-packs\/#local-main-organization-logo"},"sameAs":["https:\/\/www.facebook.com\/p\/Nutrition4u-100063511002565","https:\/\/www.instagram.com\/nutrition4u_by_rubengarradas\/"],"description":"Suplementos de qualidade. Suplementos e vitaminas Procell , Marvelous e muito mais. NUTRITION4U suplementos para todo o tipo de pessoas e atletas.","publishingPrinciples":"https:\/\/nutrition4ushop.com\/about-us\/","ownershipFundingInfo":"https:\/\/nutrition4ushop.com\/train-with-ruben-garradas\/","actionableFeedbackPolicy":"https:\/\/nutrition4ushop.com\/cookies-policy\/","ethicsPolicy":"https:\/\/nutrition4ushop.com\/terms-and-conditions\/","address":{"@id":"https:\/\/nutrition4ushop.com\/product\/animal-m-stak-21-packs\/#local-main-place-address"},"telephone":[],"openingHoursSpecification":[]},{"@type":"PostalAddress","@id":"https:\/\/nutrition4ushop.com\/product\/animal-m-stak-21-packs\/#local-main-place-address","streetAddress":"R. 1\u00ba de Maio n\u00b035 Loja 221","addressLocality":"Amora","postalCode":"2845-162","addressRegion":"Set\u00fabal","addressCountry":"PT"},{"@type":"ImageObject","inLanguage":"pt-PT","@id":"https:\/\/nutrition4ushop.com\/product\/animal-m-stak-21-packs\/#local-main-organization-logo","url":"https:\/\/nutrition4ushop.com\/wp-content\/uploads\/2024\/02\/WhatsApp-Image-2024-02-02-at-5.49.55-PM-1.jpeg","contentUrl":"https:\/\/nutrition4ushop.com\/wp-content\/uploads\/2024\/02\/WhatsApp-Image-2024-02-02-at-5.49.55-PM-1.jpeg","width":1416,"height":1476,"caption":"Nutrition4u"}]},"product_price_amount":"62.00","product_price_currency":"EUR","og_availability":"instock","product_availability":"instock","product_condition":"new","geo.placename":"Amora","geo.region":"Portugal"},"publishpress_future_action":{"enabled":false,"date":"2026-05-12 22:37:39","action":"change-status","newStatus":"draft","terms":[],"taxonomy":"product_brand","extraData":[]},"publishpress_future_workflow_manual_trigger":{"enabledWorkflows":[]},"tiered_pricing_type":"fixed","tiered_pricing_fixed_rules":[],"tiered_pricing_product_settings":{"layout":"default","base_unit_name":{"singular":null,"plural":null},"default_variation":null},"tiered_pricing_minimum_quantity":null,"tiered_pricing_roles_data":[],"tiered_pricing_percentage_rules":[],"tiered_pricing_maximum_quantity":null,"tiered_pricing_quantity_step":null,"_links":{"self":[{"href":"https:\/\/nutrition4ushop.com\/pt\/wp-json\/wp\/v2\/product\/11009","targetHints":{"allow":["GET"]}}],"collection":[{"href":"https:\/\/nutrition4ushop.com\/pt\/wp-json\/wp\/v2\/product"}],"about":[{"href":"https:\/\/nutrition4ushop.com\/pt\/wp-json\/wp\/v2\/types\/product"}],"replies":[{"embeddable":true,"href":"https:\/\/nutrition4ushop.com\/pt\/wp-json\/wp\/v2\/comments?post=11009"}],"version-history":[{"count":2,"href":"https:\/\/nutrition4ushop.com\/pt\/wp-json\/wp\/v2\/product\/11009\/revisions"}],"predecessor-version":[{"id":11313,"href":"https:\/\/nutrition4ushop.com\/pt\/wp-json\/wp\/v2\/product\/11009\/revisions\/11313"}],"wp:featuredmedia":[{"embeddable":true,"href":"https:\/\/nutrition4ushop.com\/pt\/wp-json\/wp\/v2\/media\/11012"}],"wp:attachment":[{"href":"https:\/\/nutrition4ushop.com\/pt\/wp-json\/wp\/v2\/media?parent=11009"}],"wp:term":[{"taxonomy":"product_brand","embeddable":true,"href":"https:\/\/nutrition4ushop.com\/pt\/wp-json\/wp\/v2\/product_brand?post=11009"},{"taxonomy":"product_cat","embeddable":true,"href":"https:\/\/nutrition4ushop.com\/pt\/wp-json\/wp\/v2\/product_cat?post=11009"},{"taxonomy":"product_tag","embeddable":true,"href":"https:\/\/nutrition4ushop.com\/pt\/wp-json\/wp\/v2\/product_tag?post=11009"}],"curies":[{"name":"wp","href":"https:\/\/api.w.org\/{rel}","templated":true}]}}