{"id":11024,"date":"2025-07-26T10:57:30","date_gmt":"2025-07-26T10:57:30","guid":{"rendered":"https:\/\/nutrition4ushop.com\/?post_type=product&#038;p=11024"},"modified":"2025-08-11T06:26:48","modified_gmt":"2025-08-11T06:26:48","slug":"magnum-8000","status":"publish","type":"product","link":"https:\/\/nutrition4ushop.com\/pt\/product\/magnum-8000\/","title":{"rendered":"MAGNUM 8000"},"content":{"rendered":"<p>O produto cont\u00e9m quantidades cuidadosamente selecionadas de hidratos de carbono diversificados, prote\u00ednas completas e \u00f3leo MCT, bem como uma por\u00e7\u00e3o elevada de monohidrato de creatina. MAGNUM 8000 ajuda a construir e a manter a massa muscular. A toma de um suplemento de 3 g de creatina por dia aumenta o desempenho f\u00edsico em s\u00e9ries sucessivas de exerc\u00edcios de curta dura\u00e7\u00e3o e alta intensidade. MAGNUM 8000 foi tamb\u00e9m suplementado com um complexo de vitaminas essenciais.<\/p>\n<ul>\n<li>Produto de alta energia para quem tem dificuldade em ganhar massa (hardgainers);<\/li>\n<li>Aumento massivo do peso corporal;<\/li>\n<li>12 g de creatina e 6 g de \u00f3leo MCT por dose di\u00e1ria.<\/li>\n<\/ul>\n<p class=\"translation-block\"><strong>DDR:<\/strong> Dissolver uma dose do produto \u2013 75 g (2,5 medidas) em 250 ml de \u00e1gua ou leite; utilizar um shaker ou liquidificadora. Consoante as tuas necessidades, toma 3 a 4 doses por dia.\nEm dias de treino: 1.\u00aa dose 1,5 horas antes do treino, 2.\u00aa dose at\u00e9 0,5 horas ap\u00f3s o treino, as restantes doses devem ser tomadas entre refei\u00e7\u00f5es.\nEm dias sem treino: 1.\u00aa dose de manh\u00e3 ao acordar, as restantes ao longo do dia entre refei\u00e7\u00f5es.<\/p>\n<p class=\"translation-block\"><strong>Avisos:<\/strong> N\u00e3o exceder a dose di\u00e1ria recomendada. O produto n\u00e3o deve ser tomado por crian\u00e7as, mulheres gr\u00e1vidas ou a amamentar. Segue as instru\u00e7\u00f5es do fabricante indicadas na embalagem. Conservar em local seco e fora do alcance das crian\u00e7as.<\/p>","protected":false},"excerpt":{"rendered":"<p><strong>MAGNUM 8000<\/strong>\u00a0\u00e9 um concentrado nutricional avan\u00e7ado para culturistas, desportistas que praticam desportos de for\u00e7a e pessoas activas que desejam ganhar massa corporal.<\/p>","protected":false},"featured_media":11026,"comment_status":"open","ping_status":"closed","template":"","meta":{"site-sidebar-layout":"default","site-content-layout":"","ast-site-content-layout":"default","site-content-style":"default","site-sidebar-style":"default","ast-global-header-display":"","ast-banner-title-visibility":"","ast-main-header-display":"","ast-hfb-above-header-display":"","ast-hfb-below-header-display":"","ast-hfb-mobile-header-display":"","site-post-title":"","ast-breadcrumbs-content":"","ast-featured-img":"","footer-sml-layout":"","theme-transparent-header-meta":"default","adv-header-id-meta":"","stick-header-meta":"","header-above-stick-meta":"","header-main-stick-meta":"","header-below-stick-meta":"","astra-migrate-meta-layouts":"set","ast-page-background-enabled":"default","ast-page-background-meta":{"desktop":{"background-color":"var(--ast-global-color-4)","background-image":"","background-repeat":"repeat","background-position":"center center","background-size":"auto","background-attachment":"scroll","background-type":"","background-media":"","overlay-type":"","overlay-color":"","overlay-opacity":"","overlay-gradient":""},"tablet":{"background-color":"","background-image":"","background-repeat":"repeat","background-position":"center center","background-size":"auto","background-attachment":"scroll","background-type":"","background-media":"","overlay-type":"","overlay-color":"","overlay-opacity":"","overlay-gradient":""},"mobile":{"background-color":"","background-image":"","background-repeat":"repeat","background-position":"center center","background-size":"auto","background-attachment":"scroll","background-type":"","background-media":"","overlay-type":"","overlay-color":"","overlay-opacity":"","overlay-gradient":""}},"ast-content-background-meta":{"desktop":{"background-color":"var(--ast-global-color-5)","background-image":"","background-repeat":"repeat","background-position":"center center","background-size":"auto","background-attachment":"scroll","background-type":"","background-media":"","overlay-type":"","overlay-color":"","overlay-opacity":"","overlay-gradient":""},"tablet":{"background-color":"var(--ast-global-color-5)","background-image":"","background-repeat":"repeat","background-position":"center center","background-size":"auto","background-attachment":"scroll","background-type":"","background-media":"","overlay-type":"","overlay-color":"","overlay-opacity":"","overlay-gradient":""},"mobile":{"background-color":"var(--ast-global-color-5)","background-image":"","background-repeat":"repeat","background-position":"center center","background-size":"auto","background-attachment":"scroll","background-type":"","background-media":"","overlay-type":"","overlay-color":"","overlay-opacity":"","overlay-gradient":""}}},"product_brand":[342],"product_cat":[284],"product_tag":[],"class_list":{"0":"post-11024","1":"product","2":"type-product","3":"status-publish","4":"has-post-thumbnail","6":"product_brand-trec","7":"product_cat-carbohydrates-and-weight-gainers","8":"desktop-align-center","9":"tablet-align-left","10":"mobile-align-left","12":"first","13":"instock","14":"shipping-taxable","15":"purchasable","16":"product-type-variable"},"yoast_head":"<!-- This site is optimized with the Yoast SEO Premium plugin v27.5 (Yoast SEO v27.5) - https:\/\/yoast.com\/product\/yoast-seo-premium-wordpress\/ -->\n<title>MAGNUM 8000<\/title>\n<meta name=\"description\" content=\"Discover MAGNUM 8000, the advanced nutritional concentrate for bodybuilders and athletes looking to gain body mass. Packed with proteins, carbs, MCT oil, and creatine, it&#039;s the ultimate high-energy formula for serious muscle growth.\" \/>\n<meta name=\"robots\" content=\"index, follow, max-snippet:-1, max-image-preview:large, max-video-preview:-1\" \/>\n<link rel=\"canonical\" href=\"https:\/\/nutrition4ushop.com\/pt\/produto\/magnum-8000\/\" \/>\n<meta property=\"og:locale\" content=\"pt_PT\" \/>\n<meta property=\"og:type\" content=\"article\" \/>\n<meta property=\"og:title\" content=\"MAGNUM 8000\" \/>\n<meta property=\"og:description\" content=\"Discover MAGNUM 8000, the advanced nutritional concentrate for bodybuilders and athletes looking to gain body mass. Packed with proteins, carbs, MCT oil, and creatine, it&#039;s the ultimate high-energy formula for serious muscle growth.\" \/>\n<meta property=\"og:url\" content=\"https:\/\/nutrition4ushop.com\/pt\/produto\/magnum-8000\/\" \/>\n<meta property=\"og:site_name\" content=\"Nutrition4u\" \/>\n<meta property=\"article:publisher\" content=\"https:\/\/www.facebook.com\/p\/Nutrition4u-100063511002565\" \/>\n<meta property=\"article:modified_time\" content=\"2025-08-11T06:26:48+00:00\" \/>\n<meta property=\"og:image\" content=\"https:\/\/nutrition4ushop.com\/wp-content\/uploads\/2025\/07\/TREC-MAGNUM-8000-1000g-MEGA-MOCNY-GAINER-NA-MASE-BIALKO-WEGLOWODANY-removebg-preview.png\" \/>\n\t<meta property=\"og:image:width\" content=\"500\" \/>\n\t<meta property=\"og:image:height\" content=\"500\" \/>\n\t<meta property=\"og:image:type\" content=\"image\/png\" \/>\n<meta name=\"twitter:card\" content=\"summary_large_image\" \/>\n<meta name=\"twitter:label1\" content=\"Disponibilidade\" \/>\n\t<meta name=\"twitter:data1\" content=\"Em stock\" \/>\n<script type=\"application\/ld+json\" class=\"yoast-schema-graph\">{\"@context\":\"https:\\\/\\\/schema.org\",\"@graph\":[{\"@type\":\"WebPage\",\"@id\":\"https:\\\/\\\/nutrition4ushop.com\\\/product\\\/magnum-8000\\\/\",\"url\":\"https:\\\/\\\/nutrition4ushop.com\\\/product\\\/magnum-8000\\\/\",\"name\":\"MAGNUM 8000\",\"isPartOf\":{\"@id\":\"https:\\\/\\\/nutrition4ushop.com\\\/#website\"},\"primaryImageOfPage\":{\"@id\":\"https:\\\/\\\/nutrition4ushop.com\\\/product\\\/magnum-8000\\\/#primaryimage\"},\"image\":{\"@id\":\"https:\\\/\\\/nutrition4ushop.com\\\/product\\\/magnum-8000\\\/#primaryimage\"},\"thumbnailUrl\":\"https:\\\/\\\/nutrition4ushop.com\\\/wp-content\\\/uploads\\\/2025\\\/07\\\/TREC-MAGNUM-8000-1000g-MEGA-MOCNY-GAINER-NA-MASE-BIALKO-WEGLOWODANY-removebg-preview.png\",\"datePublished\":\"2025-07-26T10:57:30+00:00\",\"dateModified\":\"2025-08-11T06:26:48+00:00\",\"description\":\"Discover MAGNUM 8000, the advanced nutritional concentrate for bodybuilders and athletes looking to gain body mass. Packed with proteins, carbs, MCT oil, and creatine, it's the ultimate high-energy formula for serious muscle growth.\",\"breadcrumb\":{\"@id\":\"https:\\\/\\\/nutrition4ushop.com\\\/product\\\/magnum-8000\\\/#breadcrumb\"},\"inLanguage\":\"pt-PT\",\"potentialAction\":[{\"@type\":\"ReadAction\",\"target\":[\"https:\\\/\\\/nutrition4ushop.com\\\/product\\\/magnum-8000\\\/\"]}]},{\"@type\":\"ImageObject\",\"inLanguage\":\"pt-PT\",\"@id\":\"https:\\\/\\\/nutrition4ushop.com\\\/product\\\/magnum-8000\\\/#primaryimage\",\"url\":\"https:\\\/\\\/nutrition4ushop.com\\\/wp-content\\\/uploads\\\/2025\\\/07\\\/TREC-MAGNUM-8000-1000g-MEGA-MOCNY-GAINER-NA-MASE-BIALKO-WEGLOWODANY-removebg-preview.png\",\"contentUrl\":\"https:\\\/\\\/nutrition4ushop.com\\\/wp-content\\\/uploads\\\/2025\\\/07\\\/TREC-MAGNUM-8000-1000g-MEGA-MOCNY-GAINER-NA-MASE-BIALKO-WEGLOWODANY-removebg-preview.png\",\"width\":500,\"height\":500,\"caption\":\"MAGNUM 8000\"},{\"@type\":\"BreadcrumbList\",\"@id\":\"https:\\\/\\\/nutrition4ushop.com\\\/product\\\/magnum-8000\\\/#breadcrumb\",\"itemListElement\":[{\"@type\":\"ListItem\",\"position\":1,\"name\":\"Home\",\"item\":\"https:\\\/\\\/nutrition4ushop.com\\\/\"},{\"@type\":\"ListItem\",\"position\":2,\"name\":\"Shop\",\"item\":\"https:\\\/\\\/nutrition4ushop.com\\\/shop\\\/\"},{\"@type\":\"ListItem\",\"position\":3,\"name\":\"MAGNUM 8000\"}]},{\"@type\":\"WebSite\",\"@id\":\"https:\\\/\\\/nutrition4ushop.com\\\/#website\",\"url\":\"https:\\\/\\\/nutrition4ushop.com\\\/\",\"name\":\"Nutrition4u\",\"description\":\"\",\"publisher\":{\"@id\":\"https:\\\/\\\/nutrition4ushop.com\\\/#organization\"},\"potentialAction\":[{\"@type\":\"SearchAction\",\"target\":{\"@type\":\"EntryPoint\",\"urlTemplate\":\"https:\\\/\\\/nutrition4ushop.com\\\/?s={search_term_string}\"},\"query-input\":{\"@type\":\"PropertyValueSpecification\",\"valueRequired\":true,\"valueName\":\"search_term_string\"}}],\"inLanguage\":\"pt-PT\"},{\"@type\":[\"Organization\",\"Place\",\"SportingGoodsStore\"],\"@id\":\"https:\\\/\\\/nutrition4ushop.com\\\/#organization\",\"name\":\"Nutrition4u\",\"alternateName\":\"Nutrition4u\",\"url\":\"https:\\\/\\\/nutrition4ushop.com\\\/\",\"logo\":{\"@id\":\"https:\\\/\\\/nutrition4ushop.com\\\/product\\\/magnum-8000\\\/#local-main-organization-logo\"},\"image\":{\"@id\":\"https:\\\/\\\/nutrition4ushop.com\\\/product\\\/magnum-8000\\\/#local-main-organization-logo\"},\"sameAs\":[\"https:\\\/\\\/www.facebook.com\\\/p\\\/Nutrition4u-100063511002565\",\"https:\\\/\\\/www.instagram.com\\\/nutrition4u_by_rubengarradas\\\/\"],\"description\":\"Suplementos de qualidade. Suplementos e vitaminas Procell , Marvelous e muito mais. NUTRITION4U suplementos para todo o tipo de pessoas e atletas.\",\"publishingPrinciples\":\"https:\\\/\\\/nutrition4ushop.com\\\/about-us\\\/\",\"ownershipFundingInfo\":\"https:\\\/\\\/nutrition4ushop.com\\\/train-with-ruben-garradas\\\/\",\"actionableFeedbackPolicy\":\"https:\\\/\\\/nutrition4ushop.com\\\/cookies-policy\\\/\",\"ethicsPolicy\":\"https:\\\/\\\/nutrition4ushop.com\\\/terms-and-conditions\\\/\",\"address\":{\"@id\":\"https:\\\/\\\/nutrition4ushop.com\\\/product\\\/magnum-8000\\\/#local-main-place-address\"},\"telephone\":[],\"openingHoursSpecification\":[]},{\"@type\":\"PostalAddress\",\"@id\":\"https:\\\/\\\/nutrition4ushop.com\\\/product\\\/magnum-8000\\\/#local-main-place-address\",\"streetAddress\":\"R. 1\u00ba de Maio n\u00b035 Loja 221\",\"addressLocality\":\"Amora\",\"postalCode\":\"2845-162\",\"addressRegion\":\"Set\u00fabal\",\"addressCountry\":\"PT\"},{\"@type\":\"ImageObject\",\"inLanguage\":\"pt-PT\",\"@id\":\"https:\\\/\\\/nutrition4ushop.com\\\/product\\\/magnum-8000\\\/#local-main-organization-logo\",\"url\":\"https:\\\/\\\/nutrition4ushop.com\\\/wp-content\\\/uploads\\\/2024\\\/02\\\/WhatsApp-Image-2024-02-02-at-5.49.55-PM-1.jpeg\",\"contentUrl\":\"https:\\\/\\\/nutrition4ushop.com\\\/wp-content\\\/uploads\\\/2024\\\/02\\\/WhatsApp-Image-2024-02-02-at-5.49.55-PM-1.jpeg\",\"width\":1416,\"height\":1476,\"caption\":\"Nutrition4u\"}]}<\/script>\n<meta property=\"og:availability\" content=\"instock\" \/>\n<meta property=\"product:availability\" content=\"instock\" \/>\n<meta property=\"product:condition\" content=\"new\" \/>\n<meta name=\"geo.placename\" content=\"Amora\" \/>\n<meta name=\"geo.region\" content=\"Portugal\" \/>\n<!-- \/ Yoast SEO Premium plugin. -->","yoast_head_json":{"title":"MAGNUM 8000","description":"Descubra MAGNUM 8000, o concentrado nutricional avan\u00e7ado para culturistas e atletas que procuram ganhar massa corporal. Repleto de prote\u00ednas, hidratos de carbono, \u00f3leo MCT e creatina, \u00e9 a f\u00f3rmula definitiva de alta energia para um crescimento muscular s\u00e9rio.","robots":{"index":"index","follow":"follow","max-snippet":"max-snippet:-1","max-image-preview":"max-image-preview:large","max-video-preview":"max-video-preview:-1"},"canonical":"https:\/\/nutrition4ushop.com\/pt\/produto\/magnum-8000\/","og_locale":"pt_PT","og_type":"article","og_title":"MAGNUM 8000","og_description":"Discover MAGNUM 8000, the advanced nutritional concentrate for bodybuilders and athletes looking to gain body mass. Packed with proteins, carbs, MCT oil, and creatine, it's the ultimate high-energy formula for serious muscle growth.","og_url":"https:\/\/nutrition4ushop.com\/pt\/produto\/magnum-8000\/","og_site_name":"Nutrition4u","article_publisher":"https:\/\/www.facebook.com\/p\/Nutrition4u-100063511002565","article_modified_time":"2025-08-11T06:26:48+00:00","og_image":[{"width":500,"height":500,"url":"https:\/\/nutrition4ushop.com\/wp-content\/uploads\/2025\/07\/TREC-MAGNUM-8000-1000g-MEGA-MOCNY-GAINER-NA-MASE-BIALKO-WEGLOWODANY-removebg-preview.png","type":"image\/png"}],"twitter_card":"summary_large_image","twitter_misc":{"Disponibilidade":"Em stock"},"schema":{"@context":"https:\/\/schema.org","@graph":[{"@type":"WebPage","@id":"https:\/\/nutrition4ushop.com\/product\/magnum-8000\/","url":"https:\/\/nutrition4ushop.com\/product\/magnum-8000\/","name":"MAGNUM 8000","isPartOf":{"@id":"https:\/\/nutrition4ushop.com\/#website"},"primaryImageOfPage":{"@id":"https:\/\/nutrition4ushop.com\/product\/magnum-8000\/#primaryimage"},"image":{"@id":"https:\/\/nutrition4ushop.com\/product\/magnum-8000\/#primaryimage"},"thumbnailUrl":"https:\/\/nutrition4ushop.com\/wp-content\/uploads\/2025\/07\/TREC-MAGNUM-8000-1000g-MEGA-MOCNY-GAINER-NA-MASE-BIALKO-WEGLOWODANY-removebg-preview.png","datePublished":"2025-07-26T10:57:30+00:00","dateModified":"2025-08-11T06:26:48+00:00","description":"Descubra MAGNUM 8000, o concentrado nutricional avan\u00e7ado para culturistas e atletas que procuram ganhar massa corporal. Repleto de prote\u00ednas, hidratos de carbono, \u00f3leo MCT e creatina, \u00e9 a f\u00f3rmula definitiva de alta energia para um crescimento muscular s\u00e9rio.","breadcrumb":{"@id":"https:\/\/nutrition4ushop.com\/product\/magnum-8000\/#breadcrumb"},"inLanguage":"pt-PT","potentialAction":[{"@type":"ReadAction","target":["https:\/\/nutrition4ushop.com\/product\/magnum-8000\/"]}]},{"@type":"ImageObject","inLanguage":"pt-PT","@id":"https:\/\/nutrition4ushop.com\/product\/magnum-8000\/#primaryimage","url":"https:\/\/nutrition4ushop.com\/wp-content\/uploads\/2025\/07\/TREC-MAGNUM-8000-1000g-MEGA-MOCNY-GAINER-NA-MASE-BIALKO-WEGLOWODANY-removebg-preview.png","contentUrl":"https:\/\/nutrition4ushop.com\/wp-content\/uploads\/2025\/07\/TREC-MAGNUM-8000-1000g-MEGA-MOCNY-GAINER-NA-MASE-BIALKO-WEGLOWODANY-removebg-preview.png","width":500,"height":500,"caption":"MAGNUM 8000"},{"@type":"BreadcrumbList","@id":"https:\/\/nutrition4ushop.com\/product\/magnum-8000\/#breadcrumb","itemListElement":[{"@type":"ListItem","position":1,"name":"Home","item":"https:\/\/nutrition4ushop.com\/"},{"@type":"ListItem","position":2,"name":"Shop","item":"https:\/\/nutrition4ushop.com\/shop\/"},{"@type":"ListItem","position":3,"name":"MAGNUM 8000"}]},{"@type":"WebSite","@id":"https:\/\/nutrition4ushop.com\/#website","url":"https:\/\/nutrition4ushop.com\/","name":"Nutri\u00e7\u00e3o4u","description":"","publisher":{"@id":"https:\/\/nutrition4ushop.com\/#organization"},"potentialAction":[{"@type":"SearchAction","target":{"@type":"EntryPoint","urlTemplate":"https:\/\/nutrition4ushop.com\/?s={search_term_string}"},"query-input":{"@type":"PropertyValueSpecification","valueRequired":true,"valueName":"search_term_string"}}],"inLanguage":"pt-PT"},{"@type":["Organization","Place","SportingGoodsStore"],"@id":"https:\/\/nutrition4ushop.com\/#organization","name":"Nutri\u00e7\u00e3o4u","alternateName":"Nutrition4u","url":"https:\/\/nutrition4ushop.com\/","logo":{"@id":"https:\/\/nutrition4ushop.com\/product\/magnum-8000\/#local-main-organization-logo"},"image":{"@id":"https:\/\/nutrition4ushop.com\/product\/magnum-8000\/#local-main-organization-logo"},"sameAs":["https:\/\/www.facebook.com\/p\/Nutrition4u-100063511002565","https:\/\/www.instagram.com\/nutrition4u_by_rubengarradas\/"],"description":"Suplementos de qualidade. Suplementos e vitaminas Procell , Marvelous e muito mais. NUTRITION4U suplementos para todo o tipo de pessoas e atletas.","publishingPrinciples":"https:\/\/nutrition4ushop.com\/about-us\/","ownershipFundingInfo":"https:\/\/nutrition4ushop.com\/train-with-ruben-garradas\/","actionableFeedbackPolicy":"https:\/\/nutrition4ushop.com\/cookies-policy\/","ethicsPolicy":"https:\/\/nutrition4ushop.com\/terms-and-conditions\/","address":{"@id":"https:\/\/nutrition4ushop.com\/product\/magnum-8000\/#local-main-place-address"},"telephone":[],"openingHoursSpecification":[]},{"@type":"PostalAddress","@id":"https:\/\/nutrition4ushop.com\/product\/magnum-8000\/#local-main-place-address","streetAddress":"R. 1\u00ba de Maio n\u00b035 Loja 221","addressLocality":"Amora","postalCode":"2845-162","addressRegion":"Set\u00fabal","addressCountry":"PT"},{"@type":"ImageObject","inLanguage":"pt-PT","@id":"https:\/\/nutrition4ushop.com\/product\/magnum-8000\/#local-main-organization-logo","url":"https:\/\/nutrition4ushop.com\/wp-content\/uploads\/2024\/02\/WhatsApp-Image-2024-02-02-at-5.49.55-PM-1.jpeg","contentUrl":"https:\/\/nutrition4ushop.com\/wp-content\/uploads\/2024\/02\/WhatsApp-Image-2024-02-02-at-5.49.55-PM-1.jpeg","width":1416,"height":1476,"caption":"Nutrition4u"}]},"og_availability":"instock","product_availability":"instock","product_condition":"new","geo.placename":"Amora","geo.region":"Portugal"},"publishpress_future_action":{"enabled":false,"date":"2026-05-22 11:12:37","action":"change-status","newStatus":"draft","terms":[],"taxonomy":"product_brand","extraData":[]},"publishpress_future_workflow_manual_trigger":{"enabledWorkflows":[]},"tiered_pricing_type":"fixed","tiered_pricing_fixed_rules":[],"tiered_pricing_product_settings":{"layout":"default","base_unit_name":{"singular":null,"plural":null},"default_variation":null},"tiered_pricing_minimum_quantity":null,"tiered_pricing_roles_data":[],"tiered_pricing_percentage_rules":[],"tiered_pricing_maximum_quantity":null,"tiered_pricing_quantity_step":null,"_links":{"self":[{"href":"https:\/\/nutrition4ushop.com\/pt\/wp-json\/wp\/v2\/product\/11024","targetHints":{"allow":["GET"]}}],"collection":[{"href":"https:\/\/nutrition4ushop.com\/pt\/wp-json\/wp\/v2\/product"}],"about":[{"href":"https:\/\/nutrition4ushop.com\/pt\/wp-json\/wp\/v2\/types\/product"}],"replies":[{"embeddable":true,"href":"https:\/\/nutrition4ushop.com\/pt\/wp-json\/wp\/v2\/comments?post=11024"}],"version-history":[{"count":2,"href":"https:\/\/nutrition4ushop.com\/pt\/wp-json\/wp\/v2\/product\/11024\/revisions"}],"predecessor-version":[{"id":11309,"href":"https:\/\/nutrition4ushop.com\/pt\/wp-json\/wp\/v2\/product\/11024\/revisions\/11309"}],"wp:featuredmedia":[{"embeddable":true,"href":"https:\/\/nutrition4ushop.com\/pt\/wp-json\/wp\/v2\/media\/11026"}],"wp:attachment":[{"href":"https:\/\/nutrition4ushop.com\/pt\/wp-json\/wp\/v2\/media?parent=11024"}],"wp:term":[{"taxonomy":"product_brand","embeddable":true,"href":"https:\/\/nutrition4ushop.com\/pt\/wp-json\/wp\/v2\/product_brand?post=11024"},{"taxonomy":"product_cat","embeddable":true,"href":"https:\/\/nutrition4ushop.com\/pt\/wp-json\/wp\/v2\/product_cat?post=11024"},{"taxonomy":"product_tag","embeddable":true,"href":"https:\/\/nutrition4ushop.com\/pt\/wp-json\/wp\/v2\/product_tag?post=11024"}],"curies":[{"name":"wp","href":"https:\/\/api.w.org\/{rel}","templated":true}]}}