{"id":11028,"date":"2025-07-26T11:06:19","date_gmt":"2025-07-26T11:06:19","guid":{"rendered":"https:\/\/nutrition4ushop.com\/?post_type=product&#038;p=11028"},"modified":"2026-01-12T17:26:16","modified_gmt":"2026-01-12T17:26:16","slug":"mutant-mass","status":"publish","type":"product","link":"https:\/\/nutrition4ushop.com\/pt\/product\/mutant-mass\/","title":{"rendered":"Massa mutante"},"content":{"rendered":"<p data-start=\"97\" data-end=\"309\">Just one serving of Mutant Mass provides <strong data-start=\"138\" data-end=\"156\">52g of protein<\/strong> and over <strong data-start=\"166\" data-end=\"179\">1000 kcal<\/strong>, in the most nutritionally and energetically balanced way, delivering <strong data-start=\"250\" data-end=\"274\">massive muscle gains<\/strong> and improved physical performance.<\/p>\n<p data-start=\"311\" data-end=\"565\">Through a trial using Mutant Mass alongside a personalised training plan designed by bodybuilders, <strong data-start=\"410\" data-end=\"458\">tremendous gains in muscle mass and strength<\/strong> were observed \u2014 especially in the <strong data-start=\"493\" data-end=\"518\">chest, arms, and legs<\/strong>. And all of this without significant fat gain!<\/p>\n<p data-start=\"567\" data-end=\"800\"><strong data-start=\"567\" data-end=\"617\">So how does Mutant Mass achieve these results?<\/strong><br data-start=\"617\" data-end=\"620\" \/>Mutant Mass contains several <strong data-start=\"649\" data-end=\"670\">patented formulas<\/strong> featuring <strong data-start=\"681\" data-end=\"713\">10 different protein sources<\/strong>, supplying essential amino acids for rapid muscle tissue repair, recovery, and growth.<\/p>\n<h3 data-start=\"802\" data-end=\"835\">Key Complexes in Mutant Mass:<\/h3>\n<ul data-start=\"837\" data-end=\"1503\">\n<li data-start=\"837\" data-end=\"1039\">\n<p data-start=\"839\" data-end=\"1039\"><strong data-start=\"839\" data-end=\"874\">CLEAN-CARB\u2122 Pro-Glycogen Matrix<\/strong>:<br data-start=\"875\" data-end=\"878\" \/>Contains waxy maize and barley starch \u2014 some of the best carbohydrate energy sources \u2014 to rapidly replenish muscle glycogen, boosting performance and recovery.<\/p>\n<\/li>\n<li data-start=\"1041\" data-end=\"1226\">\n<p data-start=\"1043\" data-end=\"1226\"><strong data-start=\"1043\" data-end=\"1073\">LIPOTHERM Sport Oil Matrix<\/strong>:<br data-start=\"1074\" data-end=\"1077\" \/>A unique fat blend with essential fatty acids (including MCTs, CLAs, and flaxseed oil) that helps the body use fat as energy instead of storing it.<\/p>\n<\/li>\n<li data-start=\"1228\" data-end=\"1352\">\n<p data-start=\"1230\" data-end=\"1352\"><strong data-start=\"1230\" data-end=\"1267\">AMINO-G\u2122 Glutamine Peptide Matrix<\/strong>:<br data-start=\"1268\" data-end=\"1271\" \/>Provides enzyme-modified glutamine-bound peptides to enhance recovery capacity.<\/p>\n<\/li>\n<li data-start=\"1354\" data-end=\"1503\">\n<p data-start=\"1356\" data-end=\"1503\"><strong data-start=\"1356\" data-end=\"1394\">INTRASORB-5\u2122 Calorie Impact Matrix<\/strong>:<br data-start=\"1395\" data-end=\"1398\" \/>Includes colostrum and the Insu-Drive complex to improve digestion and nutrient absorption into muscle.<\/p>\n<\/li>\n<\/ul>\n<p data-start=\"1505\" data-end=\"1564\"><strong data-start=\"1505\" data-end=\"1564\">Push human limits and become a mutant with Mutant Mass.<\/strong><\/p>\n<p data-start=\"1505\" data-end=\"1564\"><span style=\"font-size: 16px;\">This product is not intended to diagnose, treat, cure, or prevent any disease. Results may vary depending on individual factors including age and gender.<\/span><\/p>\n<div class=\"amino-acid nutri\">\n<div class=\"product-flavour content-text amino-acid-box\">\n<div class=\"productGeneralright amino-acid-box-contant\">\n<div>\n<h3 class=\"full_name\">Informa\u00e7\u00e3o Nutricional e Modo de Utiliza\u00e7\u00e3o<\/h3>\n<\/div>\n<table class=\"table\">\n<tbody>\n<tr>\n<td colspan=\"2\"><strong>Consumir de prefer\u00eancia antes de<\/strong><\/td>\n<td><span class=\"expiry-date-span title_ingres s__1933\">02\/2026<\/span><\/td>\n<\/tr>\n<tr>\n<td colspan=\"2\"><strong>Tamanho da Dose<\/strong><\/td>\n<td><span class=\"title_ingres s__1933\">4 colheres (280 g)<\/span><\/td>\n<\/tr>\n<tr>\n<td colspan=\"2\"><strong>Doses por produto<\/strong><\/td>\n<td><span class=\"title_ingres s__1933\">8<\/span><\/td>\n<\/tr>\n<\/tbody>\n<\/table>\n<div id=\"p_1933\" class=\"master ingredients\">\n<table class=\"table\">\n<tbody>\n<tr>\n<td class=\"bg-white\"><\/td>\n<td>Por Dose<\/td>\n<td>% Valor Di\u00e1rio<\/td>\n<\/tr>\n<tr>\n<td colspan=\"3\">As informa\u00e7\u00f5es nutricionais e de ingredientes referem-se ao sabor Cookie &amp; Cream, podendo variar em outros sabores.<\/td>\n<\/tr>\n<tr>\n<td><span class=\"marL5\">Energia<\/span><\/td>\n<td><span class=\"serving\">4600<\/span>\u00a0kj<\/td>\n<td><span class=\"serving\">55%<\/span><\/td>\n<\/tr>\n<tr>\n<td><span class=\"marL5\">Calorias<\/span><\/td>\n<td><span class=\"serving\">1100<\/span>\u00a0kcal<\/td>\n<td><span class=\"serving\">55%<\/span><\/td>\n<\/tr>\n<tr>\n<td>Gordura<\/td>\n<td><span class=\"serving\">12<\/span>\u00a0g<\/td>\n<td><span class=\"serving\">18%<\/span><\/td>\n<\/tr>\n<tr>\n<td><span class=\"marL5\">da qual gordura saturada<\/span><\/td>\n<td><span class=\"serving\">6<\/span>\u00a0g<\/td>\n<td>*<\/td>\n<\/tr>\n<tr>\n<td>Hidratos de carbono<\/td>\n<td><span class=\"serving\">192<\/span>\u00a0g<\/td>\n<td><span class=\"serving\">74%<\/span><\/td>\n<\/tr>\n<tr>\n<td><span class=\"marL5\">dos quais a\u00e7\u00facares<\/span><\/td>\n<td><span class=\"serving\">18<\/span>\u00a0g<\/td>\n<td><span class=\"serving\">20%<\/span><\/td>\n<\/tr>\n<tr>\n<td>Fibra diet\u00e9tica<\/td>\n<td><span class=\"serving\">6<\/span>\u00a0g<\/td>\n<td><span class=\"serving\">24%<\/span><\/td>\n<\/tr>\n<tr>\n<td><a href=\"https:\/\/www.zumub.com\/PT\/proteinas\">Prote\u00edna<\/a><\/td>\n<td><span class=\"serving\">56<\/span>\u00a0g<\/td>\n<td><span class=\"serving\">112%<\/span><\/td>\n<\/tr>\n<tr>\n<td>Sal<\/td>\n<td><span class=\"serving\">0.95<\/span>\u00a0g<\/td>\n<td><span class=\"serving\">16%<\/span><\/td>\n<\/tr>\n<tr>\n<td colspan=\"3\">*Valor de Refer\u00eancia do Nutriente n\u00e3o estabelecido<\/td>\n<\/tr>\n<tr>\n<td colspan=\"3\">Outros Ingredientes:\u00a0<a href=\"https:\/\/www.zumub.com\/PT\/hidratos-de-carbono\/milho-ceroso\">Amido de milho ceroso<\/a>,\u00a0<a href=\"https:\/\/www.zumub.com\/PT\/nutri-ao-desportiva\/maltodextrina\">Maltodextrina<\/a>, Amido de cevada (Vitargo), Batata doce, flocos de aveia,\u00a0<a href=\"https:\/\/www.zumub.com\/PT\/ingredients\/concentrado-de-proteina-de-soro-de-leite\">Concentrado de prote\u00edna de soro de leite<\/a>, Hidrolisado de prote\u00ednas de whey de leite, Isolado proteico de Whey, Prote\u00edna Case\u00edna, Concentrado de proteina de leite, Isolado de proteina de leite, \u00d3leo de coco fracionado, \u00d3leo de abacate, Sementes de linha\u00e7a, Extrato de semente de ab\u00f3bora, \u00d3leo de girassol, Espessantes:, Soja, Fibra de ervilha, Goma de Guar, Biscoitos finos (farinha enriquecida (farinha de trigo, niacina, ferro reduzido, mononitrato de tiamina [vitamina B1], fiboflavina [vitamina B2], \u00e1cido f\u00f3lico), Sabores Naturais e Artificiais, Ado\u00e7ante (Sucralose), Emulsificante: lecitina de soja, Mistura de Enzimas (protease, lactase), Extrato de Canela (casca) (Cinnulina PF), Extrato de cereja<\/td>\n<\/tr>\n<tr>\n<td colspan=\"3\">Informa\u00e7\u00e3o sobre Alerg\u00e9nicos: Cont\u00e9m leite, soja,Aveia,Cevada,Orgulhosamente produzido nas nossas instala\u00e7\u00f5es, que tamb\u00e9m processam ingredientes de trigo, peixe (colag\u00e9nio).<\/td>\n<\/tr>\n<\/tbody>\n<\/table>\n<\/div>\n<\/div>\n<\/div>\n<\/div>\n<div class=\"infor-more infor-more1\">\n<div class=\"product-flavour content-text infor-more-desktop\">\n<div class=\"clearfix infor-more-contant\">\n<p><strong>Modo de Utiliza\u00e7\u00e3o<\/strong>Como suplemento diet\u00e9tico, adicione 720\u2013960ml de \u00e1gua a um liquidificador ou shaker grande, em seguida, adicione 4 colheres de medida, misture ou agite durante 20 a 30 segundos. Em dias de treino, toma 1 dose (4 colheres de medida) imediatamente ap\u00f3s o treino. Em dias em que n\u00e3o treinas, toma meia dose.<\/p>\n<p><strong>Avisos :<\/strong>Mantenha fora do alcance das crian\u00e7as. N\u00e3o exceda a dose di\u00e1ria recomendada! Os suplementos alimentares n\u00e3o devem ser utilizados como substituto para uma dieta variada e equilibrada e estilo de vida saud\u00e1vel. N\u00e3o tomar em caso de alergia a algum dos constituintes. Guarde em local fresco e seco. Recicle. Lote\/Consuma antes de: Verifique o n\u00famero do lote e a data de durabilidade m\u00ednima carimbados na embalagem.<\/p>\n<p>Nota: \u00c9 aconselh\u00e1vel a consulta de um m\u00e9dico ou nutricionista sempre que tiver d\u00favidas sobre o consumo deste produto.<\/p>\n<\/div>\n<\/div>\n<\/div>\n","protected":false},"excerpt":{"rendered":"<p><strong data-start=\"0\" data-end=\"15\">Massa mutante<\/strong> \u00e9 o gainer de massa concebido para atletas que se esfor\u00e7am por bater os seus pr\u00f3prios recordes.<\/p>","protected":false},"featured_media":12030,"comment_status":"open","ping_status":"closed","template":"","meta":{"site-sidebar-layout":"default","site-content-layout":"","ast-site-content-layout":"default","site-content-style":"default","site-sidebar-style":"default","ast-global-header-display":"","ast-banner-title-visibility":"","ast-main-header-display":"","ast-hfb-above-header-display":"","ast-hfb-below-header-display":"","ast-hfb-mobile-header-display":"","site-post-title":"","ast-breadcrumbs-content":"","ast-featured-img":"","footer-sml-layout":"","theme-transparent-header-meta":"default","adv-header-id-meta":"","stick-header-meta":"","header-above-stick-meta":"","header-main-stick-meta":"","header-below-stick-meta":"","astra-migrate-meta-layouts":"set","ast-page-background-enabled":"default","ast-page-background-meta":{"desktop":{"background-color":"var(--ast-global-color-4)","background-image":"","background-repeat":"repeat","background-position":"center center","background-size":"auto","background-attachment":"scroll","background-type":"","background-media":"","overlay-type":"","overlay-color":"","overlay-opacity":"","overlay-gradient":""},"tablet":{"background-color":"","background-image":"","background-repeat":"repeat","background-position":"center center","background-size":"auto","background-attachment":"scroll","background-type":"","background-media":"","overlay-type":"","overlay-color":"","overlay-opacity":"","overlay-gradient":""},"mobile":{"background-color":"","background-image":"","background-repeat":"repeat","background-position":"center center","background-size":"auto","background-attachment":"scroll","background-type":"","background-media":"","overlay-type":"","overlay-color":"","overlay-opacity":"","overlay-gradient":""}},"ast-content-background-meta":{"desktop":{"background-color":"var(--ast-global-color-5)","background-image":"","background-repeat":"repeat","background-position":"center center","background-size":"auto","background-attachment":"scroll","background-type":"","background-media":"","overlay-type":"","overlay-color":"","overlay-opacity":"","overlay-gradient":""},"tablet":{"background-color":"var(--ast-global-color-5)","background-image":"","background-repeat":"repeat","background-position":"center center","background-size":"auto","background-attachment":"scroll","background-type":"","background-media":"","overlay-type":"","overlay-color":"","overlay-opacity":"","overlay-gradient":""},"mobile":{"background-color":"var(--ast-global-color-5)","background-image":"","background-repeat":"repeat","background-position":"center center","background-size":"auto","background-attachment":"scroll","background-type":"","background-media":"","overlay-type":"","overlay-color":"","overlay-opacity":"","overlay-gradient":""}}},"product_brand":[317],"product_cat":[284],"product_tag":[],"class_list":{"0":"post-11028","1":"product","2":"type-product","3":"status-publish","4":"has-post-thumbnail","6":"product_brand-mutant","7":"product_cat-carbohydrates-and-weight-gainers","8":"desktop-align-center","9":"tablet-align-left","10":"mobile-align-left","12":"first","13":"instock","14":"sale","15":"shipping-taxable","16":"purchasable","17":"product-type-variable"},"yoast_head":"<!-- This site is optimized with the Yoast SEO Premium plugin v27.5 (Yoast SEO v27.5) - https:\/\/yoast.com\/product\/yoast-seo-premium-wordpress\/ -->\n<title>Mutant Mass<\/title>\n<meta name=\"description\" content=\"Fuel your muscle gains with Mutant Mass, a powerful mass gainer delivering over 1000 calories and 52g of protein per serving. Perfect for athletes looking to build serious size and strength. Shop now at Nutrition4u.\" \/>\n<meta name=\"robots\" content=\"index, follow, max-snippet:-1, max-image-preview:large, max-video-preview:-1\" \/>\n<link rel=\"canonical\" href=\"https:\/\/nutrition4ushop.com\/pt\/produto\/mutant-mass\/\" \/>\n<meta property=\"og:locale\" content=\"pt_PT\" \/>\n<meta property=\"og:type\" content=\"article\" \/>\n<meta property=\"og:title\" content=\"Mutant Mass\" \/>\n<meta property=\"og:description\" content=\"Fuel your muscle gains with Mutant Mass, a powerful mass gainer delivering over 1000 calories and 52g of protein per serving. Perfect for athletes looking to build serious size and strength. Shop now at Nutrition4u.\" \/>\n<meta property=\"og:url\" content=\"https:\/\/nutrition4ushop.com\/pt\/produto\/mutant-mass\/\" \/>\n<meta property=\"og:site_name\" content=\"Nutrition4u\" \/>\n<meta property=\"article:publisher\" content=\"https:\/\/www.facebook.com\/p\/Nutrition4u-100063511002565\" \/>\n<meta property=\"article:modified_time\" content=\"2026-01-12T17:26:16+00:00\" \/>\n<meta property=\"og:image\" content=\"https:\/\/nutrition4ushop.com\/wp-content\/uploads\/2025\/07\/ee879bce-62a6-4540-b5ea-ced32564472c.jpg\" \/>\n\t<meta property=\"og:image:width\" content=\"1024\" \/>\n\t<meta property=\"og:image:height\" content=\"1024\" \/>\n\t<meta property=\"og:image:type\" content=\"image\/jpeg\" \/>\n<meta name=\"twitter:card\" content=\"summary_large_image\" \/>\n<meta name=\"twitter:label1\" content=\"Disponibilidade\" \/>\n\t<meta name=\"twitter:data1\" content=\"Em stock\" \/>\n<script type=\"application\/ld+json\" class=\"yoast-schema-graph\">{\"@context\":\"https:\\\/\\\/schema.org\",\"@graph\":[{\"@type\":\"WebPage\",\"@id\":\"https:\\\/\\\/nutrition4ushop.com\\\/product\\\/mutant-mass\\\/\",\"url\":\"https:\\\/\\\/nutrition4ushop.com\\\/product\\\/mutant-mass\\\/\",\"name\":\"Mutant Mass\",\"isPartOf\":{\"@id\":\"https:\\\/\\\/nutrition4ushop.com\\\/#website\"},\"primaryImageOfPage\":{\"@id\":\"https:\\\/\\\/nutrition4ushop.com\\\/product\\\/mutant-mass\\\/#primaryimage\"},\"image\":{\"@id\":\"https:\\\/\\\/nutrition4ushop.com\\\/product\\\/mutant-mass\\\/#primaryimage\"},\"thumbnailUrl\":\"https:\\\/\\\/nutrition4ushop.com\\\/wp-content\\\/uploads\\\/2025\\\/07\\\/ee879bce-62a6-4540-b5ea-ced32564472c.jpg\",\"datePublished\":\"2025-07-26T11:06:19+00:00\",\"dateModified\":\"2026-01-12T17:26:16+00:00\",\"description\":\"Fuel your muscle gains with Mutant Mass, a powerful mass gainer delivering over 1000 calories and 52g of protein per serving. Perfect for athletes looking to build serious size and strength. Shop now at Nutrition4u.\",\"breadcrumb\":{\"@id\":\"https:\\\/\\\/nutrition4ushop.com\\\/product\\\/mutant-mass\\\/#breadcrumb\"},\"inLanguage\":\"pt-PT\",\"potentialAction\":[{\"@type\":\"ReadAction\",\"target\":[\"https:\\\/\\\/nutrition4ushop.com\\\/product\\\/mutant-mass\\\/\"]}]},{\"@type\":\"ImageObject\",\"inLanguage\":\"pt-PT\",\"@id\":\"https:\\\/\\\/nutrition4ushop.com\\\/product\\\/mutant-mass\\\/#primaryimage\",\"url\":\"https:\\\/\\\/nutrition4ushop.com\\\/wp-content\\\/uploads\\\/2025\\\/07\\\/ee879bce-62a6-4540-b5ea-ced32564472c.jpg\",\"contentUrl\":\"https:\\\/\\\/nutrition4ushop.com\\\/wp-content\\\/uploads\\\/2025\\\/07\\\/ee879bce-62a6-4540-b5ea-ced32564472c.jpg\",\"width\":1024,\"height\":1024},{\"@type\":\"BreadcrumbList\",\"@id\":\"https:\\\/\\\/nutrition4ushop.com\\\/product\\\/mutant-mass\\\/#breadcrumb\",\"itemListElement\":[{\"@type\":\"ListItem\",\"position\":1,\"name\":\"Home\",\"item\":\"https:\\\/\\\/nutrition4ushop.com\\\/\"},{\"@type\":\"ListItem\",\"position\":2,\"name\":\"Shop\",\"item\":\"https:\\\/\\\/nutrition4ushop.com\\\/shop\\\/\"},{\"@type\":\"ListItem\",\"position\":3,\"name\":\"Mutant Mass\"}]},{\"@type\":\"WebSite\",\"@id\":\"https:\\\/\\\/nutrition4ushop.com\\\/#website\",\"url\":\"https:\\\/\\\/nutrition4ushop.com\\\/\",\"name\":\"Nutrition4u\",\"description\":\"\",\"publisher\":{\"@id\":\"https:\\\/\\\/nutrition4ushop.com\\\/#organization\"},\"potentialAction\":[{\"@type\":\"SearchAction\",\"target\":{\"@type\":\"EntryPoint\",\"urlTemplate\":\"https:\\\/\\\/nutrition4ushop.com\\\/?s={search_term_string}\"},\"query-input\":{\"@type\":\"PropertyValueSpecification\",\"valueRequired\":true,\"valueName\":\"search_term_string\"}}],\"inLanguage\":\"pt-PT\"},{\"@type\":[\"Organization\",\"Place\",\"SportingGoodsStore\"],\"@id\":\"https:\\\/\\\/nutrition4ushop.com\\\/#organization\",\"name\":\"Nutrition4u\",\"alternateName\":\"Nutrition4u\",\"url\":\"https:\\\/\\\/nutrition4ushop.com\\\/\",\"logo\":{\"@id\":\"https:\\\/\\\/nutrition4ushop.com\\\/product\\\/mutant-mass\\\/#local-main-organization-logo\"},\"image\":{\"@id\":\"https:\\\/\\\/nutrition4ushop.com\\\/product\\\/mutant-mass\\\/#local-main-organization-logo\"},\"sameAs\":[\"https:\\\/\\\/www.facebook.com\\\/p\\\/Nutrition4u-100063511002565\",\"https:\\\/\\\/www.instagram.com\\\/nutrition4u_by_rubengarradas\\\/\"],\"description\":\"Suplementos de qualidade. Suplementos e vitaminas Procell , Marvelous e muito mais. NUTRITION4U suplementos para todo o tipo de pessoas e atletas.\",\"publishingPrinciples\":\"https:\\\/\\\/nutrition4ushop.com\\\/about-us\\\/\",\"ownershipFundingInfo\":\"https:\\\/\\\/nutrition4ushop.com\\\/train-with-ruben-garradas\\\/\",\"actionableFeedbackPolicy\":\"https:\\\/\\\/nutrition4ushop.com\\\/cookies-policy\\\/\",\"ethicsPolicy\":\"https:\\\/\\\/nutrition4ushop.com\\\/terms-and-conditions\\\/\",\"address\":{\"@id\":\"https:\\\/\\\/nutrition4ushop.com\\\/product\\\/mutant-mass\\\/#local-main-place-address\"},\"telephone\":[],\"openingHoursSpecification\":[]},{\"@type\":\"PostalAddress\",\"@id\":\"https:\\\/\\\/nutrition4ushop.com\\\/product\\\/mutant-mass\\\/#local-main-place-address\",\"streetAddress\":\"R. 1\u00ba de Maio n\u00b035 Loja 221\",\"addressLocality\":\"Amora\",\"postalCode\":\"2845-162\",\"addressRegion\":\"Set\u00fabal\",\"addressCountry\":\"PT\"},{\"@type\":\"ImageObject\",\"inLanguage\":\"pt-PT\",\"@id\":\"https:\\\/\\\/nutrition4ushop.com\\\/product\\\/mutant-mass\\\/#local-main-organization-logo\",\"url\":\"https:\\\/\\\/nutrition4ushop.com\\\/wp-content\\\/uploads\\\/2024\\\/02\\\/WhatsApp-Image-2024-02-02-at-5.49.55-PM-1.jpeg\",\"contentUrl\":\"https:\\\/\\\/nutrition4ushop.com\\\/wp-content\\\/uploads\\\/2024\\\/02\\\/WhatsApp-Image-2024-02-02-at-5.49.55-PM-1.jpeg\",\"width\":1416,\"height\":1476,\"caption\":\"Nutrition4u\"}]}<\/script>\n<meta property=\"og:availability\" content=\"instock\" \/>\n<meta property=\"product:availability\" content=\"instock\" \/>\n<meta property=\"product:condition\" content=\"new\" \/>\n<meta name=\"geo.placename\" content=\"Amora\" \/>\n<meta name=\"geo.region\" content=\"Portugal\" \/>\n<!-- \/ Yoast SEO Premium plugin. -->","yoast_head_json":{"title":"Massa mutante","description":"Alimenta os teus ganhos musculares com Mutant Mass, um potente gainer de massa que fornece mais de 1000 calorias e 52 g de prote\u00ednas por dose. Perfeito para atletas que procuram aumentar o tamanho e a for\u00e7a. Compre agora na Nutrition4u.","robots":{"index":"index","follow":"follow","max-snippet":"max-snippet:-1","max-image-preview":"max-image-preview:large","max-video-preview":"max-video-preview:-1"},"canonical":"https:\/\/nutrition4ushop.com\/pt\/produto\/mutant-mass\/","og_locale":"pt_PT","og_type":"article","og_title":"Mutant Mass","og_description":"Fuel your muscle gains with Mutant Mass, a powerful mass gainer delivering over 1000 calories and 52g of protein per serving. Perfect for athletes looking to build serious size and strength. Shop now at Nutrition4u.","og_url":"https:\/\/nutrition4ushop.com\/pt\/produto\/mutant-mass\/","og_site_name":"Nutrition4u","article_publisher":"https:\/\/www.facebook.com\/p\/Nutrition4u-100063511002565","article_modified_time":"2026-01-12T17:26:16+00:00","og_image":[{"width":1024,"height":1024,"url":"https:\/\/nutrition4ushop.com\/wp-content\/uploads\/2025\/07\/ee879bce-62a6-4540-b5ea-ced32564472c.jpg","type":"image\/jpeg"}],"twitter_card":"summary_large_image","twitter_misc":{"Disponibilidade":"Em stock"},"schema":{"@context":"https:\/\/schema.org","@graph":[{"@type":"WebPage","@id":"https:\/\/nutrition4ushop.com\/product\/mutant-mass\/","url":"https:\/\/nutrition4ushop.com\/product\/mutant-mass\/","name":"Massa mutante","isPartOf":{"@id":"https:\/\/nutrition4ushop.com\/#website"},"primaryImageOfPage":{"@id":"https:\/\/nutrition4ushop.com\/product\/mutant-mass\/#primaryimage"},"image":{"@id":"https:\/\/nutrition4ushop.com\/product\/mutant-mass\/#primaryimage"},"thumbnailUrl":"https:\/\/nutrition4ushop.com\/wp-content\/uploads\/2025\/07\/ee879bce-62a6-4540-b5ea-ced32564472c.jpg","datePublished":"2025-07-26T11:06:19+00:00","dateModified":"2026-01-12T17:26:16+00:00","description":"Alimenta os teus ganhos musculares com Mutant Mass, um potente gainer de massa que fornece mais de 1000 calorias e 52 g de prote\u00ednas por dose. Perfeito para atletas que procuram aumentar o tamanho e a for\u00e7a. Compre agora na Nutrition4u.","breadcrumb":{"@id":"https:\/\/nutrition4ushop.com\/product\/mutant-mass\/#breadcrumb"},"inLanguage":"pt-PT","potentialAction":[{"@type":"ReadAction","target":["https:\/\/nutrition4ushop.com\/product\/mutant-mass\/"]}]},{"@type":"ImageObject","inLanguage":"pt-PT","@id":"https:\/\/nutrition4ushop.com\/product\/mutant-mass\/#primaryimage","url":"https:\/\/nutrition4ushop.com\/wp-content\/uploads\/2025\/07\/ee879bce-62a6-4540-b5ea-ced32564472c.jpg","contentUrl":"https:\/\/nutrition4ushop.com\/wp-content\/uploads\/2025\/07\/ee879bce-62a6-4540-b5ea-ced32564472c.jpg","width":1024,"height":1024},{"@type":"BreadcrumbList","@id":"https:\/\/nutrition4ushop.com\/product\/mutant-mass\/#breadcrumb","itemListElement":[{"@type":"ListItem","position":1,"name":"Home","item":"https:\/\/nutrition4ushop.com\/"},{"@type":"ListItem","position":2,"name":"Shop","item":"https:\/\/nutrition4ushop.com\/shop\/"},{"@type":"ListItem","position":3,"name":"Mutant Mass"}]},{"@type":"WebSite","@id":"https:\/\/nutrition4ushop.com\/#website","url":"https:\/\/nutrition4ushop.com\/","name":"Nutri\u00e7\u00e3o4u","description":"","publisher":{"@id":"https:\/\/nutrition4ushop.com\/#organization"},"potentialAction":[{"@type":"SearchAction","target":{"@type":"EntryPoint","urlTemplate":"https:\/\/nutrition4ushop.com\/?s={search_term_string}"},"query-input":{"@type":"PropertyValueSpecification","valueRequired":true,"valueName":"search_term_string"}}],"inLanguage":"pt-PT"},{"@type":["Organization","Place","SportingGoodsStore"],"@id":"https:\/\/nutrition4ushop.com\/#organization","name":"Nutri\u00e7\u00e3o4u","alternateName":"Nutrition4u","url":"https:\/\/nutrition4ushop.com\/","logo":{"@id":"https:\/\/nutrition4ushop.com\/product\/mutant-mass\/#local-main-organization-logo"},"image":{"@id":"https:\/\/nutrition4ushop.com\/product\/mutant-mass\/#local-main-organization-logo"},"sameAs":["https:\/\/www.facebook.com\/p\/Nutrition4u-100063511002565","https:\/\/www.instagram.com\/nutrition4u_by_rubengarradas\/"],"description":"Suplementos de qualidade. Suplementos e vitaminas Procell , Marvelous e muito mais. NUTRITION4U suplementos para todo o tipo de pessoas e atletas.","publishingPrinciples":"https:\/\/nutrition4ushop.com\/about-us\/","ownershipFundingInfo":"https:\/\/nutrition4ushop.com\/train-with-ruben-garradas\/","actionableFeedbackPolicy":"https:\/\/nutrition4ushop.com\/cookies-policy\/","ethicsPolicy":"https:\/\/nutrition4ushop.com\/terms-and-conditions\/","address":{"@id":"https:\/\/nutrition4ushop.com\/product\/mutant-mass\/#local-main-place-address"},"telephone":[],"openingHoursSpecification":[]},{"@type":"PostalAddress","@id":"https:\/\/nutrition4ushop.com\/product\/mutant-mass\/#local-main-place-address","streetAddress":"R. 1\u00ba de Maio n\u00b035 Loja 221","addressLocality":"Amora","postalCode":"2845-162","addressRegion":"Set\u00fabal","addressCountry":"PT"},{"@type":"ImageObject","inLanguage":"pt-PT","@id":"https:\/\/nutrition4ushop.com\/product\/mutant-mass\/#local-main-organization-logo","url":"https:\/\/nutrition4ushop.com\/wp-content\/uploads\/2024\/02\/WhatsApp-Image-2024-02-02-at-5.49.55-PM-1.jpeg","contentUrl":"https:\/\/nutrition4ushop.com\/wp-content\/uploads\/2024\/02\/WhatsApp-Image-2024-02-02-at-5.49.55-PM-1.jpeg","width":1416,"height":1476,"caption":"Nutrition4u"}]},"og_availability":"instock","product_availability":"instock","product_condition":"new","geo.placename":"Amora","geo.region":"Portugal"},"publishpress_future_action":{"enabled":false,"date":"2026-05-22 11:08:19","action":"change-status","newStatus":"draft","terms":[],"taxonomy":"product_brand","extraData":[]},"publishpress_future_workflow_manual_trigger":{"enabledWorkflows":[]},"tiered_pricing_type":"fixed","tiered_pricing_fixed_rules":[],"tiered_pricing_product_settings":{"layout":"default","base_unit_name":{"singular":null,"plural":null},"default_variation":null},"tiered_pricing_minimum_quantity":null,"tiered_pricing_roles_data":[],"tiered_pricing_percentage_rules":[],"tiered_pricing_maximum_quantity":null,"tiered_pricing_quantity_step":null,"_links":{"self":[{"href":"https:\/\/nutrition4ushop.com\/pt\/wp-json\/wp\/v2\/product\/11028","targetHints":{"allow":["GET"]}}],"collection":[{"href":"https:\/\/nutrition4ushop.com\/pt\/wp-json\/wp\/v2\/product"}],"about":[{"href":"https:\/\/nutrition4ushop.com\/pt\/wp-json\/wp\/v2\/types\/product"}],"replies":[{"embeddable":true,"href":"https:\/\/nutrition4ushop.com\/pt\/wp-json\/wp\/v2\/comments?post=11028"}],"version-history":[{"count":4,"href":"https:\/\/nutrition4ushop.com\/pt\/wp-json\/wp\/v2\/product\/11028\/revisions"}],"predecessor-version":[{"id":11308,"href":"https:\/\/nutrition4ushop.com\/pt\/wp-json\/wp\/v2\/product\/11028\/revisions\/11308"}],"wp:featuredmedia":[{"embeddable":true,"href":"https:\/\/nutrition4ushop.com\/pt\/wp-json\/wp\/v2\/media\/12030"}],"wp:attachment":[{"href":"https:\/\/nutrition4ushop.com\/pt\/wp-json\/wp\/v2\/media?parent=11028"}],"wp:term":[{"taxonomy":"product_brand","embeddable":true,"href":"https:\/\/nutrition4ushop.com\/pt\/wp-json\/wp\/v2\/product_brand?post=11028"},{"taxonomy":"product_cat","embeddable":true,"href":"https:\/\/nutrition4ushop.com\/pt\/wp-json\/wp\/v2\/product_cat?post=11028"},{"taxonomy":"product_tag","embeddable":true,"href":"https:\/\/nutrition4ushop.com\/pt\/wp-json\/wp\/v2\/product_tag?post=11028"}],"curies":[{"name":"wp","href":"https:\/\/api.w.org\/{rel}","templated":true}]}}