{"id":11033,"date":"2025-07-26T11:10:12","date_gmt":"2025-07-26T11:10:12","guid":{"rendered":"https:\/\/nutrition4ushop.com\/?post_type=product&#038;p=11033"},"modified":"2025-08-11T06:21:36","modified_gmt":"2025-08-11T06:21:36","slug":"mass-gainer","status":"publish","type":"product","link":"https:\/\/nutrition4ushop.com\/pt\/product\/mass-gainer\/","title":{"rendered":"Mass Gainer 8kg"},"content":{"rendered":"<p data-start=\"51\" data-end=\"308\" class=\"translation-block\"><strong data-start=\"51\" data-end=\"76\">MASS GAINER EVOLUTION<\/strong> da American Nutrition\u00ae \u00e9 um gainer de peso desenvolvido especificamente para pessoas que querem ganhar peso e massa muscular de forma eficaz. Gra\u00e7as \u00e0 sua elevada ingest\u00e3o cal\u00f3rica, \u00e9 ideal para fases de bulking, aumentando o consumo de hidratos de carbono.<\/p>\n<p data-start=\"310\" data-end=\"412\" class=\"translation-block\"><strong data-start=\"310\" data-end=\"332\">Instru\u00e7\u00f5es de Utiliza\u00e7\u00e3o<\/strong><br data-start=\"332\" data-end=\"335\">Dissolver uma dose de 100 gramas em \u00e1gua ou leite magro. Tomar duas vezes por dia.<\/p>\n<p data-start=\"414\" data-end=\"472\" class=\"translation-block\"><strong data-start=\"414\" data-end=\"441\">Informa\u00e7\u00e3o Nutricional<\/strong><br data-start=\"441\" data-end=\"444\">Valores nutricionais por 100 g:<\/p>\n<ul data-start=\"474\" data-end=\"728\">\n<li data-start=\"474\" data-end=\"517\">\n<p data-start=\"476\" data-end=\"517\">Valor energ\u00e9tico\u2026\u2026\u2026\u2026\u2026\u2026.377 Kcal<\/p>\n<\/li>\n<li data-start=\"518\" data-end=\"564\">\n<p data-start=\"520\" data-end=\"564\">L\u00edpidos\u2026\u2026\u2026\u2026\u2026\u2026\u2026\u2026\u2026\u20263,90 g<\/p>\n<\/li>\n<li data-start=\"565\" data-end=\"603\">\n<p data-start=\"567\" data-end=\"603\">Hidratos de carbono\u2026\u2026\u2026\u2026\u2026..27 g<\/p>\n<\/li>\n<li data-start=\"604\" data-end=\"646\">\n<p data-start=\"606\" data-end=\"646\">Prote\u00ednas\u2026\u2026\u2026\u2026\u2026\u2026\u2026\u2026..21 g<\/p>\n<\/li>\n<li data-start=\"647\" data-end=\"695\">\n<p data-start=\"649\" data-end=\"695\">Sal\u2026\u2026\u2026\u2026\u2026\u2026\u2026\u2026\u2026\u2026\u2026\u20260,03 g<\/p>\n<\/li>\n<li data-start=\"696\" data-end=\"728\">\n<p data-start=\"698\" data-end=\"728\">Monohidrato de creatina\u2026..2 g<\/p>\n<\/li>\n<\/ul>\n<p data-start=\"730\" data-end=\"983\" class=\"translation-block\"><strong data-start=\"730\" data-end=\"745\">Ingredientes<\/strong><br data-start=\"745\" data-end=\"748\">Dextrose, farinha de aveia, concentrado de prote\u00edna de soro de leite (lactalbumina), monohidrato de creatina, (sabor chocolate: cacau em p\u00f3), (sabor baunilha: corante beta-caroteno), (sabor morango: corante vermelho de beterraba), aromatizante, ado\u00e7ante: sucralose.<\/p>\n<p data-start=\"985\" data-end=\"1009\" class=\"translation-block\"><strong data-start=\"985\" data-end=\"998\">Embalagem<\/strong><br data-start=\"998\" data-end=\"1001\">Saco de 8 kg<\/p>\n<p data-start=\"1011\" data-end=\"1298\" class=\"translation-block\"><strong data-start=\"1011\" data-end=\"1024\">Avisos:<\/strong><br data-start=\"1024\" data-end=\"1027\">Os suplementos alimentares n\u00e3o devem ser usados como substitutos de uma dieta variada e equilibrada ou de um estilo de vida saud\u00e1vel. Manter fora do alcance das crian\u00e7as. N\u00e3o exceder a dose di\u00e1ria expressamente recomendada. Este produto n\u00e3o se destina a diagnosticar, tratar, curar ou prevenir qualquer doen\u00e7a.<\/p>","protected":false},"excerpt":{"rendered":"<p>MASS GAINER EVOLUTION by American Nutrition\u00ae is a weight gainer designed specifically for people who want to gain weight and [&hellip;]<\/p>\n","protected":false},"featured_media":11035,"comment_status":"open","ping_status":"closed","template":"","meta":{"site-sidebar-layout":"default","site-content-layout":"","ast-site-content-layout":"default","site-content-style":"default","site-sidebar-style":"default","ast-global-header-display":"","ast-banner-title-visibility":"","ast-main-header-display":"","ast-hfb-above-header-display":"","ast-hfb-below-header-display":"","ast-hfb-mobile-header-display":"","site-post-title":"","ast-breadcrumbs-content":"","ast-featured-img":"","footer-sml-layout":"","theme-transparent-header-meta":"default","adv-header-id-meta":"","stick-header-meta":"","header-above-stick-meta":"","header-main-stick-meta":"","header-below-stick-meta":"","astra-migrate-meta-layouts":"set","ast-page-background-enabled":"default","ast-page-background-meta":{"desktop":{"background-color":"var(--ast-global-color-4)","background-image":"","background-repeat":"repeat","background-position":"center center","background-size":"auto","background-attachment":"scroll","background-type":"","background-media":"","overlay-type":"","overlay-color":"","overlay-opacity":"","overlay-gradient":""},"tablet":{"background-color":"","background-image":"","background-repeat":"repeat","background-position":"center center","background-size":"auto","background-attachment":"scroll","background-type":"","background-media":"","overlay-type":"","overlay-color":"","overlay-opacity":"","overlay-gradient":""},"mobile":{"background-color":"","background-image":"","background-repeat":"repeat","background-position":"center center","background-size":"auto","background-attachment":"scroll","background-type":"","background-media":"","overlay-type":"","overlay-color":"","overlay-opacity":"","overlay-gradient":""}},"ast-content-background-meta":{"desktop":{"background-color":"var(--ast-global-color-5)","background-image":"","background-repeat":"repeat","background-position":"center center","background-size":"auto","background-attachment":"scroll","background-type":"","background-media":"","overlay-type":"","overlay-color":"","overlay-opacity":"","overlay-gradient":""},"tablet":{"background-color":"var(--ast-global-color-5)","background-image":"","background-repeat":"repeat","background-position":"center center","background-size":"auto","background-attachment":"scroll","background-type":"","background-media":"","overlay-type":"","overlay-color":"","overlay-opacity":"","overlay-gradient":""},"mobile":{"background-color":"var(--ast-global-color-5)","background-image":"","background-repeat":"repeat","background-position":"center center","background-size":"auto","background-attachment":"scroll","background-type":"","background-media":"","overlay-type":"","overlay-color":"","overlay-opacity":"","overlay-gradient":""}}},"product_brand":[311],"product_cat":[284],"product_tag":[],"class_list":{"0":"post-11033","1":"product","2":"type-product","3":"status-publish","4":"has-post-thumbnail","6":"product_brand-american-nutrition","7":"product_cat-carbohydrates-and-weight-gainers","8":"desktop-align-center","9":"tablet-align-left","10":"mobile-align-left","12":"first","13":"instock","14":"shipping-taxable","15":"purchasable","16":"product-type-variable"},"yoast_head":"<!-- This site is optimized with the Yoast SEO Premium plugin v27.0 (Yoast SEO v27.0) - https:\/\/yoast.com\/product\/yoast-seo-premium-wordpress\/ -->\n<title>Mass Gainer 8kg<\/title>\n<meta name=\"description\" content=\"Fuel your growth with American Nutrition&#039;s Mass Gainer Evolution 8kg. Our high-calorie weight gainer is packed with protein &amp; carbs to help you effectively build muscle mass.\" \/>\n<meta name=\"robots\" content=\"index, follow, max-snippet:-1, max-image-preview:large, max-video-preview:-1\" \/>\n<link rel=\"canonical\" href=\"https:\/\/nutrition4ushop.com\/pt\/produto\/mass-gainer\/\" \/>\n<meta property=\"og:locale\" content=\"pt_PT\" \/>\n<meta property=\"og:type\" content=\"article\" \/>\n<meta property=\"og:title\" content=\"Mass Gainer 8kg\" \/>\n<meta property=\"og:description\" content=\"Fuel your growth with American Nutrition&#039;s Mass Gainer Evolution 8kg. Our high-calorie weight gainer is packed with protein &amp; carbs to help you effectively build muscle mass.\" \/>\n<meta property=\"og:url\" content=\"https:\/\/nutrition4ushop.com\/pt\/produto\/mass-gainer\/\" \/>\n<meta property=\"og:site_name\" content=\"Nutrition4u\" \/>\n<meta property=\"article:publisher\" content=\"https:\/\/www.facebook.com\/p\/Nutrition4u-100063511002565\" \/>\n<meta property=\"article:modified_time\" content=\"2025-08-11T06:21:36+00:00\" \/>\n<meta property=\"og:image\" content=\"https:\/\/nutrition4ushop.com\/wp-content\/uploads\/2025\/07\/american-nutrition-mass-gainer-8kg-removebg-preview.png\" \/>\n\t<meta property=\"og:image:width\" content=\"500\" \/>\n\t<meta property=\"og:image:height\" content=\"500\" \/>\n\t<meta property=\"og:image:type\" content=\"image\/png\" \/>\n<meta name=\"twitter:card\" content=\"summary_large_image\" \/>\n<meta name=\"twitter:label1\" content=\"Disponibilidade\" \/>\n\t<meta name=\"twitter:data1\" content=\"Em stock\" \/>\n<script type=\"application\/ld+json\" class=\"yoast-schema-graph\">{\"@context\":\"https:\/\/schema.org\",\"@graph\":[{\"@type\":\"WebPage\",\"@id\":\"https:\/\/nutrition4ushop.com\/product\/mass-gainer\/\",\"url\":\"https:\/\/nutrition4ushop.com\/product\/mass-gainer\/\",\"name\":\"Mass Gainer 8kg\",\"isPartOf\":{\"@id\":\"https:\/\/nutrition4ushop.com\/#website\"},\"primaryImageOfPage\":{\"@id\":\"https:\/\/nutrition4ushop.com\/product\/mass-gainer\/#primaryimage\"},\"image\":{\"@id\":\"https:\/\/nutrition4ushop.com\/product\/mass-gainer\/#primaryimage\"},\"thumbnailUrl\":\"https:\/\/nutrition4ushop.com\/wp-content\/uploads\/2025\/07\/american-nutrition-mass-gainer-8kg-removebg-preview.png\",\"datePublished\":\"2025-07-26T11:10:12+00:00\",\"dateModified\":\"2025-08-11T06:21:36+00:00\",\"description\":\"Fuel your growth with American Nutrition's Mass Gainer Evolution 8kg. Our high-calorie weight gainer is packed with protein & carbs to help you effectively build muscle mass.\",\"breadcrumb\":{\"@id\":\"https:\/\/nutrition4ushop.com\/product\/mass-gainer\/#breadcrumb\"},\"inLanguage\":\"pt-PT\",\"potentialAction\":[{\"@type\":\"ReadAction\",\"target\":[\"https:\/\/nutrition4ushop.com\/product\/mass-gainer\/\"]}]},{\"@type\":\"ImageObject\",\"inLanguage\":\"pt-PT\",\"@id\":\"https:\/\/nutrition4ushop.com\/product\/mass-gainer\/#primaryimage\",\"url\":\"https:\/\/nutrition4ushop.com\/wp-content\/uploads\/2025\/07\/american-nutrition-mass-gainer-8kg-removebg-preview.png\",\"contentUrl\":\"https:\/\/nutrition4ushop.com\/wp-content\/uploads\/2025\/07\/american-nutrition-mass-gainer-8kg-removebg-preview.png\",\"width\":500,\"height\":500,\"caption\":\"Mass Gainer 8kg\"},{\"@type\":\"BreadcrumbList\",\"@id\":\"https:\/\/nutrition4ushop.com\/product\/mass-gainer\/#breadcrumb\",\"itemListElement\":[{\"@type\":\"ListItem\",\"position\":1,\"name\":\"Home\",\"item\":\"https:\/\/nutrition4ushop.com\/\"},{\"@type\":\"ListItem\",\"position\":2,\"name\":\"Shop\",\"item\":\"https:\/\/nutrition4ushop.com\/shop\/\"},{\"@type\":\"ListItem\",\"position\":3,\"name\":\"Mass Gainer 8kg\"}]},{\"@type\":\"WebSite\",\"@id\":\"https:\/\/nutrition4ushop.com\/#website\",\"url\":\"https:\/\/nutrition4ushop.com\/\",\"name\":\"Nutrition4u\",\"description\":\"\",\"publisher\":{\"@id\":\"https:\/\/nutrition4ushop.com\/#organization\"},\"potentialAction\":[{\"@type\":\"SearchAction\",\"target\":{\"@type\":\"EntryPoint\",\"urlTemplate\":\"https:\/\/nutrition4ushop.com\/?s={search_term_string}\"},\"query-input\":{\"@type\":\"PropertyValueSpecification\",\"valueRequired\":true,\"valueName\":\"search_term_string\"}}],\"inLanguage\":\"pt-PT\"},{\"@type\":[\"Organization\",\"Place\",\"SportingGoodsStore\"],\"@id\":\"https:\/\/nutrition4ushop.com\/#organization\",\"name\":\"Nutrition4u\",\"alternateName\":\"Nutrition4u\",\"url\":\"https:\/\/nutrition4ushop.com\/\",\"logo\":{\"@id\":\"https:\/\/nutrition4ushop.com\/product\/mass-gainer\/#local-main-organization-logo\"},\"image\":{\"@id\":\"https:\/\/nutrition4ushop.com\/product\/mass-gainer\/#local-main-organization-logo\"},\"sameAs\":[\"https:\/\/www.facebook.com\/p\/Nutrition4u-100063511002565\",\"https:\/\/www.instagram.com\/nutrition4u_by_rubengarradas\/\"],\"description\":\"Suplementos de qualidade. Suplementos e vitaminas Procell , Marvelous e muito mais. NUTRITION4U suplementos para todo o tipo de pessoas e atletas.\",\"publishingPrinciples\":\"https:\/\/nutrition4ushop.com\/about-us\/\",\"ownershipFundingInfo\":\"https:\/\/nutrition4ushop.com\/train-with-ruben-garradas\/\",\"actionableFeedbackPolicy\":\"https:\/\/nutrition4ushop.com\/cookies-policy\/\",\"ethicsPolicy\":\"https:\/\/nutrition4ushop.com\/terms-and-conditions\/\",\"address\":{\"@id\":\"https:\/\/nutrition4ushop.com\/product\/mass-gainer\/#local-main-place-address\"},\"telephone\":[],\"openingHoursSpecification\":[]},{\"@type\":\"PostalAddress\",\"@id\":\"https:\/\/nutrition4ushop.com\/product\/mass-gainer\/#local-main-place-address\",\"streetAddress\":\"R. 1\u00ba de Maio n\u00b035 Loja 221\",\"addressLocality\":\"Amora\",\"postalCode\":\"2845-162\",\"addressRegion\":\"Set\u00fabal\",\"addressCountry\":\"PT\"},{\"@type\":\"ImageObject\",\"inLanguage\":\"pt-PT\",\"@id\":\"https:\/\/nutrition4ushop.com\/product\/mass-gainer\/#local-main-organization-logo\",\"url\":\"https:\/\/nutrition4ushop.com\/wp-content\/uploads\/2024\/02\/WhatsApp-Image-2024-02-02-at-5.49.55-PM-1.jpeg\",\"contentUrl\":\"https:\/\/nutrition4ushop.com\/wp-content\/uploads\/2024\/02\/WhatsApp-Image-2024-02-02-at-5.49.55-PM-1.jpeg\",\"width\":1416,\"height\":1476,\"caption\":\"Nutrition4u\"}]}<\/script>\n<meta property=\"og:availability\" content=\"instock\" \/>\n<meta property=\"product:availability\" content=\"instock\" \/>\n<meta property=\"product:condition\" content=\"new\" \/>\n<meta name=\"geo.placename\" content=\"Amora\" \/>\n<meta name=\"geo.region\" content=\"Portugal\" \/>\n<!-- \/ Yoast SEO Premium plugin. -->","yoast_head_json":{"title":"Mass Gainer 8kg","description":"Alimente o seu crescimento com o Mass Gainer Evolution 8kg da American Nutrition. O nosso gainer de peso altamente cal\u00f3rico est\u00e1 repleto de prote\u00ednas e hidratos de carbono para o ajudar a construir massa muscular eficazmente.","robots":{"index":"index","follow":"follow","max-snippet":"max-snippet:-1","max-image-preview":"max-image-preview:large","max-video-preview":"max-video-preview:-1"},"canonical":"https:\/\/nutrition4ushop.com\/pt\/produto\/mass-gainer\/","og_locale":"pt_PT","og_type":"article","og_title":"Mass Gainer 8kg","og_description":"Fuel your growth with American Nutrition's Mass Gainer Evolution 8kg. Our high-calorie weight gainer is packed with protein & carbs to help you effectively build muscle mass.","og_url":"https:\/\/nutrition4ushop.com\/pt\/produto\/mass-gainer\/","og_site_name":"Nutrition4u","article_publisher":"https:\/\/www.facebook.com\/p\/Nutrition4u-100063511002565","article_modified_time":"2025-08-11T06:21:36+00:00","og_image":[{"width":500,"height":500,"url":"https:\/\/nutrition4ushop.com\/wp-content\/uploads\/2025\/07\/american-nutrition-mass-gainer-8kg-removebg-preview.png","type":"image\/png"}],"twitter_card":"summary_large_image","twitter_misc":{"Disponibilidade":"Em stock"},"schema":{"@context":"https:\/\/schema.org","@graph":[{"@type":"WebPage","@id":"https:\/\/nutrition4ushop.com\/product\/mass-gainer\/","url":"https:\/\/nutrition4ushop.com\/product\/mass-gainer\/","name":"Mass Gainer 8kg","isPartOf":{"@id":"https:\/\/nutrition4ushop.com\/#website"},"primaryImageOfPage":{"@id":"https:\/\/nutrition4ushop.com\/product\/mass-gainer\/#primaryimage"},"image":{"@id":"https:\/\/nutrition4ushop.com\/product\/mass-gainer\/#primaryimage"},"thumbnailUrl":"https:\/\/nutrition4ushop.com\/wp-content\/uploads\/2025\/07\/american-nutrition-mass-gainer-8kg-removebg-preview.png","datePublished":"2025-07-26T11:10:12+00:00","dateModified":"2025-08-11T06:21:36+00:00","description":"Alimente o seu crescimento com o Mass Gainer Evolution 8kg da American Nutrition. O nosso gainer de peso altamente cal\u00f3rico est\u00e1 repleto de prote\u00ednas e hidratos de carbono para o ajudar a construir massa muscular eficazmente.","breadcrumb":{"@id":"https:\/\/nutrition4ushop.com\/product\/mass-gainer\/#breadcrumb"},"inLanguage":"pt-PT","potentialAction":[{"@type":"ReadAction","target":["https:\/\/nutrition4ushop.com\/product\/mass-gainer\/"]}]},{"@type":"ImageObject","inLanguage":"pt-PT","@id":"https:\/\/nutrition4ushop.com\/product\/mass-gainer\/#primaryimage","url":"https:\/\/nutrition4ushop.com\/wp-content\/uploads\/2025\/07\/american-nutrition-mass-gainer-8kg-removebg-preview.png","contentUrl":"https:\/\/nutrition4ushop.com\/wp-content\/uploads\/2025\/07\/american-nutrition-mass-gainer-8kg-removebg-preview.png","width":500,"height":500,"caption":"Mass Gainer 8kg"},{"@type":"BreadcrumbList","@id":"https:\/\/nutrition4ushop.com\/product\/mass-gainer\/#breadcrumb","itemListElement":[{"@type":"ListItem","position":1,"name":"Home","item":"https:\/\/nutrition4ushop.com\/"},{"@type":"ListItem","position":2,"name":"Shop","item":"https:\/\/nutrition4ushop.com\/shop\/"},{"@type":"ListItem","position":3,"name":"Mass Gainer 8kg"}]},{"@type":"WebSite","@id":"https:\/\/nutrition4ushop.com\/#website","url":"https:\/\/nutrition4ushop.com\/","name":"Nutri\u00e7\u00e3o4u","description":"","publisher":{"@id":"https:\/\/nutrition4ushop.com\/#organization"},"potentialAction":[{"@type":"SearchAction","target":{"@type":"EntryPoint","urlTemplate":"https:\/\/nutrition4ushop.com\/?s={search_term_string}"},"query-input":{"@type":"PropertyValueSpecification","valueRequired":true,"valueName":"search_term_string"}}],"inLanguage":"pt-PT"},{"@type":["Organization","Place","SportingGoodsStore"],"@id":"https:\/\/nutrition4ushop.com\/#organization","name":"Nutri\u00e7\u00e3o4u","alternateName":"Nutrition4u","url":"https:\/\/nutrition4ushop.com\/","logo":{"@id":"https:\/\/nutrition4ushop.com\/product\/mass-gainer\/#local-main-organization-logo"},"image":{"@id":"https:\/\/nutrition4ushop.com\/product\/mass-gainer\/#local-main-organization-logo"},"sameAs":["https:\/\/www.facebook.com\/p\/Nutrition4u-100063511002565","https:\/\/www.instagram.com\/nutrition4u_by_rubengarradas\/"],"description":"Suplementos de qualidade. Suplementos e vitaminas Procell , Marvelous e muito mais. NUTRITION4U suplementos para todo o tipo de pessoas e atletas.","publishingPrinciples":"https:\/\/nutrition4ushop.com\/about-us\/","ownershipFundingInfo":"https:\/\/nutrition4ushop.com\/train-with-ruben-garradas\/","actionableFeedbackPolicy":"https:\/\/nutrition4ushop.com\/cookies-policy\/","ethicsPolicy":"https:\/\/nutrition4ushop.com\/terms-and-conditions\/","address":{"@id":"https:\/\/nutrition4ushop.com\/product\/mass-gainer\/#local-main-place-address"},"telephone":[],"openingHoursSpecification":[]},{"@type":"PostalAddress","@id":"https:\/\/nutrition4ushop.com\/product\/mass-gainer\/#local-main-place-address","streetAddress":"R. 1\u00ba de Maio n\u00b035 Loja 221","addressLocality":"Amora","postalCode":"2845-162","addressRegion":"Set\u00fabal","addressCountry":"PT"},{"@type":"ImageObject","inLanguage":"pt-PT","@id":"https:\/\/nutrition4ushop.com\/product\/mass-gainer\/#local-main-organization-logo","url":"https:\/\/nutrition4ushop.com\/wp-content\/uploads\/2024\/02\/WhatsApp-Image-2024-02-02-at-5.49.55-PM-1.jpeg","contentUrl":"https:\/\/nutrition4ushop.com\/wp-content\/uploads\/2024\/02\/WhatsApp-Image-2024-02-02-at-5.49.55-PM-1.jpeg","width":1416,"height":1476,"caption":"Nutrition4u"}]},"og_availability":"instock","product_availability":"instock","product_condition":"new","geo.placename":"Amora","geo.region":"Portugal"},"publishpress_future_action":{"enabled":false,"date":"2026-04-16 18:48:30","action":"change-status","newStatus":"draft","terms":[],"taxonomy":"product_brand","extraData":[]},"publishpress_future_workflow_manual_trigger":{"enabledWorkflows":[]},"tiered_pricing_type":"fixed","tiered_pricing_fixed_rules":[],"tiered_pricing_product_settings":{"layout":"default","base_unit_name":{"singular":null,"plural":null},"default_variation":null},"tiered_pricing_minimum_quantity":null,"tiered_pricing_roles_data":[],"tiered_pricing_percentage_rules":[],"tiered_pricing_maximum_quantity":null,"tiered_pricing_quantity_step":null,"_links":{"self":[{"href":"https:\/\/nutrition4ushop.com\/pt\/wp-json\/wp\/v2\/product\/11033","targetHints":{"allow":["GET"]}}],"collection":[{"href":"https:\/\/nutrition4ushop.com\/pt\/wp-json\/wp\/v2\/product"}],"about":[{"href":"https:\/\/nutrition4ushop.com\/pt\/wp-json\/wp\/v2\/types\/product"}],"replies":[{"embeddable":true,"href":"https:\/\/nutrition4ushop.com\/pt\/wp-json\/wp\/v2\/comments?post=11033"}],"version-history":[{"count":2,"href":"https:\/\/nutrition4ushop.com\/pt\/wp-json\/wp\/v2\/product\/11033\/revisions"}],"predecessor-version":[{"id":11037,"href":"https:\/\/nutrition4ushop.com\/pt\/wp-json\/wp\/v2\/product\/11033\/revisions\/11037"}],"wp:featuredmedia":[{"embeddable":true,"href":"https:\/\/nutrition4ushop.com\/pt\/wp-json\/wp\/v2\/media\/11035"}],"wp:attachment":[{"href":"https:\/\/nutrition4ushop.com\/pt\/wp-json\/wp\/v2\/media?parent=11033"}],"wp:term":[{"taxonomy":"product_brand","embeddable":true,"href":"https:\/\/nutrition4ushop.com\/pt\/wp-json\/wp\/v2\/product_brand?post=11033"},{"taxonomy":"product_cat","embeddable":true,"href":"https:\/\/nutrition4ushop.com\/pt\/wp-json\/wp\/v2\/product_cat?post=11033"},{"taxonomy":"product_tag","embeddable":true,"href":"https:\/\/nutrition4ushop.com\/pt\/wp-json\/wp\/v2\/product_tag?post=11033"}],"curies":[{"name":"wp","href":"https:\/\/api.w.org\/{rel}","templated":true}]}}