{"id":11066,"date":"2025-07-26T20:22:56","date_gmt":"2025-07-26T20:22:56","guid":{"rendered":"https:\/\/nutrition4ushop.com\/?post_type=product&#038;p=11066"},"modified":"2025-08-05T16:52:53","modified_gmt":"2025-08-05T16:52:53","slug":"advanced-whey-core-series-2kg","status":"publish","type":"product","link":"https:\/\/nutrition4ushop.com\/pt\/product\/advanced-whey-core-series-2kg\/","title":{"rendered":"Advanced Whey - S\u00e9rie Core 2Kg"},"content":{"rendered":"<h3 data-start=\"221\" data-end=\"253\">Do que \u00e9 feito o Whey Core?<\/h3>\n<p data-start=\"254\" data-end=\"417\">O Whey Core \u00e9 composto principalmente por prote\u00edna de soro de leite, com baixos teores de hidratos de carbono e gorduras. Apresenta um perfil completo de amino\u00e1cidos, incluindo BCAAs e Glutamina.<\/p>\n<h3 data-start=\"419\" data-end=\"453\">Porque devo tomar Whey Core?<\/h3>\n<p data-start=\"454\" data-end=\"634\">O Whey Core fornece a prote\u00edna necess\u00e1ria para quem pretende manter uma massa muscular forte e saud\u00e1vel ou precisa de um refor\u00e7o proteico ap\u00f3s um esfor\u00e7o f\u00edsico, seja no trabalho ou no desporto.<\/p>\n<h3 data-start=\"636\" data-end=\"664\">Como tomar o Whey Core?<\/h3>\n<p data-start=\"665\" data-end=\"870\" class=\"translation-block\">Recomenda-se o consumo de pelo menos uma dose di\u00e1ria, misturando 30g de Whey Core no teu sabor preferido com \u00e1gua ou leite.<br>Deve ser sempre acompanhado por uma alimenta\u00e7\u00e3o saud\u00e1vel e equilibrada, bem como por pr\u00e1tica regular de atividade f\u00edsica.<\/p>\n<h3 data-start=\"872\" data-end=\"915\">Informa\u00e7\u00e3o Nutricional (por dose)<\/h3>\n<ul data-start=\"916\" data-end=\"1075\">\n<li data-start=\"916\" data-end=\"936\">\n<p data-start=\"918\" data-end=\"936\">Energia: 377 kcal<\/p>\n<\/li>\n<li data-start=\"937\" data-end=\"982\">\n<p data-start=\"939\" data-end=\"953\">L\u00edpidos: 1.93 g<\/p>\n<ul data-start=\"956\" data-end=\"982\">\n<li data-start=\"956\" data-end=\"982\">\n<p data-start=\"958\" data-end=\"982\">dos quais saturados: 1.43 g<\/p>\n<\/li>\n<\/ul>\n<\/li>\n<li data-start=\"983\" data-end=\"1025\">\n<p data-start=\"985\" data-end=\"1006\">Hidratos de Carbono: 17 g<\/p>\n<ul data-start=\"1009\" data-end=\"1025\">\n<li data-start=\"1009\" data-end=\"1025\">\n<p data-start=\"1011\" data-end=\"1025\">A\u00e7\u00facares: 10 g<\/p>\n<\/li>\n<\/ul>\n<\/li>\n<li data-start=\"1026\" data-end=\"1040\">\n<p data-start=\"1028\" data-end=\"1040\">Fibra: 0 g<\/p>\n<\/li>\n<li data-start=\"1041\" data-end=\"1058\">\n<p data-start=\"1043\" data-end=\"1058\">Prote\u00edna: 70 g<\/p>\n<\/li>\n<li data-start=\"1059\" data-end=\"1075\">\n<p data-start=\"1061\" data-end=\"1075\">Sal: 0.52 g<\/p>\n<\/li>\n<\/ul>\n<h3 data-start=\"1077\" data-end=\"1094\">Ingredientes<\/h3>\n<p data-start=\"1095\" data-end=\"1229\">Concentrado de prote\u00edna de soro 80%, concentrado de prote\u00edna de soro 30%, prote\u00edna de leite, prote\u00edna hidrolisada, isolado de prote\u00edna de soja, glicina, aromatizante.<\/p>\n<h3 data-start=\"1231\" data-end=\"1249\">Apresenta\u00e7\u00e3o<\/h3>\n<p data-start=\"1250\" data-end=\"1264\">Recipiente de 2 kg<\/p>\n<hr data-start=\"1266\" data-end=\"1269\" \/>\n<h3 data-start=\"1271\" data-end=\"1286\">Avisos:<\/h3>\n<p data-start=\"1287\" data-end=\"1564\" class=\"translation-block\">Suplementos alimentares n\u00e3o devem ser usados como substitutos de uma dieta variada e equilibrada ou de um estilo de vida saud\u00e1vel.<br>Manter fora do alcance das crian\u00e7as.<br>N\u00e3o exceder a dose di\u00e1ria expressamente recomendada.<br>Este produto n\u00e3o se destina a diagnosticar, tratar, curar ou prevenir qualquer doen\u00e7a.<\/p>","protected":false},"excerpt":{"rendered":"<h3 data-start=\"84\" data-end=\"119\">O que \u00e9 Whey Core da Procell?<\/h3>\n<p data-start=\"120\" data-end=\"219\">Whey Core da Standard Series \u00e9 uma prote\u00edna de alta qualidade concebida para ajudar a preservar a massa muscular.<\/p>","protected":false},"featured_media":11068,"comment_status":"open","ping_status":"closed","template":"","meta":{"site-sidebar-layout":"default","site-content-layout":"","ast-site-content-layout":"default","site-content-style":"default","site-sidebar-style":"default","ast-global-header-display":"","ast-banner-title-visibility":"","ast-main-header-display":"","ast-hfb-above-header-display":"","ast-hfb-below-header-display":"","ast-hfb-mobile-header-display":"","site-post-title":"","ast-breadcrumbs-content":"","ast-featured-img":"","footer-sml-layout":"","theme-transparent-header-meta":"default","adv-header-id-meta":"","stick-header-meta":"","header-above-stick-meta":"","header-main-stick-meta":"","header-below-stick-meta":"","astra-migrate-meta-layouts":"set","ast-page-background-enabled":"default","ast-page-background-meta":{"desktop":{"background-color":"var(--ast-global-color-4)","background-image":"","background-repeat":"repeat","background-position":"center center","background-size":"auto","background-attachment":"scroll","background-type":"","background-media":"","overlay-type":"","overlay-color":"","overlay-opacity":"","overlay-gradient":""},"tablet":{"background-color":"","background-image":"","background-repeat":"repeat","background-position":"center center","background-size":"auto","background-attachment":"scroll","background-type":"","background-media":"","overlay-type":"","overlay-color":"","overlay-opacity":"","overlay-gradient":""},"mobile":{"background-color":"","background-image":"","background-repeat":"repeat","background-position":"center center","background-size":"auto","background-attachment":"scroll","background-type":"","background-media":"","overlay-type":"","overlay-color":"","overlay-opacity":"","overlay-gradient":""}},"ast-content-background-meta":{"desktop":{"background-color":"var(--ast-global-color-5)","background-image":"","background-repeat":"repeat","background-position":"center center","background-size":"auto","background-attachment":"scroll","background-type":"","background-media":"","overlay-type":"","overlay-color":"","overlay-opacity":"","overlay-gradient":""},"tablet":{"background-color":"var(--ast-global-color-5)","background-image":"","background-repeat":"repeat","background-position":"center center","background-size":"auto","background-attachment":"scroll","background-type":"","background-media":"","overlay-type":"","overlay-color":"","overlay-opacity":"","overlay-gradient":""},"mobile":{"background-color":"var(--ast-global-color-5)","background-image":"","background-repeat":"repeat","background-position":"center center","background-size":"auto","background-attachment":"scroll","background-type":"","background-media":"","overlay-type":"","overlay-color":"","overlay-opacity":"","overlay-gradient":""}}},"product_brand":[201],"product_cat":[280],"product_tag":[],"class_list":{"0":"post-11066","1":"product","2":"type-product","3":"status-publish","4":"has-post-thumbnail","6":"product_brand-procell","7":"product_cat-protein","8":"desktop-align-center","9":"tablet-align-left","10":"mobile-align-left","12":"first","13":"instock","14":"shipping-taxable","15":"purchasable","16":"product-type-variable"},"yoast_head":"<!-- This site is optimized with the Yoast SEO Premium plugin v27.5 (Yoast SEO v27.5) - https:\/\/yoast.com\/product\/yoast-seo-premium-wordpress\/ -->\n<title>Advanced Whey - Core Series 2Kg<\/title>\n<meta name=\"description\" content=\"Boost your performance with Procell&#039;s Advanced Whey Core Series 2Kg. This high-quality whey protein powder is expertly formulated to help preserve muscle mass and enhance post-workout recovery. Fuel your fitness journey today.\" \/>\n<meta name=\"robots\" content=\"index, follow, max-snippet:-1, max-image-preview:large, max-video-preview:-1\" \/>\n<link rel=\"canonical\" href=\"https:\/\/nutrition4ushop.com\/pt\/produto\/advanced-whey-core-series-2kg\/\" \/>\n<meta property=\"og:locale\" content=\"pt_PT\" \/>\n<meta property=\"og:type\" content=\"article\" \/>\n<meta property=\"og:title\" content=\"Advanced Whey - Core Series 2Kg\" \/>\n<meta property=\"og:description\" content=\"Boost your performance with Procell&#039;s Advanced Whey Core Series 2Kg. This high-quality whey protein powder is expertly formulated to help preserve muscle mass and enhance post-workout recovery. Fuel your fitness journey today.\" \/>\n<meta property=\"og:url\" content=\"https:\/\/nutrition4ushop.com\/pt\/produto\/advanced-whey-core-series-2kg\/\" \/>\n<meta property=\"og:site_name\" content=\"Nutrition4u\" \/>\n<meta property=\"article:publisher\" content=\"https:\/\/www.facebook.com\/p\/Nutrition4u-100063511002565\" \/>\n<meta property=\"article:modified_time\" content=\"2025-08-05T16:52:53+00:00\" \/>\n<meta property=\"og:image\" content=\"https:\/\/nutrition4ushop.com\/wp-content\/uploads\/2025\/07\/procell-core-advanced-whey-2000g-removebg-preview.png\" \/>\n\t<meta property=\"og:image:width\" content=\"500\" \/>\n\t<meta property=\"og:image:height\" content=\"500\" \/>\n\t<meta property=\"og:image:type\" content=\"image\/png\" \/>\n<meta name=\"twitter:card\" content=\"summary_large_image\" \/>\n<meta name=\"twitter:label1\" content=\"Disponibilidade\" \/>\n\t<meta name=\"twitter:data1\" content=\"Em stock\" \/>\n<script type=\"application\/ld+json\" class=\"yoast-schema-graph\">{\"@context\":\"https:\\\/\\\/schema.org\",\"@graph\":[{\"@type\":\"WebPage\",\"@id\":\"https:\\\/\\\/nutrition4ushop.com\\\/product\\\/advanced-whey-core-series-2kg\\\/\",\"url\":\"https:\\\/\\\/nutrition4ushop.com\\\/product\\\/advanced-whey-core-series-2kg\\\/\",\"name\":\"Advanced Whey - Core Series 2Kg\",\"isPartOf\":{\"@id\":\"https:\\\/\\\/nutrition4ushop.com\\\/#website\"},\"primaryImageOfPage\":{\"@id\":\"https:\\\/\\\/nutrition4ushop.com\\\/product\\\/advanced-whey-core-series-2kg\\\/#primaryimage\"},\"image\":{\"@id\":\"https:\\\/\\\/nutrition4ushop.com\\\/product\\\/advanced-whey-core-series-2kg\\\/#primaryimage\"},\"thumbnailUrl\":\"https:\\\/\\\/nutrition4ushop.com\\\/wp-content\\\/uploads\\\/2025\\\/07\\\/procell-core-advanced-whey-2000g-removebg-preview.png\",\"datePublished\":\"2025-07-26T20:22:56+00:00\",\"dateModified\":\"2025-08-05T16:52:53+00:00\",\"description\":\"Boost your performance with Procell's Advanced Whey Core Series 2Kg. This high-quality whey protein powder is expertly formulated to help preserve muscle mass and enhance post-workout recovery. Fuel your fitness journey today.\",\"breadcrumb\":{\"@id\":\"https:\\\/\\\/nutrition4ushop.com\\\/product\\\/advanced-whey-core-series-2kg\\\/#breadcrumb\"},\"inLanguage\":\"pt-PT\",\"potentialAction\":[{\"@type\":\"ReadAction\",\"target\":[\"https:\\\/\\\/nutrition4ushop.com\\\/product\\\/advanced-whey-core-series-2kg\\\/\"]}]},{\"@type\":\"ImageObject\",\"inLanguage\":\"pt-PT\",\"@id\":\"https:\\\/\\\/nutrition4ushop.com\\\/product\\\/advanced-whey-core-series-2kg\\\/#primaryimage\",\"url\":\"https:\\\/\\\/nutrition4ushop.com\\\/wp-content\\\/uploads\\\/2025\\\/07\\\/procell-core-advanced-whey-2000g-removebg-preview.png\",\"contentUrl\":\"https:\\\/\\\/nutrition4ushop.com\\\/wp-content\\\/uploads\\\/2025\\\/07\\\/procell-core-advanced-whey-2000g-removebg-preview.png\",\"width\":500,\"height\":500,\"caption\":\"Advanced Whey Protein 2Kg by Procell\"},{\"@type\":\"BreadcrumbList\",\"@id\":\"https:\\\/\\\/nutrition4ushop.com\\\/product\\\/advanced-whey-core-series-2kg\\\/#breadcrumb\",\"itemListElement\":[{\"@type\":\"ListItem\",\"position\":1,\"name\":\"Home\",\"item\":\"https:\\\/\\\/nutrition4ushop.com\\\/\"},{\"@type\":\"ListItem\",\"position\":2,\"name\":\"Shop\",\"item\":\"https:\\\/\\\/nutrition4ushop.com\\\/shop\\\/\"},{\"@type\":\"ListItem\",\"position\":3,\"name\":\"Advanced Whey &#8211; Core Series 2Kg\"}]},{\"@type\":\"WebSite\",\"@id\":\"https:\\\/\\\/nutrition4ushop.com\\\/#website\",\"url\":\"https:\\\/\\\/nutrition4ushop.com\\\/\",\"name\":\"Nutrition4u\",\"description\":\"\",\"publisher\":{\"@id\":\"https:\\\/\\\/nutrition4ushop.com\\\/#organization\"},\"potentialAction\":[{\"@type\":\"SearchAction\",\"target\":{\"@type\":\"EntryPoint\",\"urlTemplate\":\"https:\\\/\\\/nutrition4ushop.com\\\/?s={search_term_string}\"},\"query-input\":{\"@type\":\"PropertyValueSpecification\",\"valueRequired\":true,\"valueName\":\"search_term_string\"}}],\"inLanguage\":\"pt-PT\"},{\"@type\":[\"Organization\",\"Place\",\"SportingGoodsStore\"],\"@id\":\"https:\\\/\\\/nutrition4ushop.com\\\/#organization\",\"name\":\"Nutrition4u\",\"alternateName\":\"Nutrition4u\",\"url\":\"https:\\\/\\\/nutrition4ushop.com\\\/\",\"logo\":{\"@id\":\"https:\\\/\\\/nutrition4ushop.com\\\/product\\\/advanced-whey-core-series-2kg\\\/#local-main-organization-logo\"},\"image\":{\"@id\":\"https:\\\/\\\/nutrition4ushop.com\\\/product\\\/advanced-whey-core-series-2kg\\\/#local-main-organization-logo\"},\"sameAs\":[\"https:\\\/\\\/www.facebook.com\\\/p\\\/Nutrition4u-100063511002565\",\"https:\\\/\\\/www.instagram.com\\\/nutrition4u_by_rubengarradas\\\/\"],\"description\":\"Suplementos de qualidade. Suplementos e vitaminas Procell , Marvelous e muito mais. NUTRITION4U suplementos para todo o tipo de pessoas e atletas.\",\"publishingPrinciples\":\"https:\\\/\\\/nutrition4ushop.com\\\/about-us\\\/\",\"ownershipFundingInfo\":\"https:\\\/\\\/nutrition4ushop.com\\\/train-with-ruben-garradas\\\/\",\"actionableFeedbackPolicy\":\"https:\\\/\\\/nutrition4ushop.com\\\/cookies-policy\\\/\",\"ethicsPolicy\":\"https:\\\/\\\/nutrition4ushop.com\\\/terms-and-conditions\\\/\",\"address\":{\"@id\":\"https:\\\/\\\/nutrition4ushop.com\\\/product\\\/advanced-whey-core-series-2kg\\\/#local-main-place-address\"},\"telephone\":[],\"openingHoursSpecification\":[]},{\"@type\":\"PostalAddress\",\"@id\":\"https:\\\/\\\/nutrition4ushop.com\\\/product\\\/advanced-whey-core-series-2kg\\\/#local-main-place-address\",\"streetAddress\":\"R. 1\u00ba de Maio n\u00b035 Loja 221\",\"addressLocality\":\"Amora\",\"postalCode\":\"2845-162\",\"addressRegion\":\"Set\u00fabal\",\"addressCountry\":\"PT\"},{\"@type\":\"ImageObject\",\"inLanguage\":\"pt-PT\",\"@id\":\"https:\\\/\\\/nutrition4ushop.com\\\/product\\\/advanced-whey-core-series-2kg\\\/#local-main-organization-logo\",\"url\":\"https:\\\/\\\/nutrition4ushop.com\\\/wp-content\\\/uploads\\\/2024\\\/02\\\/WhatsApp-Image-2024-02-02-at-5.49.55-PM-1.jpeg\",\"contentUrl\":\"https:\\\/\\\/nutrition4ushop.com\\\/wp-content\\\/uploads\\\/2024\\\/02\\\/WhatsApp-Image-2024-02-02-at-5.49.55-PM-1.jpeg\",\"width\":1416,\"height\":1476,\"caption\":\"Nutrition4u\"}]}<\/script>\n<meta property=\"og:availability\" content=\"instock\" \/>\n<meta property=\"product:availability\" content=\"instock\" \/>\n<meta property=\"product:condition\" content=\"new\" \/>\n<meta name=\"geo.placename\" content=\"Amora\" \/>\n<meta name=\"geo.region\" content=\"Portugal\" \/>\n<!-- \/ Yoast SEO Premium plugin. -->","yoast_head_json":{"title":"Advanced Whey - S\u00e9rie Core 2Kg","description":"Aumente o seu desempenho com Advanced Whey Core Series 2Kg da Procell. Esta prote\u00edna de soro de leite em p\u00f3 de alta qualidade foi habilmente formulada para ajudar a preservar a massa muscular e melhorar a recupera\u00e7\u00e3o p\u00f3s-treino. Alimente a sua jornada de fitness hoje mesmo.","robots":{"index":"index","follow":"follow","max-snippet":"max-snippet:-1","max-image-preview":"max-image-preview:large","max-video-preview":"max-video-preview:-1"},"canonical":"https:\/\/nutrition4ushop.com\/pt\/produto\/advanced-whey-core-series-2kg\/","og_locale":"pt_PT","og_type":"article","og_title":"Advanced Whey - Core Series 2Kg","og_description":"Boost your performance with Procell's Advanced Whey Core Series 2Kg. This high-quality whey protein powder is expertly formulated to help preserve muscle mass and enhance post-workout recovery. Fuel your fitness journey today.","og_url":"https:\/\/nutrition4ushop.com\/pt\/produto\/advanced-whey-core-series-2kg\/","og_site_name":"Nutrition4u","article_publisher":"https:\/\/www.facebook.com\/p\/Nutrition4u-100063511002565","article_modified_time":"2025-08-05T16:52:53+00:00","og_image":[{"width":500,"height":500,"url":"https:\/\/nutrition4ushop.com\/wp-content\/uploads\/2025\/07\/procell-core-advanced-whey-2000g-removebg-preview.png","type":"image\/png"}],"twitter_card":"summary_large_image","twitter_misc":{"Disponibilidade":"Em stock"},"schema":{"@context":"https:\/\/schema.org","@graph":[{"@type":"WebPage","@id":"https:\/\/nutrition4ushop.com\/product\/advanced-whey-core-series-2kg\/","url":"https:\/\/nutrition4ushop.com\/product\/advanced-whey-core-series-2kg\/","name":"Advanced Whey - S\u00e9rie Core 2Kg","isPartOf":{"@id":"https:\/\/nutrition4ushop.com\/#website"},"primaryImageOfPage":{"@id":"https:\/\/nutrition4ushop.com\/product\/advanced-whey-core-series-2kg\/#primaryimage"},"image":{"@id":"https:\/\/nutrition4ushop.com\/product\/advanced-whey-core-series-2kg\/#primaryimage"},"thumbnailUrl":"https:\/\/nutrition4ushop.com\/wp-content\/uploads\/2025\/07\/procell-core-advanced-whey-2000g-removebg-preview.png","datePublished":"2025-07-26T20:22:56+00:00","dateModified":"2025-08-05T16:52:53+00:00","description":"Aumente o seu desempenho com Advanced Whey Core Series 2Kg da Procell. Esta prote\u00edna de soro de leite em p\u00f3 de alta qualidade foi habilmente formulada para ajudar a preservar a massa muscular e melhorar a recupera\u00e7\u00e3o p\u00f3s-treino. Alimente a sua jornada de fitness hoje mesmo.","breadcrumb":{"@id":"https:\/\/nutrition4ushop.com\/product\/advanced-whey-core-series-2kg\/#breadcrumb"},"inLanguage":"pt-PT","potentialAction":[{"@type":"ReadAction","target":["https:\/\/nutrition4ushop.com\/product\/advanced-whey-core-series-2kg\/"]}]},{"@type":"ImageObject","inLanguage":"pt-PT","@id":"https:\/\/nutrition4ushop.com\/product\/advanced-whey-core-series-2kg\/#primaryimage","url":"https:\/\/nutrition4ushop.com\/wp-content\/uploads\/2025\/07\/procell-core-advanced-whey-2000g-removebg-preview.png","contentUrl":"https:\/\/nutrition4ushop.com\/wp-content\/uploads\/2025\/07\/procell-core-advanced-whey-2000g-removebg-preview.png","width":500,"height":500,"caption":"Advanced Whey Protein 2Kg by Procell"},{"@type":"BreadcrumbList","@id":"https:\/\/nutrition4ushop.com\/product\/advanced-whey-core-series-2kg\/#breadcrumb","itemListElement":[{"@type":"ListItem","position":1,"name":"Home","item":"https:\/\/nutrition4ushop.com\/"},{"@type":"ListItem","position":2,"name":"Shop","item":"https:\/\/nutrition4ushop.com\/shop\/"},{"@type":"ListItem","position":3,"name":"Advanced Whey &#8211; Core Series 2Kg"}]},{"@type":"WebSite","@id":"https:\/\/nutrition4ushop.com\/#website","url":"https:\/\/nutrition4ushop.com\/","name":"Nutri\u00e7\u00e3o4u","description":"","publisher":{"@id":"https:\/\/nutrition4ushop.com\/#organization"},"potentialAction":[{"@type":"SearchAction","target":{"@type":"EntryPoint","urlTemplate":"https:\/\/nutrition4ushop.com\/?s={search_term_string}"},"query-input":{"@type":"PropertyValueSpecification","valueRequired":true,"valueName":"search_term_string"}}],"inLanguage":"pt-PT"},{"@type":["Organization","Place","SportingGoodsStore"],"@id":"https:\/\/nutrition4ushop.com\/#organization","name":"Nutri\u00e7\u00e3o4u","alternateName":"Nutrition4u","url":"https:\/\/nutrition4ushop.com\/","logo":{"@id":"https:\/\/nutrition4ushop.com\/product\/advanced-whey-core-series-2kg\/#local-main-organization-logo"},"image":{"@id":"https:\/\/nutrition4ushop.com\/product\/advanced-whey-core-series-2kg\/#local-main-organization-logo"},"sameAs":["https:\/\/www.facebook.com\/p\/Nutrition4u-100063511002565","https:\/\/www.instagram.com\/nutrition4u_by_rubengarradas\/"],"description":"Suplementos de qualidade. Suplementos e vitaminas Procell , Marvelous e muito mais. NUTRITION4U suplementos para todo o tipo de pessoas e atletas.","publishingPrinciples":"https:\/\/nutrition4ushop.com\/about-us\/","ownershipFundingInfo":"https:\/\/nutrition4ushop.com\/train-with-ruben-garradas\/","actionableFeedbackPolicy":"https:\/\/nutrition4ushop.com\/cookies-policy\/","ethicsPolicy":"https:\/\/nutrition4ushop.com\/terms-and-conditions\/","address":{"@id":"https:\/\/nutrition4ushop.com\/product\/advanced-whey-core-series-2kg\/#local-main-place-address"},"telephone":[],"openingHoursSpecification":[]},{"@type":"PostalAddress","@id":"https:\/\/nutrition4ushop.com\/product\/advanced-whey-core-series-2kg\/#local-main-place-address","streetAddress":"R. 1\u00ba de Maio n\u00b035 Loja 221","addressLocality":"Amora","postalCode":"2845-162","addressRegion":"Set\u00fabal","addressCountry":"PT"},{"@type":"ImageObject","inLanguage":"pt-PT","@id":"https:\/\/nutrition4ushop.com\/product\/advanced-whey-core-series-2kg\/#local-main-organization-logo","url":"https:\/\/nutrition4ushop.com\/wp-content\/uploads\/2024\/02\/WhatsApp-Image-2024-02-02-at-5.49.55-PM-1.jpeg","contentUrl":"https:\/\/nutrition4ushop.com\/wp-content\/uploads\/2024\/02\/WhatsApp-Image-2024-02-02-at-5.49.55-PM-1.jpeg","width":1416,"height":1476,"caption":"Nutrition4u"}]},"og_availability":"instock","product_availability":"instock","product_condition":"new","geo.placename":"Amora","geo.region":"Portugal"},"publishpress_future_action":{"enabled":false,"date":"2026-05-20 10:35:51","action":"change-status","newStatus":"draft","terms":[],"taxonomy":"product_brand","extraData":[]},"publishpress_future_workflow_manual_trigger":{"enabledWorkflows":[]},"tiered_pricing_type":"fixed","tiered_pricing_fixed_rules":[],"tiered_pricing_product_settings":{"layout":"default","base_unit_name":{"singular":null,"plural":null},"default_variation":null},"tiered_pricing_minimum_quantity":null,"tiered_pricing_roles_data":[],"tiered_pricing_percentage_rules":[],"tiered_pricing_maximum_quantity":null,"tiered_pricing_quantity_step":null,"_links":{"self":[{"href":"https:\/\/nutrition4ushop.com\/pt\/wp-json\/wp\/v2\/product\/11066","targetHints":{"allow":["GET"]}}],"collection":[{"href":"https:\/\/nutrition4ushop.com\/pt\/wp-json\/wp\/v2\/product"}],"about":[{"href":"https:\/\/nutrition4ushop.com\/pt\/wp-json\/wp\/v2\/types\/product"}],"replies":[{"embeddable":true,"href":"https:\/\/nutrition4ushop.com\/pt\/wp-json\/wp\/v2\/comments?post=11066"}],"version-history":[{"count":1,"href":"https:\/\/nutrition4ushop.com\/pt\/wp-json\/wp\/v2\/product\/11066\/revisions"}],"predecessor-version":[{"id":11069,"href":"https:\/\/nutrition4ushop.com\/pt\/wp-json\/wp\/v2\/product\/11066\/revisions\/11069"}],"wp:featuredmedia":[{"embeddable":true,"href":"https:\/\/nutrition4ushop.com\/pt\/wp-json\/wp\/v2\/media\/11068"}],"wp:attachment":[{"href":"https:\/\/nutrition4ushop.com\/pt\/wp-json\/wp\/v2\/media?parent=11066"}],"wp:term":[{"taxonomy":"product_brand","embeddable":true,"href":"https:\/\/nutrition4ushop.com\/pt\/wp-json\/wp\/v2\/product_brand?post=11066"},{"taxonomy":"product_cat","embeddable":true,"href":"https:\/\/nutrition4ushop.com\/pt\/wp-json\/wp\/v2\/product_cat?post=11066"},{"taxonomy":"product_tag","embeddable":true,"href":"https:\/\/nutrition4ushop.com\/pt\/wp-json\/wp\/v2\/product_tag?post=11066"}],"curies":[{"name":"wp","href":"https:\/\/api.w.org\/{rel}","templated":true}]}}