{"id":11077,"date":"2025-07-27T12:22:09","date_gmt":"2025-07-27T12:22:09","guid":{"rendered":"https:\/\/nutrition4ushop.com\/?post_type=product&#038;p=11077"},"modified":"2025-08-05T14:17:54","modified_gmt":"2025-08-05T14:17:54","slug":"animal-flex-44-packs","status":"publish","type":"product","link":"https:\/\/nutrition4ushop.com\/pt\/product\/animal-flex-44-packs\/","title":{"rendered":"Animal Flex - 44 embalagens"},"content":{"rendered":"<p data-start=\"149\" data-end=\"411\" class=\"translation-block\">Universal Nutrition Animal Flex<br>Animal Flex \u00e9 o auge dos suplementos condroprotetores. N\u00e3o h\u00e1 melhor rem\u00e9dio para problemas nas articula\u00e7\u00f5es e tend\u00f5es. Este produto ajuda com confian\u00e7a a lidar com entorses, rupturas, processos inflamat\u00f3rios nas articula\u00e7\u00f5es e muito mais.<\/p>\n<p data-start=\"413\" data-end=\"606\">A composi\u00e7\u00e3o do Animal Flex \u00e9 t\u00e3o diversificada que inclui praticamente todos os ingredientes poss\u00edveis que ajudam a restaurar tend\u00f5es e articula\u00e7\u00f5es. Os componentes est\u00e3o funcionalmente divididos em tr\u00eas grupos:<\/p>\n<ul data-start=\"608\" data-end=\"1126\">\n<li data-start=\"608\" data-end=\"789\">\n<p data-start=\"610\" data-end=\"789\" class=\"translation-block\"><strong>Complexo de Constru\u00e7\u00e3o Articular<\/strong> \u2013 tudo o que \u00e9 necess\u00e1rio para a restaura\u00e7\u00e3o completa dos tecidos das articula\u00e7\u00f5es e ligamentos. Inclui MSM, que ajuda a reduzir a inflama\u00e7\u00e3o e assim aliviar a dor.<\/p>\n<\/li>\n<li data-start=\"790\" data-end=\"969\">\n<p data-start=\"792\" data-end=\"969\" class=\"translation-block\"><strong>Complexo de Lubrifica\u00e7\u00e3o Articular<\/strong> \u2013 componentes que aumentam a elasticidade da articula\u00e7\u00e3o e dos seus arredores. Este complexo restaura e melhora a produ\u00e7\u00e3o do l\u00edquido sinovial.<\/p>\n<\/li>\n<li data-start=\"970\" data-end=\"1126\">\n<p data-start=\"972\" data-end=\"1126\" class=\"translation-block\"><strong>Complexo de Suporte Articular<\/strong> \u2013 este conjunto de ingredientes foca-se no apoio e preven\u00e7\u00e3o de les\u00f5es, bem como na ativa\u00e7\u00e3o dos processos de recupera\u00e7\u00e3o do corpo.<\/p>\n<\/li>\n<\/ul>\n<p data-start=\"1128\" data-end=\"1505\">Muitos condroprotetores no mercado cont\u00eam apenas os ingredientes mais conhecidos, como condroitina e glucosamina, por vezes com adi\u00e7\u00e3o de MSM. A vitamina C raramente est\u00e1 inclu\u00edda, apesar da sua import\u00e2ncia para a correta absor\u00e7\u00e3o dos componentes mencionados. O Animal Flex tem tudo isso! Nunca vais sentir que poderias escolher algo melhor ou mais eficaz \u2014 j\u00e1 escolheste o melhor.<\/p>\n<p data-start=\"1507\" data-end=\"1663\" class=\"translation-block\"><strong>Adultos:<\/strong> Apoia a sa\u00fade das articula\u00e7\u00f5es e cartilagens<br><strong>Vegetarianos:<\/strong> Reduz processos inflamat\u00f3rios<br><strong>Atletas:<\/strong> Prev\u00e9m les\u00f5es nas articula\u00e7\u00f5es e tend\u00f5es<\/p>\n<hr data-start=\"2067\" data-end=\"2070\" \/>\n<h3 data-start=\"2072\" data-end=\"2125\">Caracter\u00edsticas do Universal Nutrition Animal Flex<\/h3>\n<p data-start=\"2126\" data-end=\"2334\">Explora a composi\u00e7\u00e3o detalhada, as propriedades \u00fanicas e os benef\u00edcios para a sa\u00fade do Animal Flex. Esta informa\u00e7\u00e3o vai ajudar-te a fazer a escolha certa e a otimizar a tua ingest\u00e3o dos componentes essenciais para a sa\u00fade das articula\u00e7\u00f5es.<\/p>\n<ul data-start=\"2336\" data-end=\"2899\">\n<li data-start=\"2336\" data-end=\"2498\">\n<p data-start=\"2338\" data-end=\"2498\" class=\"translation-block\"><strong>Suporte a Articula\u00e7\u00f5es e Tend\u00f5es:<\/strong> O objetivo principal do Animal Flex \u00e9 apoiar a sa\u00fade das articula\u00e7\u00f5es e tend\u00f5es, reduzir o risco de les\u00f5es e melhorar a mobilidade.<\/p>\n<\/li>\n<li data-start=\"2499\" data-end=\"2638\">\n<p data-start=\"2501\" data-end=\"2638\" class=\"translation-block\"><strong>Propriedades Anti-inflamat\u00f3rias:<\/strong> Alguns ingredientes t\u00eam efeitos anti-inflamat\u00f3rios ben\u00e9ficos para quem sofre de inflama\u00e7\u00e3o nas articula\u00e7\u00f5es.<\/p>\n<\/li>\n<li data-start=\"2639\" data-end=\"2762\">\n<p data-start=\"2641\" data-end=\"2762\" class=\"translation-block\"><strong>Suporte \u00e0 Cartilagem:<\/strong> A glucosamina e a condroitina s\u00e3o componentes-chave que promovem o suporte e o fortalecimento da cartilagem.<\/p>\n<\/li>\n<li data-start=\"2763\" data-end=\"2899\">\n<p data-start=\"2765\" data-end=\"2899\" class=\"translation-block\"><strong>Vitaminas e Minerais:<\/strong> A f\u00f3rmula inclui vitaminas e minerais como a vitamina C e o magn\u00e9sio, que contribuem para a sa\u00fade geral.<\/p>\n<\/li>\n<\/ul>\n<div class=\"_tableContainer_80l1q_1\">\n<div class=\"_tableWrapper_80l1q_14 group flex w-fit flex-col-reverse\" tabindex=\"-1\"><\/div>\n<\/div>\n<hr data-start=\"3533\" data-end=\"3536\" \/>\n<h3 data-start=\"3538\" data-end=\"3580\">Composi\u00e7\u00e3o do Universal Animal Flex<\/h3>\n<p data-start=\"3581\" data-end=\"3752\">O Animal Flex da Universal Nutrition \u00e9 um complexo equilibrado concebido para apoiar a sa\u00fade das articula\u00e7\u00f5es e cartilagens, formulado especificamente para atletas e pessoas fisicamente ativas.<\/p>\n<hr data-start=\"3754\" data-end=\"3757\" \/>\n<h3 data-start=\"3897\" data-end=\"3927\">Como tomar o Animal Flex?<\/h3>\n<p data-start=\"3928\" data-end=\"4026\">A dose di\u00e1ria padr\u00e3o \u00e9 um pacote. \u00c9 melhor tomar ap\u00f3s as refei\u00e7\u00f5es com uma quantidade moderada de \u00e1gua.<\/p>\n<hr data-start=\"4028\" data-end=\"4031\" \/>\n<h3 data-start=\"4033\" data-end=\"4090\">Contraindica\u00e7\u00f5es do Animal Flex da Universal Nutrition<\/h3>\n<ul data-start=\"4092\" data-end=\"4802\">\n<li data-start=\"4092\" data-end=\"4179\">\n<p data-start=\"4094\" data-end=\"4179\" class=\"translation-block\"><strong data-start=\"4094\" data-end=\"4108\">Alergias:<\/strong> Evite se tiver alergias conhecidas a quaisquer ingredientes do Animal Flex.<\/p>\n<\/li>\n<li data-start=\"4180\" data-end=\"4330\">\n<p data-start=\"4182\" data-end=\"4330\" class=\"translation-block\"><strong data-start=\"4182\" data-end=\"4213\">Problemas Renais e Hep\u00e1ticos:<\/strong> Poss\u00edveis efeitos na fun\u00e7\u00e3o dos rins e do f\u00edgado, pelo que pessoas com estes problemas devem evitar o uso ou consultar um m\u00e9dico.<\/p>\n<\/li>\n<li data-start=\"4331\" data-end=\"4447\">\n<p data-start=\"4333\" data-end=\"4447\" class=\"translation-block\"><strong data-start=\"4333\" data-end=\"4365\">Gravidez e Amamenta\u00e7\u00e3o:<\/strong> Evite todos os suplementos durante a gravidez e o per\u00edodo de amamenta\u00e7\u00e3o sem a aprova\u00e7\u00e3o do m\u00e9dico.<\/p>\n<\/li>\n<li data-start=\"4448\" data-end=\"4562\">\n<p data-start=\"4450\" data-end=\"4562\" class=\"translation-block\"><strong data-start=\"4450\" data-end=\"4479\">Crian\u00e7as e Adolescentes:<\/strong> N\u00e3o recomendado para crian\u00e7as e adolescentes, pois os seus corpos ainda est\u00e3o em desenvolvimento.<\/p>\n<\/li>\n<li data-start=\"4563\" data-end=\"4678\">\n<p data-start=\"4565\" data-end=\"4678\" class=\"translation-block\"><strong data-start=\"4565\" data-end=\"4597\">Doen\u00e7as Card\u00edacas e Vasculares:<\/strong> Indiv\u00edduos com doen\u00e7as card\u00edacas ou vasculares graves devem usar com precau\u00e7\u00e3o.<\/p>\n<\/li>\n<li data-start=\"4679\" data-end=\"4802\">\n<p data-start=\"4681\" data-end=\"4802\" class=\"translation-block\"><strong data-start=\"4681\" data-end=\"4703\">Dist\u00farbios da Tiroide:<\/strong> O Animal Flex pode afetar a fun\u00e7\u00e3o da tiroide; consulte um m\u00e9dico se tiver problemas de tiroide antes de utilizar.<\/p>\n<\/li>\n<\/ul>\n<hr data-start=\"4804\" data-end=\"4807\" \/>\n<h3 data-start=\"4809\" data-end=\"4849\">Condi\u00e7\u00f5es de Armazenamento do Animal Flex<\/h3>\n<p data-start=\"4850\" data-end=\"5003\">Armazene o produto num local seco e fresco, afastado da luz solar direta, a uma temperatura que n\u00e3o exceda a indicada na embalagem, e evite a humidade.<\/p>","protected":false},"excerpt":{"rendered":"<p>Cada embalagem cont\u00e9m v\u00e1rios complexos formulados especificamente para apoiar a sa\u00fade das articula\u00e7\u00f5es, ligamentos e tend\u00f5es. Animal Flex \u00e9 um suplemento completo \u2014 e o melhor de tudo \u00e9 que requer apenas uma dose pr\u00e1tica por dia.<\/p>","protected":false},"featured_media":11080,"comment_status":"open","ping_status":"closed","template":"","meta":{"site-sidebar-layout":"default","site-content-layout":"","ast-site-content-layout":"default","site-content-style":"default","site-sidebar-style":"default","ast-global-header-display":"","ast-banner-title-visibility":"","ast-main-header-display":"","ast-hfb-above-header-display":"","ast-hfb-below-header-display":"","ast-hfb-mobile-header-display":"","site-post-title":"","ast-breadcrumbs-content":"","ast-featured-img":"","footer-sml-layout":"","theme-transparent-header-meta":"default","adv-header-id-meta":"","stick-header-meta":"","header-above-stick-meta":"","header-main-stick-meta":"","header-below-stick-meta":"","astra-migrate-meta-layouts":"set","ast-page-background-enabled":"default","ast-page-background-meta":{"desktop":{"background-color":"var(--ast-global-color-4)","background-image":"","background-repeat":"repeat","background-position":"center center","background-size":"auto","background-attachment":"scroll","background-type":"","background-media":"","overlay-type":"","overlay-color":"","overlay-opacity":"","overlay-gradient":""},"tablet":{"background-color":"","background-image":"","background-repeat":"repeat","background-position":"center center","background-size":"auto","background-attachment":"scroll","background-type":"","background-media":"","overlay-type":"","overlay-color":"","overlay-opacity":"","overlay-gradient":""},"mobile":{"background-color":"","background-image":"","background-repeat":"repeat","background-position":"center center","background-size":"auto","background-attachment":"scroll","background-type":"","background-media":"","overlay-type":"","overlay-color":"","overlay-opacity":"","overlay-gradient":""}},"ast-content-background-meta":{"desktop":{"background-color":"var(--ast-global-color-5)","background-image":"","background-repeat":"repeat","background-position":"center center","background-size":"auto","background-attachment":"scroll","background-type":"","background-media":"","overlay-type":"","overlay-color":"","overlay-opacity":"","overlay-gradient":""},"tablet":{"background-color":"var(--ast-global-color-5)","background-image":"","background-repeat":"repeat","background-position":"center center","background-size":"auto","background-attachment":"scroll","background-type":"","background-media":"","overlay-type":"","overlay-color":"","overlay-opacity":"","overlay-gradient":""},"mobile":{"background-color":"var(--ast-global-color-5)","background-image":"","background-repeat":"repeat","background-position":"center center","background-size":"auto","background-attachment":"scroll","background-type":"","background-media":"","overlay-type":"","overlay-color":"","overlay-opacity":"","overlay-gradient":""}}},"product_brand":[204],"product_cat":[286],"product_tag":[],"class_list":{"0":"post-11077","1":"product","2":"type-product","3":"status-publish","4":"has-post-thumbnail","6":"product_brand-universal","7":"product_cat-organ-support","8":"desktop-align-center","9":"tablet-align-left","10":"mobile-align-left","12":"first","13":"instock","14":"shipping-taxable","15":"purchasable","16":"product-type-simple"},"yoast_head":"<!-- This site is optimized with the Yoast SEO Premium plugin v27.0 (Yoast SEO v27.0) - https:\/\/yoast.com\/product\/yoast-seo-premium-wordpress\/ -->\n<title>Animal Flex \u2013 44 Packs<\/title>\n<meta name=\"description\" content=\"Each pack contains multiple complexes specifically formulated to support healthy joints, ligaments, and tendons. Animal Flex is a comprehensive supplement \u2014 and best of all, it requires just one convenient dose per day.\" \/>\n<meta name=\"robots\" content=\"index, follow, max-snippet:-1, max-image-preview:large, max-video-preview:-1\" \/>\n<link rel=\"canonical\" href=\"https:\/\/nutrition4ushop.com\/pt\/produto\/animal-flex-44-packs\/\" \/>\n<meta property=\"og:locale\" content=\"pt_PT\" \/>\n<meta property=\"og:type\" content=\"article\" \/>\n<meta property=\"og:title\" content=\"Animal Flex \u2013 44 Packs\" \/>\n<meta property=\"og:description\" content=\"Each pack contains multiple complexes specifically formulated to support healthy joints, ligaments, and tendons. Animal Flex is a comprehensive supplement \u2014 and best of all, it requires just one convenient dose per day.\" \/>\n<meta property=\"og:url\" content=\"https:\/\/nutrition4ushop.com\/pt\/produto\/animal-flex-44-packs\/\" \/>\n<meta property=\"og:site_name\" content=\"Nutrition4u\" \/>\n<meta property=\"article:publisher\" content=\"https:\/\/www.facebook.com\/p\/Nutrition4u-100063511002565\" \/>\n<meta property=\"article:modified_time\" content=\"2025-08-05T14:17:54+00:00\" \/>\n<meta property=\"og:image\" content=\"https:\/\/nutrition4ushop.com\/wp-content\/uploads\/2025\/07\/ga1-1-removebg-preview-1.png\" \/>\n\t<meta property=\"og:image:width\" content=\"500\" \/>\n\t<meta property=\"og:image:height\" content=\"500\" \/>\n\t<meta property=\"og:image:type\" content=\"image\/png\" \/>\n<meta name=\"twitter:card\" content=\"summary_large_image\" \/>\n<meta name=\"twitter:label1\" content=\"pre\u00e7o\" \/>\n\t<meta name=\"twitter:data1\" content=\"50,00&nbsp;&euro;\" \/>\n\t<meta name=\"twitter:label2\" content=\"Disponibilidade\" \/>\n\t<meta name=\"twitter:data2\" content=\"Em stock\" \/>\n<script type=\"application\/ld+json\" class=\"yoast-schema-graph\">{\"@context\":\"https:\/\/schema.org\",\"@graph\":[{\"@type\":\"WebPage\",\"@id\":\"https:\/\/nutrition4ushop.com\/product\/animal-flex-44-packs\/\",\"url\":\"https:\/\/nutrition4ushop.com\/product\/animal-flex-44-packs\/\",\"name\":\"Animal Flex \u2013 44 Packs\",\"isPartOf\":{\"@id\":\"https:\/\/nutrition4ushop.com\/#website\"},\"primaryImageOfPage\":{\"@id\":\"https:\/\/nutrition4ushop.com\/product\/animal-flex-44-packs\/#primaryimage\"},\"image\":{\"@id\":\"https:\/\/nutrition4ushop.com\/product\/animal-flex-44-packs\/#primaryimage\"},\"thumbnailUrl\":\"https:\/\/nutrition4ushop.com\/wp-content\/uploads\/2025\/07\/ga1-1-removebg-preview-1.png\",\"datePublished\":\"2025-07-27T12:22:09+00:00\",\"dateModified\":\"2025-08-05T14:17:54+00:00\",\"description\":\"Each pack contains multiple complexes specifically formulated to support healthy joints, ligaments, and tendons. Animal Flex is a comprehensive supplement \u2014 and best of all, it requires just one convenient dose per day.\",\"breadcrumb\":{\"@id\":\"https:\/\/nutrition4ushop.com\/product\/animal-flex-44-packs\/#breadcrumb\"},\"inLanguage\":\"pt-PT\",\"potentialAction\":[{\"@type\":\"ReadAction\",\"target\":[\"https:\/\/nutrition4ushop.com\/product\/animal-flex-44-packs\/\"]}]},{\"@type\":\"ImageObject\",\"inLanguage\":\"pt-PT\",\"@id\":\"https:\/\/nutrition4ushop.com\/product\/animal-flex-44-packs\/#primaryimage\",\"url\":\"https:\/\/nutrition4ushop.com\/wp-content\/uploads\/2025\/07\/ga1-1-removebg-preview-1.png\",\"contentUrl\":\"https:\/\/nutrition4ushop.com\/wp-content\/uploads\/2025\/07\/ga1-1-removebg-preview-1.png\",\"width\":500,\"height\":500,\"caption\":\"Animal Flex \u2013 44 Packs\"},{\"@type\":\"BreadcrumbList\",\"@id\":\"https:\/\/nutrition4ushop.com\/product\/animal-flex-44-packs\/#breadcrumb\",\"itemListElement\":[{\"@type\":\"ListItem\",\"position\":1,\"name\":\"Home\",\"item\":\"https:\/\/nutrition4ushop.com\/\"},{\"@type\":\"ListItem\",\"position\":2,\"name\":\"Shop\",\"item\":\"https:\/\/nutrition4ushop.com\/shop\/\"},{\"@type\":\"ListItem\",\"position\":3,\"name\":\"Animal Flex \u2013 44 Packs\"}]},{\"@type\":\"WebSite\",\"@id\":\"https:\/\/nutrition4ushop.com\/#website\",\"url\":\"https:\/\/nutrition4ushop.com\/\",\"name\":\"Nutrition4u\",\"description\":\"\",\"publisher\":{\"@id\":\"https:\/\/nutrition4ushop.com\/#organization\"},\"potentialAction\":[{\"@type\":\"SearchAction\",\"target\":{\"@type\":\"EntryPoint\",\"urlTemplate\":\"https:\/\/nutrition4ushop.com\/?s={search_term_string}\"},\"query-input\":{\"@type\":\"PropertyValueSpecification\",\"valueRequired\":true,\"valueName\":\"search_term_string\"}}],\"inLanguage\":\"pt-PT\"},{\"@type\":[\"Organization\",\"Place\",\"SportingGoodsStore\"],\"@id\":\"https:\/\/nutrition4ushop.com\/#organization\",\"name\":\"Nutrition4u\",\"alternateName\":\"Nutrition4u\",\"url\":\"https:\/\/nutrition4ushop.com\/\",\"logo\":{\"@id\":\"https:\/\/nutrition4ushop.com\/product\/animal-flex-44-packs\/#local-main-organization-logo\"},\"image\":{\"@id\":\"https:\/\/nutrition4ushop.com\/product\/animal-flex-44-packs\/#local-main-organization-logo\"},\"sameAs\":[\"https:\/\/www.facebook.com\/p\/Nutrition4u-100063511002565\",\"https:\/\/www.instagram.com\/nutrition4u_by_rubengarradas\/\"],\"description\":\"Suplementos de qualidade. Suplementos e vitaminas Procell , Marvelous e muito mais. NUTRITION4U suplementos para todo o tipo de pessoas e atletas.\",\"publishingPrinciples\":\"https:\/\/nutrition4ushop.com\/about-us\/\",\"ownershipFundingInfo\":\"https:\/\/nutrition4ushop.com\/train-with-ruben-garradas\/\",\"actionableFeedbackPolicy\":\"https:\/\/nutrition4ushop.com\/cookies-policy\/\",\"ethicsPolicy\":\"https:\/\/nutrition4ushop.com\/terms-and-conditions\/\",\"address\":{\"@id\":\"https:\/\/nutrition4ushop.com\/product\/animal-flex-44-packs\/#local-main-place-address\"},\"telephone\":[],\"openingHoursSpecification\":[]},{\"@type\":\"PostalAddress\",\"@id\":\"https:\/\/nutrition4ushop.com\/product\/animal-flex-44-packs\/#local-main-place-address\",\"streetAddress\":\"R. 1\u00ba de Maio n\u00b035 Loja 221\",\"addressLocality\":\"Amora\",\"postalCode\":\"2845-162\",\"addressRegion\":\"Set\u00fabal\",\"addressCountry\":\"PT\"},{\"@type\":\"ImageObject\",\"inLanguage\":\"pt-PT\",\"@id\":\"https:\/\/nutrition4ushop.com\/product\/animal-flex-44-packs\/#local-main-organization-logo\",\"url\":\"https:\/\/nutrition4ushop.com\/wp-content\/uploads\/2024\/02\/WhatsApp-Image-2024-02-02-at-5.49.55-PM-1.jpeg\",\"contentUrl\":\"https:\/\/nutrition4ushop.com\/wp-content\/uploads\/2024\/02\/WhatsApp-Image-2024-02-02-at-5.49.55-PM-1.jpeg\",\"width\":1416,\"height\":1476,\"caption\":\"Nutrition4u\"}]}<\/script>\n<meta property=\"product:price:amount\" content=\"50.00\" \/>\n<meta property=\"product:price:currency\" content=\"EUR\" \/>\n<meta property=\"og:availability\" content=\"instock\" \/>\n<meta property=\"product:availability\" content=\"instock\" \/>\n<meta property=\"product:condition\" content=\"new\" \/>\n<meta name=\"geo.placename\" content=\"Amora\" \/>\n<meta name=\"geo.region\" content=\"Portugal\" \/>\n<!-- \/ Yoast SEO Premium plugin. -->","yoast_head_json":{"title":"Animal Flex - 44 embalagens","description":"Cada embalagem cont\u00e9m v\u00e1rios complexos formulados especificamente para apoiar a sa\u00fade das articula\u00e7\u00f5es, ligamentos e tend\u00f5es. Animal Flex \u00e9 um suplemento completo \u2014 e o melhor de tudo \u00e9 que requer apenas uma dose pr\u00e1tica por dia.","robots":{"index":"index","follow":"follow","max-snippet":"max-snippet:-1","max-image-preview":"max-image-preview:large","max-video-preview":"max-video-preview:-1"},"canonical":"https:\/\/nutrition4ushop.com\/pt\/produto\/animal-flex-44-packs\/","og_locale":"pt_PT","og_type":"article","og_title":"Animal Flex \u2013 44 Packs","og_description":"Each pack contains multiple complexes specifically formulated to support healthy joints, ligaments, and tendons. Animal Flex is a comprehensive supplement \u2014 and best of all, it requires just one convenient dose per day.","og_url":"https:\/\/nutrition4ushop.com\/pt\/produto\/animal-flex-44-packs\/","og_site_name":"Nutrition4u","article_publisher":"https:\/\/www.facebook.com\/p\/Nutrition4u-100063511002565","article_modified_time":"2025-08-05T14:17:54+00:00","og_image":[{"width":500,"height":500,"url":"https:\/\/nutrition4ushop.com\/wp-content\/uploads\/2025\/07\/ga1-1-removebg-preview-1.png","type":"image\/png"}],"twitter_card":"summary_large_image","twitter_misc":{"pre\u00e7o":"50,00&nbsp;&euro;","Disponibilidade":"Em stock"},"schema":{"@context":"https:\/\/schema.org","@graph":[{"@type":"WebPage","@id":"https:\/\/nutrition4ushop.com\/product\/animal-flex-44-packs\/","url":"https:\/\/nutrition4ushop.com\/product\/animal-flex-44-packs\/","name":"Animal Flex - 44 embalagens","isPartOf":{"@id":"https:\/\/nutrition4ushop.com\/#website"},"primaryImageOfPage":{"@id":"https:\/\/nutrition4ushop.com\/product\/animal-flex-44-packs\/#primaryimage"},"image":{"@id":"https:\/\/nutrition4ushop.com\/product\/animal-flex-44-packs\/#primaryimage"},"thumbnailUrl":"https:\/\/nutrition4ushop.com\/wp-content\/uploads\/2025\/07\/ga1-1-removebg-preview-1.png","datePublished":"2025-07-27T12:22:09+00:00","dateModified":"2025-08-05T14:17:54+00:00","description":"Cada embalagem cont\u00e9m v\u00e1rios complexos formulados especificamente para apoiar a sa\u00fade das articula\u00e7\u00f5es, ligamentos e tend\u00f5es. Animal Flex \u00e9 um suplemento completo \u2014 e o melhor de tudo \u00e9 que requer apenas uma dose pr\u00e1tica por dia.","breadcrumb":{"@id":"https:\/\/nutrition4ushop.com\/product\/animal-flex-44-packs\/#breadcrumb"},"inLanguage":"pt-PT","potentialAction":[{"@type":"ReadAction","target":["https:\/\/nutrition4ushop.com\/product\/animal-flex-44-packs\/"]}]},{"@type":"ImageObject","inLanguage":"pt-PT","@id":"https:\/\/nutrition4ushop.com\/product\/animal-flex-44-packs\/#primaryimage","url":"https:\/\/nutrition4ushop.com\/wp-content\/uploads\/2025\/07\/ga1-1-removebg-preview-1.png","contentUrl":"https:\/\/nutrition4ushop.com\/wp-content\/uploads\/2025\/07\/ga1-1-removebg-preview-1.png","width":500,"height":500,"caption":"Animal Flex \u2013 44 Packs"},{"@type":"BreadcrumbList","@id":"https:\/\/nutrition4ushop.com\/product\/animal-flex-44-packs\/#breadcrumb","itemListElement":[{"@type":"ListItem","position":1,"name":"Home","item":"https:\/\/nutrition4ushop.com\/"},{"@type":"ListItem","position":2,"name":"Shop","item":"https:\/\/nutrition4ushop.com\/shop\/"},{"@type":"ListItem","position":3,"name":"Animal Flex \u2013 44 Packs"}]},{"@type":"WebSite","@id":"https:\/\/nutrition4ushop.com\/#website","url":"https:\/\/nutrition4ushop.com\/","name":"Nutri\u00e7\u00e3o4u","description":"","publisher":{"@id":"https:\/\/nutrition4ushop.com\/#organization"},"potentialAction":[{"@type":"SearchAction","target":{"@type":"EntryPoint","urlTemplate":"https:\/\/nutrition4ushop.com\/?s={search_term_string}"},"query-input":{"@type":"PropertyValueSpecification","valueRequired":true,"valueName":"search_term_string"}}],"inLanguage":"pt-PT"},{"@type":["Organization","Place","SportingGoodsStore"],"@id":"https:\/\/nutrition4ushop.com\/#organization","name":"Nutri\u00e7\u00e3o4u","alternateName":"Nutrition4u","url":"https:\/\/nutrition4ushop.com\/","logo":{"@id":"https:\/\/nutrition4ushop.com\/product\/animal-flex-44-packs\/#local-main-organization-logo"},"image":{"@id":"https:\/\/nutrition4ushop.com\/product\/animal-flex-44-packs\/#local-main-organization-logo"},"sameAs":["https:\/\/www.facebook.com\/p\/Nutrition4u-100063511002565","https:\/\/www.instagram.com\/nutrition4u_by_rubengarradas\/"],"description":"Suplementos de qualidade. Suplementos e vitaminas Procell , Marvelous e muito mais. NUTRITION4U suplementos para todo o tipo de pessoas e atletas.","publishingPrinciples":"https:\/\/nutrition4ushop.com\/about-us\/","ownershipFundingInfo":"https:\/\/nutrition4ushop.com\/train-with-ruben-garradas\/","actionableFeedbackPolicy":"https:\/\/nutrition4ushop.com\/cookies-policy\/","ethicsPolicy":"https:\/\/nutrition4ushop.com\/terms-and-conditions\/","address":{"@id":"https:\/\/nutrition4ushop.com\/product\/animal-flex-44-packs\/#local-main-place-address"},"telephone":[],"openingHoursSpecification":[]},{"@type":"PostalAddress","@id":"https:\/\/nutrition4ushop.com\/product\/animal-flex-44-packs\/#local-main-place-address","streetAddress":"R. 1\u00ba de Maio n\u00b035 Loja 221","addressLocality":"Amora","postalCode":"2845-162","addressRegion":"Set\u00fabal","addressCountry":"PT"},{"@type":"ImageObject","inLanguage":"pt-PT","@id":"https:\/\/nutrition4ushop.com\/product\/animal-flex-44-packs\/#local-main-organization-logo","url":"https:\/\/nutrition4ushop.com\/wp-content\/uploads\/2024\/02\/WhatsApp-Image-2024-02-02-at-5.49.55-PM-1.jpeg","contentUrl":"https:\/\/nutrition4ushop.com\/wp-content\/uploads\/2024\/02\/WhatsApp-Image-2024-02-02-at-5.49.55-PM-1.jpeg","width":1416,"height":1476,"caption":"Nutrition4u"}]},"product_price_amount":"50.00","product_price_currency":"EUR","og_availability":"instock","product_availability":"instock","product_condition":"new","geo.placename":"Amora","geo.region":"Portugal"},"publishpress_future_action":{"enabled":false,"date":"2026-05-08 01:20:34","action":"change-status","newStatus":"draft","terms":[],"taxonomy":"product_brand","extraData":[]},"publishpress_future_workflow_manual_trigger":{"enabledWorkflows":[]},"tiered_pricing_type":"fixed","tiered_pricing_fixed_rules":[],"tiered_pricing_product_settings":{"layout":"default","base_unit_name":{"singular":null,"plural":null},"default_variation":null},"tiered_pricing_minimum_quantity":null,"tiered_pricing_roles_data":[],"tiered_pricing_percentage_rules":[],"tiered_pricing_maximum_quantity":null,"tiered_pricing_quantity_step":null,"_links":{"self":[{"href":"https:\/\/nutrition4ushop.com\/pt\/wp-json\/wp\/v2\/product\/11077","targetHints":{"allow":["GET"]}}],"collection":[{"href":"https:\/\/nutrition4ushop.com\/pt\/wp-json\/wp\/v2\/product"}],"about":[{"href":"https:\/\/nutrition4ushop.com\/pt\/wp-json\/wp\/v2\/types\/product"}],"replies":[{"embeddable":true,"href":"https:\/\/nutrition4ushop.com\/pt\/wp-json\/wp\/v2\/comments?post=11077"}],"version-history":[{"count":5,"href":"https:\/\/nutrition4ushop.com\/pt\/wp-json\/wp\/v2\/product\/11077\/revisions"}],"predecessor-version":[{"id":11086,"href":"https:\/\/nutrition4ushop.com\/pt\/wp-json\/wp\/v2\/product\/11077\/revisions\/11086"}],"wp:featuredmedia":[{"embeddable":true,"href":"https:\/\/nutrition4ushop.com\/pt\/wp-json\/wp\/v2\/media\/11080"}],"wp:attachment":[{"href":"https:\/\/nutrition4ushop.com\/pt\/wp-json\/wp\/v2\/media?parent=11077"}],"wp:term":[{"taxonomy":"product_brand","embeddable":true,"href":"https:\/\/nutrition4ushop.com\/pt\/wp-json\/wp\/v2\/product_brand?post=11077"},{"taxonomy":"product_cat","embeddable":true,"href":"https:\/\/nutrition4ushop.com\/pt\/wp-json\/wp\/v2\/product_cat?post=11077"},{"taxonomy":"product_tag","embeddable":true,"href":"https:\/\/nutrition4ushop.com\/pt\/wp-json\/wp\/v2\/product_tag?post=11077"}],"curies":[{"name":"wp","href":"https:\/\/api.w.org\/{rel}","templated":true}]}}