{"id":11087,"date":"2025-07-27T12:41:56","date_gmt":"2025-07-27T12:41:56","guid":{"rendered":"https:\/\/nutrition4ushop.com\/?post_type=product&#038;p=11087"},"modified":"2025-08-05T14:13:14","modified_gmt":"2025-08-05T14:13:14","slug":"skull-crusher-stim-free","status":"publish","type":"product","link":"https:\/\/nutrition4ushop.com\/pt\/product\/skull-crusher-stim-free\/","title":{"rendered":"Esmagador de cr\u00e2nios Stim-Free"},"content":{"rendered":"<p><strong>SKULL LABS\u00ae Skull Crusher Stim &#8211; Free. Food supplement.<\/strong>\u00a0With sweeteners. Product in powder form containing citrulline malate, beta-alanine and taurine, recommended for physically active adults.<\/p>\n<p><strong>Ingredients:<\/strong>\u00a0citrulline malate, beta-alanine, L-arginine alpha-ketoglutarate (A-AKG), betaine anhydrous, taurine, stabiliser (glyceryl monostearate), anti-caking agent (E551), acidity regulator (E500(ii)), flavourings<sup>8<\/sup>, choline bitartrate, flavourings<sup>6,7,11<\/sup>, L-tyrosine, flavourings<sup>1,2,3,4,5,9<\/sup>, flavouring<sup>10<\/sup>, glucuronolactone, niacin (nicotinic acid), vitamin B6 (pyridoxine hydrochloride), salt, red beet juice concentrate<sup>1,2,4,5,6,9,10,11<\/sup>, black carrot concentrate6, sweeteners (sucralose, acesulfame K, steviol glycosides from Stevia), colour\/s [(E160a)<sup>3,4,5,7,8<\/sup>, (E104)<sup>3<\/sup>, (E132)<sup>11<\/sup><em>]. E104: May have an adverse effect on activity and attention in children.<\/em><\/p>\n<p><strong>Recommended use:<\/strong>\u00a0Mix ~2 scoops of powder (17,5 g) with 300-350 ml of water. Drink 1 portion daily 30-45 minutes before workout.<\/p>\n<p><strong>Warnings:<\/strong>\u00a0Do not use if you are allergic to any of the product compounds. Do not exceed the recommended daily dose. Food supplements should not be used as a substitute for a varied diet. A varied and balanced diet and healthy lifestyle are recommended. Do not use if pregnant or nursing. Keep out of reach of young children. If you take medications, you should consult your doctor before you consume the product. The measure included in the packet serves to facilitate portioning, but it does not guarantee precise dosing. It is advisable to use scales in order to measure out the exact amount. Shake the package well before use. This product is sold by weight not volume. Some settling of powder may occur during shipping and handling, which may affect density of powder. This product contains the serving indicated when measured exactly by weight.<\/p>\n<p><strong>Flavours:<\/strong>\u00a0Lychee<sup>1<\/sup>, Dragon Fruit<sup>2<\/sup>, Mango-Lemon<sup>3<\/sup>, Citrus-Peach<sup>4<\/sup>, Fruit Massage<sup>5<\/sup>, Blackberry-Pineapple<sup>6<\/sup>, Orange-Mango<sup>7<\/sup>, Exotic<sup>8<\/sup>, Grape<sup>9<\/sup>, Sour Watermelon<sup>10<\/sup>, Blue Raspberry<sup>11<\/sup>.<\/p>\n<p>Best before end, batch number (on the front of the container). Store in a dry place, at room temperature (15-25\u00b0C). Protect against light. Do not freeze.<\/p>\n<table>\n<tbody>\n<tr>\n<td colspan=\"2\"><strong>Serving size:<\/strong>\u00a0~2 Scoops (17,5 g)<br \/>\n<strong>Servings per container:<\/strong>\u00a020<\/td>\n<\/tr>\n<tr>\n<td><strong>Amount in<\/strong><\/td>\n<td><strong>17,5 g<\/strong><\/td>\n<\/tr>\n<tr>\n<td>Citrulline malate<\/td>\n<td>6000 mg<\/td>\n<\/tr>\n<tr>\n<td>\u00a0\u00a0 of which citrulline<\/td>\n<td>4000 mg<\/td>\n<\/tr>\n<tr>\n<td>Beta-alanine<\/td>\n<td>3200 mg<\/td>\n<\/tr>\n<tr>\n<td>L-arginine alpha-ketoglutarate (A-AKG)<\/td>\n<td>1500 mg<\/td>\n<\/tr>\n<tr>\n<td>\u00a0\u00a0 of which L- arginine<\/td>\n<td>1050 mg<\/td>\n<\/tr>\n<tr>\n<td>Betaine<\/td>\n<td>1000 mg<\/td>\n<\/tr>\n<tr>\n<td>Taurine<\/td>\n<td>1000 mg<\/td>\n<\/tr>\n<tr>\n<td>Glyceryl monostearate<\/td>\n<td>1000 mg<\/td>\n<\/tr>\n<tr>\n<td>Choline bitartrate<\/td>\n<td>550 mg<\/td>\n<\/tr>\n<tr>\n<td>\u00a0\u00a0 of which choline<\/td>\n<td>226 mg<\/td>\n<\/tr>\n<tr>\n<td>L-tyrosine<\/td>\n<td>500 mg<\/td>\n<\/tr>\n<tr>\n<td>Glucuronolactone<\/td>\n<td>100 mg<\/td>\n<\/tr>\n<tr>\n<td>Niacin<\/td>\n<td>64 mg NE (400% NRV)<\/td>\n<\/tr>\n<tr>\n<td>Vitamin B6<\/td>\n<td>18 mg (1286% NRV)<\/td>\n<\/tr>\n<\/tbody>\n<\/table>\n<p>Net weight: 350 g \u212e<\/p>\n","protected":false},"excerpt":{"rendered":"<p>SKULL LABS\u00ae Skull Crusher Stim &#8211; Free. Food supplement.\u00a0With sweeteners. Product in powder form containing citrulline malate, beta-alanine and taurine, [&hellip;]<\/p>\n","protected":false},"featured_media":11089,"comment_status":"open","ping_status":"closed","template":"","meta":{"site-sidebar-layout":"default","site-content-layout":"","ast-site-content-layout":"default","site-content-style":"default","site-sidebar-style":"default","ast-global-header-display":"","ast-banner-title-visibility":"","ast-main-header-display":"","ast-hfb-above-header-display":"","ast-hfb-below-header-display":"","ast-hfb-mobile-header-display":"","site-post-title":"","ast-breadcrumbs-content":"","ast-featured-img":"","footer-sml-layout":"","theme-transparent-header-meta":"default","adv-header-id-meta":"","stick-header-meta":"","header-above-stick-meta":"","header-main-stick-meta":"","header-below-stick-meta":"","astra-migrate-meta-layouts":"set","ast-page-background-enabled":"default","ast-page-background-meta":{"desktop":{"background-color":"var(--ast-global-color-4)","background-image":"","background-repeat":"repeat","background-position":"center center","background-size":"auto","background-attachment":"scroll","background-type":"","background-media":"","overlay-type":"","overlay-color":"","overlay-opacity":"","overlay-gradient":""},"tablet":{"background-color":"","background-image":"","background-repeat":"repeat","background-position":"center center","background-size":"auto","background-attachment":"scroll","background-type":"","background-media":"","overlay-type":"","overlay-color":"","overlay-opacity":"","overlay-gradient":""},"mobile":{"background-color":"","background-image":"","background-repeat":"repeat","background-position":"center center","background-size":"auto","background-attachment":"scroll","background-type":"","background-media":"","overlay-type":"","overlay-color":"","overlay-opacity":"","overlay-gradient":""}},"ast-content-background-meta":{"desktop":{"background-color":"var(--ast-global-color-5)","background-image":"","background-repeat":"repeat","background-position":"center center","background-size":"auto","background-attachment":"scroll","background-type":"","background-media":"","overlay-type":"","overlay-color":"","overlay-opacity":"","overlay-gradient":""},"tablet":{"background-color":"var(--ast-global-color-5)","background-image":"","background-repeat":"repeat","background-position":"center center","background-size":"auto","background-attachment":"scroll","background-type":"","background-media":"","overlay-type":"","overlay-color":"","overlay-opacity":"","overlay-gradient":""},"mobile":{"background-color":"var(--ast-global-color-5)","background-image":"","background-repeat":"repeat","background-position":"center center","background-size":"auto","background-attachment":"scroll","background-type":"","background-media":"","overlay-type":"","overlay-color":"","overlay-opacity":"","overlay-gradient":""}}},"product_brand":[310],"product_cat":[281],"product_tag":[],"class_list":{"0":"post-11087","1":"product","2":"type-product","3":"status-publish","4":"has-post-thumbnail","6":"product_brand-skull-labs","7":"product_cat-pre-workout-and-pump","8":"desktop-align-center","9":"tablet-align-left","10":"mobile-align-left","12":"first","13":"instock","14":"shipping-taxable","15":"purchasable","16":"product-type-simple"},"yoast_head":"<!-- This site is optimized with the Yoast SEO Premium plugin v27.5 (Yoast SEO v27.5) - https:\/\/yoast.com\/product\/yoast-seo-premium-wordpress\/ -->\n<title>Skull Crusher Stim-Free<\/title>\n<meta name=\"description\" content=\"Experience explosive muscle pumps and enhanced endurance without the caffeine crash. Skull Crusher Stim-Free is packed with Citrulline Malate &amp; Beta-Alanine for peak performance. Ideal for late-night training or anyone sensitive to stimulants. Shop now\" \/>\n<meta name=\"robots\" content=\"index, follow, max-snippet:-1, max-image-preview:large, max-video-preview:-1\" \/>\n<link rel=\"canonical\" href=\"https:\/\/nutrition4ushop.com\/pt\/produto\/skull-crusher-stim-free\/\" \/>\n<meta property=\"og:locale\" content=\"pt_PT\" \/>\n<meta property=\"og:type\" content=\"article\" \/>\n<meta property=\"og:title\" content=\"Skull Crusher Stim-Free\" \/>\n<meta property=\"og:description\" content=\"Experience explosive muscle pumps and enhanced endurance without the caffeine crash. Skull Crusher Stim-Free is packed with Citrulline Malate &amp; Beta-Alanine for peak performance. Ideal for late-night training or anyone sensitive to stimulants. Shop now\" \/>\n<meta property=\"og:url\" content=\"https:\/\/nutrition4ushop.com\/pt\/produto\/skull-crusher-stim-free\/\" \/>\n<meta property=\"og:site_name\" content=\"Nutrition4u\" \/>\n<meta property=\"article:publisher\" content=\"https:\/\/www.facebook.com\/p\/Nutrition4u-100063511002565\" \/>\n<meta property=\"article:modified_time\" content=\"2025-08-05T14:13:14+00:00\" \/>\n<meta property=\"og:image\" content=\"https:\/\/nutrition4ushop.com\/wp-content\/uploads\/2025\/07\/skull-labs-skull-crusher-stim-free-350-g-removebg-preview-e1753619857198.png\" \/>\n\t<meta property=\"og:image:width\" content=\"440\" \/>\n\t<meta property=\"og:image:height\" content=\"440\" \/>\n\t<meta property=\"og:image:type\" content=\"image\/png\" \/>\n<meta name=\"twitter:card\" content=\"summary_large_image\" \/>\n<meta name=\"twitter:label1\" content=\"pre\u00e7o\" \/>\n\t<meta name=\"twitter:data1\" content=\"30,00&nbsp;&euro;\" \/>\n\t<meta name=\"twitter:label2\" content=\"Disponibilidade\" \/>\n\t<meta name=\"twitter:data2\" content=\"Em stock\" \/>\n<script type=\"application\/ld+json\" class=\"yoast-schema-graph\">{\"@context\":\"https:\\\/\\\/schema.org\",\"@graph\":[{\"@type\":\"WebPage\",\"@id\":\"https:\\\/\\\/nutrition4ushop.com\\\/product\\\/skull-crusher-stim-free\\\/\",\"url\":\"https:\\\/\\\/nutrition4ushop.com\\\/product\\\/skull-crusher-stim-free\\\/\",\"name\":\"Skull Crusher Stim-Free\",\"isPartOf\":{\"@id\":\"https:\\\/\\\/nutrition4ushop.com\\\/#website\"},\"primaryImageOfPage\":{\"@id\":\"https:\\\/\\\/nutrition4ushop.com\\\/product\\\/skull-crusher-stim-free\\\/#primaryimage\"},\"image\":{\"@id\":\"https:\\\/\\\/nutrition4ushop.com\\\/product\\\/skull-crusher-stim-free\\\/#primaryimage\"},\"thumbnailUrl\":\"https:\\\/\\\/nutrition4ushop.com\\\/wp-content\\\/uploads\\\/2025\\\/07\\\/skull-labs-skull-crusher-stim-free-350-g-removebg-preview-e1753619857198.png\",\"datePublished\":\"2025-07-27T12:41:56+00:00\",\"dateModified\":\"2025-08-05T14:13:14+00:00\",\"description\":\"Experience explosive muscle pumps and enhanced endurance without the caffeine crash. Skull Crusher Stim-Free is packed with Citrulline Malate & Beta-Alanine for peak performance. Ideal for late-night training or anyone sensitive to stimulants. Shop now\",\"breadcrumb\":{\"@id\":\"https:\\\/\\\/nutrition4ushop.com\\\/product\\\/skull-crusher-stim-free\\\/#breadcrumb\"},\"inLanguage\":\"pt-PT\",\"potentialAction\":[{\"@type\":\"ReadAction\",\"target\":[\"https:\\\/\\\/nutrition4ushop.com\\\/product\\\/skull-crusher-stim-free\\\/\"]}]},{\"@type\":\"ImageObject\",\"inLanguage\":\"pt-PT\",\"@id\":\"https:\\\/\\\/nutrition4ushop.com\\\/product\\\/skull-crusher-stim-free\\\/#primaryimage\",\"url\":\"https:\\\/\\\/nutrition4ushop.com\\\/wp-content\\\/uploads\\\/2025\\\/07\\\/skull-labs-skull-crusher-stim-free-350-g-removebg-preview-e1753619857198.png\",\"contentUrl\":\"https:\\\/\\\/nutrition4ushop.com\\\/wp-content\\\/uploads\\\/2025\\\/07\\\/skull-labs-skull-crusher-stim-free-350-g-removebg-preview-e1753619857198.png\",\"width\":440,\"height\":440,\"caption\":\"Skull Crusher Stim-Free\"},{\"@type\":\"BreadcrumbList\",\"@id\":\"https:\\\/\\\/nutrition4ushop.com\\\/product\\\/skull-crusher-stim-free\\\/#breadcrumb\",\"itemListElement\":[{\"@type\":\"ListItem\",\"position\":1,\"name\":\"Home\",\"item\":\"https:\\\/\\\/nutrition4ushop.com\\\/\"},{\"@type\":\"ListItem\",\"position\":2,\"name\":\"Shop\",\"item\":\"https:\\\/\\\/nutrition4ushop.com\\\/shop\\\/\"},{\"@type\":\"ListItem\",\"position\":3,\"name\":\"Skull Crusher Stim-Free\"}]},{\"@type\":\"WebSite\",\"@id\":\"https:\\\/\\\/nutrition4ushop.com\\\/#website\",\"url\":\"https:\\\/\\\/nutrition4ushop.com\\\/\",\"name\":\"Nutrition4u\",\"description\":\"\",\"publisher\":{\"@id\":\"https:\\\/\\\/nutrition4ushop.com\\\/#organization\"},\"potentialAction\":[{\"@type\":\"SearchAction\",\"target\":{\"@type\":\"EntryPoint\",\"urlTemplate\":\"https:\\\/\\\/nutrition4ushop.com\\\/?s={search_term_string}\"},\"query-input\":{\"@type\":\"PropertyValueSpecification\",\"valueRequired\":true,\"valueName\":\"search_term_string\"}}],\"inLanguage\":\"pt-PT\"},{\"@type\":[\"Organization\",\"Place\",\"SportingGoodsStore\"],\"@id\":\"https:\\\/\\\/nutrition4ushop.com\\\/#organization\",\"name\":\"Nutrition4u\",\"alternateName\":\"Nutrition4u\",\"url\":\"https:\\\/\\\/nutrition4ushop.com\\\/\",\"logo\":{\"@id\":\"https:\\\/\\\/nutrition4ushop.com\\\/product\\\/skull-crusher-stim-free\\\/#local-main-organization-logo\"},\"image\":{\"@id\":\"https:\\\/\\\/nutrition4ushop.com\\\/product\\\/skull-crusher-stim-free\\\/#local-main-organization-logo\"},\"sameAs\":[\"https:\\\/\\\/www.facebook.com\\\/p\\\/Nutrition4u-100063511002565\",\"https:\\\/\\\/www.instagram.com\\\/nutrition4u_by_rubengarradas\\\/\"],\"description\":\"Suplementos de qualidade. Suplementos e vitaminas Procell , Marvelous e muito mais. NUTRITION4U suplementos para todo o tipo de pessoas e atletas.\",\"publishingPrinciples\":\"https:\\\/\\\/nutrition4ushop.com\\\/about-us\\\/\",\"ownershipFundingInfo\":\"https:\\\/\\\/nutrition4ushop.com\\\/train-with-ruben-garradas\\\/\",\"actionableFeedbackPolicy\":\"https:\\\/\\\/nutrition4ushop.com\\\/cookies-policy\\\/\",\"ethicsPolicy\":\"https:\\\/\\\/nutrition4ushop.com\\\/terms-and-conditions\\\/\",\"address\":{\"@id\":\"https:\\\/\\\/nutrition4ushop.com\\\/product\\\/skull-crusher-stim-free\\\/#local-main-place-address\"},\"telephone\":[],\"openingHoursSpecification\":[]},{\"@type\":\"PostalAddress\",\"@id\":\"https:\\\/\\\/nutrition4ushop.com\\\/product\\\/skull-crusher-stim-free\\\/#local-main-place-address\",\"streetAddress\":\"R. 1\u00ba de Maio n\u00b035 Loja 221\",\"addressLocality\":\"Amora\",\"postalCode\":\"2845-162\",\"addressRegion\":\"Set\u00fabal\",\"addressCountry\":\"PT\"},{\"@type\":\"ImageObject\",\"inLanguage\":\"pt-PT\",\"@id\":\"https:\\\/\\\/nutrition4ushop.com\\\/product\\\/skull-crusher-stim-free\\\/#local-main-organization-logo\",\"url\":\"https:\\\/\\\/nutrition4ushop.com\\\/wp-content\\\/uploads\\\/2024\\\/02\\\/WhatsApp-Image-2024-02-02-at-5.49.55-PM-1.jpeg\",\"contentUrl\":\"https:\\\/\\\/nutrition4ushop.com\\\/wp-content\\\/uploads\\\/2024\\\/02\\\/WhatsApp-Image-2024-02-02-at-5.49.55-PM-1.jpeg\",\"width\":1416,\"height\":1476,\"caption\":\"Nutrition4u\"}]}<\/script>\n<meta property=\"product:price:amount\" content=\"30.00\" \/>\n<meta property=\"product:price:currency\" content=\"EUR\" \/>\n<meta property=\"og:availability\" content=\"instock\" \/>\n<meta property=\"product:availability\" content=\"instock\" \/>\n<meta property=\"product:condition\" content=\"new\" \/>\n<meta name=\"geo.placename\" content=\"Amora\" \/>\n<meta name=\"geo.region\" content=\"Portugal\" \/>\n<!-- \/ Yoast SEO Premium plugin. -->","yoast_head_json":{"title":"Esmagador de cr\u00e2nios Stim-Free","description":"Experimente bombas musculares explosivas e maior resist\u00eancia sem a queda da cafe\u00edna. Skull Crusher Stim-Free est\u00e1 repleto de malato de citrulina e beta-alanina para um desempenho m\u00e1ximo. Ideal para treinos noturnos ou para pessoas sens\u00edveis a estimulantes. Comprar agora","robots":{"index":"index","follow":"follow","max-snippet":"max-snippet:-1","max-image-preview":"max-image-preview:large","max-video-preview":"max-video-preview:-1"},"canonical":"https:\/\/nutrition4ushop.com\/pt\/produto\/skull-crusher-stim-free\/","og_locale":"pt_PT","og_type":"article","og_title":"Skull Crusher Stim-Free","og_description":"Experience explosive muscle pumps and enhanced endurance without the caffeine crash. Skull Crusher Stim-Free is packed with Citrulline Malate & Beta-Alanine for peak performance. Ideal for late-night training or anyone sensitive to stimulants. Shop now","og_url":"https:\/\/nutrition4ushop.com\/pt\/produto\/skull-crusher-stim-free\/","og_site_name":"Nutrition4u","article_publisher":"https:\/\/www.facebook.com\/p\/Nutrition4u-100063511002565","article_modified_time":"2025-08-05T14:13:14+00:00","og_image":[{"width":440,"height":440,"url":"https:\/\/nutrition4ushop.com\/wp-content\/uploads\/2025\/07\/skull-labs-skull-crusher-stim-free-350-g-removebg-preview-e1753619857198.png","type":"image\/png"}],"twitter_card":"summary_large_image","twitter_misc":{"pre\u00e7o":"30,00&nbsp;&euro;","Disponibilidade":"Em stock"},"schema":{"@context":"https:\/\/schema.org","@graph":[{"@type":"WebPage","@id":"https:\/\/nutrition4ushop.com\/product\/skull-crusher-stim-free\/","url":"https:\/\/nutrition4ushop.com\/product\/skull-crusher-stim-free\/","name":"Esmagador de cr\u00e2nios Stim-Free","isPartOf":{"@id":"https:\/\/nutrition4ushop.com\/#website"},"primaryImageOfPage":{"@id":"https:\/\/nutrition4ushop.com\/product\/skull-crusher-stim-free\/#primaryimage"},"image":{"@id":"https:\/\/nutrition4ushop.com\/product\/skull-crusher-stim-free\/#primaryimage"},"thumbnailUrl":"https:\/\/nutrition4ushop.com\/wp-content\/uploads\/2025\/07\/skull-labs-skull-crusher-stim-free-350-g-removebg-preview-e1753619857198.png","datePublished":"2025-07-27T12:41:56+00:00","dateModified":"2025-08-05T14:13:14+00:00","description":"Experimente bombas musculares explosivas e maior resist\u00eancia sem a queda da cafe\u00edna. Skull Crusher Stim-Free est\u00e1 repleto de malato de citrulina e beta-alanina para um desempenho m\u00e1ximo. Ideal para treinos noturnos ou para pessoas sens\u00edveis a estimulantes. Comprar agora","breadcrumb":{"@id":"https:\/\/nutrition4ushop.com\/product\/skull-crusher-stim-free\/#breadcrumb"},"inLanguage":"pt-PT","potentialAction":[{"@type":"ReadAction","target":["https:\/\/nutrition4ushop.com\/product\/skull-crusher-stim-free\/"]}]},{"@type":"ImageObject","inLanguage":"pt-PT","@id":"https:\/\/nutrition4ushop.com\/product\/skull-crusher-stim-free\/#primaryimage","url":"https:\/\/nutrition4ushop.com\/wp-content\/uploads\/2025\/07\/skull-labs-skull-crusher-stim-free-350-g-removebg-preview-e1753619857198.png","contentUrl":"https:\/\/nutrition4ushop.com\/wp-content\/uploads\/2025\/07\/skull-labs-skull-crusher-stim-free-350-g-removebg-preview-e1753619857198.png","width":440,"height":440,"caption":"Skull Crusher Stim-Free"},{"@type":"BreadcrumbList","@id":"https:\/\/nutrition4ushop.com\/product\/skull-crusher-stim-free\/#breadcrumb","itemListElement":[{"@type":"ListItem","position":1,"name":"Home","item":"https:\/\/nutrition4ushop.com\/"},{"@type":"ListItem","position":2,"name":"Shop","item":"https:\/\/nutrition4ushop.com\/shop\/"},{"@type":"ListItem","position":3,"name":"Skull Crusher Stim-Free"}]},{"@type":"WebSite","@id":"https:\/\/nutrition4ushop.com\/#website","url":"https:\/\/nutrition4ushop.com\/","name":"Nutri\u00e7\u00e3o4u","description":"","publisher":{"@id":"https:\/\/nutrition4ushop.com\/#organization"},"potentialAction":[{"@type":"SearchAction","target":{"@type":"EntryPoint","urlTemplate":"https:\/\/nutrition4ushop.com\/?s={search_term_string}"},"query-input":{"@type":"PropertyValueSpecification","valueRequired":true,"valueName":"search_term_string"}}],"inLanguage":"pt-PT"},{"@type":["Organization","Place","SportingGoodsStore"],"@id":"https:\/\/nutrition4ushop.com\/#organization","name":"Nutri\u00e7\u00e3o4u","alternateName":"Nutrition4u","url":"https:\/\/nutrition4ushop.com\/","logo":{"@id":"https:\/\/nutrition4ushop.com\/product\/skull-crusher-stim-free\/#local-main-organization-logo"},"image":{"@id":"https:\/\/nutrition4ushop.com\/product\/skull-crusher-stim-free\/#local-main-organization-logo"},"sameAs":["https:\/\/www.facebook.com\/p\/Nutrition4u-100063511002565","https:\/\/www.instagram.com\/nutrition4u_by_rubengarradas\/"],"description":"Suplementos de qualidade. Suplementos e vitaminas Procell , Marvelous e muito mais. NUTRITION4U suplementos para todo o tipo de pessoas e atletas.","publishingPrinciples":"https:\/\/nutrition4ushop.com\/about-us\/","ownershipFundingInfo":"https:\/\/nutrition4ushop.com\/train-with-ruben-garradas\/","actionableFeedbackPolicy":"https:\/\/nutrition4ushop.com\/cookies-policy\/","ethicsPolicy":"https:\/\/nutrition4ushop.com\/terms-and-conditions\/","address":{"@id":"https:\/\/nutrition4ushop.com\/product\/skull-crusher-stim-free\/#local-main-place-address"},"telephone":[],"openingHoursSpecification":[]},{"@type":"PostalAddress","@id":"https:\/\/nutrition4ushop.com\/product\/skull-crusher-stim-free\/#local-main-place-address","streetAddress":"R. 1\u00ba de Maio n\u00b035 Loja 221","addressLocality":"Amora","postalCode":"2845-162","addressRegion":"Set\u00fabal","addressCountry":"PT"},{"@type":"ImageObject","inLanguage":"pt-PT","@id":"https:\/\/nutrition4ushop.com\/product\/skull-crusher-stim-free\/#local-main-organization-logo","url":"https:\/\/nutrition4ushop.com\/wp-content\/uploads\/2024\/02\/WhatsApp-Image-2024-02-02-at-5.49.55-PM-1.jpeg","contentUrl":"https:\/\/nutrition4ushop.com\/wp-content\/uploads\/2024\/02\/WhatsApp-Image-2024-02-02-at-5.49.55-PM-1.jpeg","width":1416,"height":1476,"caption":"Nutrition4u"}]},"product_price_amount":"30.00","product_price_currency":"EUR","og_availability":"instock","product_availability":"instock","product_condition":"new","geo.placename":"Amora","geo.region":"Portugal"},"publishpress_future_action":{"enabled":false,"date":"2026-05-22 11:17:33","action":"change-status","newStatus":"draft","terms":[],"taxonomy":"product_brand","extraData":[]},"publishpress_future_workflow_manual_trigger":{"enabledWorkflows":[]},"tiered_pricing_type":"fixed","tiered_pricing_fixed_rules":[],"tiered_pricing_product_settings":{"layout":"default","base_unit_name":{"singular":null,"plural":null},"default_variation":null},"tiered_pricing_minimum_quantity":null,"tiered_pricing_roles_data":[],"tiered_pricing_percentage_rules":[],"tiered_pricing_maximum_quantity":null,"tiered_pricing_quantity_step":null,"_links":{"self":[{"href":"https:\/\/nutrition4ushop.com\/pt\/wp-json\/wp\/v2\/product\/11087","targetHints":{"allow":["GET"]}}],"collection":[{"href":"https:\/\/nutrition4ushop.com\/pt\/wp-json\/wp\/v2\/product"}],"about":[{"href":"https:\/\/nutrition4ushop.com\/pt\/wp-json\/wp\/v2\/types\/product"}],"replies":[{"embeddable":true,"href":"https:\/\/nutrition4ushop.com\/pt\/wp-json\/wp\/v2\/comments?post=11087"}],"version-history":[{"count":1,"href":"https:\/\/nutrition4ushop.com\/pt\/wp-json\/wp\/v2\/product\/11087\/revisions"}],"predecessor-version":[{"id":11090,"href":"https:\/\/nutrition4ushop.com\/pt\/wp-json\/wp\/v2\/product\/11087\/revisions\/11090"}],"wp:featuredmedia":[{"embeddable":true,"href":"https:\/\/nutrition4ushop.com\/pt\/wp-json\/wp\/v2\/media\/11089"}],"wp:attachment":[{"href":"https:\/\/nutrition4ushop.com\/pt\/wp-json\/wp\/v2\/media?parent=11087"}],"wp:term":[{"taxonomy":"product_brand","embeddable":true,"href":"https:\/\/nutrition4ushop.com\/pt\/wp-json\/wp\/v2\/product_brand?post=11087"},{"taxonomy":"product_cat","embeddable":true,"href":"https:\/\/nutrition4ushop.com\/pt\/wp-json\/wp\/v2\/product_cat?post=11087"},{"taxonomy":"product_tag","embeddable":true,"href":"https:\/\/nutrition4ushop.com\/pt\/wp-json\/wp\/v2\/product_tag?post=11087"}],"curies":[{"name":"wp","href":"https:\/\/api.w.org\/{rel}","templated":true}]}}