{"id":11682,"date":"2025-09-25T16:56:21","date_gmt":"2025-09-25T16:56:21","guid":{"rendered":"https:\/\/nutrition4ushop.com\/?post_type=product&#038;p=11682"},"modified":"2025-09-25T17:23:15","modified_gmt":"2025-09-25T17:23:15","slug":"pure-rice-cream-15kg","status":"publish","type":"product","link":"https:\/\/nutrition4ushop.com\/pt\/product\/pure-rice-cream-15kg\/","title":{"rendered":"Creme de Arroz Puro - 1,5Kg"},"content":{"rendered":"<p data-start=\"219\" data-end=\"547\"><strong data-start=\"219\" data-end=\"245\">Creme de arroz puro 1,5 kg<\/strong> \u00e9 um suplemento nutricional de alta qualidade \u00e0 base de arroz pr\u00e9-gelatinizado, concebido para quem necessita de uma fonte de energia r\u00e1pida, leve e de f\u00e1cil digest\u00e3o. A sua textura suave e solubilidade instant\u00e2nea fazem dele a op\u00e7\u00e3o perfeita para atletas, pessoas activas ou qualquer pessoa que queira manter uma dieta equilibrada.<\/p>\n<p data-start=\"549\" data-end=\"858\">Gra\u00e7as ao seu elevado teor de hidratos de carbono complexos, fornece energia sustentada ao longo do dia, apoiando treinos intensos e a recupera\u00e7\u00e3o p\u00f3s-exerc\u00edcio. Tamb\u00e9m tem baixo teor de gordura e n\u00e3o cont\u00e9m a\u00e7\u00facares adicionados, o que o torna perfeito para incluir em batidos, receitas doces ou salgadas e como base para refei\u00e7\u00f5es de fitness.<\/p>\n<p data-start=\"860\" data-end=\"994\">Dispon\u00edvel numa vasta gama de sabores irresist\u00edveis, este creme de arroz adapta-se a todos os gostos, oferecendo nutri\u00e7\u00e3o e delicadeza.<\/p>\n<div class=\"_tableContainer_1rjym_1\">\n<div class=\"group _tableWrapper_1rjym_13 flex w-fit flex-col-reverse\" tabindex=\"-1\">\n<table class=\"w-fit min-w-(--thread-content-width)\" data-start=\"1020\" data-end=\"1306\" data-is-last-node=\"\" data-is-only-node=\"\">\n<thead data-start=\"1020\" data-end=\"1050\">\n<tr data-start=\"1020\" data-end=\"1050\">\n<th data-start=\"1020\" data-end=\"1024\" data-col-size=\"sm\"><strong data-start=\"996\" data-end=\"1017\">Valor nutricional<\/strong><\/th>\n<th data-start=\"1024\" data-end=\"1036\" data-col-size=\"sm\">Por 100 g<\/th>\n<th data-start=\"1036\" data-end=\"1050\" data-col-size=\"sm\">Por 50 g<\/th>\n<\/tr>\n<\/thead>\n<tbody data-start=\"1067\" data-end=\"1306\" data-is-last-node=\"\">\n<tr data-start=\"1067\" data-end=\"1101\">\n<td data-start=\"1067\" data-end=\"1076\" data-col-size=\"sm\">Energia<\/td>\n<td data-start=\"1076\" data-end=\"1087\" data-col-size=\"sm\">380 kcal<\/td>\n<td data-start=\"1087\" data-end=\"1101\" data-col-size=\"sm\">190 kcal<\/td>\n<\/tr>\n<tr data-start=\"1102\" data-end=\"1128\">\n<td data-start=\"1102\" data-end=\"1108\" data-col-size=\"sm\">Gorduras<\/td>\n<td data-start=\"1108\" data-end=\"1116\" data-col-size=\"sm\">0.7 g<\/td>\n<td data-start=\"1116\" data-end=\"1128\" data-col-size=\"sm\">0.35 g<\/td>\n<\/tr>\n<tr data-start=\"1129\" data-end=\"1171\">\n<td data-start=\"1129\" data-end=\"1152\" data-col-size=\"sm\">\u2014 dos quais saturados<\/td>\n<td data-start=\"1152\" data-end=\"1160\" data-col-size=\"sm\">0.2 g<\/td>\n<td data-start=\"1160\" data-end=\"1171\" data-col-size=\"sm\">0.1 g<\/td>\n<\/tr>\n<tr data-start=\"1172\" data-end=\"1207\">\n<td data-start=\"1172\" data-end=\"1188\" data-col-size=\"sm\">Hidratos de carbono<\/td>\n<td data-start=\"1188\" data-end=\"1195\" data-col-size=\"sm\">87 g<\/td>\n<td data-start=\"1195\" data-end=\"1207\" data-col-size=\"sm\">43.5 g<\/td>\n<\/tr>\n<tr data-start=\"1208\" data-end=\"1248\">\n<td data-start=\"1208\" data-end=\"1228\" data-col-size=\"sm\">\u2014 dos quais a\u00e7\u00facares<\/td>\n<td data-start=\"1228\" data-end=\"1236\" data-col-size=\"sm\">0.1 g<\/td>\n<td data-start=\"1236\" data-end=\"1248\" data-col-size=\"sm\">&lt;0.1 g<\/td>\n<\/tr>\n<tr data-start=\"1249\" data-end=\"1276\">\n<td data-start=\"1249\" data-end=\"1259\" data-col-size=\"sm\">Prote\u00edna<\/td>\n<td data-start=\"1259\" data-end=\"1265\" data-col-size=\"sm\">7 g<\/td>\n<td data-start=\"1265\" data-end=\"1276\" data-col-size=\"sm\">3.5 g<\/td>\n<\/tr>\n<tr data-start=\"1277\" data-end=\"1306\" data-is-last-node=\"\">\n<td data-start=\"1277\" data-end=\"1284\" data-col-size=\"sm\">Sal<\/td>\n<td data-start=\"1284\" data-end=\"1293\" data-col-size=\"sm\">0.01 g<\/td>\n<td data-start=\"1293\" data-end=\"1306\" data-is-last-node=\"\" data-col-size=\"sm\">0.005 g<\/td>\n<\/tr>\n<\/tbody>\n<\/table>\n<\/div>\n<\/div>","protected":false},"excerpt":{"rendered":"<p><strong data-start=\"0\" data-end=\"26\">Creme de arroz puro 1,5 kg<\/strong> \u00e9 uma fonte de hidratos de carbono complexos de r\u00e1pida absor\u00e7\u00e3o, ideal para aumentar a sua energia antes ou depois do treino. Textura suave, f\u00e1cil de dissolver e dispon\u00edvel em sabores irresist\u00edveis.<\/p>","protected":false},"featured_media":11683,"comment_status":"open","ping_status":"closed","template":"","meta":{"site-sidebar-layout":"default","site-content-layout":"","ast-site-content-layout":"default","site-content-style":"default","site-sidebar-style":"default","ast-global-header-display":"","ast-banner-title-visibility":"","ast-main-header-display":"","ast-hfb-above-header-display":"","ast-hfb-below-header-display":"","ast-hfb-mobile-header-display":"","site-post-title":"","ast-breadcrumbs-content":"","ast-featured-img":"","footer-sml-layout":"","theme-transparent-header-meta":"default","adv-header-id-meta":"","stick-header-meta":"","header-above-stick-meta":"","header-main-stick-meta":"","header-below-stick-meta":"","astra-migrate-meta-layouts":"set","ast-page-background-enabled":"default","ast-page-background-meta":{"desktop":{"background-color":"var(--ast-global-color-4)","background-image":"","background-repeat":"repeat","background-position":"center center","background-size":"auto","background-attachment":"scroll","background-type":"","background-media":"","overlay-type":"","overlay-color":"","overlay-opacity":"","overlay-gradient":""},"tablet":{"background-color":"","background-image":"","background-repeat":"repeat","background-position":"center center","background-size":"auto","background-attachment":"scroll","background-type":"","background-media":"","overlay-type":"","overlay-color":"","overlay-opacity":"","overlay-gradient":""},"mobile":{"background-color":"","background-image":"","background-repeat":"repeat","background-position":"center center","background-size":"auto","background-attachment":"scroll","background-type":"","background-media":"","overlay-type":"","overlay-color":"","overlay-opacity":"","overlay-gradient":""}},"ast-content-background-meta":{"desktop":{"background-color":"var(--ast-global-color-5)","background-image":"","background-repeat":"repeat","background-position":"center center","background-size":"auto","background-attachment":"scroll","background-type":"","background-media":"","overlay-type":"","overlay-color":"","overlay-opacity":"","overlay-gradient":""},"tablet":{"background-color":"var(--ast-global-color-5)","background-image":"","background-repeat":"repeat","background-position":"center center","background-size":"auto","background-attachment":"scroll","background-type":"","background-media":"","overlay-type":"","overlay-color":"","overlay-opacity":"","overlay-gradient":""},"mobile":{"background-color":"var(--ast-global-color-5)","background-image":"","background-repeat":"repeat","background-position":"center center","background-size":"auto","background-attachment":"scroll","background-type":"","background-media":"","overlay-type":"","overlay-color":"","overlay-opacity":"","overlay-gradient":""}}},"product_brand":[311],"product_cat":[284],"product_tag":[],"class_list":{"0":"post-11682","1":"product","2":"type-product","3":"status-publish","4":"has-post-thumbnail","6":"product_brand-american-nutrition","7":"product_cat-carbohydrates-and-weight-gainers","8":"desktop-align-center","9":"tablet-align-left","10":"mobile-align-left","12":"first","13":"instock","14":"shipping-taxable","15":"purchasable","16":"product-type-variable"},"yoast_head":"<!-- This site is optimized with the Yoast SEO Premium plugin v27.5 (Yoast SEO v27.5) - https:\/\/yoast.com\/product\/yoast-seo-premium-wordpress\/ -->\n<title>Pure Rice Cream - 1,5Kg<\/title>\n<meta name=\"robots\" content=\"index, follow, max-snippet:-1, max-image-preview:large, max-video-preview:-1\" \/>\n<link rel=\"canonical\" href=\"https:\/\/nutrition4ushop.com\/pt\/produto\/pure-rice-cream-15kg\/\" \/>\n<meta property=\"og:locale\" content=\"pt_PT\" \/>\n<meta property=\"og:type\" content=\"article\" \/>\n<meta property=\"og:title\" content=\"Pure Rice Cream - 1,5Kg\" \/>\n<meta property=\"og:description\" content=\"Pure Rice Cream 1.5 kg is a source of complex carbohydrates with fast absorption, ideal for boosting your energy before or after training. Smooth texture, easy to dissolve, and available in irresistible flavors.\" \/>\n<meta property=\"og:url\" content=\"https:\/\/nutrition4ushop.com\/pt\/produto\/pure-rice-cream-15kg\/\" \/>\n<meta property=\"og:site_name\" content=\"Nutrition4u\" \/>\n<meta property=\"article:publisher\" content=\"https:\/\/www.facebook.com\/p\/Nutrition4u-100063511002565\" \/>\n<meta property=\"article:modified_time\" content=\"2025-09-25T17:23:15+00:00\" \/>\n<meta property=\"og:image\" content=\"https:\/\/nutrition4ushop.com\/wp-content\/uploads\/2025\/09\/6c81975e-1635-46f0-bd66-898ec9ed5417-e1758819344736.jpeg\" \/>\n\t<meta property=\"og:image:width\" content=\"900\" \/>\n\t<meta property=\"og:image:height\" content=\"900\" \/>\n\t<meta property=\"og:image:type\" content=\"image\/jpeg\" \/>\n<meta name=\"twitter:card\" content=\"summary_large_image\" \/>\n<meta name=\"twitter:label1\" content=\"Disponibilidade\" \/>\n\t<meta name=\"twitter:data1\" content=\"Em stock\" \/>\n<script type=\"application\/ld+json\" class=\"yoast-schema-graph\">{\"@context\":\"https:\\\/\\\/schema.org\",\"@graph\":[{\"@type\":\"WebPage\",\"@id\":\"https:\\\/\\\/nutrition4ushop.com\\\/product\\\/pure-rice-cream-15kg\\\/\",\"url\":\"https:\\\/\\\/nutrition4ushop.com\\\/product\\\/pure-rice-cream-15kg\\\/\",\"name\":\"Pure Rice Cream - 1,5Kg\",\"isPartOf\":{\"@id\":\"https:\\\/\\\/nutrition4ushop.com\\\/#website\"},\"primaryImageOfPage\":{\"@id\":\"https:\\\/\\\/nutrition4ushop.com\\\/product\\\/pure-rice-cream-15kg\\\/#primaryimage\"},\"image\":{\"@id\":\"https:\\\/\\\/nutrition4ushop.com\\\/product\\\/pure-rice-cream-15kg\\\/#primaryimage\"},\"thumbnailUrl\":\"https:\\\/\\\/nutrition4ushop.com\\\/wp-content\\\/uploads\\\/2025\\\/09\\\/6c81975e-1635-46f0-bd66-898ec9ed5417-e1758819344736.jpeg\",\"datePublished\":\"2025-09-25T16:56:21+00:00\",\"dateModified\":\"2025-09-25T17:23:15+00:00\",\"breadcrumb\":{\"@id\":\"https:\\\/\\\/nutrition4ushop.com\\\/product\\\/pure-rice-cream-15kg\\\/#breadcrumb\"},\"inLanguage\":\"pt-PT\",\"potentialAction\":[{\"@type\":\"ReadAction\",\"target\":[\"https:\\\/\\\/nutrition4ushop.com\\\/product\\\/pure-rice-cream-15kg\\\/\"]}]},{\"@type\":\"ImageObject\",\"inLanguage\":\"pt-PT\",\"@id\":\"https:\\\/\\\/nutrition4ushop.com\\\/product\\\/pure-rice-cream-15kg\\\/#primaryimage\",\"url\":\"https:\\\/\\\/nutrition4ushop.com\\\/wp-content\\\/uploads\\\/2025\\\/09\\\/6c81975e-1635-46f0-bd66-898ec9ed5417-e1758819344736.jpeg\",\"contentUrl\":\"https:\\\/\\\/nutrition4ushop.com\\\/wp-content\\\/uploads\\\/2025\\\/09\\\/6c81975e-1635-46f0-bd66-898ec9ed5417-e1758819344736.jpeg\",\"width\":900,\"height\":900},{\"@type\":\"BreadcrumbList\",\"@id\":\"https:\\\/\\\/nutrition4ushop.com\\\/product\\\/pure-rice-cream-15kg\\\/#breadcrumb\",\"itemListElement\":[{\"@type\":\"ListItem\",\"position\":1,\"name\":\"Home\",\"item\":\"https:\\\/\\\/nutrition4ushop.com\\\/\"},{\"@type\":\"ListItem\",\"position\":2,\"name\":\"Shop\",\"item\":\"https:\\\/\\\/nutrition4ushop.com\\\/shop\\\/\"},{\"@type\":\"ListItem\",\"position\":3,\"name\":\"Pure Rice Cream &#8211; 1,5Kg\"}]},{\"@type\":\"WebSite\",\"@id\":\"https:\\\/\\\/nutrition4ushop.com\\\/#website\",\"url\":\"https:\\\/\\\/nutrition4ushop.com\\\/\",\"name\":\"Nutrition4u\",\"description\":\"\",\"publisher\":{\"@id\":\"https:\\\/\\\/nutrition4ushop.com\\\/#organization\"},\"potentialAction\":[{\"@type\":\"SearchAction\",\"target\":{\"@type\":\"EntryPoint\",\"urlTemplate\":\"https:\\\/\\\/nutrition4ushop.com\\\/?s={search_term_string}\"},\"query-input\":{\"@type\":\"PropertyValueSpecification\",\"valueRequired\":true,\"valueName\":\"search_term_string\"}}],\"inLanguage\":\"pt-PT\"},{\"@type\":[\"Organization\",\"Place\",\"SportingGoodsStore\"],\"@id\":\"https:\\\/\\\/nutrition4ushop.com\\\/#organization\",\"name\":\"Nutrition4u\",\"alternateName\":\"Nutrition4u\",\"url\":\"https:\\\/\\\/nutrition4ushop.com\\\/\",\"logo\":{\"@id\":\"https:\\\/\\\/nutrition4ushop.com\\\/product\\\/pure-rice-cream-15kg\\\/#local-main-organization-logo\"},\"image\":{\"@id\":\"https:\\\/\\\/nutrition4ushop.com\\\/product\\\/pure-rice-cream-15kg\\\/#local-main-organization-logo\"},\"sameAs\":[\"https:\\\/\\\/www.facebook.com\\\/p\\\/Nutrition4u-100063511002565\",\"https:\\\/\\\/www.instagram.com\\\/nutrition4u_by_rubengarradas\\\/\"],\"description\":\"Suplementos de qualidade. Suplementos e vitaminas Procell , Marvelous e muito mais. NUTRITION4U suplementos para todo o tipo de pessoas e atletas.\",\"publishingPrinciples\":\"https:\\\/\\\/nutrition4ushop.com\\\/about-us\\\/\",\"ownershipFundingInfo\":\"https:\\\/\\\/nutrition4ushop.com\\\/train-with-ruben-garradas\\\/\",\"actionableFeedbackPolicy\":\"https:\\\/\\\/nutrition4ushop.com\\\/cookies-policy\\\/\",\"ethicsPolicy\":\"https:\\\/\\\/nutrition4ushop.com\\\/terms-and-conditions\\\/\",\"address\":{\"@id\":\"https:\\\/\\\/nutrition4ushop.com\\\/product\\\/pure-rice-cream-15kg\\\/#local-main-place-address\"},\"telephone\":[],\"openingHoursSpecification\":[]},{\"@type\":\"PostalAddress\",\"@id\":\"https:\\\/\\\/nutrition4ushop.com\\\/product\\\/pure-rice-cream-15kg\\\/#local-main-place-address\",\"streetAddress\":\"R. 1\u00ba de Maio n\u00b035 Loja 221\",\"addressLocality\":\"Amora\",\"postalCode\":\"2845-162\",\"addressRegion\":\"Set\u00fabal\",\"addressCountry\":\"PT\"},{\"@type\":\"ImageObject\",\"inLanguage\":\"pt-PT\",\"@id\":\"https:\\\/\\\/nutrition4ushop.com\\\/product\\\/pure-rice-cream-15kg\\\/#local-main-organization-logo\",\"url\":\"https:\\\/\\\/nutrition4ushop.com\\\/wp-content\\\/uploads\\\/2024\\\/02\\\/WhatsApp-Image-2024-02-02-at-5.49.55-PM-1.jpeg\",\"contentUrl\":\"https:\\\/\\\/nutrition4ushop.com\\\/wp-content\\\/uploads\\\/2024\\\/02\\\/WhatsApp-Image-2024-02-02-at-5.49.55-PM-1.jpeg\",\"width\":1416,\"height\":1476,\"caption\":\"Nutrition4u\"}]}<\/script>\n<meta property=\"og:availability\" content=\"instock\" \/>\n<meta property=\"product:availability\" content=\"instock\" \/>\n<meta property=\"product:condition\" content=\"new\" \/>\n<meta name=\"geo.placename\" content=\"Amora\" \/>\n<meta name=\"geo.region\" content=\"Portugal\" \/>\n<!-- \/ Yoast SEO Premium plugin. -->","yoast_head_json":{"title":"Creme de Arroz Puro - 1,5Kg","robots":{"index":"index","follow":"follow","max-snippet":"max-snippet:-1","max-image-preview":"max-image-preview:large","max-video-preview":"max-video-preview:-1"},"canonical":"https:\/\/nutrition4ushop.com\/pt\/produto\/pure-rice-cream-15kg\/","og_locale":"pt_PT","og_type":"article","og_title":"Pure Rice Cream - 1,5Kg","og_description":"Pure Rice Cream 1.5 kg is a source of complex carbohydrates with fast absorption, ideal for boosting your energy before or after training. Smooth texture, easy to dissolve, and available in irresistible flavors.","og_url":"https:\/\/nutrition4ushop.com\/pt\/produto\/pure-rice-cream-15kg\/","og_site_name":"Nutrition4u","article_publisher":"https:\/\/www.facebook.com\/p\/Nutrition4u-100063511002565","article_modified_time":"2025-09-25T17:23:15+00:00","og_image":[{"width":900,"height":900,"url":"https:\/\/nutrition4ushop.com\/wp-content\/uploads\/2025\/09\/6c81975e-1635-46f0-bd66-898ec9ed5417-e1758819344736.jpeg","type":"image\/jpeg"}],"twitter_card":"summary_large_image","twitter_misc":{"Disponibilidade":"Em stock"},"schema":{"@context":"https:\/\/schema.org","@graph":[{"@type":"WebPage","@id":"https:\/\/nutrition4ushop.com\/product\/pure-rice-cream-15kg\/","url":"https:\/\/nutrition4ushop.com\/product\/pure-rice-cream-15kg\/","name":"Creme de Arroz Puro - 1,5Kg","isPartOf":{"@id":"https:\/\/nutrition4ushop.com\/#website"},"primaryImageOfPage":{"@id":"https:\/\/nutrition4ushop.com\/product\/pure-rice-cream-15kg\/#primaryimage"},"image":{"@id":"https:\/\/nutrition4ushop.com\/product\/pure-rice-cream-15kg\/#primaryimage"},"thumbnailUrl":"https:\/\/nutrition4ushop.com\/wp-content\/uploads\/2025\/09\/6c81975e-1635-46f0-bd66-898ec9ed5417-e1758819344736.jpeg","datePublished":"2025-09-25T16:56:21+00:00","dateModified":"2025-09-25T17:23:15+00:00","breadcrumb":{"@id":"https:\/\/nutrition4ushop.com\/product\/pure-rice-cream-15kg\/#breadcrumb"},"inLanguage":"pt-PT","potentialAction":[{"@type":"ReadAction","target":["https:\/\/nutrition4ushop.com\/product\/pure-rice-cream-15kg\/"]}]},{"@type":"ImageObject","inLanguage":"pt-PT","@id":"https:\/\/nutrition4ushop.com\/product\/pure-rice-cream-15kg\/#primaryimage","url":"https:\/\/nutrition4ushop.com\/wp-content\/uploads\/2025\/09\/6c81975e-1635-46f0-bd66-898ec9ed5417-e1758819344736.jpeg","contentUrl":"https:\/\/nutrition4ushop.com\/wp-content\/uploads\/2025\/09\/6c81975e-1635-46f0-bd66-898ec9ed5417-e1758819344736.jpeg","width":900,"height":900},{"@type":"BreadcrumbList","@id":"https:\/\/nutrition4ushop.com\/product\/pure-rice-cream-15kg\/#breadcrumb","itemListElement":[{"@type":"ListItem","position":1,"name":"Home","item":"https:\/\/nutrition4ushop.com\/"},{"@type":"ListItem","position":2,"name":"Shop","item":"https:\/\/nutrition4ushop.com\/shop\/"},{"@type":"ListItem","position":3,"name":"Pure Rice Cream &#8211; 1,5Kg"}]},{"@type":"WebSite","@id":"https:\/\/nutrition4ushop.com\/#website","url":"https:\/\/nutrition4ushop.com\/","name":"Nutri\u00e7\u00e3o4u","description":"","publisher":{"@id":"https:\/\/nutrition4ushop.com\/#organization"},"potentialAction":[{"@type":"SearchAction","target":{"@type":"EntryPoint","urlTemplate":"https:\/\/nutrition4ushop.com\/?s={search_term_string}"},"query-input":{"@type":"PropertyValueSpecification","valueRequired":true,"valueName":"search_term_string"}}],"inLanguage":"pt-PT"},{"@type":["Organization","Place","SportingGoodsStore"],"@id":"https:\/\/nutrition4ushop.com\/#organization","name":"Nutri\u00e7\u00e3o4u","alternateName":"Nutrition4u","url":"https:\/\/nutrition4ushop.com\/","logo":{"@id":"https:\/\/nutrition4ushop.com\/product\/pure-rice-cream-15kg\/#local-main-organization-logo"},"image":{"@id":"https:\/\/nutrition4ushop.com\/product\/pure-rice-cream-15kg\/#local-main-organization-logo"},"sameAs":["https:\/\/www.facebook.com\/p\/Nutrition4u-100063511002565","https:\/\/www.instagram.com\/nutrition4u_by_rubengarradas\/"],"description":"Suplementos de qualidade. Suplementos e vitaminas Procell , Marvelous e muito mais. NUTRITION4U suplementos para todo o tipo de pessoas e atletas.","publishingPrinciples":"https:\/\/nutrition4ushop.com\/about-us\/","ownershipFundingInfo":"https:\/\/nutrition4ushop.com\/train-with-ruben-garradas\/","actionableFeedbackPolicy":"https:\/\/nutrition4ushop.com\/cookies-policy\/","ethicsPolicy":"https:\/\/nutrition4ushop.com\/terms-and-conditions\/","address":{"@id":"https:\/\/nutrition4ushop.com\/product\/pure-rice-cream-15kg\/#local-main-place-address"},"telephone":[],"openingHoursSpecification":[]},{"@type":"PostalAddress","@id":"https:\/\/nutrition4ushop.com\/product\/pure-rice-cream-15kg\/#local-main-place-address","streetAddress":"R. 1\u00ba de Maio n\u00b035 Loja 221","addressLocality":"Amora","postalCode":"2845-162","addressRegion":"Set\u00fabal","addressCountry":"PT"},{"@type":"ImageObject","inLanguage":"pt-PT","@id":"https:\/\/nutrition4ushop.com\/product\/pure-rice-cream-15kg\/#local-main-organization-logo","url":"https:\/\/nutrition4ushop.com\/wp-content\/uploads\/2024\/02\/WhatsApp-Image-2024-02-02-at-5.49.55-PM-1.jpeg","contentUrl":"https:\/\/nutrition4ushop.com\/wp-content\/uploads\/2024\/02\/WhatsApp-Image-2024-02-02-at-5.49.55-PM-1.jpeg","width":1416,"height":1476,"caption":"Nutrition4u"}]},"og_availability":"instock","product_availability":"instock","product_condition":"new","geo.placename":"Amora","geo.region":"Portugal"},"publishpress_future_action":{"enabled":false,"date":"2026-05-22 11:58:15","action":"change-status","newStatus":"draft","terms":[],"taxonomy":"product_brand","extraData":[]},"publishpress_future_workflow_manual_trigger":{"enabledWorkflows":[]},"tiered_pricing_type":"fixed","tiered_pricing_fixed_rules":[],"tiered_pricing_product_settings":{"layout":"default","base_unit_name":{"singular":null,"plural":null},"default_variation":null},"tiered_pricing_minimum_quantity":null,"tiered_pricing_roles_data":[],"tiered_pricing_percentage_rules":[],"tiered_pricing_maximum_quantity":null,"tiered_pricing_quantity_step":null,"_links":{"self":[{"href":"https:\/\/nutrition4ushop.com\/pt\/wp-json\/wp\/v2\/product\/11682","targetHints":{"allow":["GET"]}}],"collection":[{"href":"https:\/\/nutrition4ushop.com\/pt\/wp-json\/wp\/v2\/product"}],"about":[{"href":"https:\/\/nutrition4ushop.com\/pt\/wp-json\/wp\/v2\/types\/product"}],"replies":[{"embeddable":true,"href":"https:\/\/nutrition4ushop.com\/pt\/wp-json\/wp\/v2\/comments?post=11682"}],"version-history":[{"count":2,"href":"https:\/\/nutrition4ushop.com\/pt\/wp-json\/wp\/v2\/product\/11682\/revisions"}],"predecessor-version":[{"id":11697,"href":"https:\/\/nutrition4ushop.com\/pt\/wp-json\/wp\/v2\/product\/11682\/revisions\/11697"}],"wp:featuredmedia":[{"embeddable":true,"href":"https:\/\/nutrition4ushop.com\/pt\/wp-json\/wp\/v2\/media\/11683"}],"wp:attachment":[{"href":"https:\/\/nutrition4ushop.com\/pt\/wp-json\/wp\/v2\/media?parent=11682"}],"wp:term":[{"taxonomy":"product_brand","embeddable":true,"href":"https:\/\/nutrition4ushop.com\/pt\/wp-json\/wp\/v2\/product_brand?post=11682"},{"taxonomy":"product_cat","embeddable":true,"href":"https:\/\/nutrition4ushop.com\/pt\/wp-json\/wp\/v2\/product_cat?post=11682"},{"taxonomy":"product_tag","embeddable":true,"href":"https:\/\/nutrition4ushop.com\/pt\/wp-json\/wp\/v2\/product_tag?post=11682"}],"curies":[{"name":"wp","href":"https:\/\/api.w.org\/{rel}","templated":true}]}}