{"id":11741,"date":"2025-09-26T15:29:28","date_gmt":"2025-09-26T15:29:28","guid":{"rendered":"https:\/\/nutrition4ushop.com\/?post_type=product&#038;p=11741"},"modified":"2025-11-04T15:04:12","modified_gmt":"2025-11-04T15:04:12","slug":"ashwagandha-capsules","status":"publish","type":"product","link":"https:\/\/nutrition4ushop.com\/pt\/product\/ashwagandha-capsules\/","title":{"rendered":"C\u00e1psulas de Ashwagandha"},"content":{"rendered":"<p data-start=\"425\" data-end=\"734\">A f\u00f3rmula de <strong data-start=\"440\" data-end=\"464\">C\u00e1psulas de Ashwagandha<\/strong> inclui maltodextrina como agente de volume, um inv\u00f3lucro de c\u00e1psula de gelatina e agentes antiaglomerantes, tais como di\u00f3xido de sil\u00edcio e sais de c\u00e1lcio de \u00e1cido ortofosf\u00f3rico. Estes ingredientes garantem a pureza e a efic\u00e1cia do suplemento, permitindo uma absor\u00e7\u00e3o \u00f3ptima dos nutrientes.<\/p>\n<p data-start=\"736\" data-end=\"754\"><strong data-start=\"736\" data-end=\"752\">Ingredientes:<\/strong><\/p>\n<ul data-start=\"755\" data-end=\"928\">\n<li data-start=\"755\" data-end=\"803\">\n<p data-start=\"757\" data-end=\"803\">P\u00f3 de raiz de Ashwagandha (Withania somnifera)<\/p>\n<\/li>\n<li data-start=\"804\" data-end=\"820\">\n<p data-start=\"806\" data-end=\"820\">Maltodextrina<\/p>\n<\/li>\n<li data-start=\"821\" data-end=\"848\">\n<p data-start=\"823\" data-end=\"848\">Inv\u00f3lucro da c\u00e1psula (gelatina)<\/p>\n<\/li>\n<li data-start=\"849\" data-end=\"928\">\n<p data-start=\"851\" data-end=\"928\">Antiaglomerantes (di\u00f3xido de sil\u00edcio, sais de c\u00e1lcio do \u00e1cido ortofosf\u00f3rico)<\/p>\n<\/li>\n<\/ul>\n<p data-start=\"930\" data-end=\"960\"><strong data-start=\"930\" data-end=\"958\">Informa\u00e7\u00e3o Nutricional:<\/strong><\/p>\n<div class=\"_tableContainer_1rjym_1\">\n<div class=\"group _tableWrapper_1rjym_13 flex w-fit flex-col-reverse\" tabindex=\"-1\">\n<table class=\"w-fit min-w-(--thread-content-width)\" data-start=\"961\" data-end=\"1120\">\n<thead data-start=\"961\" data-end=\"1016\">\n<tr data-start=\"961\" data-end=\"1016\">\n<th data-start=\"961\" data-end=\"975\" data-col-size=\"sm\">Ingredientes<\/th>\n<th data-start=\"975\" data-end=\"987\" data-col-size=\"sm\">1 c\u00e1psula<\/th>\n<th data-start=\"987\" data-end=\"1016\" data-col-size=\"sm\">2 c\u00e1psulas (dose di\u00e1ria)<\/th>\n<\/tr>\n<\/thead>\n<tbody data-start=\"1073\" data-end=\"1120\">\n<tr data-start=\"1073\" data-end=\"1120\">\n<td data-start=\"1073\" data-end=\"1099\" data-col-size=\"sm\">P\u00f3 de raiz de Ashwagandha<\/td>\n<td data-start=\"1099\" data-end=\"1108\" data-col-size=\"sm\">320 mg<\/td>\n<td data-start=\"1108\" data-end=\"1120\" data-col-size=\"sm\">640 mg<\/td>\n<\/tr>\n<\/tbody>\n<\/table>\n<\/div>\n<\/div>\n<p data-start=\"1122\" data-end=\"1237\"><strong data-start=\"1122\" data-end=\"1145\">Modo de utiliza\u00e7\u00e3o:<\/strong><br data-start=\"1145\" data-end=\"1148\" \/>Como suplemento alimentar, tomar uma dose (1 c\u00e1psula) duas vezes por dia com bastante \u00e1gua.<\/p>\n<p data-start=\"1239\" data-end=\"1254\"><strong data-start=\"1239\" data-end=\"1252\">Avisos:<\/strong><\/p>\n<ul data-start=\"1255\" data-end=\"1495\" data-is-last-node=\"\" data-is-only-node=\"\">\n<li data-start=\"1255\" data-end=\"1366\">\n<p data-start=\"1257\" data-end=\"1366\">Os suplementos alimentares n\u00e3o devem ser utilizados como substitutos de um regime alimentar variado e equilibrado e de um estilo de vida saud\u00e1vel.<\/p>\n<\/li>\n<li data-start=\"1367\" data-end=\"1422\">\n<p data-start=\"1369\" data-end=\"1422\" class=\"translation-block\"><p>\n  N\u00e3o exceder a dose di\u00e1ria expressamente recomendada.\n<\/p><\/p>\n<\/li>\n<li data-start=\"1423\" data-end=\"1463\">\n<p data-start=\"1425\" data-end=\"1463\"><p>\n  Manter fora do alcance das crian\u00e7as pequenas.\n<\/p><\/p>\n<\/li>\n<li data-start=\"1464\" data-end=\"1495\" data-is-last-node=\"\">\n<p data-start=\"1466\" data-end=\"1495\" data-is-last-node=\"\" class=\"translation-block\"><p>\n  Conservar num local fresco e seco.\n<\/p><\/p>\n<\/li>\n<\/ul>","protected":false},"excerpt":{"rendered":"<p><strong data-start=\"51\" data-end=\"75\">C\u00e1psulas de Ashwagandha<\/strong> \u00e9 um suplemento alimentar concebido para proporcionar os benef\u00edcios do extrato de raiz de Ashwagandha (Withania somnifera) numa forma concentrada. Cada c\u00e1psula cont\u00e9m 320 mg de p\u00f3 de raiz de Ashwagandha, tornando-o f\u00e1cil de incorporar na sua rotina di\u00e1ria de bem-estar. Este produto \u00e9 ideal para quem procura melhorar a sa\u00fade geral e reduzir naturalmente o stress.<\/p>","protected":false},"featured_media":11742,"comment_status":"open","ping_status":"closed","template":"","meta":{"site-sidebar-layout":"default","site-content-layout":"","ast-site-content-layout":"default","site-content-style":"default","site-sidebar-style":"default","ast-global-header-display":"","ast-banner-title-visibility":"","ast-main-header-display":"","ast-hfb-above-header-display":"","ast-hfb-below-header-display":"","ast-hfb-mobile-header-display":"","site-post-title":"","ast-breadcrumbs-content":"","ast-featured-img":"","footer-sml-layout":"","theme-transparent-header-meta":"default","adv-header-id-meta":"","stick-header-meta":"","header-above-stick-meta":"","header-main-stick-meta":"","header-below-stick-meta":"","astra-migrate-meta-layouts":"set","ast-page-background-enabled":"default","ast-page-background-meta":{"desktop":{"background-color":"var(--ast-global-color-4)","background-image":"","background-repeat":"repeat","background-position":"center center","background-size":"auto","background-attachment":"scroll","background-type":"","background-media":"","overlay-type":"","overlay-color":"","overlay-opacity":"","overlay-gradient":""},"tablet":{"background-color":"","background-image":"","background-repeat":"repeat","background-position":"center center","background-size":"auto","background-attachment":"scroll","background-type":"","background-media":"","overlay-type":"","overlay-color":"","overlay-opacity":"","overlay-gradient":""},"mobile":{"background-color":"","background-image":"","background-repeat":"repeat","background-position":"center center","background-size":"auto","background-attachment":"scroll","background-type":"","background-media":"","overlay-type":"","overlay-color":"","overlay-opacity":"","overlay-gradient":""}},"ast-content-background-meta":{"desktop":{"background-color":"var(--ast-global-color-5)","background-image":"","background-repeat":"repeat","background-position":"center center","background-size":"auto","background-attachment":"scroll","background-type":"","background-media":"","overlay-type":"","overlay-color":"","overlay-opacity":"","overlay-gradient":""},"tablet":{"background-color":"var(--ast-global-color-5)","background-image":"","background-repeat":"repeat","background-position":"center center","background-size":"auto","background-attachment":"scroll","background-type":"","background-media":"","overlay-type":"","overlay-color":"","overlay-opacity":"","overlay-gradient":""},"mobile":{"background-color":"var(--ast-global-color-5)","background-image":"","background-repeat":"repeat","background-position":"center center","background-size":"auto","background-attachment":"scroll","background-type":"","background-media":"","overlay-type":"","overlay-color":"","overlay-opacity":"","overlay-gradient":""}}},"product_brand":[311],"product_cat":[291],"product_tag":[],"class_list":{"0":"post-11741","1":"product","2":"type-product","3":"status-publish","4":"has-post-thumbnail","6":"product_brand-american-nutrition","7":"product_cat-multivitamins","8":"desktop-align-center","9":"tablet-align-left","10":"mobile-align-left","12":"first","13":"instock","14":"shipping-taxable","15":"purchasable","16":"product-type-simple"},"yoast_head":"<!-- This site is optimized with the Yoast SEO Premium plugin v27.5 (Yoast SEO v27.5) - https:\/\/yoast.com\/product\/yoast-seo-premium-wordpress\/ -->\n<title>Ashwagandha Capsules<\/title>\n<meta name=\"description\" content=\"Discover natural stress relief with our potent Ashwagandha Capsules. Each 320 mg serving of pure root extract supports your daily wellness routine and promotes a sense of calm. Order today to enhance your overall health\" \/>\n<meta name=\"robots\" content=\"index, follow, max-snippet:-1, max-image-preview:large, max-video-preview:-1\" \/>\n<link rel=\"canonical\" href=\"https:\/\/nutrition4ushop.com\/pt\/produto\/ashwagandha-capsules\/\" \/>\n<meta property=\"og:locale\" content=\"pt_PT\" \/>\n<meta property=\"og:type\" content=\"article\" \/>\n<meta property=\"og:title\" content=\"Ashwagandha Capsules\" \/>\n<meta property=\"og:description\" content=\"Discover natural stress relief with our potent Ashwagandha Capsules. Each 320 mg serving of pure root extract supports your daily wellness routine and promotes a sense of calm. Order today to enhance your overall health\" \/>\n<meta property=\"og:url\" content=\"https:\/\/nutrition4ushop.com\/pt\/produto\/ashwagandha-capsules\/\" \/>\n<meta property=\"og:site_name\" content=\"Nutrition4u\" \/>\n<meta property=\"article:publisher\" content=\"https:\/\/www.facebook.com\/p\/Nutrition4u-100063511002565\" \/>\n<meta property=\"article:modified_time\" content=\"2025-11-04T15:04:12+00:00\" \/>\n<meta property=\"og:image\" content=\"https:\/\/nutrition4ushop.com\/wp-content\/uploads\/2025\/09\/5728b494-0599-4e38-8aa8-82946ac4f06f.jpeg\" \/>\n\t<meta property=\"og:image:width\" content=\"1600\" \/>\n\t<meta property=\"og:image:height\" content=\"900\" \/>\n\t<meta property=\"og:image:type\" content=\"image\/jpeg\" \/>\n<meta name=\"twitter:card\" content=\"summary_large_image\" \/>\n<meta name=\"twitter:label1\" content=\"pre\u00e7o\" \/>\n\t<meta name=\"twitter:data1\" content=\"15,00&nbsp;&euro;\" \/>\n\t<meta name=\"twitter:label2\" content=\"Disponibilidade\" \/>\n\t<meta name=\"twitter:data2\" content=\"Em stock\" \/>\n<script type=\"application\/ld+json\" class=\"yoast-schema-graph\">{\"@context\":\"https:\\\/\\\/schema.org\",\"@graph\":[{\"@type\":\"WebPage\",\"@id\":\"https:\\\/\\\/nutrition4ushop.com\\\/product\\\/ashwagandha-capsules\\\/\",\"url\":\"https:\\\/\\\/nutrition4ushop.com\\\/product\\\/ashwagandha-capsules\\\/\",\"name\":\"Ashwagandha Capsules\",\"isPartOf\":{\"@id\":\"https:\\\/\\\/nutrition4ushop.com\\\/#website\"},\"primaryImageOfPage\":{\"@id\":\"https:\\\/\\\/nutrition4ushop.com\\\/product\\\/ashwagandha-capsules\\\/#primaryimage\"},\"image\":{\"@id\":\"https:\\\/\\\/nutrition4ushop.com\\\/product\\\/ashwagandha-capsules\\\/#primaryimage\"},\"thumbnailUrl\":\"https:\\\/\\\/nutrition4ushop.com\\\/wp-content\\\/uploads\\\/2025\\\/09\\\/5728b494-0599-4e38-8aa8-82946ac4f06f.jpeg\",\"datePublished\":\"2025-09-26T15:29:28+00:00\",\"dateModified\":\"2025-11-04T15:04:12+00:00\",\"description\":\"Discover natural stress relief with our potent Ashwagandha Capsules. Each 320 mg serving of pure root extract supports your daily wellness routine and promotes a sense of calm. Order today to enhance your overall health\",\"breadcrumb\":{\"@id\":\"https:\\\/\\\/nutrition4ushop.com\\\/product\\\/ashwagandha-capsules\\\/#breadcrumb\"},\"inLanguage\":\"pt-PT\",\"potentialAction\":[{\"@type\":\"ReadAction\",\"target\":[\"https:\\\/\\\/nutrition4ushop.com\\\/product\\\/ashwagandha-capsules\\\/\"]}]},{\"@type\":\"ImageObject\",\"inLanguage\":\"pt-PT\",\"@id\":\"https:\\\/\\\/nutrition4ushop.com\\\/product\\\/ashwagandha-capsules\\\/#primaryimage\",\"url\":\"https:\\\/\\\/nutrition4ushop.com\\\/wp-content\\\/uploads\\\/2025\\\/09\\\/5728b494-0599-4e38-8aa8-82946ac4f06f.jpeg\",\"contentUrl\":\"https:\\\/\\\/nutrition4ushop.com\\\/wp-content\\\/uploads\\\/2025\\\/09\\\/5728b494-0599-4e38-8aa8-82946ac4f06f.jpeg\",\"width\":1600,\"height\":900,\"caption\":\"Ashwagandha Capsules\"},{\"@type\":\"BreadcrumbList\",\"@id\":\"https:\\\/\\\/nutrition4ushop.com\\\/product\\\/ashwagandha-capsules\\\/#breadcrumb\",\"itemListElement\":[{\"@type\":\"ListItem\",\"position\":1,\"name\":\"Home\",\"item\":\"https:\\\/\\\/nutrition4ushop.com\\\/\"},{\"@type\":\"ListItem\",\"position\":2,\"name\":\"Shop\",\"item\":\"https:\\\/\\\/nutrition4ushop.com\\\/shop\\\/\"},{\"@type\":\"ListItem\",\"position\":3,\"name\":\"Ashwagandha Capsules\"}]},{\"@type\":\"WebSite\",\"@id\":\"https:\\\/\\\/nutrition4ushop.com\\\/#website\",\"url\":\"https:\\\/\\\/nutrition4ushop.com\\\/\",\"name\":\"Nutrition4u\",\"description\":\"\",\"publisher\":{\"@id\":\"https:\\\/\\\/nutrition4ushop.com\\\/#organization\"},\"potentialAction\":[{\"@type\":\"SearchAction\",\"target\":{\"@type\":\"EntryPoint\",\"urlTemplate\":\"https:\\\/\\\/nutrition4ushop.com\\\/?s={search_term_string}\"},\"query-input\":{\"@type\":\"PropertyValueSpecification\",\"valueRequired\":true,\"valueName\":\"search_term_string\"}}],\"inLanguage\":\"pt-PT\"},{\"@type\":[\"Organization\",\"Place\",\"SportingGoodsStore\"],\"@id\":\"https:\\\/\\\/nutrition4ushop.com\\\/#organization\",\"name\":\"Nutrition4u\",\"alternateName\":\"Nutrition4u\",\"url\":\"https:\\\/\\\/nutrition4ushop.com\\\/\",\"logo\":{\"@id\":\"https:\\\/\\\/nutrition4ushop.com\\\/product\\\/ashwagandha-capsules\\\/#local-main-organization-logo\"},\"image\":{\"@id\":\"https:\\\/\\\/nutrition4ushop.com\\\/product\\\/ashwagandha-capsules\\\/#local-main-organization-logo\"},\"sameAs\":[\"https:\\\/\\\/www.facebook.com\\\/p\\\/Nutrition4u-100063511002565\",\"https:\\\/\\\/www.instagram.com\\\/nutrition4u_by_rubengarradas\\\/\"],\"description\":\"Suplementos de qualidade. Suplementos e vitaminas Procell , Marvelous e muito mais. NUTRITION4U suplementos para todo o tipo de pessoas e atletas.\",\"publishingPrinciples\":\"https:\\\/\\\/nutrition4ushop.com\\\/about-us\\\/\",\"ownershipFundingInfo\":\"https:\\\/\\\/nutrition4ushop.com\\\/train-with-ruben-garradas\\\/\",\"actionableFeedbackPolicy\":\"https:\\\/\\\/nutrition4ushop.com\\\/cookies-policy\\\/\",\"ethicsPolicy\":\"https:\\\/\\\/nutrition4ushop.com\\\/terms-and-conditions\\\/\",\"address\":{\"@id\":\"https:\\\/\\\/nutrition4ushop.com\\\/product\\\/ashwagandha-capsules\\\/#local-main-place-address\"},\"telephone\":[],\"openingHoursSpecification\":[]},{\"@type\":\"PostalAddress\",\"@id\":\"https:\\\/\\\/nutrition4ushop.com\\\/product\\\/ashwagandha-capsules\\\/#local-main-place-address\",\"streetAddress\":\"R. 1\u00ba de Maio n\u00b035 Loja 221\",\"addressLocality\":\"Amora\",\"postalCode\":\"2845-162\",\"addressRegion\":\"Set\u00fabal\",\"addressCountry\":\"PT\"},{\"@type\":\"ImageObject\",\"inLanguage\":\"pt-PT\",\"@id\":\"https:\\\/\\\/nutrition4ushop.com\\\/product\\\/ashwagandha-capsules\\\/#local-main-organization-logo\",\"url\":\"https:\\\/\\\/nutrition4ushop.com\\\/wp-content\\\/uploads\\\/2024\\\/02\\\/WhatsApp-Image-2024-02-02-at-5.49.55-PM-1.jpeg\",\"contentUrl\":\"https:\\\/\\\/nutrition4ushop.com\\\/wp-content\\\/uploads\\\/2024\\\/02\\\/WhatsApp-Image-2024-02-02-at-5.49.55-PM-1.jpeg\",\"width\":1416,\"height\":1476,\"caption\":\"Nutrition4u\"}]}<\/script>\n<meta property=\"product:price:amount\" content=\"15.00\" \/>\n<meta property=\"product:price:currency\" content=\"EUR\" \/>\n<meta property=\"og:availability\" content=\"instock\" \/>\n<meta property=\"product:availability\" content=\"instock\" \/>\n<meta property=\"product:condition\" content=\"new\" \/>\n<meta name=\"geo.placename\" content=\"Amora\" \/>\n<meta name=\"geo.region\" content=\"Portugal\" \/>\n<!-- \/ Yoast SEO Premium plugin. -->","yoast_head_json":{"title":"C\u00e1psulas de Ashwagandha","description":"Descubra o al\u00edvio natural do stress com as nossas potentes C\u00e1psulas de Ashwagandha. Cada dose de 320 mg de extrato puro de raiz apoia a sua rotina di\u00e1ria de bem-estar e promove uma sensa\u00e7\u00e3o de calma. Encomende hoje para melhorar a sua sa\u00fade geral","robots":{"index":"index","follow":"follow","max-snippet":"max-snippet:-1","max-image-preview":"max-image-preview:large","max-video-preview":"max-video-preview:-1"},"canonical":"https:\/\/nutrition4ushop.com\/pt\/produto\/ashwagandha-capsules\/","og_locale":"pt_PT","og_type":"article","og_title":"Ashwagandha Capsules","og_description":"Discover natural stress relief with our potent Ashwagandha Capsules. Each 320 mg serving of pure root extract supports your daily wellness routine and promotes a sense of calm. Order today to enhance your overall health","og_url":"https:\/\/nutrition4ushop.com\/pt\/produto\/ashwagandha-capsules\/","og_site_name":"Nutrition4u","article_publisher":"https:\/\/www.facebook.com\/p\/Nutrition4u-100063511002565","article_modified_time":"2025-11-04T15:04:12+00:00","og_image":[{"width":1600,"height":900,"url":"https:\/\/nutrition4ushop.com\/wp-content\/uploads\/2025\/09\/5728b494-0599-4e38-8aa8-82946ac4f06f.jpeg","type":"image\/jpeg"}],"twitter_card":"summary_large_image","twitter_misc":{"pre\u00e7o":"15,00&nbsp;&euro;","Disponibilidade":"Em stock"},"schema":{"@context":"https:\/\/schema.org","@graph":[{"@type":"WebPage","@id":"https:\/\/nutrition4ushop.com\/product\/ashwagandha-capsules\/","url":"https:\/\/nutrition4ushop.com\/product\/ashwagandha-capsules\/","name":"C\u00e1psulas de Ashwagandha","isPartOf":{"@id":"https:\/\/nutrition4ushop.com\/#website"},"primaryImageOfPage":{"@id":"https:\/\/nutrition4ushop.com\/product\/ashwagandha-capsules\/#primaryimage"},"image":{"@id":"https:\/\/nutrition4ushop.com\/product\/ashwagandha-capsules\/#primaryimage"},"thumbnailUrl":"https:\/\/nutrition4ushop.com\/wp-content\/uploads\/2025\/09\/5728b494-0599-4e38-8aa8-82946ac4f06f.jpeg","datePublished":"2025-09-26T15:29:28+00:00","dateModified":"2025-11-04T15:04:12+00:00","description":"Descubra o al\u00edvio natural do stress com as nossas potentes C\u00e1psulas de Ashwagandha. Cada dose de 320 mg de extrato puro de raiz apoia a sua rotina di\u00e1ria de bem-estar e promove uma sensa\u00e7\u00e3o de calma. Encomende hoje para melhorar a sua sa\u00fade geral","breadcrumb":{"@id":"https:\/\/nutrition4ushop.com\/product\/ashwagandha-capsules\/#breadcrumb"},"inLanguage":"pt-PT","potentialAction":[{"@type":"ReadAction","target":["https:\/\/nutrition4ushop.com\/product\/ashwagandha-capsules\/"]}]},{"@type":"ImageObject","inLanguage":"pt-PT","@id":"https:\/\/nutrition4ushop.com\/product\/ashwagandha-capsules\/#primaryimage","url":"https:\/\/nutrition4ushop.com\/wp-content\/uploads\/2025\/09\/5728b494-0599-4e38-8aa8-82946ac4f06f.jpeg","contentUrl":"https:\/\/nutrition4ushop.com\/wp-content\/uploads\/2025\/09\/5728b494-0599-4e38-8aa8-82946ac4f06f.jpeg","width":1600,"height":900,"caption":"Ashwagandha Capsules"},{"@type":"BreadcrumbList","@id":"https:\/\/nutrition4ushop.com\/product\/ashwagandha-capsules\/#breadcrumb","itemListElement":[{"@type":"ListItem","position":1,"name":"Home","item":"https:\/\/nutrition4ushop.com\/"},{"@type":"ListItem","position":2,"name":"Shop","item":"https:\/\/nutrition4ushop.com\/shop\/"},{"@type":"ListItem","position":3,"name":"Ashwagandha Capsules"}]},{"@type":"WebSite","@id":"https:\/\/nutrition4ushop.com\/#website","url":"https:\/\/nutrition4ushop.com\/","name":"Nutri\u00e7\u00e3o4u","description":"","publisher":{"@id":"https:\/\/nutrition4ushop.com\/#organization"},"potentialAction":[{"@type":"SearchAction","target":{"@type":"EntryPoint","urlTemplate":"https:\/\/nutrition4ushop.com\/?s={search_term_string}"},"query-input":{"@type":"PropertyValueSpecification","valueRequired":true,"valueName":"search_term_string"}}],"inLanguage":"pt-PT"},{"@type":["Organization","Place","SportingGoodsStore"],"@id":"https:\/\/nutrition4ushop.com\/#organization","name":"Nutri\u00e7\u00e3o4u","alternateName":"Nutrition4u","url":"https:\/\/nutrition4ushop.com\/","logo":{"@id":"https:\/\/nutrition4ushop.com\/product\/ashwagandha-capsules\/#local-main-organization-logo"},"image":{"@id":"https:\/\/nutrition4ushop.com\/product\/ashwagandha-capsules\/#local-main-organization-logo"},"sameAs":["https:\/\/www.facebook.com\/p\/Nutrition4u-100063511002565","https:\/\/www.instagram.com\/nutrition4u_by_rubengarradas\/"],"description":"Suplementos de qualidade. Suplementos e vitaminas Procell , Marvelous e muito mais. NUTRITION4U suplementos para todo o tipo de pessoas e atletas.","publishingPrinciples":"https:\/\/nutrition4ushop.com\/about-us\/","ownershipFundingInfo":"https:\/\/nutrition4ushop.com\/train-with-ruben-garradas\/","actionableFeedbackPolicy":"https:\/\/nutrition4ushop.com\/cookies-policy\/","ethicsPolicy":"https:\/\/nutrition4ushop.com\/terms-and-conditions\/","address":{"@id":"https:\/\/nutrition4ushop.com\/product\/ashwagandha-capsules\/#local-main-place-address"},"telephone":[],"openingHoursSpecification":[]},{"@type":"PostalAddress","@id":"https:\/\/nutrition4ushop.com\/product\/ashwagandha-capsules\/#local-main-place-address","streetAddress":"R. 1\u00ba de Maio n\u00b035 Loja 221","addressLocality":"Amora","postalCode":"2845-162","addressRegion":"Set\u00fabal","addressCountry":"PT"},{"@type":"ImageObject","inLanguage":"pt-PT","@id":"https:\/\/nutrition4ushop.com\/product\/ashwagandha-capsules\/#local-main-organization-logo","url":"https:\/\/nutrition4ushop.com\/wp-content\/uploads\/2024\/02\/WhatsApp-Image-2024-02-02-at-5.49.55-PM-1.jpeg","contentUrl":"https:\/\/nutrition4ushop.com\/wp-content\/uploads\/2024\/02\/WhatsApp-Image-2024-02-02-at-5.49.55-PM-1.jpeg","width":1416,"height":1476,"caption":"Nutrition4u"}]},"product_price_amount":"15.00","product_price_currency":"EUR","og_availability":"instock","product_availability":"instock","product_condition":"new","geo.placename":"Amora","geo.region":"Portugal"},"publishpress_future_action":{"enabled":false,"date":"2026-05-22 11:09:10","action":"change-status","newStatus":"draft","terms":[],"taxonomy":"product_brand","extraData":[]},"publishpress_future_workflow_manual_trigger":{"enabledWorkflows":[]},"tiered_pricing_type":"fixed","tiered_pricing_fixed_rules":[],"tiered_pricing_product_settings":{"layout":"default","base_unit_name":{"singular":null,"plural":null},"default_variation":null},"tiered_pricing_minimum_quantity":null,"tiered_pricing_roles_data":[],"tiered_pricing_percentage_rules":[],"tiered_pricing_maximum_quantity":null,"tiered_pricing_quantity_step":null,"_links":{"self":[{"href":"https:\/\/nutrition4ushop.com\/pt\/wp-json\/wp\/v2\/product\/11741","targetHints":{"allow":["GET"]}}],"collection":[{"href":"https:\/\/nutrition4ushop.com\/pt\/wp-json\/wp\/v2\/product"}],"about":[{"href":"https:\/\/nutrition4ushop.com\/pt\/wp-json\/wp\/v2\/types\/product"}],"replies":[{"embeddable":true,"href":"https:\/\/nutrition4ushop.com\/pt\/wp-json\/wp\/v2\/comments?post=11741"}],"version-history":[{"count":2,"href":"https:\/\/nutrition4ushop.com\/pt\/wp-json\/wp\/v2\/product\/11741\/revisions"}],"predecessor-version":[{"id":11897,"href":"https:\/\/nutrition4ushop.com\/pt\/wp-json\/wp\/v2\/product\/11741\/revisions\/11897"}],"wp:featuredmedia":[{"embeddable":true,"href":"https:\/\/nutrition4ushop.com\/pt\/wp-json\/wp\/v2\/media\/11742"}],"wp:attachment":[{"href":"https:\/\/nutrition4ushop.com\/pt\/wp-json\/wp\/v2\/media?parent=11741"}],"wp:term":[{"taxonomy":"product_brand","embeddable":true,"href":"https:\/\/nutrition4ushop.com\/pt\/wp-json\/wp\/v2\/product_brand?post=11741"},{"taxonomy":"product_cat","embeddable":true,"href":"https:\/\/nutrition4ushop.com\/pt\/wp-json\/wp\/v2\/product_cat?post=11741"},{"taxonomy":"product_tag","embeddable":true,"href":"https:\/\/nutrition4ushop.com\/pt\/wp-json\/wp\/v2\/product_tag?post=11741"}],"curies":[{"name":"wp","href":"https:\/\/api.w.org\/{rel}","templated":true}]}}