{"id":11749,"date":"2025-10-01T09:18:20","date_gmt":"2025-10-01T09:18:20","guid":{"rendered":"https:\/\/nutrition4ushop.com\/?post_type=product&#038;p=11749"},"modified":"2025-11-04T15:01:37","modified_gmt":"2025-11-04T15:01:37","slug":"autumn-pack-marvelous-nutrition","status":"publish","type":"product","link":"https:\/\/nutrition4ushop.com\/pt\/product\/autumn-pack-marvelous-nutrition\/","title":{"rendered":"Pack outono - Nutri\u00e7\u00e3o Maravilhosa"},"content":{"rendered":"<p data-start=\"36\" data-end=\"251\">Com a chegada dos dias frios, o corpo fica mais vulner\u00e1vel a gripes, fadiga e quedas de energia. A pensar nisso, reunimos 3 suplementos essenciais para refor\u00e7ar a sua sa\u00fade, energia e recupera\u00e7\u00e3o:<\/p>\n<p data-start=\"253\" data-end=\"458\">ZMA - Uma combina\u00e7\u00e3o de Zinco, Magn\u00e9sio e Vitamina B6 que melhora a qualidade do sono, apoia a recupera\u00e7\u00e3o muscular e contribui para o equil\u00edbrio hormonal. Durma melhor, recupere mais rapidamente e sinta-se cheio de vitalidade.<\/p>\n<p data-start=\"460\" data-end=\"665\">Vitamin Complex - Um verdadeiro escudo de vitaminas e minerais essenciais para o sistema imunit\u00e1rio. Mantenha os seus n\u00edveis de energia elevados e reforce as defesas naturais do seu corpo, especialmente durante esta esta\u00e7\u00e3o cr\u00edtica.<\/p>\n<p data-start=\"667\" data-end=\"862\">MK-7 (Vitamina K2) - Essencial para a sa\u00fade dos ossos e do cora\u00e7\u00e3o, actua em sinergia com a vitamina D, promovendo uma absor\u00e7\u00e3o adequada do c\u00e1lcio nos ossos e evitando dep\u00f3sitos indesej\u00e1veis nas art\u00e9rias.<\/p>\n<p data-start=\"864\" data-end=\"922\">Resultado:<br data-start=\"871\" data-end=\"874\" \/>Mais energia | Mais resist\u00eancia | Mais prote\u00e7\u00e3o<\/p>","protected":false},"excerpt":{"rendered":"<p>Mantenha-se forte nesta esta\u00e7\u00e3o com o nosso Pack outono | inverno - 3 suplementos essenciais para aumentar a sua energia, imunidade e recupera\u00e7\u00e3o.<\/p>","protected":false},"featured_media":11750,"comment_status":"open","ping_status":"closed","template":"","meta":{"site-sidebar-layout":"default","site-content-layout":"","ast-site-content-layout":"default","site-content-style":"default","site-sidebar-style":"default","ast-global-header-display":"","ast-banner-title-visibility":"","ast-main-header-display":"","ast-hfb-above-header-display":"","ast-hfb-below-header-display":"","ast-hfb-mobile-header-display":"","site-post-title":"","ast-breadcrumbs-content":"","ast-featured-img":"","footer-sml-layout":"","theme-transparent-header-meta":"default","adv-header-id-meta":"","stick-header-meta":"","header-above-stick-meta":"","header-main-stick-meta":"","header-below-stick-meta":"","astra-migrate-meta-layouts":"set","ast-page-background-enabled":"default","ast-page-background-meta":{"desktop":{"background-color":"var(--ast-global-color-4)","background-image":"","background-repeat":"repeat","background-position":"center center","background-size":"auto","background-attachment":"scroll","background-type":"","background-media":"","overlay-type":"","overlay-color":"","overlay-opacity":"","overlay-gradient":""},"tablet":{"background-color":"","background-image":"","background-repeat":"repeat","background-position":"center center","background-size":"auto","background-attachment":"scroll","background-type":"","background-media":"","overlay-type":"","overlay-color":"","overlay-opacity":"","overlay-gradient":""},"mobile":{"background-color":"","background-image":"","background-repeat":"repeat","background-position":"center center","background-size":"auto","background-attachment":"scroll","background-type":"","background-media":"","overlay-type":"","overlay-color":"","overlay-opacity":"","overlay-gradient":""}},"ast-content-background-meta":{"desktop":{"background-color":"var(--ast-global-color-5)","background-image":"","background-repeat":"repeat","background-position":"center center","background-size":"auto","background-attachment":"scroll","background-type":"","background-media":"","overlay-type":"","overlay-color":"","overlay-opacity":"","overlay-gradient":""},"tablet":{"background-color":"var(--ast-global-color-5)","background-image":"","background-repeat":"repeat","background-position":"center center","background-size":"auto","background-attachment":"scroll","background-type":"","background-media":"","overlay-type":"","overlay-color":"","overlay-opacity":"","overlay-gradient":""},"mobile":{"background-color":"var(--ast-global-color-5)","background-image":"","background-repeat":"repeat","background-position":"center center","background-size":"auto","background-attachment":"scroll","background-type":"","background-media":"","overlay-type":"","overlay-color":"","overlay-opacity":"","overlay-gradient":""}}},"product_brand":[207],"product_cat":[346],"product_tag":[],"class_list":{"0":"post-11749","1":"product","2":"type-product","3":"status-publish","4":"has-post-thumbnail","6":"product_brand-marvelous-originals","7":"product_cat-packs","8":"desktop-align-center","9":"tablet-align-left","10":"mobile-align-left","12":"first","13":"instock","14":"shipping-taxable","15":"purchasable","16":"product-type-simple"},"yoast_head":"<!-- This site is optimized with the Yoast SEO Premium plugin v27.5 (Yoast SEO v27.5) - https:\/\/yoast.com\/product\/yoast-seo-premium-wordpress\/ -->\n<title>Autumn Pack - Marvelous Nutrition<\/title>\n<meta name=\"description\" content=\"Boost your health this autumn &amp; winter with our essential supplement pack. Fortify your immunity, increase energy levels, and enhance recovery. Stay strong and vibrant all season long.\" \/>\n<meta name=\"robots\" content=\"index, follow, max-snippet:-1, max-image-preview:large, max-video-preview:-1\" \/>\n<link rel=\"canonical\" href=\"https:\/\/nutrition4ushop.com\/pt\/produto\/autumn-pack-marvelous-nutrition\/\" \/>\n<meta property=\"og:locale\" content=\"pt_PT\" \/>\n<meta property=\"og:type\" content=\"article\" \/>\n<meta property=\"og:title\" content=\"Autumn Pack - Marvelous Nutrition\" \/>\n<meta property=\"og:description\" content=\"Boost your health this autumn &amp; winter with our essential supplement pack. Fortify your immunity, increase energy levels, and enhance recovery. Stay strong and vibrant all season long.\" \/>\n<meta property=\"og:url\" content=\"https:\/\/nutrition4ushop.com\/pt\/produto\/autumn-pack-marvelous-nutrition\/\" \/>\n<meta property=\"og:site_name\" content=\"Nutrition4u\" \/>\n<meta property=\"article:publisher\" content=\"https:\/\/www.facebook.com\/p\/Nutrition4u-100063511002565\" \/>\n<meta property=\"article:modified_time\" content=\"2025-11-04T15:01:37+00:00\" \/>\n<meta property=\"og:image\" content=\"https:\/\/nutrition4ushop.com\/wp-content\/uploads\/2025\/10\/e7a0250f-8568-420e-a924-57318393a8dc.jpeg\" \/>\n\t<meta property=\"og:image:width\" content=\"1024\" \/>\n\t<meta property=\"og:image:height\" content=\"1024\" \/>\n\t<meta property=\"og:image:type\" content=\"image\/jpeg\" \/>\n<meta name=\"twitter:card\" content=\"summary_large_image\" \/>\n<meta name=\"twitter:label1\" content=\"pre\u00e7o\" \/>\n\t<meta name=\"twitter:data1\" content=\"50,00&nbsp;&euro;\" \/>\n\t<meta name=\"twitter:label2\" content=\"Disponibilidade\" \/>\n\t<meta name=\"twitter:data2\" content=\"Em stock\" \/>\n<script type=\"application\/ld+json\" class=\"yoast-schema-graph\">{\"@context\":\"https:\\\/\\\/schema.org\",\"@graph\":[{\"@type\":\"WebPage\",\"@id\":\"https:\\\/\\\/nutrition4ushop.com\\\/product\\\/autumn-pack-marvelous-nutrition\\\/\",\"url\":\"https:\\\/\\\/nutrition4ushop.com\\\/product\\\/autumn-pack-marvelous-nutrition\\\/\",\"name\":\"Autumn Pack - Marvelous Nutrition\",\"isPartOf\":{\"@id\":\"https:\\\/\\\/nutrition4ushop.com\\\/#website\"},\"primaryImageOfPage\":{\"@id\":\"https:\\\/\\\/nutrition4ushop.com\\\/product\\\/autumn-pack-marvelous-nutrition\\\/#primaryimage\"},\"image\":{\"@id\":\"https:\\\/\\\/nutrition4ushop.com\\\/product\\\/autumn-pack-marvelous-nutrition\\\/#primaryimage\"},\"thumbnailUrl\":\"https:\\\/\\\/nutrition4ushop.com\\\/wp-content\\\/uploads\\\/2025\\\/10\\\/e7a0250f-8568-420e-a924-57318393a8dc.jpeg\",\"datePublished\":\"2025-10-01T09:18:20+00:00\",\"dateModified\":\"2025-11-04T15:01:37+00:00\",\"description\":\"Boost your health this autumn & winter with our essential supplement pack. Fortify your immunity, increase energy levels, and enhance recovery. Stay strong and vibrant all season long.\",\"breadcrumb\":{\"@id\":\"https:\\\/\\\/nutrition4ushop.com\\\/product\\\/autumn-pack-marvelous-nutrition\\\/#breadcrumb\"},\"inLanguage\":\"pt-PT\",\"potentialAction\":[{\"@type\":\"ReadAction\",\"target\":[\"https:\\\/\\\/nutrition4ushop.com\\\/product\\\/autumn-pack-marvelous-nutrition\\\/\"]}]},{\"@type\":\"ImageObject\",\"inLanguage\":\"pt-PT\",\"@id\":\"https:\\\/\\\/nutrition4ushop.com\\\/product\\\/autumn-pack-marvelous-nutrition\\\/#primaryimage\",\"url\":\"https:\\\/\\\/nutrition4ushop.com\\\/wp-content\\\/uploads\\\/2025\\\/10\\\/e7a0250f-8568-420e-a924-57318393a8dc.jpeg\",\"contentUrl\":\"https:\\\/\\\/nutrition4ushop.com\\\/wp-content\\\/uploads\\\/2025\\\/10\\\/e7a0250f-8568-420e-a924-57318393a8dc.jpeg\",\"width\":1024,\"height\":1024,\"caption\":\"Boost your health this autumn & winter with our essential supplement pack. Fortify your immunity, increase energy levels, and enhance recovery. Stay strong and vibrant all season long.\"},{\"@type\":\"BreadcrumbList\",\"@id\":\"https:\\\/\\\/nutrition4ushop.com\\\/product\\\/autumn-pack-marvelous-nutrition\\\/#breadcrumb\",\"itemListElement\":[{\"@type\":\"ListItem\",\"position\":1,\"name\":\"Home\",\"item\":\"https:\\\/\\\/nutrition4ushop.com\\\/\"},{\"@type\":\"ListItem\",\"position\":2,\"name\":\"Shop\",\"item\":\"https:\\\/\\\/nutrition4ushop.com\\\/shop\\\/\"},{\"@type\":\"ListItem\",\"position\":3,\"name\":\"Autumn Pack &#8211; Marvelous Nutrition\"}]},{\"@type\":\"WebSite\",\"@id\":\"https:\\\/\\\/nutrition4ushop.com\\\/#website\",\"url\":\"https:\\\/\\\/nutrition4ushop.com\\\/\",\"name\":\"Nutrition4u\",\"description\":\"\",\"publisher\":{\"@id\":\"https:\\\/\\\/nutrition4ushop.com\\\/#organization\"},\"potentialAction\":[{\"@type\":\"SearchAction\",\"target\":{\"@type\":\"EntryPoint\",\"urlTemplate\":\"https:\\\/\\\/nutrition4ushop.com\\\/?s={search_term_string}\"},\"query-input\":{\"@type\":\"PropertyValueSpecification\",\"valueRequired\":true,\"valueName\":\"search_term_string\"}}],\"inLanguage\":\"pt-PT\"},{\"@type\":[\"Organization\",\"Place\",\"SportingGoodsStore\"],\"@id\":\"https:\\\/\\\/nutrition4ushop.com\\\/#organization\",\"name\":\"Nutrition4u\",\"alternateName\":\"Nutrition4u\",\"url\":\"https:\\\/\\\/nutrition4ushop.com\\\/\",\"logo\":{\"@id\":\"https:\\\/\\\/nutrition4ushop.com\\\/product\\\/autumn-pack-marvelous-nutrition\\\/#local-main-organization-logo\"},\"image\":{\"@id\":\"https:\\\/\\\/nutrition4ushop.com\\\/product\\\/autumn-pack-marvelous-nutrition\\\/#local-main-organization-logo\"},\"sameAs\":[\"https:\\\/\\\/www.facebook.com\\\/p\\\/Nutrition4u-100063511002565\",\"https:\\\/\\\/www.instagram.com\\\/nutrition4u_by_rubengarradas\\\/\"],\"description\":\"Suplementos de qualidade. Suplementos e vitaminas Procell , Marvelous e muito mais. NUTRITION4U suplementos para todo o tipo de pessoas e atletas.\",\"publishingPrinciples\":\"https:\\\/\\\/nutrition4ushop.com\\\/about-us\\\/\",\"ownershipFundingInfo\":\"https:\\\/\\\/nutrition4ushop.com\\\/train-with-ruben-garradas\\\/\",\"actionableFeedbackPolicy\":\"https:\\\/\\\/nutrition4ushop.com\\\/cookies-policy\\\/\",\"ethicsPolicy\":\"https:\\\/\\\/nutrition4ushop.com\\\/terms-and-conditions\\\/\",\"address\":{\"@id\":\"https:\\\/\\\/nutrition4ushop.com\\\/product\\\/autumn-pack-marvelous-nutrition\\\/#local-main-place-address\"},\"telephone\":[],\"openingHoursSpecification\":[]},{\"@type\":\"PostalAddress\",\"@id\":\"https:\\\/\\\/nutrition4ushop.com\\\/product\\\/autumn-pack-marvelous-nutrition\\\/#local-main-place-address\",\"streetAddress\":\"R. 1\u00ba de Maio n\u00b035 Loja 221\",\"addressLocality\":\"Amora\",\"postalCode\":\"2845-162\",\"addressRegion\":\"Set\u00fabal\",\"addressCountry\":\"PT\"},{\"@type\":\"ImageObject\",\"inLanguage\":\"pt-PT\",\"@id\":\"https:\\\/\\\/nutrition4ushop.com\\\/product\\\/autumn-pack-marvelous-nutrition\\\/#local-main-organization-logo\",\"url\":\"https:\\\/\\\/nutrition4ushop.com\\\/wp-content\\\/uploads\\\/2024\\\/02\\\/WhatsApp-Image-2024-02-02-at-5.49.55-PM-1.jpeg\",\"contentUrl\":\"https:\\\/\\\/nutrition4ushop.com\\\/wp-content\\\/uploads\\\/2024\\\/02\\\/WhatsApp-Image-2024-02-02-at-5.49.55-PM-1.jpeg\",\"width\":1416,\"height\":1476,\"caption\":\"Nutrition4u\"}]}<\/script>\n<meta property=\"product:price:amount\" content=\"50.00\" \/>\n<meta property=\"product:price:currency\" content=\"EUR\" \/>\n<meta property=\"og:availability\" content=\"instock\" \/>\n<meta property=\"product:availability\" content=\"instock\" \/>\n<meta property=\"product:condition\" content=\"new\" \/>\n<meta name=\"geo.placename\" content=\"Amora\" \/>\n<meta name=\"geo.region\" content=\"Portugal\" \/>\n<!-- \/ Yoast SEO Premium plugin. -->","yoast_head_json":{"title":"Pack outono - Nutri\u00e7\u00e3o Maravilhosa","description":"Melhore a sua sa\u00fade neste outono e inverno com o nosso pacote de suplementos essenciais. Fortale\u00e7a a sua imunidade, aumente os n\u00edveis de energia e melhore a recupera\u00e7\u00e3o. Mantenha-se forte e vibrante durante toda a esta\u00e7\u00e3o.","robots":{"index":"index","follow":"follow","max-snippet":"max-snippet:-1","max-image-preview":"max-image-preview:large","max-video-preview":"max-video-preview:-1"},"canonical":"https:\/\/nutrition4ushop.com\/pt\/produto\/autumn-pack-marvelous-nutrition\/","og_locale":"pt_PT","og_type":"article","og_title":"Autumn Pack - Marvelous Nutrition","og_description":"Boost your health this autumn & winter with our essential supplement pack. Fortify your immunity, increase energy levels, and enhance recovery. Stay strong and vibrant all season long.","og_url":"https:\/\/nutrition4ushop.com\/pt\/produto\/autumn-pack-marvelous-nutrition\/","og_site_name":"Nutrition4u","article_publisher":"https:\/\/www.facebook.com\/p\/Nutrition4u-100063511002565","article_modified_time":"2025-11-04T15:01:37+00:00","og_image":[{"width":1024,"height":1024,"url":"https:\/\/nutrition4ushop.com\/wp-content\/uploads\/2025\/10\/e7a0250f-8568-420e-a924-57318393a8dc.jpeg","type":"image\/jpeg"}],"twitter_card":"summary_large_image","twitter_misc":{"pre\u00e7o":"50,00&nbsp;&euro;","Disponibilidade":"Em stock"},"schema":{"@context":"https:\/\/schema.org","@graph":[{"@type":"WebPage","@id":"https:\/\/nutrition4ushop.com\/product\/autumn-pack-marvelous-nutrition\/","url":"https:\/\/nutrition4ushop.com\/product\/autumn-pack-marvelous-nutrition\/","name":"Pack outono - Nutri\u00e7\u00e3o Maravilhosa","isPartOf":{"@id":"https:\/\/nutrition4ushop.com\/#website"},"primaryImageOfPage":{"@id":"https:\/\/nutrition4ushop.com\/product\/autumn-pack-marvelous-nutrition\/#primaryimage"},"image":{"@id":"https:\/\/nutrition4ushop.com\/product\/autumn-pack-marvelous-nutrition\/#primaryimage"},"thumbnailUrl":"https:\/\/nutrition4ushop.com\/wp-content\/uploads\/2025\/10\/e7a0250f-8568-420e-a924-57318393a8dc.jpeg","datePublished":"2025-10-01T09:18:20+00:00","dateModified":"2025-11-04T15:01:37+00:00","description":"Melhore a sua sa\u00fade neste outono e inverno com o nosso pacote de suplementos essenciais. Fortale\u00e7a a sua imunidade, aumente os n\u00edveis de energia e melhore a recupera\u00e7\u00e3o. Mantenha-se forte e vibrante durante toda a esta\u00e7\u00e3o.","breadcrumb":{"@id":"https:\/\/nutrition4ushop.com\/product\/autumn-pack-marvelous-nutrition\/#breadcrumb"},"inLanguage":"pt-PT","potentialAction":[{"@type":"ReadAction","target":["https:\/\/nutrition4ushop.com\/product\/autumn-pack-marvelous-nutrition\/"]}]},{"@type":"ImageObject","inLanguage":"pt-PT","@id":"https:\/\/nutrition4ushop.com\/product\/autumn-pack-marvelous-nutrition\/#primaryimage","url":"https:\/\/nutrition4ushop.com\/wp-content\/uploads\/2025\/10\/e7a0250f-8568-420e-a924-57318393a8dc.jpeg","contentUrl":"https:\/\/nutrition4ushop.com\/wp-content\/uploads\/2025\/10\/e7a0250f-8568-420e-a924-57318393a8dc.jpeg","width":1024,"height":1024,"caption":"Boost your health this autumn & winter with our essential supplement pack. Fortify your immunity, increase energy levels, and enhance recovery. Stay strong and vibrant all season long."},{"@type":"BreadcrumbList","@id":"https:\/\/nutrition4ushop.com\/product\/autumn-pack-marvelous-nutrition\/#breadcrumb","itemListElement":[{"@type":"ListItem","position":1,"name":"Home","item":"https:\/\/nutrition4ushop.com\/"},{"@type":"ListItem","position":2,"name":"Shop","item":"https:\/\/nutrition4ushop.com\/shop\/"},{"@type":"ListItem","position":3,"name":"Autumn Pack &#8211; Marvelous Nutrition"}]},{"@type":"WebSite","@id":"https:\/\/nutrition4ushop.com\/#website","url":"https:\/\/nutrition4ushop.com\/","name":"Nutri\u00e7\u00e3o4u","description":"","publisher":{"@id":"https:\/\/nutrition4ushop.com\/#organization"},"potentialAction":[{"@type":"SearchAction","target":{"@type":"EntryPoint","urlTemplate":"https:\/\/nutrition4ushop.com\/?s={search_term_string}"},"query-input":{"@type":"PropertyValueSpecification","valueRequired":true,"valueName":"search_term_string"}}],"inLanguage":"pt-PT"},{"@type":["Organization","Place","SportingGoodsStore"],"@id":"https:\/\/nutrition4ushop.com\/#organization","name":"Nutri\u00e7\u00e3o4u","alternateName":"Nutrition4u","url":"https:\/\/nutrition4ushop.com\/","logo":{"@id":"https:\/\/nutrition4ushop.com\/product\/autumn-pack-marvelous-nutrition\/#local-main-organization-logo"},"image":{"@id":"https:\/\/nutrition4ushop.com\/product\/autumn-pack-marvelous-nutrition\/#local-main-organization-logo"},"sameAs":["https:\/\/www.facebook.com\/p\/Nutrition4u-100063511002565","https:\/\/www.instagram.com\/nutrition4u_by_rubengarradas\/"],"description":"Suplementos de qualidade. Suplementos e vitaminas Procell , Marvelous e muito mais. NUTRITION4U suplementos para todo o tipo de pessoas e atletas.","publishingPrinciples":"https:\/\/nutrition4ushop.com\/about-us\/","ownershipFundingInfo":"https:\/\/nutrition4ushop.com\/train-with-ruben-garradas\/","actionableFeedbackPolicy":"https:\/\/nutrition4ushop.com\/cookies-policy\/","ethicsPolicy":"https:\/\/nutrition4ushop.com\/terms-and-conditions\/","address":{"@id":"https:\/\/nutrition4ushop.com\/product\/autumn-pack-marvelous-nutrition\/#local-main-place-address"},"telephone":[],"openingHoursSpecification":[]},{"@type":"PostalAddress","@id":"https:\/\/nutrition4ushop.com\/product\/autumn-pack-marvelous-nutrition\/#local-main-place-address","streetAddress":"R. 1\u00ba de Maio n\u00b035 Loja 221","addressLocality":"Amora","postalCode":"2845-162","addressRegion":"Set\u00fabal","addressCountry":"PT"},{"@type":"ImageObject","inLanguage":"pt-PT","@id":"https:\/\/nutrition4ushop.com\/product\/autumn-pack-marvelous-nutrition\/#local-main-organization-logo","url":"https:\/\/nutrition4ushop.com\/wp-content\/uploads\/2024\/02\/WhatsApp-Image-2024-02-02-at-5.49.55-PM-1.jpeg","contentUrl":"https:\/\/nutrition4ushop.com\/wp-content\/uploads\/2024\/02\/WhatsApp-Image-2024-02-02-at-5.49.55-PM-1.jpeg","width":1416,"height":1476,"caption":"Nutrition4u"}]},"product_price_amount":"50.00","product_price_currency":"EUR","og_availability":"instock","product_availability":"instock","product_condition":"new","geo.placename":"Amora","geo.region":"Portugal"},"publishpress_future_action":{"enabled":false,"date":"2026-05-15 10:07:58","action":"change-status","newStatus":"draft","terms":[],"taxonomy":"product_brand","extraData":[]},"publishpress_future_workflow_manual_trigger":{"enabledWorkflows":[]},"tiered_pricing_type":"fixed","tiered_pricing_fixed_rules":[],"tiered_pricing_product_settings":{"layout":"default","base_unit_name":{"singular":null,"plural":null},"default_variation":null},"tiered_pricing_minimum_quantity":null,"tiered_pricing_roles_data":[],"tiered_pricing_percentage_rules":[],"tiered_pricing_maximum_quantity":null,"tiered_pricing_quantity_step":null,"_links":{"self":[{"href":"https:\/\/nutrition4ushop.com\/pt\/wp-json\/wp\/v2\/product\/11749","targetHints":{"allow":["GET"]}}],"collection":[{"href":"https:\/\/nutrition4ushop.com\/pt\/wp-json\/wp\/v2\/product"}],"about":[{"href":"https:\/\/nutrition4ushop.com\/pt\/wp-json\/wp\/v2\/types\/product"}],"replies":[{"embeddable":true,"href":"https:\/\/nutrition4ushop.com\/pt\/wp-json\/wp\/v2\/comments?post=11749"}],"version-history":[{"count":2,"href":"https:\/\/nutrition4ushop.com\/pt\/wp-json\/wp\/v2\/product\/11749\/revisions"}],"predecessor-version":[{"id":11752,"href":"https:\/\/nutrition4ushop.com\/pt\/wp-json\/wp\/v2\/product\/11749\/revisions\/11752"}],"wp:featuredmedia":[{"embeddable":true,"href":"https:\/\/nutrition4ushop.com\/pt\/wp-json\/wp\/v2\/media\/11750"}],"wp:attachment":[{"href":"https:\/\/nutrition4ushop.com\/pt\/wp-json\/wp\/v2\/media?parent=11749"}],"wp:term":[{"taxonomy":"product_brand","embeddable":true,"href":"https:\/\/nutrition4ushop.com\/pt\/wp-json\/wp\/v2\/product_brand?post=11749"},{"taxonomy":"product_cat","embeddable":true,"href":"https:\/\/nutrition4ushop.com\/pt\/wp-json\/wp\/v2\/product_cat?post=11749"},{"taxonomy":"product_tag","embeddable":true,"href":"https:\/\/nutrition4ushop.com\/pt\/wp-json\/wp\/v2\/product_tag?post=11749"}],"curies":[{"name":"wp","href":"https:\/\/api.w.org\/{rel}","templated":true}]}}