{"id":7988,"date":"2024-02-03T12:27:56","date_gmt":"2024-02-03T12:27:56","guid":{"rendered":"https:\/\/nutrition4ushop.com\/product\/calibration\/"},"modified":"2025-06-26T15:43:50","modified_gmt":"2025-06-26T15:43:50","slug":"calibration","status":"publish","type":"product","link":"https:\/\/nutrition4ushop.com\/pt\/product\/calibration\/","title":{"rendered":"CALIBRA\u00c7\u00c3O"},"content":{"rendered":"<p>Calibration \u00e9 formulado para otimizar e proteger os teus \u00f3rg\u00e3os, garantindo que funcionem no seu melhor, apesar do stress causado pelo culturismo, medicamentos, consumo de \u00e1lcool ou toxinas ambientais di\u00e1rias. Com o tempo, os nossos corpos acumulam subst\u00e2ncias nocivas que podem levar \u00e0 inflama\u00e7\u00e3o celular e, eventualmente, \u00e0 disfun\u00e7\u00e3o dos \u00f3rg\u00e3os. Calibration foi especificamente concebido para contrariar isto, oferecendo uma poderosa mistura de ingredientes de alta qualidade que apoiam a sa\u00fade dos \u00f3rg\u00e3os e protegem contra potenciais danos causados por ester\u00f3ides anabolizantes, medica\u00e7\u00e3o, polui\u00e7\u00e3o e \u00e1lcool.<\/p>\n<p>Este suplemento \u00e9 essencial para culturistas em fases de treino de alto stress, aqueles que tomam medica\u00e7\u00e3o regularmente (como analg\u00e9sicos) e indiv\u00edduos que consomem \u00e1lcool em excesso. Calibration atua para neutralizar a toxicidade, reduzindo a inflama\u00e7\u00e3o e melhorando o desempenho dos \u00f3rg\u00e3os, para que possas levar o teu corpo ao seu potencial m\u00e1ximo, salvaguardando a sua sa\u00fade a longo prazo.<\/p>\n<p><strong>Quem Deve Usar Calibration?<\/strong><\/p>\n<ul>\n<li>Culturistas a preparar competi\u00e7\u00f5es ou em fase de \"off-season\"<\/li>\n<li>Indiv\u00edduos a usar ester\u00f3ides anabolizantes<\/li>\n<li>Pessoas que usam medica\u00e7\u00e3o frequentemente, especialmente analg\u00e9sicos<\/li>\n<li>Aqueles que bebem quantidades excessivas de \u00e1lcool<\/li>\n<li>Qualquer pessoa exposta a fatores de stress e toxinas ambientais di\u00e1rias<\/li>\n<\/ul>\n<p><strong>Principais Benef\u00edcios<\/strong>:<\/p>\n<ul>\n<li><strong>Protege os \u00d3rg\u00e3os<\/strong>: Salvaguarda os \u00f3rg\u00e3os contra os efeitos prejudiciais de ester\u00f3ides, medicamentos, \u00e1lcool e polui\u00e7\u00e3o.<\/li>\n<li><strong>Suporta a Desintoxica\u00e7\u00e3o<\/strong>: Ajuda a neutralizar toxinas e a reduzir a inflama\u00e7\u00e3o no corpo.<\/li>\n<li><strong>Otimiza o Desempenho dos \u00d3rg\u00e3os<\/strong>: Garante a funcionalidade \u00f3tima de \u00f3rg\u00e3os vitais como o f\u00edgado e os rins.<\/li>\n<li><strong>Promove a Sa\u00fade Geral<\/strong>: Ajuda a manter a sa\u00fade a longo prazo, apoiando a regenera\u00e7\u00e3o e o desempenho dos \u00f3rg\u00e3os.<\/li>\n<\/ul>\n<p><strong>Ingredientes<\/strong>:<\/p>\n<ul>\n<li>Extrato Seco de Astr\u00e1galo (Astragalus membranaceus, raiz)<\/li>\n<li>Extrato Seco de Cardo Mariano (Silybum marianum (L.) Gaertn., semente) 80% silimarina e 30% silibina<\/li>\n<li>Celulose Microcristalina (Agente de volume E-460i)<\/li>\n<li>Extrato Seco de Cordyceps (Cordyceps sinensis, mic\u00e9lio)<\/li>\n<li>N-Acetil Ciste\u00edna<\/li>\n<li>L-Glutationa (reduzida)<\/li>\n<li>Extrato Seco de Pinheiro (Pinus pinaster, casca) 95% proantocianidinas<\/li>\n<li>Extrato Seco de Polygonum (Polygonum cuspidatum, raiz) 98% resveratrol<\/li>\n<li>Sais de Magn\u00e9sio de \u00c1cidos Gordos (Antiaglomerante E-470b)<\/li>\n<li>Hidroxipropilmetilcelulose (Agente de revestimento da c\u00e1psula E-464)<\/li>\n<\/ul>\n<p><strong>Como Usar<\/strong>: Toma 3 c\u00e1psulas por dia com uma refei\u00e7\u00e3o para resultados \u00f3timos.<\/p>\n<p><strong>Armazenamento<\/strong>: Armazena num local fresco e seco.<\/p>\n<p>Calibration \u00e9 o teu aliado di\u00e1rio na manuten\u00e7\u00e3o da sa\u00fade dos \u00f3rg\u00e3os, combatendo os efeitos do stress e das toxinas, e garantindo que o teu corpo se mant\u00e9m em plena forma, pronto para qualquer desafio.<\/p>\n<p><img decoding=\"async\" src=\"https:\/\/www.marvelousnutrition.com\/wp-content\/uploads\/2022\/08\/calibration-black-gadwel-1024x544.png\" \/><\/p>","protected":false},"excerpt":{"rendered":"<p>Calibration \u00e9 um suplemento premium concebido para proteger e melhorar o desempenho dos \u00f3rg\u00e3os, especialmente para culturistas, aqueles que utilizam ester\u00f3ides, medicamentos ou \u00e1lcool, e indiv\u00edduos expostos a fatores de stress di\u00e1rios. Suporta a sa\u00fade dos \u00f3rg\u00e3os e combate os efeitos da toxicidade.<\/p>","protected":false},"featured_media":10026,"comment_status":"open","ping_status":"closed","template":"","meta":{"site-sidebar-layout":"default","site-content-layout":"","ast-site-content-layout":"default","site-content-style":"default","site-sidebar-style":"default","ast-global-header-display":"","ast-banner-title-visibility":"","ast-main-header-display":"","ast-hfb-above-header-display":"","ast-hfb-below-header-display":"","ast-hfb-mobile-header-display":"","site-post-title":"","ast-breadcrumbs-content":"","ast-featured-img":"","footer-sml-layout":"","theme-transparent-header-meta":"default","adv-header-id-meta":"","stick-header-meta":"","header-above-stick-meta":"","header-main-stick-meta":"","header-below-stick-meta":"","astra-migrate-meta-layouts":"set","ast-page-background-enabled":"default","ast-page-background-meta":{"desktop":{"background-color":"var(--ast-global-color-4)","background-image":"","background-repeat":"repeat","background-position":"center center","background-size":"auto","background-attachment":"scroll","background-type":"","background-media":"","overlay-type":"","overlay-color":"","overlay-opacity":"","overlay-gradient":""},"tablet":{"background-color":"","background-image":"","background-repeat":"repeat","background-position":"center center","background-size":"auto","background-attachment":"scroll","background-type":"","background-media":"","overlay-type":"","overlay-color":"","overlay-opacity":"","overlay-gradient":""},"mobile":{"background-color":"","background-image":"","background-repeat":"repeat","background-position":"center center","background-size":"auto","background-attachment":"scroll","background-type":"","background-media":"","overlay-type":"","overlay-color":"","overlay-opacity":"","overlay-gradient":""}},"ast-content-background-meta":{"desktop":{"background-color":"var(--ast-global-color-5)","background-image":"","background-repeat":"repeat","background-position":"center center","background-size":"auto","background-attachment":"scroll","background-type":"","background-media":"","overlay-type":"","overlay-color":"","overlay-opacity":"","overlay-gradient":""},"tablet":{"background-color":"var(--ast-global-color-5)","background-image":"","background-repeat":"repeat","background-position":"center center","background-size":"auto","background-attachment":"scroll","background-type":"","background-media":"","overlay-type":"","overlay-color":"","overlay-opacity":"","overlay-gradient":""},"mobile":{"background-color":"var(--ast-global-color-5)","background-image":"","background-repeat":"repeat","background-position":"center center","background-size":"auto","background-attachment":"scroll","background-type":"","background-media":"","overlay-type":"","overlay-color":"","overlay-opacity":"","overlay-gradient":""}}},"product_brand":[207],"product_cat":[286],"product_tag":[],"class_list":{"0":"post-7988","1":"product","2":"type-product","3":"status-publish","4":"has-post-thumbnail","6":"product_brand-marvelous-originals","7":"product_cat-organ-support","8":"desktop-align-center","9":"tablet-align-left","10":"mobile-align-left","12":"first","13":"instock","14":"shipping-taxable","15":"purchasable","16":"product-type-simple"},"yoast_head":"<!-- This site is optimized with the Yoast SEO Premium plugin v27.0 (Yoast SEO v27.0) - https:\/\/yoast.com\/product\/yoast-seo-premium-wordpress\/ -->\n<title>CALIBRATION<\/title>\n<meta name=\"robots\" content=\"index, follow, max-snippet:-1, max-image-preview:large, max-video-preview:-1\" \/>\n<link rel=\"canonical\" href=\"https:\/\/nutrition4ushop.com\/pt\/produto\/calibration\/\" \/>\n<meta property=\"og:locale\" content=\"pt_PT\" \/>\n<meta property=\"og:type\" content=\"article\" \/>\n<meta property=\"og:title\" content=\"CALIBRATION\" \/>\n<meta property=\"og:description\" content=\"Calibration is a premium supplement designed to protect and enhance organ performance, especially for bodybuilders, those using steroids, medications, or alcohol, and individuals exposed to daily stressors. It supports organ health and combats the effects of toxicity.\" \/>\n<meta property=\"og:url\" content=\"https:\/\/nutrition4ushop.com\/pt\/produto\/calibration\/\" \/>\n<meta property=\"og:site_name\" content=\"Nutrition4u\" \/>\n<meta property=\"article:publisher\" content=\"https:\/\/www.facebook.com\/p\/Nutrition4u-100063511002565\" \/>\n<meta property=\"article:modified_time\" content=\"2025-06-26T15:43:50+00:00\" \/>\n<meta property=\"og:image\" content=\"https:\/\/nutrition4ushop.com\/wp-content\/uploads\/2024\/02\/Organ-support2.webp\" \/>\n\t<meta property=\"og:image:width\" content=\"1080\" \/>\n\t<meta property=\"og:image:height\" content=\"1080\" \/>\n\t<meta property=\"og:image:type\" content=\"image\/webp\" \/>\n<meta name=\"twitter:card\" content=\"summary_large_image\" \/>\n<meta name=\"twitter:label1\" content=\"pre\u00e7o\" \/>\n\t<meta name=\"twitter:data1\" content=\"30,00&nbsp;&euro;\" \/>\n\t<meta name=\"twitter:label2\" content=\"Disponibilidade\" \/>\n\t<meta name=\"twitter:data2\" content=\"Em stock\" \/>\n<script type=\"application\/ld+json\" class=\"yoast-schema-graph\">{\"@context\":\"https:\/\/schema.org\",\"@graph\":[{\"@type\":\"WebPage\",\"@id\":\"https:\/\/nutrition4ushop.com\/product\/calibration\/\",\"url\":\"https:\/\/nutrition4ushop.com\/product\/calibration\/\",\"name\":\"CALIBRATION\",\"isPartOf\":{\"@id\":\"https:\/\/nutrition4ushop.com\/#website\"},\"primaryImageOfPage\":{\"@id\":\"https:\/\/nutrition4ushop.com\/product\/calibration\/#primaryimage\"},\"image\":{\"@id\":\"https:\/\/nutrition4ushop.com\/product\/calibration\/#primaryimage\"},\"thumbnailUrl\":\"https:\/\/nutrition4ushop.com\/wp-content\/uploads\/2024\/02\/Organ-support2.webp\",\"datePublished\":\"2024-02-03T12:27:56+00:00\",\"dateModified\":\"2025-06-26T15:43:50+00:00\",\"breadcrumb\":{\"@id\":\"https:\/\/nutrition4ushop.com\/product\/calibration\/#breadcrumb\"},\"inLanguage\":\"pt-PT\",\"potentialAction\":[{\"@type\":\"ReadAction\",\"target\":[\"https:\/\/nutrition4ushop.com\/product\/calibration\/\"]}]},{\"@type\":\"ImageObject\",\"inLanguage\":\"pt-PT\",\"@id\":\"https:\/\/nutrition4ushop.com\/product\/calibration\/#primaryimage\",\"url\":\"https:\/\/nutrition4ushop.com\/wp-content\/uploads\/2024\/02\/Organ-support2.webp\",\"contentUrl\":\"https:\/\/nutrition4ushop.com\/wp-content\/uploads\/2024\/02\/Organ-support2.webp\",\"width\":1080,\"height\":1080},{\"@type\":\"BreadcrumbList\",\"@id\":\"https:\/\/nutrition4ushop.com\/product\/calibration\/#breadcrumb\",\"itemListElement\":[{\"@type\":\"ListItem\",\"position\":1,\"name\":\"Home\",\"item\":\"https:\/\/nutrition4ushop.com\/\"},{\"@type\":\"ListItem\",\"position\":2,\"name\":\"Shop\",\"item\":\"https:\/\/nutrition4ushop.com\/shop\/\"},{\"@type\":\"ListItem\",\"position\":3,\"name\":\"CALIBRATION\"}]},{\"@type\":\"WebSite\",\"@id\":\"https:\/\/nutrition4ushop.com\/#website\",\"url\":\"https:\/\/nutrition4ushop.com\/\",\"name\":\"Nutrition4u\",\"description\":\"\",\"publisher\":{\"@id\":\"https:\/\/nutrition4ushop.com\/#organization\"},\"potentialAction\":[{\"@type\":\"SearchAction\",\"target\":{\"@type\":\"EntryPoint\",\"urlTemplate\":\"https:\/\/nutrition4ushop.com\/?s={search_term_string}\"},\"query-input\":{\"@type\":\"PropertyValueSpecification\",\"valueRequired\":true,\"valueName\":\"search_term_string\"}}],\"inLanguage\":\"pt-PT\"},{\"@type\":[\"Organization\",\"Place\",\"SportingGoodsStore\"],\"@id\":\"https:\/\/nutrition4ushop.com\/#organization\",\"name\":\"Nutrition4u\",\"alternateName\":\"Nutrition4u\",\"url\":\"https:\/\/nutrition4ushop.com\/\",\"logo\":{\"@id\":\"https:\/\/nutrition4ushop.com\/product\/calibration\/#local-main-organization-logo\"},\"image\":{\"@id\":\"https:\/\/nutrition4ushop.com\/product\/calibration\/#local-main-organization-logo\"},\"sameAs\":[\"https:\/\/www.facebook.com\/p\/Nutrition4u-100063511002565\",\"https:\/\/www.instagram.com\/nutrition4u_by_rubengarradas\/\"],\"description\":\"Suplementos de qualidade. Suplementos e vitaminas Procell , Marvelous e muito mais. NUTRITION4U suplementos para todo o tipo de pessoas e atletas.\",\"publishingPrinciples\":\"https:\/\/nutrition4ushop.com\/about-us\/\",\"ownershipFundingInfo\":\"https:\/\/nutrition4ushop.com\/train-with-ruben-garradas\/\",\"actionableFeedbackPolicy\":\"https:\/\/nutrition4ushop.com\/cookies-policy\/\",\"ethicsPolicy\":\"https:\/\/nutrition4ushop.com\/terms-and-conditions\/\",\"address\":{\"@id\":\"https:\/\/nutrition4ushop.com\/product\/calibration\/#local-main-place-address\"},\"telephone\":[],\"openingHoursSpecification\":[]},{\"@type\":\"PostalAddress\",\"@id\":\"https:\/\/nutrition4ushop.com\/product\/calibration\/#local-main-place-address\",\"streetAddress\":\"R. 1\u00ba de Maio n\u00b035 Loja 221\",\"addressLocality\":\"Amora\",\"postalCode\":\"2845-162\",\"addressRegion\":\"Set\u00fabal\",\"addressCountry\":\"PT\"},{\"@type\":\"ImageObject\",\"inLanguage\":\"pt-PT\",\"@id\":\"https:\/\/nutrition4ushop.com\/product\/calibration\/#local-main-organization-logo\",\"url\":\"https:\/\/nutrition4ushop.com\/wp-content\/uploads\/2024\/02\/WhatsApp-Image-2024-02-02-at-5.49.55-PM-1.jpeg\",\"contentUrl\":\"https:\/\/nutrition4ushop.com\/wp-content\/uploads\/2024\/02\/WhatsApp-Image-2024-02-02-at-5.49.55-PM-1.jpeg\",\"width\":1416,\"height\":1476,\"caption\":\"Nutrition4u\"}]}<\/script>\n<meta property=\"product:price:amount\" content=\"30.00\" \/>\n<meta property=\"product:price:currency\" content=\"EUR\" \/>\n<meta property=\"og:availability\" content=\"instock\" \/>\n<meta property=\"product:availability\" content=\"instock\" \/>\n<meta property=\"product:condition\" content=\"new\" \/>\n<meta name=\"geo.placename\" content=\"Amora\" \/>\n<meta name=\"geo.region\" content=\"Portugal\" \/>\n<!-- \/ Yoast SEO Premium plugin. -->","yoast_head_json":{"title":"CALIBRA\u00c7\u00c3O","robots":{"index":"index","follow":"follow","max-snippet":"max-snippet:-1","max-image-preview":"max-image-preview:large","max-video-preview":"max-video-preview:-1"},"canonical":"https:\/\/nutrition4ushop.com\/pt\/produto\/calibration\/","og_locale":"pt_PT","og_type":"article","og_title":"CALIBRATION","og_description":"Calibration is a premium supplement designed to protect and enhance organ performance, especially for bodybuilders, those using steroids, medications, or alcohol, and individuals exposed to daily stressors. It supports organ health and combats the effects of toxicity.","og_url":"https:\/\/nutrition4ushop.com\/pt\/produto\/calibration\/","og_site_name":"Nutrition4u","article_publisher":"https:\/\/www.facebook.com\/p\/Nutrition4u-100063511002565","article_modified_time":"2025-06-26T15:43:50+00:00","og_image":[{"width":1080,"height":1080,"url":"https:\/\/nutrition4ushop.com\/wp-content\/uploads\/2024\/02\/Organ-support2.webp","type":"image\/webp"}],"twitter_card":"summary_large_image","twitter_misc":{"pre\u00e7o":"30,00&nbsp;&euro;","Disponibilidade":"Em stock"},"schema":{"@context":"https:\/\/schema.org","@graph":[{"@type":"WebPage","@id":"https:\/\/nutrition4ushop.com\/product\/calibration\/","url":"https:\/\/nutrition4ushop.com\/product\/calibration\/","name":"CALIBRA\u00c7\u00c3O","isPartOf":{"@id":"https:\/\/nutrition4ushop.com\/#website"},"primaryImageOfPage":{"@id":"https:\/\/nutrition4ushop.com\/product\/calibration\/#primaryimage"},"image":{"@id":"https:\/\/nutrition4ushop.com\/product\/calibration\/#primaryimage"},"thumbnailUrl":"https:\/\/nutrition4ushop.com\/wp-content\/uploads\/2024\/02\/Organ-support2.webp","datePublished":"2024-02-03T12:27:56+00:00","dateModified":"2025-06-26T15:43:50+00:00","breadcrumb":{"@id":"https:\/\/nutrition4ushop.com\/product\/calibration\/#breadcrumb"},"inLanguage":"pt-PT","potentialAction":[{"@type":"ReadAction","target":["https:\/\/nutrition4ushop.com\/product\/calibration\/"]}]},{"@type":"ImageObject","inLanguage":"pt-PT","@id":"https:\/\/nutrition4ushop.com\/product\/calibration\/#primaryimage","url":"https:\/\/nutrition4ushop.com\/wp-content\/uploads\/2024\/02\/Organ-support2.webp","contentUrl":"https:\/\/nutrition4ushop.com\/wp-content\/uploads\/2024\/02\/Organ-support2.webp","width":1080,"height":1080},{"@type":"BreadcrumbList","@id":"https:\/\/nutrition4ushop.com\/product\/calibration\/#breadcrumb","itemListElement":[{"@type":"ListItem","position":1,"name":"Home","item":"https:\/\/nutrition4ushop.com\/"},{"@type":"ListItem","position":2,"name":"Shop","item":"https:\/\/nutrition4ushop.com\/shop\/"},{"@type":"ListItem","position":3,"name":"CALIBRATION"}]},{"@type":"WebSite","@id":"https:\/\/nutrition4ushop.com\/#website","url":"https:\/\/nutrition4ushop.com\/","name":"Nutri\u00e7\u00e3o4u","description":"","publisher":{"@id":"https:\/\/nutrition4ushop.com\/#organization"},"potentialAction":[{"@type":"SearchAction","target":{"@type":"EntryPoint","urlTemplate":"https:\/\/nutrition4ushop.com\/?s={search_term_string}"},"query-input":{"@type":"PropertyValueSpecification","valueRequired":true,"valueName":"search_term_string"}}],"inLanguage":"pt-PT"},{"@type":["Organization","Place","SportingGoodsStore"],"@id":"https:\/\/nutrition4ushop.com\/#organization","name":"Nutri\u00e7\u00e3o4u","alternateName":"Nutrition4u","url":"https:\/\/nutrition4ushop.com\/","logo":{"@id":"https:\/\/nutrition4ushop.com\/product\/calibration\/#local-main-organization-logo"},"image":{"@id":"https:\/\/nutrition4ushop.com\/product\/calibration\/#local-main-organization-logo"},"sameAs":["https:\/\/www.facebook.com\/p\/Nutrition4u-100063511002565","https:\/\/www.instagram.com\/nutrition4u_by_rubengarradas\/"],"description":"Suplementos de qualidade. Suplementos e vitaminas Procell , Marvelous e muito mais. NUTRITION4U suplementos para todo o tipo de pessoas e atletas.","publishingPrinciples":"https:\/\/nutrition4ushop.com\/about-us\/","ownershipFundingInfo":"https:\/\/nutrition4ushop.com\/train-with-ruben-garradas\/","actionableFeedbackPolicy":"https:\/\/nutrition4ushop.com\/cookies-policy\/","ethicsPolicy":"https:\/\/nutrition4ushop.com\/terms-and-conditions\/","address":{"@id":"https:\/\/nutrition4ushop.com\/product\/calibration\/#local-main-place-address"},"telephone":[],"openingHoursSpecification":[]},{"@type":"PostalAddress","@id":"https:\/\/nutrition4ushop.com\/product\/calibration\/#local-main-place-address","streetAddress":"R. 1\u00ba de Maio n\u00b035 Loja 221","addressLocality":"Amora","postalCode":"2845-162","addressRegion":"Set\u00fabal","addressCountry":"PT"},{"@type":"ImageObject","inLanguage":"pt-PT","@id":"https:\/\/nutrition4ushop.com\/product\/calibration\/#local-main-organization-logo","url":"https:\/\/nutrition4ushop.com\/wp-content\/uploads\/2024\/02\/WhatsApp-Image-2024-02-02-at-5.49.55-PM-1.jpeg","contentUrl":"https:\/\/nutrition4ushop.com\/wp-content\/uploads\/2024\/02\/WhatsApp-Image-2024-02-02-at-5.49.55-PM-1.jpeg","width":1416,"height":1476,"caption":"Nutrition4u"}]},"product_price_amount":"30.00","product_price_currency":"EUR","og_availability":"instock","product_availability":"instock","product_condition":"new","geo.placename":"Amora","geo.region":"Portugal"},"publishpress_future_action":{"enabled":false,"date":"2026-05-06 23:30:44","action":"change-status","newStatus":"draft","terms":[],"taxonomy":"product_brand","extraData":[]},"publishpress_future_workflow_manual_trigger":{"enabledWorkflows":[]},"tiered_pricing_type":"fixed","tiered_pricing_fixed_rules":[],"tiered_pricing_product_settings":{"layout":"default","base_unit_name":{"singular":null,"plural":null},"default_variation":null},"tiered_pricing_minimum_quantity":null,"tiered_pricing_roles_data":[],"tiered_pricing_percentage_rules":[],"tiered_pricing_maximum_quantity":null,"tiered_pricing_quantity_step":null,"_links":{"self":[{"href":"https:\/\/nutrition4ushop.com\/pt\/wp-json\/wp\/v2\/product\/7988","targetHints":{"allow":["GET"]}}],"collection":[{"href":"https:\/\/nutrition4ushop.com\/pt\/wp-json\/wp\/v2\/product"}],"about":[{"href":"https:\/\/nutrition4ushop.com\/pt\/wp-json\/wp\/v2\/types\/product"}],"replies":[{"embeddable":true,"href":"https:\/\/nutrition4ushop.com\/pt\/wp-json\/wp\/v2\/comments?post=7988"}],"version-history":[{"count":2,"href":"https:\/\/nutrition4ushop.com\/pt\/wp-json\/wp\/v2\/product\/7988\/revisions"}],"predecessor-version":[{"id":9954,"href":"https:\/\/nutrition4ushop.com\/pt\/wp-json\/wp\/v2\/product\/7988\/revisions\/9954"}],"wp:featuredmedia":[{"embeddable":true,"href":"https:\/\/nutrition4ushop.com\/pt\/wp-json\/wp\/v2\/media\/10026"}],"wp:attachment":[{"href":"https:\/\/nutrition4ushop.com\/pt\/wp-json\/wp\/v2\/media?parent=7988"}],"wp:term":[{"taxonomy":"product_brand","embeddable":true,"href":"https:\/\/nutrition4ushop.com\/pt\/wp-json\/wp\/v2\/product_brand?post=7988"},{"taxonomy":"product_cat","embeddable":true,"href":"https:\/\/nutrition4ushop.com\/pt\/wp-json\/wp\/v2\/product_cat?post=7988"},{"taxonomy":"product_tag","embeddable":true,"href":"https:\/\/nutrition4ushop.com\/pt\/wp-json\/wp\/v2\/product_tag?post=7988"}],"curies":[{"name":"wp","href":"https:\/\/api.w.org\/{rel}","templated":true}]}}