{"id":7992,"date":"2024-02-03T12:27:56","date_gmt":"2024-02-03T12:27:56","guid":{"rendered":"https:\/\/nutrition4ushop.com\/product\/hydro-whey\/"},"modified":"2026-04-21T10:42:24","modified_gmt":"2026-04-21T10:42:24","slug":"hydro-whey","status":"publish","type":"product","link":"https:\/\/nutrition4ushop.com\/pt\/product\/hydro-whey\/","title":{"rendered":"HIDRO-REFRIGERA\u00c7\u00c3O"},"content":{"rendered":"<p><strong>Ingredientes:<\/strong><\/p>\n<ul>\n<li>100% Isolate de Prote\u00edna de Soro de Leite Hidrolisado<\/li>\n<li>Concentrado de Prote\u00edna de Soro de Leite<\/li>\n<li>L-Glicina<\/li>\n<li>Cacau em P\u00f3 Magro<\/li>\n<li>Aroma Espessantes (Goma de Guar, Goma Xantana)<\/li>\n<li>Cloreto de S\u00f3dio<\/li>\n<li>Ado\u00e7ante (Sucralose E955)<\/li>\n<\/ul>\n<p><strong>Como Usar:<\/strong> Mistura 1 colher (30g) com 300-400 ml de \u00e1gua fria. Agita vigorosamente e consome imediatamente ap\u00f3s o treino ou a qualquer altura que prefiras.<\/p>\n<p><strong>Armazenamento:<\/strong> Armazena num local fresco e seco ap\u00f3s a abertura.<\/p>\n<p><strong>Peso L\u00edquido:<\/strong><br \/>\n2 kg<\/p>\n<p><img fetchpriority=\"high\" decoding=\"async\" class=\"alignnone size-large wp-image-7725\" src=\"https:\/\/www.marvelousnutrition.com\/wp-content\/uploads\/2023\/01\/hydro-gadwel-2-1-gadwel-1024x536.png\" sizes=\"(max-width: 1024px) 100vw, 1024px\" srcset=\"https:\/\/www.marvelousnutrition.com\/wp-content\/uploads\/2023\/01\/hydro-gadwel-2-1-gadwel-1024x536.png 1024w, https:\/\/www.marvelousnutrition.com\/wp-content\/uploads\/2023\/01\/hydro-gadwel-2-1-gadwel-300x157.png 300w, https:\/\/www.marvelousnutrition.com\/wp-content\/uploads\/2023\/01\/hydro-gadwel-2-1-gadwel-768x402.png 768w, https:\/\/www.marvelousnutrition.com\/wp-content\/uploads\/2023\/01\/hydro-gadwel-2-1-gadwel-1536x804.png 1536w, https:\/\/www.marvelousnutrition.com\/wp-content\/uploads\/2023\/01\/hydro-gadwel-2-1-gadwel-2048x1072.png 2048w, https:\/\/www.marvelousnutrition.com\/wp-content\/uploads\/2023\/01\/hydro-gadwel-2-1-gadwel-172x90.png 172w, https:\/\/www.marvelousnutrition.com\/wp-content\/uploads\/2023\/01\/hydro-gadwel-2-1-gadwel-600x314.png 600w\" alt=\"\" width=\"1024\" height=\"536\" \/><br \/>\n<img decoding=\"async\" class=\"alignnone size-large wp-image-7723\" src=\"https:\/\/www.marvelousnutrition.com\/wp-content\/uploads\/2023\/01\/hydro-1-gadwel-648x1024.png\" sizes=\"(max-width: 648px) 100vw, 648px\" srcset=\"https:\/\/www.marvelousnutrition.com\/wp-content\/uploads\/2023\/01\/hydro-1-gadwel-648x1024.png 648w, https:\/\/www.marvelousnutrition.com\/wp-content\/uploads\/2023\/01\/hydro-1-gadwel-190x300.png 190w, https:\/\/www.marvelousnutrition.com\/wp-content\/uploads\/2023\/01\/hydro-1-gadwel-768x1214.png 768w, https:\/\/www.marvelousnutrition.com\/wp-content\/uploads\/2023\/01\/hydro-1-gadwel-972x1536.png 972w, https:\/\/www.marvelousnutrition.com\/wp-content\/uploads\/2023\/01\/hydro-1-gadwel-1296x2048.png 1296w, https:\/\/www.marvelousnutrition.com\/wp-content\/uploads\/2023\/01\/hydro-1-gadwel-57x90.png 57w, https:\/\/www.marvelousnutrition.com\/wp-content\/uploads\/2023\/01\/hydro-1-gadwel-600x948.png 600w, https:\/\/www.marvelousnutrition.com\/wp-content\/uploads\/2023\/01\/hydro-1-gadwel.png 1898w\" alt=\"\" width=\"648\" height=\"1024\" \/><\/p>","protected":false},"excerpt":{"rendered":"<p><strong>Hidro: Prote\u00edna Premium Biodispon\u00edvel<\/strong><\/p>\n<p>Hydro foi concebido para fornecer prote\u00edna de alta qualidade e de f\u00e1cil absor\u00e7\u00e3o para um crescimento e recupera\u00e7\u00e3o muscular \u00f3timos. Com EAAs (incluindo BCAAs) de ocorr\u00eancia natural, L-Glutamina e todos os amino\u00e1cidos essenciais, Hydro garante uma nutri\u00e7\u00e3o superior. Com baixo teor de gordura e sem adi\u00e7\u00e3o de a\u00e7\u00facares, \u00e9 a escolha perfeita para uma suplementa\u00e7\u00e3o limpa e eficaz.<\/p>","protected":false},"featured_media":10005,"comment_status":"open","ping_status":"closed","template":"","meta":{"site-sidebar-layout":"default","site-content-layout":"","ast-site-content-layout":"default","site-content-style":"default","site-sidebar-style":"default","ast-global-header-display":"","ast-banner-title-visibility":"","ast-main-header-display":"","ast-hfb-above-header-display":"","ast-hfb-below-header-display":"","ast-hfb-mobile-header-display":"","site-post-title":"","ast-breadcrumbs-content":"","ast-featured-img":"","footer-sml-layout":"","theme-transparent-header-meta":"default","adv-header-id-meta":"","stick-header-meta":"","header-above-stick-meta":"","header-main-stick-meta":"","header-below-stick-meta":"","astra-migrate-meta-layouts":"set","ast-page-background-enabled":"default","ast-page-background-meta":{"desktop":{"background-color":"var(--ast-global-color-4)","background-image":"","background-repeat":"repeat","background-position":"center center","background-size":"auto","background-attachment":"scroll","background-type":"","background-media":"","overlay-type":"","overlay-color":"","overlay-opacity":"","overlay-gradient":""},"tablet":{"background-color":"","background-image":"","background-repeat":"repeat","background-position":"center center","background-size":"auto","background-attachment":"scroll","background-type":"","background-media":"","overlay-type":"","overlay-color":"","overlay-opacity":"","overlay-gradient":""},"mobile":{"background-color":"","background-image":"","background-repeat":"repeat","background-position":"center center","background-size":"auto","background-attachment":"scroll","background-type":"","background-media":"","overlay-type":"","overlay-color":"","overlay-opacity":"","overlay-gradient":""}},"ast-content-background-meta":{"desktop":{"background-color":"var(--ast-global-color-5)","background-image":"","background-repeat":"repeat","background-position":"center center","background-size":"auto","background-attachment":"scroll","background-type":"","background-media":"","overlay-type":"","overlay-color":"","overlay-opacity":"","overlay-gradient":""},"tablet":{"background-color":"var(--ast-global-color-5)","background-image":"","background-repeat":"repeat","background-position":"center center","background-size":"auto","background-attachment":"scroll","background-type":"","background-media":"","overlay-type":"","overlay-color":"","overlay-opacity":"","overlay-gradient":""},"mobile":{"background-color":"var(--ast-global-color-5)","background-image":"","background-repeat":"repeat","background-position":"center center","background-size":"auto","background-attachment":"scroll","background-type":"","background-media":"","overlay-type":"","overlay-color":"","overlay-opacity":"","overlay-gradient":""}}},"product_brand":[207],"product_cat":[280],"product_tag":[],"class_list":{"0":"post-7992","1":"product","2":"type-product","3":"status-publish","4":"has-post-thumbnail","6":"product_brand-marvelous-originals","7":"product_cat-protein","8":"desktop-align-center","9":"tablet-align-left","10":"mobile-align-left","12":"first","13":"instock","14":"shipping-taxable","15":"purchasable","16":"product-type-variable"},"yoast_head":"<!-- This site is optimized with the Yoast SEO Premium plugin v27.0 (Yoast SEO v27.0) - https:\/\/yoast.com\/product\/yoast-seo-premium-wordpress\/ -->\n<title>HYDRO WHEY<\/title>\n<meta name=\"robots\" content=\"index, follow, max-snippet:-1, max-image-preview:large, max-video-preview:-1\" \/>\n<link rel=\"canonical\" href=\"https:\/\/nutrition4ushop.com\/pt\/produto\/hydro-whey\/\" \/>\n<meta property=\"og:locale\" content=\"pt_PT\" \/>\n<meta property=\"og:type\" content=\"article\" \/>\n<meta property=\"og:title\" content=\"HYDRO WHEY\" \/>\n<meta property=\"og:description\" content=\"Hydro: Premium Bioavailable Protein  Hydro is designed to deliver high-quality, easily absorbed protein for optimal muscle growth and recovery. Packed with naturally occurring EAAs (including BCAAs), L-Glutamine, and all essential amino acids, Hydro ensures superior nutrition. With low fat and no added sugars, it\u2019s the perfect choice for clean, effective supplementation.\" \/>\n<meta property=\"og:url\" content=\"https:\/\/nutrition4ushop.com\/pt\/produto\/hydro-whey\/\" \/>\n<meta property=\"og:site_name\" content=\"Nutrition4u\" \/>\n<meta property=\"article:publisher\" content=\"https:\/\/www.facebook.com\/p\/Nutrition4u-100063511002565\" \/>\n<meta property=\"article:modified_time\" content=\"2026-04-21T10:42:24+00:00\" \/>\n<meta property=\"og:image\" content=\"https:\/\/nutrition4ushop.com\/wp-content\/uploads\/2025\/01\/Protein6.png\" \/>\n\t<meta property=\"og:image:width\" content=\"1080\" \/>\n\t<meta property=\"og:image:height\" content=\"1080\" \/>\n\t<meta property=\"og:image:type\" content=\"image\/png\" \/>\n<meta name=\"twitter:card\" content=\"summary_large_image\" \/>\n<meta name=\"twitter:label1\" content=\"Disponibilidade\" \/>\n\t<meta name=\"twitter:data1\" content=\"Em stock\" \/>\n<script type=\"application\/ld+json\" class=\"yoast-schema-graph\">{\"@context\":\"https:\/\/schema.org\",\"@graph\":[{\"@type\":\"WebPage\",\"@id\":\"https:\/\/nutrition4ushop.com\/product\/hydro-whey\/\",\"url\":\"https:\/\/nutrition4ushop.com\/product\/hydro-whey\/\",\"name\":\"HYDRO WHEY\",\"isPartOf\":{\"@id\":\"https:\/\/nutrition4ushop.com\/#website\"},\"primaryImageOfPage\":{\"@id\":\"https:\/\/nutrition4ushop.com\/product\/hydro-whey\/#primaryimage\"},\"image\":{\"@id\":\"https:\/\/nutrition4ushop.com\/product\/hydro-whey\/#primaryimage\"},\"thumbnailUrl\":\"https:\/\/nutrition4ushop.com\/wp-content\/uploads\/2025\/01\/Protein6.png\",\"datePublished\":\"2024-02-03T12:27:56+00:00\",\"dateModified\":\"2026-04-21T10:42:24+00:00\",\"breadcrumb\":{\"@id\":\"https:\/\/nutrition4ushop.com\/product\/hydro-whey\/#breadcrumb\"},\"inLanguage\":\"pt-PT\",\"potentialAction\":[{\"@type\":\"ReadAction\",\"target\":[\"https:\/\/nutrition4ushop.com\/product\/hydro-whey\/\"]}]},{\"@type\":\"ImageObject\",\"inLanguage\":\"pt-PT\",\"@id\":\"https:\/\/nutrition4ushop.com\/product\/hydro-whey\/#primaryimage\",\"url\":\"https:\/\/nutrition4ushop.com\/wp-content\/uploads\/2025\/01\/Protein6.png\",\"contentUrl\":\"https:\/\/nutrition4ushop.com\/wp-content\/uploads\/2025\/01\/Protein6.png\",\"width\":1080,\"height\":1080},{\"@type\":\"BreadcrumbList\",\"@id\":\"https:\/\/nutrition4ushop.com\/product\/hydro-whey\/#breadcrumb\",\"itemListElement\":[{\"@type\":\"ListItem\",\"position\":1,\"name\":\"Home\",\"item\":\"https:\/\/nutrition4ushop.com\/\"},{\"@type\":\"ListItem\",\"position\":2,\"name\":\"Shop\",\"item\":\"https:\/\/nutrition4ushop.com\/shop\/\"},{\"@type\":\"ListItem\",\"position\":3,\"name\":\"HYDRO WHEY\"}]},{\"@type\":\"WebSite\",\"@id\":\"https:\/\/nutrition4ushop.com\/#website\",\"url\":\"https:\/\/nutrition4ushop.com\/\",\"name\":\"Nutrition4u\",\"description\":\"\",\"publisher\":{\"@id\":\"https:\/\/nutrition4ushop.com\/#organization\"},\"potentialAction\":[{\"@type\":\"SearchAction\",\"target\":{\"@type\":\"EntryPoint\",\"urlTemplate\":\"https:\/\/nutrition4ushop.com\/?s={search_term_string}\"},\"query-input\":{\"@type\":\"PropertyValueSpecification\",\"valueRequired\":true,\"valueName\":\"search_term_string\"}}],\"inLanguage\":\"pt-PT\"},{\"@type\":[\"Organization\",\"Place\",\"SportingGoodsStore\"],\"@id\":\"https:\/\/nutrition4ushop.com\/#organization\",\"name\":\"Nutrition4u\",\"alternateName\":\"Nutrition4u\",\"url\":\"https:\/\/nutrition4ushop.com\/\",\"logo\":{\"@id\":\"https:\/\/nutrition4ushop.com\/product\/hydro-whey\/#local-main-organization-logo\"},\"image\":{\"@id\":\"https:\/\/nutrition4ushop.com\/product\/hydro-whey\/#local-main-organization-logo\"},\"sameAs\":[\"https:\/\/www.facebook.com\/p\/Nutrition4u-100063511002565\",\"https:\/\/www.instagram.com\/nutrition4u_by_rubengarradas\/\"],\"description\":\"Suplementos de qualidade. Suplementos e vitaminas Procell , Marvelous e muito mais. NUTRITION4U suplementos para todo o tipo de pessoas e atletas.\",\"publishingPrinciples\":\"https:\/\/nutrition4ushop.com\/about-us\/\",\"ownershipFundingInfo\":\"https:\/\/nutrition4ushop.com\/train-with-ruben-garradas\/\",\"actionableFeedbackPolicy\":\"https:\/\/nutrition4ushop.com\/cookies-policy\/\",\"ethicsPolicy\":\"https:\/\/nutrition4ushop.com\/terms-and-conditions\/\",\"address\":{\"@id\":\"https:\/\/nutrition4ushop.com\/product\/hydro-whey\/#local-main-place-address\"},\"telephone\":[],\"openingHoursSpecification\":[]},{\"@type\":\"PostalAddress\",\"@id\":\"https:\/\/nutrition4ushop.com\/product\/hydro-whey\/#local-main-place-address\",\"streetAddress\":\"R. 1\u00ba de Maio n\u00b035 Loja 221\",\"addressLocality\":\"Amora\",\"postalCode\":\"2845-162\",\"addressRegion\":\"Set\u00fabal\",\"addressCountry\":\"PT\"},{\"@type\":\"ImageObject\",\"inLanguage\":\"pt-PT\",\"@id\":\"https:\/\/nutrition4ushop.com\/product\/hydro-whey\/#local-main-organization-logo\",\"url\":\"https:\/\/nutrition4ushop.com\/wp-content\/uploads\/2024\/02\/WhatsApp-Image-2024-02-02-at-5.49.55-PM-1.jpeg\",\"contentUrl\":\"https:\/\/nutrition4ushop.com\/wp-content\/uploads\/2024\/02\/WhatsApp-Image-2024-02-02-at-5.49.55-PM-1.jpeg\",\"width\":1416,\"height\":1476,\"caption\":\"Nutrition4u\"}]}<\/script>\n<meta property=\"og:availability\" content=\"instock\" \/>\n<meta property=\"product:availability\" content=\"instock\" \/>\n<meta property=\"product:condition\" content=\"new\" \/>\n<meta name=\"geo.placename\" content=\"Amora\" \/>\n<meta name=\"geo.region\" content=\"Portugal\" \/>\n<!-- \/ Yoast SEO Premium plugin. -->","yoast_head_json":{"title":"HIDRO-REFRIGERA\u00c7\u00c3O","robots":{"index":"index","follow":"follow","max-snippet":"max-snippet:-1","max-image-preview":"max-image-preview:large","max-video-preview":"max-video-preview:-1"},"canonical":"https:\/\/nutrition4ushop.com\/pt\/produto\/hydro-whey\/","og_locale":"pt_PT","og_type":"article","og_title":"HYDRO WHEY","og_description":"Hydro: Premium Bioavailable Protein  Hydro is designed to deliver high-quality, easily absorbed protein for optimal muscle growth and recovery. Packed with naturally occurring EAAs (including BCAAs), L-Glutamine, and all essential amino acids, Hydro ensures superior nutrition. With low fat and no added sugars, it\u2019s the perfect choice for clean, effective supplementation.","og_url":"https:\/\/nutrition4ushop.com\/pt\/produto\/hydro-whey\/","og_site_name":"Nutrition4u","article_publisher":"https:\/\/www.facebook.com\/p\/Nutrition4u-100063511002565","article_modified_time":"2026-04-21T10:42:24+00:00","og_image":[{"width":1080,"height":1080,"url":"https:\/\/nutrition4ushop.com\/wp-content\/uploads\/2025\/01\/Protein6.png","type":"image\/png"}],"twitter_card":"summary_large_image","twitter_misc":{"Disponibilidade":"Em stock"},"schema":{"@context":"https:\/\/schema.org","@graph":[{"@type":"WebPage","@id":"https:\/\/nutrition4ushop.com\/product\/hydro-whey\/","url":"https:\/\/nutrition4ushop.com\/product\/hydro-whey\/","name":"HIDRO-REFRIGERA\u00c7\u00c3O","isPartOf":{"@id":"https:\/\/nutrition4ushop.com\/#website"},"primaryImageOfPage":{"@id":"https:\/\/nutrition4ushop.com\/product\/hydro-whey\/#primaryimage"},"image":{"@id":"https:\/\/nutrition4ushop.com\/product\/hydro-whey\/#primaryimage"},"thumbnailUrl":"https:\/\/nutrition4ushop.com\/wp-content\/uploads\/2025\/01\/Protein6.png","datePublished":"2024-02-03T12:27:56+00:00","dateModified":"2026-04-21T10:42:24+00:00","breadcrumb":{"@id":"https:\/\/nutrition4ushop.com\/product\/hydro-whey\/#breadcrumb"},"inLanguage":"pt-PT","potentialAction":[{"@type":"ReadAction","target":["https:\/\/nutrition4ushop.com\/product\/hydro-whey\/"]}]},{"@type":"ImageObject","inLanguage":"pt-PT","@id":"https:\/\/nutrition4ushop.com\/product\/hydro-whey\/#primaryimage","url":"https:\/\/nutrition4ushop.com\/wp-content\/uploads\/2025\/01\/Protein6.png","contentUrl":"https:\/\/nutrition4ushop.com\/wp-content\/uploads\/2025\/01\/Protein6.png","width":1080,"height":1080},{"@type":"BreadcrumbList","@id":"https:\/\/nutrition4ushop.com\/product\/hydro-whey\/#breadcrumb","itemListElement":[{"@type":"ListItem","position":1,"name":"Home","item":"https:\/\/nutrition4ushop.com\/"},{"@type":"ListItem","position":2,"name":"Shop","item":"https:\/\/nutrition4ushop.com\/shop\/"},{"@type":"ListItem","position":3,"name":"HYDRO WHEY"}]},{"@type":"WebSite","@id":"https:\/\/nutrition4ushop.com\/#website","url":"https:\/\/nutrition4ushop.com\/","name":"Nutri\u00e7\u00e3o4u","description":"","publisher":{"@id":"https:\/\/nutrition4ushop.com\/#organization"},"potentialAction":[{"@type":"SearchAction","target":{"@type":"EntryPoint","urlTemplate":"https:\/\/nutrition4ushop.com\/?s={search_term_string}"},"query-input":{"@type":"PropertyValueSpecification","valueRequired":true,"valueName":"search_term_string"}}],"inLanguage":"pt-PT"},{"@type":["Organization","Place","SportingGoodsStore"],"@id":"https:\/\/nutrition4ushop.com\/#organization","name":"Nutri\u00e7\u00e3o4u","alternateName":"Nutrition4u","url":"https:\/\/nutrition4ushop.com\/","logo":{"@id":"https:\/\/nutrition4ushop.com\/product\/hydro-whey\/#local-main-organization-logo"},"image":{"@id":"https:\/\/nutrition4ushop.com\/product\/hydro-whey\/#local-main-organization-logo"},"sameAs":["https:\/\/www.facebook.com\/p\/Nutrition4u-100063511002565","https:\/\/www.instagram.com\/nutrition4u_by_rubengarradas\/"],"description":"Suplementos de qualidade. Suplementos e vitaminas Procell , Marvelous e muito mais. NUTRITION4U suplementos para todo o tipo de pessoas e atletas.","publishingPrinciples":"https:\/\/nutrition4ushop.com\/about-us\/","ownershipFundingInfo":"https:\/\/nutrition4ushop.com\/train-with-ruben-garradas\/","actionableFeedbackPolicy":"https:\/\/nutrition4ushop.com\/cookies-policy\/","ethicsPolicy":"https:\/\/nutrition4ushop.com\/terms-and-conditions\/","address":{"@id":"https:\/\/nutrition4ushop.com\/product\/hydro-whey\/#local-main-place-address"},"telephone":[],"openingHoursSpecification":[]},{"@type":"PostalAddress","@id":"https:\/\/nutrition4ushop.com\/product\/hydro-whey\/#local-main-place-address","streetAddress":"R. 1\u00ba de Maio n\u00b035 Loja 221","addressLocality":"Amora","postalCode":"2845-162","addressRegion":"Set\u00fabal","addressCountry":"PT"},{"@type":"ImageObject","inLanguage":"pt-PT","@id":"https:\/\/nutrition4ushop.com\/product\/hydro-whey\/#local-main-organization-logo","url":"https:\/\/nutrition4ushop.com\/wp-content\/uploads\/2024\/02\/WhatsApp-Image-2024-02-02-at-5.49.55-PM-1.jpeg","contentUrl":"https:\/\/nutrition4ushop.com\/wp-content\/uploads\/2024\/02\/WhatsApp-Image-2024-02-02-at-5.49.55-PM-1.jpeg","width":1416,"height":1476,"caption":"Nutrition4u"}]},"og_availability":"instock","product_availability":"instock","product_condition":"new","geo.placename":"Amora","geo.region":"Portugal"},"publishpress_future_action":{"enabled":false,"date":"2026-05-05 15:34:08","action":"change-status","newStatus":"draft","terms":[],"taxonomy":"product_brand","extraData":[]},"publishpress_future_workflow_manual_trigger":{"enabledWorkflows":[]},"tiered_pricing_type":"fixed","tiered_pricing_fixed_rules":[],"tiered_pricing_product_settings":{"layout":"default","base_unit_name":{"singular":null,"plural":null},"default_variation":null},"tiered_pricing_minimum_quantity":null,"tiered_pricing_roles_data":[],"tiered_pricing_percentage_rules":[],"tiered_pricing_maximum_quantity":null,"tiered_pricing_quantity_step":null,"_links":{"self":[{"href":"https:\/\/nutrition4ushop.com\/pt\/wp-json\/wp\/v2\/product\/7992","targetHints":{"allow":["GET"]}}],"collection":[{"href":"https:\/\/nutrition4ushop.com\/pt\/wp-json\/wp\/v2\/product"}],"about":[{"href":"https:\/\/nutrition4ushop.com\/pt\/wp-json\/wp\/v2\/types\/product"}],"replies":[{"embeddable":true,"href":"https:\/\/nutrition4ushop.com\/pt\/wp-json\/wp\/v2\/comments?post=7992"}],"version-history":[{"count":3,"href":"https:\/\/nutrition4ushop.com\/pt\/wp-json\/wp\/v2\/product\/7992\/revisions"}],"predecessor-version":[{"id":9846,"href":"https:\/\/nutrition4ushop.com\/pt\/wp-json\/wp\/v2\/product\/7992\/revisions\/9846"}],"wp:featuredmedia":[{"embeddable":true,"href":"https:\/\/nutrition4ushop.com\/pt\/wp-json\/wp\/v2\/media\/10005"}],"wp:attachment":[{"href":"https:\/\/nutrition4ushop.com\/pt\/wp-json\/wp\/v2\/media?parent=7992"}],"wp:term":[{"taxonomy":"product_brand","embeddable":true,"href":"https:\/\/nutrition4ushop.com\/pt\/wp-json\/wp\/v2\/product_brand?post=7992"},{"taxonomy":"product_cat","embeddable":true,"href":"https:\/\/nutrition4ushop.com\/pt\/wp-json\/wp\/v2\/product_cat?post=7992"},{"taxonomy":"product_tag","embeddable":true,"href":"https:\/\/nutrition4ushop.com\/pt\/wp-json\/wp\/v2\/product_tag?post=7992"}],"curies":[{"name":"wp","href":"https:\/\/api.w.org\/{rel}","templated":true}]}}