{"id":7998,"date":"2024-02-03T12:27:57","date_gmt":"2024-02-03T12:27:57","guid":{"rendered":"https:\/\/nutrition4ushop.com\/product\/experiment-pre-treino\/"},"modified":"2025-06-26T15:51:45","modified_gmt":"2025-06-26T15:51:45","slug":"experiment","status":"publish","type":"product","link":"https:\/\/nutrition4ushop.com\/pt\/product\/experiment\/","title":{"rendered":"EXPERIMENTA\u00c7\u00c3O"},"content":{"rendered":"<h6>Introdu\u00e7\u00e3o ao Produto:<\/h6>\n<p>O pr\u00e9-treino Experiment \u00e9 o resultado de experi\u00eancias de treino reais, n\u00e3o apenas de laborat\u00f3rios! Experimenta a sensa\u00e7\u00e3o de seres um super-her\u00f3i. Com uma mistura complexa de ingredientes puros, de grau ultra-farmac\u00eautico, que impulsionam a energia do corpo e levar\u00e3o a tua sess\u00e3o de treino a n\u00edveis que nunca imaginaste.<\/p>\n<p>Experiment \u00e9 um pr\u00e9-treino com dosagem completa e altamente eficaz que te dar\u00e1 exatamente o que queres \u2013\u00a0<strong>resultados!<\/strong>\u00a0Melhor ainda, s\u00e3o resultados que melhorar\u00e3o quanto mais o usares! Com dosagens orientadas por pesquisa que atuam sinergicamente para produzir resultados superiores, impulsionar\u00e1 a tua motiva\u00e7\u00e3o extrema atrav\u00e9s de uma poderosa mistura de estimulantes intensos e um foco avan\u00e7ado atrav\u00e9s de agentes de melhoria cognitiva.<\/p>\n<p>A motiva\u00e7\u00e3o intensa leva-te ao gin\u00e1sio e o foco extremo mant\u00e9m-te l\u00e1.<\/p>\n<p>&nbsp;<\/p>\n<h6>Benef\u00edcios do produto:<\/h6>\n<p><strong>\u2013 Estimula a produ\u00e7\u00e3o de \u00f3xido n\u00edtrico<\/strong><\/p>\n<p><strong>\u2013 Energia, pot\u00eancia e resist\u00eancia melhoradas<\/strong><\/p>\n<p><strong>\u2013 Pump e circula\u00e7\u00e3o sangu\u00ednea amplificados<\/strong><\/p>\n<p><strong>\u2013 Foco potenciado para a liga\u00e7\u00e3o mente-m\u00fasculo<\/strong><\/p>\n<p><strong>\u2013 Sabores excelentes \u2013 como rebu\u00e7ado<\/strong><\/p>\n<p>&nbsp;<\/p>\n<h6>Ci\u00eancia por detr\u00e1s da f\u00f3rmula:<\/h6>\n<ul>\n<li><strong>Citrulina Malato + AAKG\u00a0<\/strong>: (\u00a0<em>Malato de L-Citrulina2:1 e Arginina AKG 2:1<\/em>: (L-Citrulina malato 2:1 e Arginina AKG 2:1) Mistura com propor\u00e7\u00e3o 2:1. Demonstrou ser mais eficaz no aumento dos n\u00edveis de arginina no sangue (biodisponibilidade) do que a suplementa\u00e7\u00e3o isolada com citrulina malato ou L-Arginina. Com uma maior produ\u00e7\u00e3o de \u00f3xido n\u00edtrico, vem um maior fluxo sangu\u00edneo, juntamente com a entrega adicional de oxig\u00e9nio e nutrientes aos teus m\u00fasculos, fornecendo-lhes os nutrientes necess\u00e1rios para um desempenho \u00f3timo. Investiga\u00e7\u00f5es adicionais sobre a L-Citrulina indicam que pode melhorar a cin\u00e9tica do VO2, bem como a produ\u00e7\u00e3o de ATP, promovendo maior resist\u00eancia e desempenho atl\u00e9tico, assim como massa corporal magra!<\/li>\n<li><strong>Beta Alanina<\/strong>\u00a0: A beta alanina \u00e9 um poderoso amino\u00e1cido que ajuda a aumentar a resist\u00eancia e a endurance, aumentando as concentra\u00e7\u00f5es musculares de carnosina. A carnosina \u00e9 um poderoso tamp\u00e3o intracelular que ajuda a eliminar i\u00f5es \u00e1cidos que se acumulam durante contra\u00e7\u00f5es musculares repetidas. Estes i\u00f5es \u00e1cidos contribuem para a sensa\u00e7\u00e3o de \u201cqueimadura\u201d que sentes durante o treino, o que induz a sensa\u00e7\u00e3o de fadiga. Mas esta acumula\u00e7\u00e3o de i\u00f5es \u00e1cidos tamb\u00e9m inibe a capacidade do m\u00fasculo de contrair repetidamente. Eventualmente, demasiados destes i\u00f5es acumulam-se e os m\u00fasculos deixam de contrair. Ao aumentar as concentra\u00e7\u00f5es intramusculares de carnosina (atrav\u00e9s da suplementa\u00e7\u00e3o de beta alanina), a capacidade dos m\u00fasculos de tamponar estes i\u00f5es \u00e1cidos \u00e9 melhorada, permitindo que mais trabalho seja conclu\u00eddo antes que a fadiga se instale.<\/li>\n<li><strong>Bitartarato de Colina:\u00a0<\/strong>A colina \u00e9 um nutriente essencial que desempenha um papel fundamental no desenvolvimento cognitivo, movimento muscular e na estrutura das membranas celulares. Tamb\u00e9m serve como bloco de constru\u00e7\u00e3o para o \"<em>neurotransmissor da aprendizagem\u201d,<\/em>a acetilcolina, que \u00e9 bem conhecida por influenciar o foco, a aprendizagem, a mem\u00f3ria e a \u201cliga\u00e7\u00e3o mente-m\u00fasculo\u201d. A suplementa\u00e7\u00e3o com colina ajuda a apoiar a produ\u00e7\u00e3o de acetilcolina no corpo, promovendo maior foco e uma liga\u00e7\u00e3o mente-m\u00fasculo mais forte durante o treino.<\/li>\n<li><strong>Cafe\u00edna:<\/strong>\u00a0A cafe\u00edna \u00e9 \u00f3tima para aumentar a energia mental, o foco e a concentra\u00e7\u00e3o. \u00c9 tamb\u00e9m \u00fatil para auxiliar na perda de gordura, uma vez que a cafe\u00edna tem sido referida em v\u00e1rios ensaios de investiga\u00e7\u00e3o.<\/li>\n<\/ul>\n<p><img fetchpriority=\"high\" decoding=\"async\" class=\"alignnone size-large wp-image-7751\" src=\"https:\/\/www.marvelousnutrition.com\/wp-content\/uploads\/2019\/09\/expermint-gadwel-1024x602.png\" sizes=\"(max-width: 1024px) 100vw, 1024px\" srcset=\"https:\/\/www.marvelousnutrition.com\/wp-content\/uploads\/2019\/09\/expermint-gadwel-1024x602.png 1024w, https:\/\/www.marvelousnutrition.com\/wp-content\/uploads\/2019\/09\/expermint-gadwel-300x176.png 300w, https:\/\/www.marvelousnutrition.com\/wp-content\/uploads\/2019\/09\/expermint-gadwel-768x452.png 768w, https:\/\/www.marvelousnutrition.com\/wp-content\/uploads\/2019\/09\/expermint-gadwel-1536x903.png 1536w, https:\/\/www.marvelousnutrition.com\/wp-content\/uploads\/2019\/09\/expermint-gadwel-2048x1204.png 2048w, https:\/\/www.marvelousnutrition.com\/wp-content\/uploads\/2019\/09\/expermint-gadwel-153x90.png 153w, https:\/\/www.marvelousnutrition.com\/wp-content\/uploads\/2019\/09\/expermint-gadwel-600x353.png 600w\" alt=\"\" width=\"1024\" height=\"602\" \/><\/p>","protected":false},"excerpt":{"rendered":"<p><strong>Experi\u00eancia pr\u00e9-treino<\/strong><\/p>\n<p>O Experiment Pr\u00e9-Treino \u00e9 o resultado de experi\u00eancias de treino reais, n\u00e3o apenas de trabalho de laborat\u00f3rio! Sente-te como um super-her\u00f3i com esta poderosa mistura de ingredientes puros e de grau ultra-farmac\u00eautico, concebida para impulsionar a tua energia e levar o teu treino a n\u00edveis sem precedentes. Prepara-te para experimentar um treino como nunca antes!<\/p>","protected":false},"featured_media":10009,"comment_status":"open","ping_status":"closed","template":"","meta":{"site-sidebar-layout":"default","site-content-layout":"","ast-site-content-layout":"default","site-content-style":"default","site-sidebar-style":"default","ast-global-header-display":"","ast-banner-title-visibility":"","ast-main-header-display":"","ast-hfb-above-header-display":"","ast-hfb-below-header-display":"","ast-hfb-mobile-header-display":"","site-post-title":"","ast-breadcrumbs-content":"","ast-featured-img":"","footer-sml-layout":"","theme-transparent-header-meta":"default","adv-header-id-meta":"","stick-header-meta":"","header-above-stick-meta":"","header-main-stick-meta":"","header-below-stick-meta":"","astra-migrate-meta-layouts":"set","ast-page-background-enabled":"default","ast-page-background-meta":{"desktop":{"background-color":"var(--ast-global-color-4)","background-image":"","background-repeat":"repeat","background-position":"center center","background-size":"auto","background-attachment":"scroll","background-type":"","background-media":"","overlay-type":"","overlay-color":"","overlay-opacity":"","overlay-gradient":""},"tablet":{"background-color":"","background-image":"","background-repeat":"repeat","background-position":"center center","background-size":"auto","background-attachment":"scroll","background-type":"","background-media":"","overlay-type":"","overlay-color":"","overlay-opacity":"","overlay-gradient":""},"mobile":{"background-color":"","background-image":"","background-repeat":"repeat","background-position":"center center","background-size":"auto","background-attachment":"scroll","background-type":"","background-media":"","overlay-type":"","overlay-color":"","overlay-opacity":"","overlay-gradient":""}},"ast-content-background-meta":{"desktop":{"background-color":"var(--ast-global-color-5)","background-image":"","background-repeat":"repeat","background-position":"center center","background-size":"auto","background-attachment":"scroll","background-type":"","background-media":"","overlay-type":"","overlay-color":"","overlay-opacity":"","overlay-gradient":""},"tablet":{"background-color":"var(--ast-global-color-5)","background-image":"","background-repeat":"repeat","background-position":"center center","background-size":"auto","background-attachment":"scroll","background-type":"","background-media":"","overlay-type":"","overlay-color":"","overlay-opacity":"","overlay-gradient":""},"mobile":{"background-color":"var(--ast-global-color-5)","background-image":"","background-repeat":"repeat","background-position":"center center","background-size":"auto","background-attachment":"scroll","background-type":"","background-media":"","overlay-type":"","overlay-color":"","overlay-opacity":"","overlay-gradient":""}}},"product_brand":[207],"product_cat":[281],"product_tag":[],"class_list":{"0":"post-7998","1":"product","2":"type-product","3":"status-publish","4":"has-post-thumbnail","6":"product_brand-marvelous-originals","7":"product_cat-pre-workout-and-pump","8":"desktop-align-center","9":"tablet-align-left","10":"mobile-align-left","12":"first","13":"instock","14":"shipping-taxable","15":"purchasable","16":"product-type-variable"},"yoast_head":"<!-- This site is optimized with the Yoast SEO Premium plugin v27.0 (Yoast SEO v27.0) - https:\/\/yoast.com\/product\/yoast-seo-premium-wordpress\/ -->\n<title>EXPERIMENT<\/title>\n<meta name=\"robots\" content=\"index, follow, max-snippet:-1, max-image-preview:large, max-video-preview:-1\" \/>\n<link rel=\"canonical\" href=\"https:\/\/nutrition4ushop.com\/pt\/produto\/experiment\/\" \/>\n<meta property=\"og:locale\" content=\"pt_PT\" \/>\n<meta property=\"og:type\" content=\"article\" \/>\n<meta property=\"og:title\" content=\"EXPERIMENT\" \/>\n<meta property=\"og:description\" content=\"Experiment Pre-Workout  Experiment Pre-Workout is the result of real training experiments, not just lab work! Feel like a superhero with this powerful blend of pure, ultra-pharmaceutical grade ingredients designed to boost your energy and push your training to unprecedented levels. Get ready to experience a workout like never before!\" \/>\n<meta property=\"og:url\" content=\"https:\/\/nutrition4ushop.com\/pt\/produto\/experiment\/\" \/>\n<meta property=\"og:site_name\" content=\"Nutrition4u\" \/>\n<meta property=\"article:publisher\" content=\"https:\/\/www.facebook.com\/p\/Nutrition4u-100063511002565\" \/>\n<meta property=\"article:modified_time\" content=\"2025-06-26T15:51:45+00:00\" \/>\n<meta property=\"og:image\" content=\"https:\/\/nutrition4ushop.com\/wp-content\/uploads\/2024\/02\/Preworkout-and-pump3.png\" \/>\n\t<meta property=\"og:image:width\" content=\"1080\" \/>\n\t<meta property=\"og:image:height\" content=\"1080\" \/>\n\t<meta property=\"og:image:type\" content=\"image\/png\" \/>\n<meta name=\"twitter:card\" content=\"summary_large_image\" \/>\n<meta name=\"twitter:label1\" content=\"Disponibilidade\" \/>\n\t<meta name=\"twitter:data1\" content=\"Em stock\" \/>\n<script type=\"application\/ld+json\" class=\"yoast-schema-graph\">{\"@context\":\"https:\/\/schema.org\",\"@graph\":[{\"@type\":\"WebPage\",\"@id\":\"https:\/\/nutrition4ushop.com\/product\/experiment\/\",\"url\":\"https:\/\/nutrition4ushop.com\/product\/experiment\/\",\"name\":\"EXPERIMENT\",\"isPartOf\":{\"@id\":\"https:\/\/nutrition4ushop.com\/#website\"},\"primaryImageOfPage\":{\"@id\":\"https:\/\/nutrition4ushop.com\/product\/experiment\/#primaryimage\"},\"image\":{\"@id\":\"https:\/\/nutrition4ushop.com\/product\/experiment\/#primaryimage\"},\"thumbnailUrl\":\"https:\/\/nutrition4ushop.com\/wp-content\/uploads\/2024\/02\/Preworkout-and-pump3.png\",\"datePublished\":\"2024-02-03T12:27:57+00:00\",\"dateModified\":\"2025-06-26T15:51:45+00:00\",\"breadcrumb\":{\"@id\":\"https:\/\/nutrition4ushop.com\/product\/experiment\/#breadcrumb\"},\"inLanguage\":\"pt-PT\",\"potentialAction\":[{\"@type\":\"ReadAction\",\"target\":[\"https:\/\/nutrition4ushop.com\/product\/experiment\/\"]}]},{\"@type\":\"ImageObject\",\"inLanguage\":\"pt-PT\",\"@id\":\"https:\/\/nutrition4ushop.com\/product\/experiment\/#primaryimage\",\"url\":\"https:\/\/nutrition4ushop.com\/wp-content\/uploads\/2024\/02\/Preworkout-and-pump3.png\",\"contentUrl\":\"https:\/\/nutrition4ushop.com\/wp-content\/uploads\/2024\/02\/Preworkout-and-pump3.png\",\"width\":1080,\"height\":1080},{\"@type\":\"BreadcrumbList\",\"@id\":\"https:\/\/nutrition4ushop.com\/product\/experiment\/#breadcrumb\",\"itemListElement\":[{\"@type\":\"ListItem\",\"position\":1,\"name\":\"Home\",\"item\":\"https:\/\/nutrition4ushop.com\/\"},{\"@type\":\"ListItem\",\"position\":2,\"name\":\"Shop\",\"item\":\"https:\/\/nutrition4ushop.com\/shop\/\"},{\"@type\":\"ListItem\",\"position\":3,\"name\":\"EXPERIMENT\"}]},{\"@type\":\"WebSite\",\"@id\":\"https:\/\/nutrition4ushop.com\/#website\",\"url\":\"https:\/\/nutrition4ushop.com\/\",\"name\":\"Nutrition4u\",\"description\":\"\",\"publisher\":{\"@id\":\"https:\/\/nutrition4ushop.com\/#organization\"},\"potentialAction\":[{\"@type\":\"SearchAction\",\"target\":{\"@type\":\"EntryPoint\",\"urlTemplate\":\"https:\/\/nutrition4ushop.com\/?s={search_term_string}\"},\"query-input\":{\"@type\":\"PropertyValueSpecification\",\"valueRequired\":true,\"valueName\":\"search_term_string\"}}],\"inLanguage\":\"pt-PT\"},{\"@type\":[\"Organization\",\"Place\",\"SportingGoodsStore\"],\"@id\":\"https:\/\/nutrition4ushop.com\/#organization\",\"name\":\"Nutrition4u\",\"alternateName\":\"Nutrition4u\",\"url\":\"https:\/\/nutrition4ushop.com\/\",\"logo\":{\"@id\":\"https:\/\/nutrition4ushop.com\/product\/experiment\/#local-main-organization-logo\"},\"image\":{\"@id\":\"https:\/\/nutrition4ushop.com\/product\/experiment\/#local-main-organization-logo\"},\"sameAs\":[\"https:\/\/www.facebook.com\/p\/Nutrition4u-100063511002565\",\"https:\/\/www.instagram.com\/nutrition4u_by_rubengarradas\/\"],\"description\":\"Suplementos de qualidade. Suplementos e vitaminas Procell , Marvelous e muito mais. NUTRITION4U suplementos para todo o tipo de pessoas e atletas.\",\"publishingPrinciples\":\"https:\/\/nutrition4ushop.com\/about-us\/\",\"ownershipFundingInfo\":\"https:\/\/nutrition4ushop.com\/train-with-ruben-garradas\/\",\"actionableFeedbackPolicy\":\"https:\/\/nutrition4ushop.com\/cookies-policy\/\",\"ethicsPolicy\":\"https:\/\/nutrition4ushop.com\/terms-and-conditions\/\",\"address\":{\"@id\":\"https:\/\/nutrition4ushop.com\/product\/experiment\/#local-main-place-address\"},\"telephone\":[],\"openingHoursSpecification\":[]},{\"@type\":\"PostalAddress\",\"@id\":\"https:\/\/nutrition4ushop.com\/product\/experiment\/#local-main-place-address\",\"streetAddress\":\"R. 1\u00ba de Maio n\u00b035 Loja 221\",\"addressLocality\":\"Amora\",\"postalCode\":\"2845-162\",\"addressRegion\":\"Set\u00fabal\",\"addressCountry\":\"PT\"},{\"@type\":\"ImageObject\",\"inLanguage\":\"pt-PT\",\"@id\":\"https:\/\/nutrition4ushop.com\/product\/experiment\/#local-main-organization-logo\",\"url\":\"https:\/\/nutrition4ushop.com\/wp-content\/uploads\/2024\/02\/WhatsApp-Image-2024-02-02-at-5.49.55-PM-1.jpeg\",\"contentUrl\":\"https:\/\/nutrition4ushop.com\/wp-content\/uploads\/2024\/02\/WhatsApp-Image-2024-02-02-at-5.49.55-PM-1.jpeg\",\"width\":1416,\"height\":1476,\"caption\":\"Nutrition4u\"}]}<\/script>\n<meta property=\"og:availability\" content=\"instock\" \/>\n<meta property=\"product:availability\" content=\"instock\" \/>\n<meta property=\"product:condition\" content=\"new\" \/>\n<meta name=\"geo.placename\" content=\"Amora\" \/>\n<meta name=\"geo.region\" content=\"Portugal\" \/>\n<!-- \/ Yoast SEO Premium plugin. -->","yoast_head_json":{"title":"EXPERIMENTA\u00c7\u00c3O","robots":{"index":"index","follow":"follow","max-snippet":"max-snippet:-1","max-image-preview":"max-image-preview:large","max-video-preview":"max-video-preview:-1"},"canonical":"https:\/\/nutrition4ushop.com\/pt\/produto\/experiment\/","og_locale":"pt_PT","og_type":"article","og_title":"EXPERIMENT","og_description":"Experiment Pre-Workout  Experiment Pre-Workout is the result of real training experiments, not just lab work! Feel like a superhero with this powerful blend of pure, ultra-pharmaceutical grade ingredients designed to boost your energy and push your training to unprecedented levels. Get ready to experience a workout like never before!","og_url":"https:\/\/nutrition4ushop.com\/pt\/produto\/experiment\/","og_site_name":"Nutrition4u","article_publisher":"https:\/\/www.facebook.com\/p\/Nutrition4u-100063511002565","article_modified_time":"2025-06-26T15:51:45+00:00","og_image":[{"width":1080,"height":1080,"url":"https:\/\/nutrition4ushop.com\/wp-content\/uploads\/2024\/02\/Preworkout-and-pump3.png","type":"image\/png"}],"twitter_card":"summary_large_image","twitter_misc":{"Disponibilidade":"Em stock"},"schema":{"@context":"https:\/\/schema.org","@graph":[{"@type":"WebPage","@id":"https:\/\/nutrition4ushop.com\/product\/experiment\/","url":"https:\/\/nutrition4ushop.com\/product\/experiment\/","name":"EXPERIMENTA\u00c7\u00c3O","isPartOf":{"@id":"https:\/\/nutrition4ushop.com\/#website"},"primaryImageOfPage":{"@id":"https:\/\/nutrition4ushop.com\/product\/experiment\/#primaryimage"},"image":{"@id":"https:\/\/nutrition4ushop.com\/product\/experiment\/#primaryimage"},"thumbnailUrl":"https:\/\/nutrition4ushop.com\/wp-content\/uploads\/2024\/02\/Preworkout-and-pump3.png","datePublished":"2024-02-03T12:27:57+00:00","dateModified":"2025-06-26T15:51:45+00:00","breadcrumb":{"@id":"https:\/\/nutrition4ushop.com\/product\/experiment\/#breadcrumb"},"inLanguage":"pt-PT","potentialAction":[{"@type":"ReadAction","target":["https:\/\/nutrition4ushop.com\/product\/experiment\/"]}]},{"@type":"ImageObject","inLanguage":"pt-PT","@id":"https:\/\/nutrition4ushop.com\/product\/experiment\/#primaryimage","url":"https:\/\/nutrition4ushop.com\/wp-content\/uploads\/2024\/02\/Preworkout-and-pump3.png","contentUrl":"https:\/\/nutrition4ushop.com\/wp-content\/uploads\/2024\/02\/Preworkout-and-pump3.png","width":1080,"height":1080},{"@type":"BreadcrumbList","@id":"https:\/\/nutrition4ushop.com\/product\/experiment\/#breadcrumb","itemListElement":[{"@type":"ListItem","position":1,"name":"Home","item":"https:\/\/nutrition4ushop.com\/"},{"@type":"ListItem","position":2,"name":"Shop","item":"https:\/\/nutrition4ushop.com\/shop\/"},{"@type":"ListItem","position":3,"name":"EXPERIMENT"}]},{"@type":"WebSite","@id":"https:\/\/nutrition4ushop.com\/#website","url":"https:\/\/nutrition4ushop.com\/","name":"Nutri\u00e7\u00e3o4u","description":"","publisher":{"@id":"https:\/\/nutrition4ushop.com\/#organization"},"potentialAction":[{"@type":"SearchAction","target":{"@type":"EntryPoint","urlTemplate":"https:\/\/nutrition4ushop.com\/?s={search_term_string}"},"query-input":{"@type":"PropertyValueSpecification","valueRequired":true,"valueName":"search_term_string"}}],"inLanguage":"pt-PT"},{"@type":["Organization","Place","SportingGoodsStore"],"@id":"https:\/\/nutrition4ushop.com\/#organization","name":"Nutri\u00e7\u00e3o4u","alternateName":"Nutrition4u","url":"https:\/\/nutrition4ushop.com\/","logo":{"@id":"https:\/\/nutrition4ushop.com\/product\/experiment\/#local-main-organization-logo"},"image":{"@id":"https:\/\/nutrition4ushop.com\/product\/experiment\/#local-main-organization-logo"},"sameAs":["https:\/\/www.facebook.com\/p\/Nutrition4u-100063511002565","https:\/\/www.instagram.com\/nutrition4u_by_rubengarradas\/"],"description":"Suplementos de qualidade. Suplementos e vitaminas Procell , Marvelous e muito mais. NUTRITION4U suplementos para todo o tipo de pessoas e atletas.","publishingPrinciples":"https:\/\/nutrition4ushop.com\/about-us\/","ownershipFundingInfo":"https:\/\/nutrition4ushop.com\/train-with-ruben-garradas\/","actionableFeedbackPolicy":"https:\/\/nutrition4ushop.com\/cookies-policy\/","ethicsPolicy":"https:\/\/nutrition4ushop.com\/terms-and-conditions\/","address":{"@id":"https:\/\/nutrition4ushop.com\/product\/experiment\/#local-main-place-address"},"telephone":[],"openingHoursSpecification":[]},{"@type":"PostalAddress","@id":"https:\/\/nutrition4ushop.com\/product\/experiment\/#local-main-place-address","streetAddress":"R. 1\u00ba de Maio n\u00b035 Loja 221","addressLocality":"Amora","postalCode":"2845-162","addressRegion":"Set\u00fabal","addressCountry":"PT"},{"@type":"ImageObject","inLanguage":"pt-PT","@id":"https:\/\/nutrition4ushop.com\/product\/experiment\/#local-main-organization-logo","url":"https:\/\/nutrition4ushop.com\/wp-content\/uploads\/2024\/02\/WhatsApp-Image-2024-02-02-at-5.49.55-PM-1.jpeg","contentUrl":"https:\/\/nutrition4ushop.com\/wp-content\/uploads\/2024\/02\/WhatsApp-Image-2024-02-02-at-5.49.55-PM-1.jpeg","width":1416,"height":1476,"caption":"Nutrition4u"}]},"og_availability":"instock","product_availability":"instock","product_condition":"new","geo.placename":"Amora","geo.region":"Portugal"},"publishpress_future_action":{"enabled":false,"date":"2026-05-08 10:58:31","action":"change-status","newStatus":"draft","terms":[],"taxonomy":"product_brand","extraData":[]},"publishpress_future_workflow_manual_trigger":{"enabledWorkflows":[]},"tiered_pricing_type":"fixed","tiered_pricing_fixed_rules":[],"tiered_pricing_product_settings":{"layout":"default","base_unit_name":{"singular":null,"plural":null},"default_variation":null},"tiered_pricing_minimum_quantity":null,"tiered_pricing_roles_data":[],"tiered_pricing_percentage_rules":[],"tiered_pricing_maximum_quantity":null,"tiered_pricing_quantity_step":null,"_links":{"self":[{"href":"https:\/\/nutrition4ushop.com\/pt\/wp-json\/wp\/v2\/product\/7998","targetHints":{"allow":["GET"]}}],"collection":[{"href":"https:\/\/nutrition4ushop.com\/pt\/wp-json\/wp\/v2\/product"}],"about":[{"href":"https:\/\/nutrition4ushop.com\/pt\/wp-json\/wp\/v2\/types\/product"}],"replies":[{"embeddable":true,"href":"https:\/\/nutrition4ushop.com\/pt\/wp-json\/wp\/v2\/comments?post=7998"}],"version-history":[{"count":3,"href":"https:\/\/nutrition4ushop.com\/pt\/wp-json\/wp\/v2\/product\/7998\/revisions"}],"predecessor-version":[{"id":9876,"href":"https:\/\/nutrition4ushop.com\/pt\/wp-json\/wp\/v2\/product\/7998\/revisions\/9876"}],"wp:featuredmedia":[{"embeddable":true,"href":"https:\/\/nutrition4ushop.com\/pt\/wp-json\/wp\/v2\/media\/10009"}],"wp:attachment":[{"href":"https:\/\/nutrition4ushop.com\/pt\/wp-json\/wp\/v2\/media?parent=7998"}],"wp:term":[{"taxonomy":"product_brand","embeddable":true,"href":"https:\/\/nutrition4ushop.com\/pt\/wp-json\/wp\/v2\/product_brand?post=7998"},{"taxonomy":"product_cat","embeddable":true,"href":"https:\/\/nutrition4ushop.com\/pt\/wp-json\/wp\/v2\/product_cat?post=7998"},{"taxonomy":"product_tag","embeddable":true,"href":"https:\/\/nutrition4ushop.com\/pt\/wp-json\/wp\/v2\/product_tag?post=7998"}],"curies":[{"name":"wp","href":"https:\/\/api.w.org\/{rel}","templated":true}]}}