{"id":9881,"date":"2025-01-09T09:33:24","date_gmt":"2025-01-09T09:33:24","guid":{"rendered":"https:\/\/nutrition4ushop.com\/?post_type=product&#038;p=9881"},"modified":"2025-06-26T15:53:12","modified_gmt":"2025-06-26T15:53:12","slug":"power-m-f","status":"publish","type":"product","link":"https:\/\/nutrition4ushop.com\/pt\/product\/power-m-f\/","title":{"rendered":"POWER M.F"},"content":{"rendered":"<p><strong>POWER M.F<\/strong><\/p>\n<p>O Power MF fornece 350mg de cafe\u00edna proveniente de fontes naturais e 4000mg de beta-alanina para te dar o impulso extra necess\u00e1rio para alcan\u00e7ares os teus objetivos, dentro e fora do gin\u00e1sio.<\/p>\n<p>Este pr\u00e9-treino termog\u00e9nico cont\u00e9m 11g de ingredientes ativos obtidos a partir de mat\u00e9rias-primas premium, concebido para elevar os teus treinos. O Power MF combina ingredientes vasodilatadores e termog\u00e9nicos que estimulam a queima de gordura, aumentam a pot\u00eancia, atrasam a fadiga, elevam a temperatura corporal e promovem a transpira\u00e7\u00e3o, levando o teu desempenho ao pr\u00f3ximo n\u00edvel.<\/p>\n<p><strong>Ingredientes:<\/strong><br \/>\nBeta-Alanina, Monohidrato de Creatina, \u00c1cido C\u00edtrico Anidro (Regulador de Acidez), Aroma, L-Tirosina, Beta\u00edna Anidra, L-Taurina, Cafe\u00edna Anidra, Extrato de Ch\u00e1 Verde (Camellia Sinensis) (folha) extrato \u00be:1, Extrato de Bacopa Monnieri (planta inteira) extrato 10%, Rhodiola Rosea (Sedum Roseum) (raiz) extrato 20:1, Bitartarato de Colina, Extrato de Laranja Amarga (Citrus Aurantium L, fruto) 15:1, Casca de Salgueiro (Salix Alba) (casca) extrato 8:1, Edulcorantes (Acessulfame-K, Sucralose), Fosfato Tric\u00e1lcico, Gr\u00e3o de Caf\u00e9 Verde (Coffea Robusta) (semente) extrato 12:1, Forslean (Coleus Forskohlii) (raiz) extrato 35:1, Corante (Vermelho de Beterraba), L-Teanina, Pimenta Caiena (Capsicum Annuum) (fruto) extrato 8:1, Bioflavonoides C\u00edtricos (Citrus Aurantium) (fruto) extrato 6:1.<\/p>\n<p><strong>Como Usar:<\/strong><br \/>\nMistura 1 dose (11g) com 250ml de \u00e1gua, 15 a 30 minutos antes do treino.<\/p>\n<p><strong>Armazenamento:<\/strong><br \/>\nArmazena num local fresco e seco ap\u00f3s a abertura.<\/p>\n<p><strong>Peso L\u00edquido:<\/strong><br \/>\n300g \u2013 27 doses<\/p>\n<p><img decoding=\"async\" src=\"https:\/\/www.marvelousnutrition.com\/wp-content\/uploads\/2024\/05\/power-mf-falvored.png\" \/><\/p>","protected":false},"excerpt":{"rendered":"<p><strong>Pot\u00eancia MF<\/strong><\/p>\n<p>O Power MF fornece 350mg intensos de cafe\u00edna proveniente de fontes naturais e 4000mg de beta-alanina, oferecendo o impulso ideal para te ajudar a alcan\u00e7ar os teus objetivos de fitness dentro e fora do gin\u00e1sio.<\/p>\n<p>Este pr\u00e9-treino termog\u00e9nico de refer\u00eancia cont\u00e9m 11g de ingredientes ativos provenientes de mat\u00e9rias-primas premium, elevando os teus treinos ao pr\u00f3ximo n\u00edvel. Com uma combina\u00e7\u00e3o de ingredientes vasodilatadores e termog\u00e9nicos, o Power MF foi especificamente desenvolvido para estimular a queima de gordura, aumentar a pot\u00eancia, atrasar a fadiga, elevar a temperatura corporal e promover a transpira\u00e7\u00e3o.<\/p>","protected":false},"featured_media":10008,"comment_status":"open","ping_status":"closed","template":"","meta":{"site-sidebar-layout":"default","site-content-layout":"","ast-site-content-layout":"default","site-content-style":"default","site-sidebar-style":"default","ast-global-header-display":"","ast-banner-title-visibility":"","ast-main-header-display":"","ast-hfb-above-header-display":"","ast-hfb-below-header-display":"","ast-hfb-mobile-header-display":"","site-post-title":"","ast-breadcrumbs-content":"","ast-featured-img":"","footer-sml-layout":"","theme-transparent-header-meta":"default","adv-header-id-meta":"","stick-header-meta":"","header-above-stick-meta":"","header-main-stick-meta":"","header-below-stick-meta":"","astra-migrate-meta-layouts":"set","ast-page-background-enabled":"default","ast-page-background-meta":{"desktop":{"background-color":"var(--ast-global-color-4)","background-image":"","background-repeat":"repeat","background-position":"center center","background-size":"auto","background-attachment":"scroll","background-type":"","background-media":"","overlay-type":"","overlay-color":"","overlay-opacity":"","overlay-gradient":""},"tablet":{"background-color":"","background-image":"","background-repeat":"repeat","background-position":"center center","background-size":"auto","background-attachment":"scroll","background-type":"","background-media":"","overlay-type":"","overlay-color":"","overlay-opacity":"","overlay-gradient":""},"mobile":{"background-color":"","background-image":"","background-repeat":"repeat","background-position":"center center","background-size":"auto","background-attachment":"scroll","background-type":"","background-media":"","overlay-type":"","overlay-color":"","overlay-opacity":"","overlay-gradient":""}},"ast-content-background-meta":{"desktop":{"background-color":"var(--ast-global-color-5)","background-image":"","background-repeat":"repeat","background-position":"center center","background-size":"auto","background-attachment":"scroll","background-type":"","background-media":"","overlay-type":"","overlay-color":"","overlay-opacity":"","overlay-gradient":""},"tablet":{"background-color":"var(--ast-global-color-5)","background-image":"","background-repeat":"repeat","background-position":"center center","background-size":"auto","background-attachment":"scroll","background-type":"","background-media":"","overlay-type":"","overlay-color":"","overlay-opacity":"","overlay-gradient":""},"mobile":{"background-color":"var(--ast-global-color-5)","background-image":"","background-repeat":"repeat","background-position":"center center","background-size":"auto","background-attachment":"scroll","background-type":"","background-media":"","overlay-type":"","overlay-color":"","overlay-opacity":"","overlay-gradient":""}}},"product_brand":[207],"product_cat":[281],"product_tag":[],"class_list":{"0":"post-9881","1":"product","2":"type-product","3":"status-publish","4":"has-post-thumbnail","6":"product_brand-marvelous-originals","7":"product_cat-pre-workout-and-pump","8":"desktop-align-center","9":"tablet-align-left","10":"mobile-align-left","12":"first","13":"instock","14":"shipping-taxable","15":"purchasable","16":"product-type-simple"},"yoast_head":"<!-- This site is optimized with the Yoast SEO Premium plugin v27.0 (Yoast SEO v27.0) - https:\/\/yoast.com\/product\/yoast-seo-premium-wordpress\/ -->\n<title>POWER M.F<\/title>\n<meta name=\"robots\" content=\"index, follow, max-snippet:-1, max-image-preview:large, max-video-preview:-1\" \/>\n<link rel=\"canonical\" href=\"https:\/\/nutrition4ushop.com\/pt\/produto\/power-m-f\/\" \/>\n<meta property=\"og:locale\" content=\"pt_PT\" \/>\n<meta property=\"og:type\" content=\"article\" \/>\n<meta property=\"og:title\" content=\"POWER M.F\" \/>\n<meta property=\"og:description\" content=\"Power MF  Power MF delivers an intense 350mg of caffeine from natural sources and 4000mg of beta-alanine, providing the ultimate boost to help you achieve your fitness goals both in and out of the gym.  This industry-leading thermogenic pre-workout features 11g of active ingredients made from premium raw materials, taking your workouts to the next level. With a blend of pump and thermogenic ingredients, Power MF is specifically designed to ignite fat loss, increase power, delay fatigue, elevate body temperature, and promote sweat.\" \/>\n<meta property=\"og:url\" content=\"https:\/\/nutrition4ushop.com\/pt\/produto\/power-m-f\/\" \/>\n<meta property=\"og:site_name\" content=\"Nutrition4u\" \/>\n<meta property=\"article:publisher\" content=\"https:\/\/www.facebook.com\/p\/Nutrition4u-100063511002565\" \/>\n<meta property=\"article:modified_time\" content=\"2025-06-26T15:53:12+00:00\" \/>\n<meta property=\"og:image\" content=\"https:\/\/nutrition4ushop.com\/wp-content\/uploads\/2024\/02\/Preworkout-and-pump2.png\" \/>\n\t<meta property=\"og:image:width\" content=\"1080\" \/>\n\t<meta property=\"og:image:height\" content=\"1080\" \/>\n\t<meta property=\"og:image:type\" content=\"image\/png\" \/>\n<meta name=\"twitter:card\" content=\"summary_large_image\" \/>\n<meta name=\"twitter:label1\" content=\"pre\u00e7o\" \/>\n\t<meta name=\"twitter:data1\" content=\"30,00&nbsp;&euro;\" \/>\n\t<meta name=\"twitter:label2\" content=\"Disponibilidade\" \/>\n\t<meta name=\"twitter:data2\" content=\"Em stock\" \/>\n<script type=\"application\/ld+json\" class=\"yoast-schema-graph\">{\"@context\":\"https:\/\/schema.org\",\"@graph\":[{\"@type\":\"WebPage\",\"@id\":\"https:\/\/nutrition4ushop.com\/product\/power-m-f\/\",\"url\":\"https:\/\/nutrition4ushop.com\/product\/power-m-f\/\",\"name\":\"POWER M.F\",\"isPartOf\":{\"@id\":\"https:\/\/nutrition4ushop.com\/#website\"},\"primaryImageOfPage\":{\"@id\":\"https:\/\/nutrition4ushop.com\/product\/power-m-f\/#primaryimage\"},\"image\":{\"@id\":\"https:\/\/nutrition4ushop.com\/product\/power-m-f\/#primaryimage\"},\"thumbnailUrl\":\"https:\/\/nutrition4ushop.com\/wp-content\/uploads\/2024\/02\/Preworkout-and-pump2.png\",\"datePublished\":\"2025-01-09T09:33:24+00:00\",\"dateModified\":\"2025-06-26T15:53:12+00:00\",\"breadcrumb\":{\"@id\":\"https:\/\/nutrition4ushop.com\/product\/power-m-f\/#breadcrumb\"},\"inLanguage\":\"pt-PT\",\"potentialAction\":[{\"@type\":\"ReadAction\",\"target\":[\"https:\/\/nutrition4ushop.com\/product\/power-m-f\/\"]}]},{\"@type\":\"ImageObject\",\"inLanguage\":\"pt-PT\",\"@id\":\"https:\/\/nutrition4ushop.com\/product\/power-m-f\/#primaryimage\",\"url\":\"https:\/\/nutrition4ushop.com\/wp-content\/uploads\/2024\/02\/Preworkout-and-pump2.png\",\"contentUrl\":\"https:\/\/nutrition4ushop.com\/wp-content\/uploads\/2024\/02\/Preworkout-and-pump2.png\",\"width\":1080,\"height\":1080},{\"@type\":\"BreadcrumbList\",\"@id\":\"https:\/\/nutrition4ushop.com\/product\/power-m-f\/#breadcrumb\",\"itemListElement\":[{\"@type\":\"ListItem\",\"position\":1,\"name\":\"Home\",\"item\":\"https:\/\/nutrition4ushop.com\/\"},{\"@type\":\"ListItem\",\"position\":2,\"name\":\"Shop\",\"item\":\"https:\/\/nutrition4ushop.com\/shop\/\"},{\"@type\":\"ListItem\",\"position\":3,\"name\":\"POWER M.F\"}]},{\"@type\":\"WebSite\",\"@id\":\"https:\/\/nutrition4ushop.com\/#website\",\"url\":\"https:\/\/nutrition4ushop.com\/\",\"name\":\"Nutrition4u\",\"description\":\"\",\"publisher\":{\"@id\":\"https:\/\/nutrition4ushop.com\/#organization\"},\"potentialAction\":[{\"@type\":\"SearchAction\",\"target\":{\"@type\":\"EntryPoint\",\"urlTemplate\":\"https:\/\/nutrition4ushop.com\/?s={search_term_string}\"},\"query-input\":{\"@type\":\"PropertyValueSpecification\",\"valueRequired\":true,\"valueName\":\"search_term_string\"}}],\"inLanguage\":\"pt-PT\"},{\"@type\":[\"Organization\",\"Place\",\"SportingGoodsStore\"],\"@id\":\"https:\/\/nutrition4ushop.com\/#organization\",\"name\":\"Nutrition4u\",\"alternateName\":\"Nutrition4u\",\"url\":\"https:\/\/nutrition4ushop.com\/\",\"logo\":{\"@id\":\"https:\/\/nutrition4ushop.com\/product\/power-m-f\/#local-main-organization-logo\"},\"image\":{\"@id\":\"https:\/\/nutrition4ushop.com\/product\/power-m-f\/#local-main-organization-logo\"},\"sameAs\":[\"https:\/\/www.facebook.com\/p\/Nutrition4u-100063511002565\",\"https:\/\/www.instagram.com\/nutrition4u_by_rubengarradas\/\"],\"description\":\"Suplementos de qualidade. Suplementos e vitaminas Procell , Marvelous e muito mais. NUTRITION4U suplementos para todo o tipo de pessoas e atletas.\",\"publishingPrinciples\":\"https:\/\/nutrition4ushop.com\/about-us\/\",\"ownershipFundingInfo\":\"https:\/\/nutrition4ushop.com\/train-with-ruben-garradas\/\",\"actionableFeedbackPolicy\":\"https:\/\/nutrition4ushop.com\/cookies-policy\/\",\"ethicsPolicy\":\"https:\/\/nutrition4ushop.com\/terms-and-conditions\/\",\"address\":{\"@id\":\"https:\/\/nutrition4ushop.com\/product\/power-m-f\/#local-main-place-address\"},\"telephone\":[],\"openingHoursSpecification\":[]},{\"@type\":\"PostalAddress\",\"@id\":\"https:\/\/nutrition4ushop.com\/product\/power-m-f\/#local-main-place-address\",\"streetAddress\":\"R. 1\u00ba de Maio n\u00b035 Loja 221\",\"addressLocality\":\"Amora\",\"postalCode\":\"2845-162\",\"addressRegion\":\"Set\u00fabal\",\"addressCountry\":\"PT\"},{\"@type\":\"ImageObject\",\"inLanguage\":\"pt-PT\",\"@id\":\"https:\/\/nutrition4ushop.com\/product\/power-m-f\/#local-main-organization-logo\",\"url\":\"https:\/\/nutrition4ushop.com\/wp-content\/uploads\/2024\/02\/WhatsApp-Image-2024-02-02-at-5.49.55-PM-1.jpeg\",\"contentUrl\":\"https:\/\/nutrition4ushop.com\/wp-content\/uploads\/2024\/02\/WhatsApp-Image-2024-02-02-at-5.49.55-PM-1.jpeg\",\"width\":1416,\"height\":1476,\"caption\":\"Nutrition4u\"}]}<\/script>\n<meta property=\"product:price:amount\" content=\"30.00\" \/>\n<meta property=\"product:price:currency\" content=\"EUR\" \/>\n<meta property=\"og:availability\" content=\"instock\" \/>\n<meta property=\"product:availability\" content=\"instock\" \/>\n<meta property=\"product:condition\" content=\"new\" \/>\n<meta name=\"geo.placename\" content=\"Amora\" \/>\n<meta name=\"geo.region\" content=\"Portugal\" \/>\n<!-- \/ Yoast SEO Premium plugin. -->","yoast_head_json":{"title":"POWER M.F","robots":{"index":"index","follow":"follow","max-snippet":"max-snippet:-1","max-image-preview":"max-image-preview:large","max-video-preview":"max-video-preview:-1"},"canonical":"https:\/\/nutrition4ushop.com\/pt\/produto\/power-m-f\/","og_locale":"pt_PT","og_type":"article","og_title":"POWER M.F","og_description":"Power MF  Power MF delivers an intense 350mg of caffeine from natural sources and 4000mg of beta-alanine, providing the ultimate boost to help you achieve your fitness goals both in and out of the gym.  This industry-leading thermogenic pre-workout features 11g of active ingredients made from premium raw materials, taking your workouts to the next level. With a blend of pump and thermogenic ingredients, Power MF is specifically designed to ignite fat loss, increase power, delay fatigue, elevate body temperature, and promote sweat.","og_url":"https:\/\/nutrition4ushop.com\/pt\/produto\/power-m-f\/","og_site_name":"Nutrition4u","article_publisher":"https:\/\/www.facebook.com\/p\/Nutrition4u-100063511002565","article_modified_time":"2025-06-26T15:53:12+00:00","og_image":[{"width":1080,"height":1080,"url":"https:\/\/nutrition4ushop.com\/wp-content\/uploads\/2024\/02\/Preworkout-and-pump2.png","type":"image\/png"}],"twitter_card":"summary_large_image","twitter_misc":{"pre\u00e7o":"30,00&nbsp;&euro;","Disponibilidade":"Em stock"},"schema":{"@context":"https:\/\/schema.org","@graph":[{"@type":"WebPage","@id":"https:\/\/nutrition4ushop.com\/product\/power-m-f\/","url":"https:\/\/nutrition4ushop.com\/product\/power-m-f\/","name":"POWER M.F","isPartOf":{"@id":"https:\/\/nutrition4ushop.com\/#website"},"primaryImageOfPage":{"@id":"https:\/\/nutrition4ushop.com\/product\/power-m-f\/#primaryimage"},"image":{"@id":"https:\/\/nutrition4ushop.com\/product\/power-m-f\/#primaryimage"},"thumbnailUrl":"https:\/\/nutrition4ushop.com\/wp-content\/uploads\/2024\/02\/Preworkout-and-pump2.png","datePublished":"2025-01-09T09:33:24+00:00","dateModified":"2025-06-26T15:53:12+00:00","breadcrumb":{"@id":"https:\/\/nutrition4ushop.com\/product\/power-m-f\/#breadcrumb"},"inLanguage":"pt-PT","potentialAction":[{"@type":"ReadAction","target":["https:\/\/nutrition4ushop.com\/product\/power-m-f\/"]}]},{"@type":"ImageObject","inLanguage":"pt-PT","@id":"https:\/\/nutrition4ushop.com\/product\/power-m-f\/#primaryimage","url":"https:\/\/nutrition4ushop.com\/wp-content\/uploads\/2024\/02\/Preworkout-and-pump2.png","contentUrl":"https:\/\/nutrition4ushop.com\/wp-content\/uploads\/2024\/02\/Preworkout-and-pump2.png","width":1080,"height":1080},{"@type":"BreadcrumbList","@id":"https:\/\/nutrition4ushop.com\/product\/power-m-f\/#breadcrumb","itemListElement":[{"@type":"ListItem","position":1,"name":"Home","item":"https:\/\/nutrition4ushop.com\/"},{"@type":"ListItem","position":2,"name":"Shop","item":"https:\/\/nutrition4ushop.com\/shop\/"},{"@type":"ListItem","position":3,"name":"POWER M.F"}]},{"@type":"WebSite","@id":"https:\/\/nutrition4ushop.com\/#website","url":"https:\/\/nutrition4ushop.com\/","name":"Nutri\u00e7\u00e3o4u","description":"","publisher":{"@id":"https:\/\/nutrition4ushop.com\/#organization"},"potentialAction":[{"@type":"SearchAction","target":{"@type":"EntryPoint","urlTemplate":"https:\/\/nutrition4ushop.com\/?s={search_term_string}"},"query-input":{"@type":"PropertyValueSpecification","valueRequired":true,"valueName":"search_term_string"}}],"inLanguage":"pt-PT"},{"@type":["Organization","Place","SportingGoodsStore"],"@id":"https:\/\/nutrition4ushop.com\/#organization","name":"Nutri\u00e7\u00e3o4u","alternateName":"Nutrition4u","url":"https:\/\/nutrition4ushop.com\/","logo":{"@id":"https:\/\/nutrition4ushop.com\/product\/power-m-f\/#local-main-organization-logo"},"image":{"@id":"https:\/\/nutrition4ushop.com\/product\/power-m-f\/#local-main-organization-logo"},"sameAs":["https:\/\/www.facebook.com\/p\/Nutrition4u-100063511002565","https:\/\/www.instagram.com\/nutrition4u_by_rubengarradas\/"],"description":"Suplementos de qualidade. Suplementos e vitaminas Procell , Marvelous e muito mais. NUTRITION4U suplementos para todo o tipo de pessoas e atletas.","publishingPrinciples":"https:\/\/nutrition4ushop.com\/about-us\/","ownershipFundingInfo":"https:\/\/nutrition4ushop.com\/train-with-ruben-garradas\/","actionableFeedbackPolicy":"https:\/\/nutrition4ushop.com\/cookies-policy\/","ethicsPolicy":"https:\/\/nutrition4ushop.com\/terms-and-conditions\/","address":{"@id":"https:\/\/nutrition4ushop.com\/product\/power-m-f\/#local-main-place-address"},"telephone":[],"openingHoursSpecification":[]},{"@type":"PostalAddress","@id":"https:\/\/nutrition4ushop.com\/product\/power-m-f\/#local-main-place-address","streetAddress":"R. 1\u00ba de Maio n\u00b035 Loja 221","addressLocality":"Amora","postalCode":"2845-162","addressRegion":"Set\u00fabal","addressCountry":"PT"},{"@type":"ImageObject","inLanguage":"pt-PT","@id":"https:\/\/nutrition4ushop.com\/product\/power-m-f\/#local-main-organization-logo","url":"https:\/\/nutrition4ushop.com\/wp-content\/uploads\/2024\/02\/WhatsApp-Image-2024-02-02-at-5.49.55-PM-1.jpeg","contentUrl":"https:\/\/nutrition4ushop.com\/wp-content\/uploads\/2024\/02\/WhatsApp-Image-2024-02-02-at-5.49.55-PM-1.jpeg","width":1416,"height":1476,"caption":"Nutrition4u"}]},"product_price_amount":"30.00","product_price_currency":"EUR","og_availability":"instock","product_availability":"instock","product_condition":"new","geo.placename":"Amora","geo.region":"Portugal"},"publishpress_future_action":{"enabled":false,"date":"2026-05-06 23:36:39","action":"change-status","newStatus":"draft","terms":[],"taxonomy":"product_brand","extraData":[]},"publishpress_future_workflow_manual_trigger":{"enabledWorkflows":[]},"tiered_pricing_type":"fixed","tiered_pricing_fixed_rules":[],"tiered_pricing_product_settings":{"layout":"default","base_unit_name":{"singular":null,"plural":null},"default_variation":null},"tiered_pricing_minimum_quantity":null,"tiered_pricing_roles_data":[],"tiered_pricing_percentage_rules":[],"tiered_pricing_maximum_quantity":null,"tiered_pricing_quantity_step":null,"_links":{"self":[{"href":"https:\/\/nutrition4ushop.com\/pt\/wp-json\/wp\/v2\/product\/9881","targetHints":{"allow":["GET"]}}],"collection":[{"href":"https:\/\/nutrition4ushop.com\/pt\/wp-json\/wp\/v2\/product"}],"about":[{"href":"https:\/\/nutrition4ushop.com\/pt\/wp-json\/wp\/v2\/types\/product"}],"replies":[{"embeddable":true,"href":"https:\/\/nutrition4ushop.com\/pt\/wp-json\/wp\/v2\/comments?post=9881"}],"version-history":[{"count":3,"href":"https:\/\/nutrition4ushop.com\/pt\/wp-json\/wp\/v2\/product\/9881\/revisions"}],"predecessor-version":[{"id":10011,"href":"https:\/\/nutrition4ushop.com\/pt\/wp-json\/wp\/v2\/product\/9881\/revisions\/10011"}],"wp:featuredmedia":[{"embeddable":true,"href":"https:\/\/nutrition4ushop.com\/pt\/wp-json\/wp\/v2\/media\/10008"}],"wp:attachment":[{"href":"https:\/\/nutrition4ushop.com\/pt\/wp-json\/wp\/v2\/media?parent=9881"}],"wp:term":[{"taxonomy":"product_brand","embeddable":true,"href":"https:\/\/nutrition4ushop.com\/pt\/wp-json\/wp\/v2\/product_brand?post=9881"},{"taxonomy":"product_cat","embeddable":true,"href":"https:\/\/nutrition4ushop.com\/pt\/wp-json\/wp\/v2\/product_cat?post=9881"},{"taxonomy":"product_tag","embeddable":true,"href":"https:\/\/nutrition4ushop.com\/pt\/wp-json\/wp\/v2\/product_tag?post=9881"}],"curies":[{"name":"wp","href":"https:\/\/api.w.org\/{rel}","templated":true}]}}